{"id":50154,"date":"2025-05-06T19:00:01","date_gmt":"2025-05-06T11:00:01","guid":{"rendered":"https:\/\/kengmingcn.com\/?post_type=product&#038;p=50154"},"modified":"2026-01-13T11:27:34","modified_gmt":"2026-01-13T03:27:34","slug":"maquina-automatica-de-doble-olla-smoothie-maquina-de-hielo-maquina-de-helados-fritos-para-la-maquina-de-granizados-con-aceros-inoxidables-2000w-7l2","status":"publish","type":"product","link":"https:\/\/kengmingcn.com\/es\/product\/maquina-automatica-de-doble-olla-smoothie-maquina-de-hielo-maquina-de-helados-fritos-para-la-maquina-de-granizados-con-aceros-inoxidables-2000w-7l2\/","title":{"rendered":"Autom\u00e1tico de doble olla Smoothie M\u00e1quina de hielo M\u00e1quina de helados fritos para la m\u00e1quina de granizados con aceros inoxidables 2000W 7L * 2"},"content":{"rendered":"<div style=\"width: 640px;\" class=\"wp-video\"><!--[if lt IE 9]><script>document.createElement('video');<\/script><![endif]-->\n<video class=\"wp-video-shortcode\" id=\"video-50154-1\" width=\"640\" height=\"360\" preload=\"metadata\" controls=\"controls\"><source type=\"video\/mp4\" src=\"https:\/\/cdn-gzkm.b-cdn.net\/Model\/LJZ200A-2\/LJZ200A-2%20Double%20Pot%20Smoothie%20Machine.mp4?_=1\" \/><a href=\"https:\/\/cdn-gzkm.b-cdn.net\/Model\/LJZ200A-2\/LJZ200A-2%20Double%20Pot%20Smoothie%20Machine.mp4\">https:\/\/cdn-gzkm.b-cdn.net\/Model\/LJZ200A-2\/LJZ200A-2%20Double%20Pot%20Smoothie%20Machine.mp4<\/a><\/video><\/div>\n<figure class=\"wp-block-image\"><img decoding=\"async\" src=\"https:\/\/image.made-in-china.com\/226f3j00nFVMdeEIGybW\/-220V-50Hz-2000W-7L-2-Automatic-Double-Pot-Smoothie-Machine-Ice-Maker-Fried-Ice-Cream-Machine-for-Slushie-Machine-with-Stainless-Steels.webp\" alt=\"(220V\/50Hz-2000W-7L*2) M\u00e1quina Autom\u00e1tica de Doble Olla para Hacer Helados M\u00e1quina de Helados Fritos para Granizados con Aceros Inoxidables\" \/><\/figure>\n<p>1.Tecnolog\u00eda innovadora: Tecnolog\u00eda \u00fanica de hielo para fre\u00edr, el motor el\u00e9ctrico de alta eficiencia acciona el marco de la cuchilla para agitar las materias primas, de modo que cada parte de las materias primas se puede enfriar de manera uniforme, por lo que el proceso de congelaci\u00f3n es m\u00e1s uniforme y r\u00e1pido, y la textura y el sabor de las materias primas se pueden conservar mejor.<br \/>\n2.Diversos sabores: Se pueden hacer varios sabores de productos de hielo a partir de varios ingredientes l\u00edquidos seg\u00fan la demanda, incluyendo hielo de frutas, hielo de chocolate, hielo de t\u00e9 con leche, etc.<br \/>\n3. Operaci\u00f3n eficiente: La fritura de hielo automatizada aporta un ciclo de producci\u00f3n r\u00e1pido, reduce la operaci\u00f3n de mano de obra y mejora la eficiencia del trabajo y la capacidad de producci\u00f3n.<br \/>\n4. F\u00e1cil limpieza y mantenimiento: Dise\u00f1o simple, f\u00e1cil de limpiar y mantener para garantizar un funcionamiento estable a largo plazo.<br \/>\n5. Protecci\u00f3n del medio ambiente y ahorro de energ\u00eda: Adoptar el dise\u00f1o de ahorro de energ\u00eda, reducir el consumo de energ\u00eda, en l\u00ednea con los requisitos modernos de protecci\u00f3n del medio ambiente.<\/p>\n<figure class=\"wp-block-image\"><img decoding=\"async\" src=\"https:\/\/image.made-in-china.com\/226f3j00ZkieRrjthMbY\/-220V-50Hz-2000W-7L-2-Automatic-Double-Pot-Smoothie-Machine-Ice-Maker-Fried-Ice-Cream-Machine-for-Slushie-Machine-with-Stainless-Steels.webp\" alt=\"(220V\/50Hz-2000W-7L*2) M\u00e1quina Autom\u00e1tica de Doble Olla para Hacer Helados M\u00e1quina de Helados Fritos para Granizados con Aceros Inoxidables\" \/><\/figure>\n<figure class=\"wp-block-image\"><img decoding=\"async\" src=\"https:\/\/image.made-in-china.com\/226f3j00FylMwnTEQNbi\/-220V-50Hz-2000W-7L-2-Automatic-Double-Pot-Smoothie-Machine-Ice-Maker-Fried-Ice-Cream-Machine-for-Slushie-Machine-with-Stainless-Steels.webp\" alt=\"(220V\/50Hz-2000W-7L*2) M\u00e1quina Autom\u00e1tica de Doble Olla para Hacer Helados M\u00e1quina de Helados Fritos para Granizados con Aceros Inoxidables\" \/><\/figure>\n<figure class=\"wp-block-image\"><img decoding=\"async\" src=\"https:\/\/image.made-in-china.com\/226f3j00mNhMwQEKQOcW\/-220V-50Hz-2000W-7L-2-Automatic-Double-Pot-Smoothie-Machine-Ice-Maker-Fried-Ice-Cream-Machine-for-Slushie-Machine-with-Stainless-Steels.webp\" alt=\"(220V\/50Hz-2000W-7L*2) M\u00e1quina Autom\u00e1tica de Doble Olla para Hacer Helados M\u00e1quina de Helados Fritos para Granizados con Aceros Inoxidables\" \/><\/figure>\n<p>1. Tienda de t\u00e9 con leche:<br \/>\nFinalidad: Preparar r\u00e1pidamente varios sabores de smoothie frito de t\u00e9 con leche para aumentar la diversidad del men\u00fa.<br \/>\nEjemplo: Tienda de t\u00e9 con leche que utiliza una m\u00e1quina autom\u00e1tica de batidos fritos para preparar t\u00e9 con leche batido frito de mango, t\u00e9 con leche batido frito de fresa para atraer a los clientes.<br \/>\n2. Helader\u00eda:<br \/>\nFinalidad: Elaborar helados fritos y ofrecer a los clientes una experiencia heladera \u00fanica.<br \/>\nEjemplo: Las helader\u00edas utilizan la m\u00e1quina de batidos fritos para hacer helado frito de chocolate o helado frito de frutas variadas para aumentar la variedad de productos.<br \/>\n3. Cadena de restaurantes:<br \/>\nFinalidad: Normalizar el proceso de producci\u00f3n para garantizar que todas las tiendas ofrezcan batidos de calidad homog\u00e9nea.<br \/>\nEjemplo: Una cadena de restaurantes lanza una serie de batidos fritos en verano, como el batido frito de fresa y pl\u00e1tano, para garantizar la misma calidad en cada establecimiento.<br \/>\n4. Cafeter\u00eda:<br \/>\nFinalidad: Ofrecer a los clientes la posibilidad de preparar batidos fritos in situ para aumentar la interactividad en el restaurante.<br \/>\nEjemplo: la cafeter\u00eda instala una m\u00e1quina de batidos fritos, los clientes pueden elegir diferentes ingredientes y sabores para hacer batidos in situ.<br \/>\n5. Eventos y exposiciones:<br \/>\nFinalidad: Producir r\u00e1pidamente grandes cantidades de batidos para satisfacer la gran demanda durante los eventos.<br \/>\nEjemplo: Utilizar una m\u00e1quina de batidos fritos en festivales de m\u00fasica de verano o exposiciones para servir grandes cantidades de bebidas batidas, como batidos fritos mezclados con frutas.<\/p>\n<figure class=\"wp-block-image\"><img decoding=\"async\" src=\"https:\/\/image.made-in-china.com\/226f3j00UkiBgtvrseoE\/-220V-50Hz-2000W-7L-2-Automatic-Double-Pot-Smoothie-Machine-Ice-Maker-Fried-Ice-Cream-Machine-for-Slushie-Machine-with-Stainless-Steels.webp\" alt=\"(220V\/50Hz-2000W-7L*2) M\u00e1quina Autom\u00e1tica de Doble Olla para Hacer Helados M\u00e1quina de Helados Fritos para Granizados con Aceros Inoxidables\" \/><\/figure>\n<figure class=\"wp-block-image\"><img decoding=\"async\" src=\"https:\/\/image.made-in-china.com\/226f3j00JFlewzaWwykV\/-220V-50Hz-2000W-7L-2-Automatic-Double-Pot-Smoothie-Machine-Ice-Maker-Fried-Ice-Cream-Machine-for-Slushie-Machine-with-Stainless-Steels.webp\" alt=\"(220V\/50Hz-2000W-7L*2) M\u00e1quina Autom\u00e1tica de Doble Olla para Hacer Helados M\u00e1quina de Helados Fritos para Granizados con Aceros Inoxidables\" \/><\/figure>\n<figure class=\"wp-block-image\"><img decoding=\"async\" src=\"https:\/\/image.made-in-china.com\/226f3j00GblezgCJCBoE\/-220V-50Hz-2000W-7L-2-Automatic-Double-Pot-Smoothie-Machine-Ice-Maker-Fried-Ice-Cream-Machine-for-Slushie-Machine-with-Stainless-Steels.webp\" alt=\"(220V\/50Hz-2000W-7L*2) M\u00e1quina Autom\u00e1tica de Doble Olla para Hacer Helados M\u00e1quina de Helados Fritos para Granizados con Aceros Inoxidables\" \/><\/figure>\n<figure class=\"wp-block-image\"><img decoding=\"async\" src=\"https:\/\/image.made-in-china.com\/226f3j00mnlCJWTMPNch\/-220V-50Hz-2000W-7L-2-Automatic-Double-Pot-Smoothie-Machine-Ice-Maker-Fried-Ice-Cream-Machine-for-Slushie-Machine-with-Stainless-Steels.webp\" alt=\"(220V\/50Hz-2000W-7L*2) M\u00e1quina Autom\u00e1tica de Doble Olla para Hacer Helados M\u00e1quina de Helados Fritos para Granizados con Aceros Inoxidables\" \/><\/figure>","protected":false},"excerpt":{"rendered":"<ul>\n<li>Potencia: 2000W<\/li>\n<li>Accesorio: Soporte para el rascador*1\/ una tuerca para el estante*1<\/li>\n<li>Materias primas: Fruta\/Yogur\/Bebidas\/Helado<\/li>\n<li>Capacidad: 7L*2<\/li>\n<li>M\u00e9todo de fabricaci\u00f3n de hielo: Refrigeraci\u00f3n<\/li>\n<\/ul>","protected":false},"featured_media":50156,"comment_status":"open","ping_status":"closed","template":"","meta":{"_acf_changed":false},"product_brand":[],"product_cat":[251,275],"product_tag":[],"class_list":{"0":"post-50154","1":"product","2":"type-product","3":"status-publish","4":"has-post-thumbnail","6":"product_cat-fried-lce-cream-machine","7":"product_cat-refrigeration-equipment","8":"description-off","10":"first","11":"instock","12":"shipping-taxable","13":"product-type-simple"},"acf":[],"yoast_head":"<!-- This site is optimized with the Yoast SEO Premium plugin v25.3 (Yoast SEO v26.3) - https:\/\/yoast.com\/wordpress\/plugins\/seo\/ -->\n<title>Automatic Double Pot Smoothie Machine Ice Maker Fried Ice Cream Machine for Slushie Machine with Stainless Steels 2000W 7L*2 - KengMing | Manufacturer of Commercial Kitchen Equipment<\/title>\n<meta name=\"description\" content=\"Automatic Double Pot Smoothie Machine Ice Maker Fried Ice Cream Machine for Slushie Machine with Stainless Steels 2000W 7L*2\" \/>\n<meta name=\"robots\" content=\"index, follow, max-snippet:-1, max-image-preview:large, max-video-preview:-1\" \/>\n<link rel=\"canonical\" href=\"https:\/\/kengmingcn.com\/es\/product\/maquina-automatica-de-doble-olla-smoothie-maquina-de-hielo-maquina-de-helados-fritos-para-la-maquina-de-granizados-con-aceros-inoxidables-2000w-7l2\/\" \/>\n<meta property=\"og:locale\" content=\"es_MX\" \/>\n<meta property=\"og:type\" content=\"article\" \/>\n<meta property=\"og:title\" content=\"Automatic Double Pot Smoothie Machine Ice Maker Fried Ice Cream Machine for Slushie Machine with Stainless Steels 2000W 7L*2\" \/>\n<meta property=\"og:description\" content=\"Automatic Double Pot Smoothie Machine Ice Maker Fried Ice Cream Machine for Slushie Machine with Stainless Steels 2000W 7L*2\" \/>\n<meta property=\"og:url\" content=\"https:\/\/kengmingcn.com\/es\/product\/maquina-automatica-de-doble-olla-smoothie-maquina-de-hielo-maquina-de-helados-fritos-para-la-maquina-de-granizados-con-aceros-inoxidables-2000w-7l2\/\" \/>\n<meta property=\"og:site_name\" content=\"KengMing | Manufacturer of Commercial Kitchen Equipment\" \/>\n<meta property=\"article:modified_time\" content=\"2026-01-13T03:27:34+00:00\" \/>\n<meta property=\"og:image\" content=\"https:\/\/kengmingcn.com\/wp-content\/uploads\/2025\/05\/4-1.png\" \/>\n\t<meta property=\"og:image:width\" content=\"550\" \/>\n\t<meta property=\"og:image:height\" content=\"550\" \/>\n\t<meta property=\"og:image:type\" content=\"image\/png\" \/>\n<meta name=\"twitter:card\" content=\"summary_large_image\" \/>\n<meta name=\"twitter:label1\" content=\"Precio\" \/>\n\t<meta name=\"twitter:data1\" content=\"\" \/>\n\t<meta name=\"twitter:label2\" content=\"Disponibilidad\" \/>\n\t<meta name=\"twitter:data2\" content=\"Disponible\" \/>\n<script type=\"application\/ld+json\" class=\"yoast-schema-graph\">{\"@context\":\"https:\/\/schema.org\",\"@graph\":[{\"@type\":\"WebPage\",\"@id\":\"https:\/\/kengmingcn.com\/product\/automatic-double-pot-smoothie-machine-ice-maker-fried-ice-cream-machine-for-slushie-machine-with-stainless-steels-2000w-7l2\/\",\"url\":\"https:\/\/kengmingcn.com\/product\/automatic-double-pot-smoothie-machine-ice-maker-fried-ice-cream-machine-for-slushie-machine-with-stainless-steels-2000w-7l2\/\",\"name\":\"Automatic Double Pot Smoothie Machine Ice Maker Fried Ice Cream Machine for Slushie Machine with Stainless Steels 2000W 7L*2 - KengMing | Manufacturer of Commercial Kitchen Equipment\",\"isPartOf\":{\"@id\":\"https:\/\/kengmingcn.com\/#website\"},\"primaryImageOfPage\":{\"@id\":\"https:\/\/kengmingcn.com\/product\/automatic-double-pot-smoothie-machine-ice-maker-fried-ice-cream-machine-for-slushie-machine-with-stainless-steels-2000w-7l2\/#primaryimage\"},\"image\":{\"@id\":\"https:\/\/kengmingcn.com\/product\/automatic-double-pot-smoothie-machine-ice-maker-fried-ice-cream-machine-for-slushie-machine-with-stainless-steels-2000w-7l2\/#primaryimage\"},\"thumbnailUrl\":\"https:\/\/kengmingcn.com\/wp-content\/uploads\/2025\/05\/4-1.png\",\"datePublished\":\"2025-05-06T11:00:01+00:00\",\"dateModified\":\"2026-01-13T03:27:34+00:00\",\"description\":\"Automatic Double Pot Smoothie Machine Ice Maker Fried Ice Cream Machine for Slushie Machine with Stainless Steels 2000W 7L*2\",\"breadcrumb\":{\"@id\":\"https:\/\/kengmingcn.com\/product\/automatic-double-pot-smoothie-machine-ice-maker-fried-ice-cream-machine-for-slushie-machine-with-stainless-steels-2000w-7l2\/#breadcrumb\"},\"inLanguage\":\"es\",\"potentialAction\":[{\"@type\":\"ReadAction\",\"target\":[\"https:\/\/kengmingcn.com\/product\/automatic-double-pot-smoothie-machine-ice-maker-fried-ice-cream-machine-for-slushie-machine-with-stainless-steels-2000w-7l2\/\"]}]},{\"@type\":\"ImageObject\",\"inLanguage\":\"es\",\"@id\":\"https:\/\/kengmingcn.com\/product\/automatic-double-pot-smoothie-machine-ice-maker-fried-ice-cream-machine-for-slushie-machine-with-stainless-steels-2000w-7l2\/#primaryimage\",\"url\":\"https:\/\/kengmingcn.com\/wp-content\/uploads\/2025\/05\/4-1.png\",\"contentUrl\":\"https:\/\/kengmingcn.com\/wp-content\/uploads\/2025\/05\/4-1.png\",\"width\":550,\"height\":550,\"caption\":\"LJZ200A-2 Double Pot Smoothie Machine\"},{\"@type\":\"BreadcrumbList\",\"@id\":\"https:\/\/kengmingcn.com\/product\/automatic-double-pot-smoothie-machine-ice-maker-fried-ice-cream-machine-for-slushie-machine-with-stainless-steels-2000w-7l2\/#breadcrumb\",\"itemListElement\":[{\"@type\":\"ListItem\",\"position\":1,\"name\":\"Home\",\"item\":\"https:\/\/kengmingcn.com\/\"},{\"@type\":\"ListItem\",\"position\":2,\"name\":\"Catalogue\",\"item\":\"https:\/\/kengmingcn.com\/?page_id=27131\"},{\"@type\":\"ListItem\",\"position\":3,\"name\":\"Automatic Double Pot Smoothie Machine Ice Maker Fried Ice Cream Machine for Slushie Machine with Stainless Steels 2000W 7L*2\"}]},{\"@type\":\"WebSite\",\"@id\":\"https:\/\/kengmingcn.com\/#website\",\"url\":\"https:\/\/kengmingcn.com\/\",\"name\":\"Kitchen Equipment\",\"description\":\"KengMing is a professional commercial kitchen equipment manufacturer and wholesale supplier, offering cooking, food prep and bakery equipment with OEM &amp; ODM service for global distributors.\",\"publisher\":{\"@id\":\"https:\/\/kengmingcn.com\/#organization\"},\"potentialAction\":[{\"@type\":\"SearchAction\",\"target\":{\"@type\":\"EntryPoint\",\"urlTemplate\":\"https:\/\/kengmingcn.com\/?s={search_term_string}\"},\"query-input\":{\"@type\":\"PropertyValueSpecification\",\"valueRequired\":true,\"valueName\":\"search_term_string\"}}],\"inLanguage\":\"es\"},{\"@type\":\"Organization\",\"@id\":\"https:\/\/kengmingcn.com\/#organization\",\"name\":\"GuangZhou KengMing\",\"url\":\"https:\/\/kengmingcn.com\/\",\"logo\":{\"@type\":\"ImageObject\",\"inLanguage\":\"es\",\"@id\":\"https:\/\/kengmingcn.com\/#\/schema\/logo\/image\/\",\"url\":\"https:\/\/kengmingcn.com\/wp-content\/uploads\/2025\/04\/cropped-1744508604969-removebg-preview.png\",\"contentUrl\":\"https:\/\/kengmingcn.com\/wp-content\/uploads\/2025\/04\/cropped-1744508604969-removebg-preview.png\",\"width\":512,\"height\":512,\"caption\":\"GuangZhou KengMing\"},\"image\":{\"@id\":\"https:\/\/kengmingcn.com\/#\/schema\/logo\/image\/\"}}]}<\/script>\n<meta property=\"product:price:amount\" content=\"0.00\" \/>\n<meta property=\"product:price:currency\" content=\"USD\" \/>\n<meta property=\"og:availability\" content=\"instock\" \/>\n<meta property=\"product:availability\" content=\"instock\" \/>\n<meta property=\"product:condition\" content=\"new\" \/>\n<!-- \/ Yoast SEO Premium plugin. -->","yoast_head_json":{"title":"Autom\u00e1tico de doble olla Smoothie M\u00e1quina de hielo M\u00e1quina de helados fritos para la m\u00e1quina de granizados con aceros inoxidables 2000W 7L * 2 - KengMing | Fabricante de equipos de cocina comercial","description":"Autom\u00e1tico de doble olla Smoothie M\u00e1quina de hielo M\u00e1quina de helados fritos para la m\u00e1quina de granizados con aceros inoxidables 2000W 7L * 2","robots":{"index":"index","follow":"follow","max-snippet":"max-snippet:-1","max-image-preview":"max-image-preview:large","max-video-preview":"max-video-preview:-1"},"canonical":"https:\/\/kengmingcn.com\/es\/product\/maquina-automatica-de-doble-olla-smoothie-maquina-de-hielo-maquina-de-helados-fritos-para-la-maquina-de-granizados-con-aceros-inoxidables-2000w-7l2\/","og_locale":"es_MX","og_type":"article","og_title":"Automatic Double Pot Smoothie Machine Ice Maker Fried Ice Cream Machine for Slushie Machine with Stainless Steels 2000W 7L*2","og_description":"Automatic Double Pot Smoothie Machine Ice Maker Fried Ice Cream Machine for Slushie Machine with Stainless Steels 2000W 7L*2","og_url":"https:\/\/kengmingcn.com\/es\/product\/maquina-automatica-de-doble-olla-smoothie-maquina-de-hielo-maquina-de-helados-fritos-para-la-maquina-de-granizados-con-aceros-inoxidables-2000w-7l2\/","og_site_name":"KengMing | Manufacturer of Commercial Kitchen Equipment","article_modified_time":"2026-01-13T03:27:34+00:00","og_image":[{"width":550,"height":550,"url":"https:\/\/kengmingcn.com\/wp-content\/uploads\/2025\/05\/4-1.png","type":"image\/png"}],"twitter_card":"summary_large_image","twitter_misc":{"Precio":"","Disponibilidad":"Disponible"},"schema":{"@context":"https:\/\/schema.org","@graph":[{"@type":"WebPage","@id":"https:\/\/kengmingcn.com\/product\/automatic-double-pot-smoothie-machine-ice-maker-fried-ice-cream-machine-for-slushie-machine-with-stainless-steels-2000w-7l2\/","url":"https:\/\/kengmingcn.com\/product\/automatic-double-pot-smoothie-machine-ice-maker-fried-ice-cream-machine-for-slushie-machine-with-stainless-steels-2000w-7l2\/","name":"Autom\u00e1tico de doble olla Smoothie M\u00e1quina de hielo M\u00e1quina de helados fritos para la m\u00e1quina de granizados con aceros inoxidables 2000W 7L * 2 - KengMing | Fabricante de equipos de cocina comercial","isPartOf":{"@id":"https:\/\/kengmingcn.com\/#website"},"primaryImageOfPage":{"@id":"https:\/\/kengmingcn.com\/product\/automatic-double-pot-smoothie-machine-ice-maker-fried-ice-cream-machine-for-slushie-machine-with-stainless-steels-2000w-7l2\/#primaryimage"},"image":{"@id":"https:\/\/kengmingcn.com\/product\/automatic-double-pot-smoothie-machine-ice-maker-fried-ice-cream-machine-for-slushie-machine-with-stainless-steels-2000w-7l2\/#primaryimage"},"thumbnailUrl":"https:\/\/kengmingcn.com\/wp-content\/uploads\/2025\/05\/4-1.png","datePublished":"2025-05-06T11:00:01+00:00","dateModified":"2026-01-13T03:27:34+00:00","description":"Autom\u00e1tico de doble olla Smoothie M\u00e1quina de hielo M\u00e1quina de helados fritos para la m\u00e1quina de granizados con aceros inoxidables 2000W 7L * 2","breadcrumb":{"@id":"https:\/\/kengmingcn.com\/product\/automatic-double-pot-smoothie-machine-ice-maker-fried-ice-cream-machine-for-slushie-machine-with-stainless-steels-2000w-7l2\/#breadcrumb"},"inLanguage":"es","potentialAction":[{"@type":"ReadAction","target":["https:\/\/kengmingcn.com\/product\/automatic-double-pot-smoothie-machine-ice-maker-fried-ice-cream-machine-for-slushie-machine-with-stainless-steels-2000w-7l2\/"]}]},{"@type":"ImageObject","inLanguage":"es","@id":"https:\/\/kengmingcn.com\/product\/automatic-double-pot-smoothie-machine-ice-maker-fried-ice-cream-machine-for-slushie-machine-with-stainless-steels-2000w-7l2\/#primaryimage","url":"https:\/\/kengmingcn.com\/wp-content\/uploads\/2025\/05\/4-1.png","contentUrl":"https:\/\/kengmingcn.com\/wp-content\/uploads\/2025\/05\/4-1.png","width":550,"height":550,"caption":"LJZ200A-2 Double Pot Smoothie Machine"},{"@type":"BreadcrumbList","@id":"https:\/\/kengmingcn.com\/product\/automatic-double-pot-smoothie-machine-ice-maker-fried-ice-cream-machine-for-slushie-machine-with-stainless-steels-2000w-7l2\/#breadcrumb","itemListElement":[{"@type":"ListItem","position":1,"name":"Home","item":"https:\/\/kengmingcn.com\/"},{"@type":"ListItem","position":2,"name":"Catalogue","item":"https:\/\/kengmingcn.com\/?page_id=27131"},{"@type":"ListItem","position":3,"name":"Automatic Double Pot Smoothie Machine Ice Maker Fried Ice Cream Machine for Slushie Machine with Stainless Steels 2000W 7L*2"}]},{"@type":"WebSite","@id":"https:\/\/kengmingcn.com\/#website","url":"https:\/\/kengmingcn.com\/","name":"Equipamiento de cocina","description":"KengMing es un fabricante profesional de equipos de cocina comercial y proveedor mayorista, que ofrece equipos de cocina, preparaci\u00f3n de alimentos y panader\u00eda con servicio OEM y ODM para distribuidores globales.","publisher":{"@id":"https:\/\/kengmingcn.com\/#organization"},"potentialAction":[{"@type":"SearchAction","target":{"@type":"EntryPoint","urlTemplate":"https:\/\/kengmingcn.com\/?s={search_term_string}"},"query-input":{"@type":"PropertyValueSpecification","valueRequired":true,"valueName":"search_term_string"}}],"inLanguage":"es"},{"@type":"Organization","@id":"https:\/\/kengmingcn.com\/#organization","name":"GuangZhou KengMing","url":"https:\/\/kengmingcn.com\/","logo":{"@type":"ImageObject","inLanguage":"es","@id":"https:\/\/kengmingcn.com\/#\/schema\/logo\/image\/","url":"https:\/\/kengmingcn.com\/wp-content\/uploads\/2025\/04\/cropped-1744508604969-removebg-preview.png","contentUrl":"https:\/\/kengmingcn.com\/wp-content\/uploads\/2025\/04\/cropped-1744508604969-removebg-preview.png","width":512,"height":512,"caption":"GuangZhou KengMing"},"image":{"@id":"https:\/\/kengmingcn.com\/#\/schema\/logo\/image\/"}}]},"product_price_amount":"0.00","product_price_currency":"USD","og_availability":"instock","product_availability":"instock","product_condition":"new"},"_links":{"self":[{"href":"https:\/\/kengmingcn.com\/es\/wp-json\/wp\/v2\/product\/50154","targetHints":{"allow":["GET"]}}],"collection":[{"href":"https:\/\/kengmingcn.com\/es\/wp-json\/wp\/v2\/product"}],"about":[{"href":"https:\/\/kengmingcn.com\/es\/wp-json\/wp\/v2\/types\/product"}],"replies":[{"embeddable":true,"href":"https:\/\/kengmingcn.com\/es\/wp-json\/wp\/v2\/comments?post=50154"}],"wp:featuredmedia":[{"embeddable":true,"href":"https:\/\/kengmingcn.com\/es\/wp-json\/wp\/v2\/media\/50156"}],"wp:attachment":[{"href":"https:\/\/kengmingcn.com\/es\/wp-json\/wp\/v2\/media?parent=50154"}],"wp:term":[{"taxonomy":"product_brand","embeddable":true,"href":"https:\/\/kengmingcn.com\/es\/wp-json\/wp\/v2\/product_brand?post=50154"},{"taxonomy":"product_cat","embeddable":true,"href":"https:\/\/kengmingcn.com\/es\/wp-json\/wp\/v2\/product_cat?post=50154"},{"taxonomy":"product_tag","embeddable":true,"href":"https:\/\/kengmingcn.com\/es\/wp-json\/wp\/v2\/product_tag?post=50154"}],"curies":[{"name":"wp","href":"https:\/\/api.w.org\/{rel}","templated":true}]}}