{"id":50145,"date":"2025-05-06T18:51:16","date_gmt":"2025-05-06T10:51:16","guid":{"rendered":"https:\/\/kengmingcn.com\/?post_type=product&#038;p=50145"},"modified":"2026-02-02T11:13:34","modified_gmt":"2026-02-02T03:13:34","slug":"mas-popular-comercial-maquina-de-afeitar-de-hielo-en-casa-trituradora-de-hielo-electrica","status":"publish","type":"product","link":"https:\/\/kengmingcn.com\/es\/product\/mas-popular-comercial-maquina-de-afeitar-de-hielo-en-casa-trituradora-de-hielo-electrica\/","title":{"rendered":"Snowflake Block Shaved Ice Machine Bullet Flake Snow Home Uso industrial"},"content":{"rendered":"<div style=\"width: 640px;\" class=\"wp-video\"><!--[if lt IE 9]><script>document.createElement('video');<\/script><![endif]-->\n<video class=\"wp-video-shortcode\" id=\"video-50145-1\" width=\"640\" height=\"360\" preload=\"metadata\" controls=\"controls\"><source type=\"video\/mp4\" src=\"https:\/\/cdn-gzkm.b-cdn.net\/Model\/Shaved%20Ice%20Machine\/Shaved%20Ice%20Machine.mp4?_=1\" \/><a href=\"https:\/\/cdn-gzkm.b-cdn.net\/Model\/Shaved%20Ice%20Machine\/Shaved%20Ice%20Machine.mp4\">https:\/\/cdn-gzkm.b-cdn.net\/Model\/Shaved%20Ice%20Machine\/Shaved%20Ice%20Machine.mp4<\/a><\/video><\/div>\n<figure class=\"wp-block-image size-large\"><\/figure>\n<p class=\"ai-optimize-54\"><strong>1.Fabricaci\u00f3n eficiente de hielo<\/strong>La m\u00e1quina de hielo est\u00e1 equipada con un potente motor, que puede procesar el hielo de forma r\u00e1pida y eficiente, con una alta eficiencia de fabricaci\u00f3n de hielo, adecuada para las horas punta.<\/p>\n<p class=\"ai-optimize-55\"><strong>2. Ajuste del grosor del hielo raspado<\/strong>Ajuste el grosor del hielo raspado libremente seg\u00fan la demanda, desde el delicado hielo en copo de nieve hasta el hielo blando o el hielo picado m\u00e1s fuerte, una m\u00e1quina es polivalente para satisfacer diferentes necesidades de sabor.<\/p>\n<p class=\"ai-optimize-56\"><strong>3. Robusto y duradero<\/strong>Fabricado en acero inoxidable de grado alimentario o material ABS de alta resistencia, duradero y resistente al desgaste, y f\u00e1cil de limpiar, para garantizar el uso de la seguridad y la higiene.<\/p>\n<p class=\"ai-optimize-57\"><strong>4. Sencillo y f\u00e1cil de manejar<\/strong>Dise\u00f1o de arranque con un solo bot\u00f3n, ahorra tiempo y mano de obra.<\/p>\n<p class=\"ai-optimize-58\"><strong>5. Base antideslizante<\/strong>funcionamiento m\u00e1s estable, reduce las vibraciones.<\/p>\n<p class=\"ai-optimize-59\"><strong>6. Aplicaci\u00f3n multifuncional<\/strong>: puede hacer hielo raspado, batido de zumo, batido de leche, hielo blando, hielo en copo de nieve y otros deliciosos sabores, proporcionando a los usuarios un espacio creativo ilimitado.<\/p>\n<figure class=\"wp-block-image size-large\"><img decoding=\"async\" class=\"alignnone size-full wp-image-51818\" src=\"https:\/\/kengmingcn.com\/wp-content\/uploads\/2025\/05\/shaved-ice-machine-1.webp\" alt=\"\" width=\"1060\" height=\"500\" srcset=\"https:\/\/kengmingcn.com\/wp-content\/uploads\/2025\/05\/shaved-ice-machine-1.webp 1060w, https:\/\/kengmingcn.com\/wp-content\/uploads\/2025\/05\/shaved-ice-machine-1-300x142.webp 300w, https:\/\/kengmingcn.com\/wp-content\/uploads\/2025\/05\/shaved-ice-machine-1-1024x483.webp 1024w, https:\/\/kengmingcn.com\/wp-content\/uploads\/2025\/05\/shaved-ice-machine-1-768x362.webp 768w\" sizes=\"(max-width: 1060px) 100vw, 1060px\" \/> <img decoding=\"async\" class=\"alignnone size-full wp-image-51819\" src=\"https:\/\/kengmingcn.com\/wp-content\/uploads\/2025\/05\/shaved-ice-machine-2.webp\" alt=\"\" width=\"1060\" height=\"500\" srcset=\"https:\/\/kengmingcn.com\/wp-content\/uploads\/2025\/05\/shaved-ice-machine-2.webp 1060w, https:\/\/kengmingcn.com\/wp-content\/uploads\/2025\/05\/shaved-ice-machine-2-300x142.webp 300w, https:\/\/kengmingcn.com\/wp-content\/uploads\/2025\/05\/shaved-ice-machine-2-1024x483.webp 1024w, https:\/\/kengmingcn.com\/wp-content\/uploads\/2025\/05\/shaved-ice-machine-2-768x362.webp 768w\" sizes=\"(max-width: 1060px) 100vw, 1060px\" \/><\/figure>\n<p class=\"ai-optimize-60\"><strong>1.Uso familiar:<\/strong><br \/>\nUtilizaci\u00f3n: Haga hielo raspado fresco en casa para ofrecer una refrescante experiencia veraniega a su familia.<br \/>\nEjemplo: Durante las reuniones familiares o las fiestas, prepare un helado raspado para los invitados que entran y salen.<\/p>\n<p class=\"ai-optimize-61\"><strong>2. Restaurantes y cafeter\u00edas:<\/strong><br \/>\nUso: Para crear hielo blando o postres helados \u00fanicos.<br \/>\nEjemplo: Los restaurantes y cafeter\u00edas utilizan m\u00e1quinas de hielo raspado para crear deliciosas delicias heladas que a\u00f1aden variedad al men\u00fa.<\/p>\n<figure class=\"wp-block-image size-large\"><img decoding=\"async\" class=\"alignnone size-full wp-image-51820\" src=\"https:\/\/kengmingcn.com\/wp-content\/uploads\/2025\/05\/shaved-ice-machine-3.webp\" alt=\"\" width=\"1060\" height=\"500\" srcset=\"https:\/\/kengmingcn.com\/wp-content\/uploads\/2025\/05\/shaved-ice-machine-3.webp 1060w, https:\/\/kengmingcn.com\/wp-content\/uploads\/2025\/05\/shaved-ice-machine-3-300x142.webp 300w, https:\/\/kengmingcn.com\/wp-content\/uploads\/2025\/05\/shaved-ice-machine-3-1024x483.webp 1024w, https:\/\/kengmingcn.com\/wp-content\/uploads\/2025\/05\/shaved-ice-machine-3-768x362.webp 768w\" sizes=\"(max-width: 1060px) 100vw, 1060px\" \/> <img decoding=\"async\" class=\"alignnone size-full wp-image-51821\" src=\"https:\/\/kengmingcn.com\/wp-content\/uploads\/2025\/05\/shaved-ice-machine-4.webp\" alt=\"\" width=\"1060\" height=\"500\" srcset=\"https:\/\/kengmingcn.com\/wp-content\/uploads\/2025\/05\/shaved-ice-machine-4.webp 1060w, https:\/\/kengmingcn.com\/wp-content\/uploads\/2025\/05\/shaved-ice-machine-4-300x142.webp 300w, https:\/\/kengmingcn.com\/wp-content\/uploads\/2025\/05\/shaved-ice-machine-4-1024x483.webp 1024w, https:\/\/kengmingcn.com\/wp-content\/uploads\/2025\/05\/shaved-ice-machine-4-768x362.webp 768w\" sizes=\"(max-width: 1060px) 100vw, 1060px\" \/> <img decoding=\"async\" class=\"alignnone size-full wp-image-51822\" src=\"https:\/\/kengmingcn.com\/wp-content\/uploads\/2025\/05\/shaved-ice-machine-5.webp\" alt=\"\" width=\"1060\" height=\"500\" srcset=\"https:\/\/kengmingcn.com\/wp-content\/uploads\/2025\/05\/shaved-ice-machine-5.webp 1060w, https:\/\/kengmingcn.com\/wp-content\/uploads\/2025\/05\/shaved-ice-machine-5-300x142.webp 300w, https:\/\/kengmingcn.com\/wp-content\/uploads\/2025\/05\/shaved-ice-machine-5-1024x483.webp 1024w, https:\/\/kengmingcn.com\/wp-content\/uploads\/2025\/05\/shaved-ice-machine-5-768x362.webp 768w\" sizes=\"(max-width: 1060px) 100vw, 1060px\" \/><\/figure>\n<figure class=\"wp-block-table\">\n<table class=\"has-fixed-layout\">\n<tbody>\n<tr>\n<td colspan=\"2\">Modelo<\/td>\n<td colspan=\"2\">materias primas<\/td>\n<td colspan=\"2\">Talla<\/td>\n<td colspan=\"2\">Material principal<\/td>\n<td colspan=\"2\">m\u00e9todo operativo<\/td>\n<td colspan=\"2\">Potencia\/voltios<\/td>\n<td colspan=\"2\">Accesorio<\/td>\n<\/tr>\n<tr>\n<td colspan=\"2\">QLB-120<\/td>\n<td colspan=\"2\">Cubito de Hielo de Fruta \/ Cubito de Hielo de Leche \/ Cubito de Hielo de Bebida \/ Cubito de Hielo de Agua Dulce<\/td>\n<td colspan=\"2\">43*33*87CM<\/td>\n<td colspan=\"2\">Piezas de pl\u00e1stico + acero inoxidable<\/td>\n<td colspan=\"2\">Mando interruptor estanco<\/td>\n<td colspan=\"2\">120W\/220V.50~60HZ<\/td>\n<td colspan=\"2\">Placa de cuchillas*1;Placa de empalme*1<\/td>\n<\/tr>\n<tr>\n<td colspan=\"2\">QLB-120-1<\/td>\n<td colspan=\"2\">Cubito de Hielo de Fruta \/ Cubito de Hielo de Leche \/ Cubito de Hielo de Bebida \/ Cubito de Hielo de Agua Dulce<\/td>\n<td colspan=\"2\">43*33*87CM<\/td>\n<td colspan=\"2\">Piezas de pl\u00e1stico + acero inoxidable<\/td>\n<td colspan=\"2\">Mando interruptor estanco<\/td>\n<td colspan=\"2\">120W\/110V.60HZ<\/td>\n<td colspan=\"2\">Placa de cuchillas*1;Placa de empalme*1<\/td>\n<\/tr>\n<\/tbody>\n<\/table>\n<p>https:\/\/kengmingcn.com\/2025\/07\/03\/how-to-make-fine-shaved-ice\/<\/figure>","protected":false},"excerpt":{"rendered":"<ul>\n<li>Potencia: &lt;200W<\/li>\n<li>Estructura: Tipo integral<\/li>\n<li>Potencia nominal: 120 W<\/li>\n<li>Altura del hielo: 18 cm<\/li>\n<\/ul>","protected":false},"featured_media":50150,"comment_status":"open","ping_status":"closed","template":"","meta":{"_acf_changed":false},"product_brand":[],"product_cat":[249,275],"product_tag":[],"class_list":{"0":"post-50145","1":"product","2":"type-product","3":"status-publish","4":"has-post-thumbnail","6":"product_cat-icicle-and-shaved-ice-machine","7":"product_cat-refrigeration-equipment","8":"description-off","10":"first","11":"instock","12":"shipping-taxable","13":"product-type-simple"},"acf":[],"yoast_head":"<!-- This site is optimized with the Yoast SEO Premium plugin v25.3 (Yoast SEO v26.3) - https:\/\/yoast.com\/wordpress\/plugins\/seo\/ -->\n<title>Snowflake Block Shaved Ice Machine<\/title>\n<meta name=\"description\" content=\"Snowflake Block Shaved Ice Machine Bullet Flake Snow Home Industrial use\" \/>\n<meta name=\"robots\" content=\"index, follow, max-snippet:-1, max-image-preview:large, max-video-preview:-1\" \/>\n<link rel=\"canonical\" href=\"https:\/\/kengmingcn.com\/es\/product\/mas-popular-comercial-maquina-de-afeitar-de-hielo-en-casa-trituradora-de-hielo-electrica\/\" \/>\n<meta property=\"og:locale\" content=\"es_MX\" \/>\n<meta property=\"og:type\" content=\"article\" \/>\n<meta property=\"og:title\" content=\"Snowflake Block Shaved Ice Machine Bullet Flake Snow Home Industrial use\" \/>\n<meta property=\"og:description\" content=\"Snowflake Block Shaved Ice Machine Bullet Flake Snow Home Industrial use\" \/>\n<meta property=\"og:url\" content=\"https:\/\/kengmingcn.com\/es\/product\/mas-popular-comercial-maquina-de-afeitar-de-hielo-en-casa-trituradora-de-hielo-electrica\/\" \/>\n<meta property=\"og:site_name\" content=\"KengMing | Manufacturer of Commercial Kitchen Equipment\" \/>\n<meta property=\"article:modified_time\" content=\"2026-02-02T03:13:34+00:00\" \/>\n<meta property=\"og:image\" content=\"https:\/\/kengmingcn.com\/wp-content\/uploads\/2025\/05\/1736314648928.png\" \/>\n\t<meta property=\"og:image:width\" content=\"550\" \/>\n\t<meta property=\"og:image:height\" content=\"550\" \/>\n\t<meta property=\"og:image:type\" content=\"image\/png\" \/>\n<meta name=\"twitter:card\" content=\"summary_large_image\" \/>\n<meta name=\"twitter:label1\" content=\"Precio\" \/>\n\t<meta name=\"twitter:data1\" content=\"\" \/>\n\t<meta name=\"twitter:label2\" content=\"Disponibilidad\" \/>\n\t<meta name=\"twitter:data2\" content=\"Disponible\" \/>\n<script type=\"application\/ld+json\" class=\"yoast-schema-graph\">{\"@context\":\"https:\/\/schema.org\",\"@graph\":[{\"@type\":\"WebPage\",\"@id\":\"https:\/\/kengmingcn.com\/de_de\/product\/beliebteste-kommerzielle-haus-eis-rasierer-maschine-elektrische-eis-crusher\/\",\"url\":\"https:\/\/kengmingcn.com\/de_de\/product\/beliebteste-kommerzielle-haus-eis-rasierer-maschine-elektrische-eis-crusher\/\",\"name\":\"Snowflake Block Shaved Ice Machine\",\"isPartOf\":{\"@id\":\"https:\/\/kengmingcn.com\/#website\"},\"primaryImageOfPage\":{\"@id\":\"https:\/\/kengmingcn.com\/de_de\/product\/beliebteste-kommerzielle-haus-eis-rasierer-maschine-elektrische-eis-crusher\/#primaryimage\"},\"image\":{\"@id\":\"https:\/\/kengmingcn.com\/de_de\/product\/beliebteste-kommerzielle-haus-eis-rasierer-maschine-elektrische-eis-crusher\/#primaryimage\"},\"thumbnailUrl\":\"https:\/\/kengmingcn.com\/wp-content\/uploads\/2025\/05\/1736314648928.png\",\"datePublished\":\"2025-05-06T10:51:16+00:00\",\"dateModified\":\"2026-02-02T03:13:34+00:00\",\"description\":\"Snowflake Block Shaved Ice Machine Bullet Flake Snow Home Industrial use\",\"breadcrumb\":{\"@id\":\"https:\/\/kengmingcn.com\/de_de\/product\/beliebteste-kommerzielle-haus-eis-rasierer-maschine-elektrische-eis-crusher\/#breadcrumb\"},\"inLanguage\":\"es\",\"potentialAction\":[{\"@type\":\"ReadAction\",\"target\":[\"https:\/\/kengmingcn.com\/de_de\/product\/beliebteste-kommerzielle-haus-eis-rasierer-maschine-elektrische-eis-crusher\/\"]}]},{\"@type\":\"ImageObject\",\"inLanguage\":\"es\",\"@id\":\"https:\/\/kengmingcn.com\/de_de\/product\/beliebteste-kommerzielle-haus-eis-rasierer-maschine-elektrische-eis-crusher\/#primaryimage\",\"url\":\"https:\/\/kengmingcn.com\/wp-content\/uploads\/2025\/05\/1736314648928.png\",\"contentUrl\":\"https:\/\/kengmingcn.com\/wp-content\/uploads\/2025\/05\/1736314648928.png\",\"width\":550,\"height\":550,\"caption\":\"Shaved Ice Machine\"},{\"@type\":\"BreadcrumbList\",\"@id\":\"https:\/\/kengmingcn.com\/de_de\/product\/beliebteste-kommerzielle-haus-eis-rasierer-maschine-elektrische-eis-crusher\/#breadcrumb\",\"itemListElement\":[{\"@type\":\"ListItem\",\"position\":1,\"name\":\"Home\",\"item\":\"https:\/\/kengmingcn.com\/\"},{\"@type\":\"ListItem\",\"position\":2,\"name\":\"Catalogue\",\"item\":\"https:\/\/kengmingcn.com\/?page_id=27131\"},{\"@type\":\"ListItem\",\"position\":3,\"name\":\"Snowflake Block Shaved Ice Machine Bullet Flake Snow Home Industrial use\"}]},{\"@type\":\"WebSite\",\"@id\":\"https:\/\/kengmingcn.com\/#website\",\"url\":\"https:\/\/kengmingcn.com\/\",\"name\":\"Kitchen Equipment\",\"description\":\"KengMing is a professional commercial kitchen equipment manufacturer and wholesale supplier, offering cooking, food prep and bakery equipment with OEM &amp; ODM service for global distributors.\",\"publisher\":{\"@id\":\"https:\/\/kengmingcn.com\/#organization\"},\"potentialAction\":[{\"@type\":\"SearchAction\",\"target\":{\"@type\":\"EntryPoint\",\"urlTemplate\":\"https:\/\/kengmingcn.com\/?s={search_term_string}\"},\"query-input\":{\"@type\":\"PropertyValueSpecification\",\"valueRequired\":true,\"valueName\":\"search_term_string\"}}],\"inLanguage\":\"es\"},{\"@type\":\"Organization\",\"@id\":\"https:\/\/kengmingcn.com\/#organization\",\"name\":\"GuangZhou KengMing\",\"url\":\"https:\/\/kengmingcn.com\/\",\"logo\":{\"@type\":\"ImageObject\",\"inLanguage\":\"es\",\"@id\":\"https:\/\/kengmingcn.com\/#\/schema\/logo\/image\/\",\"url\":\"https:\/\/kengmingcn.com\/wp-content\/uploads\/2025\/04\/cropped-1744508604969-removebg-preview.png\",\"contentUrl\":\"https:\/\/kengmingcn.com\/wp-content\/uploads\/2025\/04\/cropped-1744508604969-removebg-preview.png\",\"width\":512,\"height\":512,\"caption\":\"GuangZhou KengMing\"},\"image\":{\"@id\":\"https:\/\/kengmingcn.com\/#\/schema\/logo\/image\/\"}}]}<\/script>\n<meta property=\"product:price:amount\" content=\"0.00\" \/>\n<meta property=\"product:price:currency\" content=\"USD\" \/>\n<meta property=\"og:availability\" content=\"instock\" \/>\n<meta property=\"product:availability\" content=\"instock\" \/>\n<meta property=\"product:condition\" content=\"new\" \/>\n<!-- \/ Yoast SEO Premium plugin. -->","yoast_head_json":{"title":"M\u00e1quina de hielo raspado Snowflake Block","description":"Snowflake Block Shaved Ice Machine Bullet Flake Snow Home Uso industrial","robots":{"index":"index","follow":"follow","max-snippet":"max-snippet:-1","max-image-preview":"max-image-preview:large","max-video-preview":"max-video-preview:-1"},"canonical":"https:\/\/kengmingcn.com\/es\/product\/mas-popular-comercial-maquina-de-afeitar-de-hielo-en-casa-trituradora-de-hielo-electrica\/","og_locale":"es_MX","og_type":"article","og_title":"Snowflake Block Shaved Ice Machine Bullet Flake Snow Home Industrial use","og_description":"Snowflake Block Shaved Ice Machine Bullet Flake Snow Home Industrial use","og_url":"https:\/\/kengmingcn.com\/es\/product\/mas-popular-comercial-maquina-de-afeitar-de-hielo-en-casa-trituradora-de-hielo-electrica\/","og_site_name":"KengMing | Manufacturer of Commercial Kitchen Equipment","article_modified_time":"2026-02-02T03:13:34+00:00","og_image":[{"width":550,"height":550,"url":"https:\/\/kengmingcn.com\/wp-content\/uploads\/2025\/05\/1736314648928.png","type":"image\/png"}],"twitter_card":"summary_large_image","twitter_misc":{"Precio":"","Disponibilidad":"Disponible"},"schema":{"@context":"https:\/\/schema.org","@graph":[{"@type":"WebPage","@id":"https:\/\/kengmingcn.com\/de_de\/product\/beliebteste-kommerzielle-haus-eis-rasierer-maschine-elektrische-eis-crusher\/","url":"https:\/\/kengmingcn.com\/de_de\/product\/beliebteste-kommerzielle-haus-eis-rasierer-maschine-elektrische-eis-crusher\/","name":"M\u00e1quina de hielo raspado Snowflake Block","isPartOf":{"@id":"https:\/\/kengmingcn.com\/#website"},"primaryImageOfPage":{"@id":"https:\/\/kengmingcn.com\/de_de\/product\/beliebteste-kommerzielle-haus-eis-rasierer-maschine-elektrische-eis-crusher\/#primaryimage"},"image":{"@id":"https:\/\/kengmingcn.com\/de_de\/product\/beliebteste-kommerzielle-haus-eis-rasierer-maschine-elektrische-eis-crusher\/#primaryimage"},"thumbnailUrl":"https:\/\/kengmingcn.com\/wp-content\/uploads\/2025\/05\/1736314648928.png","datePublished":"2025-05-06T10:51:16+00:00","dateModified":"2026-02-02T03:13:34+00:00","description":"Snowflake Block Shaved Ice Machine Bullet Flake Snow Home Uso industrial","breadcrumb":{"@id":"https:\/\/kengmingcn.com\/de_de\/product\/beliebteste-kommerzielle-haus-eis-rasierer-maschine-elektrische-eis-crusher\/#breadcrumb"},"inLanguage":"es","potentialAction":[{"@type":"ReadAction","target":["https:\/\/kengmingcn.com\/de_de\/product\/beliebteste-kommerzielle-haus-eis-rasierer-maschine-elektrische-eis-crusher\/"]}]},{"@type":"ImageObject","inLanguage":"es","@id":"https:\/\/kengmingcn.com\/de_de\/product\/beliebteste-kommerzielle-haus-eis-rasierer-maschine-elektrische-eis-crusher\/#primaryimage","url":"https:\/\/kengmingcn.com\/wp-content\/uploads\/2025\/05\/1736314648928.png","contentUrl":"https:\/\/kengmingcn.com\/wp-content\/uploads\/2025\/05\/1736314648928.png","width":550,"height":550,"caption":"Shaved Ice Machine"},{"@type":"BreadcrumbList","@id":"https:\/\/kengmingcn.com\/de_de\/product\/beliebteste-kommerzielle-haus-eis-rasierer-maschine-elektrische-eis-crusher\/#breadcrumb","itemListElement":[{"@type":"ListItem","position":1,"name":"Home","item":"https:\/\/kengmingcn.com\/"},{"@type":"ListItem","position":2,"name":"Catalogue","item":"https:\/\/kengmingcn.com\/?page_id=27131"},{"@type":"ListItem","position":3,"name":"Snowflake Block Shaved Ice Machine Bullet Flake Snow Home Industrial use"}]},{"@type":"WebSite","@id":"https:\/\/kengmingcn.com\/#website","url":"https:\/\/kengmingcn.com\/","name":"Equipamiento de cocina","description":"KengMing es un fabricante profesional de equipos de cocina comercial y proveedor mayorista, que ofrece equipos de cocina, preparaci\u00f3n de alimentos y panader\u00eda con servicio OEM y ODM para distribuidores globales.","publisher":{"@id":"https:\/\/kengmingcn.com\/#organization"},"potentialAction":[{"@type":"SearchAction","target":{"@type":"EntryPoint","urlTemplate":"https:\/\/kengmingcn.com\/?s={search_term_string}"},"query-input":{"@type":"PropertyValueSpecification","valueRequired":true,"valueName":"search_term_string"}}],"inLanguage":"es"},{"@type":"Organization","@id":"https:\/\/kengmingcn.com\/#organization","name":"GuangZhou KengMing","url":"https:\/\/kengmingcn.com\/","logo":{"@type":"ImageObject","inLanguage":"es","@id":"https:\/\/kengmingcn.com\/#\/schema\/logo\/image\/","url":"https:\/\/kengmingcn.com\/wp-content\/uploads\/2025\/04\/cropped-1744508604969-removebg-preview.png","contentUrl":"https:\/\/kengmingcn.com\/wp-content\/uploads\/2025\/04\/cropped-1744508604969-removebg-preview.png","width":512,"height":512,"caption":"GuangZhou KengMing"},"image":{"@id":"https:\/\/kengmingcn.com\/#\/schema\/logo\/image\/"}}]},"product_price_amount":"0.00","product_price_currency":"USD","og_availability":"instock","product_availability":"instock","product_condition":"new"},"_links":{"self":[{"href":"https:\/\/kengmingcn.com\/es\/wp-json\/wp\/v2\/product\/50145","targetHints":{"allow":["GET"]}}],"collection":[{"href":"https:\/\/kengmingcn.com\/es\/wp-json\/wp\/v2\/product"}],"about":[{"href":"https:\/\/kengmingcn.com\/es\/wp-json\/wp\/v2\/types\/product"}],"replies":[{"embeddable":true,"href":"https:\/\/kengmingcn.com\/es\/wp-json\/wp\/v2\/comments?post=50145"}],"wp:featuredmedia":[{"embeddable":true,"href":"https:\/\/kengmingcn.com\/es\/wp-json\/wp\/v2\/media\/50150"}],"wp:attachment":[{"href":"https:\/\/kengmingcn.com\/es\/wp-json\/wp\/v2\/media?parent=50145"}],"wp:term":[{"taxonomy":"product_brand","embeddable":true,"href":"https:\/\/kengmingcn.com\/es\/wp-json\/wp\/v2\/product_brand?post=50145"},{"taxonomy":"product_cat","embeddable":true,"href":"https:\/\/kengmingcn.com\/es\/wp-json\/wp\/v2\/product_cat?post=50145"},{"taxonomy":"product_tag","embeddable":true,"href":"https:\/\/kengmingcn.com\/es\/wp-json\/wp\/v2\/product_tag?post=50145"}],"curies":[{"name":"wp","href":"https:\/\/api.w.org\/{rel}","templated":true}]}}