{"id":50136,"date":"2025-05-06T18:45:37","date_gmt":"2025-05-06T10:45:37","guid":{"rendered":"https:\/\/kengmingcn.com\/?post_type=product&#038;p=50136"},"modified":"2025-11-24T15:40:31","modified_gmt":"2025-11-24T07:40:31","slug":"maquina-de-hielo-raspado-de-6-cubos-1200w-ljm120","status":"publish","type":"product","link":"https:\/\/kengmingcn.com\/es\/product\/maquina-de-hielo-raspado-de-6-cubos-1200w-ljm120\/","title":{"rendered":"6 Cubo Icicle M\u00e1quina, M\u00e1quina de hielo raspado 1200W LJM120"},"content":{"rendered":"<div style=\"width: 640px;\" class=\"wp-video\"><!--[if lt IE 9]><script>document.createElement('video');<\/script><![endif]-->\n<video class=\"wp-video-shortcode\" id=\"video-50136-1\" width=\"640\" height=\"360\" preload=\"metadata\" controls=\"controls\"><source type=\"video\/mp4\" src=\"https:\/\/cdn-gzkm.b-cdn.net\/video\/ice%20block.mp4?_=1\" \/><a href=\"https:\/\/cdn-gzkm.b-cdn.net\/video\/ice%20block.mp4\">https:\/\/cdn-gzkm.b-cdn.net\/video\/ice%20block.mp4<\/a><\/video><\/div>\n<p class=\"ai-optimize-57\">Nuestra m\u00e1quina de ladrillos de hielo raspado es una m\u00e1quina especializada en la producci\u00f3n de hielo raspado. Funciona congelando l\u00edquidos (como zumos, leche o siropes) directamente en ladrillos de hielo de tama\u00f1o uniforme. La m\u00e1quina consta principalmente de una c\u00e1mara de congelaci\u00f3n y m\u00faltiples moldes que son capaces de congelar r\u00e1pida y uniformemente los l\u00edquidos en ladrillos de hielo sin m\u00e1s procesamiento. Es adecuada para la producci\u00f3n de hielo blando u otros productos de hielo que requieran ladrillos de hielo grandes, y se utiliza habitualmente en tiendas de postres y de bebidas fr\u00edas.<\/p>\n<p><img decoding=\"async\" class=\"alignnone wp-image-50728 size-full\" src=\"http:\/\/kengmingcn.com\/wp-content\/uploads\/2025\/05\/Snow-Ice-Block-Machine-6.webp\" alt=\"M\u00e1quina de bloques de hielo (6)\" width=\"1060\" height=\"500\" srcset=\"https:\/\/kengmingcn.com\/wp-content\/uploads\/2025\/05\/Snow-Ice-Block-Machine-6.webp 1060w, https:\/\/kengmingcn.com\/wp-content\/uploads\/2025\/05\/Snow-Ice-Block-Machine-6-300x142.webp 300w, https:\/\/kengmingcn.com\/wp-content\/uploads\/2025\/05\/Snow-Ice-Block-Machine-6-1024x483.webp 1024w, https:\/\/kengmingcn.com\/wp-content\/uploads\/2025\/05\/Snow-Ice-Block-Machine-6-768x362.webp 768w\" sizes=\"(max-width: 1060px) 100vw, 1060px\" \/><\/p>\n<p class=\"ai-optimize-58\">1.Congelaci\u00f3n eficiente:Con un potente sistema de congelaci\u00f3n, puede congelar r\u00e1pidamente el l\u00edquido en grandes ladrillos de hielo, lo que proporciona la base para la producci\u00f3n de hielo blando.<br \/>\n2.Dise\u00f1o de moldes m\u00faltiples: Generalmente equipado con m\u00faltiples moldes, capaz de producir m\u00faltiples ladrillos de hielo al mismo tiempo, mejorando la eficiencia de la producci\u00f3n.<br \/>\n3.Control preciso de la temperatura: El sistema de control de temperatura incorporado garantiza que los ladrillos de hielo se congelen a la temperatura deseada para conseguir la calidad de hielo ideal.<br \/>\n4.Material duradero: Hecho del material durable, conveniente para el uso del tiempo largo y la operaci\u00f3n de alta frecuencia.<br \/>\n5.F\u00c1CIL OPERACI\u00d3N: Interfaz de operaci\u00f3n intuitiva para una f\u00e1cil configuraci\u00f3n y monitorizaci\u00f3n del proceso de congelaci\u00f3n.<\/p>\n<p><img decoding=\"async\" class=\"alignnone wp-image-50729 size-full\" src=\"http:\/\/kengmingcn.com\/wp-content\/uploads\/2025\/05\/Snow-Ice-Block-Machine-2.webp\" alt=\"M\u00e1quina de bloques de hielo (2)\" width=\"1060\" height=\"500\" srcset=\"https:\/\/kengmingcn.com\/wp-content\/uploads\/2025\/05\/Snow-Ice-Block-Machine-2.webp 1060w, https:\/\/kengmingcn.com\/wp-content\/uploads\/2025\/05\/Snow-Ice-Block-Machine-2-300x142.webp 300w, https:\/\/kengmingcn.com\/wp-content\/uploads\/2025\/05\/Snow-Ice-Block-Machine-2-1024x483.webp 1024w, https:\/\/kengmingcn.com\/wp-content\/uploads\/2025\/05\/Snow-Ice-Block-Machine-2-768x362.webp 768w\" sizes=\"(max-width: 1060px) 100vw, 1060px\" \/><\/p>\n<p><img decoding=\"async\" class=\"alignnone wp-image-50730 size-full\" src=\"http:\/\/kengmingcn.com\/wp-content\/uploads\/2025\/05\/Snow-Ice-Block-Machine-7.webp\" alt=\"\" width=\"1060\" height=\"500\" srcset=\"https:\/\/kengmingcn.com\/wp-content\/uploads\/2025\/05\/Snow-Ice-Block-Machine-7.webp 1060w, https:\/\/kengmingcn.com\/wp-content\/uploads\/2025\/05\/Snow-Ice-Block-Machine-7-300x142.webp 300w, https:\/\/kengmingcn.com\/wp-content\/uploads\/2025\/05\/Snow-Ice-Block-Machine-7-1024x483.webp 1024w, https:\/\/kengmingcn.com\/wp-content\/uploads\/2025\/05\/Snow-Ice-Block-Machine-7-768x362.webp 768w\" sizes=\"(max-width: 1060px) 100vw, 1060px\" \/><\/p>\n<p><img decoding=\"async\" class=\"alignnone wp-image-50731 size-full\" src=\"http:\/\/kengmingcn.com\/wp-content\/uploads\/2025\/05\/Snow-Ice-Block-Machine-1.webp\" alt=\"\" width=\"1060\" height=\"500\" srcset=\"https:\/\/kengmingcn.com\/wp-content\/uploads\/2025\/05\/Snow-Ice-Block-Machine-1.webp 1060w, https:\/\/kengmingcn.com\/wp-content\/uploads\/2025\/05\/Snow-Ice-Block-Machine-1-300x142.webp 300w, https:\/\/kengmingcn.com\/wp-content\/uploads\/2025\/05\/Snow-Ice-Block-Machine-1-1024x483.webp 1024w, https:\/\/kengmingcn.com\/wp-content\/uploads\/2025\/05\/Snow-Ice-Block-Machine-1-768x362.webp 768w\" sizes=\"(max-width: 1060px) 100vw, 1060px\" \/><\/p>\n<p class=\"ai-optimize-59\">1.Tienda de postres:<br \/>\nFinalidad: Ladrillos de hielo b\u00e1sicos para fabricar hielo de oveja.<br \/>\nEjemplo: Utilice la m\u00e1quina de hielo de oveja congelado para hacer grandes ladrillos de hielo para varios sabores de postres de hielo de oveja en una tienda de postres.<br \/>\n2.Tienda de bebidas fr\u00edas:<br \/>\nFinalidad: Proporcionar materias primas para fabricar hielo blando delicado.<br \/>\nEjemplo: Las tiendas de bebidas fr\u00edas producen ladrillos de hielo a trav\u00e9s de la m\u00e1quina de hielo Frozen Sheep, que luego se utilizan para hacer batidos o bebidas heladas.<br \/>\n3.Planta de procesamiento de alimentos:<br \/>\nFinalidad: Ladrillos de hielo materia prima para la producci\u00f3n en masa de hielo puro.<br \/>\nEjemplo: Una planta de procesamiento de alimentos utiliza una m\u00e1quina de hielo refrigerado para ovejas para producir ladrillos de hielo para suministrar a minoristas y canales de distribuci\u00f3n.<br \/>\n4.Restaurantes y cafeter\u00edas:<br \/>\nFinalidad: Elaborar helados o postres helados \u00fanicos.<br \/>\nEjemplo: Los restaurantes y cafeter\u00edas utilizan m\u00e1quinas de hielo de oveja congelado para producir ladrillos de hielo que sirven de ingrediente base para los postres creativos de la carta.<\/p>\n<figure class=\"wp-block-image\"><img decoding=\"async\" src=\"https:\/\/image.made-in-china.com\/226f3j00GjNCZYOhyykP\/New-Type-Block-Ice-Making-Machine-for-Shaved-Ice-Brick-Machine-Taiwanese-Shaved-Ice-Machine-LJM120-6-1200W-220V-50Hz-.webp\" alt=\"Nuevo tipo de bloque de hielo que hace la m\u00e1quina de ladrillo de hielo raspado M\u00e1quina de hielo raspado de Taiw\u00e1n (LJM120-6-1200W-220V\/50Hz)\" \/><\/figure>\n<figure class=\"wp-block-image\"><img decoding=\"async\" src=\"https:\/\/image.made-in-china.com\/226f3j00UZnCSLNGSFbP\/New-Type-Block-Ice-Making-Machine-for-Shaved-Ice-Brick-Machine-Taiwanese-Shaved-Ice-Machine-LJM120-6-1200W-220V-50Hz-.webp\" alt=\"Nuevo tipo de bloque de hielo que hace la m\u00e1quina de ladrillo de hielo raspado M\u00e1quina de hielo raspado de Taiw\u00e1n (LJM120-6-1200W-220V\/50Hz)\" \/><\/figure>\n<figure class=\"wp-block-image\"><img decoding=\"async\" src=\"https:\/\/image.made-in-china.com\/226f3j00RKFvjonPGNqL\/New-Type-Block-Ice-Making-Machine-for-Shaved-Ice-Brick-Machine-Taiwanese-Shaved-Ice-Machine-LJM120-6-1200W-220V-50Hz-.webp\" alt=\"Nuevo tipo de bloque de hielo que hace la m\u00e1quina de ladrillo de hielo raspado M\u00e1quina de hielo raspado de Taiw\u00e1n (LJM120-6-1200W-220V\/50Hz)\" \/><\/figure>","protected":false},"excerpt":{"rendered":"<ul>\n<li>Potencia: 1200W<\/li>\n<li>Materias primas: Fruta\/Yogur\/Bebidas\/Helado<\/li>\n<li>Puntos clave de venta: Puede fabricarse en una gran variedad de sabores<\/li>\n<li>Capacidad: 6 cubiteras<\/li>\n<li>M\u00e9todo de fabricaci\u00f3n de hielo: Refrigeraci\u00f3n por compresor<\/li>\n<\/ul>","protected":false},"featured_media":50138,"comment_status":"open","ping_status":"closed","template":"","meta":{"_acf_changed":false},"product_brand":[],"product_cat":[249,275],"product_tag":[],"class_list":{"0":"post-50136","1":"product","2":"type-product","3":"status-publish","4":"has-post-thumbnail","6":"product_cat-icicle-and-shaved-ice-machine","7":"product_cat-refrigeration-equipment","8":"description-off","10":"first","11":"instock","12":"shipping-taxable","13":"product-type-simple"},"acf":[],"yoast_head":"<!-- This site is optimized with the Yoast SEO Premium plugin v25.3 (Yoast SEO v26.3) - https:\/\/yoast.com\/wordpress\/plugins\/seo\/ -->\n<title>6 Bucket Icicle Machine, Shaved Ice Machine 1200W LJM120<\/title>\n<meta name=\"description\" content=\"6 Bucket Icicle Machine, Shaved Ice Machine 1200W LJM120\" \/>\n<meta name=\"robots\" content=\"index, follow, max-snippet:-1, max-image-preview:large, max-video-preview:-1\" \/>\n<link rel=\"canonical\" href=\"https:\/\/kengmingcn.com\/es\/product\/maquina-de-hielo-raspado-de-6-cubos-1200w-ljm120\/\" \/>\n<meta property=\"og:locale\" content=\"es_MX\" \/>\n<meta property=\"og:type\" content=\"article\" \/>\n<meta property=\"og:title\" content=\"6 Bucket Icicle Machine, Shaved Ice Machine 1200W LJM120\" \/>\n<meta property=\"og:description\" content=\"6 Bucket Icicle Machine, Shaved Ice Machine 1200W LJM120\" \/>\n<meta property=\"og:url\" content=\"https:\/\/kengmingcn.com\/es\/product\/maquina-de-hielo-raspado-de-6-cubos-1200w-ljm120\/\" \/>\n<meta property=\"og:site_name\" content=\"KengMing | Manufacturer of Commercial Kitchen Equipment\" \/>\n<meta property=\"article:modified_time\" content=\"2025-11-24T07:40:31+00:00\" \/>\n<meta property=\"og:image\" content=\"https:\/\/kengmingcn.com\/wp-content\/uploads\/2025\/05\/5.jpg\" \/>\n\t<meta property=\"og:image:width\" content=\"800\" \/>\n\t<meta property=\"og:image:height\" content=\"800\" \/>\n\t<meta property=\"og:image:type\" content=\"image\/jpeg\" \/>\n<meta name=\"twitter:card\" content=\"summary_large_image\" \/>\n<meta name=\"twitter:label1\" content=\"Precio\" \/>\n\t<meta name=\"twitter:data1\" content=\"\" \/>\n\t<meta name=\"twitter:label2\" content=\"Disponibilidad\" \/>\n\t<meta name=\"twitter:data2\" content=\"Disponible\" \/>\n<script type=\"application\/ld+json\" class=\"yoast-schema-graph\">{\"@context\":\"https:\/\/schema.org\",\"@graph\":[{\"@type\":\"WebPage\",\"@id\":\"https:\/\/kengmingcn.com\/it\/product\/6-secchi-macchina-per-ghiaccioli-macchina-per-ghiaccio-tritato-1200w-ljm120\/\",\"url\":\"https:\/\/kengmingcn.com\/it\/product\/6-secchi-macchina-per-ghiaccioli-macchina-per-ghiaccio-tritato-1200w-ljm120\/\",\"name\":\"6 Bucket Icicle Machine, Shaved Ice Machine 1200W LJM120\",\"isPartOf\":{\"@id\":\"https:\/\/kengmingcn.com\/#website\"},\"primaryImageOfPage\":{\"@id\":\"https:\/\/kengmingcn.com\/it\/product\/6-secchi-macchina-per-ghiaccioli-macchina-per-ghiaccio-tritato-1200w-ljm120\/#primaryimage\"},\"image\":{\"@id\":\"https:\/\/kengmingcn.com\/it\/product\/6-secchi-macchina-per-ghiaccioli-macchina-per-ghiaccio-tritato-1200w-ljm120\/#primaryimage\"},\"thumbnailUrl\":\"https:\/\/kengmingcn.com\/wp-content\/uploads\/2025\/05\/5.jpg\",\"datePublished\":\"2025-05-06T10:45:37+00:00\",\"dateModified\":\"2025-11-24T07:40:31+00:00\",\"description\":\"6 Bucket Icicle Machine, Shaved Ice Machine 1200W LJM120\",\"breadcrumb\":{\"@id\":\"https:\/\/kengmingcn.com\/it\/product\/6-secchi-macchina-per-ghiaccioli-macchina-per-ghiaccio-tritato-1200w-ljm120\/#breadcrumb\"},\"inLanguage\":\"es\",\"potentialAction\":[{\"@type\":\"ReadAction\",\"target\":[\"https:\/\/kengmingcn.com\/it\/product\/6-secchi-macchina-per-ghiaccioli-macchina-per-ghiaccio-tritato-1200w-ljm120\/\"]}]},{\"@type\":\"ImageObject\",\"inLanguage\":\"es\",\"@id\":\"https:\/\/kengmingcn.com\/it\/product\/6-secchi-macchina-per-ghiaccioli-macchina-per-ghiaccio-tritato-1200w-ljm120\/#primaryimage\",\"url\":\"https:\/\/kengmingcn.com\/wp-content\/uploads\/2025\/05\/5.jpg\",\"contentUrl\":\"https:\/\/kengmingcn.com\/wp-content\/uploads\/2025\/05\/5.jpg\",\"width\":800,\"height\":800,\"caption\":\"6 Bucket Icicle Machine\"},{\"@type\":\"BreadcrumbList\",\"@id\":\"https:\/\/kengmingcn.com\/it\/product\/6-secchi-macchina-per-ghiaccioli-macchina-per-ghiaccio-tritato-1200w-ljm120\/#breadcrumb\",\"itemListElement\":[{\"@type\":\"ListItem\",\"position\":1,\"name\":\"Home\",\"item\":\"https:\/\/kengmingcn.com\/\"},{\"@type\":\"ListItem\",\"position\":2,\"name\":\"Catalogue\",\"item\":\"https:\/\/kengmingcn.com\/?page_id=27131\"},{\"@type\":\"ListItem\",\"position\":3,\"name\":\"6 Bucket Icicle Machine, Shaved Ice Machine 1200W LJM120\"}]},{\"@type\":\"WebSite\",\"@id\":\"https:\/\/kengmingcn.com\/#website\",\"url\":\"https:\/\/kengmingcn.com\/\",\"name\":\"Kitchen Equipment\",\"description\":\"KengMing is a professional commercial kitchen equipment manufacturer and wholesale supplier, offering cooking, food prep and bakery equipment with OEM &amp; ODM service for global distributors.\",\"publisher\":{\"@id\":\"https:\/\/kengmingcn.com\/#organization\"},\"potentialAction\":[{\"@type\":\"SearchAction\",\"target\":{\"@type\":\"EntryPoint\",\"urlTemplate\":\"https:\/\/kengmingcn.com\/?s={search_term_string}\"},\"query-input\":{\"@type\":\"PropertyValueSpecification\",\"valueRequired\":true,\"valueName\":\"search_term_string\"}}],\"inLanguage\":\"es\"},{\"@type\":\"Organization\",\"@id\":\"https:\/\/kengmingcn.com\/#organization\",\"name\":\"GuangZhou KengMing\",\"url\":\"https:\/\/kengmingcn.com\/\",\"logo\":{\"@type\":\"ImageObject\",\"inLanguage\":\"es\",\"@id\":\"https:\/\/kengmingcn.com\/#\/schema\/logo\/image\/\",\"url\":\"https:\/\/kengmingcn.com\/wp-content\/uploads\/2025\/04\/cropped-1744508604969-removebg-preview.png\",\"contentUrl\":\"https:\/\/kengmingcn.com\/wp-content\/uploads\/2025\/04\/cropped-1744508604969-removebg-preview.png\",\"width\":512,\"height\":512,\"caption\":\"GuangZhou KengMing\"},\"image\":{\"@id\":\"https:\/\/kengmingcn.com\/#\/schema\/logo\/image\/\"}}]}<\/script>\n<meta property=\"product:price:amount\" content=\"0.00\" \/>\n<meta property=\"product:price:currency\" content=\"USD\" \/>\n<meta property=\"og:availability\" content=\"instock\" \/>\n<meta property=\"product:availability\" content=\"instock\" \/>\n<meta property=\"product:condition\" content=\"new\" \/>\n<!-- \/ Yoast SEO Premium plugin. -->","yoast_head_json":{"title":"6 Cubo Icicle M\u00e1quina, M\u00e1quina de hielo raspado 1200W LJM120","description":"6 Cubo Icicle M\u00e1quina, M\u00e1quina de hielo raspado 1200W LJM120","robots":{"index":"index","follow":"follow","max-snippet":"max-snippet:-1","max-image-preview":"max-image-preview:large","max-video-preview":"max-video-preview:-1"},"canonical":"https:\/\/kengmingcn.com\/es\/product\/maquina-de-hielo-raspado-de-6-cubos-1200w-ljm120\/","og_locale":"es_MX","og_type":"article","og_title":"6 Bucket Icicle Machine, Shaved Ice Machine 1200W LJM120","og_description":"6 Bucket Icicle Machine, Shaved Ice Machine 1200W LJM120","og_url":"https:\/\/kengmingcn.com\/es\/product\/maquina-de-hielo-raspado-de-6-cubos-1200w-ljm120\/","og_site_name":"KengMing | Manufacturer of Commercial Kitchen Equipment","article_modified_time":"2025-11-24T07:40:31+00:00","og_image":[{"width":800,"height":800,"url":"https:\/\/kengmingcn.com\/wp-content\/uploads\/2025\/05\/5.jpg","type":"image\/jpeg"}],"twitter_card":"summary_large_image","twitter_misc":{"Precio":"","Disponibilidad":"Disponible"},"schema":{"@context":"https:\/\/schema.org","@graph":[{"@type":"WebPage","@id":"https:\/\/kengmingcn.com\/it\/product\/6-secchi-macchina-per-ghiaccioli-macchina-per-ghiaccio-tritato-1200w-ljm120\/","url":"https:\/\/kengmingcn.com\/it\/product\/6-secchi-macchina-per-ghiaccioli-macchina-per-ghiaccio-tritato-1200w-ljm120\/","name":"6 Cubo Icicle M\u00e1quina, M\u00e1quina de hielo raspado 1200W LJM120","isPartOf":{"@id":"https:\/\/kengmingcn.com\/#website"},"primaryImageOfPage":{"@id":"https:\/\/kengmingcn.com\/it\/product\/6-secchi-macchina-per-ghiaccioli-macchina-per-ghiaccio-tritato-1200w-ljm120\/#primaryimage"},"image":{"@id":"https:\/\/kengmingcn.com\/it\/product\/6-secchi-macchina-per-ghiaccioli-macchina-per-ghiaccio-tritato-1200w-ljm120\/#primaryimage"},"thumbnailUrl":"https:\/\/kengmingcn.com\/wp-content\/uploads\/2025\/05\/5.jpg","datePublished":"2025-05-06T10:45:37+00:00","dateModified":"2025-11-24T07:40:31+00:00","description":"6 Cubo Icicle M\u00e1quina, M\u00e1quina de hielo raspado 1200W LJM120","breadcrumb":{"@id":"https:\/\/kengmingcn.com\/it\/product\/6-secchi-macchina-per-ghiaccioli-macchina-per-ghiaccio-tritato-1200w-ljm120\/#breadcrumb"},"inLanguage":"es","potentialAction":[{"@type":"ReadAction","target":["https:\/\/kengmingcn.com\/it\/product\/6-secchi-macchina-per-ghiaccioli-macchina-per-ghiaccio-tritato-1200w-ljm120\/"]}]},{"@type":"ImageObject","inLanguage":"es","@id":"https:\/\/kengmingcn.com\/it\/product\/6-secchi-macchina-per-ghiaccioli-macchina-per-ghiaccio-tritato-1200w-ljm120\/#primaryimage","url":"https:\/\/kengmingcn.com\/wp-content\/uploads\/2025\/05\/5.jpg","contentUrl":"https:\/\/kengmingcn.com\/wp-content\/uploads\/2025\/05\/5.jpg","width":800,"height":800,"caption":"6 Bucket Icicle Machine"},{"@type":"BreadcrumbList","@id":"https:\/\/kengmingcn.com\/it\/product\/6-secchi-macchina-per-ghiaccioli-macchina-per-ghiaccio-tritato-1200w-ljm120\/#breadcrumb","itemListElement":[{"@type":"ListItem","position":1,"name":"Home","item":"https:\/\/kengmingcn.com\/"},{"@type":"ListItem","position":2,"name":"Catalogue","item":"https:\/\/kengmingcn.com\/?page_id=27131"},{"@type":"ListItem","position":3,"name":"6 Bucket Icicle Machine, Shaved Ice Machine 1200W LJM120"}]},{"@type":"WebSite","@id":"https:\/\/kengmingcn.com\/#website","url":"https:\/\/kengmingcn.com\/","name":"Equipamiento de cocina","description":"KengMing es un fabricante profesional de equipos de cocina comercial y proveedor mayorista, que ofrece equipos de cocina, preparaci\u00f3n de alimentos y panader\u00eda con servicio OEM y ODM para distribuidores globales.","publisher":{"@id":"https:\/\/kengmingcn.com\/#organization"},"potentialAction":[{"@type":"SearchAction","target":{"@type":"EntryPoint","urlTemplate":"https:\/\/kengmingcn.com\/?s={search_term_string}"},"query-input":{"@type":"PropertyValueSpecification","valueRequired":true,"valueName":"search_term_string"}}],"inLanguage":"es"},{"@type":"Organization","@id":"https:\/\/kengmingcn.com\/#organization","name":"GuangZhou KengMing","url":"https:\/\/kengmingcn.com\/","logo":{"@type":"ImageObject","inLanguage":"es","@id":"https:\/\/kengmingcn.com\/#\/schema\/logo\/image\/","url":"https:\/\/kengmingcn.com\/wp-content\/uploads\/2025\/04\/cropped-1744508604969-removebg-preview.png","contentUrl":"https:\/\/kengmingcn.com\/wp-content\/uploads\/2025\/04\/cropped-1744508604969-removebg-preview.png","width":512,"height":512,"caption":"GuangZhou KengMing"},"image":{"@id":"https:\/\/kengmingcn.com\/#\/schema\/logo\/image\/"}}]},"product_price_amount":"0.00","product_price_currency":"USD","og_availability":"instock","product_availability":"instock","product_condition":"new"},"_links":{"self":[{"href":"https:\/\/kengmingcn.com\/es\/wp-json\/wp\/v2\/product\/50136","targetHints":{"allow":["GET"]}}],"collection":[{"href":"https:\/\/kengmingcn.com\/es\/wp-json\/wp\/v2\/product"}],"about":[{"href":"https:\/\/kengmingcn.com\/es\/wp-json\/wp\/v2\/types\/product"}],"replies":[{"embeddable":true,"href":"https:\/\/kengmingcn.com\/es\/wp-json\/wp\/v2\/comments?post=50136"}],"wp:featuredmedia":[{"embeddable":true,"href":"https:\/\/kengmingcn.com\/es\/wp-json\/wp\/v2\/media\/50138"}],"wp:attachment":[{"href":"https:\/\/kengmingcn.com\/es\/wp-json\/wp\/v2\/media?parent=50136"}],"wp:term":[{"taxonomy":"product_brand","embeddable":true,"href":"https:\/\/kengmingcn.com\/es\/wp-json\/wp\/v2\/product_brand?post=50136"},{"taxonomy":"product_cat","embeddable":true,"href":"https:\/\/kengmingcn.com\/es\/wp-json\/wp\/v2\/product_cat?post=50136"},{"taxonomy":"product_tag","embeddable":true,"href":"https:\/\/kengmingcn.com\/es\/wp-json\/wp\/v2\/product_tag?post=50136"}],"curies":[{"name":"wp","href":"https:\/\/api.w.org\/{rel}","templated":true}]}}