{"id":50128,"date":"2025-05-06T18:40:40","date_gmt":"2025-05-06T10:40:40","guid":{"rendered":"https:\/\/kengmingcn.com\/?post_type=product&#038;p=50128"},"modified":"2025-06-12T17:40:51","modified_gmt":"2025-06-12T09:40:51","slug":"maquina-de-yogurt-de-corte-grueso-2000w-alto-rendimiento-maquina-de-helado-frito-maquina-de-hielo-enrollado-ljs2050af","status":"publish","type":"product","link":"https:\/\/kengmingcn.com\/es\/product\/maquina-de-yogurt-de-corte-grueso-2000w-alto-rendimiento-maquina-de-helado-frito-maquina-de-hielo-enrollado-ljs2050af\/","title":{"rendered":"M\u00e1quina de Yogur de Corte Grueso 2000W M\u00e1quina de Helado Frito de Alto Rendimiento M\u00e1quina de Hielo Laminado LJS2050AF"},"content":{"rendered":"<div style=\"width: 640px;\" class=\"wp-video\"><!--[if lt IE 9]><script>document.createElement('video');<\/script><![endif]-->\n<video class=\"wp-video-shortcode\" id=\"video-50128-1\" width=\"640\" height=\"360\" preload=\"metadata\" controls=\"controls\"><source type=\"video\/mp4\" src=\"https:\/\/cdn-gzkm.b-cdn.net\/Model\/LJS2050AF\/Yogurt%20Machine.mp4?_=1\" \/><a href=\"https:\/\/cdn-gzkm.b-cdn.net\/Model\/LJS2050AF\/Yogurt%20Machine.mp4\">https:\/\/cdn-gzkm.b-cdn.net\/Model\/LJS2050AF\/Yogurt%20Machine.mp4<\/a><\/video><\/div>\n<p>La m\u00e1quina de helado revuelto es un dispositivo utilizado para hacer helado revuelto fresco. Congela y revuelve r\u00e1pidamente los ingredientes del helado, incluido el l\u00edquido original y diversos aderezos como frutas y frutos secos, verti\u00e9ndolos en una bandeja congeladora. La bandeja de congelaci\u00f3n de la unidad proporciona temperaturas fr\u00edas que permiten que los ingredientes se congelen r\u00e1pidamente mientras el operario utiliza una esp\u00e1tula para remover y girar constantemente los ingredientes a fin de garantizar que el helado se mezcle uniformemente y consiga la textura deseada. Este proceso permite crear una gran variedad de sabores de helado y contribuye a la naturaleza interactiva y divertida del proceso de producci\u00f3n.<\/p>\n<figure class=\"wp-block-image\"><img decoding=\"async\" src=\"https:\/\/image.made-in-china.com\/226f3j00AcBCNGsqcvoj\/2000W-High-Performance-Fried-Ice-Cream-Machine-Rolled-Ice-Machine-LJS2050AF-220V50Hz-.webp\" alt=\"M\u00e1quina de helado frito de alto rendimiento 2000W M\u00e1quina de helado enrollado (LJS2050AF-220V50Hz)\" \/><\/figure>\n<p>1.Tecnolog\u00eda de congelaci\u00f3n r\u00e1pida: La bandeja de congelaci\u00f3n congela r\u00e1pidamente los ingredientes a una temperatura muy baja, creando una delicada textura de helado.<br \/>\n2.Manejo diversificado de ingredientes: Puede manejar una variedad de coberturas e ingredientes, como frutas, chocolates, nueces, etc., para crear helados con ricos sabores.<br \/>\n3.Interactivo: El helado se elabora in situ, lo que permite a los clientes participar en la elecci\u00f3n y ver el proceso de producci\u00f3n, aumentando la sensaci\u00f3n de experiencia.<br \/>\n4.Mezcla uniforme: La agitaci\u00f3n constante y el volteo a trav\u00e9s de la esp\u00e1tula aseguran una mezcla uniforme y un sabor consistente del helado.<br \/>\n5.Materiales de alta calidad: Generalmente se utilizan materiales y estructuras de congelaci\u00f3n duraderos para garantizar un funcionamiento estable a largo plazo.<br \/>\n6.F\u00e1cil manejo: Equipado con un panel de control intuitivo, es f\u00e1cil de operar y ajustar el proceso de producci\u00f3n.<\/p>\n<figure class=\"wp-block-image\"><img decoding=\"async\" src=\"https:\/\/image.made-in-china.com\/226f3j00dbMvnLZytBkS\/2000W-High-Performance-Fried-Ice-Cream-Machine-Rolled-Ice-Machine-LJS2050AF-220V50Hz-.webp\" alt=\"M\u00e1quina de helado frito de alto rendimiento 2000W M\u00e1quina de helado enrollado (LJS2050AF-220V50Hz)\" \/><\/figure>\n<figure class=\"wp-block-image\"><img decoding=\"async\" src=\"https:\/\/image.made-in-china.com\/226f3j00doCMNkKBtvqS\/2000W-High-Performance-Fried-Ice-Cream-Machine-Rolled-Ice-Machine-LJS2050AF-220V50Hz-.webp\" alt=\"M\u00e1quina de helado frito de alto rendimiento 2000W M\u00e1quina de helado enrollado (LJS2050AF-220V50Hz)\" \/><\/figure>\n<p><img decoding=\"async\" class=\"alignnone size-full wp-image-50876\" src=\"http:\/\/kengmingcn.com\/wp-content\/uploads\/2025\/05\/Fried-Ice-Cream-Machine-Rolled-Ice-Machine-LJS2050AF_11zon.webp\" alt=\"M\u00e1quina de helados fritos M\u00e1quina de hielo en rollo LJS2050AF\" width=\"1060\" height=\"500\" srcset=\"https:\/\/kengmingcn.com\/wp-content\/uploads\/2025\/05\/Fried-Ice-Cream-Machine-Rolled-Ice-Machine-LJS2050AF_11zon.webp 1060w, https:\/\/kengmingcn.com\/wp-content\/uploads\/2025\/05\/Fried-Ice-Cream-Machine-Rolled-Ice-Machine-LJS2050AF_11zon-300x142.webp 300w, https:\/\/kengmingcn.com\/wp-content\/uploads\/2025\/05\/Fried-Ice-Cream-Machine-Rolled-Ice-Machine-LJS2050AF_11zon-1024x483.webp 1024w, https:\/\/kengmingcn.com\/wp-content\/uploads\/2025\/05\/Fried-Ice-Cream-Machine-Rolled-Ice-Machine-LJS2050AF_11zon-768x362.webp 768w\" sizes=\"(max-width: 1060px) 100vw, 1060px\" \/><\/p>\n<p>1. Tienda de t\u00e9 con leche:<br \/>\nFinalidad: Preparar r\u00e1pidamente varios sabores de smoothie frito de t\u00e9 con leche para aumentar la diversidad del men\u00fa.<br \/>\nEjemplo: Tienda de t\u00e9 con leche que utiliza una m\u00e1quina autom\u00e1tica de batidos fritos para preparar t\u00e9 con leche batido frito de mango, t\u00e9 con leche batido frito de fresa para atraer a los clientes.<br \/>\n2. Helader\u00eda:<br \/>\nFinalidad: Elaborar helados fritos y ofrecer a los clientes una experiencia heladera \u00fanica.<br \/>\nEjemplo: Las helader\u00edas utilizan la m\u00e1quina de batidos fritos para hacer helado frito de chocolate o helado frito de frutas variadas para aumentar la variedad de productos.<br \/>\n3. Cadena de restaurantes:<br \/>\nFinalidad: Normalizar el proceso de producci\u00f3n para garantizar que todas las tiendas ofrezcan batidos de calidad homog\u00e9nea.<br \/>\nEjemplo: Una cadena de restaurantes lanza una serie de batidos fritos en verano, como el batido frito de fresa y pl\u00e1tano, para garantizar la misma calidad en cada establecimiento.<br \/>\n4. Cafeter\u00eda:<br \/>\nFinalidad: Ofrecer a los clientes la posibilidad de preparar batidos fritos in situ para aumentar la interactividad en el restaurante.<br \/>\nEjemplo: la cafeter\u00eda instala una m\u00e1quina de batidos fritos, los clientes pueden elegir diferentes ingredientes y sabores para hacer batidos in situ.<br \/>\n5. Eventos y exposiciones:<br \/>\nFinalidad: Producir r\u00e1pidamente grandes cantidades de batidos para satisfacer la gran demanda durante los eventos.<br \/>\nEjemplo: Utilizar una m\u00e1quina de batidos fritos en festivales de m\u00fasica de verano o exposiciones para servir grandes cantidades de bebidas batidas, como batidos fritos mezclados con frutas.<\/p>\n<figure class=\"wp-block-image\"><img decoding=\"async\" src=\"https:\/\/image.made-in-china.com\/226f3j00doBvnJslzMbS\/2000W-High-Performance-Fried-Ice-Cream-Machine-Rolled-Ice-Machine-LJS2050AF-220V50Hz-.webp\" alt=\"M\u00e1quina de helado frito de alto rendimiento 2000W M\u00e1quina de helado enrollado (LJS2050AF-220V50Hz)\" \/><\/figure>\n<figure class=\"wp-block-image\"><img decoding=\"async\" src=\"https:\/\/image.made-in-china.com\/226f3j00akCvNYjsweoO\/2000W-High-Performance-Fried-Ice-Cream-Machine-Rolled-Ice-Machine-LJS2050AF-220V50Hz-.webp\" alt=\"M\u00e1quina de helado frito de alto rendimiento 2000W M\u00e1quina de helado enrollado (LJS2050AF-220V50Hz)\" \/><\/figure>","protected":false},"excerpt":{"rendered":"<ul>\n<li>Potencia: 2000W<\/li>\n<li>Refrigerante: R22<\/li>\n<li>Tama\u00f1o de la sart\u00e9n: 50*50*3,5cm<\/li>\n<li>Accesorio: Tapa1\/Molde1\/Esp\u00e1tula2<\/li>\n<li>M\u00e9todo de fabricaci\u00f3n de hielo: Compresor para refrigeraci\u00f3n r\u00e1pida<\/li>\n<li>Materias primas: Fruta\/Yogur\/Bebidas\/Helado<\/li>\n<li>Lugares de aplicaci\u00f3n: Helader\u00eda\/Cocina\/Catering<\/li>\n<\/ul>","protected":false},"featured_media":50130,"comment_status":"open","ping_status":"closed","template":"","meta":{"_acf_changed":false},"product_brand":[],"product_cat":[251,275],"product_tag":[],"class_list":{"0":"post-50128","1":"product","2":"type-product","3":"status-publish","4":"has-post-thumbnail","6":"product_cat-fried-lce-cream-machine","7":"product_cat-refrigeration-equipment","8":"description-off","10":"first","11":"instock","12":"shipping-taxable","13":"product-type-simple"},"acf":[],"yoast_head":"<!-- This site is optimized with the Yoast SEO Premium plugin v25.3 (Yoast SEO v26.3) - https:\/\/yoast.com\/wordpress\/plugins\/seo\/ -->\n<title>Thick Cut Yogurt Machine 2000W<\/title>\n<meta name=\"description\" content=\"Thick Cut Yogurt Machine 2000W High Performance Fried Ice Cream Machine Rolled Ice Machine LJS2050AF\" \/>\n<meta name=\"robots\" content=\"index, follow, max-snippet:-1, max-image-preview:large, max-video-preview:-1\" \/>\n<link rel=\"canonical\" href=\"https:\/\/kengmingcn.com\/es\/product\/maquina-de-yogurt-de-corte-grueso-2000w-alto-rendimiento-maquina-de-helado-frito-maquina-de-hielo-enrollado-ljs2050af\/\" \/>\n<meta property=\"og:locale\" content=\"es_MX\" \/>\n<meta property=\"og:type\" content=\"article\" \/>\n<meta property=\"og:title\" content=\"Thick Cut Yogurt Machine 2000W High Performance Fried Ice Cream Machine Rolled Ice Machine LJS2050AF\" \/>\n<meta property=\"og:description\" content=\"Thick Cut Yogurt Machine 2000W High Performance Fried Ice Cream Machine Rolled Ice Machine LJS2050AF\" \/>\n<meta property=\"og:url\" content=\"https:\/\/kengmingcn.com\/es\/product\/maquina-de-yogurt-de-corte-grueso-2000w-alto-rendimiento-maquina-de-helado-frito-maquina-de-hielo-enrollado-ljs2050af\/\" \/>\n<meta property=\"og:site_name\" content=\"KengMing | Manufacturer of Commercial Kitchen Equipment\" \/>\n<meta property=\"article:modified_time\" content=\"2025-06-12T09:40:51+00:00\" \/>\n<meta property=\"og:image\" content=\"https:\/\/kengmingcn.com\/wp-content\/uploads\/2025\/05\/1-1.png\" \/>\n\t<meta property=\"og:image:width\" content=\"550\" \/>\n\t<meta property=\"og:image:height\" content=\"550\" \/>\n\t<meta property=\"og:image:type\" content=\"image\/png\" \/>\n<meta name=\"twitter:card\" content=\"summary_large_image\" \/>\n<meta name=\"twitter:label1\" content=\"Precio\" \/>\n\t<meta name=\"twitter:data1\" content=\"\" \/>\n\t<meta name=\"twitter:label2\" content=\"Disponibilidad\" \/>\n\t<meta name=\"twitter:data2\" content=\"Disponible\" \/>\n<script type=\"application\/ld+json\" class=\"yoast-schema-graph\">{\"@context\":\"https:\/\/schema.org\",\"@graph\":[{\"@type\":\"WebPage\",\"@id\":\"https:\/\/kengmingcn.com\/ar\/product\/%d8%a2%d9%84%d8%a9-%d8%b5%d9%86%d8%b9-%d8%a7%d9%84%d8%b2%d8%a8%d8%a7%d8%af%d9%8a-%d8%a7%d9%84%d9%85%d9%82%d8%b7%d9%88%d8%b9-%d8%a7%d9%84%d8%b3%d9%85%d9%8a%d9%83-2000-%d9%88%d8%a7%d8%b7-%d8%a2%d9%84\/\",\"url\":\"https:\/\/kengmingcn.com\/ar\/product\/%d8%a2%d9%84%d8%a9-%d8%b5%d9%86%d8%b9-%d8%a7%d9%84%d8%b2%d8%a8%d8%a7%d8%af%d9%8a-%d8%a7%d9%84%d9%85%d9%82%d8%b7%d9%88%d8%b9-%d8%a7%d9%84%d8%b3%d9%85%d9%8a%d9%83-2000-%d9%88%d8%a7%d8%b7-%d8%a2%d9%84\/\",\"name\":\"Thick Cut Yogurt Machine 2000W\",\"isPartOf\":{\"@id\":\"https:\/\/kengmingcn.com\/#website\"},\"primaryImageOfPage\":{\"@id\":\"https:\/\/kengmingcn.com\/ar\/product\/%d8%a2%d9%84%d8%a9-%d8%b5%d9%86%d8%b9-%d8%a7%d9%84%d8%b2%d8%a8%d8%a7%d8%af%d9%8a-%d8%a7%d9%84%d9%85%d9%82%d8%b7%d9%88%d8%b9-%d8%a7%d9%84%d8%b3%d9%85%d9%8a%d9%83-2000-%d9%88%d8%a7%d8%b7-%d8%a2%d9%84\/#primaryimage\"},\"image\":{\"@id\":\"https:\/\/kengmingcn.com\/ar\/product\/%d8%a2%d9%84%d8%a9-%d8%b5%d9%86%d8%b9-%d8%a7%d9%84%d8%b2%d8%a8%d8%a7%d8%af%d9%8a-%d8%a7%d9%84%d9%85%d9%82%d8%b7%d9%88%d8%b9-%d8%a7%d9%84%d8%b3%d9%85%d9%8a%d9%83-2000-%d9%88%d8%a7%d8%b7-%d8%a2%d9%84\/#primaryimage\"},\"thumbnailUrl\":\"https:\/\/kengmingcn.com\/wp-content\/uploads\/2025\/05\/1-1.png\",\"datePublished\":\"2025-05-06T10:40:40+00:00\",\"dateModified\":\"2025-06-12T09:40:51+00:00\",\"description\":\"Thick Cut Yogurt Machine 2000W High Performance Fried Ice Cream Machine Rolled Ice Machine LJS2050AF\",\"breadcrumb\":{\"@id\":\"https:\/\/kengmingcn.com\/ar\/product\/%d8%a2%d9%84%d8%a9-%d8%b5%d9%86%d8%b9-%d8%a7%d9%84%d8%b2%d8%a8%d8%a7%d8%af%d9%8a-%d8%a7%d9%84%d9%85%d9%82%d8%b7%d9%88%d8%b9-%d8%a7%d9%84%d8%b3%d9%85%d9%8a%d9%83-2000-%d9%88%d8%a7%d8%b7-%d8%a2%d9%84\/#breadcrumb\"},\"inLanguage\":\"es\",\"potentialAction\":[{\"@type\":\"ReadAction\",\"target\":[\"https:\/\/kengmingcn.com\/ar\/product\/%d8%a2%d9%84%d8%a9-%d8%b5%d9%86%d8%b9-%d8%a7%d9%84%d8%b2%d8%a8%d8%a7%d8%af%d9%8a-%d8%a7%d9%84%d9%85%d9%82%d8%b7%d9%88%d8%b9-%d8%a7%d9%84%d8%b3%d9%85%d9%8a%d9%83-2000-%d9%88%d8%a7%d8%b7-%d8%a2%d9%84\/\"]}]},{\"@type\":\"ImageObject\",\"inLanguage\":\"es\",\"@id\":\"https:\/\/kengmingcn.com\/ar\/product\/%d8%a2%d9%84%d8%a9-%d8%b5%d9%86%d8%b9-%d8%a7%d9%84%d8%b2%d8%a8%d8%a7%d8%af%d9%8a-%d8%a7%d9%84%d9%85%d9%82%d8%b7%d9%88%d8%b9-%d8%a7%d9%84%d8%b3%d9%85%d9%8a%d9%83-2000-%d9%88%d8%a7%d8%b7-%d8%a2%d9%84\/#primaryimage\",\"url\":\"https:\/\/kengmingcn.com\/wp-content\/uploads\/2025\/05\/1-1.png\",\"contentUrl\":\"https:\/\/kengmingcn.com\/wp-content\/uploads\/2025\/05\/1-1.png\",\"width\":550,\"height\":550,\"caption\":\"Yogurt Machine LJS2050AF\"},{\"@type\":\"BreadcrumbList\",\"@id\":\"https:\/\/kengmingcn.com\/ar\/product\/%d8%a2%d9%84%d8%a9-%d8%b5%d9%86%d8%b9-%d8%a7%d9%84%d8%b2%d8%a8%d8%a7%d8%af%d9%8a-%d8%a7%d9%84%d9%85%d9%82%d8%b7%d9%88%d8%b9-%d8%a7%d9%84%d8%b3%d9%85%d9%8a%d9%83-2000-%d9%88%d8%a7%d8%b7-%d8%a2%d9%84\/#breadcrumb\",\"itemListElement\":[{\"@type\":\"ListItem\",\"position\":1,\"name\":\"Home\",\"item\":\"https:\/\/kengmingcn.com\/\"},{\"@type\":\"ListItem\",\"position\":2,\"name\":\"Catalogue\",\"item\":\"https:\/\/kengmingcn.com\/?page_id=27131\"},{\"@type\":\"ListItem\",\"position\":3,\"name\":\"Thick Cut Yogurt Machine 2000W High Performance Fried Ice Cream Machine Rolled Ice Machine LJS2050AF\"}]},{\"@type\":\"WebSite\",\"@id\":\"https:\/\/kengmingcn.com\/#website\",\"url\":\"https:\/\/kengmingcn.com\/\",\"name\":\"Kitchen Equipment\",\"description\":\"KengMing is a professional commercial kitchen equipment manufacturer and wholesale supplier, offering cooking, food prep and bakery equipment with OEM &amp; ODM service for global distributors.\",\"publisher\":{\"@id\":\"https:\/\/kengmingcn.com\/#organization\"},\"potentialAction\":[{\"@type\":\"SearchAction\",\"target\":{\"@type\":\"EntryPoint\",\"urlTemplate\":\"https:\/\/kengmingcn.com\/?s={search_term_string}\"},\"query-input\":{\"@type\":\"PropertyValueSpecification\",\"valueRequired\":true,\"valueName\":\"search_term_string\"}}],\"inLanguage\":\"es\"},{\"@type\":\"Organization\",\"@id\":\"https:\/\/kengmingcn.com\/#organization\",\"name\":\"GuangZhou KengMing\",\"url\":\"https:\/\/kengmingcn.com\/\",\"logo\":{\"@type\":\"ImageObject\",\"inLanguage\":\"es\",\"@id\":\"https:\/\/kengmingcn.com\/#\/schema\/logo\/image\/\",\"url\":\"https:\/\/kengmingcn.com\/wp-content\/uploads\/2025\/04\/cropped-1744508604969-removebg-preview.png\",\"contentUrl\":\"https:\/\/kengmingcn.com\/wp-content\/uploads\/2025\/04\/cropped-1744508604969-removebg-preview.png\",\"width\":512,\"height\":512,\"caption\":\"GuangZhou KengMing\"},\"image\":{\"@id\":\"https:\/\/kengmingcn.com\/#\/schema\/logo\/image\/\"}}]}<\/script>\n<meta property=\"product:price:amount\" content=\"0.00\" \/>\n<meta property=\"product:price:currency\" content=\"USD\" \/>\n<meta property=\"og:availability\" content=\"instock\" \/>\n<meta property=\"product:availability\" content=\"instock\" \/>\n<meta property=\"product:condition\" content=\"new\" \/>\n<!-- \/ Yoast SEO Premium plugin. -->","yoast_head_json":{"title":"M\u00e1quina para hacer yogur de corte grueso 2000W","description":"M\u00e1quina de Yogur de Corte Grueso 2000W M\u00e1quina de Helado Frito de Alto Rendimiento M\u00e1quina de Hielo Laminado LJS2050AF","robots":{"index":"index","follow":"follow","max-snippet":"max-snippet:-1","max-image-preview":"max-image-preview:large","max-video-preview":"max-video-preview:-1"},"canonical":"https:\/\/kengmingcn.com\/es\/product\/maquina-de-yogurt-de-corte-grueso-2000w-alto-rendimiento-maquina-de-helado-frito-maquina-de-hielo-enrollado-ljs2050af\/","og_locale":"es_MX","og_type":"article","og_title":"Thick Cut Yogurt Machine 2000W High Performance Fried Ice Cream Machine Rolled Ice Machine LJS2050AF","og_description":"Thick Cut Yogurt Machine 2000W High Performance Fried Ice Cream Machine Rolled Ice Machine LJS2050AF","og_url":"https:\/\/kengmingcn.com\/es\/product\/maquina-de-yogurt-de-corte-grueso-2000w-alto-rendimiento-maquina-de-helado-frito-maquina-de-hielo-enrollado-ljs2050af\/","og_site_name":"KengMing | Manufacturer of Commercial Kitchen Equipment","article_modified_time":"2025-06-12T09:40:51+00:00","og_image":[{"width":550,"height":550,"url":"https:\/\/kengmingcn.com\/wp-content\/uploads\/2025\/05\/1-1.png","type":"image\/png"}],"twitter_card":"summary_large_image","twitter_misc":{"Precio":"","Disponibilidad":"Disponible"},"schema":{"@context":"https:\/\/schema.org","@graph":[{"@type":"WebPage","@id":"https:\/\/kengmingcn.com\/ar\/product\/%d8%a2%d9%84%d8%a9-%d8%b5%d9%86%d8%b9-%d8%a7%d9%84%d8%b2%d8%a8%d8%a7%d8%af%d9%8a-%d8%a7%d9%84%d9%85%d9%82%d8%b7%d9%88%d8%b9-%d8%a7%d9%84%d8%b3%d9%85%d9%8a%d9%83-2000-%d9%88%d8%a7%d8%b7-%d8%a2%d9%84\/","url":"https:\/\/kengmingcn.com\/ar\/product\/%d8%a2%d9%84%d8%a9-%d8%b5%d9%86%d8%b9-%d8%a7%d9%84%d8%b2%d8%a8%d8%a7%d8%af%d9%8a-%d8%a7%d9%84%d9%85%d9%82%d8%b7%d9%88%d8%b9-%d8%a7%d9%84%d8%b3%d9%85%d9%8a%d9%83-2000-%d9%88%d8%a7%d8%b7-%d8%a2%d9%84\/","name":"M\u00e1quina para hacer yogur de corte grueso 2000W","isPartOf":{"@id":"https:\/\/kengmingcn.com\/#website"},"primaryImageOfPage":{"@id":"https:\/\/kengmingcn.com\/ar\/product\/%d8%a2%d9%84%d8%a9-%d8%b5%d9%86%d8%b9-%d8%a7%d9%84%d8%b2%d8%a8%d8%a7%d8%af%d9%8a-%d8%a7%d9%84%d9%85%d9%82%d8%b7%d9%88%d8%b9-%d8%a7%d9%84%d8%b3%d9%85%d9%8a%d9%83-2000-%d9%88%d8%a7%d8%b7-%d8%a2%d9%84\/#primaryimage"},"image":{"@id":"https:\/\/kengmingcn.com\/ar\/product\/%d8%a2%d9%84%d8%a9-%d8%b5%d9%86%d8%b9-%d8%a7%d9%84%d8%b2%d8%a8%d8%a7%d8%af%d9%8a-%d8%a7%d9%84%d9%85%d9%82%d8%b7%d9%88%d8%b9-%d8%a7%d9%84%d8%b3%d9%85%d9%8a%d9%83-2000-%d9%88%d8%a7%d8%b7-%d8%a2%d9%84\/#primaryimage"},"thumbnailUrl":"https:\/\/kengmingcn.com\/wp-content\/uploads\/2025\/05\/1-1.png","datePublished":"2025-05-06T10:40:40+00:00","dateModified":"2025-06-12T09:40:51+00:00","description":"M\u00e1quina de Yogur de Corte Grueso 2000W M\u00e1quina de Helado Frito de Alto Rendimiento M\u00e1quina de Hielo Laminado LJS2050AF","breadcrumb":{"@id":"https:\/\/kengmingcn.com\/ar\/product\/%d8%a2%d9%84%d8%a9-%d8%b5%d9%86%d8%b9-%d8%a7%d9%84%d8%b2%d8%a8%d8%a7%d8%af%d9%8a-%d8%a7%d9%84%d9%85%d9%82%d8%b7%d9%88%d8%b9-%d8%a7%d9%84%d8%b3%d9%85%d9%8a%d9%83-2000-%d9%88%d8%a7%d8%b7-%d8%a2%d9%84\/#breadcrumb"},"inLanguage":"es","potentialAction":[{"@type":"ReadAction","target":["https:\/\/kengmingcn.com\/ar\/product\/%d8%a2%d9%84%d8%a9-%d8%b5%d9%86%d8%b9-%d8%a7%d9%84%d8%b2%d8%a8%d8%a7%d8%af%d9%8a-%d8%a7%d9%84%d9%85%d9%82%d8%b7%d9%88%d8%b9-%d8%a7%d9%84%d8%b3%d9%85%d9%8a%d9%83-2000-%d9%88%d8%a7%d8%b7-%d8%a2%d9%84\/"]}]},{"@type":"ImageObject","inLanguage":"es","@id":"https:\/\/kengmingcn.com\/ar\/product\/%d8%a2%d9%84%d8%a9-%d8%b5%d9%86%d8%b9-%d8%a7%d9%84%d8%b2%d8%a8%d8%a7%d8%af%d9%8a-%d8%a7%d9%84%d9%85%d9%82%d8%b7%d9%88%d8%b9-%d8%a7%d9%84%d8%b3%d9%85%d9%8a%d9%83-2000-%d9%88%d8%a7%d8%b7-%d8%a2%d9%84\/#primaryimage","url":"https:\/\/kengmingcn.com\/wp-content\/uploads\/2025\/05\/1-1.png","contentUrl":"https:\/\/kengmingcn.com\/wp-content\/uploads\/2025\/05\/1-1.png","width":550,"height":550,"caption":"Yogurt Machine LJS2050AF"},{"@type":"BreadcrumbList","@id":"https:\/\/kengmingcn.com\/ar\/product\/%d8%a2%d9%84%d8%a9-%d8%b5%d9%86%d8%b9-%d8%a7%d9%84%d8%b2%d8%a8%d8%a7%d8%af%d9%8a-%d8%a7%d9%84%d9%85%d9%82%d8%b7%d9%88%d8%b9-%d8%a7%d9%84%d8%b3%d9%85%d9%8a%d9%83-2000-%d9%88%d8%a7%d8%b7-%d8%a2%d9%84\/#breadcrumb","itemListElement":[{"@type":"ListItem","position":1,"name":"Home","item":"https:\/\/kengmingcn.com\/"},{"@type":"ListItem","position":2,"name":"Catalogue","item":"https:\/\/kengmingcn.com\/?page_id=27131"},{"@type":"ListItem","position":3,"name":"Thick Cut Yogurt Machine 2000W High Performance Fried Ice Cream Machine Rolled Ice Machine LJS2050AF"}]},{"@type":"WebSite","@id":"https:\/\/kengmingcn.com\/#website","url":"https:\/\/kengmingcn.com\/","name":"Equipamiento de cocina","description":"KengMing es un fabricante profesional de equipos de cocina comercial y proveedor mayorista, que ofrece equipos de cocina, preparaci\u00f3n de alimentos y panader\u00eda con servicio OEM y ODM para distribuidores globales.","publisher":{"@id":"https:\/\/kengmingcn.com\/#organization"},"potentialAction":[{"@type":"SearchAction","target":{"@type":"EntryPoint","urlTemplate":"https:\/\/kengmingcn.com\/?s={search_term_string}"},"query-input":{"@type":"PropertyValueSpecification","valueRequired":true,"valueName":"search_term_string"}}],"inLanguage":"es"},{"@type":"Organization","@id":"https:\/\/kengmingcn.com\/#organization","name":"GuangZhou KengMing","url":"https:\/\/kengmingcn.com\/","logo":{"@type":"ImageObject","inLanguage":"es","@id":"https:\/\/kengmingcn.com\/#\/schema\/logo\/image\/","url":"https:\/\/kengmingcn.com\/wp-content\/uploads\/2025\/04\/cropped-1744508604969-removebg-preview.png","contentUrl":"https:\/\/kengmingcn.com\/wp-content\/uploads\/2025\/04\/cropped-1744508604969-removebg-preview.png","width":512,"height":512,"caption":"GuangZhou KengMing"},"image":{"@id":"https:\/\/kengmingcn.com\/#\/schema\/logo\/image\/"}}]},"product_price_amount":"0.00","product_price_currency":"USD","og_availability":"instock","product_availability":"instock","product_condition":"new"},"_links":{"self":[{"href":"https:\/\/kengmingcn.com\/es\/wp-json\/wp\/v2\/product\/50128","targetHints":{"allow":["GET"]}}],"collection":[{"href":"https:\/\/kengmingcn.com\/es\/wp-json\/wp\/v2\/product"}],"about":[{"href":"https:\/\/kengmingcn.com\/es\/wp-json\/wp\/v2\/types\/product"}],"replies":[{"embeddable":true,"href":"https:\/\/kengmingcn.com\/es\/wp-json\/wp\/v2\/comments?post=50128"}],"wp:featuredmedia":[{"embeddable":true,"href":"https:\/\/kengmingcn.com\/es\/wp-json\/wp\/v2\/media\/50130"}],"wp:attachment":[{"href":"https:\/\/kengmingcn.com\/es\/wp-json\/wp\/v2\/media?parent=50128"}],"wp:term":[{"taxonomy":"product_brand","embeddable":true,"href":"https:\/\/kengmingcn.com\/es\/wp-json\/wp\/v2\/product_brand?post=50128"},{"taxonomy":"product_cat","embeddable":true,"href":"https:\/\/kengmingcn.com\/es\/wp-json\/wp\/v2\/product_cat?post=50128"},{"taxonomy":"product_tag","embeddable":true,"href":"https:\/\/kengmingcn.com\/es\/wp-json\/wp\/v2\/product_tag?post=50128"}],"curies":[{"name":"wp","href":"https:\/\/api.w.org\/{rel}","templated":true}]}}