{"id":50090,"date":"2025-05-06T18:00:17","date_gmt":"2025-05-06T10:00:17","guid":{"rendered":"https:\/\/kengmingcn.com\/?post_type=product&#038;p=50090"},"modified":"2026-01-11T14:03:27","modified_gmt":"2026-01-11T06:03:27","slug":"xhj90f-bingsu-maquina-de-refrigeracion-por-aire","status":"publish","type":"product","link":"https:\/\/kengmingcn.com\/es\/product\/xhj90f-bingsu-maquina-de-refrigeracion-por-aire\/","title":{"rendered":"XHJ90F M\u00e1quina Bingsu Refrigeraci\u00f3n por aire"},"content":{"rendered":"<div style=\"width: 640px;\" class=\"wp-video\"><!--[if lt IE 9]><script>document.createElement('video');<\/script><![endif]-->\n<video class=\"wp-video-shortcode\" id=\"video-50090-1\" width=\"640\" height=\"360\" preload=\"metadata\" controls=\"controls\"><source type=\"video\/mp4\" src=\"https:\/\/cdn-gzkm.b-cdn.net\/Model\/XHJ90F\/90F.mp4?_=1\" \/><a href=\"https:\/\/cdn-gzkm.b-cdn.net\/Model\/XHJ90F\/90F.mp4\">https:\/\/cdn-gzkm.b-cdn.net\/Model\/XHJ90F\/90F.mp4<\/a><\/video><\/div>\n<h2 class=\"wp-block-heading\">Caracter\u00edsticas<\/h2>\n<p>1. Tecnolog\u00eda de congelaci\u00f3n avanzada: Equipado con compresor y condensador de marca de alta eficiencia, as\u00ed como ventilador de alta calidad, lo que garantiza la disipaci\u00f3n de calor del sistema de refrigeraci\u00f3n para asegurar que las materias primas l\u00edquidas se puedan congelar r\u00e1pidamente para mantener la frescura y la nutrici\u00f3n de los ingredientes.<\/p>\n<p>2. Forma de hielo ajustable: los usuarios pueden ajustar la forma del hielo de nieve seg\u00fan sus gustos y preferencias personales, ajustando las materias primas y controlando la velocidad del evaporador, se puede hacer una variedad de formas de hielo, como hielo de nieve, hielo de fideos, hielo en escamas, hielo de oveja, hielo de aguja de varias formas, se puede realizar el sabor desde ligero y suave hasta rico y delicado.<\/p>\n<p>3. Varios sabores para elegir: Es adecuada para todo tipo de materias primas l\u00edquidas, incluyendo zumo de frutas, t\u00e9 con leche, materias primas para postres, c\u00f3cteles, etc., y puede producir una rica variedad de sabores de hielo en copo de nieve para satisfacer las necesidades de sabor de los diferentes consumidores.<\/p>\n<p>4. Dise\u00f1o duradero: fabricado en acero inoxidable 201 y acero inoxidable 304 de alta calidad, la estructura es s\u00f3lida y f\u00e1cil de limpiar y mantener, se adapta al uso prolongado y de alta intensidad del entorno.<\/p>\n<h2 class=\"wp-block-heading\">Escenarios de uso<\/h2>\n<p>\u30101. Tiendas de postres y hielo\u3011: Finalidad: Fabricar copos de nieve y hielo raspado de distintos sabores para atraer a los clientes y ofrecer opciones de hielo innovadoras.<br \/>\nEjemplo: La tienda ofrece diferentes coberturas y saborizantes para que los clientes puedan personalizar su propio hielo en copos de nieve.<br \/>\n\u30102. Restaurantes y Caf\u00e9s\u3011: Prop\u00f3sito: Como parte del postre, ofrecer opciones \u00fanicas de hielo para mejorar la diversidad del men\u00fa del restaurante.<br \/>\nPor ejemplo: Los restaurantes pueden a\u00f1adir hielo en copos de nieve a su carta como postre de sobremesa o utilizarlo para preparar bebidas fr\u00edas especiales.<br \/>\n\u30103. Puestos de comida callejeros y mercados\u3011: Finalidad: El hielo en copos de nieve se fabrica in situ para atraer a los clientes que pasan y ofrecer productos de hielo frescos y sabrosos.<br \/>\nPor ejemplo: Montar puestos de hielo en copos de nieve en mercados nocturnos o bazares de alimentaci\u00f3n para fabricar y vender hielo en copos de nieve reci\u00e9n hecho.<br \/>\n\u30104. Reuniones familiares y eventos privados\u3011: Prop\u00f3sito: Utilizar en reuniones familiares o eventos privados para proporcionar a los invitados una experiencia de hielo fresco y bricolaje.<br \/>\nEjemplo: Uso de una m\u00e1quina de hielo en copos de nieve para hacer hielo en copos de nieve como parte de un postre o una bebida refrescante en una reuni\u00f3n familiar.<br \/>\n\u30105. Eventos y exposiciones a gran escala\u3011: Uso: Proporcionar hielo copo de nieve hecho en el lugar para los visitantes de la exposici\u00f3n o los participantes del evento para mejorar el atractivo y la interactividad del evento.<br \/>\nEjemplo: En exposiciones o festivales se instalan puestos de fabricaci\u00f3n de hielo en forma de copos de nieve para atraer visitantes y ofrecer a los participantes golosinas frescas y deliciosas.<\/p>\n<figure class=\"wp-block-image\"><img decoding=\"async\" class=\"wp-image-393\" src=\"https:\/\/lejieappliance.com\/wp-content\/uploads\/2024\/09\/NO5-%E5%A4%9A%E7%A7%8D%E5%86%B0%E5%9E%8B%E5%8F%AF%E8%B0%83%E3%80%90%E8%AF%A6%E6%83%85%E5%9B%BE%E3%80%91%E9%9B%AA%E8%8A%B1%E5%86%B0%E6%9C%BA-FC80FD220V.50Hz-1.png\" alt=\"Presentaci\u00f3n de los escenarios de aplicaci\u00f3n y las formas que se pueden hacer con la m\u00e1quina de hielo en copos de nieve\" \/><\/figure>\n<figure class=\"wp-block-image\"><img decoding=\"async\" class=\"wp-image-394\" src=\"https:\/\/lejieappliance.com\/wp-content\/uploads\/2024\/09\/NO6-%E5%BA%94%E7%94%A8%E5%9C%BA%E6%99%AF%E4%BB%8B%E7%BB%8D%E3%80%90%E8%AF%A6%E6%83%85%E5%9B%BE%E3%80%91%E9%9B%AA%E8%8A%B1%E5%86%B0%E6%9C%BA-FC80FD220V.50Hz-1.png\" alt=\"Presentaci\u00f3n de los escenarios de aplicaci\u00f3n y las formas que se pueden hacer con la m\u00e1quina de hielo en copos de nieve\" \/><\/figure>\n<p><strong>Consejos\uff1a<\/strong><\/p>\n<p>La m\u00e1quina est\u00e1 refrigerada por aire (F), lo que significa que utiliza su ventilador incorporado para refrigerar los componentes internos. Por favor, mantenga la m\u00e1quina a una distancia de 25-50cm o m\u00e1s de las paredes\/obst\u00e1culos circundantes para mantener un buen efecto de refrigeraci\u00f3n.<\/p>\n<p>Despu\u00e9s de que la m\u00e1quina empiece a enfriarse, tarda 1-2 minutos en preenfriarse. Una vez finalizado el preenfriamiento, se pueden verter las materias primas. Antes de verter los ingredientes, puede verter una peque\u00f1a cantidad de agua para crear una capa de hielo blanco en el tambor. En este punto, a\u00f1adir los ingredientes puede hacer que se distribuyan de forma m\u00e1s uniforme.<\/p>","protected":false},"excerpt":{"rendered":"<ul>\n<li>Potencia: 420 W<\/li>\n<li>Salida\uff1a90KG\/24H<\/li>\n<li>Modelo: XHJ90F<\/li>\n<li>Peso neto de la m\u00e1quina\uff1a22KG<\/li>\n<\/ul>","protected":false},"featured_media":53023,"comment_status":"open","ping_status":"closed","template":"","meta":{"_acf_changed":false},"product_brand":[309],"product_cat":[244,275],"product_tag":[253],"class_list":{"0":"post-50090","1":"product","2":"type-product","3":"status-publish","4":"has-post-thumbnail","6":"product_brand-309","7":"product_cat-bingsu-machine","8":"product_cat-refrigeration-equipment","9":"product_tag-air-cooling","10":"description-off","12":"first","13":"instock","14":"shipping-taxable","15":"product-type-simple"},"acf":[],"yoast_head":"<!-- This site is optimized with the Yoast SEO Premium plugin v25.3 (Yoast SEO v26.3) - https:\/\/yoast.com\/wordpress\/plugins\/seo\/ -->\n<title>XHJ90F Bingsu Machine Air cooling - KengMing | Manufacturer of Commercial Kitchen Equipment<\/title>\n<meta name=\"description\" content=\"XHJ90F Bingsu Machine Air cooling\" \/>\n<meta name=\"robots\" content=\"index, follow, max-snippet:-1, max-image-preview:large, max-video-preview:-1\" \/>\n<link rel=\"canonical\" href=\"https:\/\/kengmingcn.com\/es\/product\/xhj90f-bingsu-maquina-de-refrigeracion-por-aire\/\" \/>\n<meta property=\"og:locale\" content=\"es_MX\" \/>\n<meta property=\"og:type\" content=\"article\" \/>\n<meta property=\"og:title\" content=\"XHJ90F Bingsu Machine Air cooling\" \/>\n<meta property=\"og:description\" content=\"XHJ90F Bingsu Machine Air cooling\" \/>\n<meta property=\"og:url\" content=\"https:\/\/kengmingcn.com\/es\/product\/xhj90f-bingsu-maquina-de-refrigeracion-por-aire\/\" \/>\n<meta property=\"og:site_name\" content=\"KengMing | Manufacturer of Commercial Kitchen Equipment\" \/>\n<meta property=\"article:modified_time\" content=\"2026-01-11T06:03:27+00:00\" \/>\n<meta property=\"og:image\" content=\"https:\/\/kengmingcn.com\/wp-content\/uploads\/2025\/05\/XHJ90F_2_11zon.webp\" \/>\n\t<meta property=\"og:image:width\" content=\"800\" \/>\n\t<meta property=\"og:image:height\" content=\"800\" \/>\n\t<meta property=\"og:image:type\" content=\"image\/webp\" \/>\n<meta name=\"twitter:card\" content=\"summary_large_image\" \/>\n<meta name=\"twitter:label1\" content=\"Precio\" \/>\n\t<meta name=\"twitter:data1\" content=\"\" \/>\n\t<meta name=\"twitter:label2\" content=\"Disponibilidad\" \/>\n\t<meta name=\"twitter:data2\" content=\"Disponible\" \/>\n<script type=\"application\/ld+json\" class=\"yoast-schema-graph\">{\"@context\":\"https:\/\/schema.org\",\"@graph\":[{\"@type\":\"WebPage\",\"@id\":\"https:\/\/kengmingcn.com\/it\/product\/raffreddamento-ad-aria-della-macchina-xhj90f-bingsu\/\",\"url\":\"https:\/\/kengmingcn.com\/it\/product\/raffreddamento-ad-aria-della-macchina-xhj90f-bingsu\/\",\"name\":\"XHJ90F Bingsu Machine Air cooling - KengMing | Manufacturer of Commercial Kitchen Equipment\",\"isPartOf\":{\"@id\":\"https:\/\/kengmingcn.com\/#website\"},\"primaryImageOfPage\":{\"@id\":\"https:\/\/kengmingcn.com\/it\/product\/raffreddamento-ad-aria-della-macchina-xhj90f-bingsu\/#primaryimage\"},\"image\":{\"@id\":\"https:\/\/kengmingcn.com\/it\/product\/raffreddamento-ad-aria-della-macchina-xhj90f-bingsu\/#primaryimage\"},\"thumbnailUrl\":\"https:\/\/kengmingcn.com\/wp-content\/uploads\/2025\/05\/XHJ90F_2_11zon.webp\",\"datePublished\":\"2025-05-06T10:00:17+00:00\",\"dateModified\":\"2026-01-11T06:03:27+00:00\",\"description\":\"XHJ90F Bingsu Machine Air cooling\",\"breadcrumb\":{\"@id\":\"https:\/\/kengmingcn.com\/it\/product\/raffreddamento-ad-aria-della-macchina-xhj90f-bingsu\/#breadcrumb\"},\"inLanguage\":\"es\",\"potentialAction\":[{\"@type\":\"ReadAction\",\"target\":[\"https:\/\/kengmingcn.com\/it\/product\/raffreddamento-ad-aria-della-macchina-xhj90f-bingsu\/\"]}]},{\"@type\":\"ImageObject\",\"inLanguage\":\"es\",\"@id\":\"https:\/\/kengmingcn.com\/it\/product\/raffreddamento-ad-aria-della-macchina-xhj90f-bingsu\/#primaryimage\",\"url\":\"https:\/\/kengmingcn.com\/wp-content\/uploads\/2025\/05\/XHJ90F_2_11zon.webp\",\"contentUrl\":\"https:\/\/kengmingcn.com\/wp-content\/uploads\/2025\/05\/XHJ90F_2_11zon.webp\",\"width\":800,\"height\":800,\"caption\":\"XHJ90F 90kg snowflake ice machine\"},{\"@type\":\"BreadcrumbList\",\"@id\":\"https:\/\/kengmingcn.com\/it\/product\/raffreddamento-ad-aria-della-macchina-xhj90f-bingsu\/#breadcrumb\",\"itemListElement\":[{\"@type\":\"ListItem\",\"position\":1,\"name\":\"Home\",\"item\":\"https:\/\/kengmingcn.com\/\"},{\"@type\":\"ListItem\",\"position\":2,\"name\":\"Catalogue\",\"item\":\"https:\/\/kengmingcn.com\/?page_id=27131\"},{\"@type\":\"ListItem\",\"position\":3,\"name\":\"XHJ90F Bingsu Machine Air cooling\"}]},{\"@type\":\"WebSite\",\"@id\":\"https:\/\/kengmingcn.com\/#website\",\"url\":\"https:\/\/kengmingcn.com\/\",\"name\":\"Kitchen Equipment\",\"description\":\"KengMing is a professional commercial kitchen equipment manufacturer and wholesale supplier, offering cooking, food prep and bakery equipment with OEM &amp; ODM service for global distributors.\",\"publisher\":{\"@id\":\"https:\/\/kengmingcn.com\/#organization\"},\"potentialAction\":[{\"@type\":\"SearchAction\",\"target\":{\"@type\":\"EntryPoint\",\"urlTemplate\":\"https:\/\/kengmingcn.com\/?s={search_term_string}\"},\"query-input\":{\"@type\":\"PropertyValueSpecification\",\"valueRequired\":true,\"valueName\":\"search_term_string\"}}],\"inLanguage\":\"es\"},{\"@type\":\"Organization\",\"@id\":\"https:\/\/kengmingcn.com\/#organization\",\"name\":\"GuangZhou KengMing\",\"url\":\"https:\/\/kengmingcn.com\/\",\"logo\":{\"@type\":\"ImageObject\",\"inLanguage\":\"es\",\"@id\":\"https:\/\/kengmingcn.com\/#\/schema\/logo\/image\/\",\"url\":\"https:\/\/kengmingcn.com\/wp-content\/uploads\/2025\/04\/cropped-1744508604969-removebg-preview.png\",\"contentUrl\":\"https:\/\/kengmingcn.com\/wp-content\/uploads\/2025\/04\/cropped-1744508604969-removebg-preview.png\",\"width\":512,\"height\":512,\"caption\":\"GuangZhou KengMing\"},\"image\":{\"@id\":\"https:\/\/kengmingcn.com\/#\/schema\/logo\/image\/\"}}]}<\/script>\n<meta property=\"product:price:amount\" content=\"0.00\" \/>\n<meta property=\"product:price:currency\" content=\"USD\" \/>\n<meta property=\"og:availability\" content=\"instock\" \/>\n<meta property=\"product:availability\" content=\"instock\" \/>\n<meta property=\"product:condition\" content=\"new\" \/>\n<!-- \/ Yoast SEO Premium plugin. -->","yoast_head_json":{"title":"XHJ90F Bingsu M\u00e1quina de refrigeraci\u00f3n por aire - KengMing | Fabricante de equipos de cocina comercial","description":"XHJ90F M\u00e1quina Bingsu Refrigeraci\u00f3n por aire","robots":{"index":"index","follow":"follow","max-snippet":"max-snippet:-1","max-image-preview":"max-image-preview:large","max-video-preview":"max-video-preview:-1"},"canonical":"https:\/\/kengmingcn.com\/es\/product\/xhj90f-bingsu-maquina-de-refrigeracion-por-aire\/","og_locale":"es_MX","og_type":"article","og_title":"XHJ90F Bingsu Machine Air cooling","og_description":"XHJ90F Bingsu Machine Air cooling","og_url":"https:\/\/kengmingcn.com\/es\/product\/xhj90f-bingsu-maquina-de-refrigeracion-por-aire\/","og_site_name":"KengMing | Manufacturer of Commercial Kitchen Equipment","article_modified_time":"2026-01-11T06:03:27+00:00","og_image":[{"width":800,"height":800,"url":"https:\/\/kengmingcn.com\/wp-content\/uploads\/2025\/05\/XHJ90F_2_11zon.webp","type":"image\/webp"}],"twitter_card":"summary_large_image","twitter_misc":{"Precio":"","Disponibilidad":"Disponible"},"schema":{"@context":"https:\/\/schema.org","@graph":[{"@type":"WebPage","@id":"https:\/\/kengmingcn.com\/it\/product\/raffreddamento-ad-aria-della-macchina-xhj90f-bingsu\/","url":"https:\/\/kengmingcn.com\/it\/product\/raffreddamento-ad-aria-della-macchina-xhj90f-bingsu\/","name":"XHJ90F Bingsu M\u00e1quina de refrigeraci\u00f3n por aire - KengMing | Fabricante de equipos de cocina comercial","isPartOf":{"@id":"https:\/\/kengmingcn.com\/#website"},"primaryImageOfPage":{"@id":"https:\/\/kengmingcn.com\/it\/product\/raffreddamento-ad-aria-della-macchina-xhj90f-bingsu\/#primaryimage"},"image":{"@id":"https:\/\/kengmingcn.com\/it\/product\/raffreddamento-ad-aria-della-macchina-xhj90f-bingsu\/#primaryimage"},"thumbnailUrl":"https:\/\/kengmingcn.com\/wp-content\/uploads\/2025\/05\/XHJ90F_2_11zon.webp","datePublished":"2025-05-06T10:00:17+00:00","dateModified":"2026-01-11T06:03:27+00:00","description":"XHJ90F M\u00e1quina Bingsu Refrigeraci\u00f3n por aire","breadcrumb":{"@id":"https:\/\/kengmingcn.com\/it\/product\/raffreddamento-ad-aria-della-macchina-xhj90f-bingsu\/#breadcrumb"},"inLanguage":"es","potentialAction":[{"@type":"ReadAction","target":["https:\/\/kengmingcn.com\/it\/product\/raffreddamento-ad-aria-della-macchina-xhj90f-bingsu\/"]}]},{"@type":"ImageObject","inLanguage":"es","@id":"https:\/\/kengmingcn.com\/it\/product\/raffreddamento-ad-aria-della-macchina-xhj90f-bingsu\/#primaryimage","url":"https:\/\/kengmingcn.com\/wp-content\/uploads\/2025\/05\/XHJ90F_2_11zon.webp","contentUrl":"https:\/\/kengmingcn.com\/wp-content\/uploads\/2025\/05\/XHJ90F_2_11zon.webp","width":800,"height":800,"caption":"XHJ90F 90kg snowflake ice machine"},{"@type":"BreadcrumbList","@id":"https:\/\/kengmingcn.com\/it\/product\/raffreddamento-ad-aria-della-macchina-xhj90f-bingsu\/#breadcrumb","itemListElement":[{"@type":"ListItem","position":1,"name":"Home","item":"https:\/\/kengmingcn.com\/"},{"@type":"ListItem","position":2,"name":"Catalogue","item":"https:\/\/kengmingcn.com\/?page_id=27131"},{"@type":"ListItem","position":3,"name":"XHJ90F Bingsu Machine Air cooling"}]},{"@type":"WebSite","@id":"https:\/\/kengmingcn.com\/#website","url":"https:\/\/kengmingcn.com\/","name":"Equipamiento de cocina","description":"KengMing es un fabricante profesional de equipos de cocina comercial y proveedor mayorista, que ofrece equipos de cocina, preparaci\u00f3n de alimentos y panader\u00eda con servicio OEM y ODM para distribuidores globales.","publisher":{"@id":"https:\/\/kengmingcn.com\/#organization"},"potentialAction":[{"@type":"SearchAction","target":{"@type":"EntryPoint","urlTemplate":"https:\/\/kengmingcn.com\/?s={search_term_string}"},"query-input":{"@type":"PropertyValueSpecification","valueRequired":true,"valueName":"search_term_string"}}],"inLanguage":"es"},{"@type":"Organization","@id":"https:\/\/kengmingcn.com\/#organization","name":"GuangZhou KengMing","url":"https:\/\/kengmingcn.com\/","logo":{"@type":"ImageObject","inLanguage":"es","@id":"https:\/\/kengmingcn.com\/#\/schema\/logo\/image\/","url":"https:\/\/kengmingcn.com\/wp-content\/uploads\/2025\/04\/cropped-1744508604969-removebg-preview.png","contentUrl":"https:\/\/kengmingcn.com\/wp-content\/uploads\/2025\/04\/cropped-1744508604969-removebg-preview.png","width":512,"height":512,"caption":"GuangZhou KengMing"},"image":{"@id":"https:\/\/kengmingcn.com\/#\/schema\/logo\/image\/"}}]},"product_price_amount":"0.00","product_price_currency":"USD","og_availability":"instock","product_availability":"instock","product_condition":"new"},"_links":{"self":[{"href":"https:\/\/kengmingcn.com\/es\/wp-json\/wp\/v2\/product\/50090","targetHints":{"allow":["GET"]}}],"collection":[{"href":"https:\/\/kengmingcn.com\/es\/wp-json\/wp\/v2\/product"}],"about":[{"href":"https:\/\/kengmingcn.com\/es\/wp-json\/wp\/v2\/types\/product"}],"replies":[{"embeddable":true,"href":"https:\/\/kengmingcn.com\/es\/wp-json\/wp\/v2\/comments?post=50090"}],"wp:featuredmedia":[{"embeddable":true,"href":"https:\/\/kengmingcn.com\/es\/wp-json\/wp\/v2\/media\/53023"}],"wp:attachment":[{"href":"https:\/\/kengmingcn.com\/es\/wp-json\/wp\/v2\/media?parent=50090"}],"wp:term":[{"taxonomy":"product_brand","embeddable":true,"href":"https:\/\/kengmingcn.com\/es\/wp-json\/wp\/v2\/product_brand?post=50090"},{"taxonomy":"product_cat","embeddable":true,"href":"https:\/\/kengmingcn.com\/es\/wp-json\/wp\/v2\/product_cat?post=50090"},{"taxonomy":"product_tag","embeddable":true,"href":"https:\/\/kengmingcn.com\/es\/wp-json\/wp\/v2\/product_tag?post=50090"}],"curies":[{"name":"wp","href":"https:\/\/api.w.org\/{rel}","templated":true}]}}