{"id":50079,"date":"2025-05-06T17:47:45","date_gmt":"2025-05-06T09:47:45","guid":{"rendered":"https:\/\/kengmingcn.com\/?post_type=product&#038;p=50079"},"modified":"2026-01-11T11:38:44","modified_gmt":"2026-01-11T03:38:44","slug":"220kg-24h-nieve-maquina-de-hielo-rapida-produccion-bingsu-copo-de-nieve-maquina-con-ce-xhj128fp-1200w-220v-110v","status":"publish","type":"product","link":"https:\/\/kengmingcn.com\/es\/product\/220kg-24h-nieve-maquina-de-hielo-rapida-produccion-bingsu-copo-de-nieve-maquina-con-ce-xhj128fp-1200w-220v-110v\/","title":{"rendered":"220kg\/24h Snow Ice Maker R\u00e1pida Producci\u00f3n Bingsu M\u00e1quina de copos de nieve con CE XHJ128FP-1200W-220V\/110V"},"content":{"rendered":"<div style=\"width: 640px;\" class=\"wp-video\"><!--[if lt IE 9]><script>document.createElement('video');<\/script><![endif]-->\n<video class=\"wp-video-shortcode\" id=\"video-50079-1\" width=\"640\" height=\"360\" preload=\"metadata\" controls=\"controls\"><source type=\"video\/mp4\" src=\"https:\/\/cdn-gzkm.b-cdn.net\/Model\/XHJ128FP%20160FP\/128FP.mp4?_=1\" \/><a href=\"https:\/\/cdn-gzkm.b-cdn.net\/Model\/XHJ128FP%20160FP\/128FP.mp4\">https:\/\/cdn-gzkm.b-cdn.net\/Model\/XHJ128FP%20160FP\/128FP.mp4<\/a><\/video><\/div>\n<p class=\"ai-optimize-29\">La m\u00e1quina de hielo en copos de nieve es un eficiente equipo de fabricaci\u00f3n de bebidas fr\u00edas dise\u00f1ado para hacer hielo en copos de nieve delicado, fresco y crujiente. Mediante una avanzada tecnolog\u00eda de congelaci\u00f3n y un preciso mecanismo de raspado de hielo, puede congelar y raspar r\u00e1pidamente materias primas l\u00edquidas (como zumos, t\u00e9 con leche, c\u00f3cteles, etc.) en suaves y delicadas part\u00edculas similares a copos de nieve, manteniendo el sabor y los nutrientes originales de los alimentos, lo que la convierte en un equipo de bebidas fr\u00edas imprescindible para el verano y todo tipo de actividades.<\/p>\n<h2 class=\"wp-block-heading ai-optimize-30\">Caracter\u00edsticas<\/h2>\n<p class=\"ai-optimize-31\">1. Tecnolog\u00eda de congelaci\u00f3n avanzada: Equipado con compresor y condensador de marca de alta eficiencia, as\u00ed como ventilador de alta calidad, lo que garantiza la disipaci\u00f3n de calor del sistema de refrigeraci\u00f3n para asegurar que las materias primas l\u00edquidas se puedan congelar r\u00e1pidamente para mantener la frescura y la nutrici\u00f3n de los ingredientes.<\/p>\n<p class=\"ai-optimize-32\">2. Forma de hielo ajustable: los usuarios pueden ajustar la forma del hielo de nieve seg\u00fan sus gustos y preferencias personales, ajustando las materias primas y controlando la velocidad del evaporador, se puede hacer una variedad de formas de hielo, como hielo de nieve, hielo de fideos, hielo en escamas, hielo de oveja, hielo de aguja de varias formas, se puede realizar el sabor desde ligero y suave hasta rico y delicado.<\/p>\n<p class=\"ai-optimize-33\">3. Varios sabores para elegir: Es adecuada para todo tipo de materias primas l\u00edquidas, incluyendo zumo de frutas, t\u00e9 con leche, materias primas para postres, c\u00f3cteles, etc., y puede producir una rica variedad de sabores de hielo en copo de nieve para satisfacer las necesidades de sabor de los diferentes consumidores.<\/p>\n<p class=\"ai-optimize-34\">4. Dise\u00f1o duradero: fabricado en acero inoxidable 201 y acero inoxidable 304 de alta calidad, la estructura es s\u00f3lida y f\u00e1cil de limpiar y mantener, se adapta al uso prolongado y de alta intensidad del entorno.<\/p>\n<h2 class=\"wp-block-heading ai-optimize-35\">Escenarios de uso<\/h2>\n<p class=\"ai-optimize-36\">\u30101. Tiendas de postres y hielo\u3011: Finalidad: Fabricar copos de nieve y hielo raspado de distintos sabores para atraer a los clientes y ofrecer opciones de hielo innovadoras.<br \/>\nEjemplo: La tienda ofrece diferentes coberturas y saborizantes para que los clientes puedan personalizar su propio hielo en copos de nieve.<br \/>\n\u30102. Restaurantes y Caf\u00e9s\u3011: Prop\u00f3sito: Como parte del postre, ofrecer opciones \u00fanicas de hielo para mejorar la diversidad del men\u00fa del restaurante.<br \/>\nPor ejemplo: Los restaurantes pueden a\u00f1adir hielo en copos de nieve a su carta como postre de sobremesa o utilizarlo para preparar bebidas fr\u00edas especiales.<br \/>\n\u30103. Puestos de comida callejeros y mercados\u3011: Finalidad: El hielo en copos de nieve se fabrica in situ para atraer a los clientes que pasan y ofrecer productos de hielo frescos y sabrosos.<br \/>\nPor ejemplo: Montar puestos de hielo en copos de nieve en mercados nocturnos o bazares de alimentaci\u00f3n para fabricar y vender hielo en copos de nieve reci\u00e9n hecho.<br \/>\n\u30104. Reuniones familiares y eventos privados\u3011: Prop\u00f3sito: Utilizar en reuniones familiares o eventos privados para proporcionar a los invitados una experiencia de hielo fresco y bricolaje.<br \/>\nEjemplo: Uso de una m\u00e1quina de hielo en copos de nieve para hacer hielo en copos de nieve como parte de un postre o una bebida refrescante en una reuni\u00f3n familiar.<br \/>\n\u30105. Eventos y exposiciones a gran escala\u3011: Uso: Proporcionar hielo copo de nieve hecho en el lugar para los visitantes de la exposici\u00f3n o los participantes del evento para mejorar el atractivo y la interactividad del evento.<br \/>\nEjemplo: En exposiciones o festivales se instalan puestos de fabricaci\u00f3n de hielo en forma de copos de nieve para atraer visitantes y ofrecer a los participantes golosinas frescas y deliciosas.<\/p>\n<figure class=\"wp-block-image size-large\"><img decoding=\"async\" class=\"alignnone size-full wp-image-51247\" src=\"https:\/\/kengmingcn.com\/wp-content\/uploads\/2025\/06\/JMXC100F2-Snow-ice-machine-6.webp\" alt=\"\" width=\"550\" height=\"550\" srcset=\"https:\/\/kengmingcn.com\/wp-content\/uploads\/2025\/06\/JMXC100F2-Snow-ice-machine-6.webp 550w, https:\/\/kengmingcn.com\/wp-content\/uploads\/2025\/06\/JMXC100F2-Snow-ice-machine-6-300x300.webp 300w, https:\/\/kengmingcn.com\/wp-content\/uploads\/2025\/06\/JMXC100F2-Snow-ice-machine-6-150x150.webp 150w, https:\/\/kengmingcn.com\/wp-content\/uploads\/2025\/06\/JMXC100F2-Snow-ice-machine-6-200x200.webp 200w\" sizes=\"(max-width: 550px) 100vw, 550px\" \/><\/figure>","protected":false},"excerpt":{"rendered":"<div class=\"elementor-element elementor-element-33f6662 elementor-widget elementor-widget-text-editor\" data-id=\"33f6662\" data-element_type=\"widget\" data-widget_type=\"text-editor.default\">\n<div class=\"elementor-widget-container\">\n<ul>\n<li>Potencia: 1200W<\/li>\n<li>Rendimiento: 220kg\/24H<\/li>\n<li>Peso neto: 42 kg<\/li>\n<li>Longitud del rodillo: 10 cm<\/li>\n<li>Compresor: Embraco<\/li>\n<li>Forma de refrigeraci\u00f3n: Refrigeraci\u00f3n por aire<\/li>\n<\/ul>\n<\/div>\n<\/div>","protected":false},"featured_media":53008,"comment_status":"open","ping_status":"closed","template":"","meta":{"_acf_changed":false},"product_brand":[309],"product_cat":[244,275],"product_tag":[253,310,311],"class_list":{"0":"post-50079","1":"product","2":"type-product","3":"status-publish","4":"has-post-thumbnail","6":"product_brand-309","7":"product_cat-bingsu-machine","8":"product_cat-refrigeration-equipment","9":"product_tag-air-cooling","10":"product_tag-ce","11":"product_tag-display","12":"description-off","14":"first","15":"instock","16":"shipping-taxable","17":"product-type-simple"},"acf":[],"yoast_head":"<!-- This site is optimized with the Yoast SEO Premium plugin v25.3 (Yoast SEO v26.3) - https:\/\/yoast.com\/wordpress\/plugins\/seo\/ -->\n<title>220kg\/24h Snow Ice Maker Rapid Production Bingsu Snowflake Machine with CE XHJ128FP-1200W-220V\/110V - KengMing | Manufacturer of Commercial Kitchen Equipment<\/title>\n<meta name=\"description\" content=\"220kg\/24h Snow Ice Maker Rapid Production Bingsu Snowflake Machine with CE XHJ128FP-1200W-220V\/110V\" \/>\n<meta name=\"robots\" content=\"index, follow, max-snippet:-1, max-image-preview:large, max-video-preview:-1\" \/>\n<link rel=\"canonical\" href=\"https:\/\/kengmingcn.com\/es\/product\/220kg-24h-nieve-maquina-de-hielo-rapida-produccion-bingsu-copo-de-nieve-maquina-con-ce-xhj128fp-1200w-220v-110v\/\" \/>\n<meta property=\"og:locale\" content=\"es_MX\" \/>\n<meta property=\"og:type\" content=\"article\" \/>\n<meta property=\"og:title\" content=\"220kg\/24h Snow Ice Maker Rapid Production Bingsu Snowflake Machine with CE XHJ128FP-1200W-220V\/110V\" \/>\n<meta property=\"og:description\" content=\"220kg\/24h Snow Ice Maker Rapid Production Bingsu Snowflake Machine with CE XHJ128FP-1200W-220V\/110V\" \/>\n<meta property=\"og:url\" content=\"https:\/\/kengmingcn.com\/es\/product\/220kg-24h-nieve-maquina-de-hielo-rapida-produccion-bingsu-copo-de-nieve-maquina-con-ce-xhj128fp-1200w-220v-110v\/\" \/>\n<meta property=\"og:site_name\" content=\"KengMing | Manufacturer of Commercial Kitchen Equipment\" \/>\n<meta property=\"article:modified_time\" content=\"2026-01-11T03:38:44+00:00\" \/>\n<meta property=\"og:image\" content=\"https:\/\/kengmingcn.com\/wp-content\/uploads\/2025\/05\/XHJ128FP_4_11zon.webp\" \/>\n\t<meta property=\"og:image:width\" content=\"800\" \/>\n\t<meta property=\"og:image:height\" content=\"800\" \/>\n\t<meta property=\"og:image:type\" content=\"image\/webp\" \/>\n<meta name=\"twitter:card\" content=\"summary_large_image\" \/>\n<meta name=\"twitter:label1\" content=\"Precio\" \/>\n\t<meta name=\"twitter:data1\" content=\"\" \/>\n\t<meta name=\"twitter:label2\" content=\"Disponibilidad\" \/>\n\t<meta name=\"twitter:data2\" content=\"Disponible\" \/>\n<script type=\"application\/ld+json\" class=\"yoast-schema-graph\">{\"@context\":\"https:\/\/schema.org\",\"@graph\":[{\"@type\":\"WebPage\",\"@id\":\"https:\/\/kengmingcn.com\/nl\/product\/220kg-24h-sneeuw-ijsmaker-snelle-productie-bingsu-sneeuwvlok-machine-met-ce-xhj128fp-1200w-220v-110v\/\",\"url\":\"https:\/\/kengmingcn.com\/nl\/product\/220kg-24h-sneeuw-ijsmaker-snelle-productie-bingsu-sneeuwvlok-machine-met-ce-xhj128fp-1200w-220v-110v\/\",\"name\":\"220kg\/24h Snow Ice Maker Rapid Production Bingsu Snowflake Machine with CE XHJ128FP-1200W-220V\/110V - KengMing | Manufacturer of Commercial Kitchen Equipment\",\"isPartOf\":{\"@id\":\"https:\/\/kengmingcn.com\/#website\"},\"primaryImageOfPage\":{\"@id\":\"https:\/\/kengmingcn.com\/nl\/product\/220kg-24h-sneeuw-ijsmaker-snelle-productie-bingsu-sneeuwvlok-machine-met-ce-xhj128fp-1200w-220v-110v\/#primaryimage\"},\"image\":{\"@id\":\"https:\/\/kengmingcn.com\/nl\/product\/220kg-24h-sneeuw-ijsmaker-snelle-productie-bingsu-sneeuwvlok-machine-met-ce-xhj128fp-1200w-220v-110v\/#primaryimage\"},\"thumbnailUrl\":\"https:\/\/kengmingcn.com\/wp-content\/uploads\/2025\/05\/XHJ128FP_4_11zon.webp\",\"datePublished\":\"2025-05-06T09:47:45+00:00\",\"dateModified\":\"2026-01-11T03:38:44+00:00\",\"description\":\"220kg\/24h Snow Ice Maker Rapid Production Bingsu Snowflake Machine with CE XHJ128FP-1200W-220V\/110V\",\"breadcrumb\":{\"@id\":\"https:\/\/kengmingcn.com\/nl\/product\/220kg-24h-sneeuw-ijsmaker-snelle-productie-bingsu-sneeuwvlok-machine-met-ce-xhj128fp-1200w-220v-110v\/#breadcrumb\"},\"inLanguage\":\"es\",\"potentialAction\":[{\"@type\":\"ReadAction\",\"target\":[\"https:\/\/kengmingcn.com\/nl\/product\/220kg-24h-sneeuw-ijsmaker-snelle-productie-bingsu-sneeuwvlok-machine-met-ce-xhj128fp-1200w-220v-110v\/\"]}]},{\"@type\":\"ImageObject\",\"inLanguage\":\"es\",\"@id\":\"https:\/\/kengmingcn.com\/nl\/product\/220kg-24h-sneeuw-ijsmaker-snelle-productie-bingsu-sneeuwvlok-machine-met-ce-xhj128fp-1200w-220v-110v\/#primaryimage\",\"url\":\"https:\/\/kengmingcn.com\/wp-content\/uploads\/2025\/05\/XHJ128FP_4_11zon.webp\",\"contentUrl\":\"https:\/\/kengmingcn.com\/wp-content\/uploads\/2025\/05\/XHJ128FP_4_11zon.webp\",\"width\":800,\"height\":800,\"caption\":\"XHJ128FP 220kg\/24h snow shaved ice machine\"},{\"@type\":\"BreadcrumbList\",\"@id\":\"https:\/\/kengmingcn.com\/nl\/product\/220kg-24h-sneeuw-ijsmaker-snelle-productie-bingsu-sneeuwvlok-machine-met-ce-xhj128fp-1200w-220v-110v\/#breadcrumb\",\"itemListElement\":[{\"@type\":\"ListItem\",\"position\":1,\"name\":\"Home\",\"item\":\"https:\/\/kengmingcn.com\/\"},{\"@type\":\"ListItem\",\"position\":2,\"name\":\"Catalogue\",\"item\":\"https:\/\/kengmingcn.com\/?page_id=27131\"},{\"@type\":\"ListItem\",\"position\":3,\"name\":\"220kg\/24h Snow Ice Maker Rapid Production Bingsu Snowflake Machine with CE XHJ128FP-1200W-220V\/110V\"}]},{\"@type\":\"WebSite\",\"@id\":\"https:\/\/kengmingcn.com\/#website\",\"url\":\"https:\/\/kengmingcn.com\/\",\"name\":\"Kitchen Equipment\",\"description\":\"KengMing is a professional commercial kitchen equipment manufacturer and wholesale supplier, offering cooking, food prep and bakery equipment with OEM &amp; ODM service for global distributors.\",\"publisher\":{\"@id\":\"https:\/\/kengmingcn.com\/#organization\"},\"potentialAction\":[{\"@type\":\"SearchAction\",\"target\":{\"@type\":\"EntryPoint\",\"urlTemplate\":\"https:\/\/kengmingcn.com\/?s={search_term_string}\"},\"query-input\":{\"@type\":\"PropertyValueSpecification\",\"valueRequired\":true,\"valueName\":\"search_term_string\"}}],\"inLanguage\":\"es\"},{\"@type\":\"Organization\",\"@id\":\"https:\/\/kengmingcn.com\/#organization\",\"name\":\"GuangZhou KengMing\",\"url\":\"https:\/\/kengmingcn.com\/\",\"logo\":{\"@type\":\"ImageObject\",\"inLanguage\":\"es\",\"@id\":\"https:\/\/kengmingcn.com\/#\/schema\/logo\/image\/\",\"url\":\"https:\/\/kengmingcn.com\/wp-content\/uploads\/2025\/04\/cropped-1744508604969-removebg-preview.png\",\"contentUrl\":\"https:\/\/kengmingcn.com\/wp-content\/uploads\/2025\/04\/cropped-1744508604969-removebg-preview.png\",\"width\":512,\"height\":512,\"caption\":\"GuangZhou KengMing\"},\"image\":{\"@id\":\"https:\/\/kengmingcn.com\/#\/schema\/logo\/image\/\"}}]}<\/script>\n<meta property=\"product:price:amount\" content=\"0.00\" \/>\n<meta property=\"product:price:currency\" content=\"USD\" \/>\n<meta property=\"og:availability\" content=\"instock\" \/>\n<meta property=\"product:availability\" content=\"instock\" \/>\n<meta property=\"product:condition\" content=\"new\" \/>\n<!-- \/ Yoast SEO Premium plugin. -->","yoast_head_json":{"title":"220kg\/24h Snow Ice Maker R\u00e1pida Producci\u00f3n Bingsu M\u00e1quina de copos de nieve con CE XHJ128FP-1200W-220V\/110V - KengMing | Fabricante de Equipos de Cocina Comercial","description":"220kg\/24h Snow Ice Maker R\u00e1pida Producci\u00f3n Bingsu M\u00e1quina de copos de nieve con CE XHJ128FP-1200W-220V\/110V","robots":{"index":"index","follow":"follow","max-snippet":"max-snippet:-1","max-image-preview":"max-image-preview:large","max-video-preview":"max-video-preview:-1"},"canonical":"https:\/\/kengmingcn.com\/es\/product\/220kg-24h-nieve-maquina-de-hielo-rapida-produccion-bingsu-copo-de-nieve-maquina-con-ce-xhj128fp-1200w-220v-110v\/","og_locale":"es_MX","og_type":"article","og_title":"220kg\/24h Snow Ice Maker Rapid Production Bingsu Snowflake Machine with CE XHJ128FP-1200W-220V\/110V","og_description":"220kg\/24h Snow Ice Maker Rapid Production Bingsu Snowflake Machine with CE XHJ128FP-1200W-220V\/110V","og_url":"https:\/\/kengmingcn.com\/es\/product\/220kg-24h-nieve-maquina-de-hielo-rapida-produccion-bingsu-copo-de-nieve-maquina-con-ce-xhj128fp-1200w-220v-110v\/","og_site_name":"KengMing | Manufacturer of Commercial Kitchen Equipment","article_modified_time":"2026-01-11T03:38:44+00:00","og_image":[{"width":800,"height":800,"url":"https:\/\/kengmingcn.com\/wp-content\/uploads\/2025\/05\/XHJ128FP_4_11zon.webp","type":"image\/webp"}],"twitter_card":"summary_large_image","twitter_misc":{"Precio":"","Disponibilidad":"Disponible"},"schema":{"@context":"https:\/\/schema.org","@graph":[{"@type":"WebPage","@id":"https:\/\/kengmingcn.com\/nl\/product\/220kg-24h-sneeuw-ijsmaker-snelle-productie-bingsu-sneeuwvlok-machine-met-ce-xhj128fp-1200w-220v-110v\/","url":"https:\/\/kengmingcn.com\/nl\/product\/220kg-24h-sneeuw-ijsmaker-snelle-productie-bingsu-sneeuwvlok-machine-met-ce-xhj128fp-1200w-220v-110v\/","name":"220kg\/24h Snow Ice Maker R\u00e1pida Producci\u00f3n Bingsu M\u00e1quina de copos de nieve con CE XHJ128FP-1200W-220V\/110V - KengMing | Fabricante de Equipos de Cocina Comercial","isPartOf":{"@id":"https:\/\/kengmingcn.com\/#website"},"primaryImageOfPage":{"@id":"https:\/\/kengmingcn.com\/nl\/product\/220kg-24h-sneeuw-ijsmaker-snelle-productie-bingsu-sneeuwvlok-machine-met-ce-xhj128fp-1200w-220v-110v\/#primaryimage"},"image":{"@id":"https:\/\/kengmingcn.com\/nl\/product\/220kg-24h-sneeuw-ijsmaker-snelle-productie-bingsu-sneeuwvlok-machine-met-ce-xhj128fp-1200w-220v-110v\/#primaryimage"},"thumbnailUrl":"https:\/\/kengmingcn.com\/wp-content\/uploads\/2025\/05\/XHJ128FP_4_11zon.webp","datePublished":"2025-05-06T09:47:45+00:00","dateModified":"2026-01-11T03:38:44+00:00","description":"220kg\/24h Snow Ice Maker R\u00e1pida Producci\u00f3n Bingsu M\u00e1quina de copos de nieve con CE XHJ128FP-1200W-220V\/110V","breadcrumb":{"@id":"https:\/\/kengmingcn.com\/nl\/product\/220kg-24h-sneeuw-ijsmaker-snelle-productie-bingsu-sneeuwvlok-machine-met-ce-xhj128fp-1200w-220v-110v\/#breadcrumb"},"inLanguage":"es","potentialAction":[{"@type":"ReadAction","target":["https:\/\/kengmingcn.com\/nl\/product\/220kg-24h-sneeuw-ijsmaker-snelle-productie-bingsu-sneeuwvlok-machine-met-ce-xhj128fp-1200w-220v-110v\/"]}]},{"@type":"ImageObject","inLanguage":"es","@id":"https:\/\/kengmingcn.com\/nl\/product\/220kg-24h-sneeuw-ijsmaker-snelle-productie-bingsu-sneeuwvlok-machine-met-ce-xhj128fp-1200w-220v-110v\/#primaryimage","url":"https:\/\/kengmingcn.com\/wp-content\/uploads\/2025\/05\/XHJ128FP_4_11zon.webp","contentUrl":"https:\/\/kengmingcn.com\/wp-content\/uploads\/2025\/05\/XHJ128FP_4_11zon.webp","width":800,"height":800,"caption":"XHJ128FP 220kg\/24h snow shaved ice machine"},{"@type":"BreadcrumbList","@id":"https:\/\/kengmingcn.com\/nl\/product\/220kg-24h-sneeuw-ijsmaker-snelle-productie-bingsu-sneeuwvlok-machine-met-ce-xhj128fp-1200w-220v-110v\/#breadcrumb","itemListElement":[{"@type":"ListItem","position":1,"name":"Home","item":"https:\/\/kengmingcn.com\/"},{"@type":"ListItem","position":2,"name":"Catalogue","item":"https:\/\/kengmingcn.com\/?page_id=27131"},{"@type":"ListItem","position":3,"name":"220kg\/24h Snow Ice Maker Rapid Production Bingsu Snowflake Machine with CE XHJ128FP-1200W-220V\/110V"}]},{"@type":"WebSite","@id":"https:\/\/kengmingcn.com\/#website","url":"https:\/\/kengmingcn.com\/","name":"Equipamiento de cocina","description":"KengMing es un fabricante profesional de equipos de cocina comercial y proveedor mayorista, que ofrece equipos de cocina, preparaci\u00f3n de alimentos y panader\u00eda con servicio OEM y ODM para distribuidores globales.","publisher":{"@id":"https:\/\/kengmingcn.com\/#organization"},"potentialAction":[{"@type":"SearchAction","target":{"@type":"EntryPoint","urlTemplate":"https:\/\/kengmingcn.com\/?s={search_term_string}"},"query-input":{"@type":"PropertyValueSpecification","valueRequired":true,"valueName":"search_term_string"}}],"inLanguage":"es"},{"@type":"Organization","@id":"https:\/\/kengmingcn.com\/#organization","name":"GuangZhou KengMing","url":"https:\/\/kengmingcn.com\/","logo":{"@type":"ImageObject","inLanguage":"es","@id":"https:\/\/kengmingcn.com\/#\/schema\/logo\/image\/","url":"https:\/\/kengmingcn.com\/wp-content\/uploads\/2025\/04\/cropped-1744508604969-removebg-preview.png","contentUrl":"https:\/\/kengmingcn.com\/wp-content\/uploads\/2025\/04\/cropped-1744508604969-removebg-preview.png","width":512,"height":512,"caption":"GuangZhou KengMing"},"image":{"@id":"https:\/\/kengmingcn.com\/#\/schema\/logo\/image\/"}}]},"product_price_amount":"0.00","product_price_currency":"USD","og_availability":"instock","product_availability":"instock","product_condition":"new"},"_links":{"self":[{"href":"https:\/\/kengmingcn.com\/es\/wp-json\/wp\/v2\/product\/50079","targetHints":{"allow":["GET"]}}],"collection":[{"href":"https:\/\/kengmingcn.com\/es\/wp-json\/wp\/v2\/product"}],"about":[{"href":"https:\/\/kengmingcn.com\/es\/wp-json\/wp\/v2\/types\/product"}],"replies":[{"embeddable":true,"href":"https:\/\/kengmingcn.com\/es\/wp-json\/wp\/v2\/comments?post=50079"}],"wp:featuredmedia":[{"embeddable":true,"href":"https:\/\/kengmingcn.com\/es\/wp-json\/wp\/v2\/media\/53008"}],"wp:attachment":[{"href":"https:\/\/kengmingcn.com\/es\/wp-json\/wp\/v2\/media?parent=50079"}],"wp:term":[{"taxonomy":"product_brand","embeddable":true,"href":"https:\/\/kengmingcn.com\/es\/wp-json\/wp\/v2\/product_brand?post=50079"},{"taxonomy":"product_cat","embeddable":true,"href":"https:\/\/kengmingcn.com\/es\/wp-json\/wp\/v2\/product_cat?post=50079"},{"taxonomy":"product_tag","embeddable":true,"href":"https:\/\/kengmingcn.com\/es\/wp-json\/wp\/v2\/product_tag?post=50079"}],"curies":[{"name":"wp","href":"https:\/\/api.w.org\/{rel}","templated":true}]}}