{"id":50012,"date":"2025-05-06T11:23:12","date_gmt":"2025-05-06T03:23:12","guid":{"rendered":"https:\/\/kengmingcn.com\/?post_type=product&#038;p=50012"},"modified":"2026-01-11T11:38:01","modified_gmt":"2026-01-11T03:38:01","slug":"400kg-24h-maquina-bingsu","status":"publish","type":"product","link":"https:\/\/kengmingcn.com\/es\/product\/400kg-24h-maquina-bingsu\/","title":{"rendered":"XHJ268FP M\u00e1quina de hielo en copos de nieve de 400kg\/24H"},"content":{"rendered":"<div style=\"width: 640px;\" class=\"wp-video\"><!--[if lt IE 9]><script>document.createElement('video');<\/script><![endif]-->\n<video class=\"wp-video-shortcode\" id=\"video-50012-1\" width=\"640\" height=\"360\" preload=\"metadata\" controls=\"controls\"><source type=\"video\/mp4\" src=\"https:\/\/cdn-gzkm.b-cdn.net\/Model\/XHJ268_168_series\/XHJ268P_Video.mp4?_=1\" \/><a href=\"https:\/\/cdn-gzkm.b-cdn.net\/Model\/XHJ268_168_series\/XHJ268P_Video.mp4\">https:\/\/cdn-gzkm.b-cdn.net\/Model\/XHJ268_168_series\/XHJ268P_Video.mp4<\/a><\/video><\/div>\n<p><strong>XHJ268FP<\/strong>\u00a0Snowflake Ice Machine, es un modelo de m\u00e1quina refrigerada por aire, plug and play. Encienda la m\u00e1quina para iniciar la refrigeraci\u00f3n durante 1 minuto, a\u00f1adir un poco de agua del grifo para que el rodillo se vuelve redonda y suave, en este momento, a\u00f1adir los ingredientes, ser\u00e1 m\u00e1s suave, 3 segundos fuera del hielo.<\/p>\n<p>\u954c\u94edJM Snowflake Ice Machine, una marca de fabricante l\u00edder en China. La primera m\u00e1quina de red roja china, muy popular en restaurante de hotpot, tienda de postres, cafeter\u00eda, tienda de aperitivos, tienda de hamburguesas, buffet.<br \/>\nGracias al buen rendimiento de sus m\u00e1quinas y a sus ideas innovadoras, proporciona un fuerte poder de consumo en el sector de la restauraci\u00f3n.<\/p>\n<p><strong>Caracter\u00edsticas<\/strong>:<br \/>\nDespu\u00e9s de arrancar la m\u00e1quina, el primer pre-enfriamiento durante 1 minuto, no hay necesidad de pre-enfriar de nuevo, usted puede hacer hielo en copos de nieve de forma continua, la<br \/>\nHielo fuera en 3 segundos.<br \/>\nTrabajar continuamente todo el d\u00eda.<\/p>\n<p><strong>Advertencia<\/strong>:<br \/>\nLa m\u00e1quina est\u00e1 refrigerada por aire (F), por favor mantenga la m\u00e1quina a m\u00e1s de 25 cm de distancia de la pared\/obst\u00e1culos circundantes para mantener una buena refrigeraci\u00f3n.<\/p>\n<h2 class=\"wp-block-heading\">Escenarios de uso<\/h2>\n<p>\u30101. Tiendas de postres y hielo\u3011: Finalidad: Fabricar copos de nieve y hielo raspado de distintos sabores para atraer a los clientes y ofrecer opciones de hielo innovadoras.<br \/>\nEjemplo: La tienda ofrece diferentes coberturas y saborizantes para que los clientes puedan personalizar su propio hielo en copos de nieve.<br \/>\n\u30102. Restaurantes y Caf\u00e9s\u3011: Prop\u00f3sito: Como parte del postre, ofrecer opciones \u00fanicas de hielo para mejorar la diversidad del men\u00fa del restaurante.<br \/>\nPor ejemplo: Los restaurantes pueden a\u00f1adir hielo en copos de nieve a su carta como postre de sobremesa o utilizarlo para preparar bebidas fr\u00edas especiales.<br \/>\n\u30103. Puestos de comida callejeros y mercados\u3011: Finalidad: El hielo en copos de nieve se fabrica in situ para atraer a los clientes que pasan y ofrecer productos de hielo frescos y sabrosos.<br \/>\nPor ejemplo: Montar puestos de hielo en copos de nieve en mercados nocturnos o bazares de alimentaci\u00f3n para fabricar y vender hielo en copos de nieve reci\u00e9n hecho.<br \/>\n\u30104. Reuniones familiares y eventos privados\u3011: Prop\u00f3sito: Utilizar en reuniones familiares o eventos privados para proporcionar a los invitados una experiencia de hielo fresco y bricolaje.<br \/>\nEjemplo: Uso de una m\u00e1quina de hielo en copos de nieve para hacer hielo en copos de nieve como parte de un postre o una bebida refrescante en una reuni\u00f3n familiar.<br \/>\n\u30105. Eventos y exposiciones a gran escala\u3011: Uso: Proporcionar hielo copo de nieve hecho en el lugar para los visitantes de la exposici\u00f3n o los participantes del evento para mejorar el atractivo y la interactividad del evento.<br \/>\nEjemplo: En exposiciones o festivales se instalan puestos de fabricaci\u00f3n de hielo en forma de copos de nieve para atraer visitantes y ofrecer a los participantes golosinas frescas y deliciosas.<\/p>\n<figure class=\"wp-block-image\"><img decoding=\"async\" class=\"wp-image-393\" src=\"https:\/\/lejieappliance.com\/wp-content\/uploads\/2024\/09\/NO5-%E5%A4%9A%E7%A7%8D%E5%86%B0%E5%9E%8B%E5%8F%AF%E8%B0%83%E3%80%90%E8%AF%A6%E6%83%85%E5%9B%BE%E3%80%91%E9%9B%AA%E8%8A%B1%E5%86%B0%E6%9C%BA-FC80FD220V.50Hz-1.png\" alt=\"Presentaci\u00f3n de los escenarios de aplicaci\u00f3n y las formas que se pueden hacer con la m\u00e1quina de hielo en copos de nieve\" \/><\/figure>\n<figure class=\"wp-block-image\"><img decoding=\"async\" class=\"wp-image-394\" src=\"https:\/\/lejieappliance.com\/wp-content\/uploads\/2024\/09\/NO6-%E5%BA%94%E7%94%A8%E5%9C%BA%E6%99%AF%E4%BB%8B%E7%BB%8D%E3%80%90%E8%AF%A6%E6%83%85%E5%9B%BE%E3%80%91%E9%9B%AA%E8%8A%B1%E5%86%B0%E6%9C%BA-FC80FD220V.50Hz-1.png\" alt=\"Presentaci\u00f3n de los escenarios de aplicaci\u00f3n y las formas que se pueden hacer con la m\u00e1quina de hielo en copos de nieve\" \/><\/figure>\n<figure class=\"wp-block-image\"><img decoding=\"async\" src=\"https:\/\/kengmingcn.com\/wp-content\/uploads\/2025\/01\/XHJ128FP-Snowflake-ice-4-shape.jpg.webp\" alt=\"\" \/><\/figure>\n<figure class=\"wp-block-image\"><img decoding=\"async\" src=\"https:\/\/kengmingcn.com\/wp-content\/uploads\/2025\/01\/128FP%E8%AF%A6%E6%83%85_13.jpg.webp\" alt=\"\" \/><\/figure>\n<figure class=\"wp-block-image\"><img decoding=\"async\" src=\"https:\/\/kengmingcn.com\/wp-content\/uploads\/2025\/01\/128FP%E8%AF%A6%E6%83%85_12.jpg.webp\" alt=\"\" \/><\/figure>\n<figure class=\"wp-block-image\"><img decoding=\"async\" src=\"https:\/\/kengmingcn.com\/wp-content\/uploads\/2025\/01\/128FP%E8%AF%A6%E6%83%85_09.jpg.webp\" alt=\"\" \/><\/figure>\n<figure class=\"wp-block-image\"><img decoding=\"async\" src=\"https:\/\/kengmingcn.com\/wp-content\/uploads\/2025\/01\/128FP%E8%AF%A6%E6%83%85_08.jpg.webp\" alt=\"\" \/><\/figure>\n<figure class=\"wp-block-image\"><img decoding=\"async\" src=\"https:\/\/kengmingcn.com\/wp-content\/uploads\/2025\/01\/128FP%E8%AF%A6%E6%83%85_14.jpeg.webp\" alt=\"\" \/><\/figure>\n<figure class=\"wp-block-image\"><img decoding=\"async\" src=\"https:\/\/kengmingcn.com\/wp-content\/uploads\/2025\/01\/128FP%E8%AF%A6%E6%83%85_16-635x1024.jpg.webp\" alt=\"\" \/><\/figure>\n<figure class=\"wp-block-image\"><img decoding=\"async\" src=\"https:\/\/kengmingcn.com\/wp-content\/uploads\/2025\/01\/128FP%E8%AF%A6%E6%83%85_15-699x1024.jpg.webp\" alt=\"\" \/><\/figure>","protected":false},"excerpt":{"rendered":"<ul>\n<li>Potencia: 1800W<\/li>\n<li>Rendimiento: 400kg\/24H<\/li>\n<li>CE<\/li>\n<li>Longitud del rodillo: 16 cm<\/li>\n<li>Compresor: Embraco<\/li>\n<li>Refrigeraci\u00f3n por aire<\/li>\n<\/ul>","protected":false},"featured_media":53007,"comment_status":"open","ping_status":"closed","template":"","meta":{"_acf_changed":false},"product_brand":[309],"product_cat":[244,275],"product_tag":[253,310,311],"class_list":{"0":"post-50012","1":"product","2":"type-product","3":"status-publish","4":"has-post-thumbnail","6":"product_brand-309","7":"product_cat-bingsu-machine","8":"product_cat-refrigeration-equipment","9":"product_tag-air-cooling","10":"product_tag-ce","11":"product_tag-display","12":"description-off","14":"first","15":"instock","16":"shipping-taxable","17":"product-type-simple"},"acf":[],"yoast_head":"<!-- This site is optimized with the Yoast SEO Premium plugin v25.3 (Yoast SEO v26.3) - https:\/\/yoast.com\/wordpress\/plugins\/seo\/ -->\n<title>XHJ268FP 400kg\/24H Snowflake Ice Machine - KengMing | Manufacturer of Commercial Kitchen Equipment<\/title>\n<meta name=\"description\" content=\"400kg-24h-bingsu-machine\" \/>\n<meta name=\"robots\" content=\"index, follow, max-snippet:-1, max-image-preview:large, max-video-preview:-1\" \/>\n<link rel=\"canonical\" href=\"https:\/\/kengmingcn.com\/es\/product\/400kg-24h-maquina-bingsu\/\" \/>\n<meta property=\"og:locale\" content=\"es_MX\" \/>\n<meta property=\"og:type\" content=\"article\" \/>\n<meta property=\"og:title\" content=\"XHJ268FP 400kg\/24H Snowflake Ice Machine\" \/>\n<meta property=\"og:description\" content=\"400kg-24h-bingsu-machine\" \/>\n<meta property=\"og:url\" content=\"https:\/\/kengmingcn.com\/es\/product\/400kg-24h-maquina-bingsu\/\" \/>\n<meta property=\"og:site_name\" content=\"KengMing | Manufacturer of Commercial Kitchen Equipment\" \/>\n<meta property=\"article:modified_time\" content=\"2026-01-11T03:38:01+00:00\" \/>\n<meta property=\"og:image\" content=\"https:\/\/kengmingcn.com\/wp-content\/uploads\/2025\/05\/XHJ268FP_10_11zon.webp\" \/>\n\t<meta property=\"og:image:width\" content=\"800\" \/>\n\t<meta property=\"og:image:height\" content=\"800\" \/>\n\t<meta property=\"og:image:type\" content=\"image\/webp\" \/>\n<meta name=\"twitter:card\" content=\"summary_large_image\" \/>\n<meta name=\"twitter:label1\" content=\"Precio\" \/>\n\t<meta name=\"twitter:data1\" content=\"\" \/>\n\t<meta name=\"twitter:label2\" content=\"Disponibilidad\" \/>\n\t<meta name=\"twitter:data2\" content=\"Disponible\" \/>\n<script type=\"application\/ld+json\" class=\"yoast-schema-graph\">{\"@context\":\"https:\/\/schema.org\",\"@graph\":[{\"@type\":\"WebPage\",\"@id\":\"https:\/\/kengmingcn.com\/nl\/product\/400kg-24h-bingsu-machine\/\",\"url\":\"https:\/\/kengmingcn.com\/nl\/product\/400kg-24h-bingsu-machine\/\",\"name\":\"XHJ268FP 400kg\/24H Snowflake Ice Machine - KengMing | Manufacturer of Commercial Kitchen Equipment\",\"isPartOf\":{\"@id\":\"https:\/\/kengmingcn.com\/#website\"},\"primaryImageOfPage\":{\"@id\":\"https:\/\/kengmingcn.com\/nl\/product\/400kg-24h-bingsu-machine\/#primaryimage\"},\"image\":{\"@id\":\"https:\/\/kengmingcn.com\/nl\/product\/400kg-24h-bingsu-machine\/#primaryimage\"},\"thumbnailUrl\":\"https:\/\/kengmingcn.com\/wp-content\/uploads\/2025\/05\/XHJ268FP_10_11zon.webp\",\"datePublished\":\"2025-05-06T03:23:12+00:00\",\"dateModified\":\"2026-01-11T03:38:01+00:00\",\"description\":\"400kg-24h-bingsu-machine\",\"breadcrumb\":{\"@id\":\"https:\/\/kengmingcn.com\/nl\/product\/400kg-24h-bingsu-machine\/#breadcrumb\"},\"inLanguage\":\"es\",\"potentialAction\":[{\"@type\":\"ReadAction\",\"target\":[\"https:\/\/kengmingcn.com\/nl\/product\/400kg-24h-bingsu-machine\/\"]}]},{\"@type\":\"ImageObject\",\"inLanguage\":\"es\",\"@id\":\"https:\/\/kengmingcn.com\/nl\/product\/400kg-24h-bingsu-machine\/#primaryimage\",\"url\":\"https:\/\/kengmingcn.com\/wp-content\/uploads\/2025\/05\/XHJ268FP_10_11zon.webp\",\"contentUrl\":\"https:\/\/kengmingcn.com\/wp-content\/uploads\/2025\/05\/XHJ268FP_10_11zon.webp\",\"width\":800,\"height\":800,\"caption\":\"XHJ268FP 220kg\/24h snow shaved ice machine\"},{\"@type\":\"BreadcrumbList\",\"@id\":\"https:\/\/kengmingcn.com\/nl\/product\/400kg-24h-bingsu-machine\/#breadcrumb\",\"itemListElement\":[{\"@type\":\"ListItem\",\"position\":1,\"name\":\"Home\",\"item\":\"https:\/\/kengmingcn.com\/\"},{\"@type\":\"ListItem\",\"position\":2,\"name\":\"Catalogue\",\"item\":\"https:\/\/kengmingcn.com\/?page_id=27131\"},{\"@type\":\"ListItem\",\"position\":3,\"name\":\"XHJ268FP 400kg\/24H Snowflake Ice Machine\"}]},{\"@type\":\"WebSite\",\"@id\":\"https:\/\/kengmingcn.com\/#website\",\"url\":\"https:\/\/kengmingcn.com\/\",\"name\":\"Kitchen Equipment\",\"description\":\"KengMing is a professional commercial kitchen equipment manufacturer and wholesale supplier, offering cooking, food prep and bakery equipment with OEM &amp; ODM service for global distributors.\",\"publisher\":{\"@id\":\"https:\/\/kengmingcn.com\/#organization\"},\"potentialAction\":[{\"@type\":\"SearchAction\",\"target\":{\"@type\":\"EntryPoint\",\"urlTemplate\":\"https:\/\/kengmingcn.com\/?s={search_term_string}\"},\"query-input\":{\"@type\":\"PropertyValueSpecification\",\"valueRequired\":true,\"valueName\":\"search_term_string\"}}],\"inLanguage\":\"es\"},{\"@type\":\"Organization\",\"@id\":\"https:\/\/kengmingcn.com\/#organization\",\"name\":\"GuangZhou KengMing\",\"url\":\"https:\/\/kengmingcn.com\/\",\"logo\":{\"@type\":\"ImageObject\",\"inLanguage\":\"es\",\"@id\":\"https:\/\/kengmingcn.com\/#\/schema\/logo\/image\/\",\"url\":\"https:\/\/kengmingcn.com\/wp-content\/uploads\/2025\/04\/cropped-1744508604969-removebg-preview.png\",\"contentUrl\":\"https:\/\/kengmingcn.com\/wp-content\/uploads\/2025\/04\/cropped-1744508604969-removebg-preview.png\",\"width\":512,\"height\":512,\"caption\":\"GuangZhou KengMing\"},\"image\":{\"@id\":\"https:\/\/kengmingcn.com\/#\/schema\/logo\/image\/\"}}]}<\/script>\n<meta property=\"product:price:amount\" content=\"0.00\" \/>\n<meta property=\"product:price:currency\" content=\"USD\" \/>\n<meta property=\"og:availability\" content=\"instock\" \/>\n<meta property=\"product:availability\" content=\"instock\" \/>\n<meta property=\"product:condition\" content=\"new\" \/>\n<!-- \/ Yoast SEO Premium plugin. -->","yoast_head_json":{"title":"XHJ268FP M\u00e1quina de hielo en copos de nieve 400kg\/24H - KengMing | Fabricante de Equipamiento para Cocinas Comerciales","description":"400kg-24h-bingsu-machine","robots":{"index":"index","follow":"follow","max-snippet":"max-snippet:-1","max-image-preview":"max-image-preview:large","max-video-preview":"max-video-preview:-1"},"canonical":"https:\/\/kengmingcn.com\/es\/product\/400kg-24h-maquina-bingsu\/","og_locale":"es_MX","og_type":"article","og_title":"XHJ268FP 400kg\/24H Snowflake Ice Machine","og_description":"400kg-24h-bingsu-machine","og_url":"https:\/\/kengmingcn.com\/es\/product\/400kg-24h-maquina-bingsu\/","og_site_name":"KengMing | Manufacturer of Commercial Kitchen Equipment","article_modified_time":"2026-01-11T03:38:01+00:00","og_image":[{"width":800,"height":800,"url":"https:\/\/kengmingcn.com\/wp-content\/uploads\/2025\/05\/XHJ268FP_10_11zon.webp","type":"image\/webp"}],"twitter_card":"summary_large_image","twitter_misc":{"Precio":"","Disponibilidad":"Disponible"},"schema":{"@context":"https:\/\/schema.org","@graph":[{"@type":"WebPage","@id":"https:\/\/kengmingcn.com\/nl\/product\/400kg-24h-bingsu-machine\/","url":"https:\/\/kengmingcn.com\/nl\/product\/400kg-24h-bingsu-machine\/","name":"XHJ268FP M\u00e1quina de hielo en copos de nieve 400kg\/24H - KengMing | Fabricante de Equipamiento para Cocinas Comerciales","isPartOf":{"@id":"https:\/\/kengmingcn.com\/#website"},"primaryImageOfPage":{"@id":"https:\/\/kengmingcn.com\/nl\/product\/400kg-24h-bingsu-machine\/#primaryimage"},"image":{"@id":"https:\/\/kengmingcn.com\/nl\/product\/400kg-24h-bingsu-machine\/#primaryimage"},"thumbnailUrl":"https:\/\/kengmingcn.com\/wp-content\/uploads\/2025\/05\/XHJ268FP_10_11zon.webp","datePublished":"2025-05-06T03:23:12+00:00","dateModified":"2026-01-11T03:38:01+00:00","description":"400kg-24h-bingsu-machine","breadcrumb":{"@id":"https:\/\/kengmingcn.com\/nl\/product\/400kg-24h-bingsu-machine\/#breadcrumb"},"inLanguage":"es","potentialAction":[{"@type":"ReadAction","target":["https:\/\/kengmingcn.com\/nl\/product\/400kg-24h-bingsu-machine\/"]}]},{"@type":"ImageObject","inLanguage":"es","@id":"https:\/\/kengmingcn.com\/nl\/product\/400kg-24h-bingsu-machine\/#primaryimage","url":"https:\/\/kengmingcn.com\/wp-content\/uploads\/2025\/05\/XHJ268FP_10_11zon.webp","contentUrl":"https:\/\/kengmingcn.com\/wp-content\/uploads\/2025\/05\/XHJ268FP_10_11zon.webp","width":800,"height":800,"caption":"XHJ268FP 220kg\/24h snow shaved ice machine"},{"@type":"BreadcrumbList","@id":"https:\/\/kengmingcn.com\/nl\/product\/400kg-24h-bingsu-machine\/#breadcrumb","itemListElement":[{"@type":"ListItem","position":1,"name":"Home","item":"https:\/\/kengmingcn.com\/"},{"@type":"ListItem","position":2,"name":"Catalogue","item":"https:\/\/kengmingcn.com\/?page_id=27131"},{"@type":"ListItem","position":3,"name":"XHJ268FP 400kg\/24H Snowflake Ice Machine"}]},{"@type":"WebSite","@id":"https:\/\/kengmingcn.com\/#website","url":"https:\/\/kengmingcn.com\/","name":"Equipamiento de cocina","description":"KengMing es un fabricante profesional de equipos de cocina comercial y proveedor mayorista, que ofrece equipos de cocina, preparaci\u00f3n de alimentos y panader\u00eda con servicio OEM y ODM para distribuidores globales.","publisher":{"@id":"https:\/\/kengmingcn.com\/#organization"},"potentialAction":[{"@type":"SearchAction","target":{"@type":"EntryPoint","urlTemplate":"https:\/\/kengmingcn.com\/?s={search_term_string}"},"query-input":{"@type":"PropertyValueSpecification","valueRequired":true,"valueName":"search_term_string"}}],"inLanguage":"es"},{"@type":"Organization","@id":"https:\/\/kengmingcn.com\/#organization","name":"GuangZhou KengMing","url":"https:\/\/kengmingcn.com\/","logo":{"@type":"ImageObject","inLanguage":"es","@id":"https:\/\/kengmingcn.com\/#\/schema\/logo\/image\/","url":"https:\/\/kengmingcn.com\/wp-content\/uploads\/2025\/04\/cropped-1744508604969-removebg-preview.png","contentUrl":"https:\/\/kengmingcn.com\/wp-content\/uploads\/2025\/04\/cropped-1744508604969-removebg-preview.png","width":512,"height":512,"caption":"GuangZhou KengMing"},"image":{"@id":"https:\/\/kengmingcn.com\/#\/schema\/logo\/image\/"}}]},"product_price_amount":"0.00","product_price_currency":"USD","og_availability":"instock","product_availability":"instock","product_condition":"new"},"_links":{"self":[{"href":"https:\/\/kengmingcn.com\/es\/wp-json\/wp\/v2\/product\/50012","targetHints":{"allow":["GET"]}}],"collection":[{"href":"https:\/\/kengmingcn.com\/es\/wp-json\/wp\/v2\/product"}],"about":[{"href":"https:\/\/kengmingcn.com\/es\/wp-json\/wp\/v2\/types\/product"}],"replies":[{"embeddable":true,"href":"https:\/\/kengmingcn.com\/es\/wp-json\/wp\/v2\/comments?post=50012"}],"wp:featuredmedia":[{"embeddable":true,"href":"https:\/\/kengmingcn.com\/es\/wp-json\/wp\/v2\/media\/53007"}],"wp:attachment":[{"href":"https:\/\/kengmingcn.com\/es\/wp-json\/wp\/v2\/media?parent=50012"}],"wp:term":[{"taxonomy":"product_brand","embeddable":true,"href":"https:\/\/kengmingcn.com\/es\/wp-json\/wp\/v2\/product_brand?post=50012"},{"taxonomy":"product_cat","embeddable":true,"href":"https:\/\/kengmingcn.com\/es\/wp-json\/wp\/v2\/product_cat?post=50012"},{"taxonomy":"product_tag","embeddable":true,"href":"https:\/\/kengmingcn.com\/es\/wp-json\/wp\/v2\/product_tag?post=50012"}],"curies":[{"name":"wp","href":"https:\/\/api.w.org\/{rel}","templated":true}]}}