{"id":49730,"date":"2025-04-19T15:56:32","date_gmt":"2025-04-19T07:56:32","guid":{"rendered":"https:\/\/kengmingcn.com\/?post_type=product&#038;p=49730"},"modified":"2026-01-11T11:35:34","modified_gmt":"2026-01-11T03:35:34","slug":"3-seconds-ice-maker-125kg-24h-snowflake-ice-machine-produccion-rapida-bingsu-con-jmxc125f-660w-220v-110v","status":"publish","type":"product","link":"https:\/\/kengmingcn.com\/es\/product\/3-seconds-ice-maker-125kg-24h-snowflake-ice-machine-produccion-rapida-bingsu-con-jmxc125f-660w-220v-110v\/","title":{"rendered":"3 Seconds Ice Maker 125KG\/24h Snowflake m\u00e1quina de hielo de producci\u00f3n r\u00e1pida Bingsu con JMXC125F-660W-220V\/110V"},"content":{"rendered":"<h2 class=\"wp-block-heading\" id=\"h-description\">Descripci\u00f3n<\/h2>\n\n\n\n<p>La m\u00e1quina de hielo en copos de nieve es un eficiente equipo de fabricaci\u00f3n de bebidas fr\u00edas dise\u00f1ado para hacer hielo en copos de nieve delicado, fresco y crujiente. Mediante una avanzada tecnolog\u00eda de congelaci\u00f3n y un preciso mecanismo de raspado de hielo, puede congelar y raspar r\u00e1pidamente materias primas l\u00edquidas (como zumos, t\u00e9 con leche, c\u00f3cteles, etc.) en suaves y delicadas part\u00edculas similares a copos de nieve, manteniendo el sabor y los nutrientes originales de los alimentos, lo que la convierte en un equipo de bebidas fr\u00edas imprescindible para el verano y todo tipo de actividades.<\/p>\n\n\n\n<div style=\"height:30px\" aria-hidden=\"true\" class=\"wp-block-spacer\"><\/div>\n\n\n\n<figure class=\"wp-block-table is-style-stripes\"><table><thead><tr><th>Modelo<\/th><th>JMXC125F<\/th><\/tr><\/thead><tbody><tr><td>Salida<\/td><td>125 kg\/24 h (275 lb\/24 h)<\/td><\/tr><tr><td>Potencia<\/td><td>660w<\/td><\/tr><tr><td>Longitud del rodillo<\/td><td>9,5 cm<\/td><\/tr><tr><td>Manera de enfriar<\/td><td>Refrigeraci\u00f3n por aire<\/td><\/tr><tr><td>Talla<\/td><td>46*32*40cm<\/td><\/tr><tr><td>Tama\u00f1o del paquete<\/td><td>56*40*49cm (0,12cbm)<\/td><\/tr><tr><td>Peso neto<\/td><td>26kg\/57lbs<\/td><\/tr><tr><td>Peso del paquete<\/td><td>29kg\/64lbs<\/td><\/tr><tr><td>Compresor<\/td><td>Wanbao u otra marca china<\/td><\/tr><\/tbody><\/table><\/figure>\n\n\n\n<div style=\"height:30px\" aria-hidden=\"true\" class=\"wp-block-spacer\"><\/div>\n\n\n\n<div class=\"wp-block-columns is-layout-flex wp-container-core-columns-is-layout-9d6595d7 wp-block-columns-is-layout-flex dt-cr-1\">\n<div class=\"wp-block-column is-layout-flow wp-block-column-is-layout-flow\">\n<h3 class=\"wp-block-heading has-medium-font-size\" id=\"h-impressive-production-capacity\"><strong>Impresionante capacidad de producci\u00f3n<\/strong><\/h3>\n\n\n\n<p>Refrigeraci\u00f3n de alta eficiencia, refrigeraci\u00f3n por aire, s\u00f3lo 1 minuto de pre-enfriamiento puede ser de 3 segundos de hielo, la capacidad diaria de producci\u00f3n de hielo de 275Ib.<\/p>\n<\/div>\n\n\n\n<div class=\"wp-block-column is-layout-flow wp-block-column-is-layout-flow\">\n<h3 class=\"wp-block-heading has-medium-font-size\" id=\"h-premium-304-stainless-steel-construction\"><strong>Construcci\u00f3n de acero inoxidable 304 de primera calidad<\/strong><\/h3>\n\n\n\n<p>El cuerpo de la m\u00e1quina y todas las piezas que entran en contacto con los alimentos son de acero inoxidable 304, resistente a la corrosi\u00f3n, f\u00e1cil de limpiar y resistente al calor. Tanto en entornos de alta humedad como durante un uso prolongado, la m\u00e1quina sigue siendo robusta y duradera, lo que garantiza la seguridad alimentaria y una larga vida \u00fatil. El material liso tambi\u00e9n facilita el mantenimiento diario, reduce la proliferaci\u00f3n de bacterias y simplifica la gesti\u00f3n de la higiene.<\/p>\n<\/div>\n<\/div>\n\n\n\n<div style=\"height:30px\" aria-hidden=\"true\" class=\"wp-block-spacer\"><\/div>\n\n\n\n<div class=\"wp-block-columns is-layout-flex wp-container-core-columns-is-layout-9d6595d7 wp-block-columns-is-layout-flex dt-cr-2\">\n<div class=\"wp-block-column is-layout-flow wp-block-column-is-layout-flow\">\n<h3 class=\"wp-block-heading has-medium-font-size\" id=\"h-user-friendly-operation\"><strong>Funcionamiento sencillo<\/strong><\/h3>\n\n\n\n<p>La JMXC125F cuenta con un sistema de alimentaci\u00f3n por gravedad y un panel de control intuitivo, lo que facilita su manejo, incluso para los nuevos empleados. El sistema de refrigeraci\u00f3n con control independiente reduce los pasos manuales, lo que facilita y hace m\u00e1s eficiente el proceso de producci\u00f3n, mejorando la velocidad de servicio y la satisfacci\u00f3n del cliente.<\/p>\n<\/div>\n\n\n\n<div class=\"wp-block-column is-layout-flow wp-block-column-is-layout-flow\">\n<h3 class=\"wp-block-heading has-medium-font-size\" id=\"h-adjustable-ice-shape\"><strong>Forma de hielo ajustable<\/strong><\/h3>\n\n\n\n<p>Ajustar la forma de hielo de nieve de acuerdo a sus gustos y preferencias personales, mediante el ajuste de las materias primas y el control de la velocidad del evaporador, se puede hacer una variedad de formas de hielo, como el hielo de nieve, hielo fideos, hielo en escamas, hielo de oveja, hielo de aguja de hielo de diversas formas, el sabor de la luz y suave a la rica y delicada se puede realizar.<\/p>\n<\/div>\n<\/div>\n\n\n\n<div style=\"height:30px\" aria-hidden=\"true\" class=\"wp-block-spacer\"><\/div>\n\n\n\n<div class=\"wp-block-columns is-layout-flex wp-container-core-columns-is-layout-9d6595d7 wp-block-columns-is-layout-flex dt-cr-3\">\n<div class=\"wp-block-column is-layout-flow wp-block-column-is-layout-flow\">\n<h3 class=\"wp-block-heading has-medium-font-size\" id=\"h-more-detail\">M\u00e1s detalles<\/h3>\n\n\n\n<figure class=\"wp-block-gallery has-nested-images columns-default is-cropped wp-block-gallery-1 is-layout-flex wp-block-gallery-is-layout-flex\">\n<figure class=\"wp-block-image size-large\"><img decoding=\"async\" width=\"1024\" height=\"483\" data-id=\"47955\" src=\"https:\/\/kengmingcn.com\/wp-content\/uploads\/2025\/03\/1_6_11zon-1024x483.webp\" alt=\"\" class=\"wp-image-47955\" srcset=\"https:\/\/kengmingcn.com\/wp-content\/uploads\/2025\/03\/1_6_11zon-1024x483.webp 1024w, https:\/\/kengmingcn.com\/wp-content\/uploads\/2025\/03\/1_6_11zon-300x142.webp 300w, https:\/\/kengmingcn.com\/wp-content\/uploads\/2025\/03\/1_6_11zon-768x362.webp 768w, https:\/\/kengmingcn.com\/wp-content\/uploads\/2025\/03\/1_6_11zon.webp 1060w\" sizes=\"(max-width: 1024px) 100vw, 1024px\" \/><\/figure>\n\n\n\n<figure class=\"wp-block-image size-large\"><img decoding=\"async\" width=\"1024\" height=\"483\" data-id=\"47956\" src=\"https:\/\/kengmingcn.com\/wp-content\/uploads\/2025\/03\/2-2_7_11zon-1024x483.webp\" alt=\"\" class=\"wp-image-47956\" srcset=\"https:\/\/kengmingcn.com\/wp-content\/uploads\/2025\/03\/2-2_7_11zon-1024x483.webp 1024w, https:\/\/kengmingcn.com\/wp-content\/uploads\/2025\/03\/2-2_7_11zon-300x142.webp 300w, https:\/\/kengmingcn.com\/wp-content\/uploads\/2025\/03\/2-2_7_11zon-768x362.webp 768w, https:\/\/kengmingcn.com\/wp-content\/uploads\/2025\/03\/2-2_7_11zon.webp 1060w\" sizes=\"(max-width: 1024px) 100vw, 1024px\" \/><\/figure>\n\n\n\n<figure class=\"wp-block-image size-large\"><img decoding=\"async\" width=\"1024\" height=\"483\" data-id=\"47957\" src=\"https:\/\/kengmingcn.com\/wp-content\/uploads\/2025\/03\/3_8_11zon-1024x483.webp\" alt=\"\" class=\"wp-image-47957\" srcset=\"https:\/\/kengmingcn.com\/wp-content\/uploads\/2025\/03\/3_8_11zon-1024x483.webp 1024w, https:\/\/kengmingcn.com\/wp-content\/uploads\/2025\/03\/3_8_11zon-300x142.webp 300w, https:\/\/kengmingcn.com\/wp-content\/uploads\/2025\/03\/3_8_11zon-768x362.webp 768w, https:\/\/kengmingcn.com\/wp-content\/uploads\/2025\/03\/3_8_11zon.webp 1060w\" sizes=\"(max-width: 1024px) 100vw, 1024px\" \/><\/figure>\n\n\n\n<figure class=\"wp-block-image size-large\"><img decoding=\"async\" width=\"550\" height=\"550\" data-id=\"47952\" src=\"https:\/\/kengmingcn.com\/wp-content\/uploads\/2025\/03\/1736303096772_3_11zon.webp\" alt=\"\" class=\"wp-image-47952\" srcset=\"https:\/\/kengmingcn.com\/wp-content\/uploads\/2025\/03\/1736303096772_3_11zon.webp 550w, https:\/\/kengmingcn.com\/wp-content\/uploads\/2025\/03\/1736303096772_3_11zon-300x300.webp 300w, https:\/\/kengmingcn.com\/wp-content\/uploads\/2025\/03\/1736303096772_3_11zon-150x150.webp 150w, https:\/\/kengmingcn.com\/wp-content\/uploads\/2025\/03\/1736303096772_3_11zon-200x200.webp 200w\" sizes=\"(max-width: 550px) 100vw, 550px\" \/><\/figure>\n\n\n\n<figure class=\"wp-block-image size-large\"><img decoding=\"async\" width=\"750\" height=\"873\" data-id=\"52104\" src=\"https:\/\/kengmingcn.com\/wp-content\/uploads\/2025\/09\/XHJ128fp-bingsu-machine-\u8be6\u60c5\u56fe-10.jpg\" alt=\"4\u79cd\u96ea\u82b1\u51b0\" class=\"wp-image-52104\" srcset=\"https:\/\/kengmingcn.com\/wp-content\/uploads\/2025\/09\/XHJ128fp-bingsu-machine-\u8be6\u60c5\u56fe-10.jpg 750w, https:\/\/kengmingcn.com\/wp-content\/uploads\/2025\/09\/XHJ128fp-bingsu-machine-\u8be6\u60c5\u56fe-10-258x300.jpg 258w, https:\/\/kengmingcn.com\/wp-content\/uploads\/2025\/09\/XHJ128fp-bingsu-machine-\u8be6\u60c5\u56fe-10-10x12.jpg 10w\" sizes=\"(max-width: 750px) 100vw, 750px\" \/><\/figure>\n\n\n\n<figure class=\"wp-block-image size-large\"><img decoding=\"async\" width=\"1024\" height=\"832\" data-id=\"2461\" src=\"https:\/\/kengmingcn.com\/wp-content\/uploads\/2025\/04\/JMXC80F-Bingsu-Machine_11zon-scaled-e1744530020571-1024x832.webp\" alt=\"JMXC80F M\u00e1quina Bingsu_11zon\" class=\"wp-image-2461\" srcset=\"https:\/\/kengmingcn.com\/wp-content\/uploads\/2025\/04\/JMXC80F-Bingsu-Machine_11zon-scaled-e1744530020571-1024x832.webp 1024w, https:\/\/kengmingcn.com\/wp-content\/uploads\/2025\/04\/JMXC80F-Bingsu-Machine_11zon-scaled-e1744530020571-300x244.webp 300w, https:\/\/kengmingcn.com\/wp-content\/uploads\/2025\/04\/JMXC80F-Bingsu-Machine_11zon-scaled-e1744530020571-768x624.webp 768w, https:\/\/kengmingcn.com\/wp-content\/uploads\/2025\/04\/JMXC80F-Bingsu-Machine_11zon-scaled-e1744530020571.webp 1152w\" sizes=\"(max-width: 1024px) 100vw, 1024px\" \/><\/figure>\n<\/figure>\n<\/div>\n<\/div>\n\n\n\n<div class=\"wp-block-columns is-layout-flex wp-container-core-columns-is-layout-9d6595d7 wp-block-columns-is-layout-flex dt-cr-4\">\n<div class=\"wp-block-column is-layout-flow wp-block-column-is-layout-flow\">\n<div style=\"height:30px\" aria-hidden=\"true\" class=\"wp-block-spacer\"><\/div>\n\n\n\n<h2 class=\"wp-block-heading has-medium-font-size\" id=\"h-video\">V\u00eddeo<\/h2>\n\n\n\n<figure class=\"wp-block-video\"><video controls src=\"https:\/\/cdn-gzkm.b-cdn.net\/video\/JMXC80F%203-28%2015%E7%A7%92%20%E6%9C%89%E9%9F%B3%E4%B9%90%20%E5%B7%B2%E5%8F%91%E5%B8%83%E5%88%B0tk%20facebook.mp4\"><\/video><\/figure>\n<\/div>\n\n\n\n<div class=\"wp-block-column is-layout-flow wp-block-column-is-layout-flow\"><\/div>\n<\/div>\n\n\n\n<div class=\"wp-block-columns is-layout-flex wp-container-core-columns-is-layout-9d6595d7 wp-block-columns-is-layout-flex dt-cr-5\">\n<div class=\"wp-block-column is-layout-flow wp-block-column-is-layout-flow\">\n<div style=\"height:30px\" aria-hidden=\"true\" class=\"wp-block-spacer\"><\/div>\n\n\n\n<h3 class=\"wp-block-heading has-medium-font-size\" id=\"h-why-choose-us\">\u00bfPor qu\u00e9 elegirnos?<\/h3>\n\n\n\n<p>En resumen, nuestra m\u00e1quina de hielo en copos de nieve, con una capacidad de producci\u00f3n de 125 kilogramos cada 24 horas, es imprescindible para cualquier negocio que quiera destacar en el sector de los postres. Tanto si se encuentra en una zona bulliciosa como Guangzhou, donde se mezclan comercios locales y grandes empresas, como en cualquier otro lugar, esta m\u00e1quina le ofrece todas las caracter\u00edsticas y el rendimiento superior que necesita para triunfar. Invierta en ella hoy mismo y haga sonre\u00edr a sus clientes con cada deliciosa bola de hielo en copos de nieve.<\/p>\n<\/div>\n<\/div>","protected":false},"excerpt":{"rendered":"<ul>\n<li>Potencia: 660 W<\/li>\n<li>Rendimiento: 125kg\/24H<\/li>\n<li>Longitud del rodillo: 9 cm<\/li>\n<li>Forma de refrigeraci\u00f3n: Refrigeraci\u00f3n por aire<\/li>\n<li>Enfriamiento previo durante 1 minuto, liberaci\u00f3n r\u00e1pida del hielo en 3 segundos<\/li>\n<\/ul>","protected":false},"featured_media":53002,"comment_status":"open","ping_status":"closed","template":"","meta":{"_acf_changed":false},"product_brand":[],"product_cat":[244,275],"product_tag":[253],"class_list":{"0":"post-49730","1":"product","2":"type-product","3":"status-publish","4":"has-post-thumbnail","6":"product_cat-bingsu-machine","7":"product_cat-refrigeration-equipment","8":"product_tag-air-cooling","9":"description-off","11":"first","12":"instock","13":"shipping-taxable","14":"purchasable","15":"product-type-simple"},"acf":[],"yoast_head":"<!-- This site is optimized with the Yoast SEO Premium plugin v25.3 (Yoast SEO v26.3) - https:\/\/yoast.com\/wordpress\/plugins\/seo\/ -->\n<title>3 Seconds Ice Maker 125KG\/24h Snowflake ice machine Rapid Production Bingsu with JMXC125F-660W-220V\/110V - KengMing | Manufacturer of Commercial Kitchen Equipment<\/title>\n<meta name=\"description\" content=\"3 Seconds Ice Maker 125KG\/24h Snowflake ice machine Rapid Production Bingsu with JMXC125F-660W-220V\/110V\" \/>\n<meta name=\"robots\" content=\"index, follow, max-snippet:-1, max-image-preview:large, max-video-preview:-1\" \/>\n<link rel=\"canonical\" href=\"https:\/\/kengmingcn.com\/es\/product\/3-seconds-ice-maker-125kg-24h-snowflake-ice-machine-produccion-rapida-bingsu-con-jmxc125f-660w-220v-110v\/\" \/>\n<meta property=\"og:locale\" content=\"es_MX\" \/>\n<meta property=\"og:type\" content=\"article\" \/>\n<meta property=\"og:title\" content=\"3 Seconds Ice Maker 125KG\/24h Snowflake ice machine Rapid Production Bingsu with JMXC125F-660W-220V\/110V\" \/>\n<meta property=\"og:description\" content=\"3 Seconds Ice Maker 125KG\/24h Snowflake ice machine Rapid Production Bingsu with JMXC125F-660W-220V\/110V\" \/>\n<meta property=\"og:url\" content=\"https:\/\/kengmingcn.com\/es\/product\/3-seconds-ice-maker-125kg-24h-snowflake-ice-machine-produccion-rapida-bingsu-con-jmxc125f-660w-220v-110v\/\" \/>\n<meta property=\"og:site_name\" content=\"KengMing | Manufacturer of Commercial Kitchen Equipment\" \/>\n<meta property=\"article:modified_time\" content=\"2026-01-11T03:35:34+00:00\" \/>\n<meta property=\"og:image\" content=\"https:\/\/kengmingcn.com\/wp-content\/uploads\/2025\/04\/JMXC125F_6_11zon.webp\" \/>\n\t<meta property=\"og:image:width\" content=\"800\" \/>\n\t<meta property=\"og:image:height\" content=\"800\" \/>\n\t<meta property=\"og:image:type\" content=\"image\/webp\" \/>\n<meta name=\"twitter:card\" content=\"summary_large_image\" \/>\n<meta name=\"twitter:label1\" content=\"Precio\" \/>\n\t<meta name=\"twitter:data1\" content=\"&#036;350.00\" \/>\n\t<meta name=\"twitter:label2\" content=\"Disponibilidad\" \/>\n\t<meta name=\"twitter:data2\" content=\"Disponible\" \/>\n<script type=\"application\/ld+json\" class=\"yoast-schema-graph\">{\"@context\":\"https:\/\/schema.org\",\"@graph\":[{\"@type\":\"WebPage\",\"@id\":\"https:\/\/kengmingcn.com\/de_de\/product\/3-sekunden-eismaschine-125kg-24h-schneeflocken-eismaschine-schnelle-produktion-bingsu-mit-jmxc125f-660w-220v-110v\/\",\"url\":\"https:\/\/kengmingcn.com\/de_de\/product\/3-sekunden-eismaschine-125kg-24h-schneeflocken-eismaschine-schnelle-produktion-bingsu-mit-jmxc125f-660w-220v-110v\/\",\"name\":\"3 Seconds Ice Maker 125KG\/24h Snowflake ice machine Rapid Production Bingsu with JMXC125F-660W-220V\/110V - KengMing | Manufacturer of Commercial Kitchen Equipment\",\"isPartOf\":{\"@id\":\"https:\/\/kengmingcn.com\/#website\"},\"primaryImageOfPage\":{\"@id\":\"https:\/\/kengmingcn.com\/de_de\/product\/3-sekunden-eismaschine-125kg-24h-schneeflocken-eismaschine-schnelle-produktion-bingsu-mit-jmxc125f-660w-220v-110v\/#primaryimage\"},\"image\":{\"@id\":\"https:\/\/kengmingcn.com\/de_de\/product\/3-sekunden-eismaschine-125kg-24h-schneeflocken-eismaschine-schnelle-produktion-bingsu-mit-jmxc125f-660w-220v-110v\/#primaryimage\"},\"thumbnailUrl\":\"https:\/\/kengmingcn.com\/wp-content\/uploads\/2025\/04\/JMXC125F_6_11zon.webp\",\"datePublished\":\"2025-04-19T07:56:32+00:00\",\"dateModified\":\"2026-01-11T03:35:34+00:00\",\"description\":\"3 Seconds Ice Maker 125KG\/24h Snowflake ice machine Rapid Production Bingsu with JMXC125F-660W-220V\/110V\",\"breadcrumb\":{\"@id\":\"https:\/\/kengmingcn.com\/de_de\/product\/3-sekunden-eismaschine-125kg-24h-schneeflocken-eismaschine-schnelle-produktion-bingsu-mit-jmxc125f-660w-220v-110v\/#breadcrumb\"},\"inLanguage\":\"es\",\"potentialAction\":[{\"@type\":\"ReadAction\",\"target\":[\"https:\/\/kengmingcn.com\/de_de\/product\/3-sekunden-eismaschine-125kg-24h-schneeflocken-eismaschine-schnelle-produktion-bingsu-mit-jmxc125f-660w-220v-110v\/\"]}]},{\"@type\":\"ImageObject\",\"inLanguage\":\"es\",\"@id\":\"https:\/\/kengmingcn.com\/de_de\/product\/3-sekunden-eismaschine-125kg-24h-schneeflocken-eismaschine-schnelle-produktion-bingsu-mit-jmxc125f-660w-220v-110v\/#primaryimage\",\"url\":\"https:\/\/kengmingcn.com\/wp-content\/uploads\/2025\/04\/JMXC125F_6_11zon.webp\",\"contentUrl\":\"https:\/\/kengmingcn.com\/wp-content\/uploads\/2025\/04\/JMXC125F_6_11zon.webp\",\"width\":800,\"height\":800,\"caption\":\"125kg\/24h snow ice machine\"},{\"@type\":\"BreadcrumbList\",\"@id\":\"https:\/\/kengmingcn.com\/de_de\/product\/3-sekunden-eismaschine-125kg-24h-schneeflocken-eismaschine-schnelle-produktion-bingsu-mit-jmxc125f-660w-220v-110v\/#breadcrumb\",\"itemListElement\":[{\"@type\":\"ListItem\",\"position\":1,\"name\":\"Home\",\"item\":\"https:\/\/kengmingcn.com\/\"},{\"@type\":\"ListItem\",\"position\":2,\"name\":\"Catalogue\",\"item\":\"https:\/\/kengmingcn.com\/?page_id=27131\"},{\"@type\":\"ListItem\",\"position\":3,\"name\":\"3 Seconds Ice Maker 125KG\/24h Snowflake ice machine Rapid Production Bingsu with JMXC125F-660W-220V\/110V\"}]},{\"@type\":\"WebSite\",\"@id\":\"https:\/\/kengmingcn.com\/#website\",\"url\":\"https:\/\/kengmingcn.com\/\",\"name\":\"Kitchen Equipment\",\"description\":\"KengMing is a professional commercial kitchen equipment manufacturer and wholesale supplier, offering cooking, food prep and bakery equipment with OEM &amp; ODM service for global distributors.\",\"publisher\":{\"@id\":\"https:\/\/kengmingcn.com\/#organization\"},\"potentialAction\":[{\"@type\":\"SearchAction\",\"target\":{\"@type\":\"EntryPoint\",\"urlTemplate\":\"https:\/\/kengmingcn.com\/?s={search_term_string}\"},\"query-input\":{\"@type\":\"PropertyValueSpecification\",\"valueRequired\":true,\"valueName\":\"search_term_string\"}}],\"inLanguage\":\"es\"},{\"@type\":\"Organization\",\"@id\":\"https:\/\/kengmingcn.com\/#organization\",\"name\":\"GuangZhou KengMing\",\"url\":\"https:\/\/kengmingcn.com\/\",\"logo\":{\"@type\":\"ImageObject\",\"inLanguage\":\"es\",\"@id\":\"https:\/\/kengmingcn.com\/#\/schema\/logo\/image\/\",\"url\":\"https:\/\/kengmingcn.com\/wp-content\/uploads\/2025\/04\/cropped-1744508604969-removebg-preview.png\",\"contentUrl\":\"https:\/\/kengmingcn.com\/wp-content\/uploads\/2025\/04\/cropped-1744508604969-removebg-preview.png\",\"width\":512,\"height\":512,\"caption\":\"GuangZhou KengMing\"},\"image\":{\"@id\":\"https:\/\/kengmingcn.com\/#\/schema\/logo\/image\/\"}}]}<\/script>\n<meta property=\"product:price:amount\" content=\"350.00\" \/>\n<meta property=\"product:price:currency\" content=\"USD\" \/>\n<meta property=\"og:availability\" content=\"instock\" \/>\n<meta property=\"product:availability\" content=\"instock\" \/>\n<meta property=\"product:condition\" content=\"new\" \/>\n<!-- \/ Yoast SEO Premium plugin. -->","yoast_head_json":{"title":"3 Seconds Ice Maker 125KG\/24h Snowflake m\u00e1quina de hielo de producci\u00f3n r\u00e1pida Bingsu con JMXC125F-660W-220V\/110V - KengMing | Fabricante de Equipamiento de Cocina Comercial","description":"3 Seconds Ice Maker 125KG\/24h Snowflake m\u00e1quina de hielo de producci\u00f3n r\u00e1pida Bingsu con JMXC125F-660W-220V\/110V","robots":{"index":"index","follow":"follow","max-snippet":"max-snippet:-1","max-image-preview":"max-image-preview:large","max-video-preview":"max-video-preview:-1"},"canonical":"https:\/\/kengmingcn.com\/es\/product\/3-seconds-ice-maker-125kg-24h-snowflake-ice-machine-produccion-rapida-bingsu-con-jmxc125f-660w-220v-110v\/","og_locale":"es_MX","og_type":"article","og_title":"3 Seconds Ice Maker 125KG\/24h Snowflake ice machine Rapid Production Bingsu with JMXC125F-660W-220V\/110V","og_description":"3 Seconds Ice Maker 125KG\/24h Snowflake ice machine Rapid Production Bingsu with JMXC125F-660W-220V\/110V","og_url":"https:\/\/kengmingcn.com\/es\/product\/3-seconds-ice-maker-125kg-24h-snowflake-ice-machine-produccion-rapida-bingsu-con-jmxc125f-660w-220v-110v\/","og_site_name":"KengMing | Manufacturer of Commercial Kitchen Equipment","article_modified_time":"2026-01-11T03:35:34+00:00","og_image":[{"width":800,"height":800,"url":"https:\/\/kengmingcn.com\/wp-content\/uploads\/2025\/04\/JMXC125F_6_11zon.webp","type":"image\/webp"}],"twitter_card":"summary_large_image","twitter_misc":{"Precio":"&#36;350.00","Disponibilidad":"Disponible"},"schema":{"@context":"https:\/\/schema.org","@graph":[{"@type":"WebPage","@id":"https:\/\/kengmingcn.com\/de_de\/product\/3-sekunden-eismaschine-125kg-24h-schneeflocken-eismaschine-schnelle-produktion-bingsu-mit-jmxc125f-660w-220v-110v\/","url":"https:\/\/kengmingcn.com\/de_de\/product\/3-sekunden-eismaschine-125kg-24h-schneeflocken-eismaschine-schnelle-produktion-bingsu-mit-jmxc125f-660w-220v-110v\/","name":"3 Seconds Ice Maker 125KG\/24h Snowflake m\u00e1quina de hielo de producci\u00f3n r\u00e1pida Bingsu con JMXC125F-660W-220V\/110V - KengMing | Fabricante de Equipamiento de Cocina Comercial","isPartOf":{"@id":"https:\/\/kengmingcn.com\/#website"},"primaryImageOfPage":{"@id":"https:\/\/kengmingcn.com\/de_de\/product\/3-sekunden-eismaschine-125kg-24h-schneeflocken-eismaschine-schnelle-produktion-bingsu-mit-jmxc125f-660w-220v-110v\/#primaryimage"},"image":{"@id":"https:\/\/kengmingcn.com\/de_de\/product\/3-sekunden-eismaschine-125kg-24h-schneeflocken-eismaschine-schnelle-produktion-bingsu-mit-jmxc125f-660w-220v-110v\/#primaryimage"},"thumbnailUrl":"https:\/\/kengmingcn.com\/wp-content\/uploads\/2025\/04\/JMXC125F_6_11zon.webp","datePublished":"2025-04-19T07:56:32+00:00","dateModified":"2026-01-11T03:35:34+00:00","description":"3 Seconds Ice Maker 125KG\/24h Snowflake m\u00e1quina de hielo de producci\u00f3n r\u00e1pida Bingsu con JMXC125F-660W-220V\/110V","breadcrumb":{"@id":"https:\/\/kengmingcn.com\/de_de\/product\/3-sekunden-eismaschine-125kg-24h-schneeflocken-eismaschine-schnelle-produktion-bingsu-mit-jmxc125f-660w-220v-110v\/#breadcrumb"},"inLanguage":"es","potentialAction":[{"@type":"ReadAction","target":["https:\/\/kengmingcn.com\/de_de\/product\/3-sekunden-eismaschine-125kg-24h-schneeflocken-eismaschine-schnelle-produktion-bingsu-mit-jmxc125f-660w-220v-110v\/"]}]},{"@type":"ImageObject","inLanguage":"es","@id":"https:\/\/kengmingcn.com\/de_de\/product\/3-sekunden-eismaschine-125kg-24h-schneeflocken-eismaschine-schnelle-produktion-bingsu-mit-jmxc125f-660w-220v-110v\/#primaryimage","url":"https:\/\/kengmingcn.com\/wp-content\/uploads\/2025\/04\/JMXC125F_6_11zon.webp","contentUrl":"https:\/\/kengmingcn.com\/wp-content\/uploads\/2025\/04\/JMXC125F_6_11zon.webp","width":800,"height":800,"caption":"125kg\/24h snow ice machine"},{"@type":"BreadcrumbList","@id":"https:\/\/kengmingcn.com\/de_de\/product\/3-sekunden-eismaschine-125kg-24h-schneeflocken-eismaschine-schnelle-produktion-bingsu-mit-jmxc125f-660w-220v-110v\/#breadcrumb","itemListElement":[{"@type":"ListItem","position":1,"name":"Home","item":"https:\/\/kengmingcn.com\/"},{"@type":"ListItem","position":2,"name":"Catalogue","item":"https:\/\/kengmingcn.com\/?page_id=27131"},{"@type":"ListItem","position":3,"name":"3 Seconds Ice Maker 125KG\/24h Snowflake ice machine Rapid Production Bingsu with JMXC125F-660W-220V\/110V"}]},{"@type":"WebSite","@id":"https:\/\/kengmingcn.com\/#website","url":"https:\/\/kengmingcn.com\/","name":"Equipamiento de cocina","description":"KengMing es un fabricante profesional de equipos de cocina comercial y proveedor mayorista, que ofrece equipos de cocina, preparaci\u00f3n de alimentos y panader\u00eda con servicio OEM y ODM para distribuidores globales.","publisher":{"@id":"https:\/\/kengmingcn.com\/#organization"},"potentialAction":[{"@type":"SearchAction","target":{"@type":"EntryPoint","urlTemplate":"https:\/\/kengmingcn.com\/?s={search_term_string}"},"query-input":{"@type":"PropertyValueSpecification","valueRequired":true,"valueName":"search_term_string"}}],"inLanguage":"es"},{"@type":"Organization","@id":"https:\/\/kengmingcn.com\/#organization","name":"GuangZhou KengMing","url":"https:\/\/kengmingcn.com\/","logo":{"@type":"ImageObject","inLanguage":"es","@id":"https:\/\/kengmingcn.com\/#\/schema\/logo\/image\/","url":"https:\/\/kengmingcn.com\/wp-content\/uploads\/2025\/04\/cropped-1744508604969-removebg-preview.png","contentUrl":"https:\/\/kengmingcn.com\/wp-content\/uploads\/2025\/04\/cropped-1744508604969-removebg-preview.png","width":512,"height":512,"caption":"GuangZhou KengMing"},"image":{"@id":"https:\/\/kengmingcn.com\/#\/schema\/logo\/image\/"}}]},"product_price_amount":"350.00","product_price_currency":"USD","og_availability":"instock","product_availability":"instock","product_condition":"new"},"_links":{"self":[{"href":"https:\/\/kengmingcn.com\/es\/wp-json\/wp\/v2\/product\/49730","targetHints":{"allow":["GET"]}}],"collection":[{"href":"https:\/\/kengmingcn.com\/es\/wp-json\/wp\/v2\/product"}],"about":[{"href":"https:\/\/kengmingcn.com\/es\/wp-json\/wp\/v2\/types\/product"}],"replies":[{"embeddable":true,"href":"https:\/\/kengmingcn.com\/es\/wp-json\/wp\/v2\/comments?post=49730"}],"wp:featuredmedia":[{"embeddable":true,"href":"https:\/\/kengmingcn.com\/es\/wp-json\/wp\/v2\/media\/53002"}],"wp:attachment":[{"href":"https:\/\/kengmingcn.com\/es\/wp-json\/wp\/v2\/media?parent=49730"}],"wp:term":[{"taxonomy":"product_brand","embeddable":true,"href":"https:\/\/kengmingcn.com\/es\/wp-json\/wp\/v2\/product_brand?post=49730"},{"taxonomy":"product_cat","embeddable":true,"href":"https:\/\/kengmingcn.com\/es\/wp-json\/wp\/v2\/product_cat?post=49730"},{"taxonomy":"product_tag","embeddable":true,"href":"https:\/\/kengmingcn.com\/es\/wp-json\/wp\/v2\/product_tag?post=49730"}],"curies":[{"name":"wp","href":"https:\/\/api.w.org\/{rel}","templated":true}]}}