{"id":49418,"date":"2025-04-17T15:40:58","date_gmt":"2025-04-17T07:40:58","guid":{"rendered":"https:\/\/kengmingcn.com\/?post_type=product&#038;p=49418"},"modified":"2025-06-12T17:56:24","modified_gmt":"2025-06-12T09:56:24","slug":"comercial-de-doble-taza-de-te-con-leche-agitando-la-maquina-maquina-de-batido-de-leche-bebida-que-hace-el-equipo-ljy120-2-1l-120w","status":"publish","type":"product","link":"https:\/\/kengmingcn.com\/es\/product\/comercial-de-doble-taza-de-te-con-leche-agitando-la-maquina-maquina-de-batido-de-leche-bebida-que-hace-el-equipo-ljy120-2-1l-120w\/","title":{"rendered":"LJY120-2 1L 120W M\u00e1quina agitadora de t\u00e9 con leche LJY120-2 M\u00e1quina agitadora de t\u00e9 con leche LJY120-2 1L 120W"},"content":{"rendered":"<div style=\"width: 640px;\" class=\"wp-video\"><!--[if lt IE 9]><script>document.createElement('video');<\/script><![endif]-->\n<video class=\"wp-video-shortcode\" id=\"video-49418-1\" width=\"640\" height=\"360\" preload=\"metadata\" controls=\"controls\"><source type=\"video\/mp4\" src=\"https:\/\/cdn-gzkm.b-cdn.net\/Model\/Milk%20Tea%20Shaking%20Machine\/LJY120-2%201L%20Double%20Cup%20Milk%20Tea%20Shaking%20Machine.mp4?_=1\" \/><a href=\"https:\/\/cdn-gzkm.b-cdn.net\/Model\/Milk%20Tea%20Shaking%20Machine\/LJY120-2%201L%20Double%20Cup%20Milk%20Tea%20Shaking%20Machine.mp4\">https:\/\/cdn-gzkm.b-cdn.net\/Model\/Milk%20Tea%20Shaking%20Machine\/LJY120-2%201L%20Double%20Cup%20Milk%20Tea%20Shaking%20Machine.mp4<\/a><\/video><\/div>\n<p>La m\u00e1quina agitadora de t\u00e9 con leche es un eficiente equipo de elaboraci\u00f3n de bebidas dise\u00f1ado para preparar t\u00e9 con leche de sabor delicado y suave. Combinado con la tecnolog\u00eda avanzada del motor y el brazo giratorio 360\u00b0 altamente eficiente, puede mezclar uniformemente los ingredientes del t\u00e9 de leche (tales como t\u00e9, leche en polvo, jarabe, etc.) para hacer r\u00e1pidamente el t\u00e9 de leche rico-sabor y lleno-saboreado para cubrir la demanda de los consumidores para las bebidas de alta calidad.<\/p>\n<figure class=\"wp-block-image\"><img decoding=\"async\" src=\"https:\/\/image.made-in-china.com\/226f3j00EkZvjVtIbocD\/Commercial-Double-Cup-Milk-Tea-Shaking-Machine-Milkshake-Machine-Beverage-Making-Equipment-LJY120-2-1L-120W-220V-50Hz-.webp\" alt=\"M\u00e1quina comercial de batido de leche y t\u00e9 de doble taza Equipo para fabricar bebidas (LJY120-2-1L-120W-220V\/50Hz)\" \/><\/figure>\n<p>1. Agitaci\u00f3n eficiente: nuestro agitador de t\u00e9 con leche est\u00e1 equipado con un motor eficiente de 120 vatios para un funcionamiento silencioso y potente. Agita de forma uniforme y r\u00e1pida a 313 revoluciones por minuto, preparando una taza de t\u00e9 con leche en s\u00f3lo 10 segundos. Esto mejora enormemente la velocidad y la calidad de la producci\u00f3n de bebidas, por lo que es ideal para entornos empresariales de ritmo r\u00e1pido.<br \/>\nCompatible con m\u00faltiples tama\u00f1os de vasos para batidos: Puede ajustar r\u00e1pidamente la altura del soporte agitador para adaptarse a diferentes tama\u00f1os de vasos batidores de 350 ml a 1000 ml, lo que garantiza que cada bebida se agite de manera uniforme y r\u00e1pida. Incluye dos vasos mezcladores para PC de 750 ml f\u00e1ciles de limpiar y que no dejan residuos de sabor, aptos para su uso en todo tipo de establecimientos de restauraci\u00f3n.<br \/>\n3.Brazo giratorio de 360\u00b0:Nuestro dise\u00f1o cuenta con un brazo agitador con anillo omnidireccional de 360\u00b0 que garantiza un batido uniforme y suave en todo momento, ya sea para t\u00e9 con leche, caf\u00e9, c\u00f3cteles o bebidas de frutas. El soporte dise\u00f1ado con precisi\u00f3n evita las fugas al agitar con una rotaci\u00f3n de 360\u00b0.<br \/>\n4. Control preciso del tiempo: Con el ajuste de tiempo preciso de 0 a 180 segundos, puede ajustar el tiempo de agitaci\u00f3n seg\u00fan sea necesario para lograr el efecto de mezcla ideal para cada bebida. El dise\u00f1o de inicio con un bot\u00f3n hace que el funcionamiento sea sencillo e intuitivo.<br \/>\n5. Elecci\u00f3n comercial profesional: El vaso agitador de t\u00e9 con leche est\u00e1 hecho de acero inoxidable, resistente a la corrosi\u00f3n y f\u00e1cil de limpiar. El dise\u00f1o estable del coj\u00edn de cuatro patas garantiza un funcionamiento estable a la vez que mantiene una buena disipaci\u00f3n del calor. Adecuado para agitar t\u00e9 con leche, c\u00f3cteles, bebidas, caf\u00e9, etc. Ideal para restaurantes, pasteler\u00edas, cafeter\u00edas, panader\u00edas, tiendas de alimentaci\u00f3n y de bebidas.<\/p>\n<figure class=\"wp-block-image\"><img decoding=\"async\" src=\"https:\/\/image.made-in-china.com\/226f3j00acZvjeQthbqI\/Commercial-Double-Cup-Milk-Tea-Shaking-Machine-Milkshake-Machine-Beverage-Making-Equipment-LJY120-2-1L-120W-220V-50Hz-.webp\" alt=\"M\u00e1quina comercial de batido de leche y t\u00e9 de doble taza Equipo para fabricar bebidas (LJY120-2-1L-120W-220V\/50Hz)\" \/><\/figure>\n<figure class=\"wp-block-image\"><img decoding=\"async\" src=\"https:\/\/image.made-in-china.com\/226f3j00acsBjyEKLoqP\/Commercial-Double-Cup-Milk-Tea-Shaking-Machine-Milkshake-Machine-Beverage-Making-Equipment-LJY120-2-1L-120W-220V-50Hz-.webp\" alt=\"M\u00e1quina comercial de batido de leche y t\u00e9 de doble taza Equipo para fabricar bebidas (LJY120-2-1L-120W-220V\/50Hz)\" \/><\/figure>\n<p>1. Tiendas de t\u00e9 con leche y bebidas:<br \/>\nUso: Prepare r\u00e1pidamente grandes cantidades de t\u00e9 con leche mezclado uniformemente para mejorar la eficiencia del servicio y la calidad de la bebida.<br \/>\nEjemplo: Las tiendas de t\u00e9 con leche utilizan agitadores para procesar r\u00e1pidamente los pedidos durante las horas punta y garantizar un sabor uniforme de cada taza de t\u00e9 con leche.<br \/>\n2. Caf\u00e9:<br \/>\nUtilizaci\u00f3n: Para preparar t\u00e9 con leche u otras bebidas agitadas y enriquecer las opciones del men\u00fa.<br \/>\nEjemplo: Las cafeter\u00edas pueden utilizar la m\u00e1quina de batidos para preparar t\u00e9 con leche, batidos, etc. para aumentar la diversidad de bebidas.<br \/>\n3. Restaurante:<br \/>\nUtilizaci\u00f3n: Para servir t\u00e9 con leche bien mezclado como parte de la preparaci\u00f3n de postres o bebidas.<br \/>\nEjemplo: Un restaurante sirve t\u00e9 con leche despu\u00e9s de la comida, utilizando un agitador para garantizar un sabor y un efecto de espuma homog\u00e9neos.<br \/>\n4. Puestos de comida callejeros y mercados:<br \/>\nUtilizaci\u00f3n: El t\u00e9 con leche fresca se prepara in situ para atraer a los clientes e impulsar las ventas.<br \/>\nEjemplo: Los vendedores ambulantes utilizan agitadores para preparar t\u00e9 con leche y ofrecer bebidas instant\u00e1neas de calidad.<br \/>\n5. Reuniones familiares y eventos privados:<br \/>\nUtilizaci\u00f3n: Preparar t\u00e9 con leche en reuniones familiares o eventos para aumentar la variedad de bebidas.<br \/>\nEjemplo: Las cocteleras se utilizan para preparar t\u00e9 con leche en las reuniones familiares y ofrecer a los invitados bebidas frescas y espumosas.<\/p>\n<p><img decoding=\"async\" class=\"alignnone size-full wp-image-50999\" src=\"https:\/\/kengmingcn.com\/wp-content\/uploads\/2025\/04\/LJY120-2-1L-120W-1.webp\" alt=\"LJY120-2 1L 120W (1)\" width=\"1060\" height=\"500\" srcset=\"https:\/\/kengmingcn.com\/wp-content\/uploads\/2025\/04\/LJY120-2-1L-120W-1.webp 1060w, https:\/\/kengmingcn.com\/wp-content\/uploads\/2025\/04\/LJY120-2-1L-120W-1-300x142.webp 300w, https:\/\/kengmingcn.com\/wp-content\/uploads\/2025\/04\/LJY120-2-1L-120W-1-1024x483.webp 1024w, https:\/\/kengmingcn.com\/wp-content\/uploads\/2025\/04\/LJY120-2-1L-120W-1-768x362.webp 768w\" sizes=\"(max-width: 1060px) 100vw, 1060px\" \/> <img decoding=\"async\" class=\"alignnone size-full wp-image-51000\" src=\"https:\/\/kengmingcn.com\/wp-content\/uploads\/2025\/04\/LJY120-2-1L-120W-2.webp\" alt=\"\" width=\"1060\" height=\"500\" srcset=\"https:\/\/kengmingcn.com\/wp-content\/uploads\/2025\/04\/LJY120-2-1L-120W-2.webp 1060w, https:\/\/kengmingcn.com\/wp-content\/uploads\/2025\/04\/LJY120-2-1L-120W-2-300x142.webp 300w, https:\/\/kengmingcn.com\/wp-content\/uploads\/2025\/04\/LJY120-2-1L-120W-2-1024x483.webp 1024w, https:\/\/kengmingcn.com\/wp-content\/uploads\/2025\/04\/LJY120-2-1L-120W-2-768x362.webp 768w\" sizes=\"(max-width: 1060px) 100vw, 1060px\" \/><\/p>","protected":false},"excerpt":{"rendered":"<ul>\n<li>Agitador de t\u00e9 con leche de un cabezal de 1000 ml<\/li>\n<\/ul>","protected":false},"featured_media":49420,"comment_status":"open","ping_status":"closed","template":"","meta":{"_acf_changed":false},"product_brand":[],"product_cat":[277,248],"product_tag":[],"class_list":{"0":"post-49418","1":"product","2":"type-product","3":"status-publish","4":"has-post-thumbnail","6":"product_cat-food-processing-equipment","7":"product_cat-milk-tea-shaking-machine","8":"description-off","10":"first","11":"instock","12":"shipping-taxable","13":"purchasable","14":"product-type-simple"},"acf":[],"yoast_head":"<!-- This site is optimized with the Yoast SEO Premium plugin v25.3 (Yoast SEO v26.3) - https:\/\/yoast.com\/wordpress\/plugins\/seo\/ -->\n<title>Double Cup Milk Tea Shaking Machine<\/title>\n<meta name=\"description\" content=\"Commercial Double Cup Milk Tea Shaking Machine Milk shake Machine Beverage Making Equipment LJY120-2 1L 120W\" \/>\n<meta name=\"robots\" content=\"index, follow, max-snippet:-1, max-image-preview:large, max-video-preview:-1\" \/>\n<link rel=\"canonical\" href=\"https:\/\/kengmingcn.com\/es\/product\/comercial-de-doble-taza-de-te-con-leche-agitando-la-maquina-maquina-de-batido-de-leche-bebida-que-hace-el-equipo-ljy120-2-1l-120w\/\" \/>\n<meta property=\"og:locale\" content=\"es_MX\" \/>\n<meta property=\"og:type\" content=\"article\" \/>\n<meta property=\"og:title\" content=\"Commercial Double Cup Milk Tea Shaking Machine Milk shake Machine Beverage Making Equipment LJY120-2 1L 120W\" \/>\n<meta property=\"og:description\" content=\"Commercial Double Cup Milk Tea Shaking Machine Milk shake Machine Beverage Making Equipment LJY120-2 1L 120W\" \/>\n<meta property=\"og:url\" content=\"https:\/\/kengmingcn.com\/es\/product\/comercial-de-doble-taza-de-te-con-leche-agitando-la-maquina-maquina-de-batido-de-leche-bebida-que-hace-el-equipo-ljy120-2-1l-120w\/\" \/>\n<meta property=\"og:site_name\" content=\"KengMing | Manufacturer of Commercial Kitchen Equipment\" \/>\n<meta property=\"article:modified_time\" content=\"2025-06-12T09:56:24+00:00\" \/>\n<meta property=\"og:image\" content=\"https:\/\/kengmingcn.com\/wp-content\/uploads\/2025\/04\/Double-Cup-Milk-Tea-Shaking-Machine-5_11zon.webp\" \/>\n\t<meta property=\"og:image:width\" content=\"550\" \/>\n\t<meta property=\"og:image:height\" content=\"550\" \/>\n\t<meta property=\"og:image:type\" content=\"image\/webp\" \/>\n<meta name=\"twitter:card\" content=\"summary_large_image\" \/>\n<meta name=\"twitter:label1\" content=\"Precio\" \/>\n\t<meta name=\"twitter:data1\" content=\"&#036;100.00\" \/>\n\t<meta name=\"twitter:label2\" content=\"Disponibilidad\" \/>\n\t<meta name=\"twitter:data2\" content=\"Disponible\" \/>\n<script type=\"application\/ld+json\" class=\"yoast-schema-graph\">{\"@context\":\"https:\/\/schema.org\",\"@graph\":[{\"@type\":\"WebPage\",\"@id\":\"https:\/\/kengmingcn.com\/es\/product\/comercial-de-doble-taza-de-te-con-leche-agitando-la-maquina-maquina-de-batido-de-leche-bebida-que-hace-el-equipo-ljy120-2-1l-120w\/\",\"url\":\"https:\/\/kengmingcn.com\/es\/product\/comercial-de-doble-taza-de-te-con-leche-agitando-la-maquina-maquina-de-batido-de-leche-bebida-que-hace-el-equipo-ljy120-2-1l-120w\/\",\"name\":\"Double Cup Milk Tea Shaking Machine\",\"isPartOf\":{\"@id\":\"https:\/\/kengmingcn.com\/#website\"},\"primaryImageOfPage\":{\"@id\":\"https:\/\/kengmingcn.com\/es\/product\/comercial-de-doble-taza-de-te-con-leche-agitando-la-maquina-maquina-de-batido-de-leche-bebida-que-hace-el-equipo-ljy120-2-1l-120w\/#primaryimage\"},\"image\":{\"@id\":\"https:\/\/kengmingcn.com\/es\/product\/comercial-de-doble-taza-de-te-con-leche-agitando-la-maquina-maquina-de-batido-de-leche-bebida-que-hace-el-equipo-ljy120-2-1l-120w\/#primaryimage\"},\"thumbnailUrl\":\"https:\/\/kengmingcn.com\/wp-content\/uploads\/2025\/04\/Double-Cup-Milk-Tea-Shaking-Machine-5_11zon.webp\",\"datePublished\":\"2025-04-17T07:40:58+00:00\",\"dateModified\":\"2025-06-12T09:56:24+00:00\",\"description\":\"Commercial Double Cup Milk Tea Shaking Machine Milk shake Machine Beverage Making Equipment LJY120-2 1L 120W\",\"breadcrumb\":{\"@id\":\"https:\/\/kengmingcn.com\/es\/product\/comercial-de-doble-taza-de-te-con-leche-agitando-la-maquina-maquina-de-batido-de-leche-bebida-que-hace-el-equipo-ljy120-2-1l-120w\/#breadcrumb\"},\"inLanguage\":\"es\",\"potentialAction\":[{\"@type\":\"ReadAction\",\"target\":[\"https:\/\/kengmingcn.com\/es\/product\/comercial-de-doble-taza-de-te-con-leche-agitando-la-maquina-maquina-de-batido-de-leche-bebida-que-hace-el-equipo-ljy120-2-1l-120w\/\"]}]},{\"@type\":\"ImageObject\",\"inLanguage\":\"es\",\"@id\":\"https:\/\/kengmingcn.com\/es\/product\/comercial-de-doble-taza-de-te-con-leche-agitando-la-maquina-maquina-de-batido-de-leche-bebida-que-hace-el-equipo-ljy120-2-1l-120w\/#primaryimage\",\"url\":\"https:\/\/kengmingcn.com\/wp-content\/uploads\/2025\/04\/Double-Cup-Milk-Tea-Shaking-Machine-5_11zon.webp\",\"contentUrl\":\"https:\/\/kengmingcn.com\/wp-content\/uploads\/2025\/04\/Double-Cup-Milk-Tea-Shaking-Machine-5_11zon.webp\",\"width\":550,\"height\":550,\"caption\":\"Double Cup Milk Tea Shaking Machine\"},{\"@type\":\"BreadcrumbList\",\"@id\":\"https:\/\/kengmingcn.com\/es\/product\/comercial-de-doble-taza-de-te-con-leche-agitando-la-maquina-maquina-de-batido-de-leche-bebida-que-hace-el-equipo-ljy120-2-1l-120w\/#breadcrumb\",\"itemListElement\":[{\"@type\":\"ListItem\",\"position\":1,\"name\":\"Home\",\"item\":\"https:\/\/kengmingcn.com\/\"},{\"@type\":\"ListItem\",\"position\":2,\"name\":\"Catalogue\",\"item\":\"https:\/\/kengmingcn.com\/?page_id=27131\"},{\"@type\":\"ListItem\",\"position\":3,\"name\":\"Commercial Double Cup Milk Tea Shaking Machine Milk shake Machine Beverage Making Equipment LJY120-2 1L 120W\"}]},{\"@type\":\"WebSite\",\"@id\":\"https:\/\/kengmingcn.com\/#website\",\"url\":\"https:\/\/kengmingcn.com\/\",\"name\":\"Kitchen Equipment\",\"description\":\"KengMing is a professional commercial kitchen equipment manufacturer and wholesale supplier, offering cooking, food prep and bakery equipment with OEM &amp; ODM service for global distributors.\",\"publisher\":{\"@id\":\"https:\/\/kengmingcn.com\/#organization\"},\"potentialAction\":[{\"@type\":\"SearchAction\",\"target\":{\"@type\":\"EntryPoint\",\"urlTemplate\":\"https:\/\/kengmingcn.com\/?s={search_term_string}\"},\"query-input\":{\"@type\":\"PropertyValueSpecification\",\"valueRequired\":true,\"valueName\":\"search_term_string\"}}],\"inLanguage\":\"es\"},{\"@type\":\"Organization\",\"@id\":\"https:\/\/kengmingcn.com\/#organization\",\"name\":\"GuangZhou KengMing\",\"url\":\"https:\/\/kengmingcn.com\/\",\"logo\":{\"@type\":\"ImageObject\",\"inLanguage\":\"es\",\"@id\":\"https:\/\/kengmingcn.com\/#\/schema\/logo\/image\/\",\"url\":\"https:\/\/kengmingcn.com\/wp-content\/uploads\/2025\/04\/cropped-1744508604969-removebg-preview.png\",\"contentUrl\":\"https:\/\/kengmingcn.com\/wp-content\/uploads\/2025\/04\/cropped-1744508604969-removebg-preview.png\",\"width\":512,\"height\":512,\"caption\":\"GuangZhou KengMing\"},\"image\":{\"@id\":\"https:\/\/kengmingcn.com\/#\/schema\/logo\/image\/\"}}]}<\/script>\n<meta property=\"product:price:amount\" content=\"100.00\" \/>\n<meta property=\"product:price:currency\" content=\"USD\" \/>\n<meta property=\"og:availability\" content=\"instock\" \/>\n<meta property=\"product:availability\" content=\"instock\" \/>\n<meta property=\"product:condition\" content=\"new\" \/>\n<!-- \/ Yoast SEO Premium plugin. -->","yoast_head_json":{"title":"M\u00e1quina agitadora de t\u00e9 con leche de doble taza","description":"LJY120-2 1L 120W M\u00e1quina agitadora de t\u00e9 con leche LJY120-2 M\u00e1quina agitadora de t\u00e9 con leche LJY120-2 1L 120W","robots":{"index":"index","follow":"follow","max-snippet":"max-snippet:-1","max-image-preview":"max-image-preview:large","max-video-preview":"max-video-preview:-1"},"canonical":"https:\/\/kengmingcn.com\/es\/product\/comercial-de-doble-taza-de-te-con-leche-agitando-la-maquina-maquina-de-batido-de-leche-bebida-que-hace-el-equipo-ljy120-2-1l-120w\/","og_locale":"es_MX","og_type":"article","og_title":"Commercial Double Cup Milk Tea Shaking Machine Milk shake Machine Beverage Making Equipment LJY120-2 1L 120W","og_description":"Commercial Double Cup Milk Tea Shaking Machine Milk shake Machine Beverage Making Equipment LJY120-2 1L 120W","og_url":"https:\/\/kengmingcn.com\/es\/product\/comercial-de-doble-taza-de-te-con-leche-agitando-la-maquina-maquina-de-batido-de-leche-bebida-que-hace-el-equipo-ljy120-2-1l-120w\/","og_site_name":"KengMing | Manufacturer of Commercial Kitchen Equipment","article_modified_time":"2025-06-12T09:56:24+00:00","og_image":[{"width":550,"height":550,"url":"https:\/\/kengmingcn.com\/wp-content\/uploads\/2025\/04\/Double-Cup-Milk-Tea-Shaking-Machine-5_11zon.webp","type":"image\/webp"}],"twitter_card":"summary_large_image","twitter_misc":{"Precio":"&#36;100.00","Disponibilidad":"Disponible"},"schema":{"@context":"https:\/\/schema.org","@graph":[{"@type":"WebPage","@id":"https:\/\/kengmingcn.com\/es\/product\/comercial-de-doble-taza-de-te-con-leche-agitando-la-maquina-maquina-de-batido-de-leche-bebida-que-hace-el-equipo-ljy120-2-1l-120w\/","url":"https:\/\/kengmingcn.com\/es\/product\/comercial-de-doble-taza-de-te-con-leche-agitando-la-maquina-maquina-de-batido-de-leche-bebida-que-hace-el-equipo-ljy120-2-1l-120w\/","name":"M\u00e1quina agitadora de t\u00e9 con leche de doble taza","isPartOf":{"@id":"https:\/\/kengmingcn.com\/#website"},"primaryImageOfPage":{"@id":"https:\/\/kengmingcn.com\/es\/product\/comercial-de-doble-taza-de-te-con-leche-agitando-la-maquina-maquina-de-batido-de-leche-bebida-que-hace-el-equipo-ljy120-2-1l-120w\/#primaryimage"},"image":{"@id":"https:\/\/kengmingcn.com\/es\/product\/comercial-de-doble-taza-de-te-con-leche-agitando-la-maquina-maquina-de-batido-de-leche-bebida-que-hace-el-equipo-ljy120-2-1l-120w\/#primaryimage"},"thumbnailUrl":"https:\/\/kengmingcn.com\/wp-content\/uploads\/2025\/04\/Double-Cup-Milk-Tea-Shaking-Machine-5_11zon.webp","datePublished":"2025-04-17T07:40:58+00:00","dateModified":"2025-06-12T09:56:24+00:00","description":"LJY120-2 1L 120W M\u00e1quina agitadora de t\u00e9 con leche LJY120-2 M\u00e1quina agitadora de t\u00e9 con leche LJY120-2 1L 120W","breadcrumb":{"@id":"https:\/\/kengmingcn.com\/es\/product\/comercial-de-doble-taza-de-te-con-leche-agitando-la-maquina-maquina-de-batido-de-leche-bebida-que-hace-el-equipo-ljy120-2-1l-120w\/#breadcrumb"},"inLanguage":"es","potentialAction":[{"@type":"ReadAction","target":["https:\/\/kengmingcn.com\/es\/product\/comercial-de-doble-taza-de-te-con-leche-agitando-la-maquina-maquina-de-batido-de-leche-bebida-que-hace-el-equipo-ljy120-2-1l-120w\/"]}]},{"@type":"ImageObject","inLanguage":"es","@id":"https:\/\/kengmingcn.com\/es\/product\/comercial-de-doble-taza-de-te-con-leche-agitando-la-maquina-maquina-de-batido-de-leche-bebida-que-hace-el-equipo-ljy120-2-1l-120w\/#primaryimage","url":"https:\/\/kengmingcn.com\/wp-content\/uploads\/2025\/04\/Double-Cup-Milk-Tea-Shaking-Machine-5_11zon.webp","contentUrl":"https:\/\/kengmingcn.com\/wp-content\/uploads\/2025\/04\/Double-Cup-Milk-Tea-Shaking-Machine-5_11zon.webp","width":550,"height":550,"caption":"Double Cup Milk Tea Shaking Machine"},{"@type":"BreadcrumbList","@id":"https:\/\/kengmingcn.com\/es\/product\/comercial-de-doble-taza-de-te-con-leche-agitando-la-maquina-maquina-de-batido-de-leche-bebida-que-hace-el-equipo-ljy120-2-1l-120w\/#breadcrumb","itemListElement":[{"@type":"ListItem","position":1,"name":"Home","item":"https:\/\/kengmingcn.com\/"},{"@type":"ListItem","position":2,"name":"Catalogue","item":"https:\/\/kengmingcn.com\/?page_id=27131"},{"@type":"ListItem","position":3,"name":"Commercial Double Cup Milk Tea Shaking Machine Milk shake Machine Beverage Making Equipment LJY120-2 1L 120W"}]},{"@type":"WebSite","@id":"https:\/\/kengmingcn.com\/#website","url":"https:\/\/kengmingcn.com\/","name":"Equipamiento de cocina","description":"KengMing es un fabricante profesional de equipos de cocina comercial y proveedor mayorista, que ofrece equipos de cocina, preparaci\u00f3n de alimentos y panader\u00eda con servicio OEM y ODM para distribuidores globales.","publisher":{"@id":"https:\/\/kengmingcn.com\/#organization"},"potentialAction":[{"@type":"SearchAction","target":{"@type":"EntryPoint","urlTemplate":"https:\/\/kengmingcn.com\/?s={search_term_string}"},"query-input":{"@type":"PropertyValueSpecification","valueRequired":true,"valueName":"search_term_string"}}],"inLanguage":"es"},{"@type":"Organization","@id":"https:\/\/kengmingcn.com\/#organization","name":"GuangZhou KengMing","url":"https:\/\/kengmingcn.com\/","logo":{"@type":"ImageObject","inLanguage":"es","@id":"https:\/\/kengmingcn.com\/#\/schema\/logo\/image\/","url":"https:\/\/kengmingcn.com\/wp-content\/uploads\/2025\/04\/cropped-1744508604969-removebg-preview.png","contentUrl":"https:\/\/kengmingcn.com\/wp-content\/uploads\/2025\/04\/cropped-1744508604969-removebg-preview.png","width":512,"height":512,"caption":"GuangZhou KengMing"},"image":{"@id":"https:\/\/kengmingcn.com\/#\/schema\/logo\/image\/"}}]},"product_price_amount":"100.00","product_price_currency":"USD","og_availability":"instock","product_availability":"instock","product_condition":"new"},"_links":{"self":[{"href":"https:\/\/kengmingcn.com\/es\/wp-json\/wp\/v2\/product\/49418","targetHints":{"allow":["GET"]}}],"collection":[{"href":"https:\/\/kengmingcn.com\/es\/wp-json\/wp\/v2\/product"}],"about":[{"href":"https:\/\/kengmingcn.com\/es\/wp-json\/wp\/v2\/types\/product"}],"replies":[{"embeddable":true,"href":"https:\/\/kengmingcn.com\/es\/wp-json\/wp\/v2\/comments?post=49418"}],"wp:featuredmedia":[{"embeddable":true,"href":"https:\/\/kengmingcn.com\/es\/wp-json\/wp\/v2\/media\/49420"}],"wp:attachment":[{"href":"https:\/\/kengmingcn.com\/es\/wp-json\/wp\/v2\/media?parent=49418"}],"wp:term":[{"taxonomy":"product_brand","embeddable":true,"href":"https:\/\/kengmingcn.com\/es\/wp-json\/wp\/v2\/product_brand?post=49418"},{"taxonomy":"product_cat","embeddable":true,"href":"https:\/\/kengmingcn.com\/es\/wp-json\/wp\/v2\/product_cat?post=49418"},{"taxonomy":"product_tag","embeddable":true,"href":"https:\/\/kengmingcn.com\/es\/wp-json\/wp\/v2\/product_tag?post=49418"}],"curies":[{"name":"wp","href":"https:\/\/api.w.org\/{rel}","templated":true}]}}