{"id":53223,"date":"2026-03-03T13:49:03","date_gmt":"2026-03-03T05:49:03","guid":{"rendered":"https:\/\/kengmingcn.com\/?page_id=53223"},"modified":"2026-03-03T13:50:07","modified_gmt":"2026-03-03T05:50:07","slug":"politica-de-privacidad","status":"publish","type":"page","link":"https:\/\/kengmingcn.com\/es\/politica-de-privacidad\/","title":{"rendered":"Pol\u00edtica de privacidad"},"content":{"rendered":"<p>Bienvenido a kengmingcn.com (\u201cSitio web\u201d, \u201cnosotros\u201d, \u201cnuestro\u201d o \u201cnos\u201d). Respetamos su privacidad y nos comprometemos a proteger sus datos personales. Esta pol\u00edtica de privacidad explica c\u00f3mo recogemos, utilizamos y protegemos su informaci\u00f3n cuando visita nuestro sitio web.<\/p>\n\n\n\n<hr class=\"wp-block-separator has-alpha-channel-opacity\"\/>\n\n\n\n<h2 class=\"wp-block-heading\" id=\"h-1-information-we-collect\">1. Informaci\u00f3n que recopilamos<\/h2>\n\n\n\n<p>Podemos recopilar los siguientes tipos de informaci\u00f3n:<\/p>\n\n\n\n<h3 class=\"wp-block-heading\" id=\"h-1-1-information-you-provide-to-us\">1.1 Informaci\u00f3n que nos facilita<\/h3>\n\n\n\n<p>Cuando env\u00eda un formulario de contacto, solicita un presupuesto o se comunica con nosotros, podemos recopilar:<\/p>\n\n\n\n<ul class=\"wp-block-list\">\n<li>Nombre y apellidos<\/li>\n\n\n\n<li>Nombre de la empresa<\/li>\n\n\n\n<li>Direcci\u00f3n de correo electr\u00f3nico<\/li>\n\n\n\n<li>N\u00famero de tel\u00e9fono<\/li>\n\n\n\n<li>Pa\u00eds<\/li>\n\n\n\n<li>Contenido del mensaje<\/li>\n<\/ul>\n\n\n\n<h3 class=\"wp-block-heading\" id=\"h-1-2-automatically-collected-information\">1.2 Informaci\u00f3n recopilada autom\u00e1ticamente<\/h3>\n\n\n\n<p>Cuando visita nuestro sitio web, podemos recopilar datos autom\u00e1ticamente:<\/p>\n\n\n\n<ul class=\"wp-block-list\">\n<li>Direcci\u00f3n IP<\/li>\n\n\n\n<li>Tipo de navegador<\/li>\n\n\n\n<li>Tipo de dispositivo<\/li>\n\n\n\n<li>P\u00e1ginas visitadas<\/li>\n\n\n\n<li>Tiempo de permanencia en las p\u00e1ginas<\/li>\n\n\n\n<li>Sitio web de referencia<\/li>\n<\/ul>\n\n\n\n<p>Estos datos se recogen mediante cookies y herramientas de an\u00e1lisis.<\/p>\n\n\n\n<hr class=\"wp-block-separator has-alpha-channel-opacity\"\/>\n\n\n\n<h2 class=\"wp-block-heading\" id=\"h-2-how-we-use-your-information\">2. C\u00f3mo utilizamos su informaci\u00f3n<\/h2>\n\n\n\n<p>Utilizamos su informaci\u00f3n para:<\/p>\n\n\n\n<ul class=\"wp-block-list\">\n<li>Responder a consultas y solicitudes de presupuesto<\/li>\n\n\n\n<li>Proporcionar informaci\u00f3n sobre productos y servicios<\/li>\n\n\n\n<li>Mejorar nuestro sitio web y la experiencia del usuario<\/li>\n\n\n\n<li>Analizar el rendimiento del sitio web<\/li>\n\n\n\n<li>Realizar actividades de marketing y publicidad<\/li>\n<\/ul>\n\n\n\n<p>No vendemos sus datos personales.<\/p>\n\n\n\n<hr class=\"wp-block-separator has-alpha-channel-opacity\"\/>\n\n\n\n<h2 class=\"wp-block-heading\" id=\"h-3-cookies-and-tracking-technologies\">3. Cookies y tecnolog\u00edas de seguimiento<\/h2>\n\n\n\n<p>Nuestro sitio web puede utilizar cookies y tecnolog\u00edas de seguimiento similares, entre las que se incluyen:<\/p>\n\n\n\n<ul class=\"wp-block-list\">\n<li>Google Analytics<\/li>\n\n\n\n<li>Seguimiento de Google Ads<\/li>\n\n\n\n<li>Meta (Facebook) Pixel<\/li>\n<\/ul>\n\n\n\n<p>Las cookies nos ayudan a comprender c\u00f3mo utilizan los visitantes nuestro sitio web y a mejorar la eficacia del marketing.<\/p>\n\n\n\n<p>Puede desactivar las cookies en la configuraci\u00f3n de su navegador en cualquier momento.<\/p>\n\n\n\n<hr class=\"wp-block-separator has-alpha-channel-opacity\"\/>\n\n\n\n<h2 class=\"wp-block-heading\" id=\"h-4-third-party-services\">4. Servicios de terceros<\/h2>\n\n\n\n<p>Podemos compartir datos limitados con terceros proveedores de servicios de confianza para:<\/p>\n\n\n\n<ul class=\"wp-block-list\">\n<li>Alojamiento web<\/li>\n\n\n\n<li>Anal\u00edtica<\/li>\n\n\n\n<li>Publicidad<\/li>\n\n\n\n<li>Comunicaci\u00f3n por correo electr\u00f3nico<\/li>\n<\/ul>\n\n\n\n<p>Estos proveedores procesan los datos en nuestro nombre y est\u00e1n obligados a mantenerlos seguros.<\/p>\n\n\n\n<hr class=\"wp-block-separator has-alpha-channel-opacity\"\/>\n\n\n\n<h2 class=\"wp-block-heading\" id=\"h-5-international-data-transfers\">5. Transferencias internacionales de datos<\/h2>\n\n\n\n<p>Como atendemos a clientes internacionales, su informaci\u00f3n puede ser procesada fuera de su pa\u00eds de residencia.<\/p>\n\n\n\n<p>Al utilizar nuestro sitio web, usted consiente dichas transferencias de conformidad con la legislaci\u00f3n aplicable.<\/p>\n\n\n\n<hr class=\"wp-block-separator has-alpha-channel-opacity\"\/>\n\n\n\n<h2 class=\"wp-block-heading\" id=\"h-6-data-retention\">6. Conservaci\u00f3n de datos<\/h2>\n\n\n\n<p>Conservamos su informaci\u00f3n personal s\u00f3lo el tiempo necesario para:<\/p>\n\n\n\n<ul class=\"wp-block-list\">\n<li>Cumplir los objetivos descritos en esta pol\u00edtica<\/li>\n\n\n\n<li>Cumplir las obligaciones legales<\/li>\n\n\n\n<li>Resolver litigios<\/li>\n<\/ul>\n\n\n\n<hr class=\"wp-block-separator has-alpha-channel-opacity\"\/>\n\n\n\n<h2 class=\"wp-block-heading\" id=\"h-7-your-rights\">7. Sus derechos<\/h2>\n\n\n\n<p>Dependiendo de su ubicaci\u00f3n (por ejemplo, UE, Reino Unido, California), puede tener derecho a:<\/p>\n\n\n\n<ul class=\"wp-block-list\">\n<li>Acceder a sus datos personales<\/li>\n\n\n\n<li>Solicitar correcci\u00f3n<\/li>\n\n\n\n<li>Solicitud de supresi\u00f3n<\/li>\n\n\n\n<li>Oponerse al tratamiento<\/li>\n\n\n\n<li>Retirar el consentimiento<\/li>\n<\/ul>\n\n\n\n<p>Para ejercer estos derechos, p\u00f3ngase en contacto con nosotros utilizando la informaci\u00f3n que figura a continuaci\u00f3n.<\/p>\n\n\n\n<hr class=\"wp-block-separator has-alpha-channel-opacity\"\/>\n\n\n\n<h2 class=\"wp-block-heading\" id=\"h-8-data-security\">8. Seguridad de los datos<\/h2>\n\n\n\n<p>Aplicamos las medidas t\u00e9cnicas y organizativas adecuadas para proteger sus datos personales contra el acceso, la divulgaci\u00f3n, la alteraci\u00f3n o la destrucci\u00f3n no autorizados.<\/p>\n\n\n\n<hr class=\"wp-block-separator has-alpha-channel-opacity\"\/>\n\n\n\n<h2 class=\"wp-block-heading\" id=\"h-9-changes-to-this-policy\">9. Cambios en esta pol\u00edtica<\/h2>\n\n\n\n<p>Podemos actualizar esta Pol\u00edtica de Privacidad de vez en cuando. Las actualizaciones se publicar\u00e1n en esta p\u00e1gina con una fecha de entrada en vigor revisada.<\/p>\n\n\n\n<hr class=\"wp-block-separator has-alpha-channel-opacity\"\/>\n\n\n\n<h2 class=\"wp-block-heading\" id=\"h-10-contact-us\">10. Contacto<\/h2>\n\n\n\n<p>Si tiene alguna pregunta sobre esta Pol\u00edtica de privacidad, p\u00f3ngase en contacto con nosotros:<\/p>\n\n\n\n<p>Nombre de la empresa: Kengming<br>Correo electr\u00f3nico: <a>info@kengmingcn.com<\/a><br>P\u00e1gina web: <a href=\"https:\/\/kengmingcn.com\/es\/\">https:\/\/kengmingcn.com<\/a><\/p>","protected":false},"excerpt":{"rendered":"<p>Welcome to kengmingcn.com (\u201cWebsite\u201d, \u201cwe\u201d, \u201cour\u201d, or \u201cus\u201d). We respect your privacy and are committed to protecting your personal data. This Privacy Policy explains how we collect, use, and safeguard your information when you visit our website. 1. Information We Collect We may collect the following types of information: 1.1 Information You Provide to Us&hellip;<\/p>","protected":false},"author":1,"featured_media":0,"parent":0,"menu_order":0,"comment_status":"closed","ping_status":"closed","template":"","meta":{"_acf_changed":false,"footnotes":""},"class_list":["post-53223","page","type-page","status-publish","hentry","description-off"],"acf":[],"yoast_head":"<!-- This site is optimized with the Yoast SEO Premium plugin v25.3 (Yoast SEO v26.3) - https:\/\/yoast.com\/wordpress\/plugins\/seo\/ -->\n<title>Privacy Policy - KengMing | Manufacturer of Commercial Kitchen Equipment<\/title>\n<meta name=\"robots\" content=\"index, follow, max-snippet:-1, max-image-preview:large, max-video-preview:-1\" \/>\n<link rel=\"canonical\" href=\"https:\/\/kengmingcn.com\/es\/politica-de-privacidad\/\" \/>\n<meta property=\"og:locale\" content=\"es_MX\" \/>\n<meta property=\"og:type\" content=\"article\" \/>\n<meta property=\"og:title\" content=\"Privacy Policy\" \/>\n<meta property=\"og:description\" content=\"Welcome to kengmingcn.com (\u201cWebsite\u201d, \u201cwe\u201d, \u201cour\u201d, or \u201cus\u201d). We respect your privacy and are committed to protecting your personal data. This Privacy Policy explains how we collect, use, and safeguard your information when you visit our website. 1. Information We Collect We may collect the following types of information: 1.1 Information You Provide to Us&hellip;\" \/>\n<meta property=\"og:url\" content=\"https:\/\/kengmingcn.com\/es\/politica-de-privacidad\/\" \/>\n<meta property=\"og:site_name\" content=\"KengMing | Manufacturer of Commercial Kitchen Equipment\" \/>\n<meta property=\"article:modified_time\" content=\"2026-03-03T05:50:07+00:00\" \/>\n<meta name=\"twitter:card\" content=\"summary_large_image\" \/>\n<meta name=\"twitter:label1\" content=\"Tiempo de lectura\" \/>\n\t<meta name=\"twitter:data1\" content=\"2 minutos\" \/>\n<script type=\"application\/ld+json\" class=\"yoast-schema-graph\">{\"@context\":\"https:\/\/schema.org\",\"@graph\":[{\"@type\":\"Article\",\"@id\":\"https:\/\/kengmingcn.com\/privacy-policy\/#article\",\"isPartOf\":{\"@id\":\"https:\/\/kengmingcn.com\/privacy-policy\/\"},\"author\":{\"name\":\"Ady Liang\",\"@id\":\"https:\/\/kengmingcn.com\/#\/schema\/person\/fcc68f2bb68ab6ed68c2b7c548a4f399\"},\"headline\":\"Privacy Policy\",\"datePublished\":\"2026-03-03T05:49:03+00:00\",\"dateModified\":\"2026-03-03T05:50:07+00:00\",\"mainEntityOfPage\":{\"@id\":\"https:\/\/kengmingcn.com\/privacy-policy\/\"},\"wordCount\":409,\"publisher\":{\"@id\":\"https:\/\/kengmingcn.com\/#organization\"},\"inLanguage\":\"es\"},{\"@type\":\"WebPage\",\"@id\":\"https:\/\/kengmingcn.com\/privacy-policy\/\",\"url\":\"https:\/\/kengmingcn.com\/privacy-policy\/\",\"name\":\"Privacy Policy - KengMing | Manufacturer of Commercial Kitchen Equipment\",\"isPartOf\":{\"@id\":\"https:\/\/kengmingcn.com\/#website\"},\"datePublished\":\"2026-03-03T05:49:03+00:00\",\"dateModified\":\"2026-03-03T05:50:07+00:00\",\"breadcrumb\":{\"@id\":\"https:\/\/kengmingcn.com\/privacy-policy\/#breadcrumb\"},\"inLanguage\":\"es\",\"potentialAction\":[{\"@type\":\"ReadAction\",\"target\":[\"https:\/\/kengmingcn.com\/privacy-policy\/\"]}]},{\"@type\":\"BreadcrumbList\",\"@id\":\"https:\/\/kengmingcn.com\/privacy-policy\/#breadcrumb\",\"itemListElement\":[{\"@type\":\"ListItem\",\"position\":1,\"name\":\"Home\",\"item\":\"https:\/\/kengmingcn.com\/\"},{\"@type\":\"ListItem\",\"position\":2,\"name\":\"Privacy Policy\"}]},{\"@type\":\"WebSite\",\"@id\":\"https:\/\/kengmingcn.com\/#website\",\"url\":\"https:\/\/kengmingcn.com\/\",\"name\":\"Kitchen Equipment\",\"description\":\"KengMing is a professional commercial kitchen equipment manufacturer and wholesale supplier, offering cooking, food prep and bakery equipment with OEM &amp; ODM service for global distributors.\",\"publisher\":{\"@id\":\"https:\/\/kengmingcn.com\/#organization\"},\"potentialAction\":[{\"@type\":\"SearchAction\",\"target\":{\"@type\":\"EntryPoint\",\"urlTemplate\":\"https:\/\/kengmingcn.com\/?s={search_term_string}\"},\"query-input\":{\"@type\":\"PropertyValueSpecification\",\"valueRequired\":true,\"valueName\":\"search_term_string\"}}],\"inLanguage\":\"es\"},{\"@type\":\"Organization\",\"@id\":\"https:\/\/kengmingcn.com\/#organization\",\"name\":\"GuangZhou KengMing\",\"url\":\"https:\/\/kengmingcn.com\/\",\"logo\":{\"@type\":\"ImageObject\",\"inLanguage\":\"es\",\"@id\":\"https:\/\/kengmingcn.com\/#\/schema\/logo\/image\/\",\"url\":\"https:\/\/kengmingcn.com\/wp-content\/uploads\/2025\/04\/cropped-1744508604969-removebg-preview.png\",\"contentUrl\":\"https:\/\/kengmingcn.com\/wp-content\/uploads\/2025\/04\/cropped-1744508604969-removebg-preview.png\",\"width\":512,\"height\":512,\"caption\":\"GuangZhou KengMing\"},\"image\":{\"@id\":\"https:\/\/kengmingcn.com\/#\/schema\/logo\/image\/\"}},{\"@type\":\"Person\",\"@id\":\"https:\/\/kengmingcn.com\/#\/schema\/person\/fcc68f2bb68ab6ed68c2b7c548a4f399\",\"name\":\"Ady Liang\",\"image\":{\"@type\":\"ImageObject\",\"inLanguage\":\"es\",\"@id\":\"https:\/\/kengmingcn.com\/#\/schema\/person\/image\/\",\"url\":\"https:\/\/kengmingcn.com\/wp-content\/litespeed\/avatar\/e897a6f4fefdb02c7ebd859d11cbc77b.jpg?ver=1777364290\",\"contentUrl\":\"https:\/\/kengmingcn.com\/wp-content\/litespeed\/avatar\/e897a6f4fefdb02c7ebd859d11cbc77b.jpg?ver=1777364290\",\"caption\":\"Ady Liang\"},\"sameAs\":[\"https:\/\/kengmingcn.com\"]}]}<\/script>\n<!-- \/ Yoast SEO Premium plugin. -->","yoast_head_json":{"title":"Pol\u00edtica de privacidad - KengMing | Fabricante de equipos de cocina comercial","robots":{"index":"index","follow":"follow","max-snippet":"max-snippet:-1","max-image-preview":"max-image-preview:large","max-video-preview":"max-video-preview:-1"},"canonical":"https:\/\/kengmingcn.com\/es\/politica-de-privacidad\/","og_locale":"es_MX","og_type":"article","og_title":"Privacy Policy","og_description":"Welcome to kengmingcn.com (\u201cWebsite\u201d, \u201cwe\u201d, \u201cour\u201d, or \u201cus\u201d). We respect your privacy and are committed to protecting your personal data. This Privacy Policy explains how we collect, use, and safeguard your information when you visit our website. 1. Information We Collect We may collect the following types of information: 1.1 Information You Provide to Us&hellip;","og_url":"https:\/\/kengmingcn.com\/es\/politica-de-privacidad\/","og_site_name":"KengMing | Manufacturer of Commercial Kitchen Equipment","article_modified_time":"2026-03-03T05:50:07+00:00","twitter_card":"summary_large_image","twitter_misc":{"Tiempo de lectura":"2 minutos"},"schema":{"@context":"https:\/\/schema.org","@graph":[{"@type":"Article","@id":"https:\/\/kengmingcn.com\/privacy-policy\/#article","isPartOf":{"@id":"https:\/\/kengmingcn.com\/privacy-policy\/"},"author":{"name":"Ady Liang","@id":"https:\/\/kengmingcn.com\/#\/schema\/person\/fcc68f2bb68ab6ed68c2b7c548a4f399"},"headline":"Privacy Policy","datePublished":"2026-03-03T05:49:03+00:00","dateModified":"2026-03-03T05:50:07+00:00","mainEntityOfPage":{"@id":"https:\/\/kengmingcn.com\/privacy-policy\/"},"wordCount":409,"publisher":{"@id":"https:\/\/kengmingcn.com\/#organization"},"inLanguage":"es"},{"@type":"WebPage","@id":"https:\/\/kengmingcn.com\/privacy-policy\/","url":"https:\/\/kengmingcn.com\/privacy-policy\/","name":"Pol\u00edtica de privacidad - KengMing | Fabricante de equipos de cocina comercial","isPartOf":{"@id":"https:\/\/kengmingcn.com\/#website"},"datePublished":"2026-03-03T05:49:03+00:00","dateModified":"2026-03-03T05:50:07+00:00","breadcrumb":{"@id":"https:\/\/kengmingcn.com\/privacy-policy\/#breadcrumb"},"inLanguage":"es","potentialAction":[{"@type":"ReadAction","target":["https:\/\/kengmingcn.com\/privacy-policy\/"]}]},{"@type":"BreadcrumbList","@id":"https:\/\/kengmingcn.com\/privacy-policy\/#breadcrumb","itemListElement":[{"@type":"ListItem","position":1,"name":"Home","item":"https:\/\/kengmingcn.com\/"},{"@type":"ListItem","position":2,"name":"Privacy Policy"}]},{"@type":"WebSite","@id":"https:\/\/kengmingcn.com\/#website","url":"https:\/\/kengmingcn.com\/","name":"Equipamiento de cocina","description":"KengMing es un fabricante profesional de equipos de cocina comercial y proveedor mayorista, que ofrece equipos de cocina, preparaci\u00f3n de alimentos y panader\u00eda con servicio OEM y ODM para distribuidores globales.","publisher":{"@id":"https:\/\/kengmingcn.com\/#organization"},"potentialAction":[{"@type":"SearchAction","target":{"@type":"EntryPoint","urlTemplate":"https:\/\/kengmingcn.com\/?s={search_term_string}"},"query-input":{"@type":"PropertyValueSpecification","valueRequired":true,"valueName":"search_term_string"}}],"inLanguage":"es"},{"@type":"Organization","@id":"https:\/\/kengmingcn.com\/#organization","name":"GuangZhou KengMing","url":"https:\/\/kengmingcn.com\/","logo":{"@type":"ImageObject","inLanguage":"es","@id":"https:\/\/kengmingcn.com\/#\/schema\/logo\/image\/","url":"https:\/\/kengmingcn.com\/wp-content\/uploads\/2025\/04\/cropped-1744508604969-removebg-preview.png","contentUrl":"https:\/\/kengmingcn.com\/wp-content\/uploads\/2025\/04\/cropped-1744508604969-removebg-preview.png","width":512,"height":512,"caption":"GuangZhou KengMing"},"image":{"@id":"https:\/\/kengmingcn.com\/#\/schema\/logo\/image\/"}},{"@type":"Person","@id":"https:\/\/kengmingcn.com\/#\/schema\/person\/fcc68f2bb68ab6ed68c2b7c548a4f399","name":"Ady Liang","image":{"@type":"ImageObject","inLanguage":"es","@id":"https:\/\/kengmingcn.com\/#\/schema\/person\/image\/","url":"https:\/\/kengmingcn.com\/wp-content\/litespeed\/avatar\/e897a6f4fefdb02c7ebd859d11cbc77b.jpg?ver=1777364290","contentUrl":"https:\/\/kengmingcn.com\/wp-content\/litespeed\/avatar\/e897a6f4fefdb02c7ebd859d11cbc77b.jpg?ver=1777364290","caption":"Ady Liang"},"sameAs":["https:\/\/kengmingcn.com"]}]}},"_links":{"self":[{"href":"https:\/\/kengmingcn.com\/es\/wp-json\/wp\/v2\/pages\/53223","targetHints":{"allow":["GET"]}}],"collection":[{"href":"https:\/\/kengmingcn.com\/es\/wp-json\/wp\/v2\/pages"}],"about":[{"href":"https:\/\/kengmingcn.com\/es\/wp-json\/wp\/v2\/types\/page"}],"author":[{"embeddable":true,"href":"https:\/\/kengmingcn.com\/es\/wp-json\/wp\/v2\/users\/1"}],"replies":[{"embeddable":true,"href":"https:\/\/kengmingcn.com\/es\/wp-json\/wp\/v2\/comments?post=53223"}],"version-history":[{"count":2,"href":"https:\/\/kengmingcn.com\/es\/wp-json\/wp\/v2\/pages\/53223\/revisions"}],"predecessor-version":[{"id":53225,"href":"https:\/\/kengmingcn.com\/es\/wp-json\/wp\/v2\/pages\/53223\/revisions\/53225"}],"wp:attachment":[{"href":"https:\/\/kengmingcn.com\/es\/wp-json\/wp\/v2\/media?parent=53223"}],"curies":[{"name":"wp","href":"https:\/\/api.w.org\/{rel}","templated":true}]}}