{"id":53477,"date":"2026-04-21T10:54:26","date_gmt":"2026-04-21T02:54:26","guid":{"rendered":"https:\/\/kengmingcn.com\/?post_type=product&#038;p=53477"},"modified":"2026-05-11T15:08:20","modified_gmt":"2026-05-11T07:08:20","slug":"kommerzielle-slush-maschine-elektrische-eiscreme-1-3-tank-slushy-gefrorenes-getrank-schnee-schmelzen-slushy-fur-lebensmittel-getranke-shops","status":"publish","type":"product","link":"https:\/\/kengmingcn.com\/de_de\/product\/kommerzielle-slush-maschine-elektrische-eiscreme-1-3-tank-slushy-gefrorenes-getrank-schnee-schmelzen-slushy-fur-lebensmittel-getranke-shops\/","title":{"rendered":"Kommerzielle Slush Maschine Elektrische Eiscreme 1-3 Tank Slushy Gefrorenes Getr\u00e4nk Schnee Schmelzen Slushy f\u00fcr Lebensmittel\/Getr\u00e4nke Gesch\u00e4fte"},"content":{"rendered":"<figure class=\"wp-block-table\"><table class=\"has-fixed-layout\"><tbody><tr><td>Name des Produkts<\/td><td>Slush-Maschine<\/td><td>Modell<\/td><td>JM-112<\/td><\/tr><tr><td>Max. Kapazit\u00e4t<\/td><td>12 L<\/td><td>Heizverfahren<\/td><td>Elektrisch<\/td><\/tr><tr><td>Strom<\/td><td>600W<\/td><td>Spannung<\/td><td>220V\/110V, 50HZ\/60HZ<\/td><\/tr><tr><td>N.W. \/ G.W.<\/td><td>28kg \/ 45kg<\/td><td>Gr\u00f6\u00dfe<\/td><td>260*630*800mm<\/td><\/tr><tr><td>Material<\/td><td>Rostfreier Stahl, ABS, PC<\/td><td>Packungsgr\u00f6\u00dfe<\/td><td>370*730*950mm<\/td><\/tr><tr><td>Zustand<\/td><td>Neu<\/td><td>Garantie<\/td><td>1 Jahr<\/td><\/tr><tr><td>Wichtigste Verkaufsargumente<\/td><td>Eis schnell machen<\/td><td>Besonderes Merkmal<\/td><td>Hohe Produktivit\u00e4t<\/td><\/tr><tr><td>Kontrolle Typ<\/td><td>Druckknopf<\/td><td>Herkunftsort<\/td><td>Guangdong, China<\/td><\/tr><tr><td>Marke<\/td><td>JuanMing<\/td><td>Anmeldung<\/td><td>Teestube \/ Kaffeehaus \/ Restaurant \/ Bar \/ Kino \/ Cafeteria \/ Hotel usw.<\/td><\/tr><tr><td>Zertifikat<\/td><td>CE<\/td><td>Anpassen<\/td><td>Unterst\u00fctzt Produkt- und Markenanpassung<\/td><\/tr><\/tbody><\/table><\/figure>\n\n\n\n<figure class=\"wp-block-image size-full\"><img decoding=\"async\" width=\"800\" height=\"800\" src=\"https:\/\/kengmingcn.com\/wp-content\/uploads\/2026\/04\/2.webp\" alt=\"\" class=\"wp-image-53481\" srcset=\"https:\/\/kengmingcn.com\/wp-content\/uploads\/2026\/04\/2.webp 800w, https:\/\/kengmingcn.com\/wp-content\/uploads\/2026\/04\/2-300x300.webp 300w, https:\/\/kengmingcn.com\/wp-content\/uploads\/2026\/04\/2-150x150.webp 150w, https:\/\/kengmingcn.com\/wp-content\/uploads\/2026\/04\/2-768x768.webp 768w, https:\/\/kengmingcn.com\/wp-content\/uploads\/2026\/04\/2-12x12.webp 12w, https:\/\/kengmingcn.com\/wp-content\/uploads\/2026\/04\/2-200x200.webp 200w\" sizes=\"(max-width: 800px) 100vw, 800px\" \/><\/figure>\n\n\n\n<figure class=\"wp-block-image size-full\"><img decoding=\"async\" width=\"800\" height=\"800\" src=\"https:\/\/kengmingcn.com\/wp-content\/uploads\/2026\/04\/3.webp\" alt=\"\" class=\"wp-image-53482\" srcset=\"https:\/\/kengmingcn.com\/wp-content\/uploads\/2026\/04\/3.webp 800w, https:\/\/kengmingcn.com\/wp-content\/uploads\/2026\/04\/3-300x300.webp 300w, https:\/\/kengmingcn.com\/wp-content\/uploads\/2026\/04\/3-150x150.webp 150w, https:\/\/kengmingcn.com\/wp-content\/uploads\/2026\/04\/3-768x768.webp 768w, https:\/\/kengmingcn.com\/wp-content\/uploads\/2026\/04\/3-12x12.webp 12w, https:\/\/kengmingcn.com\/wp-content\/uploads\/2026\/04\/3-200x200.webp 200w\" sizes=\"(max-width: 800px) 100vw, 800px\" \/><\/figure>\n\n\n\n<figure class=\"wp-block-image size-full\"><img decoding=\"async\" width=\"800\" height=\"800\" src=\"https:\/\/kengmingcn.com\/wp-content\/uploads\/2026\/04\/4.webp\" alt=\"\" class=\"wp-image-53483\" srcset=\"https:\/\/kengmingcn.com\/wp-content\/uploads\/2026\/04\/4.webp 800w, https:\/\/kengmingcn.com\/wp-content\/uploads\/2026\/04\/4-300x300.webp 300w, https:\/\/kengmingcn.com\/wp-content\/uploads\/2026\/04\/4-150x150.webp 150w, https:\/\/kengmingcn.com\/wp-content\/uploads\/2026\/04\/4-768x768.webp 768w, https:\/\/kengmingcn.com\/wp-content\/uploads\/2026\/04\/4-12x12.webp 12w, https:\/\/kengmingcn.com\/wp-content\/uploads\/2026\/04\/4-200x200.webp 200w\" sizes=\"(max-width: 800px) 100vw, 800px\" \/><\/figure>\n\n\n\n<figure class=\"wp-block-image size-full\"><img decoding=\"async\" width=\"800\" height=\"800\" src=\"https:\/\/kengmingcn.com\/wp-content\/uploads\/2026\/04\/6.webp\" alt=\"\" class=\"wp-image-53484\" srcset=\"https:\/\/kengmingcn.com\/wp-content\/uploads\/2026\/04\/6.webp 800w, https:\/\/kengmingcn.com\/wp-content\/uploads\/2026\/04\/6-300x300.webp 300w, https:\/\/kengmingcn.com\/wp-content\/uploads\/2026\/04\/6-150x150.webp 150w, https:\/\/kengmingcn.com\/wp-content\/uploads\/2026\/04\/6-768x768.webp 768w, https:\/\/kengmingcn.com\/wp-content\/uploads\/2026\/04\/6-12x12.webp 12w, https:\/\/kengmingcn.com\/wp-content\/uploads\/2026\/04\/6-200x200.webp 200w\" sizes=\"(max-width: 800px) 100vw, 800px\" \/><\/figure>\n\n\n\n<figure class=\"wp-block-image size-full\"><img decoding=\"async\" width=\"800\" height=\"800\" src=\"https:\/\/kengmingcn.com\/wp-content\/uploads\/2026\/04\/7.webp\" alt=\"\" class=\"wp-image-53485\" srcset=\"https:\/\/kengmingcn.com\/wp-content\/uploads\/2026\/04\/7.webp 800w, https:\/\/kengmingcn.com\/wp-content\/uploads\/2026\/04\/7-300x300.webp 300w, https:\/\/kengmingcn.com\/wp-content\/uploads\/2026\/04\/7-150x150.webp 150w, https:\/\/kengmingcn.com\/wp-content\/uploads\/2026\/04\/7-768x768.webp 768w, https:\/\/kengmingcn.com\/wp-content\/uploads\/2026\/04\/7-12x12.webp 12w, https:\/\/kengmingcn.com\/wp-content\/uploads\/2026\/04\/7-200x200.webp 200w\" sizes=\"(max-width: 800px) 100vw, 800px\" \/><\/figure>\n\n\n\n<figure class=\"wp-block-image size-full\"><img decoding=\"async\" width=\"800\" height=\"800\" src=\"https:\/\/kengmingcn.com\/wp-content\/uploads\/2026\/04\/8-1.webp\" alt=\"\" class=\"wp-image-53518\" srcset=\"https:\/\/kengmingcn.com\/wp-content\/uploads\/2026\/04\/8-1.webp 800w, https:\/\/kengmingcn.com\/wp-content\/uploads\/2026\/04\/8-1-300x300.webp 300w, https:\/\/kengmingcn.com\/wp-content\/uploads\/2026\/04\/8-1-150x150.webp 150w, https:\/\/kengmingcn.com\/wp-content\/uploads\/2026\/04\/8-1-768x768.webp 768w, https:\/\/kengmingcn.com\/wp-content\/uploads\/2026\/04\/8-1-12x12.webp 12w, https:\/\/kengmingcn.com\/wp-content\/uploads\/2026\/04\/8-1-200x200.webp 200w\" sizes=\"(max-width: 800px) 100vw, 800px\" \/><\/figure>\n\n\n\n<figure class=\"wp-block-image size-full\"><img decoding=\"async\" width=\"800\" height=\"800\" src=\"https:\/\/kengmingcn.com\/wp-content\/uploads\/2026\/04\/9-2.webp\" alt=\"\" class=\"wp-image-53493\" srcset=\"https:\/\/kengmingcn.com\/wp-content\/uploads\/2026\/04\/9-2.webp 800w, https:\/\/kengmingcn.com\/wp-content\/uploads\/2026\/04\/9-2-300x300.webp 300w, https:\/\/kengmingcn.com\/wp-content\/uploads\/2026\/04\/9-2-150x150.webp 150w, https:\/\/kengmingcn.com\/wp-content\/uploads\/2026\/04\/9-2-768x768.webp 768w, https:\/\/kengmingcn.com\/wp-content\/uploads\/2026\/04\/9-2-12x12.webp 12w, https:\/\/kengmingcn.com\/wp-content\/uploads\/2026\/04\/9-2-200x200.webp 200w\" sizes=\"(max-width: 800px) 100vw, 800px\" \/><\/figure>\n\n\n\n<figure class=\"wp-block-image size-full\"><img decoding=\"async\" width=\"800\" height=\"800\" src=\"https:\/\/kengmingcn.com\/wp-content\/uploads\/2026\/04\/10-1.webp\" alt=\"\" class=\"wp-image-53489\" srcset=\"https:\/\/kengmingcn.com\/wp-content\/uploads\/2026\/04\/10-1.webp 800w, https:\/\/kengmingcn.com\/wp-content\/uploads\/2026\/04\/10-1-300x300.webp 300w, https:\/\/kengmingcn.com\/wp-content\/uploads\/2026\/04\/10-1-150x150.webp 150w, https:\/\/kengmingcn.com\/wp-content\/uploads\/2026\/04\/10-1-768x768.webp 768w, https:\/\/kengmingcn.com\/wp-content\/uploads\/2026\/04\/10-1-12x12.webp 12w, https:\/\/kengmingcn.com\/wp-content\/uploads\/2026\/04\/10-1-200x200.webp 200w\" sizes=\"(max-width: 800px) 100vw, 800px\" \/><\/figure>\n\n\n\n<p><\/p>","protected":false},"excerpt":{"rendered":"<p>Slush-Maschine mit effizienter Kompressork\u00fchlung,<\/p>\n<p>1-3 gro\u00dfe Tanks, unabh\u00e4ngige Temperaturregelung und automatisches R\u00fchren.<\/p>\n<p>f\u00fcr Bubble-Tea-L\u00e4den, Restaurants, Kinos, Superm\u00e4rkte sowie f\u00fcr Hauspartys und Veranstaltungen im Freien.<\/p>\n<p>Stellt m\u00fchelos Slush-Getr\u00e4nke mit verschiedenen Geschmacksrichtungen her.<\/p>\n<p>&nbsp;<\/p>","protected":false},"featured_media":53480,"comment_status":"open","ping_status":"closed","template":"","meta":{"_acf_changed":false},"product_brand":[252],"product_cat":[334],"product_tag":[253],"class_list":{"0":"post-53477","1":"product","2":"type-product","3":"status-publish","4":"has-post-thumbnail","6":"product_brand-juanming","7":"product_cat-slush-machine","8":"product_tag-air-cooling","9":"description-off","11":"first","12":"instock","13":"shipping-taxable","14":"product-type-simple"},"acf":[],"yoast_head":"<!-- This site is optimized with the Yoast SEO Premium plugin v25.3 (Yoast SEO v26.3) - https:\/\/yoast.com\/wordpress\/plugins\/seo\/ -->\n<title>Commercial Slush Machine Electric Ice Cream 1-3 Tank Slushy Frozen Drink Snow Melting Slushy for Food\/Beverage Shops - KengMing | Manufacturer of Commercial Kitchen Equipment<\/title>\n<meta name=\"robots\" content=\"index, follow, max-snippet:-1, max-image-preview:large, max-video-preview:-1\" \/>\n<link rel=\"canonical\" href=\"https:\/\/kengmingcn.com\/de_de\/product\/kommerzielle-slush-maschine-elektrische-eiscreme-1-3-tank-slushy-gefrorenes-getrank-schnee-schmelzen-slushy-fur-lebensmittel-getranke-shops\/\" \/>\n<meta property=\"og:locale\" content=\"de_DE\" \/>\n<meta property=\"og:type\" content=\"article\" \/>\n<meta property=\"og:title\" content=\"Commercial Slush Machine Electric Ice Cream 1-3 Tank Slushy Frozen Drink Snow Melting Slushy for Food\/Beverage Shops\" \/>\n<meta property=\"og:description\" content=\"Slush machine with efficient compressor cooling, 1-3 large tanks, independent temperature control &amp; auto stirring. for bubble tea shops, restaurants, cinemas, convenience stores, as well as home parties and outdoor events. Easily makes multi-flavor slush drinks. &nbsp;\" \/>\n<meta property=\"og:url\" content=\"https:\/\/kengmingcn.com\/de_de\/product\/kommerzielle-slush-maschine-elektrische-eiscreme-1-3-tank-slushy-gefrorenes-getrank-schnee-schmelzen-slushy-fur-lebensmittel-getranke-shops\/\" \/>\n<meta property=\"og:site_name\" content=\"KengMing | Manufacturer of Commercial Kitchen Equipment\" \/>\n<meta property=\"article:modified_time\" content=\"2026-05-11T07:08:20+00:00\" \/>\n<meta property=\"og:image\" content=\"https:\/\/kengmingcn.com\/wp-content\/uploads\/2026\/04\/1.webp\" \/>\n\t<meta property=\"og:image:width\" content=\"800\" \/>\n\t<meta property=\"og:image:height\" content=\"800\" \/>\n\t<meta property=\"og:image:type\" content=\"image\/webp\" \/>\n<meta name=\"twitter:card\" content=\"summary_large_image\" \/>\n<meta name=\"twitter:label1\" content=\"Preis\" \/>\n\t<meta name=\"twitter:data1\" content=\"\" \/>\n\t<meta name=\"twitter:label2\" content=\"Verf\u00fcgbarkeit\" \/>\n\t<meta name=\"twitter:data2\" content=\"Auf Lager\" \/>\n<script type=\"application\/ld+json\" class=\"yoast-schema-graph\">{\"@context\":\"https:\/\/schema.org\",\"@graph\":[{\"@type\":\"WebPage\",\"@id\":\"https:\/\/kengmingcn.com\/product\/commercial-slush-machine-electric-ice-cream-1-3-tank-slushy-frozen-drink-snow-melting-slushy-for-food-beverage-shops\/\",\"url\":\"https:\/\/kengmingcn.com\/product\/commercial-slush-machine-electric-ice-cream-1-3-tank-slushy-frozen-drink-snow-melting-slushy-for-food-beverage-shops\/\",\"name\":\"Commercial Slush Machine Electric Ice Cream 1-3 Tank Slushy Frozen Drink Snow Melting Slushy for Food\/Beverage Shops - KengMing | Manufacturer of Commercial Kitchen Equipment\",\"isPartOf\":{\"@id\":\"https:\/\/kengmingcn.com\/#website\"},\"primaryImageOfPage\":{\"@id\":\"https:\/\/kengmingcn.com\/product\/commercial-slush-machine-electric-ice-cream-1-3-tank-slushy-frozen-drink-snow-melting-slushy-for-food-beverage-shops\/#primaryimage\"},\"image\":{\"@id\":\"https:\/\/kengmingcn.com\/product\/commercial-slush-machine-electric-ice-cream-1-3-tank-slushy-frozen-drink-snow-melting-slushy-for-food-beverage-shops\/#primaryimage\"},\"thumbnailUrl\":\"https:\/\/kengmingcn.com\/wp-content\/uploads\/2026\/04\/1.webp\",\"datePublished\":\"2026-04-21T02:54:26+00:00\",\"dateModified\":\"2026-05-11T07:08:20+00:00\",\"breadcrumb\":{\"@id\":\"https:\/\/kengmingcn.com\/product\/commercial-slush-machine-electric-ice-cream-1-3-tank-slushy-frozen-drink-snow-melting-slushy-for-food-beverage-shops\/#breadcrumb\"},\"inLanguage\":\"de\",\"potentialAction\":[{\"@type\":\"ReadAction\",\"target\":[\"https:\/\/kengmingcn.com\/product\/commercial-slush-machine-electric-ice-cream-1-3-tank-slushy-frozen-drink-snow-melting-slushy-for-food-beverage-shops\/\"]}]},{\"@type\":\"ImageObject\",\"inLanguage\":\"de\",\"@id\":\"https:\/\/kengmingcn.com\/product\/commercial-slush-machine-electric-ice-cream-1-3-tank-slushy-frozen-drink-snow-melting-slushy-for-food-beverage-shops\/#primaryimage\",\"url\":\"https:\/\/kengmingcn.com\/wp-content\/uploads\/2026\/04\/1.webp\",\"contentUrl\":\"https:\/\/kengmingcn.com\/wp-content\/uploads\/2026\/04\/1.webp\",\"width\":800,\"height\":800},{\"@type\":\"BreadcrumbList\",\"@id\":\"https:\/\/kengmingcn.com\/product\/commercial-slush-machine-electric-ice-cream-1-3-tank-slushy-frozen-drink-snow-melting-slushy-for-food-beverage-shops\/#breadcrumb\",\"itemListElement\":[{\"@type\":\"ListItem\",\"position\":1,\"name\":\"Home\",\"item\":\"https:\/\/kengmingcn.com\/\"},{\"@type\":\"ListItem\",\"position\":2,\"name\":\"Catalogue\",\"item\":\"https:\/\/kengmingcn.com\/?page_id=27131\"},{\"@type\":\"ListItem\",\"position\":3,\"name\":\"Commercial Slush Machine Electric Ice Cream 1-3 Tank Slushy Frozen Drink Snow Melting Slushy for Food\/Beverage Shops\"}]},{\"@type\":\"WebSite\",\"@id\":\"https:\/\/kengmingcn.com\/#website\",\"url\":\"https:\/\/kengmingcn.com\/\",\"name\":\"Kitchen Equipment\",\"description\":\"KengMing is a professional commercial kitchen equipment manufacturer and wholesale supplier, offering cooking, food prep and bakery equipment with OEM &amp; ODM service for global distributors.\",\"publisher\":{\"@id\":\"https:\/\/kengmingcn.com\/#organization\"},\"potentialAction\":[{\"@type\":\"SearchAction\",\"target\":{\"@type\":\"EntryPoint\",\"urlTemplate\":\"https:\/\/kengmingcn.com\/?s={search_term_string}\"},\"query-input\":{\"@type\":\"PropertyValueSpecification\",\"valueRequired\":true,\"valueName\":\"search_term_string\"}}],\"inLanguage\":\"de\"},{\"@type\":\"Organization\",\"@id\":\"https:\/\/kengmingcn.com\/#organization\",\"name\":\"GuangZhou KengMing\",\"url\":\"https:\/\/kengmingcn.com\/\",\"logo\":{\"@type\":\"ImageObject\",\"inLanguage\":\"de\",\"@id\":\"https:\/\/kengmingcn.com\/#\/schema\/logo\/image\/\",\"url\":\"https:\/\/kengmingcn.com\/wp-content\/uploads\/2025\/04\/cropped-1744508604969-removebg-preview.png\",\"contentUrl\":\"https:\/\/kengmingcn.com\/wp-content\/uploads\/2025\/04\/cropped-1744508604969-removebg-preview.png\",\"width\":512,\"height\":512,\"caption\":\"GuangZhou KengMing\"},\"image\":{\"@id\":\"https:\/\/kengmingcn.com\/#\/schema\/logo\/image\/\"}}]}<\/script>\n<meta property=\"product:price:amount\" content=\"0.00\" \/>\n<meta property=\"product:price:currency\" content=\"USD\" \/>\n<meta property=\"og:availability\" content=\"instock\" \/>\n<meta property=\"product:availability\" content=\"instock\" \/>\n<meta property=\"product:condition\" content=\"new\" \/>\n<!-- \/ Yoast SEO Premium plugin. -->","yoast_head_json":{"title":"Kommerzielle Slush Maschine Elektrische Eiscreme 1-3 Tank Slushy Gefrorenes Getr\u00e4nk Schnee Schmelzen Slushy f\u00fcr Lebensmittel\/Getr\u00e4nke Gesch\u00e4fte - KengMing | Hersteller von gewerblichen K\u00fcchenger\u00e4ten","robots":{"index":"index","follow":"follow","max-snippet":"max-snippet:-1","max-image-preview":"max-image-preview:large","max-video-preview":"max-video-preview:-1"},"canonical":"https:\/\/kengmingcn.com\/de_de\/product\/kommerzielle-slush-maschine-elektrische-eiscreme-1-3-tank-slushy-gefrorenes-getrank-schnee-schmelzen-slushy-fur-lebensmittel-getranke-shops\/","og_locale":"de_DE","og_type":"article","og_title":"Commercial Slush Machine Electric Ice Cream 1-3 Tank Slushy Frozen Drink Snow Melting Slushy for Food\/Beverage Shops","og_description":"Slush machine with efficient compressor cooling, 1-3 large tanks, independent temperature control &amp; auto stirring. for bubble tea shops, restaurants, cinemas, convenience stores, as well as home parties and outdoor events. Easily makes multi-flavor slush drinks. &nbsp;","og_url":"https:\/\/kengmingcn.com\/de_de\/product\/kommerzielle-slush-maschine-elektrische-eiscreme-1-3-tank-slushy-gefrorenes-getrank-schnee-schmelzen-slushy-fur-lebensmittel-getranke-shops\/","og_site_name":"KengMing | Manufacturer of Commercial Kitchen Equipment","article_modified_time":"2026-05-11T07:08:20+00:00","og_image":[{"width":800,"height":800,"url":"https:\/\/kengmingcn.com\/wp-content\/uploads\/2026\/04\/1.webp","type":"image\/webp"}],"twitter_card":"summary_large_image","twitter_misc":{"Preis":"","Verf\u00fcgbarkeit":"Auf Lager"},"schema":{"@context":"https:\/\/schema.org","@graph":[{"@type":"WebPage","@id":"https:\/\/kengmingcn.com\/product\/commercial-slush-machine-electric-ice-cream-1-3-tank-slushy-frozen-drink-snow-melting-slushy-for-food-beverage-shops\/","url":"https:\/\/kengmingcn.com\/product\/commercial-slush-machine-electric-ice-cream-1-3-tank-slushy-frozen-drink-snow-melting-slushy-for-food-beverage-shops\/","name":"Kommerzielle Slush Maschine Elektrische Eiscreme 1-3 Tank Slushy Gefrorenes Getr\u00e4nk Schnee Schmelzen Slushy f\u00fcr Lebensmittel\/Getr\u00e4nke Gesch\u00e4fte - KengMing | Hersteller von gewerblichen K\u00fcchenger\u00e4ten","isPartOf":{"@id":"https:\/\/kengmingcn.com\/#website"},"primaryImageOfPage":{"@id":"https:\/\/kengmingcn.com\/product\/commercial-slush-machine-electric-ice-cream-1-3-tank-slushy-frozen-drink-snow-melting-slushy-for-food-beverage-shops\/#primaryimage"},"image":{"@id":"https:\/\/kengmingcn.com\/product\/commercial-slush-machine-electric-ice-cream-1-3-tank-slushy-frozen-drink-snow-melting-slushy-for-food-beverage-shops\/#primaryimage"},"thumbnailUrl":"https:\/\/kengmingcn.com\/wp-content\/uploads\/2026\/04\/1.webp","datePublished":"2026-04-21T02:54:26+00:00","dateModified":"2026-05-11T07:08:20+00:00","breadcrumb":{"@id":"https:\/\/kengmingcn.com\/product\/commercial-slush-machine-electric-ice-cream-1-3-tank-slushy-frozen-drink-snow-melting-slushy-for-food-beverage-shops\/#breadcrumb"},"inLanguage":"de","potentialAction":[{"@type":"ReadAction","target":["https:\/\/kengmingcn.com\/product\/commercial-slush-machine-electric-ice-cream-1-3-tank-slushy-frozen-drink-snow-melting-slushy-for-food-beverage-shops\/"]}]},{"@type":"ImageObject","inLanguage":"de","@id":"https:\/\/kengmingcn.com\/product\/commercial-slush-machine-electric-ice-cream-1-3-tank-slushy-frozen-drink-snow-melting-slushy-for-food-beverage-shops\/#primaryimage","url":"https:\/\/kengmingcn.com\/wp-content\/uploads\/2026\/04\/1.webp","contentUrl":"https:\/\/kengmingcn.com\/wp-content\/uploads\/2026\/04\/1.webp","width":800,"height":800},{"@type":"BreadcrumbList","@id":"https:\/\/kengmingcn.com\/product\/commercial-slush-machine-electric-ice-cream-1-3-tank-slushy-frozen-drink-snow-melting-slushy-for-food-beverage-shops\/#breadcrumb","itemListElement":[{"@type":"ListItem","position":1,"name":"Home","item":"https:\/\/kengmingcn.com\/"},{"@type":"ListItem","position":2,"name":"Catalogue","item":"https:\/\/kengmingcn.com\/?page_id=27131"},{"@type":"ListItem","position":3,"name":"Commercial Slush Machine Electric Ice Cream 1-3 Tank Slushy Frozen Drink Snow Melting Slushy for Food\/Beverage Shops"}]},{"@type":"WebSite","@id":"https:\/\/kengmingcn.com\/#website","url":"https:\/\/kengmingcn.com\/","name":"K\u00fcchenausstattung","description":"KengMing ist ein professioneller Hersteller von Gro\u00dfk\u00fcchenger\u00e4ten und Gro\u00dfhandelslieferant, der Koch-, Lebensmittelvorbereitungs- und B\u00e4ckereiger\u00e4te mit OEM- und ODM-Service f\u00fcr globale Vertriebsh\u00e4ndler anbietet.","publisher":{"@id":"https:\/\/kengmingcn.com\/#organization"},"potentialAction":[{"@type":"SearchAction","target":{"@type":"EntryPoint","urlTemplate":"https:\/\/kengmingcn.com\/?s={search_term_string}"},"query-input":{"@type":"PropertyValueSpecification","valueRequired":true,"valueName":"search_term_string"}}],"inLanguage":"de"},{"@type":"Organization","@id":"https:\/\/kengmingcn.com\/#organization","name":"GuangZhou KengMing","url":"https:\/\/kengmingcn.com\/","logo":{"@type":"ImageObject","inLanguage":"de","@id":"https:\/\/kengmingcn.com\/#\/schema\/logo\/image\/","url":"https:\/\/kengmingcn.com\/wp-content\/uploads\/2025\/04\/cropped-1744508604969-removebg-preview.png","contentUrl":"https:\/\/kengmingcn.com\/wp-content\/uploads\/2025\/04\/cropped-1744508604969-removebg-preview.png","width":512,"height":512,"caption":"GuangZhou KengMing"},"image":{"@id":"https:\/\/kengmingcn.com\/#\/schema\/logo\/image\/"}}]},"product_price_amount":"0.00","product_price_currency":"USD","og_availability":"instock","product_availability":"instock","product_condition":"new"},"_links":{"self":[{"href":"https:\/\/kengmingcn.com\/de_de\/wp-json\/wp\/v2\/product\/53477","targetHints":{"allow":["GET"]}}],"collection":[{"href":"https:\/\/kengmingcn.com\/de_de\/wp-json\/wp\/v2\/product"}],"about":[{"href":"https:\/\/kengmingcn.com\/de_de\/wp-json\/wp\/v2\/types\/product"}],"replies":[{"embeddable":true,"href":"https:\/\/kengmingcn.com\/de_de\/wp-json\/wp\/v2\/comments?post=53477"}],"wp:featuredmedia":[{"embeddable":true,"href":"https:\/\/kengmingcn.com\/de_de\/wp-json\/wp\/v2\/media\/53480"}],"wp:attachment":[{"href":"https:\/\/kengmingcn.com\/de_de\/wp-json\/wp\/v2\/media?parent=53477"}],"wp:term":[{"taxonomy":"product_brand","embeddable":true,"href":"https:\/\/kengmingcn.com\/de_de\/wp-json\/wp\/v2\/product_brand?post=53477"},{"taxonomy":"product_cat","embeddable":true,"href":"https:\/\/kengmingcn.com\/de_de\/wp-json\/wp\/v2\/product_cat?post=53477"},{"taxonomy":"product_tag","embeddable":true,"href":"https:\/\/kengmingcn.com\/de_de\/wp-json\/wp\/v2\/product_tag?post=53477"}],"curies":[{"name":"wp","href":"https:\/\/api.w.org\/{rel}","templated":true}]}}