{"id":53289,"date":"2026-03-20T18:25:05","date_gmt":"2026-03-20T10:25:05","guid":{"rendered":"https:\/\/kengmingcn.com\/?post_type=product&#038;p=53289"},"modified":"2026-03-21T14:55:41","modified_gmt":"2026-03-21T06:55:41","slug":"4-schicht-kommerzielle-backgerate-digitale-industrielle-elektrische-konvektionsofen","status":"publish","type":"product","link":"https:\/\/kengmingcn.com\/de_de\/product\/4-schicht-kommerzielle-backgerate-digitale-industrielle-elektrische-konvektionsofen\/","title":{"rendered":"4-Schicht Kommerzielle Backger\u00e4te Digitale Industrielle Elektrische Konvektions\u00f6fen"},"content":{"rendered":"<p><strong>Richtung der Maschine<\/strong><\/p>\n<p>1. Der Backofen kann 12 Men\u00fcs speichern.<\/p>\n<p>2. Spr\u00fchbefeuchtungsfunktion.<\/p>\n<p>3. Backofen Hohlraum innen aus 304 Edelstahl Material.<\/p>\n<p>4. Heizungsrohr aus rostfreiem Stahl 321.<\/p>\n<p>5. 4 Schichten, mit einem Regalabstand von 100 mm.<\/p>\n<p>6. 4 F\u00e4cher, jedes Fach Gr\u00f6\u00dfe: 445*295*16mm.<\/p>\n<p>7. Schalenst\u00e4rke von 1,0 mm, innere Dicke des Hohlraums von 1,2 mm.<\/p>\n<p>8. Zweischichtiges Glas, mit einer inneren Schicht von 6 mm und einer \u00e4u\u00dferen Schicht von 5 mm.<\/p>\n<p>9. Auslass\u00f6ffnung mit einem Durchmesser von 0,6 Zoll<\/p>\n<p>10.HE-04CN ist Touch-Bedienung, HE-04Y ist Tastenbedienung<\/p>\n\n\n<figure class=\"wp-block-image size-large\"><img decoding=\"async\" width=\"1024\" height=\"483\" src=\"https:\/\/kengmingcn.com\/wp-content\/uploads\/2026\/03\/1-4-1024x483.jpg\" alt=\"\" class=\"wp-image-53290\" srcset=\"https:\/\/kengmingcn.com\/wp-content\/uploads\/2026\/03\/1-4-1024x483.jpg 1024w, https:\/\/kengmingcn.com\/wp-content\/uploads\/2026\/03\/1-4-300x142.jpg 300w, https:\/\/kengmingcn.com\/wp-content\/uploads\/2026\/03\/1-4-768x362.jpg 768w, https:\/\/kengmingcn.com\/wp-content\/uploads\/2026\/03\/1-4-18x8.jpg 18w, https:\/\/kengmingcn.com\/wp-content\/uploads\/2026\/03\/1-4.jpg 1060w\" sizes=\"(max-width: 1024px) 100vw, 1024px\" \/><\/figure>\n\n\n\n<figure class=\"wp-block-image size-large\"><img decoding=\"async\" width=\"1024\" height=\"483\" src=\"https:\/\/kengmingcn.com\/wp-content\/uploads\/2026\/03\/2-4-1024x483.jpg\" alt=\"\" class=\"wp-image-53291\" srcset=\"https:\/\/kengmingcn.com\/wp-content\/uploads\/2026\/03\/2-4-1024x483.jpg 1024w, https:\/\/kengmingcn.com\/wp-content\/uploads\/2026\/03\/2-4-300x142.jpg 300w, https:\/\/kengmingcn.com\/wp-content\/uploads\/2026\/03\/2-4-768x362.jpg 768w, https:\/\/kengmingcn.com\/wp-content\/uploads\/2026\/03\/2-4-18x8.jpg 18w, https:\/\/kengmingcn.com\/wp-content\/uploads\/2026\/03\/2-4.jpg 1060w\" sizes=\"(max-width: 1024px) 100vw, 1024px\" \/><\/figure>\n\n\n\n<figure class=\"wp-block-image size-large\"><img decoding=\"async\" width=\"1024\" height=\"483\" src=\"https:\/\/kengmingcn.com\/wp-content\/uploads\/2026\/03\/3-3-1024x483.jpg\" alt=\"\" class=\"wp-image-53292\" srcset=\"https:\/\/kengmingcn.com\/wp-content\/uploads\/2026\/03\/3-3-1024x483.jpg 1024w, https:\/\/kengmingcn.com\/wp-content\/uploads\/2026\/03\/3-3-300x142.jpg 300w, https:\/\/kengmingcn.com\/wp-content\/uploads\/2026\/03\/3-3-768x362.jpg 768w, https:\/\/kengmingcn.com\/wp-content\/uploads\/2026\/03\/3-3-18x8.jpg 18w, https:\/\/kengmingcn.com\/wp-content\/uploads\/2026\/03\/3-3.jpg 1060w\" sizes=\"(max-width: 1024px) 100vw, 1024px\" \/><\/figure>\n\n\n\n<figure class=\"wp-block-image size-large\"><img decoding=\"async\" width=\"1024\" height=\"483\" src=\"https:\/\/kengmingcn.com\/wp-content\/uploads\/2026\/03\/4-3-1024x483.jpg\" alt=\"\" class=\"wp-image-53293\" srcset=\"https:\/\/kengmingcn.com\/wp-content\/uploads\/2026\/03\/4-3-1024x483.jpg 1024w, https:\/\/kengmingcn.com\/wp-content\/uploads\/2026\/03\/4-3-300x142.jpg 300w, https:\/\/kengmingcn.com\/wp-content\/uploads\/2026\/03\/4-3-768x362.jpg 768w, https:\/\/kengmingcn.com\/wp-content\/uploads\/2026\/03\/4-3-18x8.jpg 18w, https:\/\/kengmingcn.com\/wp-content\/uploads\/2026\/03\/4-3.jpg 1060w\" sizes=\"(max-width: 1024px) 100vw, 1024px\" \/><\/figure>\n\n\n\n<figure class=\"wp-block-image size-large\"><img decoding=\"async\" width=\"1024\" height=\"483\" src=\"https:\/\/kengmingcn.com\/wp-content\/uploads\/2026\/03\/5-1-1024x483.jpg\" alt=\"\" class=\"wp-image-53278\" srcset=\"https:\/\/kengmingcn.com\/wp-content\/uploads\/2026\/03\/5-1-1024x483.jpg 1024w, https:\/\/kengmingcn.com\/wp-content\/uploads\/2026\/03\/5-1-300x142.jpg 300w, https:\/\/kengmingcn.com\/wp-content\/uploads\/2026\/03\/5-1-768x362.jpg 768w, https:\/\/kengmingcn.com\/wp-content\/uploads\/2026\/03\/5-1-18x8.jpg 18w, https:\/\/kengmingcn.com\/wp-content\/uploads\/2026\/03\/5-1.jpg 1060w\" sizes=\"(max-width: 1024px) 100vw, 1024px\" \/><\/figure>\n\n\n\n<figure class=\"wp-block-image size-large\"><img decoding=\"async\" width=\"1024\" height=\"483\" src=\"https:\/\/kengmingcn.com\/wp-content\/uploads\/2026\/03\/6-4-1024x483.jpg\" alt=\"\" class=\"wp-image-53294\" srcset=\"https:\/\/kengmingcn.com\/wp-content\/uploads\/2026\/03\/6-4-1024x483.jpg 1024w, https:\/\/kengmingcn.com\/wp-content\/uploads\/2026\/03\/6-4-300x142.jpg 300w, https:\/\/kengmingcn.com\/wp-content\/uploads\/2026\/03\/6-4-768x362.jpg 768w, https:\/\/kengmingcn.com\/wp-content\/uploads\/2026\/03\/6-4-18x8.jpg 18w, https:\/\/kengmingcn.com\/wp-content\/uploads\/2026\/03\/6-4.jpg 1060w\" sizes=\"(max-width: 1024px) 100vw, 1024px\" \/><\/figure>\n\n\n\n<figure class=\"wp-block-image size-large\"><img decoding=\"async\" width=\"1024\" height=\"483\" src=\"https:\/\/kengmingcn.com\/wp-content\/uploads\/2026\/03\/7-2-1024x483.jpg\" alt=\"\" class=\"wp-image-53295\" srcset=\"https:\/\/kengmingcn.com\/wp-content\/uploads\/2026\/03\/7-2-1024x483.jpg 1024w, https:\/\/kengmingcn.com\/wp-content\/uploads\/2026\/03\/7-2-300x142.jpg 300w, https:\/\/kengmingcn.com\/wp-content\/uploads\/2026\/03\/7-2-768x362.jpg 768w, https:\/\/kengmingcn.com\/wp-content\/uploads\/2026\/03\/7-2-18x8.jpg 18w, https:\/\/kengmingcn.com\/wp-content\/uploads\/2026\/03\/7-2.jpg 1060w\" sizes=\"(max-width: 1024px) 100vw, 1024px\" \/><\/figure>\n\n\n\n<figure class=\"wp-block-image size-large\"><img decoding=\"async\" width=\"1024\" height=\"483\" src=\"https:\/\/kengmingcn.com\/wp-content\/uploads\/2026\/03\/7-1024x483.jpg\" alt=\"\" class=\"wp-image-53280\" srcset=\"https:\/\/kengmingcn.com\/wp-content\/uploads\/2026\/03\/7-1024x483.jpg 1024w, https:\/\/kengmingcn.com\/wp-content\/uploads\/2026\/03\/7-300x142.jpg 300w, https:\/\/kengmingcn.com\/wp-content\/uploads\/2026\/03\/7-768x362.jpg 768w, https:\/\/kengmingcn.com\/wp-content\/uploads\/2026\/03\/7-18x8.jpg 18w, https:\/\/kengmingcn.com\/wp-content\/uploads\/2026\/03\/7.jpg 1060w\" sizes=\"(max-width: 1024px) 100vw, 1024px\" \/><\/figure>","protected":false},"excerpt":{"rendered":"<ul>\n<li style=\"--tw-scale-x: 1;--tw-scale-y: 1;--tw-scroll-snap-strictness: proximity;--tw-ring-offset-width: 0px;--tw-ring-offset-color: #fff;--tw-ring-color: #3b82f680;--tw-ring-offset-shadow: 0 0 #0000;--tw-ring-shadow: 0 0 #0000;--tw-shadow: 0 0 #0000;--tw-shadow-colored: 0 0 #0000\">\n<div style=\"--tw-scale-x: 1;--tw-scale-y: 1;--tw-scroll-snap-strictness: proximity;--tw-ring-offset-width: 0px;--tw-ring-offset-color: #fff;--tw-ring-color: #3b82f680;--tw-ring-offset-shadow: 0 0 #0000;--tw-ring-shadow: 0 0 #0000;--tw-shadow: 0 0 #0000;--tw-shadow-colored: 0 0 #0000;position: relative\" data-slate-node=\"element\"><span style=\"--tw-scale-x: 1;--tw-scale-y: 1;--tw-scroll-snap-strictness: proximity;--tw-ring-offset-width: 0px;--tw-ring-offset-color: #fff;--tw-ring-color: #3b82f680;--tw-ring-offset-shadow: 0 0 #0000;--tw-ring-shadow: 0 0 #0000;--tw-shadow: 0 0 #0000;--tw-shadow-colored: 0 0 #0000\" data-slate-node=\"text\">Gewerblicher Elektrobackofen Geeignet f\u00fcr handwerkliche B\u00e4ckereien, Caf\u00e9s, westliche Restaurants, Kantinen und Gro\u00dfk\u00fcchen.<\/span><\/div>\n<\/li>\n<li style=\"--tw-scale-x: 1;--tw-scale-y: 1;--tw-scroll-snap-strictness: proximity;--tw-ring-offset-width: 0px;--tw-ring-offset-color: #fff;--tw-ring-color: #3b82f680;--tw-ring-offset-shadow: 0 0 #0000;--tw-ring-shadow: 0 0 #0000;--tw-shadow: 0 0 #0000;--tw-shadow-colored: 0 0 #0000\">\n<div style=\"--tw-scale-x: 1;--tw-scale-y: 1;--tw-scroll-snap-strictness: proximity;--tw-ring-offset-width: 0px;--tw-ring-offset-color: #fff;--tw-ring-color: #3b82f680;--tw-ring-offset-shadow: 0 0 #0000;--tw-ring-shadow: 0 0 #0000;--tw-shadow: 0 0 #0000;--tw-shadow-colored: 0 0 #0000;position: relative\" data-slate-node=\"element\"><span style=\"--tw-scale-x: 1;--tw-scale-y: 1;--tw-scroll-snap-strictness: proximity;--tw-ring-offset-width: 0px;--tw-ring-offset-color: #fff;--tw-ring-color: #3b82f680;--tw-ring-offset-shadow: 0 0 #0000;--tw-ring-shadow: 0 0 #0000;--tw-shadow: 0 0 #0000;--tw-shadow-colored: 0 0 #0000\" data-slate-node=\"text\">\u00a0Erh\u00e4ltlich in 4 bis 20 Schalen.<\/span><span style=\"--tw-scale-x: 1;--tw-scale-y: 1;--tw-scroll-snap-strictness: proximity;--tw-ring-offset-width: 0px;--tw-ring-offset-color: #fff;--tw-ring-color: #3b82f680;--tw-ring-offset-shadow: 0 0 #0000;--tw-ring-shadow: 0 0 #0000;--tw-shadow: 0 0 #0000;--tw-shadow-colored: 0 0 #0000\" data-slate-node=\"text\" data-slate-fragment=\"JTVCJTdCJTIydHlwZSUyMiUzQSUyMnBhcmFncmFwaCUyMiUyQyUyMmNoaWxkcmVuJTIyJTNBJTVCJTdCJTIyaWQlMjIlM0ElMjJWUWJQck9rMk16JTIyJTJDJTIycGFyYUlkeCUyMiUzQTAlMkMlMjJzcmMlMjIlM0ElMjJDb21tZXJjaWFsJTIwZWxlY3RyaWMlMjBPdmVuJTIwU3VpdGFibGUlMjBmb3IlMjBhcnRpc2FuYWwlMjBiYWtlcmllcyUyQyUyMGNhZiVDMyVBOXMlMkMlMjBXZXN0ZXJuJTIwcmVzdGF1cmFudHMlMkMlMjBjYW50ZWVucyUyQyUyMGFuZCUyMGNlbnRyYWwlMjBraXRjaGVucy4lMjIlMkMlMjJkc3QlMjIlM0ElMjIlRTUlOTUlODYlRTclOTQlQTglRTclOTQlQjUlRTclODMlQTQlRTclQUUlQjElRTklODAlODIlRTclOTQlQTglRTQlQkElOEUlRTYlODklOEIlRTUlQjclQTUlRTklOUQlQTIlRTUlOEMlODUlRTUlQkElOTclRTMlODAlODElRTUlOTIlOTYlRTUlOTUlQTElRTklQTYlODYlRTMlODAlODElRTglQTUlQkYlRTklQTQlOTAlRTUlOEUlODUlRTMlODAlODElRTklQTMlOUYlRTUlQTAlODIlRTUlOTIlOEMlRTQlQjglQUQlRTUlQTQlQUUlRTUlOEUlQTglRTYlODglQkYlRTMlODAlODIlMjIlMkMlMjJtZXRhZGF0YSUyMiUzQSUyMiUyMiUyQyUyMm1hdGNoZXMlMjIlM0FudWxsJTJDJTIydHJhbnNsYXRlZEJ5JTIyJTNBbnVsbCUyQyUyMm1ldGFEYXRhJTIyJTNBJTVCJTVEJTJDJTIydGV4dCUyMiUzQSUyMkNvbW1lcmNpYWwlMjBlbGVjdHJpYyUyME92ZW4lMjBTdWl0YWJsZSUyMGZvciUyMGFydGlzYW5hbCUyMGJha2VyaWVzJTJDJTIwY2FmJUMzJUE5cyUyQyUyMFdlc3Rlcm4lMjByZXN0YXVyYW50cyUyQyUyMGNhbnRlZW5zJTJDJTIwYW5kJTIwY2VudHJhbCUyMGtpdGNoZW5zLiUyMiU3RCUyQyU3QiUyMmlkJTIyJTNBJTIyVnA0bzBibHZiViUyMiUyQyUyMnBhcmFJZHglMjIlM0EwJTJDJTIyc3JjJTIyJTNBJTIyJTIwQXZhaWxhYmxlJTIwaW4lMjA0JTIwdG8lMjAyMCUyMHRyYXlzLiUyMiUyQyUyMmRzdCUyMiUzQSUyMiVFNiU4RiU5MCVFNCVCRSU5QjQlRTglODclQjMyMCVFNCVCOCVBQSVFNiU4OSU5OCVFNyU5QiU5OCVFMyU4MCU4MiUyMiUyQyUyMm1ldGFkYXRhJTIyJTNBJTIyJTIyJTJDJTIybWF0Y2hlcyUyMiUzQW51bGwlMkMlMjJ0cmFuc2xhdGVkQnklMjIlM0FudWxsJTJDJTIybWV0YURhdGElMjIlM0ElNUIlNUQlMkMlMjJ0ZXh0JTIyJTNBJTIyJTIwQXZhaWxhYmxlJTIwaW4lMjA0JTIwdG8lMjAyMCUyMHRyYXlzLiUyMiU3RCUyQyU3QiUyMmlkJTIyJTNBJTIyVldXdndSajBBViUyMiUyQyUyMnBhcmFJZHglMjIlM0EwJTJDJTIyc3JjJTIyJTNBJTIyJTIwc3RlYW0lMkNyb2FzdCUyQ29tYmluYXRpb24lMjBjb29raW5nJTIwbW9kZXMlMjB0byUyMG1lZXQlMjBoaWdoLWVmZmljaWVuY3klMjBzZXJ2aWNlJTIwYW5kJTIwc3RhbmRhcmRpemVkJTIwcXVhbGl0eSUyMG5lZWRzLiUyMiUyQyUyMmRzdCUyMiUzQSUyMiVFOCU5MiVCOCVFNiVCMSVCRCVFMyU4MCU4MSVFNyU4MyU5OCVFNyU4MyVBNCVFMyU4MCU4MSVFNyVCQiU4NCVFNSU5MCU4OCVFNyU4MyVCOSVFOSVBNSVBQSVFNiVBOCVBMSVFNSVCQyU4RiVFRiVCQyU4QyVFNiVCQiVBMSVFOCVCNiVCMyVFOSVBQiU5OCVFNiU5NSU4OCVFNiU5QyU4RCVFNSU4QSVBMSVFNSU5MiU4QyVFNiVBMCU4NyVFNSU4NyU4NiVFNSU4QyU5NiVFOCVCNCVBOCVFOSU4NyU4RiVFOSU5QyU4MCVFNiVCMSU4MiVFMyU4MCU4MiUyMiUyQyUyMm1ldGFkYXRhJTIyJTNBJTIyJTIyJTJDJTIybWF0Y2hlcyUyMiUzQW51bGwlMkMlMjJ0cmFuc2xhdGVkQnklMjIlM0FudWxsJTJDJTIybWV0YURhdGElMjIlM0ElNUIlNUQlMkMlMjJ0ZXh0JTIyJTNBJTIyJTIwc3RlYW0lMkNyb2FzdCUyQ29tYmluYXRpb24lMjBjb29raW5nJTIwbW9kZXMlMjB0byUyMG1lZXQlMjBoaWdoLWVmZmljaWVuY3klMjBzZXJ2aWNlJTIwYW5kJTIwc3RhbmRhcmRpemVkJTIwcXVhbGl0eSUyMG5lZWRzLiUyMiU3RCU1RCU3RCU1RA==\">\u00a0Dampf-, Brat- und Kombinationsgarmodi, um den Anforderungen an einen hocheffizienten Service und eine standardisierte Qualit\u00e4t gerecht zu werden.<\/span><\/div>\n<\/li>\n<li style=\"--tw-scale-x: 1;--tw-scale-y: 1;--tw-scroll-snap-strictness: proximity;--tw-ring-offset-width: 0px;--tw-ring-offset-color: #fff;--tw-ring-color: #3b82f680;--tw-ring-offset-shadow: 0 0 #0000;--tw-ring-shadow: 0 0 #0000;--tw-shadow: 0 0 #0000;--tw-shadow-colored: 0 0 #0000\"><span style=\"--tw-scale-x: 1;--tw-scale-y: 1;--tw-scroll-snap-strictness: proximity;--tw-ring-offset-width: 0px;--tw-ring-offset-color: #fff;--tw-ring-color: #3b82f680;--tw-ring-offset-shadow: 0 0 #0000;--tw-ring-shadow: 0 0 #0000;--tw-shadow: 0 0 #0000;--tw-shadow-colored: 0 0 #0000;color: #000000;font-family: Poppins\">Diese Maschine ist standardm\u00e4\u00dfig mit einem Klimaanlagenstecker ausgestattet. Wenn Sie irgendwelche Fragen haben, kontaktieren Sie uns bitte.<\/span><\/li>\n<\/ul>","protected":false},"featured_media":53296,"comment_status":"open","ping_status":"closed","template":"","meta":{"_acf_changed":false},"product_brand":[],"product_cat":[338,276],"product_tag":[],"class_list":{"0":"post-53289","1":"product","2":"type-product","3":"status-publish","4":"has-post-thumbnail","6":"product_cat-oven-heating-catering-equipment","7":"product_cat-heating-catering-equipment","8":"description-off","10":"first","11":"instock","12":"shipping-taxable","13":"product-type-simple"},"acf":[],"yoast_head":"<!-- This site is optimized with the Yoast SEO Premium plugin v25.3 (Yoast SEO v26.3) - https:\/\/yoast.com\/wordpress\/plugins\/seo\/ -->\n<title>4-layer Commercial Baking Equipment Digital Industrial Electric Convection Ovens - KengMing | Manufacturer of Commercial Kitchen Equipment<\/title>\n<meta name=\"description\" content=\"Commercial Baking Equipment Electric Oven\" \/>\n<meta name=\"robots\" content=\"index, follow, max-snippet:-1, max-image-preview:large, max-video-preview:-1\" \/>\n<link rel=\"canonical\" href=\"https:\/\/kengmingcn.com\/de_de\/product\/4-schicht-kommerzielle-backgerate-digitale-industrielle-elektrische-konvektionsofen\/\" \/>\n<meta property=\"og:locale\" content=\"de_DE\" \/>\n<meta property=\"og:type\" content=\"article\" \/>\n<meta property=\"og:title\" content=\"4-layer Commercial Baking Equipment Digital Industrial Electric Convection Ovens\" \/>\n<meta property=\"og:description\" content=\"Commercial Baking Equipment Electric Oven\" \/>\n<meta property=\"og:url\" content=\"https:\/\/kengmingcn.com\/de_de\/product\/4-schicht-kommerzielle-backgerate-digitale-industrielle-elektrische-konvektionsofen\/\" \/>\n<meta property=\"og:site_name\" content=\"KengMing | Manufacturer of Commercial Kitchen Equipment\" \/>\n<meta property=\"article:modified_time\" content=\"2026-03-21T06:55:41+00:00\" \/>\n<meta property=\"og:image\" content=\"https:\/\/kengmingcn.com\/wp-content\/uploads\/2026\/03\/1-5.jpg\" \/>\n\t<meta property=\"og:image:width\" content=\"800\" \/>\n\t<meta property=\"og:image:height\" content=\"800\" \/>\n\t<meta property=\"og:image:type\" content=\"image\/jpeg\" \/>\n<meta name=\"twitter:card\" content=\"summary_large_image\" \/>\n<meta name=\"twitter:label1\" content=\"Preis\" \/>\n\t<meta name=\"twitter:data1\" content=\"\" \/>\n\t<meta name=\"twitter:label2\" content=\"Verf\u00fcgbarkeit\" \/>\n\t<meta name=\"twitter:data2\" content=\"Auf Lager\" \/>\n<script type=\"application\/ld+json\" class=\"yoast-schema-graph\">{\"@context\":\"https:\/\/schema.org\",\"@graph\":[{\"@type\":\"WebPage\",\"@id\":\"https:\/\/kengmingcn.com\/it\/product\/4-strati-commerciali-attrezzature-di-cottura-digitale-industriale-forni-elettrici-a-convezione\/\",\"url\":\"https:\/\/kengmingcn.com\/it\/product\/4-strati-commerciali-attrezzature-di-cottura-digitale-industriale-forni-elettrici-a-convezione\/\",\"name\":\"4-layer Commercial Baking Equipment Digital Industrial Electric Convection Ovens - KengMing | Manufacturer of Commercial Kitchen Equipment\",\"isPartOf\":{\"@id\":\"https:\/\/kengmingcn.com\/#website\"},\"primaryImageOfPage\":{\"@id\":\"https:\/\/kengmingcn.com\/it\/product\/4-strati-commerciali-attrezzature-di-cottura-digitale-industriale-forni-elettrici-a-convezione\/#primaryimage\"},\"image\":{\"@id\":\"https:\/\/kengmingcn.com\/it\/product\/4-strati-commerciali-attrezzature-di-cottura-digitale-industriale-forni-elettrici-a-convezione\/#primaryimage\"},\"thumbnailUrl\":\"https:\/\/kengmingcn.com\/wp-content\/uploads\/2026\/03\/1-5.jpg\",\"datePublished\":\"2026-03-20T10:25:05+00:00\",\"dateModified\":\"2026-03-21T06:55:41+00:00\",\"description\":\"Commercial Baking Equipment Electric Oven\",\"breadcrumb\":{\"@id\":\"https:\/\/kengmingcn.com\/it\/product\/4-strati-commerciali-attrezzature-di-cottura-digitale-industriale-forni-elettrici-a-convezione\/#breadcrumb\"},\"inLanguage\":\"de\",\"potentialAction\":[{\"@type\":\"ReadAction\",\"target\":[\"https:\/\/kengmingcn.com\/it\/product\/4-strati-commerciali-attrezzature-di-cottura-digitale-industriale-forni-elettrici-a-convezione\/\"]}]},{\"@type\":\"ImageObject\",\"inLanguage\":\"de\",\"@id\":\"https:\/\/kengmingcn.com\/it\/product\/4-strati-commerciali-attrezzature-di-cottura-digitale-industriale-forni-elettrici-a-convezione\/#primaryimage\",\"url\":\"https:\/\/kengmingcn.com\/wp-content\/uploads\/2026\/03\/1-5.jpg\",\"contentUrl\":\"https:\/\/kengmingcn.com\/wp-content\/uploads\/2026\/03\/1-5.jpg\",\"width\":800,\"height\":800},{\"@type\":\"BreadcrumbList\",\"@id\":\"https:\/\/kengmingcn.com\/it\/product\/4-strati-commerciali-attrezzature-di-cottura-digitale-industriale-forni-elettrici-a-convezione\/#breadcrumb\",\"itemListElement\":[{\"@type\":\"ListItem\",\"position\":1,\"name\":\"Home\",\"item\":\"https:\/\/kengmingcn.com\/\"},{\"@type\":\"ListItem\",\"position\":2,\"name\":\"Catalogue\",\"item\":\"https:\/\/kengmingcn.com\/?page_id=27131\"},{\"@type\":\"ListItem\",\"position\":3,\"name\":\"4-layer Commercial Baking Equipment Digital Industrial Electric Convection Ovens\"}]},{\"@type\":\"WebSite\",\"@id\":\"https:\/\/kengmingcn.com\/#website\",\"url\":\"https:\/\/kengmingcn.com\/\",\"name\":\"Kitchen Equipment\",\"description\":\"KengMing is a professional commercial kitchen equipment manufacturer and wholesale supplier, offering cooking, food prep and bakery equipment with OEM &amp; ODM service for global distributors.\",\"publisher\":{\"@id\":\"https:\/\/kengmingcn.com\/#organization\"},\"potentialAction\":[{\"@type\":\"SearchAction\",\"target\":{\"@type\":\"EntryPoint\",\"urlTemplate\":\"https:\/\/kengmingcn.com\/?s={search_term_string}\"},\"query-input\":{\"@type\":\"PropertyValueSpecification\",\"valueRequired\":true,\"valueName\":\"search_term_string\"}}],\"inLanguage\":\"de\"},{\"@type\":\"Organization\",\"@id\":\"https:\/\/kengmingcn.com\/#organization\",\"name\":\"GuangZhou KengMing\",\"url\":\"https:\/\/kengmingcn.com\/\",\"logo\":{\"@type\":\"ImageObject\",\"inLanguage\":\"de\",\"@id\":\"https:\/\/kengmingcn.com\/#\/schema\/logo\/image\/\",\"url\":\"https:\/\/kengmingcn.com\/wp-content\/uploads\/2025\/04\/cropped-1744508604969-removebg-preview.png\",\"contentUrl\":\"https:\/\/kengmingcn.com\/wp-content\/uploads\/2025\/04\/cropped-1744508604969-removebg-preview.png\",\"width\":512,\"height\":512,\"caption\":\"GuangZhou KengMing\"},\"image\":{\"@id\":\"https:\/\/kengmingcn.com\/#\/schema\/logo\/image\/\"}}]}<\/script>\n<meta property=\"product:price:amount\" content=\"0.00\" \/>\n<meta property=\"product:price:currency\" content=\"USD\" \/>\n<meta property=\"og:availability\" content=\"instock\" \/>\n<meta property=\"product:availability\" content=\"instock\" \/>\n<meta property=\"product:condition\" content=\"new\" \/>\n<!-- \/ Yoast SEO Premium plugin. -->","yoast_head_json":{"title":"4-Schicht kommerziellen Backen Ausr\u00fcstung Digital Industrial Elektrische Konvektion \u00d6fen - KengMing | Hersteller von kommerziellen K\u00fcchenger\u00e4ten","description":"Kommerzielle Backger\u00e4te Elektrobackofen","robots":{"index":"index","follow":"follow","max-snippet":"max-snippet:-1","max-image-preview":"max-image-preview:large","max-video-preview":"max-video-preview:-1"},"canonical":"https:\/\/kengmingcn.com\/de_de\/product\/4-schicht-kommerzielle-backgerate-digitale-industrielle-elektrische-konvektionsofen\/","og_locale":"de_DE","og_type":"article","og_title":"4-layer Commercial Baking Equipment Digital Industrial Electric Convection Ovens","og_description":"Commercial Baking Equipment Electric Oven","og_url":"https:\/\/kengmingcn.com\/de_de\/product\/4-schicht-kommerzielle-backgerate-digitale-industrielle-elektrische-konvektionsofen\/","og_site_name":"KengMing | Manufacturer of Commercial Kitchen Equipment","article_modified_time":"2026-03-21T06:55:41+00:00","og_image":[{"width":800,"height":800,"url":"https:\/\/kengmingcn.com\/wp-content\/uploads\/2026\/03\/1-5.jpg","type":"image\/jpeg"}],"twitter_card":"summary_large_image","twitter_misc":{"Preis":"","Verf\u00fcgbarkeit":"Auf Lager"},"schema":{"@context":"https:\/\/schema.org","@graph":[{"@type":"WebPage","@id":"https:\/\/kengmingcn.com\/it\/product\/4-strati-commerciali-attrezzature-di-cottura-digitale-industriale-forni-elettrici-a-convezione\/","url":"https:\/\/kengmingcn.com\/it\/product\/4-strati-commerciali-attrezzature-di-cottura-digitale-industriale-forni-elettrici-a-convezione\/","name":"4-Schicht kommerziellen Backen Ausr\u00fcstung Digital Industrial Elektrische Konvektion \u00d6fen - KengMing | Hersteller von kommerziellen K\u00fcchenger\u00e4ten","isPartOf":{"@id":"https:\/\/kengmingcn.com\/#website"},"primaryImageOfPage":{"@id":"https:\/\/kengmingcn.com\/it\/product\/4-strati-commerciali-attrezzature-di-cottura-digitale-industriale-forni-elettrici-a-convezione\/#primaryimage"},"image":{"@id":"https:\/\/kengmingcn.com\/it\/product\/4-strati-commerciali-attrezzature-di-cottura-digitale-industriale-forni-elettrici-a-convezione\/#primaryimage"},"thumbnailUrl":"https:\/\/kengmingcn.com\/wp-content\/uploads\/2026\/03\/1-5.jpg","datePublished":"2026-03-20T10:25:05+00:00","dateModified":"2026-03-21T06:55:41+00:00","description":"Kommerzielle Backger\u00e4te Elektrobackofen","breadcrumb":{"@id":"https:\/\/kengmingcn.com\/it\/product\/4-strati-commerciali-attrezzature-di-cottura-digitale-industriale-forni-elettrici-a-convezione\/#breadcrumb"},"inLanguage":"de","potentialAction":[{"@type":"ReadAction","target":["https:\/\/kengmingcn.com\/it\/product\/4-strati-commerciali-attrezzature-di-cottura-digitale-industriale-forni-elettrici-a-convezione\/"]}]},{"@type":"ImageObject","inLanguage":"de","@id":"https:\/\/kengmingcn.com\/it\/product\/4-strati-commerciali-attrezzature-di-cottura-digitale-industriale-forni-elettrici-a-convezione\/#primaryimage","url":"https:\/\/kengmingcn.com\/wp-content\/uploads\/2026\/03\/1-5.jpg","contentUrl":"https:\/\/kengmingcn.com\/wp-content\/uploads\/2026\/03\/1-5.jpg","width":800,"height":800},{"@type":"BreadcrumbList","@id":"https:\/\/kengmingcn.com\/it\/product\/4-strati-commerciali-attrezzature-di-cottura-digitale-industriale-forni-elettrici-a-convezione\/#breadcrumb","itemListElement":[{"@type":"ListItem","position":1,"name":"Home","item":"https:\/\/kengmingcn.com\/"},{"@type":"ListItem","position":2,"name":"Catalogue","item":"https:\/\/kengmingcn.com\/?page_id=27131"},{"@type":"ListItem","position":3,"name":"4-layer Commercial Baking Equipment Digital Industrial Electric Convection Ovens"}]},{"@type":"WebSite","@id":"https:\/\/kengmingcn.com\/#website","url":"https:\/\/kengmingcn.com\/","name":"K\u00fcchenausstattung","description":"KengMing ist ein professioneller Hersteller von Gro\u00dfk\u00fcchenger\u00e4ten und Gro\u00dfhandelslieferant, der Koch-, Lebensmittelvorbereitungs- und B\u00e4ckereiger\u00e4te mit OEM- und ODM-Service f\u00fcr globale Vertriebsh\u00e4ndler anbietet.","publisher":{"@id":"https:\/\/kengmingcn.com\/#organization"},"potentialAction":[{"@type":"SearchAction","target":{"@type":"EntryPoint","urlTemplate":"https:\/\/kengmingcn.com\/?s={search_term_string}"},"query-input":{"@type":"PropertyValueSpecification","valueRequired":true,"valueName":"search_term_string"}}],"inLanguage":"de"},{"@type":"Organization","@id":"https:\/\/kengmingcn.com\/#organization","name":"GuangZhou KengMing","url":"https:\/\/kengmingcn.com\/","logo":{"@type":"ImageObject","inLanguage":"de","@id":"https:\/\/kengmingcn.com\/#\/schema\/logo\/image\/","url":"https:\/\/kengmingcn.com\/wp-content\/uploads\/2025\/04\/cropped-1744508604969-removebg-preview.png","contentUrl":"https:\/\/kengmingcn.com\/wp-content\/uploads\/2025\/04\/cropped-1744508604969-removebg-preview.png","width":512,"height":512,"caption":"GuangZhou KengMing"},"image":{"@id":"https:\/\/kengmingcn.com\/#\/schema\/logo\/image\/"}}]},"product_price_amount":"0.00","product_price_currency":"USD","og_availability":"instock","product_availability":"instock","product_condition":"new"},"_links":{"self":[{"href":"https:\/\/kengmingcn.com\/de_de\/wp-json\/wp\/v2\/product\/53289","targetHints":{"allow":["GET"]}}],"collection":[{"href":"https:\/\/kengmingcn.com\/de_de\/wp-json\/wp\/v2\/product"}],"about":[{"href":"https:\/\/kengmingcn.com\/de_de\/wp-json\/wp\/v2\/types\/product"}],"replies":[{"embeddable":true,"href":"https:\/\/kengmingcn.com\/de_de\/wp-json\/wp\/v2\/comments?post=53289"}],"wp:featuredmedia":[{"embeddable":true,"href":"https:\/\/kengmingcn.com\/de_de\/wp-json\/wp\/v2\/media\/53296"}],"wp:attachment":[{"href":"https:\/\/kengmingcn.com\/de_de\/wp-json\/wp\/v2\/media?parent=53289"}],"wp:term":[{"taxonomy":"product_brand","embeddable":true,"href":"https:\/\/kengmingcn.com\/de_de\/wp-json\/wp\/v2\/product_brand?post=53289"},{"taxonomy":"product_cat","embeddable":true,"href":"https:\/\/kengmingcn.com\/de_de\/wp-json\/wp\/v2\/product_cat?post=53289"},{"taxonomy":"product_tag","embeddable":true,"href":"https:\/\/kengmingcn.com\/de_de\/wp-json\/wp\/v2\/product_tag?post=53289"}],"curies":[{"name":"wp","href":"https:\/\/api.w.org\/{rel}","templated":true}]}}