{"id":53202,"date":"2026-02-10T17:09:31","date_gmt":"2026-02-10T09:09:31","guid":{"rendered":"https:\/\/kengmingcn.com\/?post_type=product&#038;p=53202"},"modified":"2026-02-10T17:14:31","modified_gmt":"2026-02-10T09:14:31","slug":"400kg-milch-schnee-eismaschine-kommerzielle-schneeflocken-bingsu-eismaschine-wasser-kuhlung-xhj268p-mit-ce","status":"publish","type":"product","link":"https:\/\/kengmingcn.com\/de_de\/product\/400kg-milch-schnee-eismaschine-kommerzielle-schneeflocken-bingsu-eismaschine-wasser-kuhlung-xhj268p-mit-ce\/","title":{"rendered":"400kg Milch Schnee Eismaschine Kommerzielle Schneeflocken Bingsu Eismaschine Wasser-K\u00fchlung XHJ268P Mit CE"},"content":{"rendered":"<h2 class=\"wp-block-heading\" id=\"h-description\">Beschreibung<\/h2>\n\n\n\n<p>Der f\u00fcr die Herstellung von Desserts mit hohem Volumen konzipierte <strong>XHJ268P Vollautomatische Milchschnee-Eismaschine<\/strong> liefert bis zu <strong>400 kg Schneeeis pro Tag<\/strong> mit stabiler, kontinuierlicher Leistung.<br>Angetrieben von einem <strong>1800-W-System und Embraco-Kompressor<\/strong>, Diese Bingsu-Maschine f\u00fcr den gewerblichen Einsatz produziert eine glatte, milch\u00e4hnliche Eistextur, die sich ideal f\u00fcr Bingsu-L\u00e4den, Dessertketten, Caf\u00e9s und Food-Courts eignet.<\/p>\n\n\n\n<p>Seine <strong>Wasser-K\u00fchlsystem<\/strong> sorgt f\u00fcr eine gleichbleibende Leistung auch bei langen Arbeitszeiten und ist damit eine zuverl\u00e4ssige Wahl f\u00fcr Umgebungen mit hohem Arbeitsaufkommen.<\/p>\n\n\n\n<div style=\"height:30px\" aria-hidden=\"true\" class=\"wp-block-spacer\"><\/div>\n\n\n\n<figure class=\"wp-block-table is-style-stripes\"><table><thead><tr><th>Modell<\/th><th>XHJ268P<\/th><\/tr><\/thead><tbody><tr><td>OutPut<\/td><td>400kg\/24hour(881lbs\/24hour)<\/td><\/tr><tr><td>Strom<\/td><td>1800w<\/td><\/tr><tr><td>L\u00e4nge der Rolle<\/td><td>16cm<\/td><\/tr><tr><td>K\u00fchlung Weg<\/td><td>Wasserk\u00fchlung<\/td><\/tr><tr><td>Gr\u00f6\u00dfe<\/td><td>453*555*525mm<\/td><\/tr><tr><td>Packungsgr\u00f6\u00dfe<\/td><td>71*54*74cm (0,27cbm)<\/td><\/tr><tr><td>Nettogewicht<\/td><td>51kg \/ 112lbs<\/td><\/tr><tr><td>Paket Gewicht<\/td><td>68kg\/149lbs<\/td><\/tr><tr><td>Kompressor<\/td><td>Embraco<\/td><\/tr><\/tbody><\/table><\/figure>\n\n\n\n<div style=\"height:30px\" aria-hidden=\"true\" class=\"wp-block-spacer\"><\/div>\n\n\n\n<div class=\"wp-block-columns is-layout-flex wp-container-core-columns-is-layout-9d6595d7 wp-block-columns-is-layout-flex dt-cr-1\">\n<div class=\"wp-block-column is-layout-flow wp-block-column-is-layout-flow\">\n<h3 class=\"wp-block-heading has-medium-font-size\" id=\"h-high-output-for-commercial-demand\">Hohe Leistung f\u00fcr die kommerzielle Nachfrage<\/h3>\n\n\n\n<p>Mit einer beeindruckenden Produktionskapazit\u00e4t von <strong>400kg (881 lbs) pro 24 Stunden<\/strong>, Der XHJ268P ist f\u00fcr Gesch\u00e4fte mit hohem Kundenaufkommen konzipiert. Er unterst\u00fctzt den kontinuierlichen Betrieb w\u00e4hrend des ganzen Tages, reduziert die Wartezeiten und maximiert den t\u00e4glichen Umsatz.<\/p>\n<\/div>\n\n\n\n<div class=\"wp-block-column is-layout-flow wp-block-column-is-layout-flow\">\n<h3 class=\"wp-block-heading has-medium-font-size\" id=\"h-premium-snow-ice-texture\"><strong>Premium-Schnee-Eis-Textur<\/strong><\/h3>\n\n\n\n<p>Ausgestattet mit einem <strong>16cm Pr\u00e4zisionsrolle<\/strong>, Die Maschine produziert zartes, flauschiges Schneeeis, das auf der Zunge schmilzt. Perfekt f\u00fcr Milchschnee-Eis, Frucht-Bingsu und Premium-Dessert-Pr\u00e4sentationen, die Wiederholungskunden anziehen.<\/p>\n<\/div>\n<\/div>\n\n\n\n<div style=\"height:30px\" aria-hidden=\"true\" class=\"wp-block-spacer\"><\/div>\n\n\n\n<div class=\"wp-block-columns is-layout-flex wp-container-core-columns-is-layout-9d6595d7 wp-block-columns-is-layout-flex dt-cr-2\">\n<div class=\"wp-block-column is-layout-flow wp-block-column-is-layout-flow\">\n<h3 class=\"wp-block-heading has-medium-font-size\" id=\"h-reliable-embraco-compressor\"><strong>Zuverl\u00e4ssiger Embraco-Kompressor<\/strong><\/h3>\n\n\n\n<p>Die importierten <strong>Embraco-Kompressor<\/strong> gew\u00e4hrleistet eine stabile K\u00fchlleistung, eine geringe Ausfallrate und eine lange Lebensdauer. Auch bei hoher Arbeitsbelastung bleibt die Eisqualit\u00e4t konstant, was ihn ideal f\u00fcr den professionellen Einsatz macht.<\/p>\n<\/div>\n\n\n\n<div class=\"wp-block-column is-layout-flow wp-block-column-is-layout-flow\">\n<h3 class=\"wp-block-heading has-medium-font-size\" id=\"h-water-cooling-system-for-long-hours\">Wasser-K\u00fchlsystem f\u00fcr lange Betriebszeiten<\/h3>\n\n\n\n<p>Die <strong>wassergek\u00fchlte Ausf\u00fchrung<\/strong> leitet die W\u00e4rme effizient ab, so dass die Maschine auch bei l\u00e4ngeren Betriebszeiten reibungslos l\u00e4uft. Dies verbessert die Stabilit\u00e4t im Vergleich zu luftgek\u00fchlten Systemen in hei\u00dfen oder gesch\u00e4ftigen K\u00fcchenumgebungen erheblich.<\/p>\n<\/div>\n<\/div>\n\n\n\n<div style=\"height:30px\" aria-hidden=\"true\" class=\"wp-block-spacer\"><\/div>\n\n\n\n<div class=\"wp-block-columns is-layout-flex wp-container-core-columns-is-layout-9d6595d7 wp-block-columns-is-layout-flex dt-cr-3\">\n<div class=\"wp-block-column is-layout-flow wp-block-column-is-layout-flow\">\n<h3 class=\"wp-block-heading has-medium-font-size\" id=\"h-more-detail\">Mehr Details<\/h3>\n\n\n\n<figure class=\"wp-block-gallery has-nested-images columns-2 is-cropped wp-block-gallery-1 is-layout-flex wp-block-gallery-is-layout-flex\">\n<figure class=\"wp-block-image size-large\"><img decoding=\"async\" width=\"550\" height=\"550\" data-id=\"47952\" src=\"https:\/\/kengmingcn.com\/wp-content\/uploads\/2025\/03\/1736303096772_3_11zon.webp\" alt=\"\" class=\"wp-image-47952\" srcset=\"https:\/\/kengmingcn.com\/wp-content\/uploads\/2025\/03\/1736303096772_3_11zon.webp 550w, https:\/\/kengmingcn.com\/wp-content\/uploads\/2025\/03\/1736303096772_3_11zon-300x300.webp 300w, https:\/\/kengmingcn.com\/wp-content\/uploads\/2025\/03\/1736303096772_3_11zon-150x150.webp 150w, https:\/\/kengmingcn.com\/wp-content\/uploads\/2025\/03\/1736303096772_3_11zon-200x200.webp 200w\" sizes=\"(max-width: 550px) 100vw, 550px\" \/><\/figure>\n\n\n\n<figure class=\"wp-block-image size-large\"><img decoding=\"async\" width=\"750\" height=\"873\" data-id=\"52104\" src=\"https:\/\/kengmingcn.com\/wp-content\/uploads\/2025\/09\/XHJ128fp-bingsu-machine-\u8be6\u60c5\u56fe-10.jpg\" alt=\"4\u79cd\u96ea\u82b1\u51b0\" class=\"wp-image-52104\" srcset=\"https:\/\/kengmingcn.com\/wp-content\/uploads\/2025\/09\/XHJ128fp-bingsu-machine-\u8be6\u60c5\u56fe-10.jpg 750w, https:\/\/kengmingcn.com\/wp-content\/uploads\/2025\/09\/XHJ128fp-bingsu-machine-\u8be6\u60c5\u56fe-10-258x300.jpg 258w, https:\/\/kengmingcn.com\/wp-content\/uploads\/2025\/09\/XHJ128fp-bingsu-machine-\u8be6\u60c5\u56fe-10-10x12.jpg 10w\" sizes=\"(max-width: 750px) 100vw, 750px\" \/><\/figure>\n<\/figure>\n<\/div>\n<\/div>\n\n\n\n<div class=\"wp-block-columns is-layout-flex wp-container-core-columns-is-layout-9d6595d7 wp-block-columns-is-layout-flex dt-cr-4\">\n<div class=\"wp-block-column is-layout-flow wp-block-column-is-layout-flow\"><\/div>\n<\/div>\n\n\n\n<div class=\"wp-block-columns is-layout-flex wp-container-core-columns-is-layout-9d6595d7 wp-block-columns-is-layout-flex dt-cr-5\">\n<div class=\"wp-block-column is-layout-flow wp-block-column-is-layout-flow\">\n<div style=\"height:30px\" aria-hidden=\"true\" class=\"wp-block-spacer\"><\/div>\n\n\n\n<h3 class=\"wp-block-heading\" id=\"h-why-choose-us\">Warum uns w\u00e4hlen?<\/h3>\n\n\n\n<p>Mit <strong>CE-Zertifizierung<\/strong>, robuste Konstruktion und ein professionelles K\u00fchlsystem, die <strong>XHJ128P Milchschnee-Eismaschine<\/strong> ist eine verl\u00e4ssliche L\u00f6sung f\u00fcr Unternehmen, die Effizienz, Konsistenz und erstklassige Eisqualit\u00e4t suchen.<br>Ganz gleich, ob Sie ein bestehendes Dessertgesch\u00e4ft erweitern oder ein hochwertiges Bingsu-Konzept einf\u00fchren m\u00f6chten, diese Maschine bietet die Leistung und Zuverl\u00e4ssigkeit, die f\u00fcr einen langfristigen Gesch\u00e4ftserfolg erforderlich sind.<\/p>\n<\/div>\n<\/div>","protected":false},"excerpt":{"rendered":"<ul>\n<li>Leistung: 1800W<\/li>\n<li>Leistung: 400\/24H<\/li>\n<li>CE<\/li>\n<li>Rollenl\u00e4nge: 16cm<\/li>\n<li>Kompressor: Embraco<\/li>\n<li>Art der K\u00fchlung: Wasserk\u00fchlung<\/li>\n<\/ul>","protected":false},"featured_media":53034,"comment_status":"open","ping_status":"closed","template":"","meta":{"_acf_changed":true},"product_brand":[309],"product_cat":[244,275],"product_tag":[310,312],"class_list":{"0":"post-53202","1":"product","2":"type-product","3":"status-publish","4":"has-post-thumbnail","6":"product_brand-309","7":"product_cat-bingsu-machine","8":"product_cat-refrigeration-equipment","9":"product_tag-ce","10":"product_tag-water-cooling","11":"description-off","13":"first","14":"instock","15":"shipping-taxable","16":"product-type-simple"},"acf":[],"yoast_head":"<!-- This site is optimized with the Yoast SEO Premium plugin v25.3 (Yoast SEO v26.3) - https:\/\/yoast.com\/wordpress\/plugins\/seo\/ -->\n<title>XHJ268P 400kg water cooling snowflake ice machine<\/title>\n<meta name=\"description\" content=\"Full Automatic 400kg Milk Snow Ice Machine Commercial Snowflake Bingsu Ice Machine Water-Cooling XHJ268P With CE\" \/>\n<meta name=\"robots\" content=\"index, follow, max-snippet:-1, max-image-preview:large, max-video-preview:-1\" \/>\n<link rel=\"canonical\" href=\"https:\/\/kengmingcn.com\/de_de\/product\/400kg-milch-schnee-eismaschine-kommerzielle-schneeflocken-bingsu-eismaschine-wasser-kuhlung-xhj268p-mit-ce\/\" \/>\n<meta property=\"og:locale\" content=\"de_DE\" \/>\n<meta property=\"og:type\" content=\"article\" \/>\n<meta property=\"og:title\" content=\"400kg Milk Snow Ice Machine Commercial Snowflake Bingsu Ice Machine Water-Cooling XHJ268P With CE\" \/>\n<meta property=\"og:description\" content=\"Full Automatic 400kg Milk Snow Ice Machine Commercial Snowflake Bingsu Ice Machine Water-Cooling XHJ268P With CE\" \/>\n<meta property=\"og:url\" content=\"https:\/\/kengmingcn.com\/de_de\/product\/400kg-milch-schnee-eismaschine-kommerzielle-schneeflocken-bingsu-eismaschine-wasser-kuhlung-xhj268p-mit-ce\/\" \/>\n<meta property=\"og:site_name\" content=\"KengMing | Manufacturer of Commercial Kitchen Equipment\" \/>\n<meta property=\"article:modified_time\" content=\"2026-02-10T09:14:31+00:00\" \/>\n<meta property=\"og:image\" content=\"https:\/\/kengmingcn.com\/wp-content\/uploads\/2026\/01\/XHJ268P_8_11zon.webp\" \/>\n\t<meta property=\"og:image:width\" content=\"800\" \/>\n\t<meta property=\"og:image:height\" content=\"800\" \/>\n\t<meta property=\"og:image:type\" content=\"image\/webp\" \/>\n<meta name=\"twitter:card\" content=\"summary_large_image\" \/>\n<meta name=\"twitter:label1\" content=\"Preis\" \/>\n\t<meta name=\"twitter:data1\" content=\"\" \/>\n\t<meta name=\"twitter:label2\" content=\"Verf\u00fcgbarkeit\" \/>\n\t<meta name=\"twitter:data2\" content=\"Auf Lager\" \/>\n<script type=\"application\/ld+json\" class=\"yoast-schema-graph\">{\"@context\":\"https:\/\/schema.org\",\"@graph\":[{\"@type\":\"WebPage\",\"@id\":\"https:\/\/kengmingcn.com\/ja\/product\/400kg-%e3%82%bb%e3%83%aa%e3%82%a6%e3%83%a0%e3%81%8c%e4%bb%98%e3%81%84%e3%81%a6%e3%81%84%e3%82%8b%e3%83%9f%e3%83%ab%e3%82%af%e3%81%ae%e9%9b%aa%e3%81%ae%e8%a3%bd%e6%b0%b7%e6%a9%9f%e3%81%ae%e5%95%86\/\",\"url\":\"https:\/\/kengmingcn.com\/ja\/product\/400kg-%e3%82%bb%e3%83%aa%e3%82%a6%e3%83%a0%e3%81%8c%e4%bb%98%e3%81%84%e3%81%a6%e3%81%84%e3%82%8b%e3%83%9f%e3%83%ab%e3%82%af%e3%81%ae%e9%9b%aa%e3%81%ae%e8%a3%bd%e6%b0%b7%e6%a9%9f%e3%81%ae%e5%95%86\/\",\"name\":\"XHJ268P 400kg water cooling snowflake ice machine\",\"isPartOf\":{\"@id\":\"https:\/\/kengmingcn.com\/#website\"},\"primaryImageOfPage\":{\"@id\":\"https:\/\/kengmingcn.com\/ja\/product\/400kg-%e3%82%bb%e3%83%aa%e3%82%a6%e3%83%a0%e3%81%8c%e4%bb%98%e3%81%84%e3%81%a6%e3%81%84%e3%82%8b%e3%83%9f%e3%83%ab%e3%82%af%e3%81%ae%e9%9b%aa%e3%81%ae%e8%a3%bd%e6%b0%b7%e6%a9%9f%e3%81%ae%e5%95%86\/#primaryimage\"},\"image\":{\"@id\":\"https:\/\/kengmingcn.com\/ja\/product\/400kg-%e3%82%bb%e3%83%aa%e3%82%a6%e3%83%a0%e3%81%8c%e4%bb%98%e3%81%84%e3%81%a6%e3%81%84%e3%82%8b%e3%83%9f%e3%83%ab%e3%82%af%e3%81%ae%e9%9b%aa%e3%81%ae%e8%a3%bd%e6%b0%b7%e6%a9%9f%e3%81%ae%e5%95%86\/#primaryimage\"},\"thumbnailUrl\":\"https:\/\/kengmingcn.com\/wp-content\/uploads\/2026\/01\/XHJ268P_8_11zon.webp\",\"datePublished\":\"2026-02-10T09:09:31+00:00\",\"dateModified\":\"2026-02-10T09:14:31+00:00\",\"description\":\"Full Automatic 400kg Milk Snow Ice Machine Commercial Snowflake Bingsu Ice Machine Water-Cooling XHJ268P With CE\",\"breadcrumb\":{\"@id\":\"https:\/\/kengmingcn.com\/ja\/product\/400kg-%e3%82%bb%e3%83%aa%e3%82%a6%e3%83%a0%e3%81%8c%e4%bb%98%e3%81%84%e3%81%a6%e3%81%84%e3%82%8b%e3%83%9f%e3%83%ab%e3%82%af%e3%81%ae%e9%9b%aa%e3%81%ae%e8%a3%bd%e6%b0%b7%e6%a9%9f%e3%81%ae%e5%95%86\/#breadcrumb\"},\"inLanguage\":\"de\",\"potentialAction\":[{\"@type\":\"ReadAction\",\"target\":[\"https:\/\/kengmingcn.com\/ja\/product\/400kg-%e3%82%bb%e3%83%aa%e3%82%a6%e3%83%a0%e3%81%8c%e4%bb%98%e3%81%84%e3%81%a6%e3%81%84%e3%82%8b%e3%83%9f%e3%83%ab%e3%82%af%e3%81%ae%e9%9b%aa%e3%81%ae%e8%a3%bd%e6%b0%b7%e6%a9%9f%e3%81%ae%e5%95%86\/\"]}]},{\"@type\":\"ImageObject\",\"inLanguage\":\"de\",\"@id\":\"https:\/\/kengmingcn.com\/ja\/product\/400kg-%e3%82%bb%e3%83%aa%e3%82%a6%e3%83%a0%e3%81%8c%e4%bb%98%e3%81%84%e3%81%a6%e3%81%84%e3%82%8b%e3%83%9f%e3%83%ab%e3%82%af%e3%81%ae%e9%9b%aa%e3%81%ae%e8%a3%bd%e6%b0%b7%e6%a9%9f%e3%81%ae%e5%95%86\/#primaryimage\",\"url\":\"https:\/\/kengmingcn.com\/wp-content\/uploads\/2026\/01\/XHJ268P_8_11zon.webp\",\"contentUrl\":\"https:\/\/kengmingcn.com\/wp-content\/uploads\/2026\/01\/XHJ268P_8_11zon.webp\",\"width\":800,\"height\":800,\"caption\":\"XHJ268P 400kg water cooling bingsu machine\"},{\"@type\":\"BreadcrumbList\",\"@id\":\"https:\/\/kengmingcn.com\/ja\/product\/400kg-%e3%82%bb%e3%83%aa%e3%82%a6%e3%83%a0%e3%81%8c%e4%bb%98%e3%81%84%e3%81%a6%e3%81%84%e3%82%8b%e3%83%9f%e3%83%ab%e3%82%af%e3%81%ae%e9%9b%aa%e3%81%ae%e8%a3%bd%e6%b0%b7%e6%a9%9f%e3%81%ae%e5%95%86\/#breadcrumb\",\"itemListElement\":[{\"@type\":\"ListItem\",\"position\":1,\"name\":\"Home\",\"item\":\"https:\/\/kengmingcn.com\/\"},{\"@type\":\"ListItem\",\"position\":2,\"name\":\"Catalogue\",\"item\":\"https:\/\/kengmingcn.com\/?page_id=27131\"},{\"@type\":\"ListItem\",\"position\":3,\"name\":\"400kg Milk Snow Ice Machine Commercial Snowflake Bingsu Ice Machine Water-Cooling XHJ268P With CE\"}]},{\"@type\":\"WebSite\",\"@id\":\"https:\/\/kengmingcn.com\/#website\",\"url\":\"https:\/\/kengmingcn.com\/\",\"name\":\"Kitchen Equipment\",\"description\":\"KengMing is a professional commercial kitchen equipment manufacturer and wholesale supplier, offering cooking, food prep and bakery equipment with OEM &amp; ODM service for global distributors.\",\"publisher\":{\"@id\":\"https:\/\/kengmingcn.com\/#organization\"},\"potentialAction\":[{\"@type\":\"SearchAction\",\"target\":{\"@type\":\"EntryPoint\",\"urlTemplate\":\"https:\/\/kengmingcn.com\/?s={search_term_string}\"},\"query-input\":{\"@type\":\"PropertyValueSpecification\",\"valueRequired\":true,\"valueName\":\"search_term_string\"}}],\"inLanguage\":\"de\"},{\"@type\":\"Organization\",\"@id\":\"https:\/\/kengmingcn.com\/#organization\",\"name\":\"GuangZhou KengMing\",\"url\":\"https:\/\/kengmingcn.com\/\",\"logo\":{\"@type\":\"ImageObject\",\"inLanguage\":\"de\",\"@id\":\"https:\/\/kengmingcn.com\/#\/schema\/logo\/image\/\",\"url\":\"https:\/\/kengmingcn.com\/wp-content\/uploads\/2025\/04\/cropped-1744508604969-removebg-preview.png\",\"contentUrl\":\"https:\/\/kengmingcn.com\/wp-content\/uploads\/2025\/04\/cropped-1744508604969-removebg-preview.png\",\"width\":512,\"height\":512,\"caption\":\"GuangZhou KengMing\"},\"image\":{\"@id\":\"https:\/\/kengmingcn.com\/#\/schema\/logo\/image\/\"}}]}<\/script>\n<meta property=\"product:price:amount\" content=\"0.00\" \/>\n<meta property=\"product:price:currency\" content=\"USD\" \/>\n<meta property=\"og:availability\" content=\"instock\" \/>\n<meta property=\"product:availability\" content=\"instock\" \/>\n<meta property=\"product:condition\" content=\"new\" \/>\n<!-- \/ Yoast SEO Premium plugin. -->","yoast_head_json":{"title":"XHJ268P 400kg Wasserk\u00fchlung Schneeflocken-Eismaschine","description":"Vollautomatische 400kg Milchschnee-Eismaschine Kommerzielle Schneeflocken-Bingsu-Eismaschine Wasser-K\u00fchlung XHJ268P mit CE","robots":{"index":"index","follow":"follow","max-snippet":"max-snippet:-1","max-image-preview":"max-image-preview:large","max-video-preview":"max-video-preview:-1"},"canonical":"https:\/\/kengmingcn.com\/de_de\/product\/400kg-milch-schnee-eismaschine-kommerzielle-schneeflocken-bingsu-eismaschine-wasser-kuhlung-xhj268p-mit-ce\/","og_locale":"de_DE","og_type":"article","og_title":"400kg Milk Snow Ice Machine Commercial Snowflake Bingsu Ice Machine Water-Cooling XHJ268P With CE","og_description":"Full Automatic 400kg Milk Snow Ice Machine Commercial Snowflake Bingsu Ice Machine Water-Cooling XHJ268P With CE","og_url":"https:\/\/kengmingcn.com\/de_de\/product\/400kg-milch-schnee-eismaschine-kommerzielle-schneeflocken-bingsu-eismaschine-wasser-kuhlung-xhj268p-mit-ce\/","og_site_name":"KengMing | Manufacturer of Commercial Kitchen Equipment","article_modified_time":"2026-02-10T09:14:31+00:00","og_image":[{"width":800,"height":800,"url":"https:\/\/kengmingcn.com\/wp-content\/uploads\/2026\/01\/XHJ268P_8_11zon.webp","type":"image\/webp"}],"twitter_card":"summary_large_image","twitter_misc":{"Preis":"","Verf\u00fcgbarkeit":"Auf Lager"},"schema":{"@context":"https:\/\/schema.org","@graph":[{"@type":"WebPage","@id":"https:\/\/kengmingcn.com\/ja\/product\/400kg-%e3%82%bb%e3%83%aa%e3%82%a6%e3%83%a0%e3%81%8c%e4%bb%98%e3%81%84%e3%81%a6%e3%81%84%e3%82%8b%e3%83%9f%e3%83%ab%e3%82%af%e3%81%ae%e9%9b%aa%e3%81%ae%e8%a3%bd%e6%b0%b7%e6%a9%9f%e3%81%ae%e5%95%86\/","url":"https:\/\/kengmingcn.com\/ja\/product\/400kg-%e3%82%bb%e3%83%aa%e3%82%a6%e3%83%a0%e3%81%8c%e4%bb%98%e3%81%84%e3%81%a6%e3%81%84%e3%82%8b%e3%83%9f%e3%83%ab%e3%82%af%e3%81%ae%e9%9b%aa%e3%81%ae%e8%a3%bd%e6%b0%b7%e6%a9%9f%e3%81%ae%e5%95%86\/","name":"XHJ268P 400kg Wasserk\u00fchlung Schneeflocken-Eismaschine","isPartOf":{"@id":"https:\/\/kengmingcn.com\/#website"},"primaryImageOfPage":{"@id":"https:\/\/kengmingcn.com\/ja\/product\/400kg-%e3%82%bb%e3%83%aa%e3%82%a6%e3%83%a0%e3%81%8c%e4%bb%98%e3%81%84%e3%81%a6%e3%81%84%e3%82%8b%e3%83%9f%e3%83%ab%e3%82%af%e3%81%ae%e9%9b%aa%e3%81%ae%e8%a3%bd%e6%b0%b7%e6%a9%9f%e3%81%ae%e5%95%86\/#primaryimage"},"image":{"@id":"https:\/\/kengmingcn.com\/ja\/product\/400kg-%e3%82%bb%e3%83%aa%e3%82%a6%e3%83%a0%e3%81%8c%e4%bb%98%e3%81%84%e3%81%a6%e3%81%84%e3%82%8b%e3%83%9f%e3%83%ab%e3%82%af%e3%81%ae%e9%9b%aa%e3%81%ae%e8%a3%bd%e6%b0%b7%e6%a9%9f%e3%81%ae%e5%95%86\/#primaryimage"},"thumbnailUrl":"https:\/\/kengmingcn.com\/wp-content\/uploads\/2026\/01\/XHJ268P_8_11zon.webp","datePublished":"2026-02-10T09:09:31+00:00","dateModified":"2026-02-10T09:14:31+00:00","description":"Vollautomatische 400kg Milchschnee-Eismaschine Kommerzielle Schneeflocken-Bingsu-Eismaschine Wasser-K\u00fchlung XHJ268P mit CE","breadcrumb":{"@id":"https:\/\/kengmingcn.com\/ja\/product\/400kg-%e3%82%bb%e3%83%aa%e3%82%a6%e3%83%a0%e3%81%8c%e4%bb%98%e3%81%84%e3%81%a6%e3%81%84%e3%82%8b%e3%83%9f%e3%83%ab%e3%82%af%e3%81%ae%e9%9b%aa%e3%81%ae%e8%a3%bd%e6%b0%b7%e6%a9%9f%e3%81%ae%e5%95%86\/#breadcrumb"},"inLanguage":"de","potentialAction":[{"@type":"ReadAction","target":["https:\/\/kengmingcn.com\/ja\/product\/400kg-%e3%82%bb%e3%83%aa%e3%82%a6%e3%83%a0%e3%81%8c%e4%bb%98%e3%81%84%e3%81%a6%e3%81%84%e3%82%8b%e3%83%9f%e3%83%ab%e3%82%af%e3%81%ae%e9%9b%aa%e3%81%ae%e8%a3%bd%e6%b0%b7%e6%a9%9f%e3%81%ae%e5%95%86\/"]}]},{"@type":"ImageObject","inLanguage":"de","@id":"https:\/\/kengmingcn.com\/ja\/product\/400kg-%e3%82%bb%e3%83%aa%e3%82%a6%e3%83%a0%e3%81%8c%e4%bb%98%e3%81%84%e3%81%a6%e3%81%84%e3%82%8b%e3%83%9f%e3%83%ab%e3%82%af%e3%81%ae%e9%9b%aa%e3%81%ae%e8%a3%bd%e6%b0%b7%e6%a9%9f%e3%81%ae%e5%95%86\/#primaryimage","url":"https:\/\/kengmingcn.com\/wp-content\/uploads\/2026\/01\/XHJ268P_8_11zon.webp","contentUrl":"https:\/\/kengmingcn.com\/wp-content\/uploads\/2026\/01\/XHJ268P_8_11zon.webp","width":800,"height":800,"caption":"XHJ268P 400kg water cooling bingsu machine"},{"@type":"BreadcrumbList","@id":"https:\/\/kengmingcn.com\/ja\/product\/400kg-%e3%82%bb%e3%83%aa%e3%82%a6%e3%83%a0%e3%81%8c%e4%bb%98%e3%81%84%e3%81%a6%e3%81%84%e3%82%8b%e3%83%9f%e3%83%ab%e3%82%af%e3%81%ae%e9%9b%aa%e3%81%ae%e8%a3%bd%e6%b0%b7%e6%a9%9f%e3%81%ae%e5%95%86\/#breadcrumb","itemListElement":[{"@type":"ListItem","position":1,"name":"Home","item":"https:\/\/kengmingcn.com\/"},{"@type":"ListItem","position":2,"name":"Catalogue","item":"https:\/\/kengmingcn.com\/?page_id=27131"},{"@type":"ListItem","position":3,"name":"400kg Milk Snow Ice Machine Commercial Snowflake Bingsu Ice Machine Water-Cooling XHJ268P With CE"}]},{"@type":"WebSite","@id":"https:\/\/kengmingcn.com\/#website","url":"https:\/\/kengmingcn.com\/","name":"K\u00fcchenausstattung","description":"KengMing is a professional commercial kitchen equipment manufacturer and wholesale supplier, offering cooking, food prep and bakery equipment with OEM &amp; ODM service for global distributors.","publisher":{"@id":"https:\/\/kengmingcn.com\/#organization"},"potentialAction":[{"@type":"SearchAction","target":{"@type":"EntryPoint","urlTemplate":"https:\/\/kengmingcn.com\/?s={search_term_string}"},"query-input":{"@type":"PropertyValueSpecification","valueRequired":true,"valueName":"search_term_string"}}],"inLanguage":"de"},{"@type":"Organization","@id":"https:\/\/kengmingcn.com\/#organization","name":"GuangZhou KengMing","url":"https:\/\/kengmingcn.com\/","logo":{"@type":"ImageObject","inLanguage":"de","@id":"https:\/\/kengmingcn.com\/#\/schema\/logo\/image\/","url":"https:\/\/kengmingcn.com\/wp-content\/uploads\/2025\/04\/cropped-1744508604969-removebg-preview.png","contentUrl":"https:\/\/kengmingcn.com\/wp-content\/uploads\/2025\/04\/cropped-1744508604969-removebg-preview.png","width":512,"height":512,"caption":"GuangZhou KengMing"},"image":{"@id":"https:\/\/kengmingcn.com\/#\/schema\/logo\/image\/"}}]},"product_price_amount":"0.00","product_price_currency":"USD","og_availability":"instock","product_availability":"instock","product_condition":"new"},"_links":{"self":[{"href":"https:\/\/kengmingcn.com\/de_de\/wp-json\/wp\/v2\/product\/53202","targetHints":{"allow":["GET"]}}],"collection":[{"href":"https:\/\/kengmingcn.com\/de_de\/wp-json\/wp\/v2\/product"}],"about":[{"href":"https:\/\/kengmingcn.com\/de_de\/wp-json\/wp\/v2\/types\/product"}],"replies":[{"embeddable":true,"href":"https:\/\/kengmingcn.com\/de_de\/wp-json\/wp\/v2\/comments?post=53202"}],"wp:featuredmedia":[{"embeddable":true,"href":"https:\/\/kengmingcn.com\/de_de\/wp-json\/wp\/v2\/media\/53034"}],"wp:attachment":[{"href":"https:\/\/kengmingcn.com\/de_de\/wp-json\/wp\/v2\/media?parent=53202"}],"wp:term":[{"taxonomy":"product_brand","embeddable":true,"href":"https:\/\/kengmingcn.com\/de_de\/wp-json\/wp\/v2\/product_brand?post=53202"},{"taxonomy":"product_cat","embeddable":true,"href":"https:\/\/kengmingcn.com\/de_de\/wp-json\/wp\/v2\/product_cat?post=53202"},{"taxonomy":"product_tag","embeddable":true,"href":"https:\/\/kengmingcn.com\/de_de\/wp-json\/wp\/v2\/product_tag?post=53202"}],"curies":[{"name":"wp","href":"https:\/\/api.w.org\/{rel}","templated":true}]}}