{"id":53191,"date":"2026-02-10T15:15:43","date_gmt":"2026-02-10T07:15:43","guid":{"rendered":"https:\/\/kengmingcn.com\/?post_type=product&#038;p=53191"},"modified":"2026-02-10T15:42:33","modified_gmt":"2026-02-10T07:42:33","slug":"xhj60f-60kg-24h-360w-schneeflocken-eismaschine","status":"publish","type":"product","link":"https:\/\/kengmingcn.com\/de_de\/product\/xhj60f-60kg-24h-360w-schneeflocken-eismaschine\/","title":{"rendered":"60kg\/24h XHJ60F 360W Schnee-Eis-Maschine Schnelle Produktion Bingsu"},"content":{"rendered":"<h2 class=\"wp-block-heading\" id=\"h-description\">Beschreibung<\/h2>\n\n\n\n<p>Die Schneeflocken-Eismaschine ist ein effizientes Ger\u00e4t zur Herstellung von Kaltgetr\u00e4nken, das f\u00fcr die Herstellung von feinem, frischem und knusprigem Schneeflocken-Eis entwickelt wurde. Durch die fortschrittliche Gefriertechnologie und den pr\u00e4zisen Eisschabermechanismus kann sie fl\u00fcssige Rohstoffe (wie Saft, Milchtee, Cocktails usw.) schnell einfrieren und in weiche und zarte schneeflocken\u00e4hnliche Partikel schaben, wobei der urspr\u00fcngliche Geschmack und die N\u00e4hrstoffe der Lebensmittel erhalten bleiben.<\/p>\n\n\n\n<div style=\"height:30px\" aria-hidden=\"true\" class=\"wp-block-spacer\"><\/div>\n\n\n\n<figure class=\"wp-block-table is-style-stripes\"><table><thead><tr><th>Modell<\/th><th>XHJ60F<\/th><\/tr><\/thead><tbody><tr><td>OutPut<\/td><td>60kg\/24h (132lbs\/24h)<\/td><\/tr><tr><td>Strom<\/td><td>360w<\/td><\/tr><tr><td>L\u00e4nge der Rolle<\/td><td>6cm<\/td><\/tr><tr><td>K\u00fchlung Weg<\/td><td>Luftk\u00fchlung<\/td><\/tr><tr><td>Gr\u00f6\u00dfe<\/td><td>30*37.5*40cm                                                                                                                                                                                                                                                                                                                                                                                                                                                                                                                                                                                                                                                                                                                                                                                                                                                                             <\/td><\/tr><tr><td>Packungsgr\u00f6\u00dfe<\/td><td>37*43*49cm <\/td><\/tr><tr><td>Nettogewicht<\/td><td>19,6 kg<\/td><\/tr><tr><td>Paket Gewicht<\/td><td>22kg\/22bs<\/td><\/tr><tr><td>Kompressor<\/td><td>Wanbao oder andere chinesische Marke<\/td><\/tr><\/tbody><\/table><\/figure>\n\n\n\n<div style=\"height:30px\" aria-hidden=\"true\" class=\"wp-block-spacer\"><\/div>\n\n\n\n<div class=\"wp-block-columns is-layout-flex wp-container-core-columns-is-layout-9d6595d7 wp-block-columns-is-layout-flex dt-cr-1\">\n<div class=\"wp-block-column is-layout-flow wp-block-column-is-layout-flow\">\n<h3 class=\"wp-block-heading has-medium-font-size\" id=\"h-impressive-production-capacity\"><strong>Beeindruckende Produktionskapazit\u00e4t<\/strong><\/h3>\n\n\n\n<p>Hocheffiziente K\u00fchlung, Luftk\u00fchlung, nur 1 Minute Vork\u00fchlung kann 3 Sekunden Eis sein, t\u00e4gliche Eisproduktionskapazit\u00e4t von 132Ib.<\/p>\n<\/div>\n\n\n\n<div class=\"wp-block-column is-layout-flow wp-block-column-is-layout-flow\">\n<h3 class=\"wp-block-heading has-medium-font-size\" id=\"h-premium-304-stainless-steel-construction\"><strong>Konstruktion aus hochwertigem 304-Edelstahl<\/strong><\/h3>\n\n\n\n<p>Das Maschinengeh\u00e4use und alle Teile, die mit Lebensmitteln in Ber\u00fchrung kommen, sind aus Edelstahl 304 gefertigt, der korrosionsbest\u00e4ndig, leicht zu reinigen und hitzebest\u00e4ndig ist. Ob in Umgebungen mit hoher Luftfeuchtigkeit oder bei l\u00e4ngerem Gebrauch, die Maschine bleibt robust und langlebig und gew\u00e4hrleistet Lebensmittelsicherheit und eine lange Lebensdauer. Das glatte Material erleichtert au\u00dferdem die t\u00e4gliche Wartung, reduziert das Bakterienwachstum und vereinfacht das Hygienemanagement.<\/p>\n<\/div>\n<\/div>\n\n\n\n<div style=\"height:30px\" aria-hidden=\"true\" class=\"wp-block-spacer\"><\/div>\n\n\n\n<div class=\"wp-block-columns is-layout-flex wp-container-core-columns-is-layout-9d6595d7 wp-block-columns-is-layout-flex dt-cr-2\">\n<div class=\"wp-block-column is-layout-flow wp-block-column-is-layout-flow\">\n<h3 class=\"wp-block-heading has-medium-font-size\" id=\"h-user-friendly-operation\"><strong>Benutzerfreundlicher Betrieb<\/strong><\/h3>\n\n\n\n<p>Der XHJ60F verf\u00fcgt \u00fcber ein Schwerkraft-Zuf\u00fchrungssystem und ein intuitives Bedienfeld, so dass er auch f\u00fcr neue Mitarbeiter leicht zu bedienen ist. Das unabh\u00e4ngig gesteuerte K\u00fchlsystem reduziert manuelle Arbeitsschritte und macht den Produktionsprozess einfacher und effizienter, was die Servicegeschwindigkeit und die Kundenzufriedenheit erh\u00f6ht.<\/p>\n<\/div>\n\n\n\n<div class=\"wp-block-column is-layout-flow wp-block-column-is-layout-flow\">\n<h3 class=\"wp-block-heading has-medium-font-size\" id=\"h-adjustable-ice-shape\"><strong>Einstellbare Eisform<\/strong><\/h3>\n\n\n\n<p>Passen Sie die Form von Schnee-Eis nach ihrem pers\u00f6nlichen Geschmack und Vorlieben, durch die Anpassung der Rohstoffe und die Kontrolle der Geschwindigkeit des Verdampfers, k\u00f6nnen Sie eine Vielzahl von Formen von Eis, wie Schnee-Eis, Nudel-Eis, Flocke Eis, Schafe Eis, Nadel-Eis Eis der verschiedenen Formen, der Geschmack von leicht und glatt zu reich und zart realisiert werden kann.<\/p>\n<\/div>\n<\/div>\n\n\n\n<div style=\"height:30px\" aria-hidden=\"true\" class=\"wp-block-spacer\"><\/div>\n\n\n\n<div class=\"wp-block-columns is-layout-flex wp-container-core-columns-is-layout-9d6595d7 wp-block-columns-is-layout-flex dt-cr-3\">\n<div class=\"wp-block-column is-layout-flow wp-block-column-is-layout-flow\">\n<h3 class=\"wp-block-heading has-medium-font-size\" id=\"h-more-detail\">Mehr Details<\/h3>\n\n\n\n<figure class=\"wp-block-gallery has-nested-images columns-default is-cropped wp-block-gallery-1 is-layout-flex wp-block-gallery-is-layout-flex\">\n<figure class=\"wp-block-image size-large\"><img decoding=\"async\" width=\"550\" height=\"550\" data-id=\"47952\" src=\"https:\/\/kengmingcn.com\/wp-content\/uploads\/2025\/03\/1736303096772_3_11zon.webp\" alt=\"\" class=\"wp-image-47952\" srcset=\"https:\/\/kengmingcn.com\/wp-content\/uploads\/2025\/03\/1736303096772_3_11zon.webp 550w, https:\/\/kengmingcn.com\/wp-content\/uploads\/2025\/03\/1736303096772_3_11zon-300x300.webp 300w, https:\/\/kengmingcn.com\/wp-content\/uploads\/2025\/03\/1736303096772_3_11zon-150x150.webp 150w, https:\/\/kengmingcn.com\/wp-content\/uploads\/2025\/03\/1736303096772_3_11zon-200x200.webp 200w\" sizes=\"(max-width: 550px) 100vw, 550px\" \/><\/figure>\n\n\n\n<figure class=\"wp-block-image size-large\"><img decoding=\"async\" width=\"750\" height=\"873\" data-id=\"52104\" src=\"https:\/\/kengmingcn.com\/wp-content\/uploads\/2025\/09\/XHJ128fp-bingsu-machine-\u8be6\u60c5\u56fe-10.jpg\" alt=\"4\u79cd\u96ea\u82b1\u51b0\" class=\"wp-image-52104\" srcset=\"https:\/\/kengmingcn.com\/wp-content\/uploads\/2025\/09\/XHJ128fp-bingsu-machine-\u8be6\u60c5\u56fe-10.jpg 750w, https:\/\/kengmingcn.com\/wp-content\/uploads\/2025\/09\/XHJ128fp-bingsu-machine-\u8be6\u60c5\u56fe-10-258x300.jpg 258w, https:\/\/kengmingcn.com\/wp-content\/uploads\/2025\/09\/XHJ128fp-bingsu-machine-\u8be6\u60c5\u56fe-10-10x12.jpg 10w\" sizes=\"(max-width: 750px) 100vw, 750px\" \/><\/figure>\n\n\n\n<figure class=\"wp-block-image size-large\"><img decoding=\"async\" width=\"1024\" height=\"832\" data-id=\"2461\" src=\"https:\/\/kengmingcn.com\/wp-content\/uploads\/2025\/04\/JMXC80F-Bingsu-Machine_11zon-scaled-e1744530020571-1024x832.webp\" alt=\"JMXC80F Bingsu-Maschine_11zon\" class=\"wp-image-2461\" srcset=\"https:\/\/kengmingcn.com\/wp-content\/uploads\/2025\/04\/JMXC80F-Bingsu-Machine_11zon-scaled-e1744530020571-1024x832.webp 1024w, https:\/\/kengmingcn.com\/wp-content\/uploads\/2025\/04\/JMXC80F-Bingsu-Machine_11zon-scaled-e1744530020571-300x244.webp 300w, https:\/\/kengmingcn.com\/wp-content\/uploads\/2025\/04\/JMXC80F-Bingsu-Machine_11zon-scaled-e1744530020571-768x624.webp 768w, https:\/\/kengmingcn.com\/wp-content\/uploads\/2025\/04\/JMXC80F-Bingsu-Machine_11zon-scaled-e1744530020571.webp 1152w\" sizes=\"(max-width: 1024px) 100vw, 1024px\" \/><\/figure>\n<\/figure>\n<\/div>\n<\/div>\n\n\n\n<div class=\"wp-block-columns is-layout-flex wp-container-core-columns-is-layout-9d6595d7 wp-block-columns-is-layout-flex dt-cr-4\">\n<div class=\"wp-block-column is-layout-flow wp-block-column-is-layout-flow\">\n<div style=\"height:30px\" aria-hidden=\"true\" class=\"wp-block-spacer\"><\/div>\n<\/div>\n<\/div>\n\n\n\n<div class=\"wp-block-columns is-layout-flex wp-container-core-columns-is-layout-9d6595d7 wp-block-columns-is-layout-flex dt-cr-5\">\n<div class=\"wp-block-column is-layout-flow wp-block-column-is-layout-flow\">\n<h3 class=\"wp-block-heading\" id=\"h-why-choose-us\">Warum uns w\u00e4hlen?<\/h3>\n\n\n\n<p>Kurzum, unsere Rasiereismaschine mit einer Tagesleistung von bis zu 60 kg eignet sich f\u00fcr den Hausgebrauch und kleine Dessertbetriebe. Investieren Sie jetzt und schenken Sie Ihren Kunden mit jedem L\u00f6ffel k\u00f6stlichen Rasiereises ein s\u00fc\u00dfes L\u00e4cheln!<\/p>\n<\/div>\n<\/div>\n\n\n\n<p><\/p>","protected":false},"excerpt":{"rendered":"<ul>\n<li>Leistung: 360W<\/li>\n<li>Leistung: 60kg\/24H<\/li>\n<li>Rollenl\u00e4nge: 6cm<\/li>\n<li>Art der K\u00fchlung: Luftk\u00fchlung<\/li>\n<li>Vork\u00fchlung f\u00fcr 1 Minute, schnelle Eisfreigabe in 3 Sekunden<\/li>\n<\/ul>","protected":false},"featured_media":53192,"comment_status":"open","ping_status":"closed","template":"","meta":{"_acf_changed":false},"product_brand":[],"product_cat":[244,275],"product_tag":[253],"class_list":{"0":"post-53191","1":"product","2":"type-product","3":"status-publish","4":"has-post-thumbnail","6":"product_cat-bingsu-machine","7":"product_cat-refrigeration-equipment","8":"product_tag-air-cooling","9":"description-off","11":"first","12":"instock","13":"shipping-taxable","14":"product-type-simple"},"acf":[],"yoast_head":"<!-- This site is optimized with the Yoast SEO Premium plugin v25.3 (Yoast SEO v26.3) - https:\/\/yoast.com\/wordpress\/plugins\/seo\/ -->\n<title>XHJ60F 60kg\/24h 360w Snowflake ice machine<\/title>\n<meta name=\"description\" content=\"Model: XHJ60F, capacity: 60kg\/24h, pre-cooling for 1 minute, and quick production of flake ice immediately after pouring in raw materials.\" \/>\n<meta name=\"robots\" content=\"index, follow, max-snippet:-1, max-image-preview:large, max-video-preview:-1\" \/>\n<link rel=\"canonical\" href=\"https:\/\/kengmingcn.com\/de_de\/product\/xhj60f-60kg-24h-360w-schneeflocken-eismaschine\/\" \/>\n<meta property=\"og:locale\" content=\"de_DE\" \/>\n<meta property=\"og:type\" content=\"article\" \/>\n<meta property=\"og:title\" content=\"60kg\/24h XHJ60F 360W Snow Ice Machine Rapid Production Bingsu\" \/>\n<meta property=\"og:description\" content=\"Model: XHJ60F, capacity: 60kg\/24h, pre-cooling for 1 minute, and quick production of flake ice immediately after pouring in raw materials.\" \/>\n<meta property=\"og:url\" content=\"https:\/\/kengmingcn.com\/de_de\/product\/xhj60f-60kg-24h-360w-schneeflocken-eismaschine\/\" \/>\n<meta property=\"og:site_name\" content=\"KengMing | Manufacturer of Commercial Kitchen Equipment\" \/>\n<meta property=\"article:modified_time\" content=\"2026-02-10T07:42:33+00:00\" \/>\n<meta property=\"og:image\" content=\"https:\/\/kengmingcn.com\/wp-content\/uploads\/2026\/02\/XHJ60F_1_11zon.webp\" \/>\n\t<meta property=\"og:image:width\" content=\"800\" \/>\n\t<meta property=\"og:image:height\" content=\"800\" \/>\n\t<meta property=\"og:image:type\" content=\"image\/webp\" \/>\n<meta name=\"twitter:card\" content=\"summary_large_image\" \/>\n<meta name=\"twitter:label1\" content=\"Preis\" \/>\n\t<meta name=\"twitter:data1\" content=\"\" \/>\n\t<meta name=\"twitter:label2\" content=\"Verf\u00fcgbarkeit\" \/>\n\t<meta name=\"twitter:data2\" content=\"Auf Lager\" \/>\n<script type=\"application\/ld+json\" class=\"yoast-schema-graph\">{\"@context\":\"https:\/\/schema.org\",\"@graph\":[{\"@type\":\"WebPage\",\"@id\":\"https:\/\/kengmingcn.com\/nl\/product\/xhj60f-60kg-24u-360w-sneeuwvlok-ijsmachine\/\",\"url\":\"https:\/\/kengmingcn.com\/nl\/product\/xhj60f-60kg-24u-360w-sneeuwvlok-ijsmachine\/\",\"name\":\"XHJ60F 60kg\/24h 360w Snowflake ice machine\",\"isPartOf\":{\"@id\":\"https:\/\/kengmingcn.com\/#website\"},\"primaryImageOfPage\":{\"@id\":\"https:\/\/kengmingcn.com\/nl\/product\/xhj60f-60kg-24u-360w-sneeuwvlok-ijsmachine\/#primaryimage\"},\"image\":{\"@id\":\"https:\/\/kengmingcn.com\/nl\/product\/xhj60f-60kg-24u-360w-sneeuwvlok-ijsmachine\/#primaryimage\"},\"thumbnailUrl\":\"https:\/\/kengmingcn.com\/wp-content\/uploads\/2026\/02\/XHJ60F_1_11zon.webp\",\"datePublished\":\"2026-02-10T07:15:43+00:00\",\"dateModified\":\"2026-02-10T07:42:33+00:00\",\"description\":\"Model: XHJ60F, capacity: 60kg\/24h, pre-cooling for 1 minute, and quick production of flake ice immediately after pouring in raw materials.\",\"breadcrumb\":{\"@id\":\"https:\/\/kengmingcn.com\/nl\/product\/xhj60f-60kg-24u-360w-sneeuwvlok-ijsmachine\/#breadcrumb\"},\"inLanguage\":\"de\",\"potentialAction\":[{\"@type\":\"ReadAction\",\"target\":[\"https:\/\/kengmingcn.com\/nl\/product\/xhj60f-60kg-24u-360w-sneeuwvlok-ijsmachine\/\"]}]},{\"@type\":\"ImageObject\",\"inLanguage\":\"de\",\"@id\":\"https:\/\/kengmingcn.com\/nl\/product\/xhj60f-60kg-24u-360w-sneeuwvlok-ijsmachine\/#primaryimage\",\"url\":\"https:\/\/kengmingcn.com\/wp-content\/uploads\/2026\/02\/XHJ60F_1_11zon.webp\",\"contentUrl\":\"https:\/\/kengmingcn.com\/wp-content\/uploads\/2026\/02\/XHJ60F_1_11zon.webp\",\"width\":800,\"height\":800,\"caption\":\"XHJ60F 60kg\/24h bingsu machine\"},{\"@type\":\"BreadcrumbList\",\"@id\":\"https:\/\/kengmingcn.com\/nl\/product\/xhj60f-60kg-24u-360w-sneeuwvlok-ijsmachine\/#breadcrumb\",\"itemListElement\":[{\"@type\":\"ListItem\",\"position\":1,\"name\":\"Home\",\"item\":\"https:\/\/kengmingcn.com\/\"},{\"@type\":\"ListItem\",\"position\":2,\"name\":\"Catalogue\",\"item\":\"https:\/\/kengmingcn.com\/?page_id=27131\"},{\"@type\":\"ListItem\",\"position\":3,\"name\":\"60kg\/24h XHJ60F 360W Snow Ice Machine Rapid Production Bingsu\"}]},{\"@type\":\"WebSite\",\"@id\":\"https:\/\/kengmingcn.com\/#website\",\"url\":\"https:\/\/kengmingcn.com\/\",\"name\":\"Kitchen Equipment\",\"description\":\"KengMing is a professional commercial kitchen equipment manufacturer and wholesale supplier, offering cooking, food prep and bakery equipment with OEM &amp; ODM service for global distributors.\",\"publisher\":{\"@id\":\"https:\/\/kengmingcn.com\/#organization\"},\"potentialAction\":[{\"@type\":\"SearchAction\",\"target\":{\"@type\":\"EntryPoint\",\"urlTemplate\":\"https:\/\/kengmingcn.com\/?s={search_term_string}\"},\"query-input\":{\"@type\":\"PropertyValueSpecification\",\"valueRequired\":true,\"valueName\":\"search_term_string\"}}],\"inLanguage\":\"de\"},{\"@type\":\"Organization\",\"@id\":\"https:\/\/kengmingcn.com\/#organization\",\"name\":\"GuangZhou KengMing\",\"url\":\"https:\/\/kengmingcn.com\/\",\"logo\":{\"@type\":\"ImageObject\",\"inLanguage\":\"de\",\"@id\":\"https:\/\/kengmingcn.com\/#\/schema\/logo\/image\/\",\"url\":\"https:\/\/kengmingcn.com\/wp-content\/uploads\/2025\/04\/cropped-1744508604969-removebg-preview.png\",\"contentUrl\":\"https:\/\/kengmingcn.com\/wp-content\/uploads\/2025\/04\/cropped-1744508604969-removebg-preview.png\",\"width\":512,\"height\":512,\"caption\":\"GuangZhou KengMing\"},\"image\":{\"@id\":\"https:\/\/kengmingcn.com\/#\/schema\/logo\/image\/\"}}]}<\/script>\n<meta property=\"product:price:amount\" content=\"0.00\" \/>\n<meta property=\"product:price:currency\" content=\"USD\" \/>\n<meta property=\"og:availability\" content=\"instock\" \/>\n<meta property=\"product:availability\" content=\"instock\" \/>\n<meta property=\"product:condition\" content=\"new\" \/>\n<!-- \/ Yoast SEO Premium plugin. -->","yoast_head_json":{"title":"XHJ60F 60kg\/24h 360w Schneeflocken-Eismaschine","description":"Modell: XHJ60F, Kapazit\u00e4t: 60kg\/24h, Vork\u00fchlung f\u00fcr 1 Minute und schnelle Produktion von Scherbeneis unmittelbar nach dem Einf\u00fcllen der Rohstoffe.","robots":{"index":"index","follow":"follow","max-snippet":"max-snippet:-1","max-image-preview":"max-image-preview:large","max-video-preview":"max-video-preview:-1"},"canonical":"https:\/\/kengmingcn.com\/de_de\/product\/xhj60f-60kg-24h-360w-schneeflocken-eismaschine\/","og_locale":"de_DE","og_type":"article","og_title":"60kg\/24h XHJ60F 360W Snow Ice Machine Rapid Production Bingsu","og_description":"Model: XHJ60F, capacity: 60kg\/24h, pre-cooling for 1 minute, and quick production of flake ice immediately after pouring in raw materials.","og_url":"https:\/\/kengmingcn.com\/de_de\/product\/xhj60f-60kg-24h-360w-schneeflocken-eismaschine\/","og_site_name":"KengMing | Manufacturer of Commercial Kitchen Equipment","article_modified_time":"2026-02-10T07:42:33+00:00","og_image":[{"width":800,"height":800,"url":"https:\/\/kengmingcn.com\/wp-content\/uploads\/2026\/02\/XHJ60F_1_11zon.webp","type":"image\/webp"}],"twitter_card":"summary_large_image","twitter_misc":{"Preis":"","Verf\u00fcgbarkeit":"Auf Lager"},"schema":{"@context":"https:\/\/schema.org","@graph":[{"@type":"WebPage","@id":"https:\/\/kengmingcn.com\/nl\/product\/xhj60f-60kg-24u-360w-sneeuwvlok-ijsmachine\/","url":"https:\/\/kengmingcn.com\/nl\/product\/xhj60f-60kg-24u-360w-sneeuwvlok-ijsmachine\/","name":"XHJ60F 60kg\/24h 360w Schneeflocken-Eismaschine","isPartOf":{"@id":"https:\/\/kengmingcn.com\/#website"},"primaryImageOfPage":{"@id":"https:\/\/kengmingcn.com\/nl\/product\/xhj60f-60kg-24u-360w-sneeuwvlok-ijsmachine\/#primaryimage"},"image":{"@id":"https:\/\/kengmingcn.com\/nl\/product\/xhj60f-60kg-24u-360w-sneeuwvlok-ijsmachine\/#primaryimage"},"thumbnailUrl":"https:\/\/kengmingcn.com\/wp-content\/uploads\/2026\/02\/XHJ60F_1_11zon.webp","datePublished":"2026-02-10T07:15:43+00:00","dateModified":"2026-02-10T07:42:33+00:00","description":"Modell: XHJ60F, Kapazit\u00e4t: 60kg\/24h, Vork\u00fchlung f\u00fcr 1 Minute und schnelle Produktion von Scherbeneis unmittelbar nach dem Einf\u00fcllen der Rohstoffe.","breadcrumb":{"@id":"https:\/\/kengmingcn.com\/nl\/product\/xhj60f-60kg-24u-360w-sneeuwvlok-ijsmachine\/#breadcrumb"},"inLanguage":"de","potentialAction":[{"@type":"ReadAction","target":["https:\/\/kengmingcn.com\/nl\/product\/xhj60f-60kg-24u-360w-sneeuwvlok-ijsmachine\/"]}]},{"@type":"ImageObject","inLanguage":"de","@id":"https:\/\/kengmingcn.com\/nl\/product\/xhj60f-60kg-24u-360w-sneeuwvlok-ijsmachine\/#primaryimage","url":"https:\/\/kengmingcn.com\/wp-content\/uploads\/2026\/02\/XHJ60F_1_11zon.webp","contentUrl":"https:\/\/kengmingcn.com\/wp-content\/uploads\/2026\/02\/XHJ60F_1_11zon.webp","width":800,"height":800,"caption":"XHJ60F 60kg\/24h bingsu machine"},{"@type":"BreadcrumbList","@id":"https:\/\/kengmingcn.com\/nl\/product\/xhj60f-60kg-24u-360w-sneeuwvlok-ijsmachine\/#breadcrumb","itemListElement":[{"@type":"ListItem","position":1,"name":"Home","item":"https:\/\/kengmingcn.com\/"},{"@type":"ListItem","position":2,"name":"Catalogue","item":"https:\/\/kengmingcn.com\/?page_id=27131"},{"@type":"ListItem","position":3,"name":"60kg\/24h XHJ60F 360W Snow Ice Machine Rapid Production Bingsu"}]},{"@type":"WebSite","@id":"https:\/\/kengmingcn.com\/#website","url":"https:\/\/kengmingcn.com\/","name":"K\u00fcchenausstattung","description":"KengMing ist ein professioneller Hersteller von Gro\u00dfk\u00fcchenger\u00e4ten und Gro\u00dfhandelslieferant, der Koch-, Lebensmittelvorbereitungs- und B\u00e4ckereiger\u00e4te mit OEM- und ODM-Service f\u00fcr globale Vertriebsh\u00e4ndler anbietet.","publisher":{"@id":"https:\/\/kengmingcn.com\/#organization"},"potentialAction":[{"@type":"SearchAction","target":{"@type":"EntryPoint","urlTemplate":"https:\/\/kengmingcn.com\/?s={search_term_string}"},"query-input":{"@type":"PropertyValueSpecification","valueRequired":true,"valueName":"search_term_string"}}],"inLanguage":"de"},{"@type":"Organization","@id":"https:\/\/kengmingcn.com\/#organization","name":"GuangZhou KengMing","url":"https:\/\/kengmingcn.com\/","logo":{"@type":"ImageObject","inLanguage":"de","@id":"https:\/\/kengmingcn.com\/#\/schema\/logo\/image\/","url":"https:\/\/kengmingcn.com\/wp-content\/uploads\/2025\/04\/cropped-1744508604969-removebg-preview.png","contentUrl":"https:\/\/kengmingcn.com\/wp-content\/uploads\/2025\/04\/cropped-1744508604969-removebg-preview.png","width":512,"height":512,"caption":"GuangZhou KengMing"},"image":{"@id":"https:\/\/kengmingcn.com\/#\/schema\/logo\/image\/"}}]},"product_price_amount":"0.00","product_price_currency":"USD","og_availability":"instock","product_availability":"instock","product_condition":"new"},"_links":{"self":[{"href":"https:\/\/kengmingcn.com\/de_de\/wp-json\/wp\/v2\/product\/53191","targetHints":{"allow":["GET"]}}],"collection":[{"href":"https:\/\/kengmingcn.com\/de_de\/wp-json\/wp\/v2\/product"}],"about":[{"href":"https:\/\/kengmingcn.com\/de_de\/wp-json\/wp\/v2\/types\/product"}],"replies":[{"embeddable":true,"href":"https:\/\/kengmingcn.com\/de_de\/wp-json\/wp\/v2\/comments?post=53191"}],"wp:featuredmedia":[{"embeddable":true,"href":"https:\/\/kengmingcn.com\/de_de\/wp-json\/wp\/v2\/media\/53192"}],"wp:attachment":[{"href":"https:\/\/kengmingcn.com\/de_de\/wp-json\/wp\/v2\/media?parent=53191"}],"wp:term":[{"taxonomy":"product_brand","embeddable":true,"href":"https:\/\/kengmingcn.com\/de_de\/wp-json\/wp\/v2\/product_brand?post=53191"},{"taxonomy":"product_cat","embeddable":true,"href":"https:\/\/kengmingcn.com\/de_de\/wp-json\/wp\/v2\/product_cat?post=53191"},{"taxonomy":"product_tag","embeddable":true,"href":"https:\/\/kengmingcn.com\/de_de\/wp-json\/wp\/v2\/product_tag?post=53191"}],"curies":[{"name":"wp","href":"https:\/\/api.w.org\/{rel}","templated":true}]}}