{"id":52328,"date":"2025-11-24T16:34:32","date_gmt":"2025-11-24T08:34:32","guid":{"rendered":"https:\/\/kengmingcn.com\/?post_type=product&#038;p=52328"},"modified":"2025-12-24T14:22:10","modified_gmt":"2025-12-24T06:22:10","slug":"jmlyb-25-3-kopf-gelatine-maschine","status":"publish","type":"product","link":"https:\/\/kengmingcn.com\/de_de\/product\/jmlyb-25-3-kopf-gelatine-maschine\/","title":{"rendered":"JMLYB-25 3-Kopf Gelato-Maschine"},"content":{"rendered":"<h3 class=\"wp-block-heading\" id=\"h-description\">Beschreibung<\/h3>\n\n\n\n<p>Diese italienische Gelatine-Maschine mit 3 K\u00f6pfen ist eine intelligente Harteis-Maschine, die Produktion, Konservierung und Verkauf integriert. Jeder Beh\u00e4lter ist mit einem unabh\u00e4ngigen Produktionssystem ausgestattet. F\u00fcllen Sie einfach die Rohzutaten in den Beh\u00e4lter und dr\u00fccken Sie die Starttaste, um die Produktion schnell abzuschlie\u00dfen.<\/p>\n\n\n\n<p>Nach der Produktion schaltet die Maschine automatisch in den Konservierungsmodus, um das Eis langfristig zu k\u00fchlen und frisch zu halten.<\/p>\n\n\n\n<div style=\"height:30px\" aria-hidden=\"true\" class=\"wp-block-spacer\"><\/div>\n\n\n\n<figure class=\"wp-block-table is-style-stripes\"><table><thead><tr><th>Modell<\/th><th>JMTYB-25<\/th><\/tr><\/thead><tbody><tr><td>Gr\u00f6\u00dfe der Maschine<\/td><td>106.5<em>x58x<\/em>110cm<\/td><\/tr><tr><td>Strom<\/td><td>3,3 kW<\/td><\/tr><tr><td>Ausgabe<\/td><td>30L\/H<\/td><\/tr><tr><td>Temperaturbereich der K\u00fchlung<\/td><td>-25\u2103<\/td><\/tr><tr><td>Material des Mischbeh\u00e4lters<\/td><td>304<\/td><\/tr><tr><td>Fassungsverm\u00f6gen des Materialtanks<\/td><td>6Lx3<\/td><\/tr><tr><td>Leistung des Verdichters<\/td><td>1HP*3<\/td><\/tr><tr><td>K\u00e4ltemittel\/Ladungsmenge (g)<\/td><td>R22\/600gx3<\/td><\/tr><tr><td>Konfiguration des Ger\u00e4temodus<\/td><td>K\u00fchlung, Konservierung, Reinigung, Nachtzeit<\/td><\/tr><tr><td>Packungsgr\u00f6\u00dfe<\/td><td>110x60x109cm<\/td><\/tr><tr><td>Gewicht \/ Bruttogewicht<\/td><td>220kg \/ 230kg<\/td><\/tr><tr><td>Kompressor<\/td><td>GMCC<\/td><\/tr><\/tbody><\/table><\/figure>\n\n\n\n<div style=\"height:30px\" aria-hidden=\"true\" class=\"wp-block-spacer\"><\/div>\n\n\n\n<div class=\"wp-block-columns is-layout-flex wp-container-core-columns-is-layout-9d6595d7 wp-block-columns-is-layout-flex dt-cr-1\">\n<div class=\"wp-block-column is-layout-flow wp-block-column-is-layout-flow\">\n<h3 class=\"wp-block-heading has-medium-font-size\" id=\"h-impressive-production-capacity\"><strong>Beeindruckende Produktionskapazit\u00e4t<\/strong><\/h3>\n\n\n\n<p>Hocheffiziente K\u00fchlung, Luftk\u00fchlung, die anf\u00e4ngliche Formzeit betr\u00e4gt 25 Minuten und die nachfolgende Formzeit 18 Minuten, die Produktionskapazit\u00e4t betr\u00e4gt bis zu 30 l\/h.<\/p>\n<\/div>\n\n\n\n<div class=\"wp-block-column is-layout-flow wp-block-column-is-layout-flow\">\n<h3 class=\"wp-block-heading has-medium-font-size\" id=\"h-safe-operating-design\"><strong>Sicheres Betriebskonzept<\/strong><\/h3>\n\n\n\n<p>W\u00e4hrend des Betriebs schaltet sich der Schaber automatisch ab, wenn die Abdeckung ge\u00f6ffnet wird, um versehentliche Verletzungen zu vermeiden.<\/p>\n<\/div>\n<\/div>\n\n\n\n<div style=\"height:30px\" aria-hidden=\"true\" class=\"wp-block-spacer\"><\/div>\n\n\n\n<div class=\"wp-block-columns is-layout-flex wp-container-core-columns-is-layout-9d6595d7 wp-block-columns-is-layout-flex dt-cr-2\">\n<div class=\"wp-block-column is-layout-flow wp-block-column-is-layout-flow\">\n<h3 class=\"wp-block-heading has-medium-font-size\" id=\"h-independent-3-head-configuration\"><strong>Unabh\u00e4ngige 3-Kopf-Konfiguration<\/strong><\/h3>\n\n\n\n<p>Die Anlage verf\u00fcgt \u00fcber ein unabh\u00e4ngiges Drei-Kopf-K\u00fchl- und Mischsystem (6L x 3 Mischtanks, 1HP x 3 Kompressoren), so dass jeder Zylinder gleichzeitig oder unabh\u00e4ngig voneinander arbeiten kann, ohne dass es zu St\u00f6rungen kommt. Sie unterst\u00fctzt die gleichzeitige Produktion und Auslage mehrerer Geschmacksrichtungen und erf\u00fcllt die Anforderungen von Gesch\u00e4ften mit unterschiedlichen Produktlinien. Sie eignet sich besonders f\u00fcr italienische Eisdielen, Dessertketten und kommerzielle Verkaufsumgebungen.<\/p>\n<\/div>\n\n\n\n<div class=\"wp-block-column is-layout-flow wp-block-column-is-layout-flow\">\n<h3 class=\"wp-block-heading has-medium-font-size\" id=\"h-dynamic-freezing-amp-texture-control\"><strong>Dynamisches Einfrieren und Texturkontrolle<\/strong><\/h3>\n\n\n\n<p>Der JMYLB-25 verf\u00fcgt \u00fcber ein dynamisches Gefrier- und Konservierungssystem, das eine minimale K\u00fchltemperatur von -25\u2103 erreicht und die Frische und Textur des Speiseeises effektiv bewahrt. Der adaptive Anti-Frost-Schaber passt die Schabewirkung automatisch an die H\u00e4rte des Eises an und verhindert so Eisbildung und Besch\u00e4digung des Zylinders, w\u00e4hrend er gleichzeitig eine glatte Textur und gleichm\u00e4\u00dfige Dichte des Endprodukts gew\u00e4hrleistet und so die Produktkonsistenz verbessert.<\/p>\n<\/div>\n<\/div>\n\n\n\n<div style=\"height:30px\" aria-hidden=\"true\" class=\"wp-block-spacer\"><\/div>\n\n\n\n<div class=\"wp-block-columns is-layout-flex wp-container-core-columns-is-layout-9d6595d7 wp-block-columns-is-layout-flex dt-cr-3\">\n<div class=\"wp-block-column is-layout-flow wp-block-column-is-layout-flow\">\n<p><\/p>\n\n\n\n<h3 class=\"wp-block-heading has-medium-font-size\" id=\"h-more-detail\">Mehr Details<\/h3>\n\n\n\n<figure class=\"wp-block-gallery has-nested-images columns-2 is-cropped wp-block-gallery-1 is-layout-flex wp-block-gallery-is-layout-flex\">\n<figure data-wp-context=\"{&quot;imageId&quot;:&quot;69d0e3952afbc&quot;}\" data-wp-interactive=\"core\/image\" class=\"wp-block-image size-large is-style-default wp-lightbox-container\"><img decoding=\"async\" width=\"1024\" height=\"483\" data-wp-class--hide=\"state.isContentHidden\" data-wp-class--show=\"state.isContentVisible\" data-wp-init=\"callbacks.setButtonStyles\" data-wp-on-async--click=\"actions.showLightbox\" data-wp-on-async--load=\"callbacks.setButtonStyles\" data-wp-on-async-window--resize=\"callbacks.setButtonStyles\" data-id=\"52340\" src=\"https:\/\/kengmingcn.com\/wp-content\/uploads\/2025\/11\/3_3_11zon-1024x483.webp\" alt=\"Gelato-Maschine\" class=\"wp-image-52340\" srcset=\"https:\/\/kengmingcn.com\/wp-content\/uploads\/2025\/11\/3_3_11zon-1024x483.webp 1024w, https:\/\/kengmingcn.com\/wp-content\/uploads\/2025\/11\/3_3_11zon-300x142.webp 300w, https:\/\/kengmingcn.com\/wp-content\/uploads\/2025\/11\/3_3_11zon-768x362.webp 768w, https:\/\/kengmingcn.com\/wp-content\/uploads\/2025\/11\/3_3_11zon-18x8.webp 18w, https:\/\/kengmingcn.com\/wp-content\/uploads\/2025\/11\/3_3_11zon.webp 1060w\" sizes=\"(max-width: 1024px) 100vw, 1024px\" \/><button\n\t\t\tclass=\"lightbox-trigger\"\n\t\t\ttype=\"button\"\n\t\t\taria-haspopup=\"dialog\"\n\t\t\taria-label=\"Vergr\u00f6\u00dfern\"\n\t\t\tdata-wp-init=\"callbacks.initTriggerButton\"\n\t\t\tdata-wp-on-async--click=\"actions.showLightbox\"\n\t\t\tdata-wp-style--right=\"state.imageButtonRight\"\n\t\t\tdata-wp-style--top=\"state.imageButtonTop\"\n\t\t>\n\t\t\t<svg xmlns=\"http:\/\/www.w3.org\/2000\/svg\" width=\"12\" height=\"12\" fill=\"none\" viewbox=\"0 0 12 12\">\n\t\t\t\t<path fill=\"#fff\" d=\"M2 0a2 2 0 0 0-2 2v2h1.5V2a.5.5 0 0 1 .5-.5h2V0H2Zm2 10.5H2a.5.5 0 0 1-.5-.5V8H0v2a2 2 0 0 0 2 2h2v-1.5ZM8 12v-1.5h2a.5.5 0 0 0 .5-.5V8H12v2a2 2 0 0 1-2 2H8Zm2-12a2 2 0 0 1 2 2v2h-1.5V2a.5.5 0 0 0-.5-.5H8V0h2Z\" \/>\n\t\t\t<\/svg>\n\t\t<\/button><\/figure>\n\n\n\n<figure data-wp-context=\"{&quot;imageId&quot;:&quot;69d0e3952b2a2&quot;}\" data-wp-interactive=\"core\/image\" class=\"wp-block-image size-large wp-lightbox-container\"><img decoding=\"async\" width=\"1024\" height=\"483\" data-wp-class--hide=\"state.isContentHidden\" data-wp-class--show=\"state.isContentVisible\" data-wp-init=\"callbacks.setButtonStyles\" data-wp-on-async--click=\"actions.showLightbox\" data-wp-on-async--load=\"callbacks.setButtonStyles\" data-wp-on-async-window--resize=\"callbacks.setButtonStyles\" data-id=\"52341\" src=\"https:\/\/kengmingcn.com\/wp-content\/uploads\/2025\/11\/4_4_11zon-1024x483.webp\" alt=\"Gelato-Maschine\" class=\"wp-image-52341\" srcset=\"https:\/\/kengmingcn.com\/wp-content\/uploads\/2025\/11\/4_4_11zon-1024x483.webp 1024w, https:\/\/kengmingcn.com\/wp-content\/uploads\/2025\/11\/4_4_11zon-300x142.webp 300w, https:\/\/kengmingcn.com\/wp-content\/uploads\/2025\/11\/4_4_11zon-768x362.webp 768w, https:\/\/kengmingcn.com\/wp-content\/uploads\/2025\/11\/4_4_11zon-18x8.webp 18w, https:\/\/kengmingcn.com\/wp-content\/uploads\/2025\/11\/4_4_11zon.webp 1060w\" sizes=\"(max-width: 1024px) 100vw, 1024px\" \/><button\n\t\t\tclass=\"lightbox-trigger\"\n\t\t\ttype=\"button\"\n\t\t\taria-haspopup=\"dialog\"\n\t\t\taria-label=\"Vergr\u00f6\u00dfern\"\n\t\t\tdata-wp-init=\"callbacks.initTriggerButton\"\n\t\t\tdata-wp-on-async--click=\"actions.showLightbox\"\n\t\t\tdata-wp-style--right=\"state.imageButtonRight\"\n\t\t\tdata-wp-style--top=\"state.imageButtonTop\"\n\t\t>\n\t\t\t<svg xmlns=\"http:\/\/www.w3.org\/2000\/svg\" width=\"12\" height=\"12\" fill=\"none\" viewbox=\"0 0 12 12\">\n\t\t\t\t<path fill=\"#fff\" d=\"M2 0a2 2 0 0 0-2 2v2h1.5V2a.5.5 0 0 1 .5-.5h2V0H2Zm2 10.5H2a.5.5 0 0 1-.5-.5V8H0v2a2 2 0 0 0 2 2h2v-1.5ZM8 12v-1.5h2a.5.5 0 0 0 .5-.5V8H12v2a2 2 0 0 1-2 2H8Zm2-12a2 2 0 0 1 2 2v2h-1.5V2a.5.5 0 0 0-.5-.5H8V0h2Z\" \/>\n\t\t\t<\/svg>\n\t\t<\/button><\/figure>\n\n\n\n<figure data-wp-context=\"{&quot;imageId&quot;:&quot;69d0e3952b55e&quot;}\" data-wp-interactive=\"core\/image\" class=\"wp-block-image size-large wp-lightbox-container\"><img decoding=\"async\" width=\"1024\" height=\"483\" data-wp-class--hide=\"state.isContentHidden\" data-wp-class--show=\"state.isContentVisible\" data-wp-init=\"callbacks.setButtonStyles\" data-wp-on-async--click=\"actions.showLightbox\" data-wp-on-async--load=\"callbacks.setButtonStyles\" data-wp-on-async-window--resize=\"callbacks.setButtonStyles\" data-id=\"52338\" src=\"https:\/\/kengmingcn.com\/wp-content\/uploads\/2025\/11\/1_1_11zon-1024x483.webp\" alt=\"Gelato-Maschine\" class=\"wp-image-52338\" srcset=\"https:\/\/kengmingcn.com\/wp-content\/uploads\/2025\/11\/1_1_11zon-1024x483.webp 1024w, https:\/\/kengmingcn.com\/wp-content\/uploads\/2025\/11\/1_1_11zon-300x142.webp 300w, https:\/\/kengmingcn.com\/wp-content\/uploads\/2025\/11\/1_1_11zon-768x362.webp 768w, https:\/\/kengmingcn.com\/wp-content\/uploads\/2025\/11\/1_1_11zon-18x8.webp 18w, https:\/\/kengmingcn.com\/wp-content\/uploads\/2025\/11\/1_1_11zon.webp 1060w\" sizes=\"(max-width: 1024px) 100vw, 1024px\" \/><button\n\t\t\tclass=\"lightbox-trigger\"\n\t\t\ttype=\"button\"\n\t\t\taria-haspopup=\"dialog\"\n\t\t\taria-label=\"Vergr\u00f6\u00dfern\"\n\t\t\tdata-wp-init=\"callbacks.initTriggerButton\"\n\t\t\tdata-wp-on-async--click=\"actions.showLightbox\"\n\t\t\tdata-wp-style--right=\"state.imageButtonRight\"\n\t\t\tdata-wp-style--top=\"state.imageButtonTop\"\n\t\t>\n\t\t\t<svg xmlns=\"http:\/\/www.w3.org\/2000\/svg\" width=\"12\" height=\"12\" fill=\"none\" viewbox=\"0 0 12 12\">\n\t\t\t\t<path fill=\"#fff\" d=\"M2 0a2 2 0 0 0-2 2v2h1.5V2a.5.5 0 0 1 .5-.5h2V0H2Zm2 10.5H2a.5.5 0 0 1-.5-.5V8H0v2a2 2 0 0 0 2 2h2v-1.5ZM8 12v-1.5h2a.5.5 0 0 0 .5-.5V8H12v2a2 2 0 0 1-2 2H8Zm2-12a2 2 0 0 1 2 2v2h-1.5V2a.5.5 0 0 0-.5-.5H8V0h2Z\" \/>\n\t\t\t<\/svg>\n\t\t<\/button><\/figure>\n\n\n\n<figure data-wp-context=\"{&quot;imageId&quot;:&quot;69d0e3952b85f&quot;}\" data-wp-interactive=\"core\/image\" class=\"wp-block-image size-large wp-lightbox-container\"><img decoding=\"async\" width=\"1024\" height=\"483\" data-wp-class--hide=\"state.isContentHidden\" data-wp-class--show=\"state.isContentVisible\" data-wp-init=\"callbacks.setButtonStyles\" data-wp-on-async--click=\"actions.showLightbox\" data-wp-on-async--load=\"callbacks.setButtonStyles\" data-wp-on-async-window--resize=\"callbacks.setButtonStyles\" data-id=\"52339\" src=\"https:\/\/kengmingcn.com\/wp-content\/uploads\/2025\/11\/2_2_11zon-1024x483.webp\" alt=\"Gelato-Maschine\" class=\"wp-image-52339\" srcset=\"https:\/\/kengmingcn.com\/wp-content\/uploads\/2025\/11\/2_2_11zon-1024x483.webp 1024w, https:\/\/kengmingcn.com\/wp-content\/uploads\/2025\/11\/2_2_11zon-300x142.webp 300w, https:\/\/kengmingcn.com\/wp-content\/uploads\/2025\/11\/2_2_11zon-768x362.webp 768w, https:\/\/kengmingcn.com\/wp-content\/uploads\/2025\/11\/2_2_11zon-18x8.webp 18w, https:\/\/kengmingcn.com\/wp-content\/uploads\/2025\/11\/2_2_11zon.webp 1060w\" sizes=\"(max-width: 1024px) 100vw, 1024px\" \/><button\n\t\t\tclass=\"lightbox-trigger\"\n\t\t\ttype=\"button\"\n\t\t\taria-haspopup=\"dialog\"\n\t\t\taria-label=\"Vergr\u00f6\u00dfern\"\n\t\t\tdata-wp-init=\"callbacks.initTriggerButton\"\n\t\t\tdata-wp-on-async--click=\"actions.showLightbox\"\n\t\t\tdata-wp-style--right=\"state.imageButtonRight\"\n\t\t\tdata-wp-style--top=\"state.imageButtonTop\"\n\t\t>\n\t\t\t<svg xmlns=\"http:\/\/www.w3.org\/2000\/svg\" width=\"12\" height=\"12\" fill=\"none\" viewbox=\"0 0 12 12\">\n\t\t\t\t<path fill=\"#fff\" d=\"M2 0a2 2 0 0 0-2 2v2h1.5V2a.5.5 0 0 1 .5-.5h2V0H2Zm2 10.5H2a.5.5 0 0 1-.5-.5V8H0v2a2 2 0 0 0 2 2h2v-1.5ZM8 12v-1.5h2a.5.5 0 0 0 .5-.5V8H12v2a2 2 0 0 1-2 2H8Zm2-12a2 2 0 0 1 2 2v2h-1.5V2a.5.5 0 0 0-.5-.5H8V0h2Z\" \/>\n\t\t\t<\/svg>\n\t\t<\/button><\/figure>\n<\/figure>\n<\/div>\n<\/div>\n\n\n\n<div class=\"wp-block-columns is-layout-flex wp-container-core-columns-is-layout-9d6595d7 wp-block-columns-is-layout-flex dt-cr-4\">\n<div class=\"wp-block-column is-layout-flow wp-block-column-is-layout-flow\">\n<div style=\"height:30px\" aria-hidden=\"true\" class=\"wp-block-spacer\"><\/div>\n\n\n\n<h3 class=\"wp-block-heading\" id=\"h-why-choose-us\">Warum uns w\u00e4hlen?<\/h3>\n\n\n\n<p>Zusammenfassend l\u00e4sst sich sagen, dass die JMYLB-25 italienische Harteismaschine ein Hochleistungsger\u00e4t ist, das f\u00fcr den kommerziellen Markt entwickelt wurde und intelligente Produktion, unabh\u00e4ngigen Mehrkopfbetrieb, stabiles Gefrieren und Konservieren sowie Auslage und Verkauf im Verkaufsraum integriert. Mit einer hohen Produktionskapazit\u00e4t von 30 l\/h, einer zuverl\u00e4ssigen Struktur und einem wartungsfreundlichen Design hilft sie Restaurants und H\u00e4ndlern, die betriebliche Effizienz und den Umsatz zu verbessern und gleichzeitig eine gleichbleibende Produktqualit\u00e4t zu gew\u00e4hrleisten. Sie ist die ideale Wahl f\u00fcr italienische Eisdielen, Restaurantketten und kommerzielle Projekte.<\/p>\n<\/div>\n<\/div>","protected":false},"excerpt":{"rendered":"<ul>\n<li class=\"ai-optimize-31\">Stil: 3 Kopf<\/li>\n<li class=\"ai-optimize-32\">Fassungsverm\u00f6gen: 6L*3<\/li>\n<li class=\"ai-optimize-33\">Kompressor: 1HP*3<\/li>\n<\/ul>","protected":false},"featured_media":52329,"comment_status":"open","ping_status":"closed","template":"","meta":{"_acf_changed":false},"product_brand":[],"product_cat":[326,275],"product_tag":[],"class_list":{"0":"post-52328","1":"product","2":"type-product","3":"status-publish","4":"has-post-thumbnail","6":"product_cat-gelato-machine","7":"product_cat-refrigeration-equipment","8":"description-off","10":"first","11":"instock","12":"shipping-taxable","13":"product-type-simple"},"acf":[],"yoast_head":"<!-- This site is optimized with the Yoast SEO Premium plugin v25.3 (Yoast SEO v26.3) - https:\/\/yoast.com\/wordpress\/plugins\/seo\/ -->\n<title>JMLYB-25 3-head Gelato Machine - KengMing | Manufacturer of Commercial Kitchen Equipment<\/title>\n<meta name=\"description\" content=\"Pour in the ingredients and you can make Italian ice cream in 25 minutes.\" \/>\n<meta name=\"robots\" content=\"index, follow, max-snippet:-1, max-image-preview:large, max-video-preview:-1\" \/>\n<link rel=\"canonical\" href=\"https:\/\/kengmingcn.com\/de_de\/product\/jmlyb-25-3-kopf-gelatine-maschine\/\" \/>\n<meta property=\"og:locale\" content=\"de_DE\" \/>\n<meta property=\"og:type\" content=\"article\" \/>\n<meta property=\"og:title\" content=\"JMLYB-25 3-head Gelato Machine\" \/>\n<meta property=\"og:description\" content=\"Pour in the ingredients and you can make Italian ice cream in 25 minutes.\" \/>\n<meta property=\"og:url\" content=\"https:\/\/kengmingcn.com\/de_de\/product\/jmlyb-25-3-kopf-gelatine-maschine\/\" \/>\n<meta property=\"og:site_name\" content=\"KengMing | Manufacturer of Commercial Kitchen Equipment\" \/>\n<meta property=\"article:modified_time\" content=\"2025-12-24T06:22:10+00:00\" \/>\n<meta property=\"og:image\" content=\"https:\/\/kengmingcn.com\/wp-content\/uploads\/2025\/11\/1.5_5_11zon-1.webp\" \/>\n\t<meta property=\"og:image:width\" content=\"800\" \/>\n\t<meta property=\"og:image:height\" content=\"800\" \/>\n\t<meta property=\"og:image:type\" content=\"image\/webp\" \/>\n<meta name=\"twitter:card\" content=\"summary_large_image\" \/>\n<meta name=\"twitter:label1\" content=\"Preis\" \/>\n\t<meta name=\"twitter:data1\" content=\"\" \/>\n\t<meta name=\"twitter:label2\" content=\"Verf\u00fcgbarkeit\" \/>\n\t<meta name=\"twitter:data2\" content=\"Auf Lager\" \/>\n<script type=\"application\/ld+json\" class=\"yoast-schema-graph\">{\"@context\":\"https:\/\/schema.org\",\"@graph\":[{\"@type\":\"WebPage\",\"@id\":\"https:\/\/kengmingcn.com\/nl\/product\/jmlyb-25-3-kops-gelatomachine\/\",\"url\":\"https:\/\/kengmingcn.com\/nl\/product\/jmlyb-25-3-kops-gelatomachine\/\",\"name\":\"JMLYB-25 3-head Gelato Machine - KengMing | Manufacturer of Commercial Kitchen Equipment\",\"isPartOf\":{\"@id\":\"https:\/\/kengmingcn.com\/#website\"},\"primaryImageOfPage\":{\"@id\":\"https:\/\/kengmingcn.com\/nl\/product\/jmlyb-25-3-kops-gelatomachine\/#primaryimage\"},\"image\":{\"@id\":\"https:\/\/kengmingcn.com\/nl\/product\/jmlyb-25-3-kops-gelatomachine\/#primaryimage\"},\"thumbnailUrl\":\"https:\/\/kengmingcn.com\/wp-content\/uploads\/2025\/11\/1.5_5_11zon-1.webp\",\"datePublished\":\"2025-11-24T08:34:32+00:00\",\"dateModified\":\"2025-12-24T06:22:10+00:00\",\"description\":\"Pour in the ingredients and you can make Italian ice cream in 25 minutes.\",\"breadcrumb\":{\"@id\":\"https:\/\/kengmingcn.com\/nl\/product\/jmlyb-25-3-kops-gelatomachine\/#breadcrumb\"},\"inLanguage\":\"de\",\"potentialAction\":[{\"@type\":\"ReadAction\",\"target\":[\"https:\/\/kengmingcn.com\/nl\/product\/jmlyb-25-3-kops-gelatomachine\/\"]}]},{\"@type\":\"ImageObject\",\"inLanguage\":\"de\",\"@id\":\"https:\/\/kengmingcn.com\/nl\/product\/jmlyb-25-3-kops-gelatomachine\/#primaryimage\",\"url\":\"https:\/\/kengmingcn.com\/wp-content\/uploads\/2025\/11\/1.5_5_11zon-1.webp\",\"contentUrl\":\"https:\/\/kengmingcn.com\/wp-content\/uploads\/2025\/11\/1.5_5_11zon-1.webp\",\"width\":800,\"height\":800,\"caption\":\"JMLYB-25 gelato machine\"},{\"@type\":\"BreadcrumbList\",\"@id\":\"https:\/\/kengmingcn.com\/nl\/product\/jmlyb-25-3-kops-gelatomachine\/#breadcrumb\",\"itemListElement\":[{\"@type\":\"ListItem\",\"position\":1,\"name\":\"Home\",\"item\":\"https:\/\/kengmingcn.com\/\"},{\"@type\":\"ListItem\",\"position\":2,\"name\":\"Catalogue\",\"item\":\"https:\/\/kengmingcn.com\/?page_id=27131\"},{\"@type\":\"ListItem\",\"position\":3,\"name\":\"JMLYB-25 3-head Gelato Machine\"}]},{\"@type\":\"WebSite\",\"@id\":\"https:\/\/kengmingcn.com\/#website\",\"url\":\"https:\/\/kengmingcn.com\/\",\"name\":\"Kitchen Equipment\",\"description\":\"KengMing is a professional commercial kitchen equipment manufacturer and wholesale supplier, offering cooking, food prep and bakery equipment with OEM &amp; ODM service for global distributors.\",\"publisher\":{\"@id\":\"https:\/\/kengmingcn.com\/#organization\"},\"potentialAction\":[{\"@type\":\"SearchAction\",\"target\":{\"@type\":\"EntryPoint\",\"urlTemplate\":\"https:\/\/kengmingcn.com\/?s={search_term_string}\"},\"query-input\":{\"@type\":\"PropertyValueSpecification\",\"valueRequired\":true,\"valueName\":\"search_term_string\"}}],\"inLanguage\":\"de\"},{\"@type\":\"Organization\",\"@id\":\"https:\/\/kengmingcn.com\/#organization\",\"name\":\"GuangZhou KengMing\",\"url\":\"https:\/\/kengmingcn.com\/\",\"logo\":{\"@type\":\"ImageObject\",\"inLanguage\":\"de\",\"@id\":\"https:\/\/kengmingcn.com\/#\/schema\/logo\/image\/\",\"url\":\"https:\/\/kengmingcn.com\/wp-content\/uploads\/2025\/04\/cropped-1744508604969-removebg-preview.png\",\"contentUrl\":\"https:\/\/kengmingcn.com\/wp-content\/uploads\/2025\/04\/cropped-1744508604969-removebg-preview.png\",\"width\":512,\"height\":512,\"caption\":\"GuangZhou KengMing\"},\"image\":{\"@id\":\"https:\/\/kengmingcn.com\/#\/schema\/logo\/image\/\"}}]}<\/script>\n<meta property=\"product:price:amount\" content=\"0.00\" \/>\n<meta property=\"product:price:currency\" content=\"USD\" \/>\n<meta property=\"og:availability\" content=\"instock\" \/>\n<meta property=\"product:availability\" content=\"instock\" \/>\n<meta property=\"product:condition\" content=\"new\" \/>\n<!-- \/ Yoast SEO Premium plugin. -->","yoast_head_json":{"title":"JMLYB-25 3-Kopf Gelato Maschine - KengMing | Hersteller von Gro\u00dfk\u00fcchenger\u00e4ten","description":"Geben Sie die Zutaten hinein und Sie k\u00f6nnen in 25 Minuten italienisches Eis herstellen.","robots":{"index":"index","follow":"follow","max-snippet":"max-snippet:-1","max-image-preview":"max-image-preview:large","max-video-preview":"max-video-preview:-1"},"canonical":"https:\/\/kengmingcn.com\/de_de\/product\/jmlyb-25-3-kopf-gelatine-maschine\/","og_locale":"de_DE","og_type":"article","og_title":"JMLYB-25 3-head Gelato Machine","og_description":"Pour in the ingredients and you can make Italian ice cream in 25 minutes.","og_url":"https:\/\/kengmingcn.com\/de_de\/product\/jmlyb-25-3-kopf-gelatine-maschine\/","og_site_name":"KengMing | Manufacturer of Commercial Kitchen Equipment","article_modified_time":"2025-12-24T06:22:10+00:00","og_image":[{"width":800,"height":800,"url":"https:\/\/kengmingcn.com\/wp-content\/uploads\/2025\/11\/1.5_5_11zon-1.webp","type":"image\/webp"}],"twitter_card":"summary_large_image","twitter_misc":{"Preis":"","Verf\u00fcgbarkeit":"Auf Lager"},"schema":{"@context":"https:\/\/schema.org","@graph":[{"@type":"WebPage","@id":"https:\/\/kengmingcn.com\/nl\/product\/jmlyb-25-3-kops-gelatomachine\/","url":"https:\/\/kengmingcn.com\/nl\/product\/jmlyb-25-3-kops-gelatomachine\/","name":"JMLYB-25 3-Kopf Gelato Maschine - KengMing | Hersteller von Gro\u00dfk\u00fcchenger\u00e4ten","isPartOf":{"@id":"https:\/\/kengmingcn.com\/#website"},"primaryImageOfPage":{"@id":"https:\/\/kengmingcn.com\/nl\/product\/jmlyb-25-3-kops-gelatomachine\/#primaryimage"},"image":{"@id":"https:\/\/kengmingcn.com\/nl\/product\/jmlyb-25-3-kops-gelatomachine\/#primaryimage"},"thumbnailUrl":"https:\/\/kengmingcn.com\/wp-content\/uploads\/2025\/11\/1.5_5_11zon-1.webp","datePublished":"2025-11-24T08:34:32+00:00","dateModified":"2025-12-24T06:22:10+00:00","description":"Geben Sie die Zutaten hinein und Sie k\u00f6nnen in 25 Minuten italienisches Eis herstellen.","breadcrumb":{"@id":"https:\/\/kengmingcn.com\/nl\/product\/jmlyb-25-3-kops-gelatomachine\/#breadcrumb"},"inLanguage":"de","potentialAction":[{"@type":"ReadAction","target":["https:\/\/kengmingcn.com\/nl\/product\/jmlyb-25-3-kops-gelatomachine\/"]}]},{"@type":"ImageObject","inLanguage":"de","@id":"https:\/\/kengmingcn.com\/nl\/product\/jmlyb-25-3-kops-gelatomachine\/#primaryimage","url":"https:\/\/kengmingcn.com\/wp-content\/uploads\/2025\/11\/1.5_5_11zon-1.webp","contentUrl":"https:\/\/kengmingcn.com\/wp-content\/uploads\/2025\/11\/1.5_5_11zon-1.webp","width":800,"height":800,"caption":"JMLYB-25 gelato machine"},{"@type":"BreadcrumbList","@id":"https:\/\/kengmingcn.com\/nl\/product\/jmlyb-25-3-kops-gelatomachine\/#breadcrumb","itemListElement":[{"@type":"ListItem","position":1,"name":"Home","item":"https:\/\/kengmingcn.com\/"},{"@type":"ListItem","position":2,"name":"Catalogue","item":"https:\/\/kengmingcn.com\/?page_id=27131"},{"@type":"ListItem","position":3,"name":"JMLYB-25 3-head Gelato Machine"}]},{"@type":"WebSite","@id":"https:\/\/kengmingcn.com\/#website","url":"https:\/\/kengmingcn.com\/","name":"K\u00fcchenausstattung","description":"KengMing is a professional commercial kitchen equipment manufacturer and wholesale supplier, offering cooking, food prep and bakery equipment with OEM &amp; ODM service for global distributors.","publisher":{"@id":"https:\/\/kengmingcn.com\/#organization"},"potentialAction":[{"@type":"SearchAction","target":{"@type":"EntryPoint","urlTemplate":"https:\/\/kengmingcn.com\/?s={search_term_string}"},"query-input":{"@type":"PropertyValueSpecification","valueRequired":true,"valueName":"search_term_string"}}],"inLanguage":"de"},{"@type":"Organization","@id":"https:\/\/kengmingcn.com\/#organization","name":"GuangZhou KengMing","url":"https:\/\/kengmingcn.com\/","logo":{"@type":"ImageObject","inLanguage":"de","@id":"https:\/\/kengmingcn.com\/#\/schema\/logo\/image\/","url":"https:\/\/kengmingcn.com\/wp-content\/uploads\/2025\/04\/cropped-1744508604969-removebg-preview.png","contentUrl":"https:\/\/kengmingcn.com\/wp-content\/uploads\/2025\/04\/cropped-1744508604969-removebg-preview.png","width":512,"height":512,"caption":"GuangZhou KengMing"},"image":{"@id":"https:\/\/kengmingcn.com\/#\/schema\/logo\/image\/"}}]},"product_price_amount":"0.00","product_price_currency":"USD","og_availability":"instock","product_availability":"instock","product_condition":"new"},"_links":{"self":[{"href":"https:\/\/kengmingcn.com\/de_de\/wp-json\/wp\/v2\/product\/52328","targetHints":{"allow":["GET"]}}],"collection":[{"href":"https:\/\/kengmingcn.com\/de_de\/wp-json\/wp\/v2\/product"}],"about":[{"href":"https:\/\/kengmingcn.com\/de_de\/wp-json\/wp\/v2\/types\/product"}],"replies":[{"embeddable":true,"href":"https:\/\/kengmingcn.com\/de_de\/wp-json\/wp\/v2\/comments?post=52328"}],"wp:featuredmedia":[{"embeddable":true,"href":"https:\/\/kengmingcn.com\/de_de\/wp-json\/wp\/v2\/media\/52329"}],"wp:attachment":[{"href":"https:\/\/kengmingcn.com\/de_de\/wp-json\/wp\/v2\/media?parent=52328"}],"wp:term":[{"taxonomy":"product_brand","embeddable":true,"href":"https:\/\/kengmingcn.com\/de_de\/wp-json\/wp\/v2\/product_brand?post=52328"},{"taxonomy":"product_cat","embeddable":true,"href":"https:\/\/kengmingcn.com\/de_de\/wp-json\/wp\/v2\/product_cat?post=52328"},{"taxonomy":"product_tag","embeddable":true,"href":"https:\/\/kengmingcn.com\/de_de\/wp-json\/wp\/v2\/product_tag?post=52328"}],"curies":[{"name":"wp","href":"https:\/\/api.w.org\/{rel}","templated":true}]}}