{"id":52268,"date":"2025-11-24T15:46:19","date_gmt":"2025-11-24T07:46:19","guid":{"rendered":"https:\/\/kengmingcn.com\/?post_type=product&#038;p=52268"},"modified":"2025-12-19T15:18:58","modified_gmt":"2025-12-19T07:18:58","slug":"eiszapfenmaschine-mit-4-fassern","status":"publish","type":"product","link":"https:\/\/kengmingcn.com\/de_de\/product\/eiszapfenmaschine-mit-4-fassern\/","title":{"rendered":"4-Fass-Eiszapfen-Maschine"},"content":{"rendered":"<p class=\"ai-optimize-29 ai-optimize-introduction\">F\u00fcllen Sie die vorbereiteten Zutaten in 4 Eisk\u00fcbel und lassen Sie sie 5-8 Stunden lang stehen. Dann das Eis mit einem Eissch\u00e4ler schaben.<\/p>\n<p class=\"ai-optimize-31\">Pr\u00e4zise automatische Temperaturregelung: stoppt den Betrieb nach Erreichen der eingestellten Mindesttemperatur; nimmt den Betrieb automatisch wieder auf, wenn die Temperaturdifferenz zur eingestellten Systemtemperatur zur\u00fcckkehrt.<\/p>\n<p><img decoding=\"async\" class=\"alignnone size-full wp-image-52282\" src=\"https:\/\/kengmingcn.com\/wp-content\/uploads\/2025\/11\/4\u6876\u8be6\u60c5_01_1.webp\" alt=\"4-Fass-Eiszapfenmaschine\" width=\"790\" height=\"1053\" srcset=\"https:\/\/kengmingcn.com\/wp-content\/uploads\/2025\/11\/4\u6876\u8be6\u60c5_01_1.webp 790w, https:\/\/kengmingcn.com\/wp-content\/uploads\/2025\/11\/4\u6876\u8be6\u60c5_01_1-225x300.webp 225w, https:\/\/kengmingcn.com\/wp-content\/uploads\/2025\/11\/4\u6876\u8be6\u60c5_01_1-768x1024.webp 768w, https:\/\/kengmingcn.com\/wp-content\/uploads\/2025\/11\/4\u6876\u8be6\u60c5_01_1-9x12.webp 9w, https:\/\/kengmingcn.com\/wp-content\/uploads\/2025\/11\/4\u6876\u8be6\u60c5_01_1-600x800.webp 600w\" sizes=\"(max-width: 790px) 100vw, 790px\" \/><\/p>\n<p class=\"ai-optimize-40\">Die Zutaten werden in eine Eismaschine gegeben, gefroren und dann in einen Eisbereiter gegeben, um zu rasiertem Eis zu werden. Das ist das fertige rasierte Eis:<\/p>\n<p><img decoding=\"async\" class=\"alignnone size-full wp-image-52284\" src=\"https:\/\/kengmingcn.com\/wp-content\/uploads\/2025\/11\/4\u6876\u8be6\u60c5_03_3.webp\" alt=\"4-Fass-Eiszapfenmaschine\" width=\"790\" height=\"1097\" srcset=\"https:\/\/kengmingcn.com\/wp-content\/uploads\/2025\/11\/4\u6876\u8be6\u60c5_03_3.webp 790w, https:\/\/kengmingcn.com\/wp-content\/uploads\/2025\/11\/4\u6876\u8be6\u60c5_03_3-216x300.webp 216w, https:\/\/kengmingcn.com\/wp-content\/uploads\/2025\/11\/4\u6876\u8be6\u60c5_03_3-737x1024.webp 737w, https:\/\/kengmingcn.com\/wp-content\/uploads\/2025\/11\/4\u6876\u8be6\u60c5_03_3-768x1066.webp 768w, https:\/\/kengmingcn.com\/wp-content\/uploads\/2025\/11\/4\u6876\u8be6\u60c5_03_3-9x12.webp 9w\" sizes=\"(max-width: 790px) 100vw, 790px\" \/><\/p>\n<p class=\"ai-optimize-41\">Merkmale der Eiss\u00e4ulenmaschine:<\/p>\n<p><img decoding=\"async\" class=\"alignnone size-full wp-image-52285\" src=\"https:\/\/kengmingcn.com\/wp-content\/uploads\/2025\/11\/4\u6876\u8be6\u60c5_04_4.webp\" alt=\"4-Fass-Eiszapfenmaschine\" width=\"790\" height=\"678\" srcset=\"https:\/\/kengmingcn.com\/wp-content\/uploads\/2025\/11\/4\u6876\u8be6\u60c5_04_4.webp 790w, https:\/\/kengmingcn.com\/wp-content\/uploads\/2025\/11\/4\u6876\u8be6\u60c5_04_4-300x257.webp 300w, https:\/\/kengmingcn.com\/wp-content\/uploads\/2025\/11\/4\u6876\u8be6\u60c5_04_4-768x659.webp 768w, https:\/\/kengmingcn.com\/wp-content\/uploads\/2025\/11\/4\u6876\u8be6\u60c5_04_4-14x12.webp 14w\" sizes=\"(max-width: 790px) 100vw, 790px\" \/> <img decoding=\"async\" class=\"alignnone size-full wp-image-52286\" src=\"https:\/\/kengmingcn.com\/wp-content\/uploads\/2025\/11\/4\u6876\u8be6\u60c5_05_5.webp\" alt=\"4-Fass-Eiszapfenmaschine\" width=\"790\" height=\"1180\" srcset=\"https:\/\/kengmingcn.com\/wp-content\/uploads\/2025\/11\/4\u6876\u8be6\u60c5_05_5.webp 790w, https:\/\/kengmingcn.com\/wp-content\/uploads\/2025\/11\/4\u6876\u8be6\u60c5_05_5-201x300.webp 201w, https:\/\/kengmingcn.com\/wp-content\/uploads\/2025\/11\/4\u6876\u8be6\u60c5_05_5-686x1024.webp 686w, https:\/\/kengmingcn.com\/wp-content\/uploads\/2025\/11\/4\u6876\u8be6\u60c5_05_5-768x1147.webp 768w, https:\/\/kengmingcn.com\/wp-content\/uploads\/2025\/11\/4\u6876\u8be6\u60c5_05_5-8x12.webp 8w\" sizes=\"(max-width: 790px) 100vw, 790px\" \/> <img decoding=\"async\" class=\"alignnone size-full wp-image-52287\" src=\"https:\/\/kengmingcn.com\/wp-content\/uploads\/2025\/11\/4\u6876\u8be6\u60c5_06_6.webp\" alt=\"Eiszapfenmaschine\" width=\"790\" height=\"624\" srcset=\"https:\/\/kengmingcn.com\/wp-content\/uploads\/2025\/11\/4\u6876\u8be6\u60c5_06_6.webp 790w, https:\/\/kengmingcn.com\/wp-content\/uploads\/2025\/11\/4\u6876\u8be6\u60c5_06_6-300x237.webp 300w, https:\/\/kengmingcn.com\/wp-content\/uploads\/2025\/11\/4\u6876\u8be6\u60c5_06_6-768x607.webp 768w, https:\/\/kengmingcn.com\/wp-content\/uploads\/2025\/11\/4\u6876\u8be6\u60c5_06_6-15x12.webp 15w\" sizes=\"(max-width: 790px) 100vw, 790px\" \/><\/p>\n<p class=\"ai-optimize-37\">Die Kondensatorrohre der Eiss\u00e4ulenmaschine sind aus rostfreiem Stahl gefertigt.<\/p>\n<p><img decoding=\"async\" class=\"alignnone size-full wp-image-52288\" src=\"https:\/\/kengmingcn.com\/wp-content\/uploads\/2025\/11\/4\u6876\u8be6\u60c5_07_7.webp\" alt=\"4-Fass-Eiszapfenmaschine\" width=\"790\" height=\"912\" srcset=\"https:\/\/kengmingcn.com\/wp-content\/uploads\/2025\/11\/4\u6876\u8be6\u60c5_07_7.webp 790w, https:\/\/kengmingcn.com\/wp-content\/uploads\/2025\/11\/4\u6876\u8be6\u60c5_07_7-260x300.webp 260w, https:\/\/kengmingcn.com\/wp-content\/uploads\/2025\/11\/4\u6876\u8be6\u60c5_07_7-768x887.webp 768w, https:\/\/kengmingcn.com\/wp-content\/uploads\/2025\/11\/4\u6876\u8be6\u60c5_07_7-10x12.webp 10w\" sizes=\"(max-width: 790px) 100vw, 790px\" \/><\/p>\n<p class=\"ai-optimize-36\">Schematische Darstellung des Bedienfelds der Eiss\u00e4ulenmaschine:<\/p>\n<p><img decoding=\"async\" class=\"alignnone size-full wp-image-52289\" src=\"https:\/\/kengmingcn.com\/wp-content\/uploads\/2025\/11\/4\u6876\u8be6\u60c5_08_8.webp\" alt=\"4-Fass-Eiszapfenmaschine\" width=\"790\" height=\"1067\" srcset=\"https:\/\/kengmingcn.com\/wp-content\/uploads\/2025\/11\/4\u6876\u8be6\u60c5_08_8.webp 790w, https:\/\/kengmingcn.com\/wp-content\/uploads\/2025\/11\/4\u6876\u8be6\u60c5_08_8-222x300.webp 222w, https:\/\/kengmingcn.com\/wp-content\/uploads\/2025\/11\/4\u6876\u8be6\u60c5_08_8-758x1024.webp 758w, https:\/\/kengmingcn.com\/wp-content\/uploads\/2025\/11\/4\u6876\u8be6\u60c5_08_8-768x1037.webp 768w, https:\/\/kengmingcn.com\/wp-content\/uploads\/2025\/11\/4\u6876\u8be6\u60c5_08_8-9x12.webp 9w\" sizes=\"(max-width: 790px) 100vw, 790px\" \/><\/p>\n<p class=\"ai-optimize-35\">Icicle machine parts indicator diagram:<\/p>\n<p><img decoding=\"async\" class=\"alignnone size-full wp-image-52290\" src=\"https:\/\/kengmingcn.com\/wp-content\/uploads\/2025\/11\/4\u6876\u8be6\u60c5_09_9.webp\" alt=\"4-Fass-Eiszapfenmaschine\" width=\"790\" height=\"561\" srcset=\"https:\/\/kengmingcn.com\/wp-content\/uploads\/2025\/11\/4\u6876\u8be6\u60c5_09_9.webp 790w, https:\/\/kengmingcn.com\/wp-content\/uploads\/2025\/11\/4\u6876\u8be6\u60c5_09_9-300x213.webp 300w, https:\/\/kengmingcn.com\/wp-content\/uploads\/2025\/11\/4\u6876\u8be6\u60c5_09_9-768x545.webp 768w, https:\/\/kengmingcn.com\/wp-content\/uploads\/2025\/11\/4\u6876\u8be6\u60c5_09_9-18x12.webp 18w\" sizes=\"(max-width: 790px) 100vw, 790px\" \/><\/p>\n<p><img decoding=\"async\" class=\"alignnone size-full wp-image-52291\" src=\"https:\/\/kengmingcn.com\/wp-content\/uploads\/2025\/11\/4\u6876\u8be6\u60c5_10_10.webp\" alt=\"4-Fass-Eiszapfenmaschine\" width=\"790\" height=\"768\" srcset=\"https:\/\/kengmingcn.com\/wp-content\/uploads\/2025\/11\/4\u6876\u8be6\u60c5_10_10.webp 790w, https:\/\/kengmingcn.com\/wp-content\/uploads\/2025\/11\/4\u6876\u8be6\u60c5_10_10-300x292.webp 300w, https:\/\/kengmingcn.com\/wp-content\/uploads\/2025\/11\/4\u6876\u8be6\u60c5_10_10-768x747.webp 768w, https:\/\/kengmingcn.com\/wp-content\/uploads\/2025\/11\/4\u6876\u8be6\u60c5_10_10-12x12.webp 12w\" sizes=\"(max-width: 790px) 100vw, 790px\" \/><\/p>\n<p class=\"ai-optimize-33\">Vergleich von Bildern verschiedener Eiszapfenmaschinenmodelle:<\/p>\n<p>&nbsp;<\/p>\n<p>&nbsp;<\/p>\n<p><img decoding=\"async\" class=\"alignnone size-full wp-image-52292\" src=\"https:\/\/kengmingcn.com\/wp-content\/uploads\/2025\/11\/4\u6876\u8be6\u60c5_11_11.webp\" alt=\"Eiszapfenmaschine\" width=\"790\" height=\"1066\" srcset=\"https:\/\/kengmingcn.com\/wp-content\/uploads\/2025\/11\/4\u6876\u8be6\u60c5_11_11.webp 790w, https:\/\/kengmingcn.com\/wp-content\/uploads\/2025\/11\/4\u6876\u8be6\u60c5_11_11-222x300.webp 222w, https:\/\/kengmingcn.com\/wp-content\/uploads\/2025\/11\/4\u6876\u8be6\u60c5_11_11-759x1024.webp 759w, https:\/\/kengmingcn.com\/wp-content\/uploads\/2025\/11\/4\u6876\u8be6\u60c5_11_11-768x1036.webp 768w, https:\/\/kengmingcn.com\/wp-content\/uploads\/2025\/11\/4\u6876\u8be6\u60c5_11_11-9x12.webp 9w\" sizes=\"(max-width: 790px) 100vw, 790px\" \/><\/p>\n<p class=\"ai-optimize-34\">Eishobel Kategorie Seite: <a href=\"https:\/\/kengmingcn.com\/de_de\/product-category\/kommerzielle-rasiereismaschine\/\">Shaved Ice Machie (Zum Springen hier klicken)<\/a><\/p>\n<p><img decoding=\"async\" class=\"alignnone size-full wp-image-52293\" src=\"https:\/\/kengmingcn.com\/wp-content\/uploads\/2025\/11\/4\u6876\u8be6\u60c5_12_12.webp\" alt=\"Maschine f\u00fcr rasiertes Eis\" width=\"790\" height=\"481\" srcset=\"https:\/\/kengmingcn.com\/wp-content\/uploads\/2025\/11\/4\u6876\u8be6\u60c5_12_12.webp 790w, https:\/\/kengmingcn.com\/wp-content\/uploads\/2025\/11\/4\u6876\u8be6\u60c5_12_12-300x183.webp 300w, https:\/\/kengmingcn.com\/wp-content\/uploads\/2025\/11\/4\u6876\u8be6\u60c5_12_12-768x468.webp 768w, https:\/\/kengmingcn.com\/wp-content\/uploads\/2025\/11\/4\u6876\u8be6\u60c5_12_12-18x12.webp 18w\" sizes=\"(max-width: 790px) 100vw, 790px\" \/><\/p>","protected":false},"excerpt":{"rendered":"<ul>\n<li class=\"ai-optimize-43\">Leistung: 660W<\/li>\n<li class=\"ai-optimize-44\">Rohmaterialien: Obst\/Joghurt\/Getr\u00e4nke\/Eiscreme<\/li>\n<li class=\"ai-optimize-45\">Wichtigste Verkaufsargumente: Kann in einer Vielzahl von Geschmacksrichtungen hergestellt werden<\/li>\n<li class=\"ai-optimize-46\">Kapazit\u00e4t: 4 Eisk\u00fcbel<\/li>\n<li class=\"ai-optimize-47\">Methode der Eisherstellung: Kompressor-K\u00fchlung<\/li>\n<\/ul>","protected":false},"featured_media":52266,"comment_status":"open","ping_status":"closed","template":"","meta":{"_acf_changed":false},"product_brand":[],"product_cat":[249],"product_tag":[],"class_list":{"0":"post-52268","1":"product","2":"type-product","3":"status-publish","4":"has-post-thumbnail","6":"product_cat-icicle-and-shaved-ice-machine","7":"description-off","9":"first","10":"instock","11":"shipping-taxable","12":"product-type-simple"},"acf":[],"yoast_head":"<!-- This site is optimized with the Yoast SEO Premium plugin v25.3 (Yoast SEO v26.3) - https:\/\/yoast.com\/wordpress\/plugins\/seo\/ -->\n<title>icicle machine Freezing food ingredients into ice pillarsKengMing | Manufacturer of Commercial Kitchen Equipment<\/title>\n<meta name=\"description\" content=\"icicle machine, pour the raw materials into the container and let them freeze into ice pillars for 5-8 hours. Then use an ice shaver to scrape out shaved ice.\" \/>\n<meta name=\"robots\" content=\"index, follow, max-snippet:-1, max-image-preview:large, max-video-preview:-1\" \/>\n<link rel=\"canonical\" href=\"https:\/\/kengmingcn.com\/de_de\/product\/eiszapfenmaschine-mit-4-fassern\/\" \/>\n<meta property=\"og:locale\" content=\"de_DE\" \/>\n<meta property=\"og:type\" content=\"article\" \/>\n<meta property=\"og:title\" content=\"4-barrel icicle Machine\" \/>\n<meta property=\"og:description\" content=\"icicle machine, pour the raw materials into the container and let them freeze into ice pillars for 5-8 hours. Then use an ice shaver to scrape out shaved ice.\" \/>\n<meta property=\"og:url\" content=\"https:\/\/kengmingcn.com\/de_de\/product\/eiszapfenmaschine-mit-4-fassern\/\" \/>\n<meta property=\"og:site_name\" content=\"KengMing | Manufacturer of Commercial Kitchen Equipment\" \/>\n<meta property=\"article:modified_time\" content=\"2025-12-19T07:18:58+00:00\" \/>\n<meta property=\"og:image\" content=\"https:\/\/kengmingcn.com\/wp-content\/uploads\/2025\/11\/4-barrel-icicle-machine.webp\" \/>\n\t<meta property=\"og:image:width\" content=\"800\" \/>\n\t<meta property=\"og:image:height\" content=\"800\" \/>\n\t<meta property=\"og:image:type\" content=\"image\/webp\" \/>\n<meta name=\"twitter:card\" content=\"summary_large_image\" \/>\n<meta name=\"twitter:label1\" content=\"Preis\" \/>\n\t<meta name=\"twitter:data1\" content=\"\" \/>\n\t<meta name=\"twitter:label2\" content=\"Verf\u00fcgbarkeit\" \/>\n\t<meta name=\"twitter:data2\" content=\"Auf Lager\" \/>\n<script type=\"application\/ld+json\" class=\"yoast-schema-graph\">{\"@context\":\"https:\/\/schema.org\",\"@graph\":[{\"@type\":\"WebPage\",\"@id\":\"https:\/\/kengmingcn.com\/fr\/product\/machine-a-glacons-a-4-barils\/\",\"url\":\"https:\/\/kengmingcn.com\/fr\/product\/machine-a-glacons-a-4-barils\/\",\"name\":\"icicle machine Freezing food ingredients into ice pillarsKengMing | Manufacturer of Commercial Kitchen Equipment\",\"isPartOf\":{\"@id\":\"https:\/\/kengmingcn.com\/#website\"},\"primaryImageOfPage\":{\"@id\":\"https:\/\/kengmingcn.com\/fr\/product\/machine-a-glacons-a-4-barils\/#primaryimage\"},\"image\":{\"@id\":\"https:\/\/kengmingcn.com\/fr\/product\/machine-a-glacons-a-4-barils\/#primaryimage\"},\"thumbnailUrl\":\"https:\/\/kengmingcn.com\/wp-content\/uploads\/2025\/11\/4-barrel-icicle-machine.webp\",\"datePublished\":\"2025-11-24T07:46:19+00:00\",\"dateModified\":\"2025-12-19T07:18:58+00:00\",\"description\":\"icicle machine, pour the raw materials into the container and let them freeze into ice pillars for 5-8 hours. Then use an ice shaver to scrape out shaved ice.\",\"breadcrumb\":{\"@id\":\"https:\/\/kengmingcn.com\/fr\/product\/machine-a-glacons-a-4-barils\/#breadcrumb\"},\"inLanguage\":\"de\",\"potentialAction\":[{\"@type\":\"ReadAction\",\"target\":[\"https:\/\/kengmingcn.com\/fr\/product\/machine-a-glacons-a-4-barils\/\"]}]},{\"@type\":\"ImageObject\",\"inLanguage\":\"de\",\"@id\":\"https:\/\/kengmingcn.com\/fr\/product\/machine-a-glacons-a-4-barils\/#primaryimage\",\"url\":\"https:\/\/kengmingcn.com\/wp-content\/uploads\/2025\/11\/4-barrel-icicle-machine.webp\",\"contentUrl\":\"https:\/\/kengmingcn.com\/wp-content\/uploads\/2025\/11\/4-barrel-icicle-machine.webp\",\"width\":800,\"height\":800,\"caption\":\"4-barrel icicle machine\"},{\"@type\":\"BreadcrumbList\",\"@id\":\"https:\/\/kengmingcn.com\/fr\/product\/machine-a-glacons-a-4-barils\/#breadcrumb\",\"itemListElement\":[{\"@type\":\"ListItem\",\"position\":1,\"name\":\"Home\",\"item\":\"https:\/\/kengmingcn.com\/\"},{\"@type\":\"ListItem\",\"position\":2,\"name\":\"Catalogue\",\"item\":\"https:\/\/kengmingcn.com\/?page_id=27131\"},{\"@type\":\"ListItem\",\"position\":3,\"name\":\"4-barrel icicle Machine\"}]},{\"@type\":\"WebSite\",\"@id\":\"https:\/\/kengmingcn.com\/#website\",\"url\":\"https:\/\/kengmingcn.com\/\",\"name\":\"Kitchen Equipment\",\"description\":\"KengMing is a professional commercial kitchen equipment manufacturer and wholesale supplier, offering cooking, food prep and bakery equipment with OEM &amp; ODM service for global distributors.\",\"publisher\":{\"@id\":\"https:\/\/kengmingcn.com\/#organization\"},\"potentialAction\":[{\"@type\":\"SearchAction\",\"target\":{\"@type\":\"EntryPoint\",\"urlTemplate\":\"https:\/\/kengmingcn.com\/?s={search_term_string}\"},\"query-input\":{\"@type\":\"PropertyValueSpecification\",\"valueRequired\":true,\"valueName\":\"search_term_string\"}}],\"inLanguage\":\"de\"},{\"@type\":\"Organization\",\"@id\":\"https:\/\/kengmingcn.com\/#organization\",\"name\":\"GuangZhou KengMing\",\"url\":\"https:\/\/kengmingcn.com\/\",\"logo\":{\"@type\":\"ImageObject\",\"inLanguage\":\"de\",\"@id\":\"https:\/\/kengmingcn.com\/#\/schema\/logo\/image\/\",\"url\":\"https:\/\/kengmingcn.com\/wp-content\/uploads\/2025\/04\/cropped-1744508604969-removebg-preview.png\",\"contentUrl\":\"https:\/\/kengmingcn.com\/wp-content\/uploads\/2025\/04\/cropped-1744508604969-removebg-preview.png\",\"width\":512,\"height\":512,\"caption\":\"GuangZhou KengMing\"},\"image\":{\"@id\":\"https:\/\/kengmingcn.com\/#\/schema\/logo\/image\/\"}}]}<\/script>\n<meta property=\"product:price:amount\" content=\"0.00\" \/>\n<meta property=\"product:price:currency\" content=\"USD\" \/>\n<meta property=\"og:availability\" content=\"instock\" \/>\n<meta property=\"product:availability\" content=\"instock\" \/>\n<meta property=\"product:condition\" content=\"new\" \/>\n<!-- \/ Yoast SEO Premium plugin. -->","yoast_head_json":{"title":"Eiszapfenmaschine Einfrieren von Lebensmittelzutaten zu Eiss\u00e4ulenKengMing | Hersteller von Gro\u00dfk\u00fcchenger\u00e4ten","description":"Eiszapfenmaschine, f\u00fcllen Sie die Rohstoffe in den Beh\u00e4lter und lassen Sie sie 5-8 Stunden lang zu Eiss\u00e4ulen gefrieren. Dann mit einem Eishobel das rasierte Eis herauskratzen.","robots":{"index":"index","follow":"follow","max-snippet":"max-snippet:-1","max-image-preview":"max-image-preview:large","max-video-preview":"max-video-preview:-1"},"canonical":"https:\/\/kengmingcn.com\/de_de\/product\/eiszapfenmaschine-mit-4-fassern\/","og_locale":"de_DE","og_type":"article","og_title":"4-barrel icicle Machine","og_description":"icicle machine, pour the raw materials into the container and let them freeze into ice pillars for 5-8 hours. Then use an ice shaver to scrape out shaved ice.","og_url":"https:\/\/kengmingcn.com\/de_de\/product\/eiszapfenmaschine-mit-4-fassern\/","og_site_name":"KengMing | Manufacturer of Commercial Kitchen Equipment","article_modified_time":"2025-12-19T07:18:58+00:00","og_image":[{"width":800,"height":800,"url":"https:\/\/kengmingcn.com\/wp-content\/uploads\/2025\/11\/4-barrel-icicle-machine.webp","type":"image\/webp"}],"twitter_card":"summary_large_image","twitter_misc":{"Preis":"","Verf\u00fcgbarkeit":"Auf Lager"},"schema":{"@context":"https:\/\/schema.org","@graph":[{"@type":"WebPage","@id":"https:\/\/kengmingcn.com\/fr\/product\/machine-a-glacons-a-4-barils\/","url":"https:\/\/kengmingcn.com\/fr\/product\/machine-a-glacons-a-4-barils\/","name":"Eiszapfenmaschine Einfrieren von Lebensmittelzutaten zu Eiss\u00e4ulenKengMing | Hersteller von Gro\u00dfk\u00fcchenger\u00e4ten","isPartOf":{"@id":"https:\/\/kengmingcn.com\/#website"},"primaryImageOfPage":{"@id":"https:\/\/kengmingcn.com\/fr\/product\/machine-a-glacons-a-4-barils\/#primaryimage"},"image":{"@id":"https:\/\/kengmingcn.com\/fr\/product\/machine-a-glacons-a-4-barils\/#primaryimage"},"thumbnailUrl":"https:\/\/kengmingcn.com\/wp-content\/uploads\/2025\/11\/4-barrel-icicle-machine.webp","datePublished":"2025-11-24T07:46:19+00:00","dateModified":"2025-12-19T07:18:58+00:00","description":"Eiszapfenmaschine, f\u00fcllen Sie die Rohstoffe in den Beh\u00e4lter und lassen Sie sie 5-8 Stunden lang zu Eiss\u00e4ulen gefrieren. Dann mit einem Eishobel das rasierte Eis herauskratzen.","breadcrumb":{"@id":"https:\/\/kengmingcn.com\/fr\/product\/machine-a-glacons-a-4-barils\/#breadcrumb"},"inLanguage":"de","potentialAction":[{"@type":"ReadAction","target":["https:\/\/kengmingcn.com\/fr\/product\/machine-a-glacons-a-4-barils\/"]}]},{"@type":"ImageObject","inLanguage":"de","@id":"https:\/\/kengmingcn.com\/fr\/product\/machine-a-glacons-a-4-barils\/#primaryimage","url":"https:\/\/kengmingcn.com\/wp-content\/uploads\/2025\/11\/4-barrel-icicle-machine.webp","contentUrl":"https:\/\/kengmingcn.com\/wp-content\/uploads\/2025\/11\/4-barrel-icicle-machine.webp","width":800,"height":800,"caption":"4-barrel icicle machine"},{"@type":"BreadcrumbList","@id":"https:\/\/kengmingcn.com\/fr\/product\/machine-a-glacons-a-4-barils\/#breadcrumb","itemListElement":[{"@type":"ListItem","position":1,"name":"Home","item":"https:\/\/kengmingcn.com\/"},{"@type":"ListItem","position":2,"name":"Catalogue","item":"https:\/\/kengmingcn.com\/?page_id=27131"},{"@type":"ListItem","position":3,"name":"4-barrel icicle Machine"}]},{"@type":"WebSite","@id":"https:\/\/kengmingcn.com\/#website","url":"https:\/\/kengmingcn.com\/","name":"K\u00fcchenausstattung","description":"KengMing is a professional commercial kitchen equipment manufacturer and wholesale supplier, offering cooking, food prep and bakery equipment with OEM &amp; ODM service for global distributors.","publisher":{"@id":"https:\/\/kengmingcn.com\/#organization"},"potentialAction":[{"@type":"SearchAction","target":{"@type":"EntryPoint","urlTemplate":"https:\/\/kengmingcn.com\/?s={search_term_string}"},"query-input":{"@type":"PropertyValueSpecification","valueRequired":true,"valueName":"search_term_string"}}],"inLanguage":"de"},{"@type":"Organization","@id":"https:\/\/kengmingcn.com\/#organization","name":"GuangZhou KengMing","url":"https:\/\/kengmingcn.com\/","logo":{"@type":"ImageObject","inLanguage":"de","@id":"https:\/\/kengmingcn.com\/#\/schema\/logo\/image\/","url":"https:\/\/kengmingcn.com\/wp-content\/uploads\/2025\/04\/cropped-1744508604969-removebg-preview.png","contentUrl":"https:\/\/kengmingcn.com\/wp-content\/uploads\/2025\/04\/cropped-1744508604969-removebg-preview.png","width":512,"height":512,"caption":"GuangZhou KengMing"},"image":{"@id":"https:\/\/kengmingcn.com\/#\/schema\/logo\/image\/"}}]},"product_price_amount":"0.00","product_price_currency":"USD","og_availability":"instock","product_availability":"instock","product_condition":"new"},"_links":{"self":[{"href":"https:\/\/kengmingcn.com\/de_de\/wp-json\/wp\/v2\/product\/52268","targetHints":{"allow":["GET"]}}],"collection":[{"href":"https:\/\/kengmingcn.com\/de_de\/wp-json\/wp\/v2\/product"}],"about":[{"href":"https:\/\/kengmingcn.com\/de_de\/wp-json\/wp\/v2\/types\/product"}],"replies":[{"embeddable":true,"href":"https:\/\/kengmingcn.com\/de_de\/wp-json\/wp\/v2\/comments?post=52268"}],"wp:featuredmedia":[{"embeddable":true,"href":"https:\/\/kengmingcn.com\/de_de\/wp-json\/wp\/v2\/media\/52266"}],"wp:attachment":[{"href":"https:\/\/kengmingcn.com\/de_de\/wp-json\/wp\/v2\/media?parent=52268"}],"wp:term":[{"taxonomy":"product_brand","embeddable":true,"href":"https:\/\/kengmingcn.com\/de_de\/wp-json\/wp\/v2\/product_brand?post=52268"},{"taxonomy":"product_cat","embeddable":true,"href":"https:\/\/kengmingcn.com\/de_de\/wp-json\/wp\/v2\/product_cat?post=52268"},{"taxonomy":"product_tag","embeddable":true,"href":"https:\/\/kengmingcn.com\/de_de\/wp-json\/wp\/v2\/product_tag?post=52268"}],"curies":[{"name":"wp","href":"https:\/\/api.w.org\/{rel}","templated":true}]}}