{"id":52140,"date":"2025-09-28T17:30:43","date_gmt":"2025-09-28T09:30:43","guid":{"rendered":"https:\/\/kengmingcn.com\/?post_type=product&#038;p=52140"},"modified":"2025-12-30T16:33:37","modified_gmt":"2025-12-30T08:33:37","slug":"69kg-24h-halbmondformige-eismaschine-modell-jmyy-70-mit-ce-zertifikat","status":"publish","type":"product","link":"https:\/\/kengmingcn.com\/de_de\/product\/69kg-24h-halbmondformige-eismaschine-modell-jmyy-70-mit-ce-zertifikat\/","title":{"rendered":"69kg\/24h Crescent Eismaschine, Modell JMYY-70 mit CE-Zertifikat"},"content":{"rendered":"<h2 class=\"wp-block-heading\" id=\"h-description\">Beschreibung<\/h2>\n\n\n\n<p>Die <strong>JMYY-70 Halbmond-Eismaschine<\/strong> liefert bis zu <strong>69 kg hochwertiges halbmondf\u00f6rmiges Eis pro 24 Stunden<\/strong>, mit einer gro\u00dfz\u00fcgigen <strong>64L Eisspeicher Kapazit\u00e4t<\/strong>, Damit ist er ideal f\u00fcr Umgebungen mit hoher Nachfrage wie Bars, Restaurants, Hotels und Getr\u00e4nkem\u00e4rkte. Mit einem robusten Geh\u00e4use aus Edelstahl und einem <strong>Smart Screen mit dynamischer Prozessanzeige<\/strong>, bietet diese Maschine sowohl zuverl\u00e4ssige Leistung als auch intuitive Bedienung in einem kompakten vertikalen Design (<strong>725\u00d7606\u00d71026mm<\/strong>).<\/p>\n\n\n\n<div style=\"height:30px\" aria-hidden=\"true\" class=\"wp-block-spacer\"><\/div>\n\n\n\n<figure class=\"wp-block-table is-style-stripes\"><table><thead><tr><th>Modell<\/th><th>JMYY-70<\/th><\/tr><\/thead><tbody><tr><td>OutPut<\/td><td>69kg\/24h (152lbs\/24h)<\/td><\/tr><tr><td>Strom<\/td><td>450w<\/td><\/tr><tr><td>Eislagerung<\/td><td>64L<\/td><\/tr><tr><td>K\u00fchlung Weg<\/td><td>Luftk\u00fchlung<\/td><\/tr><tr><td>Eis-Nummer<\/td><td>5x8x2 = 80<\/td><\/tr><tr><td>Gr\u00f6\u00dfe<\/td><td>725 x 606 x 1026mm<\/td><\/tr><tr><td>Nettogewicht<\/td><td>65kg\/143lbs<\/td><\/tr><\/tbody><\/table><\/figure>\n\n\n\n<div style=\"height:30px\" aria-hidden=\"true\" class=\"wp-block-spacer\"><\/div>\n\n\n\n<div class=\"wp-block-columns is-layout-flex wp-container-core-columns-is-layout-9d6595d7 wp-block-columns-is-layout-flex dt-cr-1\">\n<div class=\"wp-block-column is-layout-flow wp-block-column-is-layout-flow\">\n<h3 class=\"wp-block-heading has-medium-font-size\" id=\"h-high-capacity-crescent-ice-production\"><strong><strong>Crescent-Eisproduktion mit hoher Kapazit\u00e4t<\/strong><\/strong><\/h3>\n\n\n\n<p>Produziert bis zu <strong>69 kg Halbmond-Eis pro Tag<\/strong>, Ideal f\u00fcr Cocktails, Erfrischungsgetr\u00e4nke und Speisen, mit Eis, das langsam schmilzt und den Geschmack der Getr\u00e4nke bewahrt.<\/p>\n<\/div>\n\n\n\n<div class=\"wp-block-column is-layout-flow wp-block-column-is-layout-flow\">\n<h3 class=\"wp-block-heading has-medium-font-size\" id=\"h-large-ice-storage-bin\"><strong>Gro\u00dfer Eisvorratsbeh\u00e4lter<\/strong><\/h3>\n\n\n\n<p>Ausgestattet mit einem <strong>64L Speicherkapazit\u00e4t<\/strong>, Dadurch wird eine st\u00e4ndige Versorgung mit Eis w\u00e4hrend der Hauptgesch\u00e4ftszeiten gew\u00e4hrleistet.<\/p>\n<\/div>\n<\/div>\n\n\n\n<div style=\"height:30px\" aria-hidden=\"true\" class=\"wp-block-spacer\"><\/div>\n\n\n\n<div class=\"wp-block-columns is-layout-flex wp-container-core-columns-is-layout-9d6595d7 wp-block-columns-is-layout-flex dt-cr-2\">\n<div class=\"wp-block-column is-layout-flow wp-block-column-is-layout-flow\">\n<h3 class=\"wp-block-heading has-medium-font-size\" id=\"h-smart-screen-with-dynamic-display\"><strong><strong>Intelligenter Bildschirm mit dynamischer Anzeige<\/strong><\/strong><\/h3>\n\n\n\n<p>Die Echtzeitanzeige des Eisbereitungsprozesses und des Maschinenstatus erm\u00f6glicht eine einfache \u00dcberwachung und Bedienung.<br><\/p>\n<\/div>\n\n\n\n<div class=\"wp-block-column is-layout-flow wp-block-column-is-layout-flow\">\n<h3 class=\"wp-block-heading has-medium-font-size\" id=\"h-high-quality-stainless-steel-body\"><strong><strong>Hochwertiges Geh\u00e4use aus Edelstahl<\/strong><\/strong><\/h3>\n\n\n\n<p>Langlebig, korrosionsbest\u00e4ndig und leicht zu reinigen, erf\u00fcllt die Hygienestandards f\u00fcr gewerbliche Umgebungen.<\/p>\n<\/div>\n<\/div>\n\n\n\n<div style=\"height:30px\" aria-hidden=\"true\" class=\"wp-block-spacer\"><\/div>\n\n\n\n<div class=\"wp-block-columns is-layout-flex wp-container-core-columns-is-layout-9d6595d7 wp-block-columns-is-layout-flex dt-cr-3\">\n<div class=\"wp-block-column is-layout-flow wp-block-column-is-layout-flow\">\n<h3 class=\"wp-block-heading has-medium-font-size\" id=\"h-more-detail\">Mehr Details<\/h3>\n\n\n\n<figure class=\"wp-block-gallery has-nested-images columns-2 is-cropped wp-block-gallery-1 is-layout-flex wp-block-gallery-is-layout-flex\">\n<figure class=\"wp-block-image size-full\"><img decoding=\"async\" width=\"790\" height=\"700\" data-id=\"52132\" src=\"https:\/\/kengmingcn.com\/wp-content\/uploads\/2025\/09\/JMYY-40-\u8be6\u60c5_05_5.webp\" alt=\"JuanMing Mondsichel-Eismaschine\" class=\"wp-image-52132\" srcset=\"https:\/\/kengmingcn.com\/wp-content\/uploads\/2025\/09\/JMYY-40-\u8be6\u60c5_05_5.webp 790w, https:\/\/kengmingcn.com\/wp-content\/uploads\/2025\/09\/JMYY-40-\u8be6\u60c5_05_5-300x266.webp 300w, https:\/\/kengmingcn.com\/wp-content\/uploads\/2025\/09\/JMYY-40-\u8be6\u60c5_05_5-768x681.webp 768w, https:\/\/kengmingcn.com\/wp-content\/uploads\/2025\/09\/JMYY-40-\u8be6\u60c5_05_5-14x12.webp 14w\" sizes=\"(max-width: 790px) 100vw, 790px\" \/><\/figure>\n\n\n\n<figure class=\"wp-block-image size-full\"><img decoding=\"async\" width=\"800\" height=\"800\" data-id=\"52126\" src=\"https:\/\/kengmingcn.com\/wp-content\/uploads\/2025\/09\/5_9_11zon.webp\" alt=\"JuanMing Mondsichel-Eismaschine\" class=\"wp-image-52126\" srcset=\"https:\/\/kengmingcn.com\/wp-content\/uploads\/2025\/09\/5_9_11zon.webp 800w, https:\/\/kengmingcn.com\/wp-content\/uploads\/2025\/09\/5_9_11zon-300x300.webp 300w, https:\/\/kengmingcn.com\/wp-content\/uploads\/2025\/09\/5_9_11zon-150x150.webp 150w, https:\/\/kengmingcn.com\/wp-content\/uploads\/2025\/09\/5_9_11zon-768x768.webp 768w, https:\/\/kengmingcn.com\/wp-content\/uploads\/2025\/09\/5_9_11zon-12x12.webp 12w, https:\/\/kengmingcn.com\/wp-content\/uploads\/2025\/09\/5_9_11zon-200x200.webp 200w\" sizes=\"(max-width: 800px) 100vw, 800px\" \/><\/figure>\n\n\n\n<figure class=\"wp-block-image size-full\"><img decoding=\"async\" width=\"800\" height=\"800\" data-id=\"52125\" src=\"https:\/\/kengmingcn.com\/wp-content\/uploads\/2025\/09\/4_8_11zon.webp\" alt=\"JuanMing Mondsichel-Eismaschine\" class=\"wp-image-52125\" srcset=\"https:\/\/kengmingcn.com\/wp-content\/uploads\/2025\/09\/4_8_11zon.webp 800w, https:\/\/kengmingcn.com\/wp-content\/uploads\/2025\/09\/4_8_11zon-300x300.webp 300w, https:\/\/kengmingcn.com\/wp-content\/uploads\/2025\/09\/4_8_11zon-150x150.webp 150w, https:\/\/kengmingcn.com\/wp-content\/uploads\/2025\/09\/4_8_11zon-768x768.webp 768w, https:\/\/kengmingcn.com\/wp-content\/uploads\/2025\/09\/4_8_11zon-12x12.webp 12w, https:\/\/kengmingcn.com\/wp-content\/uploads\/2025\/09\/4_8_11zon-200x200.webp 200w\" sizes=\"(max-width: 800px) 100vw, 800px\" \/><\/figure>\n\n\n\n<figure class=\"wp-block-image size-full\"><img decoding=\"async\" width=\"800\" height=\"800\" data-id=\"52124\" src=\"https:\/\/kengmingcn.com\/wp-content\/uploads\/2025\/09\/3_7_11zon.webp\" alt=\"JuanMing Mondsichel-Eismaschine\" class=\"wp-image-52124\" srcset=\"https:\/\/kengmingcn.com\/wp-content\/uploads\/2025\/09\/3_7_11zon.webp 800w, https:\/\/kengmingcn.com\/wp-content\/uploads\/2025\/09\/3_7_11zon-300x300.webp 300w, https:\/\/kengmingcn.com\/wp-content\/uploads\/2025\/09\/3_7_11zon-150x150.webp 150w, https:\/\/kengmingcn.com\/wp-content\/uploads\/2025\/09\/3_7_11zon-768x768.webp 768w, https:\/\/kengmingcn.com\/wp-content\/uploads\/2025\/09\/3_7_11zon-12x12.webp 12w, https:\/\/kengmingcn.com\/wp-content\/uploads\/2025\/09\/3_7_11zon-200x200.webp 200w\" sizes=\"(max-width: 800px) 100vw, 800px\" \/><\/figure>\n\n\n\n<figure class=\"wp-block-image size-full\"><img decoding=\"async\" width=\"800\" height=\"800\" data-id=\"52123\" src=\"https:\/\/kengmingcn.com\/wp-content\/uploads\/2025\/09\/2_6_11zon.webp\" alt=\"\" class=\"wp-image-52123\" srcset=\"https:\/\/kengmingcn.com\/wp-content\/uploads\/2025\/09\/2_6_11zon.webp 800w, https:\/\/kengmingcn.com\/wp-content\/uploads\/2025\/09\/2_6_11zon-300x300.webp 300w, https:\/\/kengmingcn.com\/wp-content\/uploads\/2025\/09\/2_6_11zon-150x150.webp 150w, https:\/\/kengmingcn.com\/wp-content\/uploads\/2025\/09\/2_6_11zon-768x768.webp 768w, https:\/\/kengmingcn.com\/wp-content\/uploads\/2025\/09\/2_6_11zon-12x12.webp 12w, https:\/\/kengmingcn.com\/wp-content\/uploads\/2025\/09\/2_6_11zon-200x200.webp 200w\" sizes=\"(max-width: 800px) 100vw, 800px\" \/><\/figure>\n\n\n\n<figure class=\"wp-block-image size-full\"><img decoding=\"async\" width=\"790\" height=\"989\" data-id=\"52136\" src=\"https:\/\/kengmingcn.com\/wp-content\/uploads\/2025\/09\/JMYY-40-\u8be6\u60c5_09_9.webp\" alt=\"JuanMing Mondsichel-Eismaschine\" class=\"wp-image-52136\" srcset=\"https:\/\/kengmingcn.com\/wp-content\/uploads\/2025\/09\/JMYY-40-\u8be6\u60c5_09_9.webp 790w, https:\/\/kengmingcn.com\/wp-content\/uploads\/2025\/09\/JMYY-40-\u8be6\u60c5_09_9-240x300.webp 240w, https:\/\/kengmingcn.com\/wp-content\/uploads\/2025\/09\/JMYY-40-\u8be6\u60c5_09_9-768x961.webp 768w, https:\/\/kengmingcn.com\/wp-content\/uploads\/2025\/09\/JMYY-40-\u8be6\u60c5_09_9-10x12.webp 10w\" sizes=\"(max-width: 790px) 100vw, 790px\" \/><\/figure>\n<\/figure>\n<\/div>\n<\/div>\n\n\n\n<div class=\"wp-block-columns is-layout-flex wp-container-core-columns-is-layout-9d6595d7 wp-block-columns-is-layout-flex dt-cr-4\">\n<div class=\"wp-block-column is-layout-flow wp-block-column-is-layout-flow\">\n<div style=\"height:30px\" aria-hidden=\"true\" class=\"wp-block-spacer\"><\/div>\n\n\n\n<h3 class=\"wp-block-heading\" id=\"h-why-choose-us\">Warum uns w\u00e4hlen?<\/h3>\n\n\n\n<p>Der auf Effizienz und langfristige Stabilit\u00e4t ausgelegte <strong>JMYY-70<\/strong> ist mit einem leistungsstarken Kompressor und einem fortschrittlichen K\u00fchlersystem ausgestattet, um eine schnelle K\u00fchlung und eine kontinuierliche Eisproduktion zu gew\u00e4hrleisten. Die hygienische Edelstahlkonstruktion, die benutzerfreundliche intelligente Schnittstelle und die platzsparende Stellfl\u00e4che machen ihn zu einer zuverl\u00e4ssigen Wahl f\u00fcr gewerbliche Anwendungen, die den ganzen Tag \u00fcber gleichbleibend hochwertiges Halbmond-Eis ben\u00f6tigen.<\/p>\n<\/div>\n<\/div>","protected":false},"excerpt":{"rendered":"<ul>\n<li class=\"ai-optimize-27\">\n<div class=\"paragraph\">Leistung: 450W<\/div>\n<\/li>\n<li class=\"ai-optimize-28\">\n<div class=\"paragraph\">Eisproduktion: 69KG\/24H<\/div>\n<\/li>\n<li class=\"ai-optimize-34\">Eis-Speicher: 64L<\/li>\n<li class=\"ai-optimize-35\">Eisnummer: 5x8x2<\/li>\n<\/ul>","protected":false},"featured_media":52890,"comment_status":"open","ping_status":"closed","template":"","meta":{"_acf_changed":false},"product_brand":[],"product_cat":[246,275],"product_tag":[],"class_list":{"0":"post-52140","1":"product","2":"type-product","3":"status-publish","4":"has-post-thumbnail","6":"product_cat-ice-maker","7":"product_cat-refrigeration-equipment","8":"description-off","10":"first","11":"instock","12":"shipping-taxable","13":"product-type-simple"},"acf":[],"yoast_head":"<!-- This site is optimized with the Yoast SEO Premium plugin v25.3 (Yoast SEO v26.3) - https:\/\/yoast.com\/wordpress\/plugins\/seo\/ -->\n<title>69kg\/24h Crescent Ice Machine, Model JMYY-70 with CE Certificate - KengMing | Manufacturer of Commercial Kitchen Equipment<\/title>\n<meta name=\"description\" content=\"CE certified 69kg\/24h Crescent Ice Machine JMYY-70! Efficient ice making suitable for beverage and convenience stores, with crescent shaped ice that is easy to use and stable output to meet daily ice needs!\" \/>\n<meta name=\"robots\" content=\"index, follow, max-snippet:-1, max-image-preview:large, max-video-preview:-1\" \/>\n<link rel=\"canonical\" href=\"https:\/\/kengmingcn.com\/de_de\/product\/69kg-24h-halbmondformige-eismaschine-modell-jmyy-70-mit-ce-zertifikat\/\" \/>\n<meta property=\"og:locale\" content=\"de_DE\" \/>\n<meta property=\"og:type\" content=\"article\" \/>\n<meta property=\"og:title\" content=\"69kg\/24h Crescent Ice Machine, Model JMYY-70 with CE Certificate\" \/>\n<meta property=\"og:description\" content=\"CE certified 69kg\/24h Crescent Ice Machine JMYY-70! Efficient ice making suitable for beverage and convenience stores, with crescent shaped ice that is easy to use and stable output to meet daily ice needs!\" \/>\n<meta property=\"og:url\" content=\"https:\/\/kengmingcn.com\/de_de\/product\/69kg-24h-halbmondformige-eismaschine-modell-jmyy-70-mit-ce-zertifikat\/\" \/>\n<meta property=\"og:site_name\" content=\"KengMing | Manufacturer of Commercial Kitchen Equipment\" \/>\n<meta property=\"article:modified_time\" content=\"2025-12-30T08:33:37+00:00\" \/>\n<meta property=\"og:image\" content=\"https:\/\/kengmingcn.com\/wp-content\/uploads\/2025\/09\/JMYY-70_2_11zon.webp\" \/>\n\t<meta property=\"og:image:width\" content=\"800\" \/>\n\t<meta property=\"og:image:height\" content=\"800\" \/>\n\t<meta property=\"og:image:type\" content=\"image\/webp\" \/>\n<meta name=\"twitter:card\" content=\"summary_large_image\" \/>\n<meta name=\"twitter:label1\" content=\"Preis\" \/>\n\t<meta name=\"twitter:data1\" content=\"\" \/>\n\t<meta name=\"twitter:label2\" content=\"Verf\u00fcgbarkeit\" \/>\n\t<meta name=\"twitter:data2\" content=\"Auf Lager\" \/>\n<script type=\"application\/ld+json\" class=\"yoast-schema-graph\">{\"@context\":\"https:\/\/schema.org\",\"@graph\":[{\"@type\":\"WebPage\",\"@id\":\"https:\/\/kengmingcn.com\/ar\/product\/%d8%a2%d9%84%d8%a9-%d8%b5%d9%86%d8%b9-%d8%a7%d9%84%d8%ab%d9%84%d8%ac-%d8%a7%d9%84%d9%87%d9%84%d8%a7%d9%84%d9%8a%d8%a9-%d8%b3%d8%b9%d8%a9-69-%d9%83%d8%ac%d9%85-24-%d8%b3%d8%a7%d8%b9%d8%a9-%d9%85%d9%88\/\",\"url\":\"https:\/\/kengmingcn.com\/ar\/product\/%d8%a2%d9%84%d8%a9-%d8%b5%d9%86%d8%b9-%d8%a7%d9%84%d8%ab%d9%84%d8%ac-%d8%a7%d9%84%d9%87%d9%84%d8%a7%d9%84%d9%8a%d8%a9-%d8%b3%d8%b9%d8%a9-69-%d9%83%d8%ac%d9%85-24-%d8%b3%d8%a7%d8%b9%d8%a9-%d9%85%d9%88\/\",\"name\":\"69kg\/24h Crescent Ice Machine, Model JMYY-70 with CE Certificate - KengMing | Manufacturer of Commercial Kitchen Equipment\",\"isPartOf\":{\"@id\":\"https:\/\/kengmingcn.com\/#website\"},\"primaryImageOfPage\":{\"@id\":\"https:\/\/kengmingcn.com\/ar\/product\/%d8%a2%d9%84%d8%a9-%d8%b5%d9%86%d8%b9-%d8%a7%d9%84%d8%ab%d9%84%d8%ac-%d8%a7%d9%84%d9%87%d9%84%d8%a7%d9%84%d9%8a%d8%a9-%d8%b3%d8%b9%d8%a9-69-%d9%83%d8%ac%d9%85-24-%d8%b3%d8%a7%d8%b9%d8%a9-%d9%85%d9%88\/#primaryimage\"},\"image\":{\"@id\":\"https:\/\/kengmingcn.com\/ar\/product\/%d8%a2%d9%84%d8%a9-%d8%b5%d9%86%d8%b9-%d8%a7%d9%84%d8%ab%d9%84%d8%ac-%d8%a7%d9%84%d9%87%d9%84%d8%a7%d9%84%d9%8a%d8%a9-%d8%b3%d8%b9%d8%a9-69-%d9%83%d8%ac%d9%85-24-%d8%b3%d8%a7%d8%b9%d8%a9-%d9%85%d9%88\/#primaryimage\"},\"thumbnailUrl\":\"https:\/\/kengmingcn.com\/wp-content\/uploads\/2025\/09\/JMYY-70_2_11zon.webp\",\"datePublished\":\"2025-09-28T09:30:43+00:00\",\"dateModified\":\"2025-12-30T08:33:37+00:00\",\"description\":\"CE certified 69kg\/24h Crescent Ice Machine JMYY-70! Efficient ice making suitable for beverage and convenience stores, with crescent shaped ice that is easy to use and stable output to meet daily ice needs!\",\"breadcrumb\":{\"@id\":\"https:\/\/kengmingcn.com\/ar\/product\/%d8%a2%d9%84%d8%a9-%d8%b5%d9%86%d8%b9-%d8%a7%d9%84%d8%ab%d9%84%d8%ac-%d8%a7%d9%84%d9%87%d9%84%d8%a7%d9%84%d9%8a%d8%a9-%d8%b3%d8%b9%d8%a9-69-%d9%83%d8%ac%d9%85-24-%d8%b3%d8%a7%d8%b9%d8%a9-%d9%85%d9%88\/#breadcrumb\"},\"inLanguage\":\"de\",\"potentialAction\":[{\"@type\":\"ReadAction\",\"target\":[\"https:\/\/kengmingcn.com\/ar\/product\/%d8%a2%d9%84%d8%a9-%d8%b5%d9%86%d8%b9-%d8%a7%d9%84%d8%ab%d9%84%d8%ac-%d8%a7%d9%84%d9%87%d9%84%d8%a7%d9%84%d9%8a%d8%a9-%d8%b3%d8%b9%d8%a9-69-%d9%83%d8%ac%d9%85-24-%d8%b3%d8%a7%d8%b9%d8%a9-%d9%85%d9%88\/\"]}]},{\"@type\":\"ImageObject\",\"inLanguage\":\"de\",\"@id\":\"https:\/\/kengmingcn.com\/ar\/product\/%d8%a2%d9%84%d8%a9-%d8%b5%d9%86%d8%b9-%d8%a7%d9%84%d8%ab%d9%84%d8%ac-%d8%a7%d9%84%d9%87%d9%84%d8%a7%d9%84%d9%8a%d8%a9-%d8%b3%d8%b9%d8%a9-69-%d9%83%d8%ac%d9%85-24-%d8%b3%d8%a7%d8%b9%d8%a9-%d9%85%d9%88\/#primaryimage\",\"url\":\"https:\/\/kengmingcn.com\/wp-content\/uploads\/2025\/09\/JMYY-70_2_11zon.webp\",\"contentUrl\":\"https:\/\/kengmingcn.com\/wp-content\/uploads\/2025\/09\/JMYY-70_2_11zon.webp\",\"width\":800,\"height\":800,\"caption\":\"69kg\/24h Crescent ice machine\"},{\"@type\":\"BreadcrumbList\",\"@id\":\"https:\/\/kengmingcn.com\/ar\/product\/%d8%a2%d9%84%d8%a9-%d8%b5%d9%86%d8%b9-%d8%a7%d9%84%d8%ab%d9%84%d8%ac-%d8%a7%d9%84%d9%87%d9%84%d8%a7%d9%84%d9%8a%d8%a9-%d8%b3%d8%b9%d8%a9-69-%d9%83%d8%ac%d9%85-24-%d8%b3%d8%a7%d8%b9%d8%a9-%d9%85%d9%88\/#breadcrumb\",\"itemListElement\":[{\"@type\":\"ListItem\",\"position\":1,\"name\":\"Home\",\"item\":\"https:\/\/kengmingcn.com\/\"},{\"@type\":\"ListItem\",\"position\":2,\"name\":\"Catalogue\",\"item\":\"https:\/\/kengmingcn.com\/?page_id=27131\"},{\"@type\":\"ListItem\",\"position\":3,\"name\":\"69kg\/24h Crescent Ice Machine, Model JMYY-70 with CE Certificate\"}]},{\"@type\":\"WebSite\",\"@id\":\"https:\/\/kengmingcn.com\/#website\",\"url\":\"https:\/\/kengmingcn.com\/\",\"name\":\"Kitchen Equipment\",\"description\":\"KengMing is a professional commercial kitchen equipment manufacturer and wholesale supplier, offering cooking, food prep and bakery equipment with OEM &amp; ODM service for global distributors.\",\"publisher\":{\"@id\":\"https:\/\/kengmingcn.com\/#organization\"},\"potentialAction\":[{\"@type\":\"SearchAction\",\"target\":{\"@type\":\"EntryPoint\",\"urlTemplate\":\"https:\/\/kengmingcn.com\/?s={search_term_string}\"},\"query-input\":{\"@type\":\"PropertyValueSpecification\",\"valueRequired\":true,\"valueName\":\"search_term_string\"}}],\"inLanguage\":\"de\"},{\"@type\":\"Organization\",\"@id\":\"https:\/\/kengmingcn.com\/#organization\",\"name\":\"GuangZhou KengMing\",\"url\":\"https:\/\/kengmingcn.com\/\",\"logo\":{\"@type\":\"ImageObject\",\"inLanguage\":\"de\",\"@id\":\"https:\/\/kengmingcn.com\/#\/schema\/logo\/image\/\",\"url\":\"https:\/\/kengmingcn.com\/wp-content\/uploads\/2025\/04\/cropped-1744508604969-removebg-preview.png\",\"contentUrl\":\"https:\/\/kengmingcn.com\/wp-content\/uploads\/2025\/04\/cropped-1744508604969-removebg-preview.png\",\"width\":512,\"height\":512,\"caption\":\"GuangZhou KengMing\"},\"image\":{\"@id\":\"https:\/\/kengmingcn.com\/#\/schema\/logo\/image\/\"}}]}<\/script>\n<meta property=\"product:price:amount\" content=\"0.00\" \/>\n<meta property=\"product:price:currency\" content=\"USD\" \/>\n<meta property=\"og:availability\" content=\"instock\" \/>\n<meta property=\"product:availability\" content=\"instock\" \/>\n<meta property=\"product:condition\" content=\"new\" \/>\n<!-- \/ Yoast SEO Premium plugin. -->","yoast_head_json":{"title":"69kg\/24h Crescent Eismaschine, Modell JMYY-70 mit CE Zertifikat - KengMing | Hersteller von Gro\u00dfk\u00fcchenger\u00e4ten","description":"CE-zertifizierte 69kg\/24h-Sichel-Eismaschine JMYY-70! Effiziente Eisherstellung f\u00fcr Getr\u00e4nke- und Convenience-Stores, mit halbmondf\u00f6rmigem Eis, das einfach zu bedienen ist und eine stabile Leistung f\u00fcr den t\u00e4glichen Eisbedarf bietet!","robots":{"index":"index","follow":"follow","max-snippet":"max-snippet:-1","max-image-preview":"max-image-preview:large","max-video-preview":"max-video-preview:-1"},"canonical":"https:\/\/kengmingcn.com\/de_de\/product\/69kg-24h-halbmondformige-eismaschine-modell-jmyy-70-mit-ce-zertifikat\/","og_locale":"de_DE","og_type":"article","og_title":"69kg\/24h Crescent Ice Machine, Model JMYY-70 with CE Certificate","og_description":"CE certified 69kg\/24h Crescent Ice Machine JMYY-70! Efficient ice making suitable for beverage and convenience stores, with crescent shaped ice that is easy to use and stable output to meet daily ice needs!","og_url":"https:\/\/kengmingcn.com\/de_de\/product\/69kg-24h-halbmondformige-eismaschine-modell-jmyy-70-mit-ce-zertifikat\/","og_site_name":"KengMing | Manufacturer of Commercial Kitchen Equipment","article_modified_time":"2025-12-30T08:33:37+00:00","og_image":[{"width":800,"height":800,"url":"https:\/\/kengmingcn.com\/wp-content\/uploads\/2025\/09\/JMYY-70_2_11zon.webp","type":"image\/webp"}],"twitter_card":"summary_large_image","twitter_misc":{"Preis":"","Verf\u00fcgbarkeit":"Auf Lager"},"schema":{"@context":"https:\/\/schema.org","@graph":[{"@type":"WebPage","@id":"https:\/\/kengmingcn.com\/ar\/product\/%d8%a2%d9%84%d8%a9-%d8%b5%d9%86%d8%b9-%d8%a7%d9%84%d8%ab%d9%84%d8%ac-%d8%a7%d9%84%d9%87%d9%84%d8%a7%d9%84%d9%8a%d8%a9-%d8%b3%d8%b9%d8%a9-69-%d9%83%d8%ac%d9%85-24-%d8%b3%d8%a7%d8%b9%d8%a9-%d9%85%d9%88\/","url":"https:\/\/kengmingcn.com\/ar\/product\/%d8%a2%d9%84%d8%a9-%d8%b5%d9%86%d8%b9-%d8%a7%d9%84%d8%ab%d9%84%d8%ac-%d8%a7%d9%84%d9%87%d9%84%d8%a7%d9%84%d9%8a%d8%a9-%d8%b3%d8%b9%d8%a9-69-%d9%83%d8%ac%d9%85-24-%d8%b3%d8%a7%d8%b9%d8%a9-%d9%85%d9%88\/","name":"69kg\/24h Crescent Eismaschine, Modell JMYY-70 mit CE Zertifikat - KengMing | Hersteller von Gro\u00dfk\u00fcchenger\u00e4ten","isPartOf":{"@id":"https:\/\/kengmingcn.com\/#website"},"primaryImageOfPage":{"@id":"https:\/\/kengmingcn.com\/ar\/product\/%d8%a2%d9%84%d8%a9-%d8%b5%d9%86%d8%b9-%d8%a7%d9%84%d8%ab%d9%84%d8%ac-%d8%a7%d9%84%d9%87%d9%84%d8%a7%d9%84%d9%8a%d8%a9-%d8%b3%d8%b9%d8%a9-69-%d9%83%d8%ac%d9%85-24-%d8%b3%d8%a7%d8%b9%d8%a9-%d9%85%d9%88\/#primaryimage"},"image":{"@id":"https:\/\/kengmingcn.com\/ar\/product\/%d8%a2%d9%84%d8%a9-%d8%b5%d9%86%d8%b9-%d8%a7%d9%84%d8%ab%d9%84%d8%ac-%d8%a7%d9%84%d9%87%d9%84%d8%a7%d9%84%d9%8a%d8%a9-%d8%b3%d8%b9%d8%a9-69-%d9%83%d8%ac%d9%85-24-%d8%b3%d8%a7%d8%b9%d8%a9-%d9%85%d9%88\/#primaryimage"},"thumbnailUrl":"https:\/\/kengmingcn.com\/wp-content\/uploads\/2025\/09\/JMYY-70_2_11zon.webp","datePublished":"2025-09-28T09:30:43+00:00","dateModified":"2025-12-30T08:33:37+00:00","description":"CE-zertifizierte 69kg\/24h-Sichel-Eismaschine JMYY-70! Effiziente Eisherstellung f\u00fcr Getr\u00e4nke- und Convenience-Stores, mit halbmondf\u00f6rmigem Eis, das einfach zu bedienen ist und eine stabile Leistung f\u00fcr den t\u00e4glichen Eisbedarf bietet!","breadcrumb":{"@id":"https:\/\/kengmingcn.com\/ar\/product\/%d8%a2%d9%84%d8%a9-%d8%b5%d9%86%d8%b9-%d8%a7%d9%84%d8%ab%d9%84%d8%ac-%d8%a7%d9%84%d9%87%d9%84%d8%a7%d9%84%d9%8a%d8%a9-%d8%b3%d8%b9%d8%a9-69-%d9%83%d8%ac%d9%85-24-%d8%b3%d8%a7%d8%b9%d8%a9-%d9%85%d9%88\/#breadcrumb"},"inLanguage":"de","potentialAction":[{"@type":"ReadAction","target":["https:\/\/kengmingcn.com\/ar\/product\/%d8%a2%d9%84%d8%a9-%d8%b5%d9%86%d8%b9-%d8%a7%d9%84%d8%ab%d9%84%d8%ac-%d8%a7%d9%84%d9%87%d9%84%d8%a7%d9%84%d9%8a%d8%a9-%d8%b3%d8%b9%d8%a9-69-%d9%83%d8%ac%d9%85-24-%d8%b3%d8%a7%d8%b9%d8%a9-%d9%85%d9%88\/"]}]},{"@type":"ImageObject","inLanguage":"de","@id":"https:\/\/kengmingcn.com\/ar\/product\/%d8%a2%d9%84%d8%a9-%d8%b5%d9%86%d8%b9-%d8%a7%d9%84%d8%ab%d9%84%d8%ac-%d8%a7%d9%84%d9%87%d9%84%d8%a7%d9%84%d9%8a%d8%a9-%d8%b3%d8%b9%d8%a9-69-%d9%83%d8%ac%d9%85-24-%d8%b3%d8%a7%d8%b9%d8%a9-%d9%85%d9%88\/#primaryimage","url":"https:\/\/kengmingcn.com\/wp-content\/uploads\/2025\/09\/JMYY-70_2_11zon.webp","contentUrl":"https:\/\/kengmingcn.com\/wp-content\/uploads\/2025\/09\/JMYY-70_2_11zon.webp","width":800,"height":800,"caption":"69kg\/24h Crescent ice machine"},{"@type":"BreadcrumbList","@id":"https:\/\/kengmingcn.com\/ar\/product\/%d8%a2%d9%84%d8%a9-%d8%b5%d9%86%d8%b9-%d8%a7%d9%84%d8%ab%d9%84%d8%ac-%d8%a7%d9%84%d9%87%d9%84%d8%a7%d9%84%d9%8a%d8%a9-%d8%b3%d8%b9%d8%a9-69-%d9%83%d8%ac%d9%85-24-%d8%b3%d8%a7%d8%b9%d8%a9-%d9%85%d9%88\/#breadcrumb","itemListElement":[{"@type":"ListItem","position":1,"name":"Home","item":"https:\/\/kengmingcn.com\/"},{"@type":"ListItem","position":2,"name":"Catalogue","item":"https:\/\/kengmingcn.com\/?page_id=27131"},{"@type":"ListItem","position":3,"name":"69kg\/24h Crescent Ice Machine, Model JMYY-70 with CE Certificate"}]},{"@type":"WebSite","@id":"https:\/\/kengmingcn.com\/#website","url":"https:\/\/kengmingcn.com\/","name":"K\u00fcchenausstattung","description":"KengMing ist ein professioneller Hersteller von Gro\u00dfk\u00fcchenger\u00e4ten und Gro\u00dfhandelslieferant, der Koch-, Lebensmittelvorbereitungs- und B\u00e4ckereiger\u00e4te mit OEM- und ODM-Service f\u00fcr globale Vertriebsh\u00e4ndler anbietet.","publisher":{"@id":"https:\/\/kengmingcn.com\/#organization"},"potentialAction":[{"@type":"SearchAction","target":{"@type":"EntryPoint","urlTemplate":"https:\/\/kengmingcn.com\/?s={search_term_string}"},"query-input":{"@type":"PropertyValueSpecification","valueRequired":true,"valueName":"search_term_string"}}],"inLanguage":"de"},{"@type":"Organization","@id":"https:\/\/kengmingcn.com\/#organization","name":"GuangZhou KengMing","url":"https:\/\/kengmingcn.com\/","logo":{"@type":"ImageObject","inLanguage":"de","@id":"https:\/\/kengmingcn.com\/#\/schema\/logo\/image\/","url":"https:\/\/kengmingcn.com\/wp-content\/uploads\/2025\/04\/cropped-1744508604969-removebg-preview.png","contentUrl":"https:\/\/kengmingcn.com\/wp-content\/uploads\/2025\/04\/cropped-1744508604969-removebg-preview.png","width":512,"height":512,"caption":"GuangZhou KengMing"},"image":{"@id":"https:\/\/kengmingcn.com\/#\/schema\/logo\/image\/"}}]},"product_price_amount":"0.00","product_price_currency":"USD","og_availability":"instock","product_availability":"instock","product_condition":"new"},"_links":{"self":[{"href":"https:\/\/kengmingcn.com\/de_de\/wp-json\/wp\/v2\/product\/52140","targetHints":{"allow":["GET"]}}],"collection":[{"href":"https:\/\/kengmingcn.com\/de_de\/wp-json\/wp\/v2\/product"}],"about":[{"href":"https:\/\/kengmingcn.com\/de_de\/wp-json\/wp\/v2\/types\/product"}],"replies":[{"embeddable":true,"href":"https:\/\/kengmingcn.com\/de_de\/wp-json\/wp\/v2\/comments?post=52140"}],"wp:featuredmedia":[{"embeddable":true,"href":"https:\/\/kengmingcn.com\/de_de\/wp-json\/wp\/v2\/media\/52890"}],"wp:attachment":[{"href":"https:\/\/kengmingcn.com\/de_de\/wp-json\/wp\/v2\/media?parent=52140"}],"wp:term":[{"taxonomy":"product_brand","embeddable":true,"href":"https:\/\/kengmingcn.com\/de_de\/wp-json\/wp\/v2\/product_brand?post=52140"},{"taxonomy":"product_cat","embeddable":true,"href":"https:\/\/kengmingcn.com\/de_de\/wp-json\/wp\/v2\/product_cat?post=52140"},{"taxonomy":"product_tag","embeddable":true,"href":"https:\/\/kengmingcn.com\/de_de\/wp-json\/wp\/v2\/product_tag?post=52140"}],"curies":[{"name":"wp","href":"https:\/\/api.w.org\/{rel}","templated":true}]}}