{"id":52116,"date":"2025-09-28T14:21:12","date_gmt":"2025-09-28T06:21:12","guid":{"rendered":"https:\/\/kengmingcn.com\/?post_type=product&#038;p=52116"},"modified":"2025-12-29T17:49:23","modified_gmt":"2025-12-29T09:49:23","slug":"60kg-24h-blockeismaschine-650w-jmfk-60-mit-ce-zertifikat","status":"publish","type":"product","link":"https:\/\/kengmingcn.com\/de_de\/product\/60kg-24h-blockeismaschine-650w-jmfk-60-mit-ce-zertifikat\/","title":{"rendered":"60kg\/24H Blockeismaschine 650w JMFK-60, mit CE Zertifikat"},"content":{"rendered":"<h2 class=\"wp-block-heading\" id=\"h-description\">Beschreibung<\/h2>\n\n\n\n<p>Die <strong>JMFK-60 Gewerblicher automatischer Stand-Eisbereiter<\/strong> liefert <strong>60 kg hochwertiges Eis pro 24 Stunden<\/strong> mit einer Speicherkapazit\u00e4t von <strong>64L<\/strong>, Damit ist er ideal f\u00fcr Restaurants, Bars, Caf\u00e9s und den Hausgebrauch. Sein <strong>vertikale Ausf\u00fchrung (696\u00d7600\u00d71024mm)<\/strong> kombiniert platzsparende Effizienz mit einem eleganten Erscheinungsbild. Mit seinem patentierten Siphon-Ablaufsystem verhindert dieser Eisbereiter Kalkablagerungen und produziert kristallklare, harte Eisw\u00fcrfel, die jedes Getr\u00e4nk zu einem Erlebnis machen.<\/p>\n\n\n\n<div style=\"height:30px\" aria-hidden=\"true\" class=\"wp-block-spacer\"><\/div>\n\n\n\n<figure class=\"wp-block-table is-style-stripes\"><table><thead><tr><th>Modell<\/th><th>JMFK-60<\/th><\/tr><\/thead><tbody><tr><td>OutPut<\/td><td>60kg\/24h (132lbs\/24h)<\/td><\/tr><tr><td>Strom<\/td><td>650w<\/td><\/tr><tr><td>Eislagerung<\/td><td>64L<\/td><\/tr><tr><td>K\u00fchlung Weg<\/td><td>Luftk\u00fchlung<\/td><\/tr><tr><td>Eis-Nummer<\/td><td>5&#215;14 = 70<\/td><\/tr><tr><td>Gr\u00f6\u00dfe<\/td><td>696*600*1024mm<\/td><\/tr><tr><td>Nettogewicht<\/td><td>62kg\/136lbs<\/td><\/tr><\/tbody><\/table><\/figure>\n\n\n\n<div style=\"height:30px\" aria-hidden=\"true\" class=\"wp-block-spacer\"><\/div>\n\n\n\n<div class=\"wp-block-columns is-layout-flex wp-container-core-columns-is-layout-9d6595d7 wp-block-columns-is-layout-flex dt-cr-1\">\n<div class=\"wp-block-column is-layout-flow wp-block-column-is-layout-flow\">\n<h3 class=\"wp-block-heading has-medium-font-size\" id=\"h-patented-siphon-drainage-system\"><strong>Patentiertes Siphon-Entw\u00e4sserungssystem<\/strong><\/h3>\n\n\n\n<p>Verhindert Kalkablagerungen und sorgt f\u00fcr kristallklare Eisw\u00fcrfel. Senkt die Kerntemperatur des Eises und verl\u00e4ngert die Schmelzzeit f\u00fcr erfrischendes, hochwertiges Eis in jedem Getr\u00e4nk.<\/p>\n<\/div>\n\n\n\n<div class=\"wp-block-column is-layout-flow wp-block-column-is-layout-flow\">\n<h3 class=\"wp-block-heading has-medium-font-size\" id=\"h-overflow-drainage-for-harder-ice\"><strong>\u00dcberlaufentw\u00e4sserung f\u00fcr h\u00e4rteres Eis<\/strong><\/h3>\n\n\n\n<p>Entfernt kontinuierlich Verunreinigungen aus dem Wassertank und produziert transparente und feste Eisw\u00fcrfel, die den Geschmack und das Aussehen von Getr\u00e4nken verbessern.<\/p>\n<\/div>\n<\/div>\n\n\n\n<div style=\"height:30px\" aria-hidden=\"true\" class=\"wp-block-spacer\"><\/div>\n\n\n\n<div class=\"wp-block-columns is-layout-flex wp-container-core-columns-is-layout-9d6595d7 wp-block-columns-is-layout-flex dt-cr-2\">\n<div class=\"wp-block-column is-layout-flow wp-block-column-is-layout-flow\">\n<h3 class=\"wp-block-heading has-medium-font-size\" id=\"h-user-friendly-cold-light-lamp\"><strong>Benutzerfreundliche Kaltlichtlampe<\/strong><\/h3>\n\n\n\n<p>Erm\u00f6glicht die Eisentnahme bei schwachem Licht, ohne andere zu st\u00f6ren. Die Paneele k\u00f6nnen f\u00fcr einfache Wartung und Reinigung leicht entfernt werden.<\/p>\n<\/div>\n\n\n\n<div class=\"wp-block-column is-layout-flow wp-block-column-is-layout-flow\">\n<h3 class=\"wp-block-heading has-medium-font-size\" id=\"h-elegant-vertical-design\"><strong>Elegantes vertikales Design<\/strong><\/h3>\n\n\n\n<p>Die bogenf\u00f6rmige T\u00fcr und der Rahmen sorgen f\u00fcr ein modernes, schlankes Erscheinungsbild, das sich sowohl f\u00fcr gewerbliche als auch f\u00fcr private Umgebungen eignet.<\/p>\n<\/div>\n<\/div>\n\n\n\n<div style=\"height:30px\" aria-hidden=\"true\" class=\"wp-block-spacer\"><\/div>\n\n\n\n<div class=\"wp-block-columns is-layout-flex wp-container-core-columns-is-layout-9d6595d7 wp-block-columns-is-layout-flex dt-cr-3\">\n<div class=\"wp-block-column is-layout-flow wp-block-column-is-layout-flow\">\n<h3 class=\"wp-block-heading has-medium-font-size\" id=\"h-more-detail\">Mehr Details<\/h3>\n\n\n\n<figure class=\"wp-block-gallery has-nested-images columns-2 is-cropped wp-block-gallery-1 is-layout-flex wp-block-gallery-is-layout-flex\">\n<figure class=\"wp-block-image size-full\"><img decoding=\"async\" width=\"790\" height=\"948\" data-id=\"52893\" src=\"https:\/\/kengmingcn.com\/wp-content\/uploads\/2025\/05\/\u8be6\u60c5_03_3.webp\" alt=\"Details zu den Eisw\u00fcrfeln (Bild)\" class=\"wp-image-52893\" srcset=\"https:\/\/kengmingcn.com\/wp-content\/uploads\/2025\/05\/\u8be6\u60c5_03_3.webp 790w, https:\/\/kengmingcn.com\/wp-content\/uploads\/2025\/05\/\u8be6\u60c5_03_3-250x300.webp 250w, https:\/\/kengmingcn.com\/wp-content\/uploads\/2025\/05\/\u8be6\u60c5_03_3-768x922.webp 768w, https:\/\/kengmingcn.com\/wp-content\/uploads\/2025\/05\/\u8be6\u60c5_03_3-10x12.webp 10w\" sizes=\"(max-width: 790px) 100vw, 790px\" \/><\/figure>\n\n\n\n<figure class=\"wp-block-image size-full\"><img decoding=\"async\" width=\"790\" height=\"910\" data-id=\"52894\" src=\"https:\/\/kengmingcn.com\/wp-content\/uploads\/2025\/05\/\u8be6\u60c5_04_4.webp\" alt=\"Details zu den Eisw\u00fcrfeln (Bild)\" class=\"wp-image-52894\" srcset=\"https:\/\/kengmingcn.com\/wp-content\/uploads\/2025\/05\/\u8be6\u60c5_04_4.webp 790w, https:\/\/kengmingcn.com\/wp-content\/uploads\/2025\/05\/\u8be6\u60c5_04_4-260x300.webp 260w, https:\/\/kengmingcn.com\/wp-content\/uploads\/2025\/05\/\u8be6\u60c5_04_4-768x885.webp 768w, https:\/\/kengmingcn.com\/wp-content\/uploads\/2025\/05\/\u8be6\u60c5_04_4-10x12.webp 10w\" sizes=\"(max-width: 790px) 100vw, 790px\" \/><\/figure>\n\n\n\n<figure class=\"wp-block-image size-full\"><img decoding=\"async\" width=\"790\" height=\"709\" data-id=\"52895\" src=\"https:\/\/kengmingcn.com\/wp-content\/uploads\/2025\/05\/\u8be6\u60c5_05_5.webp\" alt=\"Details zu den Eisw\u00fcrfeln (Bild)\" class=\"wp-image-52895\" srcset=\"https:\/\/kengmingcn.com\/wp-content\/uploads\/2025\/05\/\u8be6\u60c5_05_5.webp 790w, https:\/\/kengmingcn.com\/wp-content\/uploads\/2025\/05\/\u8be6\u60c5_05_5-300x269.webp 300w, https:\/\/kengmingcn.com\/wp-content\/uploads\/2025\/05\/\u8be6\u60c5_05_5-768x689.webp 768w, https:\/\/kengmingcn.com\/wp-content\/uploads\/2025\/05\/\u8be6\u60c5_05_5-13x12.webp 13w\" sizes=\"(max-width: 790px) 100vw, 790px\" \/><\/figure>\n\n\n\n<figure class=\"wp-block-image size-full\"><img decoding=\"async\" width=\"790\" height=\"1025\" data-id=\"52896\" src=\"https:\/\/kengmingcn.com\/wp-content\/uploads\/2025\/05\/\u8be6\u60c5_06_6.webp\" alt=\"Details zu den Eisw\u00fcrfeln (Bild)\" class=\"wp-image-52896\" srcset=\"https:\/\/kengmingcn.com\/wp-content\/uploads\/2025\/05\/\u8be6\u60c5_06_6.webp 790w, https:\/\/kengmingcn.com\/wp-content\/uploads\/2025\/05\/\u8be6\u60c5_06_6-231x300.webp 231w, https:\/\/kengmingcn.com\/wp-content\/uploads\/2025\/05\/\u8be6\u60c5_06_6-768x996.webp 768w, https:\/\/kengmingcn.com\/wp-content\/uploads\/2025\/05\/\u8be6\u60c5_06_6-9x12.webp 9w\" sizes=\"(max-width: 790px) 100vw, 790px\" \/><\/figure>\n\n\n\n<figure class=\"wp-block-image size-full\"><img decoding=\"async\" width=\"790\" height=\"1347\" data-id=\"52897\" src=\"https:\/\/kengmingcn.com\/wp-content\/uploads\/2025\/05\/\u8be6\u60c5_07_7.webp\" alt=\"Details zu den Eisw\u00fcrfeln (Bild)\" class=\"wp-image-52897\" srcset=\"https:\/\/kengmingcn.com\/wp-content\/uploads\/2025\/05\/\u8be6\u60c5_07_7.webp 790w, https:\/\/kengmingcn.com\/wp-content\/uploads\/2025\/05\/\u8be6\u60c5_07_7-176x300.webp 176w, https:\/\/kengmingcn.com\/wp-content\/uploads\/2025\/05\/\u8be6\u60c5_07_7-601x1024.webp 601w, https:\/\/kengmingcn.com\/wp-content\/uploads\/2025\/05\/\u8be6\u60c5_07_7-768x1309.webp 768w, https:\/\/kengmingcn.com\/wp-content\/uploads\/2025\/05\/\u8be6\u60c5_07_7-7x12.webp 7w\" sizes=\"(max-width: 790px) 100vw, 790px\" \/><\/figure>\n\n\n\n<figure class=\"wp-block-image size-full\"><img decoding=\"async\" width=\"790\" height=\"1163\" data-id=\"52898\" src=\"https:\/\/kengmingcn.com\/wp-content\/uploads\/2025\/05\/\u8be6\u60c5_08_8.webp\" alt=\"Details zu den Eisw\u00fcrfeln (Bild)\" class=\"wp-image-52898\" srcset=\"https:\/\/kengmingcn.com\/wp-content\/uploads\/2025\/05\/\u8be6\u60c5_08_8.webp 790w, https:\/\/kengmingcn.com\/wp-content\/uploads\/2025\/05\/\u8be6\u60c5_08_8-204x300.webp 204w, https:\/\/kengmingcn.com\/wp-content\/uploads\/2025\/05\/\u8be6\u60c5_08_8-696x1024.webp 696w, https:\/\/kengmingcn.com\/wp-content\/uploads\/2025\/05\/\u8be6\u60c5_08_8-768x1131.webp 768w, https:\/\/kengmingcn.com\/wp-content\/uploads\/2025\/05\/\u8be6\u60c5_08_8-8x12.webp 8w\" sizes=\"(max-width: 790px) 100vw, 790px\" \/><\/figure>\n<\/figure>\n<\/div>\n<\/div>\n\n\n\n<div class=\"wp-block-columns is-layout-flex wp-container-core-columns-is-layout-9d6595d7 wp-block-columns-is-layout-flex dt-cr-4\">\n<div class=\"wp-block-column is-layout-flow wp-block-column-is-layout-flow\">\n<div style=\"height:30px\" aria-hidden=\"true\" class=\"wp-block-spacer\"><\/div>\n\n\n\n<h2 class=\"wp-block-heading\" id=\"h-video\">Video<\/h2>\n\n\n\n<figure class=\"wp-block-video\"><video controls src=\"https:\/\/cdn-gzkm.b-cdn.net\/Model\/Ice%20Maker\/60kg%20ice%20maker.mp4\"><\/video><\/figure>\n<\/div>\n\n\n\n<div class=\"wp-block-column is-layout-flow wp-block-column-is-layout-flow\"><\/div>\n<\/div>\n\n\n\n<div class=\"wp-block-columns is-layout-flex wp-container-core-columns-is-layout-9d6595d7 wp-block-columns-is-layout-flex dt-cr-5\">\n<div class=\"wp-block-column is-layout-flow wp-block-column-is-layout-flow\">\n<div style=\"height:30px\" aria-hidden=\"true\" class=\"wp-block-spacer\"><\/div>\n\n\n\n<h3 class=\"wp-block-heading\" id=\"h-why-choose-us\">Warum uns w\u00e4hlen?<\/h3>\n\n\n\n<p>Das auf Leistung, Komfort und Hygiene ausgelegte <strong>JMFK-60<\/strong> verf\u00fcgt \u00fcber eine bogenf\u00f6rmige T\u00fcr f\u00fcr ein modernes Aussehen, leicht abnehmbare Paneele f\u00fcr eine schnelle Wartung und optionale intelligente Sprachwarnungen zur Unterst\u00fctzung des Betriebs. Mit Unterst\u00fctzung f\u00fcr eine <strong>Ultraviolett-Entkeimungslampe<\/strong>, Er produziert sauberes, ges\u00fcnderes Eis und ist gleichzeitig umweltfreundlich. Ob f\u00fcr den gewerblichen oder privaten Gebrauch, dieser Eisbereiter bietet eine zuverl\u00e4ssige, elegante und hochwertige Eisproduktion.<\/p>\n<\/div>\n<\/div>","protected":false},"excerpt":{"rendered":"<ul>\n<li class=\"ai-optimize-27\">\n<div class=\"paragraph\">Leistung: 650W<\/div>\n<\/li>\n<li class=\"ai-optimize-28\">\n<div class=\"paragraph\">Eisproduktion: 60KG\/24H<\/div>\n<\/li>\n<li class=\"ai-optimize-28\">Eis-Speicher: 64L<\/li>\n<li class=\"ai-optimize-31\">Eisnummer: 5\u00d714<\/li>\n<\/ul>","protected":false},"featured_media":52887,"comment_status":"open","ping_status":"closed","template":"","meta":{"_acf_changed":false},"product_brand":[],"product_cat":[246,275],"product_tag":[],"class_list":{"0":"post-52116","1":"product","2":"type-product","3":"status-publish","4":"has-post-thumbnail","6":"product_cat-ice-maker","7":"product_cat-refrigeration-equipment","8":"description-off","10":"first","11":"instock","12":"shipping-taxable","13":"product-type-simple"},"acf":[],"yoast_head":"<!-- This site is optimized with the Yoast SEO Premium plugin v25.3 (Yoast SEO v26.3) - https:\/\/yoast.com\/wordpress\/plugins\/seo\/ -->\n<title>60kg\/24H Block Ice Machine 650w JMFK-60, with CE certificate - KengMing | Manufacturer of Commercial Kitchen Equipment<\/title>\n<meta name=\"description\" content=\"The JMFK-60 Commercial Automatic Standing Ice Maker delivers 60kg of premium ice per 24 hours with a storage capacity of 64L, making it ideal for busy restaurants, bars, cafes, and home use\" \/>\n<meta name=\"robots\" content=\"index, follow, max-snippet:-1, max-image-preview:large, max-video-preview:-1\" \/>\n<link rel=\"canonical\" href=\"https:\/\/kengmingcn.com\/de_de\/product\/60kg-24h-blockeismaschine-650w-jmfk-60-mit-ce-zertifikat\/\" \/>\n<meta property=\"og:locale\" content=\"de_DE\" \/>\n<meta property=\"og:type\" content=\"article\" \/>\n<meta property=\"og:title\" content=\"60kg\/24H Block Ice Machine 650w JMFK-60, with CE certificate\" \/>\n<meta property=\"og:description\" content=\"The JMFK-60 Commercial Automatic Standing Ice Maker delivers 60kg of premium ice per 24 hours with a storage capacity of 64L, making it ideal for busy restaurants, bars, cafes, and home use\" \/>\n<meta property=\"og:url\" content=\"https:\/\/kengmingcn.com\/de_de\/product\/60kg-24h-blockeismaschine-650w-jmfk-60-mit-ce-zertifikat\/\" \/>\n<meta property=\"og:site_name\" content=\"KengMing | Manufacturer of Commercial Kitchen Equipment\" \/>\n<meta property=\"article:modified_time\" content=\"2025-12-29T09:49:23+00:00\" \/>\n<meta property=\"og:image\" content=\"https:\/\/kengmingcn.com\/wp-content\/uploads\/2025\/09\/JMFK-60_3_11zon.webp\" \/>\n\t<meta property=\"og:image:width\" content=\"800\" \/>\n\t<meta property=\"og:image:height\" content=\"800\" \/>\n\t<meta property=\"og:image:type\" content=\"image\/webp\" \/>\n<meta name=\"twitter:card\" content=\"summary_large_image\" \/>\n<meta name=\"twitter:label1\" content=\"Preis\" \/>\n\t<meta name=\"twitter:data1\" content=\"\" \/>\n\t<meta name=\"twitter:label2\" content=\"Verf\u00fcgbarkeit\" \/>\n\t<meta name=\"twitter:data2\" content=\"Auf Lager\" \/>\n<script type=\"application\/ld+json\" class=\"yoast-schema-graph\">{\"@context\":\"https:\/\/schema.org\",\"@graph\":[{\"@type\":\"WebPage\",\"@id\":\"https:\/\/kengmingcn.com\/fr\/product\/60kg-24h-machine-a-glace-en-bloc-650w-jmfk-60-avec-certificat-ce\/\",\"url\":\"https:\/\/kengmingcn.com\/fr\/product\/60kg-24h-machine-a-glace-en-bloc-650w-jmfk-60-avec-certificat-ce\/\",\"name\":\"60kg\/24H Block Ice Machine 650w JMFK-60, with CE certificate - KengMing | Manufacturer of Commercial Kitchen Equipment\",\"isPartOf\":{\"@id\":\"https:\/\/kengmingcn.com\/#website\"},\"primaryImageOfPage\":{\"@id\":\"https:\/\/kengmingcn.com\/fr\/product\/60kg-24h-machine-a-glace-en-bloc-650w-jmfk-60-avec-certificat-ce\/#primaryimage\"},\"image\":{\"@id\":\"https:\/\/kengmingcn.com\/fr\/product\/60kg-24h-machine-a-glace-en-bloc-650w-jmfk-60-avec-certificat-ce\/#primaryimage\"},\"thumbnailUrl\":\"https:\/\/kengmingcn.com\/wp-content\/uploads\/2025\/09\/JMFK-60_3_11zon.webp\",\"datePublished\":\"2025-09-28T06:21:12+00:00\",\"dateModified\":\"2025-12-29T09:49:23+00:00\",\"description\":\"The JMFK-60 Commercial Automatic Standing Ice Maker delivers 60kg of premium ice per 24 hours with a storage capacity of 64L, making it ideal for busy restaurants, bars, cafes, and home use\",\"breadcrumb\":{\"@id\":\"https:\/\/kengmingcn.com\/fr\/product\/60kg-24h-machine-a-glace-en-bloc-650w-jmfk-60-avec-certificat-ce\/#breadcrumb\"},\"inLanguage\":\"de\",\"potentialAction\":[{\"@type\":\"ReadAction\",\"target\":[\"https:\/\/kengmingcn.com\/fr\/product\/60kg-24h-machine-a-glace-en-bloc-650w-jmfk-60-avec-certificat-ce\/\"]}]},{\"@type\":\"ImageObject\",\"inLanguage\":\"de\",\"@id\":\"https:\/\/kengmingcn.com\/fr\/product\/60kg-24h-machine-a-glace-en-bloc-650w-jmfk-60-avec-certificat-ce\/#primaryimage\",\"url\":\"https:\/\/kengmingcn.com\/wp-content\/uploads\/2025\/09\/JMFK-60_3_11zon.webp\",\"contentUrl\":\"https:\/\/kengmingcn.com\/wp-content\/uploads\/2025\/09\/JMFK-60_3_11zon.webp\",\"width\":800,\"height\":800,\"caption\":\"JMFK-60 60kg\/24h cube ice machine\"},{\"@type\":\"BreadcrumbList\",\"@id\":\"https:\/\/kengmingcn.com\/fr\/product\/60kg-24h-machine-a-glace-en-bloc-650w-jmfk-60-avec-certificat-ce\/#breadcrumb\",\"itemListElement\":[{\"@type\":\"ListItem\",\"position\":1,\"name\":\"Home\",\"item\":\"https:\/\/kengmingcn.com\/\"},{\"@type\":\"ListItem\",\"position\":2,\"name\":\"Catalogue\",\"item\":\"https:\/\/kengmingcn.com\/?page_id=27131\"},{\"@type\":\"ListItem\",\"position\":3,\"name\":\"60kg\/24H Block Ice Machine 650w JMFK-60, with CE certificate\"}]},{\"@type\":\"WebSite\",\"@id\":\"https:\/\/kengmingcn.com\/#website\",\"url\":\"https:\/\/kengmingcn.com\/\",\"name\":\"Kitchen Equipment\",\"description\":\"KengMing is a professional commercial kitchen equipment manufacturer and wholesale supplier, offering cooking, food prep and bakery equipment with OEM &amp; ODM service for global distributors.\",\"publisher\":{\"@id\":\"https:\/\/kengmingcn.com\/#organization\"},\"potentialAction\":[{\"@type\":\"SearchAction\",\"target\":{\"@type\":\"EntryPoint\",\"urlTemplate\":\"https:\/\/kengmingcn.com\/?s={search_term_string}\"},\"query-input\":{\"@type\":\"PropertyValueSpecification\",\"valueRequired\":true,\"valueName\":\"search_term_string\"}}],\"inLanguage\":\"de\"},{\"@type\":\"Organization\",\"@id\":\"https:\/\/kengmingcn.com\/#organization\",\"name\":\"GuangZhou KengMing\",\"url\":\"https:\/\/kengmingcn.com\/\",\"logo\":{\"@type\":\"ImageObject\",\"inLanguage\":\"de\",\"@id\":\"https:\/\/kengmingcn.com\/#\/schema\/logo\/image\/\",\"url\":\"https:\/\/kengmingcn.com\/wp-content\/uploads\/2025\/04\/cropped-1744508604969-removebg-preview.png\",\"contentUrl\":\"https:\/\/kengmingcn.com\/wp-content\/uploads\/2025\/04\/cropped-1744508604969-removebg-preview.png\",\"width\":512,\"height\":512,\"caption\":\"GuangZhou KengMing\"},\"image\":{\"@id\":\"https:\/\/kengmingcn.com\/#\/schema\/logo\/image\/\"}}]}<\/script>\n<meta property=\"product:price:amount\" content=\"0.00\" \/>\n<meta property=\"product:price:currency\" content=\"USD\" \/>\n<meta property=\"og:availability\" content=\"instock\" \/>\n<meta property=\"product:availability\" content=\"instock\" \/>\n<meta property=\"product:condition\" content=\"new\" \/>\n<!-- \/ Yoast SEO Premium plugin. -->","yoast_head_json":{"title":"60kg\/24H Blockeismaschine 650w JMFK-60, mit CE Zertifikat - KengMing | Hersteller von Gro\u00dfk\u00fcchenger\u00e4ten","description":"Der automatische Stand-Eisbereiter JMFK-60 liefert 60 kg hochwertiges Eis pro 24 Stunden mit einer Speicherkapazit\u00e4t von 64 Litern und ist damit ideal f\u00fcr Restaurants, Bars, Caf\u00e9s und den Hausgebrauch.","robots":{"index":"index","follow":"follow","max-snippet":"max-snippet:-1","max-image-preview":"max-image-preview:large","max-video-preview":"max-video-preview:-1"},"canonical":"https:\/\/kengmingcn.com\/de_de\/product\/60kg-24h-blockeismaschine-650w-jmfk-60-mit-ce-zertifikat\/","og_locale":"de_DE","og_type":"article","og_title":"60kg\/24H Block Ice Machine 650w JMFK-60, with CE certificate","og_description":"The JMFK-60 Commercial Automatic Standing Ice Maker delivers 60kg of premium ice per 24 hours with a storage capacity of 64L, making it ideal for busy restaurants, bars, cafes, and home use","og_url":"https:\/\/kengmingcn.com\/de_de\/product\/60kg-24h-blockeismaschine-650w-jmfk-60-mit-ce-zertifikat\/","og_site_name":"KengMing | Manufacturer of Commercial Kitchen Equipment","article_modified_time":"2025-12-29T09:49:23+00:00","og_image":[{"width":800,"height":800,"url":"https:\/\/kengmingcn.com\/wp-content\/uploads\/2025\/09\/JMFK-60_3_11zon.webp","type":"image\/webp"}],"twitter_card":"summary_large_image","twitter_misc":{"Preis":"","Verf\u00fcgbarkeit":"Auf Lager"},"schema":{"@context":"https:\/\/schema.org","@graph":[{"@type":"WebPage","@id":"https:\/\/kengmingcn.com\/fr\/product\/60kg-24h-machine-a-glace-en-bloc-650w-jmfk-60-avec-certificat-ce\/","url":"https:\/\/kengmingcn.com\/fr\/product\/60kg-24h-machine-a-glace-en-bloc-650w-jmfk-60-avec-certificat-ce\/","name":"60kg\/24H Blockeismaschine 650w JMFK-60, mit CE Zertifikat - KengMing | Hersteller von Gro\u00dfk\u00fcchenger\u00e4ten","isPartOf":{"@id":"https:\/\/kengmingcn.com\/#website"},"primaryImageOfPage":{"@id":"https:\/\/kengmingcn.com\/fr\/product\/60kg-24h-machine-a-glace-en-bloc-650w-jmfk-60-avec-certificat-ce\/#primaryimage"},"image":{"@id":"https:\/\/kengmingcn.com\/fr\/product\/60kg-24h-machine-a-glace-en-bloc-650w-jmfk-60-avec-certificat-ce\/#primaryimage"},"thumbnailUrl":"https:\/\/kengmingcn.com\/wp-content\/uploads\/2025\/09\/JMFK-60_3_11zon.webp","datePublished":"2025-09-28T06:21:12+00:00","dateModified":"2025-12-29T09:49:23+00:00","description":"Der automatische Stand-Eisbereiter JMFK-60 liefert 60 kg hochwertiges Eis pro 24 Stunden mit einer Speicherkapazit\u00e4t von 64 Litern und ist damit ideal f\u00fcr Restaurants, Bars, Caf\u00e9s und den Hausgebrauch.","breadcrumb":{"@id":"https:\/\/kengmingcn.com\/fr\/product\/60kg-24h-machine-a-glace-en-bloc-650w-jmfk-60-avec-certificat-ce\/#breadcrumb"},"inLanguage":"de","potentialAction":[{"@type":"ReadAction","target":["https:\/\/kengmingcn.com\/fr\/product\/60kg-24h-machine-a-glace-en-bloc-650w-jmfk-60-avec-certificat-ce\/"]}]},{"@type":"ImageObject","inLanguage":"de","@id":"https:\/\/kengmingcn.com\/fr\/product\/60kg-24h-machine-a-glace-en-bloc-650w-jmfk-60-avec-certificat-ce\/#primaryimage","url":"https:\/\/kengmingcn.com\/wp-content\/uploads\/2025\/09\/JMFK-60_3_11zon.webp","contentUrl":"https:\/\/kengmingcn.com\/wp-content\/uploads\/2025\/09\/JMFK-60_3_11zon.webp","width":800,"height":800,"caption":"JMFK-60 60kg\/24h cube ice machine"},{"@type":"BreadcrumbList","@id":"https:\/\/kengmingcn.com\/fr\/product\/60kg-24h-machine-a-glace-en-bloc-650w-jmfk-60-avec-certificat-ce\/#breadcrumb","itemListElement":[{"@type":"ListItem","position":1,"name":"Home","item":"https:\/\/kengmingcn.com\/"},{"@type":"ListItem","position":2,"name":"Catalogue","item":"https:\/\/kengmingcn.com\/?page_id=27131"},{"@type":"ListItem","position":3,"name":"60kg\/24H Block Ice Machine 650w JMFK-60, with CE certificate"}]},{"@type":"WebSite","@id":"https:\/\/kengmingcn.com\/#website","url":"https:\/\/kengmingcn.com\/","name":"K\u00fcchenausstattung","description":"KengMing is a professional commercial kitchen equipment manufacturer and wholesale supplier, offering cooking, food prep and bakery equipment with OEM &amp; ODM service for global distributors.","publisher":{"@id":"https:\/\/kengmingcn.com\/#organization"},"potentialAction":[{"@type":"SearchAction","target":{"@type":"EntryPoint","urlTemplate":"https:\/\/kengmingcn.com\/?s={search_term_string}"},"query-input":{"@type":"PropertyValueSpecification","valueRequired":true,"valueName":"search_term_string"}}],"inLanguage":"de"},{"@type":"Organization","@id":"https:\/\/kengmingcn.com\/#organization","name":"GuangZhou KengMing","url":"https:\/\/kengmingcn.com\/","logo":{"@type":"ImageObject","inLanguage":"de","@id":"https:\/\/kengmingcn.com\/#\/schema\/logo\/image\/","url":"https:\/\/kengmingcn.com\/wp-content\/uploads\/2025\/04\/cropped-1744508604969-removebg-preview.png","contentUrl":"https:\/\/kengmingcn.com\/wp-content\/uploads\/2025\/04\/cropped-1744508604969-removebg-preview.png","width":512,"height":512,"caption":"GuangZhou KengMing"},"image":{"@id":"https:\/\/kengmingcn.com\/#\/schema\/logo\/image\/"}}]},"product_price_amount":"0.00","product_price_currency":"USD","og_availability":"instock","product_availability":"instock","product_condition":"new"},"_links":{"self":[{"href":"https:\/\/kengmingcn.com\/de_de\/wp-json\/wp\/v2\/product\/52116","targetHints":{"allow":["GET"]}}],"collection":[{"href":"https:\/\/kengmingcn.com\/de_de\/wp-json\/wp\/v2\/product"}],"about":[{"href":"https:\/\/kengmingcn.com\/de_de\/wp-json\/wp\/v2\/types\/product"}],"replies":[{"embeddable":true,"href":"https:\/\/kengmingcn.com\/de_de\/wp-json\/wp\/v2\/comments?post=52116"}],"wp:featuredmedia":[{"embeddable":true,"href":"https:\/\/kengmingcn.com\/de_de\/wp-json\/wp\/v2\/media\/52887"}],"wp:attachment":[{"href":"https:\/\/kengmingcn.com\/de_de\/wp-json\/wp\/v2\/media?parent=52116"}],"wp:term":[{"taxonomy":"product_brand","embeddable":true,"href":"https:\/\/kengmingcn.com\/de_de\/wp-json\/wp\/v2\/product_brand?post=52116"},{"taxonomy":"product_cat","embeddable":true,"href":"https:\/\/kengmingcn.com\/de_de\/wp-json\/wp\/v2\/product_cat?post=52116"},{"taxonomy":"product_tag","embeddable":true,"href":"https:\/\/kengmingcn.com\/de_de\/wp-json\/wp\/v2\/product_tag?post=52116"}],"curies":[{"name":"wp","href":"https:\/\/api.w.org\/{rel}","templated":true}]}}