{"id":51921,"date":"2025-07-28T11:59:47","date_gmt":"2025-07-28T03:59:47","guid":{"rendered":"https:\/\/kengmingcn.com\/?post_type=product&#038;p=51921"},"modified":"2025-12-26T10:55:06","modified_gmt":"2025-12-26T02:55:06","slug":"42-48l-h-eismaschine-multi-funktion-optionale-farben","status":"publish","type":"product","link":"https:\/\/kengmingcn.com\/de_de\/product\/42-48l-h-eismaschine-multi-funktion-optionale-farben\/","title":{"rendered":"42-48L\/H Eiscreme-Maschine, Multifunktion, optionale Farben"},"content":{"rendered":"<h3 class=\"wp-block-heading\" id=\"h-description\">Beschreibung<\/h3>\n\n\n\n<p>Die <strong>JM-N42 Serie Softeismaschine<\/strong> ist eine kommerzielle L\u00f6sung mit hohem Durchsatz, die f\u00fcr Unternehmen entwickelt wurde, die sowohl Leistung als auch Layout-Flexibilit\u00e4t ben\u00f6tigen. Mit einer Produktionskapazit\u00e4t von <strong>42-48 Liter pro Stunde<\/strong>, Dieses Modell ist erh\u00e4ltlich in <strong>Tischplatte (JM-N42A)<\/strong> und <strong>vertikal (JM-N42)<\/strong> Versionen, so dass die Betreiber die Konfiguration w\u00e4hlen k\u00f6nnen, die am besten zu ihren R\u00e4umlichkeiten und Arbeitsabl\u00e4ufen passt. Angetrieben von einer <strong>2650W System<\/strong> Die Serie JM-N42 ist mit einer stabilen Luftk\u00fchlung ausgestattet und erm\u00f6glicht eine kontinuierliche Soft-Serve-Produktion w\u00e4hrend der Hauptbetriebszeiten.<\/p>\n\n\n\n<div style=\"height:30px\" aria-hidden=\"true\" class=\"wp-block-spacer\"><\/div>\n\n\n\n<figure class=\"wp-block-table is-style-stripes\"><table><thead><tr><th>Modell<\/th><th><strong>JM-N42A (Tischger\u00e4t) | JM-N42 (vertikal)<\/strong><\/th><\/tr><\/thead><tbody><tr><td>Gr\u00f6\u00dfe der Maschine<\/td><td><sup>610*816*850mm (Tischplatte) | 610*816*1480mm (vertikal)<\/sup><\/td><\/tr><tr><td>Strom<\/td><td>2,65 kW<\/td><\/tr><tr><td>Ausgabe<\/td><td>42-48L\/H<\/td><\/tr><tr><td>Dr\u00fccken Sie wiederholt die Zahl 66g<\/td><td>26-38 Mal<\/td><\/tr><tr><td>Fassungsverm\u00f6gen des Gefriertanks<\/td><td>2.2L*2<\/td><\/tr><tr><td>Fassungsverm\u00f6gen des Materialtanks<\/td><td>6L*2<\/td><\/tr><tr><td>Leistung des Verdichters<\/td><td>2HP<\/td><\/tr><tr><td>K\u00e4ltemittel<\/td><td><sup>R22\/R404a\/R410<\/sup><\/td><\/tr><tr><td>Erste Gie\u00dfzeit \/ Zweite Gie\u00dfzeit<\/td><td>17 Minuten \/ 6 Minuten<\/td><\/tr><tr><td>Gewicht<\/td><td><sup>95kg(Tischplatte) | 102kg (vertikal)<\/sup><\/td><\/tr><tr><td>Anzahl der Kompressoren<\/td><td>Doppelter<\/td><\/tr><\/tbody><\/table><\/figure>\n\n\n\n<div style=\"height:30px\" aria-hidden=\"true\" class=\"wp-block-spacer\"><\/div>\n\n\n\n<div class=\"wp-block-columns is-layout-flex wp-container-core-columns-is-layout-9d6595d7 wp-block-columns-is-layout-flex dt-cr-1\">\n<div class=\"wp-block-column is-layout-flow wp-block-column-is-layout-flow\">\n<h3 class=\"wp-block-heading has-medium-font-size\" id=\"h-high-capacity-42-48l-h-output-for-peak-demand\">Leistungsstarker 42-48L\/H-Ausgang f\u00fcr Spitzennachfrage<\/h3>\n\n\n\n<p>Die JM-N42-Serie bietet eine starke <strong>42-48 Liter pro Stunde<\/strong> Produktionskapazit\u00e4t und eignet sich daher f\u00fcr Umgebungen mit hohem Publikumsverkehr wie Dessertshops, Buffets, Food Courts und Unterhaltungseinrichtungen. Die leistungsstarke <strong>2650W System<\/strong> sorgt f\u00fcr eine stabile Gefrierleistung w\u00e4hrend der kontinuierlichen Ausgabe und erm\u00f6glicht es dem Bediener, gro\u00dfe Mengen zu servieren, ohne die Textur oder Geschwindigkeit zu beeintr\u00e4chtigen.<\/p>\n<\/div>\n\n\n\n<div class=\"wp-block-column is-layout-flow wp-block-column-is-layout-flow\">\n<h3 class=\"wp-block-heading has-medium-font-size\" id=\"h-tabletop-or-vertical-configuration-for-flexible-installation\">Tisch- oder vertikale Konfiguration f\u00fcr flexible Installation<\/h3>\n\n\n\n<p>Dieses Modell wird angeboten in <strong>zwei strukturelle Optionen<\/strong>: die <strong>JM-N42A Tischversion<\/strong> f\u00fcr die Z\u00e4hlerplatzierung und die <strong>JM-N42 vertikale Ausf\u00fchrung<\/strong> f\u00fcr die Bodenaufstellung. Beide Versionen haben die gleiche Kernleistung und den gleichen Output, so dass K\u00e4ufer die Flexibilit\u00e4t haben, das Format zu w\u00e4hlen, das am besten zum verf\u00fcgbaren Platz, zum Kundenfluss und zum Ladenlayout passt, ohne die Ger\u00e4tespezifikationen zu \u00e4ndern.<\/p>\n<\/div>\n<\/div>\n\n\n\n<div style=\"height:30px\" aria-hidden=\"true\" class=\"wp-block-spacer\"><\/div>\n\n\n\n<div class=\"wp-block-columns is-layout-flex wp-container-core-columns-is-layout-9d6595d7 wp-block-columns-is-layout-flex dt-cr-2\">\n<div class=\"wp-block-column is-layout-flow wp-block-column-is-layout-flow\">\n<h3 class=\"wp-block-heading has-medium-font-size\" id=\"h-stable-air-cooling-system-with-multiple-refrigerant-options\"><strong>Stabiles Luftk\u00fchlsystem mit mehreren K\u00e4ltemitteloptionen<\/strong><\/h3>\n\n\n\n<p>Die Serie JM-N42 verwendet ein <strong>luftgek\u00fchltes Verfl\u00fcssigungssystem<\/strong>, Dadurch wird die Installation vereinfacht und die Abh\u00e4ngigkeit von Wasseranschl\u00fcssen verringert. Es unterst\u00fctzt mehrere K\u00e4ltemittel, darunter <strong>R22, R404a und R410<\/strong>, Dies erm\u00f6glicht die Einhaltung unterschiedlicher regionaler Normen und Marktanforderungen. Dies gew\u00e4hrleistet eine zuverl\u00e4ssige K\u00fchlleistung und einen einfachen Einsatz auf globalen M\u00e4rkten.<\/p>\n<\/div>\n\n\n\n<div class=\"wp-block-column is-layout-flow wp-block-column-is-layout-flow\">\n<h3 class=\"wp-block-heading has-medium-font-size\" id=\"h-commercial-grade-structure-for-continuous-operation\"><strong>Handels\u00fcbliche Struktur f\u00fcr Dauerbetrieb<\/strong><\/h3>\n\n\n\n<p>Die Maschine ist f\u00fcr den t\u00e4glichen Einsatz im Handel konzipiert und l\u00e4uft auch bei langen Arbeitszeiten stabil. Das interne System ist so konstruiert, dass es ein kontinuierliches Einfrieren und Ausgeben unterst\u00fctzt und so Ausfallzeiten in Sto\u00dfzeiten reduziert. Diese Zuverl\u00e4ssigkeit hilft Unternehmen, eine gleichbleibende Servicequalit\u00e4t aufrechtzuerhalten und gleichzeitig die Betriebsunterbrechungen zu minimieren.<\/p>\n<\/div>\n<\/div>\n\n\n\n<div style=\"height:30px\" aria-hidden=\"true\" class=\"wp-block-spacer\"><\/div>\n\n\n\n<div class=\"wp-block-columns is-layout-flex wp-container-core-columns-is-layout-9d6595d7 wp-block-columns-is-layout-flex dt-cr-3\">\n<div class=\"wp-block-column is-layout-flow wp-block-column-is-layout-flow\">\n<h3 class=\"wp-block-heading has-medium-font-size\" id=\"h-more-detail\">Mehr Details<\/h3>\n\n\n\n<figure class=\"wp-block-gallery has-nested-images columns-2 is-cropped wp-block-gallery-1 is-layout-flex wp-block-gallery-is-layout-flex\">\n<figure data-wp-context=\"{&quot;imageId&quot;:&quot;69d26a84c1fb7&quot;}\" data-wp-interactive=\"core\/image\" class=\"wp-block-image size-large wp-lightbox-container\"><img decoding=\"async\" width=\"1024\" height=\"483\" data-wp-class--hide=\"state.isContentHidden\" data-wp-class--show=\"state.isContentVisible\" data-wp-init=\"callbacks.setButtonStyles\" data-wp-on-async--click=\"actions.showLightbox\" data-wp-on-async--load=\"callbacks.setButtonStyles\" data-wp-on-async-window--resize=\"callbacks.setButtonStyles\" data-id=\"51505\" src=\"https:\/\/kengmingcn.com\/wp-content\/uploads\/2025\/06\/JM-S28AB-detail-4-1024x483.webp\" alt=\"\" class=\"wp-image-51505\" srcset=\"https:\/\/kengmingcn.com\/wp-content\/uploads\/2025\/06\/JM-S28AB-detail-4-1024x483.webp 1024w, https:\/\/kengmingcn.com\/wp-content\/uploads\/2025\/06\/JM-S28AB-detail-4-300x142.webp 300w, https:\/\/kengmingcn.com\/wp-content\/uploads\/2025\/06\/JM-S28AB-detail-4-768x362.webp 768w, https:\/\/kengmingcn.com\/wp-content\/uploads\/2025\/06\/JM-S28AB-detail-4.webp 1060w\" sizes=\"(max-width: 1024px) 100vw, 1024px\" \/><button\n\t\t\tclass=\"lightbox-trigger\"\n\t\t\ttype=\"button\"\n\t\t\taria-haspopup=\"dialog\"\n\t\t\taria-label=\"Vergr\u00f6\u00dfern\"\n\t\t\tdata-wp-init=\"callbacks.initTriggerButton\"\n\t\t\tdata-wp-on-async--click=\"actions.showLightbox\"\n\t\t\tdata-wp-style--right=\"state.imageButtonRight\"\n\t\t\tdata-wp-style--top=\"state.imageButtonTop\"\n\t\t>\n\t\t\t<svg xmlns=\"http:\/\/www.w3.org\/2000\/svg\" width=\"12\" height=\"12\" fill=\"none\" viewbox=\"0 0 12 12\">\n\t\t\t\t<path fill=\"#fff\" d=\"M2 0a2 2 0 0 0-2 2v2h1.5V2a.5.5 0 0 1 .5-.5h2V0H2Zm2 10.5H2a.5.5 0 0 1-.5-.5V8H0v2a2 2 0 0 0 2 2h2v-1.5ZM8 12v-1.5h2a.5.5 0 0 0 .5-.5V8H12v2a2 2 0 0 1-2 2H8Zm2-12a2 2 0 0 1 2 2v2h-1.5V2a.5.5 0 0 0-.5-.5H8V0h2Z\" \/>\n\t\t\t<\/svg>\n\t\t<\/button><\/figure>\n\n\n\n<figure data-wp-context=\"{&quot;imageId&quot;:&quot;69d26a84c22cc&quot;}\" data-wp-interactive=\"core\/image\" class=\"wp-block-image size-large wp-lightbox-container\"><img decoding=\"async\" width=\"1024\" height=\"483\" data-wp-class--hide=\"state.isContentHidden\" data-wp-class--show=\"state.isContentVisible\" data-wp-init=\"callbacks.setButtonStyles\" data-wp-on-async--click=\"actions.showLightbox\" data-wp-on-async--load=\"callbacks.setButtonStyles\" data-wp-on-async-window--resize=\"callbacks.setButtonStyles\" data-id=\"51498\" src=\"https:\/\/kengmingcn.com\/wp-content\/uploads\/2025\/06\/JM-S28B-Ice-Cream-Machine-detail-5-1024x483.webp\" alt=\"\" class=\"wp-image-51498\" srcset=\"https:\/\/kengmingcn.com\/wp-content\/uploads\/2025\/06\/JM-S28B-Ice-Cream-Machine-detail-5-1024x483.webp 1024w, https:\/\/kengmingcn.com\/wp-content\/uploads\/2025\/06\/JM-S28B-Ice-Cream-Machine-detail-5-300x142.webp 300w, https:\/\/kengmingcn.com\/wp-content\/uploads\/2025\/06\/JM-S28B-Ice-Cream-Machine-detail-5-768x362.webp 768w, https:\/\/kengmingcn.com\/wp-content\/uploads\/2025\/06\/JM-S28B-Ice-Cream-Machine-detail-5.webp 1060w\" sizes=\"(max-width: 1024px) 100vw, 1024px\" \/><button\n\t\t\tclass=\"lightbox-trigger\"\n\t\t\ttype=\"button\"\n\t\t\taria-haspopup=\"dialog\"\n\t\t\taria-label=\"Vergr\u00f6\u00dfern\"\n\t\t\tdata-wp-init=\"callbacks.initTriggerButton\"\n\t\t\tdata-wp-on-async--click=\"actions.showLightbox\"\n\t\t\tdata-wp-style--right=\"state.imageButtonRight\"\n\t\t\tdata-wp-style--top=\"state.imageButtonTop\"\n\t\t>\n\t\t\t<svg xmlns=\"http:\/\/www.w3.org\/2000\/svg\" width=\"12\" height=\"12\" fill=\"none\" viewbox=\"0 0 12 12\">\n\t\t\t\t<path fill=\"#fff\" d=\"M2 0a2 2 0 0 0-2 2v2h1.5V2a.5.5 0 0 1 .5-.5h2V0H2Zm2 10.5H2a.5.5 0 0 1-.5-.5V8H0v2a2 2 0 0 0 2 2h2v-1.5ZM8 12v-1.5h2a.5.5 0 0 0 .5-.5V8H12v2a2 2 0 0 1-2 2H8Zm2-12a2 2 0 0 1 2 2v2h-1.5V2a.5.5 0 0 0-.5-.5H8V0h2Z\" \/>\n\t\t\t<\/svg>\n\t\t<\/button><\/figure>\n<\/figure>\n<\/div>\n<\/div>\n\n\n\n<div class=\"wp-block-columns is-layout-flex wp-container-core-columns-is-layout-9d6595d7 wp-block-columns-is-layout-flex dt-cr-4\">\n<div class=\"wp-block-column is-layout-flow wp-block-column-is-layout-flow\">\n<div style=\"height:30px\" aria-hidden=\"true\" class=\"wp-block-spacer\"><\/div>\n\n\n\n<h3 class=\"wp-block-heading has-medium-font-size\" id=\"h-why-choose-us\">Warum uns w\u00e4hlen?<\/h3>\n\n\n\n<p>Ob Sie sich f\u00fcr die <strong>kompakte Tischplatte JM-N42A<\/strong> oder die <strong>Vertikal in voller H\u00f6he JM-N42<\/strong>, Diese Serie bietet dieselbe hocheffiziente Leistung, zuverl\u00e4ssige K\u00fchlung und kommerzielle Haltbarkeit. Die Softeismaschine JM-N42 wurde f\u00fcr Dessertshops, Caf\u00e9s, Food-Courts und stark frequentierte Orte entwickelt und bietet eine gleichbleibende Textur, schnelle Erholung und flexible Installation - eine zuverl\u00e4ssige Wahl f\u00fcr Betreiber und H\u00e4ndler, die skalierbare Softeisl\u00f6sungen suchen.<\/p>\n<\/div>\n<\/div>","protected":false},"excerpt":{"rendered":"<ul>\n<li class=\"ai-optimize-46\">Leistung: 2650W<\/li>\n<li class=\"ai-optimize-47\">Leistung: 42-48L\/H<\/li>\n<li class=\"ai-optimize-48\">Gr\u00f6\u00dfe: 610*816*850mm (Tischplatte) | 610*816*1480mm (vertikal)<\/li>\n<li class=\"ai-optimize-49\">Mischtrichter: 6L*2<\/li>\n<li class=\"ai-optimize-50\">Zylinder: 2.2L*2<\/li>\n<\/ul>","protected":false},"featured_media":51918,"comment_status":"open","ping_status":"closed","template":"","meta":{"_acf_changed":false},"product_brand":[252],"product_cat":[245,275],"product_tag":[],"class_list":{"0":"post-51921","1":"product","2":"type-product","3":"status-publish","4":"has-post-thumbnail","6":"product_brand-juanming","7":"product_cat-ice-cream-machine","8":"product_cat-refrigeration-equipment","9":"description-off","11":"first","12":"instock","13":"shipping-taxable","14":"product-type-simple"},"acf":[],"yoast_head":"<!-- This site is optimized with the Yoast SEO Premium plugin v25.3 (Yoast SEO v26.3) - https:\/\/yoast.com\/wordpress\/plugins\/seo\/ -->\n<title>42-48L\/H Ice Cream Machine, Multi-function, Optional Colors - KengMing | Manufacturer of Commercial Kitchen Equipment<\/title>\n<meta name=\"description\" content=\"High-capacity soft serve ice cream machine with pre-cooling, puffing, and 7-day no-clean system. Multiple colors available. Ideal for dessert shops and restaurants.\" \/>\n<meta name=\"robots\" content=\"index, follow, max-snippet:-1, max-image-preview:large, max-video-preview:-1\" \/>\n<link rel=\"canonical\" href=\"https:\/\/kengmingcn.com\/de_de\/product\/42-48l-h-eismaschine-multi-funktion-optionale-farben\/\" \/>\n<meta property=\"og:locale\" content=\"de_DE\" \/>\n<meta property=\"og:type\" content=\"article\" \/>\n<meta property=\"og:title\" content=\"42-48L\/H Ice Cream Machine, Multi-function, Optional Colors\" \/>\n<meta property=\"og:description\" content=\"High-capacity soft serve ice cream machine with pre-cooling, puffing, and 7-day no-clean system. Multiple colors available. Ideal for dessert shops and restaurants.\" \/>\n<meta property=\"og:url\" content=\"https:\/\/kengmingcn.com\/de_de\/product\/42-48l-h-eismaschine-multi-funktion-optionale-farben\/\" \/>\n<meta property=\"og:site_name\" content=\"KengMing | Manufacturer of Commercial Kitchen Equipment\" \/>\n<meta property=\"article:modified_time\" content=\"2025-12-26T02:55:06+00:00\" \/>\n<meta property=\"og:image\" content=\"https:\/\/kengmingcn.com\/wp-content\/uploads\/2025\/07\/D28-42-\u6a59\u8272\u548c\u7d2b\u8272.webp\" \/>\n\t<meta property=\"og:image:width\" content=\"1228\" \/>\n\t<meta property=\"og:image:height\" content=\"1231\" \/>\n\t<meta property=\"og:image:type\" content=\"image\/webp\" \/>\n<meta name=\"twitter:card\" content=\"summary_large_image\" \/>\n<meta name=\"twitter:label1\" content=\"Preis\" \/>\n\t<meta name=\"twitter:data1\" content=\"\" \/>\n\t<meta name=\"twitter:label2\" content=\"Verf\u00fcgbarkeit\" \/>\n\t<meta name=\"twitter:data2\" content=\"Auf Lager\" \/>\n<script type=\"application\/ld+json\" class=\"yoast-schema-graph\">{\"@context\":\"https:\/\/schema.org\",\"@graph\":[{\"@type\":\"WebPage\",\"@id\":\"https:\/\/kengmingcn.com\/fr\/product\/42-48l-h-machine-a-glace-multifonctionnelle-couleurs-optionnelles\/\",\"url\":\"https:\/\/kengmingcn.com\/fr\/product\/42-48l-h-machine-a-glace-multifonctionnelle-couleurs-optionnelles\/\",\"name\":\"42-48L\/H Ice Cream Machine, Multi-function, Optional Colors - KengMing | Manufacturer of Commercial Kitchen Equipment\",\"isPartOf\":{\"@id\":\"https:\/\/kengmingcn.com\/#website\"},\"primaryImageOfPage\":{\"@id\":\"https:\/\/kengmingcn.com\/fr\/product\/42-48l-h-machine-a-glace-multifonctionnelle-couleurs-optionnelles\/#primaryimage\"},\"image\":{\"@id\":\"https:\/\/kengmingcn.com\/fr\/product\/42-48l-h-machine-a-glace-multifonctionnelle-couleurs-optionnelles\/#primaryimage\"},\"thumbnailUrl\":\"https:\/\/kengmingcn.com\/wp-content\/uploads\/2025\/07\/D28-42-\u6a59\u8272\u548c\u7d2b\u8272.webp\",\"datePublished\":\"2025-07-28T03:59:47+00:00\",\"dateModified\":\"2025-12-26T02:55:06+00:00\",\"description\":\"High-capacity soft serve ice cream machine with pre-cooling, puffing, and 7-day no-clean system. Multiple colors available. Ideal for dessert shops and restaurants.\",\"breadcrumb\":{\"@id\":\"https:\/\/kengmingcn.com\/fr\/product\/42-48l-h-machine-a-glace-multifonctionnelle-couleurs-optionnelles\/#breadcrumb\"},\"inLanguage\":\"de\",\"potentialAction\":[{\"@type\":\"ReadAction\",\"target\":[\"https:\/\/kengmingcn.com\/fr\/product\/42-48l-h-machine-a-glace-multifonctionnelle-couleurs-optionnelles\/\"]}]},{\"@type\":\"ImageObject\",\"inLanguage\":\"de\",\"@id\":\"https:\/\/kengmingcn.com\/fr\/product\/42-48l-h-machine-a-glace-multifonctionnelle-couleurs-optionnelles\/#primaryimage\",\"url\":\"https:\/\/kengmingcn.com\/wp-content\/uploads\/2025\/07\/D28-42-\u6a59\u8272\u548c\u7d2b\u8272.webp\",\"contentUrl\":\"https:\/\/kengmingcn.com\/wp-content\/uploads\/2025\/07\/D28-42-\u6a59\u8272\u548c\u7d2b\u8272.webp\",\"width\":1228,\"height\":1231},{\"@type\":\"BreadcrumbList\",\"@id\":\"https:\/\/kengmingcn.com\/fr\/product\/42-48l-h-machine-a-glace-multifonctionnelle-couleurs-optionnelles\/#breadcrumb\",\"itemListElement\":[{\"@type\":\"ListItem\",\"position\":1,\"name\":\"Home\",\"item\":\"https:\/\/kengmingcn.com\/\"},{\"@type\":\"ListItem\",\"position\":2,\"name\":\"Catalogue\",\"item\":\"https:\/\/kengmingcn.com\/?page_id=27131\"},{\"@type\":\"ListItem\",\"position\":3,\"name\":\"42-48L\/H Ice Cream Machine, Multi-function, Optional Colors\"}]},{\"@type\":\"WebSite\",\"@id\":\"https:\/\/kengmingcn.com\/#website\",\"url\":\"https:\/\/kengmingcn.com\/\",\"name\":\"Kitchen Equipment\",\"description\":\"KengMing is a professional commercial kitchen equipment manufacturer and wholesale supplier, offering cooking, food prep and bakery equipment with OEM &amp; ODM service for global distributors.\",\"publisher\":{\"@id\":\"https:\/\/kengmingcn.com\/#organization\"},\"potentialAction\":[{\"@type\":\"SearchAction\",\"target\":{\"@type\":\"EntryPoint\",\"urlTemplate\":\"https:\/\/kengmingcn.com\/?s={search_term_string}\"},\"query-input\":{\"@type\":\"PropertyValueSpecification\",\"valueRequired\":true,\"valueName\":\"search_term_string\"}}],\"inLanguage\":\"de\"},{\"@type\":\"Organization\",\"@id\":\"https:\/\/kengmingcn.com\/#organization\",\"name\":\"GuangZhou KengMing\",\"url\":\"https:\/\/kengmingcn.com\/\",\"logo\":{\"@type\":\"ImageObject\",\"inLanguage\":\"de\",\"@id\":\"https:\/\/kengmingcn.com\/#\/schema\/logo\/image\/\",\"url\":\"https:\/\/kengmingcn.com\/wp-content\/uploads\/2025\/04\/cropped-1744508604969-removebg-preview.png\",\"contentUrl\":\"https:\/\/kengmingcn.com\/wp-content\/uploads\/2025\/04\/cropped-1744508604969-removebg-preview.png\",\"width\":512,\"height\":512,\"caption\":\"GuangZhou KengMing\"},\"image\":{\"@id\":\"https:\/\/kengmingcn.com\/#\/schema\/logo\/image\/\"}}]}<\/script>\n<meta property=\"product:price:amount\" content=\"0.00\" \/>\n<meta property=\"product:price:currency\" content=\"USD\" \/>\n<meta property=\"og:availability\" content=\"instock\" \/>\n<meta property=\"product:availability\" content=\"instock\" \/>\n<meta property=\"product:condition\" content=\"new\" \/>\n<!-- \/ Yoast SEO Premium plugin. -->","yoast_head_json":{"title":"42-48L\/H Eismaschine, Multifunktion, optionale Farben - KengMing | Hersteller von Gro\u00dfk\u00fcchenger\u00e4ten","description":"Hochleistungs-Softeiscreme-Maschine mit Vork\u00fchlung, Puffing und 7-Tage-Reinigungssystem. In mehreren Farben erh\u00e4ltlich. Ideal f\u00fcr Dessertshops und Restaurants.","robots":{"index":"index","follow":"follow","max-snippet":"max-snippet:-1","max-image-preview":"max-image-preview:large","max-video-preview":"max-video-preview:-1"},"canonical":"https:\/\/kengmingcn.com\/de_de\/product\/42-48l-h-eismaschine-multi-funktion-optionale-farben\/","og_locale":"de_DE","og_type":"article","og_title":"42-48L\/H Ice Cream Machine, Multi-function, Optional Colors","og_description":"High-capacity soft serve ice cream machine with pre-cooling, puffing, and 7-day no-clean system. Multiple colors available. Ideal for dessert shops and restaurants.","og_url":"https:\/\/kengmingcn.com\/de_de\/product\/42-48l-h-eismaschine-multi-funktion-optionale-farben\/","og_site_name":"KengMing | Manufacturer of Commercial Kitchen Equipment","article_modified_time":"2025-12-26T02:55:06+00:00","og_image":[{"width":1228,"height":1231,"url":"https:\/\/kengmingcn.com\/wp-content\/uploads\/2025\/07\/D28-42-\u6a59\u8272\u548c\u7d2b\u8272.webp","type":"image\/webp"}],"twitter_card":"summary_large_image","twitter_misc":{"Preis":"","Verf\u00fcgbarkeit":"Auf Lager"},"schema":{"@context":"https:\/\/schema.org","@graph":[{"@type":"WebPage","@id":"https:\/\/kengmingcn.com\/fr\/product\/42-48l-h-machine-a-glace-multifonctionnelle-couleurs-optionnelles\/","url":"https:\/\/kengmingcn.com\/fr\/product\/42-48l-h-machine-a-glace-multifonctionnelle-couleurs-optionnelles\/","name":"42-48L\/H Eismaschine, Multifunktion, optionale Farben - KengMing | Hersteller von Gro\u00dfk\u00fcchenger\u00e4ten","isPartOf":{"@id":"https:\/\/kengmingcn.com\/#website"},"primaryImageOfPage":{"@id":"https:\/\/kengmingcn.com\/fr\/product\/42-48l-h-machine-a-glace-multifonctionnelle-couleurs-optionnelles\/#primaryimage"},"image":{"@id":"https:\/\/kengmingcn.com\/fr\/product\/42-48l-h-machine-a-glace-multifonctionnelle-couleurs-optionnelles\/#primaryimage"},"thumbnailUrl":"https:\/\/kengmingcn.com\/wp-content\/uploads\/2025\/07\/D28-42-\u6a59\u8272\u548c\u7d2b\u8272.webp","datePublished":"2025-07-28T03:59:47+00:00","dateModified":"2025-12-26T02:55:06+00:00","description":"Hochleistungs-Softeiscreme-Maschine mit Vork\u00fchlung, Puffing und 7-Tage-Reinigungssystem. In mehreren Farben erh\u00e4ltlich. Ideal f\u00fcr Dessertshops und Restaurants.","breadcrumb":{"@id":"https:\/\/kengmingcn.com\/fr\/product\/42-48l-h-machine-a-glace-multifonctionnelle-couleurs-optionnelles\/#breadcrumb"},"inLanguage":"de","potentialAction":[{"@type":"ReadAction","target":["https:\/\/kengmingcn.com\/fr\/product\/42-48l-h-machine-a-glace-multifonctionnelle-couleurs-optionnelles\/"]}]},{"@type":"ImageObject","inLanguage":"de","@id":"https:\/\/kengmingcn.com\/fr\/product\/42-48l-h-machine-a-glace-multifonctionnelle-couleurs-optionnelles\/#primaryimage","url":"https:\/\/kengmingcn.com\/wp-content\/uploads\/2025\/07\/D28-42-\u6a59\u8272\u548c\u7d2b\u8272.webp","contentUrl":"https:\/\/kengmingcn.com\/wp-content\/uploads\/2025\/07\/D28-42-\u6a59\u8272\u548c\u7d2b\u8272.webp","width":1228,"height":1231},{"@type":"BreadcrumbList","@id":"https:\/\/kengmingcn.com\/fr\/product\/42-48l-h-machine-a-glace-multifonctionnelle-couleurs-optionnelles\/#breadcrumb","itemListElement":[{"@type":"ListItem","position":1,"name":"Home","item":"https:\/\/kengmingcn.com\/"},{"@type":"ListItem","position":2,"name":"Catalogue","item":"https:\/\/kengmingcn.com\/?page_id=27131"},{"@type":"ListItem","position":3,"name":"42-48L\/H Ice Cream Machine, Multi-function, Optional Colors"}]},{"@type":"WebSite","@id":"https:\/\/kengmingcn.com\/#website","url":"https:\/\/kengmingcn.com\/","name":"K\u00fcchenausstattung","description":"KengMing is a professional commercial kitchen equipment manufacturer and wholesale supplier, offering cooking, food prep and bakery equipment with OEM &amp; ODM service for global distributors.","publisher":{"@id":"https:\/\/kengmingcn.com\/#organization"},"potentialAction":[{"@type":"SearchAction","target":{"@type":"EntryPoint","urlTemplate":"https:\/\/kengmingcn.com\/?s={search_term_string}"},"query-input":{"@type":"PropertyValueSpecification","valueRequired":true,"valueName":"search_term_string"}}],"inLanguage":"de"},{"@type":"Organization","@id":"https:\/\/kengmingcn.com\/#organization","name":"GuangZhou KengMing","url":"https:\/\/kengmingcn.com\/","logo":{"@type":"ImageObject","inLanguage":"de","@id":"https:\/\/kengmingcn.com\/#\/schema\/logo\/image\/","url":"https:\/\/kengmingcn.com\/wp-content\/uploads\/2025\/04\/cropped-1744508604969-removebg-preview.png","contentUrl":"https:\/\/kengmingcn.com\/wp-content\/uploads\/2025\/04\/cropped-1744508604969-removebg-preview.png","width":512,"height":512,"caption":"GuangZhou KengMing"},"image":{"@id":"https:\/\/kengmingcn.com\/#\/schema\/logo\/image\/"}}]},"product_price_amount":"0.00","product_price_currency":"USD","og_availability":"instock","product_availability":"instock","product_condition":"new"},"_links":{"self":[{"href":"https:\/\/kengmingcn.com\/de_de\/wp-json\/wp\/v2\/product\/51921","targetHints":{"allow":["GET"]}}],"collection":[{"href":"https:\/\/kengmingcn.com\/de_de\/wp-json\/wp\/v2\/product"}],"about":[{"href":"https:\/\/kengmingcn.com\/de_de\/wp-json\/wp\/v2\/types\/product"}],"replies":[{"embeddable":true,"href":"https:\/\/kengmingcn.com\/de_de\/wp-json\/wp\/v2\/comments?post=51921"}],"wp:featuredmedia":[{"embeddable":true,"href":"https:\/\/kengmingcn.com\/de_de\/wp-json\/wp\/v2\/media\/51918"}],"wp:attachment":[{"href":"https:\/\/kengmingcn.com\/de_de\/wp-json\/wp\/v2\/media?parent=51921"}],"wp:term":[{"taxonomy":"product_brand","embeddable":true,"href":"https:\/\/kengmingcn.com\/de_de\/wp-json\/wp\/v2\/product_brand?post=51921"},{"taxonomy":"product_cat","embeddable":true,"href":"https:\/\/kengmingcn.com\/de_de\/wp-json\/wp\/v2\/product_cat?post=51921"},{"taxonomy":"product_tag","embeddable":true,"href":"https:\/\/kengmingcn.com\/de_de\/wp-json\/wp\/v2\/product_tag?post=51921"}],"curies":[{"name":"wp","href":"https:\/\/api.w.org\/{rel}","templated":true}]}}