{"id":51900,"date":"2025-07-28T09:47:59","date_gmt":"2025-07-28T01:47:59","guid":{"rendered":"https:\/\/kengmingcn.com\/?post_type=product&#038;p=51900"},"modified":"2025-12-26T11:03:50","modified_gmt":"2025-12-26T03:03:50","slug":"20l-h-eismaschine-mit-puffing-funktion","status":"publish","type":"product","link":"https:\/\/kengmingcn.com\/de_de\/product\/20l-h-eismaschine-mit-puffing-funktion\/","title":{"rendered":"20L\/H Speiseeismaschine mit Puffing-Funktion"},"content":{"rendered":"<h3 class=\"wp-block-heading\" id=\"h-description\">Beschreibung<\/h3>\n\n\n\n<p>Die <strong>Softeismaschine der Serie JM-N20<\/strong> ist eine kompakte kommerzielle L\u00f6sung, die f\u00fcr kleine bis mittlere Gastronomiebetriebe entwickelt wurde. Mit einer stabilen Leistung von <strong>18-20 Liter pro Stunde<\/strong>, Dieses Modell ist in folgenden Ausf\u00fchrungen erh\u00e4ltlich <strong>Tischplatte (JM-N20A)<\/strong> und <strong>vertikal (JM-N20)<\/strong> Konfigurationen, die Unternehmen die Flexibilit\u00e4t geben, je nach verf\u00fcgbarem Platz und Service-Layout zu w\u00e4hlen. Angetrieben von einer <strong>1700W System<\/strong> und mit einer Luftk\u00fchlung ausgestattet, liefert die JM-N20-Serie gleichbleibende Soft-Serve-Qualit\u00e4t f\u00fcr den t\u00e4glichen gewerblichen Einsatz.<\/p>\n\n\n\n<div style=\"height:30px\" aria-hidden=\"true\" class=\"wp-block-spacer\"><\/div>\n\n\n\n<figure class=\"wp-block-table is-style-stripes\"><table><thead><tr><th>Modell<\/th><th><strong>JM-N20A (Tischger\u00e4t) | JM-N20 (vertikal)<\/strong><\/th><\/tr><\/thead><tbody><tr><td>Gr\u00f6\u00dfe der Maschine<\/td><td><sup>544*710*850mm (Tischplatte) | 504*608*1177mm (vertikal)<\/sup><\/td><\/tr><tr><td>Strom<\/td><td>1,7 kW<\/td><\/tr><tr><td>Ausgabe<\/td><td>20L\/H<\/td><\/tr><tr><td>Dr\u00fccken Sie wiederholt die Zahl 66g<\/td><td>14-18 Mal<\/td><\/tr><tr><td>Fassungsverm\u00f6gen des Gefriertanks<\/td><td>1.5L*2<\/td><\/tr><tr><td>Fassungsverm\u00f6gen des Materialtanks<\/td><td>4.3L*2<\/td><\/tr><tr><td>Leistung des Verdichters<\/td><td>1HP<\/td><\/tr><tr><td>K\u00e4ltemittel<\/td><td><sup>R404a<\/sup><\/td><\/tr><tr><td>Erste Gie\u00dfzeit \/ Zweite Gie\u00dfzeit<\/td><td>17 Minuten \/ 6 Minuten<\/td><\/tr><tr><td>Gewicht<\/td><td><sup>85kg (Tischplatte) | 90kg (vertikal)<\/sup><\/td><\/tr><tr><td>Anzahl der Kompressoren<\/td><td>Eine<\/td><\/tr><\/tbody><\/table><\/figure>\n\n\n\n<div style=\"height:30px\" aria-hidden=\"true\" class=\"wp-block-spacer\"><\/div>\n\n\n\n<div class=\"wp-block-columns is-layout-flex wp-container-core-columns-is-layout-9d6595d7 wp-block-columns-is-layout-flex dt-cr-1\">\n<div class=\"wp-block-column is-layout-flow wp-block-column-is-layout-flow\">\n<h3 class=\"wp-block-heading has-medium-font-size\" id=\"h-stable-18-20l-h-output-for-daily-commercial-service\">Stabile Leistung von 18-20 l\/h f\u00fcr den t\u00e4glichen kommerziellen Einsatz<\/h3>\n\n\n\n<p>Die JM-N20-Serie bietet eine zuverl\u00e4ssige <strong>Produktionskapazit\u00e4t von 18-20L\/H<\/strong>, Dadurch eignet er sich f\u00fcr Caf\u00e9s, B\u00e4ckereien, Snackbars und Dessertshops mit m\u00e4\u00dfigem Kundenaufkommen. Das ausgewogene Energiesystem sorgt f\u00fcr eine kontinuierliche Ausgabe ohne h\u00e4ufige Verz\u00f6gerungen bei der Wiederherstellung und hilft den Betreibern, einen reibungslosen Service w\u00e4hrend der Sto\u00dfzeiten aufrechtzuerhalten.<\/p>\n<\/div>\n\n\n\n<div class=\"wp-block-column is-layout-flow wp-block-column-is-layout-flow\">\n<h3 class=\"wp-block-heading has-medium-font-size\" id=\"h-dual-hopper-and-dual-cylinder-configuration\">Konfiguration mit zwei Trichtern und zwei Zylindern<\/h3>\n\n\n\n<p>Ausgestattet mit <strong>Doppelte Mischbeh\u00e4lter (4,3L \u00d7 2)<\/strong> und <strong>Zwei Gefrierzylinder (1,5L \u00d7 2)<\/strong>, unterst\u00fctzt das Ger\u00e4t den Betrieb mit zwei Geschmacksrichtungen. Diese Konfiguration erm\u00f6glicht es Unternehmen, die Men\u00fcoptionen zu erweitern und gleichzeitig eine stabile Gefrierleistung beizubehalten, um die Auswahl f\u00fcr die Kunden zu verbessern, ohne den Platzbedarf der Ger\u00e4te zu erh\u00f6hen.<\/p>\n<\/div>\n<\/div>\n\n\n\n<div style=\"height:30px\" aria-hidden=\"true\" class=\"wp-block-spacer\"><\/div>\n\n\n\n<div class=\"wp-block-columns is-layout-flex wp-container-core-columns-is-layout-9d6595d7 wp-block-columns-is-layout-flex dt-cr-2\">\n<div class=\"wp-block-column is-layout-flow wp-block-column-is-layout-flow\">\n<h3 class=\"wp-block-heading has-medium-font-size\" id=\"h-tabletop-and-vertical-options-in-one-product-line\"><strong>Tisch- und Vertikaloptionen in einer Produktlinie<\/strong><\/h3>\n\n\n\n<p>Die <strong>JM-N20A Tischmodell<\/strong> ist ideal f\u00fcr die Platzierung an der Theke und im vorderen Bereich des Hauses, w\u00e4hrend die <strong>JM-N20 vertikales Modell<\/strong> ist f\u00fcr die Aufstellung auf dem Boden konzipiert, um Platz zu sparen. Beide Versionen haben die gleichen internen System- und Leistungsspezifikationen, was die Kaufentscheidung f\u00fcr H\u00e4ndler und Kettenbetreiber vereinfacht.<\/p>\n<\/div>\n\n\n\n<div class=\"wp-block-column is-layout-flow wp-block-column-is-layout-flow\">\n<h3 class=\"wp-block-heading has-medium-font-size\" id=\"h-efficient-air-cooling-system-with-r404a-refrigerant\"><strong>Effizientes Luftk\u00fchlsystem mit dem K\u00e4ltemittel R404a<\/strong><\/h3>\n\n\n\n<p>Die Serie JM-N20 verwendet ein <strong>Luftk\u00fchlungs-Kondensationsverfahren<\/strong>, und erm\u00f6glicht eine flexible Installation ohne zus\u00e4tzliche Wasseranschl\u00fcsse. Verwendung von <strong>K\u00e4ltemittel R404a<\/strong>, Das System bietet eine stabile K\u00fchlleistung und entspricht den g\u00e4ngigen Normen f\u00fcr gewerbliche K\u00fchlung auf mehreren M\u00e4rkten.<\/p>\n<\/div>\n<\/div>\n\n\n\n<div style=\"height:30px\" aria-hidden=\"true\" class=\"wp-block-spacer\"><\/div>\n\n\n\n<div class=\"wp-block-columns is-layout-flex wp-container-core-columns-is-layout-9d6595d7 wp-block-columns-is-layout-flex dt-cr-3\">\n<div class=\"wp-block-column is-layout-flow wp-block-column-is-layout-flow\">\n<h3 class=\"wp-block-heading has-medium-font-size\" id=\"h-more-detail\">Mehr Details<\/h3>\n\n\n\n<figure class=\"wp-block-gallery has-nested-images columns-2 is-cropped wp-block-gallery-1 is-layout-flex wp-block-gallery-is-layout-flex\">\n<figure data-wp-context=\"{&quot;imageId&quot;:&quot;69d2b30531fe7&quot;}\" data-wp-interactive=\"core\/image\" class=\"wp-block-image size-large wp-lightbox-container\"><img decoding=\"async\" width=\"1024\" height=\"483\" data-wp-class--hide=\"state.isContentHidden\" data-wp-class--show=\"state.isContentVisible\" data-wp-init=\"callbacks.setButtonStyles\" data-wp-on-async--click=\"actions.showLightbox\" data-wp-on-async--load=\"callbacks.setButtonStyles\" data-wp-on-async-window--resize=\"callbacks.setButtonStyles\" data-id=\"51505\" src=\"https:\/\/kengmingcn.com\/wp-content\/uploads\/2025\/06\/JM-S28AB-detail-4-1024x483.webp\" alt=\"\" class=\"wp-image-51505\" srcset=\"https:\/\/kengmingcn.com\/wp-content\/uploads\/2025\/06\/JM-S28AB-detail-4-1024x483.webp 1024w, https:\/\/kengmingcn.com\/wp-content\/uploads\/2025\/06\/JM-S28AB-detail-4-300x142.webp 300w, https:\/\/kengmingcn.com\/wp-content\/uploads\/2025\/06\/JM-S28AB-detail-4-768x362.webp 768w, https:\/\/kengmingcn.com\/wp-content\/uploads\/2025\/06\/JM-S28AB-detail-4.webp 1060w\" sizes=\"(max-width: 1024px) 100vw, 1024px\" \/><button\n\t\t\tclass=\"lightbox-trigger\"\n\t\t\ttype=\"button\"\n\t\t\taria-haspopup=\"dialog\"\n\t\t\taria-label=\"Vergr\u00f6\u00dfern\"\n\t\t\tdata-wp-init=\"callbacks.initTriggerButton\"\n\t\t\tdata-wp-on-async--click=\"actions.showLightbox\"\n\t\t\tdata-wp-style--right=\"state.imageButtonRight\"\n\t\t\tdata-wp-style--top=\"state.imageButtonTop\"\n\t\t>\n\t\t\t<svg xmlns=\"http:\/\/www.w3.org\/2000\/svg\" width=\"12\" height=\"12\" fill=\"none\" viewbox=\"0 0 12 12\">\n\t\t\t\t<path fill=\"#fff\" d=\"M2 0a2 2 0 0 0-2 2v2h1.5V2a.5.5 0 0 1 .5-.5h2V0H2Zm2 10.5H2a.5.5 0 0 1-.5-.5V8H0v2a2 2 0 0 0 2 2h2v-1.5ZM8 12v-1.5h2a.5.5 0 0 0 .5-.5V8H12v2a2 2 0 0 1-2 2H8Zm2-12a2 2 0 0 1 2 2v2h-1.5V2a.5.5 0 0 0-.5-.5H8V0h2Z\" \/>\n\t\t\t<\/svg>\n\t\t<\/button><\/figure>\n\n\n\n<figure data-wp-context=\"{&quot;imageId&quot;:&quot;69d2b30532280&quot;}\" data-wp-interactive=\"core\/image\" class=\"wp-block-image size-large wp-lightbox-container\"><img decoding=\"async\" width=\"1024\" height=\"483\" data-wp-class--hide=\"state.isContentHidden\" data-wp-class--show=\"state.isContentVisible\" data-wp-init=\"callbacks.setButtonStyles\" data-wp-on-async--click=\"actions.showLightbox\" data-wp-on-async--load=\"callbacks.setButtonStyles\" data-wp-on-async-window--resize=\"callbacks.setButtonStyles\" data-id=\"51498\" src=\"https:\/\/kengmingcn.com\/wp-content\/uploads\/2025\/06\/JM-S28B-Ice-Cream-Machine-detail-5-1024x483.webp\" alt=\"\" class=\"wp-image-51498\" srcset=\"https:\/\/kengmingcn.com\/wp-content\/uploads\/2025\/06\/JM-S28B-Ice-Cream-Machine-detail-5-1024x483.webp 1024w, https:\/\/kengmingcn.com\/wp-content\/uploads\/2025\/06\/JM-S28B-Ice-Cream-Machine-detail-5-300x142.webp 300w, https:\/\/kengmingcn.com\/wp-content\/uploads\/2025\/06\/JM-S28B-Ice-Cream-Machine-detail-5-768x362.webp 768w, https:\/\/kengmingcn.com\/wp-content\/uploads\/2025\/06\/JM-S28B-Ice-Cream-Machine-detail-5.webp 1060w\" sizes=\"(max-width: 1024px) 100vw, 1024px\" \/><button\n\t\t\tclass=\"lightbox-trigger\"\n\t\t\ttype=\"button\"\n\t\t\taria-haspopup=\"dialog\"\n\t\t\taria-label=\"Vergr\u00f6\u00dfern\"\n\t\t\tdata-wp-init=\"callbacks.initTriggerButton\"\n\t\t\tdata-wp-on-async--click=\"actions.showLightbox\"\n\t\t\tdata-wp-style--right=\"state.imageButtonRight\"\n\t\t\tdata-wp-style--top=\"state.imageButtonTop\"\n\t\t>\n\t\t\t<svg xmlns=\"http:\/\/www.w3.org\/2000\/svg\" width=\"12\" height=\"12\" fill=\"none\" viewbox=\"0 0 12 12\">\n\t\t\t\t<path fill=\"#fff\" d=\"M2 0a2 2 0 0 0-2 2v2h1.5V2a.5.5 0 0 1 .5-.5h2V0H2Zm2 10.5H2a.5.5 0 0 1-.5-.5V8H0v2a2 2 0 0 0 2 2h2v-1.5ZM8 12v-1.5h2a.5.5 0 0 0 .5-.5V8H12v2a2 2 0 0 1-2 2H8Zm2-12a2 2 0 0 1 2 2v2h-1.5V2a.5.5 0 0 0-.5-.5H8V0h2Z\" \/>\n\t\t\t<\/svg>\n\t\t<\/button><\/figure>\n<\/figure>\n<\/div>\n<\/div>\n\n\n\n<div class=\"wp-block-columns is-layout-flex wp-container-core-columns-is-layout-9d6595d7 wp-block-columns-is-layout-flex dt-cr-4\">\n<div class=\"wp-block-column is-layout-flow wp-block-column-is-layout-flow\">\n<div style=\"height:30px\" aria-hidden=\"true\" class=\"wp-block-spacer\"><\/div>\n\n\n\n<h3 class=\"wp-block-heading has-medium-font-size\" id=\"h-why-choose-us\">Warum uns w\u00e4hlen?<\/h3>\n\n\n\n<p>Ob konfiguriert als <strong>Tischplatte JM-N20A<\/strong> oder eine <strong>vertikal JM-N20<\/strong>, Diese Softeismaschine bietet eine konstante Leistung, zwei Geschmacksrichtungen und eine flexible Installation in einem kompakten kommerziellen Paket. Entwickelt f\u00fcr Effizienz, Zuverl\u00e4ssigkeit und Benutzerfreundlichkeit, ist die <strong>Baureihe JM-N20<\/strong> ist eine praktische Wahl f\u00fcr Foodservice-Betreiber und B2B-H\u00e4ndler, die zuverl\u00e4ssige Soft-Serve-Ger\u00e4te f\u00fcr den t\u00e4glichen Betrieb suchen.<\/p>\n<\/div>\n<\/div>","protected":false},"excerpt":{"rendered":"<ul>\n<li class=\"ai-optimize-46\">Leistung: 1700W<\/li>\n<li class=\"ai-optimize-47\">Leistung: 18-20L\/H<\/li>\n<li class=\"ai-optimize-48\">Gr\u00f6\u00dfe:544*710*850mm (Tischplatte) | 504*608*1177mm (vertikal)<\/li>\n<li class=\"ai-optimize-49\">Mischtrichter: 4.3L*2<\/li>\n<li class=\"ai-optimize-50\">Zylinder: 1.5L*2<\/li>\n<\/ul>","protected":false},"featured_media":51902,"comment_status":"open","ping_status":"closed","template":"","meta":{"_acf_changed":false},"product_brand":[252],"product_cat":[245,275],"product_tag":[],"class_list":{"0":"post-51900","1":"product","2":"type-product","3":"status-publish","4":"has-post-thumbnail","6":"product_brand-juanming","7":"product_cat-ice-cream-machine","8":"product_cat-refrigeration-equipment","9":"description-off","11":"first","12":"instock","13":"shipping-taxable","14":"product-type-simple"},"acf":[],"yoast_head":"<!-- This site is optimized with the Yoast SEO Premium plugin v25.3 (Yoast SEO v26.3) - https:\/\/yoast.com\/wordpress\/plugins\/seo\/ -->\n<title>20L\/H Ice cream machine with puffing function - KengMing | Manufacturer of Commercial Kitchen Equipment<\/title>\n<meta name=\"robots\" content=\"index, follow, max-snippet:-1, max-image-preview:large, max-video-preview:-1\" \/>\n<link rel=\"canonical\" href=\"https:\/\/kengmingcn.com\/de_de\/product\/20l-h-eismaschine-mit-puffing-funktion\/\" \/>\n<meta property=\"og:locale\" content=\"de_DE\" \/>\n<meta property=\"og:type\" content=\"article\" \/>\n<meta property=\"og:title\" content=\"20L\/H Ice cream machine with puffing function\" \/>\n<meta property=\"og:description\" content=\"Power: 1700W  Output: 18-20L\/H  Size:544*710*850mm (tabletop) | 504*608*1177mm (vertical)  Mix Hopper: 4.3L*2  Cylinder: 1.5L*2\" \/>\n<meta property=\"og:url\" content=\"https:\/\/kengmingcn.com\/de_de\/product\/20l-h-eismaschine-mit-puffing-funktion\/\" \/>\n<meta property=\"og:site_name\" content=\"KengMing | Manufacturer of Commercial Kitchen Equipment\" \/>\n<meta property=\"article:modified_time\" content=\"2025-12-26T03:03:50+00:00\" \/>\n<meta property=\"og:image\" content=\"https:\/\/kengmingcn.com\/wp-content\/uploads\/2025\/07\/20-28-\u7d2b\u8272-1.webp\" \/>\n\t<meta property=\"og:image:width\" content=\"1142\" \/>\n\t<meta property=\"og:image:height\" content=\"1225\" \/>\n\t<meta property=\"og:image:type\" content=\"image\/webp\" \/>\n<meta name=\"twitter:card\" content=\"summary_large_image\" \/>\n<meta name=\"twitter:label1\" content=\"Preis\" \/>\n\t<meta name=\"twitter:data1\" content=\"\" \/>\n\t<meta name=\"twitter:label2\" content=\"Verf\u00fcgbarkeit\" \/>\n\t<meta name=\"twitter:data2\" content=\"Auf Lager\" \/>\n<script type=\"application\/ld+json\" class=\"yoast-schema-graph\">{\"@context\":\"https:\/\/schema.org\",\"@graph\":[{\"@type\":\"WebPage\",\"@id\":\"https:\/\/kengmingcn.com\/ja\/product\/%e3%83%91%e3%83%95%e6%a9%9f%e8%83%bd%e4%bb%98%e3%81%8d20l-h%e3%82%a2%e3%82%a4%e3%82%b9%e3%82%af%e3%83%aa%e3%83%bc%e3%83%a0%e3%83%bb%e3%83%9e%e3%82%b7%e3%83%b3\/\",\"url\":\"https:\/\/kengmingcn.com\/ja\/product\/%e3%83%91%e3%83%95%e6%a9%9f%e8%83%bd%e4%bb%98%e3%81%8d20l-h%e3%82%a2%e3%82%a4%e3%82%b9%e3%82%af%e3%83%aa%e3%83%bc%e3%83%a0%e3%83%bb%e3%83%9e%e3%82%b7%e3%83%b3\/\",\"name\":\"20L\/H Ice cream machine with puffing function - KengMing | Manufacturer of Commercial Kitchen Equipment\",\"isPartOf\":{\"@id\":\"https:\/\/kengmingcn.com\/#website\"},\"primaryImageOfPage\":{\"@id\":\"https:\/\/kengmingcn.com\/ja\/product\/%e3%83%91%e3%83%95%e6%a9%9f%e8%83%bd%e4%bb%98%e3%81%8d20l-h%e3%82%a2%e3%82%a4%e3%82%b9%e3%82%af%e3%83%aa%e3%83%bc%e3%83%a0%e3%83%bb%e3%83%9e%e3%82%b7%e3%83%b3\/#primaryimage\"},\"image\":{\"@id\":\"https:\/\/kengmingcn.com\/ja\/product\/%e3%83%91%e3%83%95%e6%a9%9f%e8%83%bd%e4%bb%98%e3%81%8d20l-h%e3%82%a2%e3%82%a4%e3%82%b9%e3%82%af%e3%83%aa%e3%83%bc%e3%83%a0%e3%83%bb%e3%83%9e%e3%82%b7%e3%83%b3\/#primaryimage\"},\"thumbnailUrl\":\"https:\/\/kengmingcn.com\/wp-content\/uploads\/2025\/07\/20-28-\u7d2b\u8272-1.webp\",\"datePublished\":\"2025-07-28T01:47:59+00:00\",\"dateModified\":\"2025-12-26T03:03:50+00:00\",\"breadcrumb\":{\"@id\":\"https:\/\/kengmingcn.com\/ja\/product\/%e3%83%91%e3%83%95%e6%a9%9f%e8%83%bd%e4%bb%98%e3%81%8d20l-h%e3%82%a2%e3%82%a4%e3%82%b9%e3%82%af%e3%83%aa%e3%83%bc%e3%83%a0%e3%83%bb%e3%83%9e%e3%82%b7%e3%83%b3\/#breadcrumb\"},\"inLanguage\":\"de\",\"potentialAction\":[{\"@type\":\"ReadAction\",\"target\":[\"https:\/\/kengmingcn.com\/ja\/product\/%e3%83%91%e3%83%95%e6%a9%9f%e8%83%bd%e4%bb%98%e3%81%8d20l-h%e3%82%a2%e3%82%a4%e3%82%b9%e3%82%af%e3%83%aa%e3%83%bc%e3%83%a0%e3%83%bb%e3%83%9e%e3%82%b7%e3%83%b3\/\"]}]},{\"@type\":\"ImageObject\",\"inLanguage\":\"de\",\"@id\":\"https:\/\/kengmingcn.com\/ja\/product\/%e3%83%91%e3%83%95%e6%a9%9f%e8%83%bd%e4%bb%98%e3%81%8d20l-h%e3%82%a2%e3%82%a4%e3%82%b9%e3%82%af%e3%83%aa%e3%83%bc%e3%83%a0%e3%83%bb%e3%83%9e%e3%82%b7%e3%83%b3\/#primaryimage\",\"url\":\"https:\/\/kengmingcn.com\/wp-content\/uploads\/2025\/07\/20-28-\u7d2b\u8272-1.webp\",\"contentUrl\":\"https:\/\/kengmingcn.com\/wp-content\/uploads\/2025\/07\/20-28-\u7d2b\u8272-1.webp\",\"width\":1142,\"height\":1225},{\"@type\":\"BreadcrumbList\",\"@id\":\"https:\/\/kengmingcn.com\/ja\/product\/%e3%83%91%e3%83%95%e6%a9%9f%e8%83%bd%e4%bb%98%e3%81%8d20l-h%e3%82%a2%e3%82%a4%e3%82%b9%e3%82%af%e3%83%aa%e3%83%bc%e3%83%a0%e3%83%bb%e3%83%9e%e3%82%b7%e3%83%b3\/#breadcrumb\",\"itemListElement\":[{\"@type\":\"ListItem\",\"position\":1,\"name\":\"Home\",\"item\":\"https:\/\/kengmingcn.com\/\"},{\"@type\":\"ListItem\",\"position\":2,\"name\":\"Catalogue\",\"item\":\"https:\/\/kengmingcn.com\/?page_id=27131\"},{\"@type\":\"ListItem\",\"position\":3,\"name\":\"20L\/H Ice cream machine with puffing function\"}]},{\"@type\":\"WebSite\",\"@id\":\"https:\/\/kengmingcn.com\/#website\",\"url\":\"https:\/\/kengmingcn.com\/\",\"name\":\"Kitchen Equipment\",\"description\":\"KengMing is a professional commercial kitchen equipment manufacturer and wholesale supplier, offering cooking, food prep and bakery equipment with OEM &amp; ODM service for global distributors.\",\"publisher\":{\"@id\":\"https:\/\/kengmingcn.com\/#organization\"},\"potentialAction\":[{\"@type\":\"SearchAction\",\"target\":{\"@type\":\"EntryPoint\",\"urlTemplate\":\"https:\/\/kengmingcn.com\/?s={search_term_string}\"},\"query-input\":{\"@type\":\"PropertyValueSpecification\",\"valueRequired\":true,\"valueName\":\"search_term_string\"}}],\"inLanguage\":\"de\"},{\"@type\":\"Organization\",\"@id\":\"https:\/\/kengmingcn.com\/#organization\",\"name\":\"GuangZhou KengMing\",\"url\":\"https:\/\/kengmingcn.com\/\",\"logo\":{\"@type\":\"ImageObject\",\"inLanguage\":\"de\",\"@id\":\"https:\/\/kengmingcn.com\/#\/schema\/logo\/image\/\",\"url\":\"https:\/\/kengmingcn.com\/wp-content\/uploads\/2025\/04\/cropped-1744508604969-removebg-preview.png\",\"contentUrl\":\"https:\/\/kengmingcn.com\/wp-content\/uploads\/2025\/04\/cropped-1744508604969-removebg-preview.png\",\"width\":512,\"height\":512,\"caption\":\"GuangZhou KengMing\"},\"image\":{\"@id\":\"https:\/\/kengmingcn.com\/#\/schema\/logo\/image\/\"}}]}<\/script>\n<meta property=\"product:price:amount\" content=\"0.00\" \/>\n<meta property=\"product:price:currency\" content=\"USD\" \/>\n<meta property=\"og:availability\" content=\"instock\" \/>\n<meta property=\"product:availability\" content=\"instock\" \/>\n<meta property=\"product:condition\" content=\"new\" \/>\n<!-- \/ Yoast SEO Premium plugin. -->","yoast_head_json":{"title":"20L\/H Eismaschine mit Puffing-Funktion - KengMing | Hersteller von Gro\u00dfk\u00fcchenger\u00e4ten","robots":{"index":"index","follow":"follow","max-snippet":"max-snippet:-1","max-image-preview":"max-image-preview:large","max-video-preview":"max-video-preview:-1"},"canonical":"https:\/\/kengmingcn.com\/de_de\/product\/20l-h-eismaschine-mit-puffing-funktion\/","og_locale":"de_DE","og_type":"article","og_title":"20L\/H Ice cream machine with puffing function","og_description":"Power: 1700W  Output: 18-20L\/H  Size:544*710*850mm (tabletop) | 504*608*1177mm (vertical)  Mix Hopper: 4.3L*2  Cylinder: 1.5L*2","og_url":"https:\/\/kengmingcn.com\/de_de\/product\/20l-h-eismaschine-mit-puffing-funktion\/","og_site_name":"KengMing | Manufacturer of Commercial Kitchen Equipment","article_modified_time":"2025-12-26T03:03:50+00:00","og_image":[{"width":1142,"height":1225,"url":"https:\/\/kengmingcn.com\/wp-content\/uploads\/2025\/07\/20-28-\u7d2b\u8272-1.webp","type":"image\/webp"}],"twitter_card":"summary_large_image","twitter_misc":{"Preis":"","Verf\u00fcgbarkeit":"Auf Lager"},"schema":{"@context":"https:\/\/schema.org","@graph":[{"@type":"WebPage","@id":"https:\/\/kengmingcn.com\/ja\/product\/%e3%83%91%e3%83%95%e6%a9%9f%e8%83%bd%e4%bb%98%e3%81%8d20l-h%e3%82%a2%e3%82%a4%e3%82%b9%e3%82%af%e3%83%aa%e3%83%bc%e3%83%a0%e3%83%bb%e3%83%9e%e3%82%b7%e3%83%b3\/","url":"https:\/\/kengmingcn.com\/ja\/product\/%e3%83%91%e3%83%95%e6%a9%9f%e8%83%bd%e4%bb%98%e3%81%8d20l-h%e3%82%a2%e3%82%a4%e3%82%b9%e3%82%af%e3%83%aa%e3%83%bc%e3%83%a0%e3%83%bb%e3%83%9e%e3%82%b7%e3%83%b3\/","name":"20L\/H Eismaschine mit Puffing-Funktion - KengMing | Hersteller von Gro\u00dfk\u00fcchenger\u00e4ten","isPartOf":{"@id":"https:\/\/kengmingcn.com\/#website"},"primaryImageOfPage":{"@id":"https:\/\/kengmingcn.com\/ja\/product\/%e3%83%91%e3%83%95%e6%a9%9f%e8%83%bd%e4%bb%98%e3%81%8d20l-h%e3%82%a2%e3%82%a4%e3%82%b9%e3%82%af%e3%83%aa%e3%83%bc%e3%83%a0%e3%83%bb%e3%83%9e%e3%82%b7%e3%83%b3\/#primaryimage"},"image":{"@id":"https:\/\/kengmingcn.com\/ja\/product\/%e3%83%91%e3%83%95%e6%a9%9f%e8%83%bd%e4%bb%98%e3%81%8d20l-h%e3%82%a2%e3%82%a4%e3%82%b9%e3%82%af%e3%83%aa%e3%83%bc%e3%83%a0%e3%83%bb%e3%83%9e%e3%82%b7%e3%83%b3\/#primaryimage"},"thumbnailUrl":"https:\/\/kengmingcn.com\/wp-content\/uploads\/2025\/07\/20-28-\u7d2b\u8272-1.webp","datePublished":"2025-07-28T01:47:59+00:00","dateModified":"2025-12-26T03:03:50+00:00","breadcrumb":{"@id":"https:\/\/kengmingcn.com\/ja\/product\/%e3%83%91%e3%83%95%e6%a9%9f%e8%83%bd%e4%bb%98%e3%81%8d20l-h%e3%82%a2%e3%82%a4%e3%82%b9%e3%82%af%e3%83%aa%e3%83%bc%e3%83%a0%e3%83%bb%e3%83%9e%e3%82%b7%e3%83%b3\/#breadcrumb"},"inLanguage":"de","potentialAction":[{"@type":"ReadAction","target":["https:\/\/kengmingcn.com\/ja\/product\/%e3%83%91%e3%83%95%e6%a9%9f%e8%83%bd%e4%bb%98%e3%81%8d20l-h%e3%82%a2%e3%82%a4%e3%82%b9%e3%82%af%e3%83%aa%e3%83%bc%e3%83%a0%e3%83%bb%e3%83%9e%e3%82%b7%e3%83%b3\/"]}]},{"@type":"ImageObject","inLanguage":"de","@id":"https:\/\/kengmingcn.com\/ja\/product\/%e3%83%91%e3%83%95%e6%a9%9f%e8%83%bd%e4%bb%98%e3%81%8d20l-h%e3%82%a2%e3%82%a4%e3%82%b9%e3%82%af%e3%83%aa%e3%83%bc%e3%83%a0%e3%83%bb%e3%83%9e%e3%82%b7%e3%83%b3\/#primaryimage","url":"https:\/\/kengmingcn.com\/wp-content\/uploads\/2025\/07\/20-28-\u7d2b\u8272-1.webp","contentUrl":"https:\/\/kengmingcn.com\/wp-content\/uploads\/2025\/07\/20-28-\u7d2b\u8272-1.webp","width":1142,"height":1225},{"@type":"BreadcrumbList","@id":"https:\/\/kengmingcn.com\/ja\/product\/%e3%83%91%e3%83%95%e6%a9%9f%e8%83%bd%e4%bb%98%e3%81%8d20l-h%e3%82%a2%e3%82%a4%e3%82%b9%e3%82%af%e3%83%aa%e3%83%bc%e3%83%a0%e3%83%bb%e3%83%9e%e3%82%b7%e3%83%b3\/#breadcrumb","itemListElement":[{"@type":"ListItem","position":1,"name":"Home","item":"https:\/\/kengmingcn.com\/"},{"@type":"ListItem","position":2,"name":"Catalogue","item":"https:\/\/kengmingcn.com\/?page_id=27131"},{"@type":"ListItem","position":3,"name":"20L\/H Ice cream machine with puffing function"}]},{"@type":"WebSite","@id":"https:\/\/kengmingcn.com\/#website","url":"https:\/\/kengmingcn.com\/","name":"K\u00fcchenausstattung","description":"KengMing is a professional commercial kitchen equipment manufacturer and wholesale supplier, offering cooking, food prep and bakery equipment with OEM &amp; ODM service for global distributors.","publisher":{"@id":"https:\/\/kengmingcn.com\/#organization"},"potentialAction":[{"@type":"SearchAction","target":{"@type":"EntryPoint","urlTemplate":"https:\/\/kengmingcn.com\/?s={search_term_string}"},"query-input":{"@type":"PropertyValueSpecification","valueRequired":true,"valueName":"search_term_string"}}],"inLanguage":"de"},{"@type":"Organization","@id":"https:\/\/kengmingcn.com\/#organization","name":"GuangZhou KengMing","url":"https:\/\/kengmingcn.com\/","logo":{"@type":"ImageObject","inLanguage":"de","@id":"https:\/\/kengmingcn.com\/#\/schema\/logo\/image\/","url":"https:\/\/kengmingcn.com\/wp-content\/uploads\/2025\/04\/cropped-1744508604969-removebg-preview.png","contentUrl":"https:\/\/kengmingcn.com\/wp-content\/uploads\/2025\/04\/cropped-1744508604969-removebg-preview.png","width":512,"height":512,"caption":"GuangZhou KengMing"},"image":{"@id":"https:\/\/kengmingcn.com\/#\/schema\/logo\/image\/"}}]},"product_price_amount":"0.00","product_price_currency":"USD","og_availability":"instock","product_availability":"instock","product_condition":"new"},"_links":{"self":[{"href":"https:\/\/kengmingcn.com\/de_de\/wp-json\/wp\/v2\/product\/51900","targetHints":{"allow":["GET"]}}],"collection":[{"href":"https:\/\/kengmingcn.com\/de_de\/wp-json\/wp\/v2\/product"}],"about":[{"href":"https:\/\/kengmingcn.com\/de_de\/wp-json\/wp\/v2\/types\/product"}],"replies":[{"embeddable":true,"href":"https:\/\/kengmingcn.com\/de_de\/wp-json\/wp\/v2\/comments?post=51900"}],"wp:featuredmedia":[{"embeddable":true,"href":"https:\/\/kengmingcn.com\/de_de\/wp-json\/wp\/v2\/media\/51902"}],"wp:attachment":[{"href":"https:\/\/kengmingcn.com\/de_de\/wp-json\/wp\/v2\/media?parent=51900"}],"wp:term":[{"taxonomy":"product_brand","embeddable":true,"href":"https:\/\/kengmingcn.com\/de_de\/wp-json\/wp\/v2\/product_brand?post=51900"},{"taxonomy":"product_cat","embeddable":true,"href":"https:\/\/kengmingcn.com\/de_de\/wp-json\/wp\/v2\/product_cat?post=51900"},{"taxonomy":"product_tag","embeddable":true,"href":"https:\/\/kengmingcn.com\/de_de\/wp-json\/wp\/v2\/product_tag?post=51900"}],"curies":[{"name":"wp","href":"https:\/\/api.w.org\/{rel}","templated":true}]}}