{"id":50741,"date":"2025-05-18T11:50:48","date_gmt":"2025-05-18T03:50:48","guid":{"rendered":"https:\/\/kengmingcn.com\/?post_type=product&#038;p=50741"},"modified":"2025-05-18T12:00:37","modified_gmt":"2025-05-18T04:00:37","slug":"manuelle-gemuse-und-obstschneidemaschine-mit-externem-druck-zwiebel-kartoffel-zitrone-grapefruit-schinken-kuchenobstschneider","status":"publish","type":"product","link":"https:\/\/kengmingcn.com\/de_de\/product\/manuelle-gemuse-und-obstschneidemaschine-mit-externem-druck-zwiebel-kartoffel-zitrone-grapefruit-schinken-kuchenobstschneider\/","title":{"rendered":"Externer Druck Manuelle Gem\u00fcse- und Obstschneidemaschine Zwiebel Kartoffel Zitrone Grapefruit Schinken K\u00fcche Obstschneidemaschine"},"content":{"rendered":"<div style=\"width: 640px;\" class=\"wp-video\"><!--[if lt IE 9]><script>document.createElement('video');<\/script><![endif]-->\n<video class=\"wp-video-shortcode\" id=\"video-50741-1\" width=\"640\" height=\"360\" preload=\"metadata\" controls=\"controls\"><source type=\"video\/mp4\" src=\"https:\/\/cdn-gzkm.b-cdn.net\/video\/Kitchen%20Fruit%20Slicer%20video.mp4?_=1\" \/><a href=\"https:\/\/cdn-gzkm.b-cdn.net\/video\/Kitchen%20Fruit%20Slicer%20video.mp4\">https:\/\/cdn-gzkm.b-cdn.net\/video\/Kitchen%20Fruit%20Slicer%20video.mp4<\/a><\/video><\/div>\n<p>Ein manueller Druckschneider ist ein Ger\u00e4t, das Zutaten durch Druckaus\u00fcbung schneidet. Er besteht in der Regel aus einem Sockel, einem verstellbaren Schneidmesser und einer Druckvorrichtung. Zur Verwendung werden die Zutaten auf eine Schneidfl\u00e4che gelegt und durch die Druckvorrichtung geschoben und gezogen, die die Zutaten gegen die Klinge dr\u00fcckt, um einen gleichm\u00e4\u00dfigen Schnitt zu erzielen. Die Vorteile dieser Art von Schneidemaschine liegen darin, dass sie gro\u00dfe Mengen an Zutaten schnell schneiden kann und die Dicke des Schnitts durch die Einstellung der H\u00f6he des Messers kontrolliert werden kann, wodurch sie sich f\u00fcr die Verarbeitung einer Vielzahl von Zutaten eignet.<\/p>\n<p><img decoding=\"async\" class=\"alignnone size-full wp-image-50748\" src=\"http:\/\/kengmingcn.com\/wp-content\/uploads\/2025\/05\/Kitchen-Fruit-Slicer-7_11zon.webp\" alt=\"\" width=\"1060\" height=\"500\" srcset=\"https:\/\/kengmingcn.com\/wp-content\/uploads\/2025\/05\/Kitchen-Fruit-Slicer-7_11zon.webp 1060w, https:\/\/kengmingcn.com\/wp-content\/uploads\/2025\/05\/Kitchen-Fruit-Slicer-7_11zon-300x142.webp 300w, https:\/\/kengmingcn.com\/wp-content\/uploads\/2025\/05\/Kitchen-Fruit-Slicer-7_11zon-1024x483.webp 1024w, https:\/\/kengmingcn.com\/wp-content\/uploads\/2025\/05\/Kitchen-Fruit-Slicer-7_11zon-768x362.webp 768w\" sizes=\"(max-width: 1060px) 100vw, 1060px\" \/><\/p>\n<p>1. einstellbare Klinge: Die einstellbare Klingenh\u00f6he erm\u00f6glicht es dem Benutzer, die Dicke des Schnitts zu kontrollieren.<br \/>\n2. effizientes Schneiden: Druck Anwendung Ger\u00e4t hilft, Kraft gleichm\u00e4\u00dfig anzuwenden und schneiden Zutaten schnell.<br \/>\n3. einfach zu bedienen: Kein Strom erforderlich, geeignet f\u00fcr private und gewerbliche K\u00fcchen.<br \/>\n4. sicheres Design: Ausgestattet mit rutschfestem Boden und Sicherheits-Handschutz, um Stabilit\u00e4t und Sicherheit w\u00e4hrend des Gebrauchs zu gew\u00e4hrleisten.<br \/>\n5. langlebiges Material: Hergestellt aus rostfreiem Stahl kombiniert mit hochfestem Kunststoff, langlebig und leicht zu reinigen.<\/p>\n<p><img decoding=\"async\" class=\"alignnone size-full wp-image-50749\" src=\"http:\/\/kengmingcn.com\/wp-content\/uploads\/2025\/05\/Kitchen-Fruit-Slicer-2_11zon.webp\" alt=\"\" width=\"1060\" height=\"500\" srcset=\"https:\/\/kengmingcn.com\/wp-content\/uploads\/2025\/05\/Kitchen-Fruit-Slicer-2_11zon.webp 1060w, https:\/\/kengmingcn.com\/wp-content\/uploads\/2025\/05\/Kitchen-Fruit-Slicer-2_11zon-300x142.webp 300w, https:\/\/kengmingcn.com\/wp-content\/uploads\/2025\/05\/Kitchen-Fruit-Slicer-2_11zon-1024x483.webp 1024w, https:\/\/kengmingcn.com\/wp-content\/uploads\/2025\/05\/Kitchen-Fruit-Slicer-2_11zon-768x362.webp 768w\" sizes=\"(max-width: 1060px) 100vw, 1060px\" \/> \u00a0<img decoding=\"async\" class=\"alignnone size-full wp-image-50751\" src=\"http:\/\/kengmingcn.com\/wp-content\/uploads\/2025\/05\/Kitchen-Fruit-Slicer-6_11zon.webp\" alt=\"\" width=\"1060\" height=\"500\" srcset=\"https:\/\/kengmingcn.com\/wp-content\/uploads\/2025\/05\/Kitchen-Fruit-Slicer-6_11zon.webp 1060w, https:\/\/kengmingcn.com\/wp-content\/uploads\/2025\/05\/Kitchen-Fruit-Slicer-6_11zon-300x142.webp 300w, https:\/\/kengmingcn.com\/wp-content\/uploads\/2025\/05\/Kitchen-Fruit-Slicer-6_11zon-1024x483.webp 1024w, https:\/\/kengmingcn.com\/wp-content\/uploads\/2025\/05\/Kitchen-Fruit-Slicer-6_11zon-768x362.webp 768w\" sizes=\"(max-width: 1060px) 100vw, 1060px\" \/><img decoding=\"async\" class=\"alignnone size-full wp-image-50752\" src=\"http:\/\/kengmingcn.com\/wp-content\/uploads\/2025\/05\/Kitchen-Fruit-Slicer-1_11zon.webp\" alt=\"\" width=\"1060\" height=\"500\" srcset=\"https:\/\/kengmingcn.com\/wp-content\/uploads\/2025\/05\/Kitchen-Fruit-Slicer-1_11zon.webp 1060w, https:\/\/kengmingcn.com\/wp-content\/uploads\/2025\/05\/Kitchen-Fruit-Slicer-1_11zon-300x142.webp 300w, https:\/\/kengmingcn.com\/wp-content\/uploads\/2025\/05\/Kitchen-Fruit-Slicer-1_11zon-1024x483.webp 1024w, https:\/\/kengmingcn.com\/wp-content\/uploads\/2025\/05\/Kitchen-Fruit-Slicer-1_11zon-768x362.webp 768w\" sizes=\"(max-width: 1060px) 100vw, 1060px\" \/><img decoding=\"async\" class=\"alignnone size-full wp-image-50750\" src=\"http:\/\/kengmingcn.com\/wp-content\/uploads\/2025\/05\/Kitchen-Fruit-Slicer-5_11zon.webp\" alt=\"\" width=\"1060\" height=\"500\" srcset=\"https:\/\/kengmingcn.com\/wp-content\/uploads\/2025\/05\/Kitchen-Fruit-Slicer-5_11zon.webp 1060w, https:\/\/kengmingcn.com\/wp-content\/uploads\/2025\/05\/Kitchen-Fruit-Slicer-5_11zon-300x142.webp 300w, https:\/\/kengmingcn.com\/wp-content\/uploads\/2025\/05\/Kitchen-Fruit-Slicer-5_11zon-1024x483.webp 1024w, https:\/\/kengmingcn.com\/wp-content\/uploads\/2025\/05\/Kitchen-Fruit-Slicer-5_11zon-768x362.webp 768w\" sizes=\"(max-width: 1060px) 100vw, 1060px\" \/><\/p>\n<p>1. gewerbliche K\u00fcche:<br \/>\nEinsatz: Zur Verbesserung der Effizienz bei der Handhabung von Zutaten und zur Senkung der Arbeitskosten.<br \/>\nBeispiel: In Restaurants sorgen Schneidemaschinen zum schnellen Schneiden gro\u00dfer Mengen von Gem\u00fcse und Obst f\u00fcr einen effizienten Service und verk\u00fcrzen die Wartezeit.<br \/>\n2.Milk Tea Shop:<br \/>\nVerwendung: Effiziente Zubereitung verschiedener geschnittener Zutaten, die f\u00fcr Milchtee ben\u00f6tigt werden, um Produktqualit\u00e4t und -konsistenz zu gew\u00e4hrleisten.<br \/>\nBeispiel: Das Schneiden von frischen Fr\u00fcchten (z. B. Erdbeeren, Mangos) f\u00fcr die Verwendung in Milchtee stellt sicher, dass jede Tasse Milchtee einen gleichbleibenden Geschmack hat und die Kundenw\u00fcnsche schnell erf\u00fcllt werden k\u00f6nnen.<br \/>\n3) Lebensmittelverarbeitungsbetrieb:<br \/>\nVerwendung: Verbessern Sie die Effizienz der Zutatenverarbeitung in der Massenproduktion.<br \/>\nBeispiel: Schneiden gro\u00dfer Mengen von Zutaten (z. B. rote Bohnen, Taro), um den Anforderungen der Produktionslinie w\u00e4hrend des Produktionsprozesses gerecht zu werden, Verk\u00fcrzung der Verarbeitungszeit und Erh\u00f6hung der Produktionskapazit\u00e4t.<br \/>\n4. heimische K\u00fcche:<br \/>\nZweck: Vereinfachung der Zubereitung von Zutaten in der Hausmannskost.<br \/>\nBeispiel: Sparen Sie Zeit und Arbeit, indem Sie die Schneidemaschine zum Schneiden von Kartoffeln und Karotten f\u00fcr die Zubereitung gro\u00dfer Portionen von gebratenem oder gegrilltem Gem\u00fcse bei Familienfesten verwenden.<\/p>\n<p><img decoding=\"async\" class=\"alignnone size-full wp-image-50754\" src=\"http:\/\/kengmingcn.com\/wp-content\/uploads\/2025\/05\/Kitchen-Fruit-Slicer-4_11zon.webp\" alt=\"\" width=\"1060\" height=\"500\" srcset=\"https:\/\/kengmingcn.com\/wp-content\/uploads\/2025\/05\/Kitchen-Fruit-Slicer-4_11zon.webp 1060w, https:\/\/kengmingcn.com\/wp-content\/uploads\/2025\/05\/Kitchen-Fruit-Slicer-4_11zon-300x142.webp 300w, https:\/\/kengmingcn.com\/wp-content\/uploads\/2025\/05\/Kitchen-Fruit-Slicer-4_11zon-1024x483.webp 1024w, https:\/\/kengmingcn.com\/wp-content\/uploads\/2025\/05\/Kitchen-Fruit-Slicer-4_11zon-768x362.webp 768w\" sizes=\"(max-width: 1060px) 100vw, 1060px\" \/><img decoding=\"async\" class=\"alignnone size-full wp-image-50753\" src=\"http:\/\/kengmingcn.com\/wp-content\/uploads\/2025\/05\/Kitchen-Fruit-Slicer-3_11zon.webp\" alt=\"\" width=\"1060\" height=\"500\" srcset=\"https:\/\/kengmingcn.com\/wp-content\/uploads\/2025\/05\/Kitchen-Fruit-Slicer-3_11zon.webp 1060w, https:\/\/kengmingcn.com\/wp-content\/uploads\/2025\/05\/Kitchen-Fruit-Slicer-3_11zon-300x142.webp 300w, https:\/\/kengmingcn.com\/wp-content\/uploads\/2025\/05\/Kitchen-Fruit-Slicer-3_11zon-1024x483.webp 1024w, https:\/\/kengmingcn.com\/wp-content\/uploads\/2025\/05\/Kitchen-Fruit-Slicer-3_11zon-768x362.webp 768w\" sizes=\"(max-width: 1060px) 100vw, 1060px\" \/><\/p>\n<div id=\"1724923150471\" class=\"cke-navigation\" contenteditable=\"false\">Produkt-Parameter<\/div>\n<div class=\"rich-text-table\">\n<table>\n<colgroup>\n<col \/>\n<col \/>\n<col \/>\n<col \/>\n<col \/>\n<col \/><\/colgroup>\n<tbody>\n<tr>\n<td colspan=\"2\">Modell<\/td>\n<td colspan=\"2\">Zuschneidbare Materialien<\/td>\n<td colspan=\"2\">Einstellung der Scheibendicke<\/td>\n<td colspan=\"2\">Bare Metal Gr\u00f6\u00dfe<\/td>\n<td colspan=\"2\">Nettogewicht<\/td>\n<td colspan=\"2\">Hauptmaterial<\/td>\n<td colspan=\"2\">Arbeitsweise<\/td>\n<\/tr>\n<tr>\n<td colspan=\"2\">DBS-139<\/td>\n<td colspan=\"2\">Zitrone\/Grapefruit\/Gurke\/Brot\/Kartoffel\/Obst\/Gem\u00fcse<\/td>\n<td colspan=\"2\">0-15<\/td>\n<td colspan=\"2\">41*17*22CM<\/td>\n<td colspan=\"2\">1.25KG<\/td>\n<td colspan=\"2\">Kunststoffteil<\/td>\n<td colspan=\"2\">Push-Pull-Flasche<\/td>\n<\/tr>\n<\/tbody>\n<\/table>\n<\/div>","protected":false},"excerpt":{"rendered":"<p>Eine sichere und bequeme Art, Ihr Obst zu handhaben.<\/p>","protected":false},"featured_media":50755,"comment_status":"open","ping_status":"closed","template":"","meta":{"_acf_changed":false},"product_brand":[],"product_cat":[277,321],"product_tag":[],"class_list":{"0":"post-50741","1":"product","2":"type-product","3":"status-publish","4":"has-post-thumbnail","6":"product_cat-food-processing-equipment","7":"product_cat-fruit-and-vegetable-slicer","8":"description-off","10":"first","11":"instock","12":"shipping-taxable","13":"product-type-simple"},"acf":[],"yoast_head":"<!-- This site is optimized with the Yoast SEO Premium plugin v25.3 (Yoast SEO v26.3) - https:\/\/yoast.com\/wordpress\/plugins\/seo\/ -->\n<title>External Pressure Manual Vegetable and Fruit Slicer Onion Potato Lemon Grapefruit Ham Kitchen Fruit Slicer - KengMing | Manufacturer of Commercial Kitchen Equipment<\/title>\n<meta name=\"robots\" content=\"index, follow, max-snippet:-1, max-image-preview:large, max-video-preview:-1\" \/>\n<link rel=\"canonical\" href=\"https:\/\/kengmingcn.com\/de_de\/product\/manuelle-gemuse-und-obstschneidemaschine-mit-externem-druck-zwiebel-kartoffel-zitrone-grapefruit-schinken-kuchenobstschneider\/\" \/>\n<meta property=\"og:locale\" content=\"de_DE\" \/>\n<meta property=\"og:type\" content=\"article\" \/>\n<meta property=\"og:title\" content=\"External Pressure Manual Vegetable and Fruit Slicer Onion Potato Lemon Grapefruit Ham Kitchen Fruit Slicer\" \/>\n<meta property=\"og:description\" content=\"Safer and more convenient way to handle your fruits.\" \/>\n<meta property=\"og:url\" content=\"https:\/\/kengmingcn.com\/de_de\/product\/manuelle-gemuse-und-obstschneidemaschine-mit-externem-druck-zwiebel-kartoffel-zitrone-grapefruit-schinken-kuchenobstschneider\/\" \/>\n<meta property=\"og:site_name\" content=\"KengMing | Manufacturer of Commercial Kitchen Equipment\" \/>\n<meta property=\"article:modified_time\" content=\"2025-05-18T04:00:37+00:00\" \/>\n<meta property=\"og:image\" content=\"https:\/\/kengmingcn.com\/wp-content\/uploads\/2025\/05\/Kitchen-Fruit-Slicer-1_11zon-1.webp\" \/>\n\t<meta property=\"og:image:width\" content=\"550\" \/>\n\t<meta property=\"og:image:height\" content=\"550\" \/>\n\t<meta property=\"og:image:type\" content=\"image\/webp\" \/>\n<meta name=\"twitter:card\" content=\"summary_large_image\" \/>\n<meta name=\"twitter:label1\" content=\"Preis\" \/>\n\t<meta name=\"twitter:data1\" content=\"\" \/>\n\t<meta name=\"twitter:label2\" content=\"Verf\u00fcgbarkeit\" \/>\n\t<meta name=\"twitter:data2\" content=\"Auf Lager\" \/>\n<script type=\"application\/ld+json\" class=\"yoast-schema-graph\">{\"@context\":\"https:\/\/schema.org\",\"@graph\":[{\"@type\":\"WebPage\",\"@id\":\"https:\/\/kengmingcn.com\/es\/product\/cortadora-de-verduras-y-frutas-manual-de-presion-externa-cebolla-patata-limon-pomelo-jamon-cortadora-de-frutas-de-cocina\/\",\"url\":\"https:\/\/kengmingcn.com\/es\/product\/cortadora-de-verduras-y-frutas-manual-de-presion-externa-cebolla-patata-limon-pomelo-jamon-cortadora-de-frutas-de-cocina\/\",\"name\":\"External Pressure Manual Vegetable and Fruit Slicer Onion Potato Lemon Grapefruit Ham Kitchen Fruit Slicer - KengMing | Manufacturer of Commercial Kitchen Equipment\",\"isPartOf\":{\"@id\":\"https:\/\/kengmingcn.com\/#website\"},\"primaryImageOfPage\":{\"@id\":\"https:\/\/kengmingcn.com\/es\/product\/cortadora-de-verduras-y-frutas-manual-de-presion-externa-cebolla-patata-limon-pomelo-jamon-cortadora-de-frutas-de-cocina\/#primaryimage\"},\"image\":{\"@id\":\"https:\/\/kengmingcn.com\/es\/product\/cortadora-de-verduras-y-frutas-manual-de-presion-externa-cebolla-patata-limon-pomelo-jamon-cortadora-de-frutas-de-cocina\/#primaryimage\"},\"thumbnailUrl\":\"https:\/\/kengmingcn.com\/wp-content\/uploads\/2025\/05\/Kitchen-Fruit-Slicer-1_11zon-1.webp\",\"datePublished\":\"2025-05-18T03:50:48+00:00\",\"dateModified\":\"2025-05-18T04:00:37+00:00\",\"breadcrumb\":{\"@id\":\"https:\/\/kengmingcn.com\/es\/product\/cortadora-de-verduras-y-frutas-manual-de-presion-externa-cebolla-patata-limon-pomelo-jamon-cortadora-de-frutas-de-cocina\/#breadcrumb\"},\"inLanguage\":\"de\",\"potentialAction\":[{\"@type\":\"ReadAction\",\"target\":[\"https:\/\/kengmingcn.com\/es\/product\/cortadora-de-verduras-y-frutas-manual-de-presion-externa-cebolla-patata-limon-pomelo-jamon-cortadora-de-frutas-de-cocina\/\"]}]},{\"@type\":\"ImageObject\",\"inLanguage\":\"de\",\"@id\":\"https:\/\/kengmingcn.com\/es\/product\/cortadora-de-verduras-y-frutas-manual-de-presion-externa-cebolla-patata-limon-pomelo-jamon-cortadora-de-frutas-de-cocina\/#primaryimage\",\"url\":\"https:\/\/kengmingcn.com\/wp-content\/uploads\/2025\/05\/Kitchen-Fruit-Slicer-1_11zon-1.webp\",\"contentUrl\":\"https:\/\/kengmingcn.com\/wp-content\/uploads\/2025\/05\/Kitchen-Fruit-Slicer-1_11zon-1.webp\",\"width\":550,\"height\":550},{\"@type\":\"BreadcrumbList\",\"@id\":\"https:\/\/kengmingcn.com\/es\/product\/cortadora-de-verduras-y-frutas-manual-de-presion-externa-cebolla-patata-limon-pomelo-jamon-cortadora-de-frutas-de-cocina\/#breadcrumb\",\"itemListElement\":[{\"@type\":\"ListItem\",\"position\":1,\"name\":\"Home\",\"item\":\"https:\/\/kengmingcn.com\/\"},{\"@type\":\"ListItem\",\"position\":2,\"name\":\"Catalogue\",\"item\":\"https:\/\/kengmingcn.com\/?page_id=27131\"},{\"@type\":\"ListItem\",\"position\":3,\"name\":\"External Pressure Manual Vegetable and Fruit Slicer Onion Potato Lemon Grapefruit Ham Kitchen Fruit Slicer\"}]},{\"@type\":\"WebSite\",\"@id\":\"https:\/\/kengmingcn.com\/#website\",\"url\":\"https:\/\/kengmingcn.com\/\",\"name\":\"Kitchen Equipment\",\"description\":\"KengMing is a professional commercial kitchen equipment manufacturer and wholesale supplier, offering cooking, food prep and bakery equipment with OEM &amp; ODM service for global distributors.\",\"publisher\":{\"@id\":\"https:\/\/kengmingcn.com\/#organization\"},\"potentialAction\":[{\"@type\":\"SearchAction\",\"target\":{\"@type\":\"EntryPoint\",\"urlTemplate\":\"https:\/\/kengmingcn.com\/?s={search_term_string}\"},\"query-input\":{\"@type\":\"PropertyValueSpecification\",\"valueRequired\":true,\"valueName\":\"search_term_string\"}}],\"inLanguage\":\"de\"},{\"@type\":\"Organization\",\"@id\":\"https:\/\/kengmingcn.com\/#organization\",\"name\":\"GuangZhou KengMing\",\"url\":\"https:\/\/kengmingcn.com\/\",\"logo\":{\"@type\":\"ImageObject\",\"inLanguage\":\"de\",\"@id\":\"https:\/\/kengmingcn.com\/#\/schema\/logo\/image\/\",\"url\":\"https:\/\/kengmingcn.com\/wp-content\/uploads\/2025\/04\/cropped-1744508604969-removebg-preview.png\",\"contentUrl\":\"https:\/\/kengmingcn.com\/wp-content\/uploads\/2025\/04\/cropped-1744508604969-removebg-preview.png\",\"width\":512,\"height\":512,\"caption\":\"GuangZhou KengMing\"},\"image\":{\"@id\":\"https:\/\/kengmingcn.com\/#\/schema\/logo\/image\/\"}}]}<\/script>\n<meta property=\"product:price:amount\" content=\"0.00\" \/>\n<meta property=\"product:price:currency\" content=\"USD\" \/>\n<meta property=\"og:availability\" content=\"instock\" \/>\n<meta property=\"product:availability\" content=\"instock\" \/>\n<meta property=\"product:condition\" content=\"new\" \/>\n<!-- \/ Yoast SEO Premium plugin. -->","yoast_head_json":{"title":"Externer Druck Manueller Gem\u00fcse- und Obstschneider Zwiebel Kartoffel Zitrone Grapefruit Schinken K\u00fcche Obstschneider - KengMing | Hersteller von gewerblichen K\u00fcchenger\u00e4ten","robots":{"index":"index","follow":"follow","max-snippet":"max-snippet:-1","max-image-preview":"max-image-preview:large","max-video-preview":"max-video-preview:-1"},"canonical":"https:\/\/kengmingcn.com\/de_de\/product\/manuelle-gemuse-und-obstschneidemaschine-mit-externem-druck-zwiebel-kartoffel-zitrone-grapefruit-schinken-kuchenobstschneider\/","og_locale":"de_DE","og_type":"article","og_title":"External Pressure Manual Vegetable and Fruit Slicer Onion Potato Lemon Grapefruit Ham Kitchen Fruit Slicer","og_description":"Safer and more convenient way to handle your fruits.","og_url":"https:\/\/kengmingcn.com\/de_de\/product\/manuelle-gemuse-und-obstschneidemaschine-mit-externem-druck-zwiebel-kartoffel-zitrone-grapefruit-schinken-kuchenobstschneider\/","og_site_name":"KengMing | Manufacturer of Commercial Kitchen Equipment","article_modified_time":"2025-05-18T04:00:37+00:00","og_image":[{"width":550,"height":550,"url":"https:\/\/kengmingcn.com\/wp-content\/uploads\/2025\/05\/Kitchen-Fruit-Slicer-1_11zon-1.webp","type":"image\/webp"}],"twitter_card":"summary_large_image","twitter_misc":{"Preis":"","Verf\u00fcgbarkeit":"Auf Lager"},"schema":{"@context":"https:\/\/schema.org","@graph":[{"@type":"WebPage","@id":"https:\/\/kengmingcn.com\/es\/product\/cortadora-de-verduras-y-frutas-manual-de-presion-externa-cebolla-patata-limon-pomelo-jamon-cortadora-de-frutas-de-cocina\/","url":"https:\/\/kengmingcn.com\/es\/product\/cortadora-de-verduras-y-frutas-manual-de-presion-externa-cebolla-patata-limon-pomelo-jamon-cortadora-de-frutas-de-cocina\/","name":"Externer Druck Manueller Gem\u00fcse- und Obstschneider Zwiebel Kartoffel Zitrone Grapefruit Schinken K\u00fcche Obstschneider - KengMing | Hersteller von gewerblichen K\u00fcchenger\u00e4ten","isPartOf":{"@id":"https:\/\/kengmingcn.com\/#website"},"primaryImageOfPage":{"@id":"https:\/\/kengmingcn.com\/es\/product\/cortadora-de-verduras-y-frutas-manual-de-presion-externa-cebolla-patata-limon-pomelo-jamon-cortadora-de-frutas-de-cocina\/#primaryimage"},"image":{"@id":"https:\/\/kengmingcn.com\/es\/product\/cortadora-de-verduras-y-frutas-manual-de-presion-externa-cebolla-patata-limon-pomelo-jamon-cortadora-de-frutas-de-cocina\/#primaryimage"},"thumbnailUrl":"https:\/\/kengmingcn.com\/wp-content\/uploads\/2025\/05\/Kitchen-Fruit-Slicer-1_11zon-1.webp","datePublished":"2025-05-18T03:50:48+00:00","dateModified":"2025-05-18T04:00:37+00:00","breadcrumb":{"@id":"https:\/\/kengmingcn.com\/es\/product\/cortadora-de-verduras-y-frutas-manual-de-presion-externa-cebolla-patata-limon-pomelo-jamon-cortadora-de-frutas-de-cocina\/#breadcrumb"},"inLanguage":"de","potentialAction":[{"@type":"ReadAction","target":["https:\/\/kengmingcn.com\/es\/product\/cortadora-de-verduras-y-frutas-manual-de-presion-externa-cebolla-patata-limon-pomelo-jamon-cortadora-de-frutas-de-cocina\/"]}]},{"@type":"ImageObject","inLanguage":"de","@id":"https:\/\/kengmingcn.com\/es\/product\/cortadora-de-verduras-y-frutas-manual-de-presion-externa-cebolla-patata-limon-pomelo-jamon-cortadora-de-frutas-de-cocina\/#primaryimage","url":"https:\/\/kengmingcn.com\/wp-content\/uploads\/2025\/05\/Kitchen-Fruit-Slicer-1_11zon-1.webp","contentUrl":"https:\/\/kengmingcn.com\/wp-content\/uploads\/2025\/05\/Kitchen-Fruit-Slicer-1_11zon-1.webp","width":550,"height":550},{"@type":"BreadcrumbList","@id":"https:\/\/kengmingcn.com\/es\/product\/cortadora-de-verduras-y-frutas-manual-de-presion-externa-cebolla-patata-limon-pomelo-jamon-cortadora-de-frutas-de-cocina\/#breadcrumb","itemListElement":[{"@type":"ListItem","position":1,"name":"Home","item":"https:\/\/kengmingcn.com\/"},{"@type":"ListItem","position":2,"name":"Catalogue","item":"https:\/\/kengmingcn.com\/?page_id=27131"},{"@type":"ListItem","position":3,"name":"External Pressure Manual Vegetable and Fruit Slicer Onion Potato Lemon Grapefruit Ham Kitchen Fruit Slicer"}]},{"@type":"WebSite","@id":"https:\/\/kengmingcn.com\/#website","url":"https:\/\/kengmingcn.com\/","name":"K\u00fcchenausstattung","description":"KengMing ist ein professioneller Hersteller von Gro\u00dfk\u00fcchenger\u00e4ten und Gro\u00dfhandelslieferant, der Koch-, Lebensmittelvorbereitungs- und B\u00e4ckereiger\u00e4te mit OEM- und ODM-Service f\u00fcr globale Vertriebsh\u00e4ndler anbietet.","publisher":{"@id":"https:\/\/kengmingcn.com\/#organization"},"potentialAction":[{"@type":"SearchAction","target":{"@type":"EntryPoint","urlTemplate":"https:\/\/kengmingcn.com\/?s={search_term_string}"},"query-input":{"@type":"PropertyValueSpecification","valueRequired":true,"valueName":"search_term_string"}}],"inLanguage":"de"},{"@type":"Organization","@id":"https:\/\/kengmingcn.com\/#organization","name":"GuangZhou KengMing","url":"https:\/\/kengmingcn.com\/","logo":{"@type":"ImageObject","inLanguage":"de","@id":"https:\/\/kengmingcn.com\/#\/schema\/logo\/image\/","url":"https:\/\/kengmingcn.com\/wp-content\/uploads\/2025\/04\/cropped-1744508604969-removebg-preview.png","contentUrl":"https:\/\/kengmingcn.com\/wp-content\/uploads\/2025\/04\/cropped-1744508604969-removebg-preview.png","width":512,"height":512,"caption":"GuangZhou KengMing"},"image":{"@id":"https:\/\/kengmingcn.com\/#\/schema\/logo\/image\/"}}]},"product_price_amount":"0.00","product_price_currency":"USD","og_availability":"instock","product_availability":"instock","product_condition":"new"},"_links":{"self":[{"href":"https:\/\/kengmingcn.com\/de_de\/wp-json\/wp\/v2\/product\/50741","targetHints":{"allow":["GET"]}}],"collection":[{"href":"https:\/\/kengmingcn.com\/de_de\/wp-json\/wp\/v2\/product"}],"about":[{"href":"https:\/\/kengmingcn.com\/de_de\/wp-json\/wp\/v2\/types\/product"}],"replies":[{"embeddable":true,"href":"https:\/\/kengmingcn.com\/de_de\/wp-json\/wp\/v2\/comments?post=50741"}],"wp:featuredmedia":[{"embeddable":true,"href":"https:\/\/kengmingcn.com\/de_de\/wp-json\/wp\/v2\/media\/50755"}],"wp:attachment":[{"href":"https:\/\/kengmingcn.com\/de_de\/wp-json\/wp\/v2\/media?parent=50741"}],"wp:term":[{"taxonomy":"product_brand","embeddable":true,"href":"https:\/\/kengmingcn.com\/de_de\/wp-json\/wp\/v2\/product_brand?post=50741"},{"taxonomy":"product_cat","embeddable":true,"href":"https:\/\/kengmingcn.com\/de_de\/wp-json\/wp\/v2\/product_cat?post=50741"},{"taxonomy":"product_tag","embeddable":true,"href":"https:\/\/kengmingcn.com\/de_de\/wp-json\/wp\/v2\/product_tag?post=50741"}],"curies":[{"name":"wp","href":"https:\/\/api.w.org\/{rel}","templated":true}]}}