{"id":50446,"date":"2025-05-08T19:37:56","date_gmt":"2025-05-08T11:37:56","guid":{"rendered":"https:\/\/kengmingcn.com\/?post_type=product&#038;p=50446"},"modified":"2025-06-12T17:56:34","modified_gmt":"2025-06-12T09:56:34","slug":"350ml-750ml-einzelne-tasse-milch-tee-schuttelmaschine-milchshake-maschine-getrankeherstellungsanlage-ljy120-1-120w-220v","status":"publish","type":"product","link":"https:\/\/kengmingcn.com\/de_de\/product\/350ml-750ml-einzelne-tasse-milch-tee-schuttelmaschine-milchshake-maschine-getrankeherstellungsanlage-ljy120-1-120w-220v\/","title":{"rendered":"350ml-750ml Einzelne Tasse Milch Tee Sch\u00fcttelmaschine Milchshake Maschine Getr\u00e4nkeherstellung Ausr\u00fcstung LJY120-1-120W-220V"},"content":{"rendered":"<div style=\"width: 640px;\" class=\"wp-video\"><!--[if lt IE 9]><script>document.createElement('video');<\/script><![endif]-->\n<video class=\"wp-video-shortcode\" id=\"video-50446-1\" width=\"640\" height=\"360\" preload=\"metadata\" controls=\"controls\"><source type=\"video\/mp4\" src=\"https:\/\/cdn-gzkm.b-cdn.net\/Model\/Milk%20Tea%20Shaking%20Machine\/single%20milk%20tea%20shaker%20750ml.mp4?_=1\" \/><a href=\"https:\/\/cdn-gzkm.b-cdn.net\/Model\/Milk%20Tea%20Shaking%20Machine\/single%20milk%20tea%20shaker%20750ml.mp4\">https:\/\/cdn-gzkm.b-cdn.net\/Model\/Milk%20Tea%20Shaking%20Machine\/single%20milk%20tea%20shaker%20750ml.mp4<\/a><\/video><\/div>\n<p>Die Milchtee-Sch\u00fcttelmaschine ist ein effizientes Ger\u00e4t zur Herstellung von Milchtee mit feinem und mildem Geschmack. Kombiniert mit fortschrittlicher Motortechnologie und hocheffizientem 360\u00b0-Dreharm kann sie die Zutaten f\u00fcr Milchtee (wie Tee, Milchpulver, Sirup usw.) gleichm\u00e4\u00dfig mischen, um schnell geschmacksintensiven und vollmundigen Milchtee herzustellen, der die Nachfrage der Verbraucher nach hochwertigen Getr\u00e4nken erf\u00fcllt.<\/p>\n<figure class=\"wp-block-image size-large\"><img decoding=\"async\" class=\"alignnone size-full wp-image-51110\" src=\"https:\/\/kengmingcn.com\/wp-content\/uploads\/2025\/05\/1_11zon.webp\" alt=\"\u5355\u5934\u5976\u8336\u6447\u6447\u673a\" width=\"1060\" height=\"500\" srcset=\"https:\/\/kengmingcn.com\/wp-content\/uploads\/2025\/05\/1_11zon.webp 1060w, https:\/\/kengmingcn.com\/wp-content\/uploads\/2025\/05\/1_11zon-300x142.webp 300w, https:\/\/kengmingcn.com\/wp-content\/uploads\/2025\/05\/1_11zon-1024x483.webp 1024w, https:\/\/kengmingcn.com\/wp-content\/uploads\/2025\/05\/1_11zon-768x362.webp 768w\" sizes=\"(max-width: 1060px) 100vw, 1060px\" \/><\/figure>\n<p>1. Effizientes Sch\u00fctteln: Unser Milchtee-Shaker ist mit einem effizienten 120-Watt-Motor f\u00fcr leisen und leistungsstarken Betrieb ausgestattet. Er sch\u00fcttelt gleichm\u00e4\u00dfig und schnell mit 313 Umdrehungen pro Minute und bereitet eine Tasse Milchtee in nur 10 Sekunden zu. Dies verbessert die Geschwindigkeit und Qualit\u00e4t der Getr\u00e4nkeproduktion erheblich und macht ihn ideal f\u00fcr schnelllebige Gesch\u00e4ftsumgebungen.<br \/>\nKompatibel mit verschiedenen Gr\u00f6\u00dfen von Milchshakebechern: Sie k\u00f6nnen die H\u00f6he des Shaker-St\u00e4nders schnell verstellen, um verschiedene Gr\u00f6\u00dfen von Shaker-Bechern von 350 ml bis 1000 ml aufzunehmen und sicherzustellen, dass jedes Getr\u00e4nk gleichm\u00e4\u00dfig und schnell gesch\u00fcttelt wird. Enth\u00e4lt zwei 750-ml-PC-Shaker-Becher, die leicht zu reinigen sind und keine Geschmacksr\u00fcckst\u00e4nde hinterlassen, geeignet f\u00fcr den Einsatz in allen Arten von Gastronomiebetrieben.<br \/>\n3.360\u00b0 Schwenkarm:Unser Design verf\u00fcgt \u00fcber einen 360\u00b0 omnidirektionalen Ringsch\u00fcttelarm, der jedes Mal ein gleichm\u00e4\u00dfiges und sanftes Sch\u00fctteln gew\u00e4hrleistet, egal ob es sich um Milchtee, Kaffee, Cocktails oder Fruchtgetr\u00e4nke handelt. Die pr\u00e4zisionsgefertigte Halterung verhindert ein Auslaufen beim Sch\u00fctteln mit 360\u00b0-Drehung.<br \/>\n4. Pr\u00e4zise Timing-Steuerung: Mit der pr\u00e4zisen Zeiteinstellung von 0 bis 180 Sekunden k\u00f6nnen Sie die Sch\u00fcttelzeit nach Bedarf einstellen, um den idealen Mixeffekt f\u00fcr jedes Getr\u00e4nk zu erzielen. Ein-Knopf-Start-Design macht die Bedienung einfach und intuitiv.<br \/>\n5. Professionelle kommerzielle Wahl: Der Milch-Tee-Shaker-Becher ist aus Edelstahl, korrosionsbest\u00e4ndig und leicht zu reinigen. Stabile Vier-Fu\u00df-Kissen-Design sorgt f\u00fcr einen stabilen Betrieb, w\u00e4hrend eine gute W\u00e4rmeableitung. Geeignet zum Umr\u00fchren von Milchtee, Cocktails, Getr\u00e4nken, Kaffee, etc. Ideal f\u00fcr Restaurants, Konditoreien, Caf\u00e9s, B\u00e4ckereien, Lebensmittelgesch\u00e4fte und Getr\u00e4nkem\u00e4rkte.<\/p>\n<figure class=\"wp-block-image\"><img decoding=\"async\" src=\"https:\/\/image.made-in-china.com\/226f3j00wkeMPfAUEqbE\/Good-Quality-Single-Cup-Milk-Tea-Shaking-Machine-Milkshake-Machine-Beverage-Making-Equipment-LJY120-1-120W-220V-50Hz-.webp\" alt=\"Gute Qualit\u00e4t Einzelne Tasse Milch Tee Sch\u00fcttelmaschine Milchshake Maschine Getr\u00e4nkeherstellung Ausr\u00fcstung (LJY120-1-120W-220V\/50Hz)\" \/><\/figure>\n<p><img decoding=\"async\" class=\"alignnone size-full wp-image-51111\" src=\"https:\/\/kengmingcn.com\/wp-content\/uploads\/2025\/05\/2_11zon.webp\" alt=\"\u5355\u5934\u5976\u8336\u6447\u6447\u673a\" width=\"1060\" height=\"500\" srcset=\"https:\/\/kengmingcn.com\/wp-content\/uploads\/2025\/05\/2_11zon.webp 1060w, https:\/\/kengmingcn.com\/wp-content\/uploads\/2025\/05\/2_11zon-300x142.webp 300w, https:\/\/kengmingcn.com\/wp-content\/uploads\/2025\/05\/2_11zon-1024x483.webp 1024w, https:\/\/kengmingcn.com\/wp-content\/uploads\/2025\/05\/2_11zon-768x362.webp 768w\" sizes=\"(max-width: 1060px) 100vw, 1060px\" \/> <img decoding=\"async\" class=\"alignnone size-full wp-image-51112\" src=\"https:\/\/kengmingcn.com\/wp-content\/uploads\/2025\/05\/3_11zon.webp\" alt=\"\u5355\u5934\u5976\u8336\u6447\u6447\u673a\" width=\"1060\" height=\"500\" srcset=\"https:\/\/kengmingcn.com\/wp-content\/uploads\/2025\/05\/3_11zon.webp 1060w, https:\/\/kengmingcn.com\/wp-content\/uploads\/2025\/05\/3_11zon-300x142.webp 300w, https:\/\/kengmingcn.com\/wp-content\/uploads\/2025\/05\/3_11zon-1024x483.webp 1024w, https:\/\/kengmingcn.com\/wp-content\/uploads\/2025\/05\/3_11zon-768x362.webp 768w\" sizes=\"(max-width: 1060px) 100vw, 1060px\" \/><\/p>\n<p><img decoding=\"async\" class=\"alignnone size-full wp-image-49422\" src=\"https:\/\/kengmingcn.com\/wp-content\/uploads\/2025\/04\/Double-Cup-Milk-Tea-Shaking-Machine-9_11zon.webp\" alt=\"Doppeltassen-Milchtee-Sch\u00fcttelmaschine\" width=\"550\" height=\"550\" srcset=\"https:\/\/kengmingcn.com\/wp-content\/uploads\/2025\/04\/Double-Cup-Milk-Tea-Shaking-Machine-9_11zon.webp 550w, https:\/\/kengmingcn.com\/wp-content\/uploads\/2025\/04\/Double-Cup-Milk-Tea-Shaking-Machine-9_11zon-300x300.webp 300w, https:\/\/kengmingcn.com\/wp-content\/uploads\/2025\/04\/Double-Cup-Milk-Tea-Shaking-Machine-9_11zon-150x150.webp 150w, https:\/\/kengmingcn.com\/wp-content\/uploads\/2025\/04\/Double-Cup-Milk-Tea-Shaking-Machine-9_11zon-200x200.webp 200w\" sizes=\"(max-width: 550px) 100vw, 550px\" \/><\/p>\n<figure class=\"wp-block-image size-large\"><\/figure>\n<figure class=\"wp-block-image size-large\"><\/figure>\n<p>1. Milchtee und Getr\u00e4nkem\u00e4rkte:<br \/>\nVerwendung: Schnelle Herstellung gro\u00dfer Mengen gleichm\u00e4\u00dfig ger\u00fchrten Milchtees zur Verbesserung der Serviceeffizienz und der Getr\u00e4nkequalit\u00e4t.<br \/>\nBeispiel: Milchteel\u00e4den verwenden Shaker, um Bestellungen w\u00e4hrend der Sto\u00dfzeiten schnell zu bearbeiten und einen gleichbleibenden Geschmack jeder Tasse Milchtee zu gew\u00e4hrleisten.<br \/>\n2. Caf\u00e9:<br \/>\nVerwendung: F\u00fcr die Zubereitung von Milchtee oder anderen R\u00fchrgetr\u00e4nken und zur Bereicherung der Men\u00fcauswahl.<br \/>\nBeispiel: Caf\u00e9s k\u00f6nnen die Sch\u00fcttelmaschine zur Herstellung von Milchtee, Smoothies usw. verwenden, um die Vielfalt der Getr\u00e4nke zu erh\u00f6hen.<br \/>\n3. Restaurant:<br \/>\nZweck: Zum Servieren von gut gemischtem Milchtee bei der Zubereitung von Desserts oder Getr\u00e4nken.<br \/>\nBeispiel: Ein Restaurant serviert nach dem Essen Milchtee, wobei ein Shaker verwendet wird, um einen gleichm\u00e4\u00dfigen Geschmack und Schaumeffekt zu gew\u00e4hrleisten.<br \/>\n4. Street Food St\u00e4nde und M\u00e4rkte:<br \/>\nVerwendung: Frischer Milchtee wird vor Ort zubereitet, um Kunden anzulocken und den Umsatz zu steigern.<br \/>\nBeispiel: Stra\u00dfenverk\u00e4ufer verwenden Shaker, um Milchtee zuzubereiten und sofortige, hochwertige Getr\u00e4nke anzubieten.<br \/>\n5. Familienzusammenk\u00fcnfte und private Veranstaltungen:<br \/>\nVerwendung: Zubereitung von Milchtee bei Familientreffen oder Veranstaltungen, um die Vielfalt der Getr\u00e4nke zu erh\u00f6hen.<br \/>\nBeispiel: Bei Familienfeiern werden Shaker zur Zubereitung von Milchtee verwendet, um die G\u00e4ste mit frischen, schaumigen Getr\u00e4nken zu versorgen.<\/p>\n<p><img decoding=\"async\" class=\"alignnone size-full wp-image-51113\" src=\"https:\/\/kengmingcn.com\/wp-content\/uploads\/2025\/05\/4_11zon.webp\" alt=\"\u5976\u8336\u6447\u6447\u673a\" width=\"1060\" height=\"500\" srcset=\"https:\/\/kengmingcn.com\/wp-content\/uploads\/2025\/05\/4_11zon.webp 1060w, https:\/\/kengmingcn.com\/wp-content\/uploads\/2025\/05\/4_11zon-300x142.webp 300w, https:\/\/kengmingcn.com\/wp-content\/uploads\/2025\/05\/4_11zon-1024x483.webp 1024w, https:\/\/kengmingcn.com\/wp-content\/uploads\/2025\/05\/4_11zon-768x362.webp 768w\" sizes=\"(max-width: 1060px) 100vw, 1060px\" \/><\/p>","protected":false},"excerpt":{"rendered":"<ul>\n<li>750ml Ein-Kopf-Milch-Tee-Shaker<\/li>\n<\/ul>","protected":false},"featured_media":50448,"comment_status":"open","ping_status":"closed","template":"","meta":{"_acf_changed":false},"product_brand":[],"product_cat":[277,248],"product_tag":[],"class_list":{"0":"post-50446","1":"product","2":"type-product","3":"status-publish","4":"has-post-thumbnail","6":"product_cat-food-processing-equipment","7":"product_cat-milk-tea-shaking-machine","8":"description-off","10":"first","11":"instock","12":"shipping-taxable","13":"product-type-simple"},"acf":[],"yoast_head":"<!-- This site is optimized with the Yoast SEO Premium plugin v25.3 (Yoast SEO v26.3) - https:\/\/yoast.com\/wordpress\/plugins\/seo\/ -->\n<title>350ml-750ml Single Cup Milk Tea Shaking Machine<\/title>\n<meta name=\"description\" content=\"350ml-750ml Single Cup Milk Tea Shaking Machine\" \/>\n<meta name=\"robots\" content=\"index, follow, max-snippet:-1, max-image-preview:large, max-video-preview:-1\" \/>\n<link rel=\"canonical\" href=\"https:\/\/kengmingcn.com\/de_de\/product\/350ml-750ml-einzelne-tasse-milch-tee-schuttelmaschine-milchshake-maschine-getrankeherstellungsanlage-ljy120-1-120w-220v\/\" \/>\n<meta property=\"og:locale\" content=\"de_DE\" \/>\n<meta property=\"og:type\" content=\"article\" \/>\n<meta property=\"og:title\" content=\"350ml-750ml Single Cup Milk Tea Shaking Machine Milkshake Machine Beverage Making Equipment LJY120-1-120W-220V\" \/>\n<meta property=\"og:description\" content=\"350ml-750ml Single Cup Milk Tea Shaking Machine\" \/>\n<meta property=\"og:url\" content=\"https:\/\/kengmingcn.com\/de_de\/product\/350ml-750ml-einzelne-tasse-milch-tee-schuttelmaschine-milchshake-maschine-getrankeherstellungsanlage-ljy120-1-120w-220v\/\" \/>\n<meta property=\"og:site_name\" content=\"KengMing | Manufacturer of Commercial Kitchen Equipment\" \/>\n<meta property=\"article:modified_time\" content=\"2025-06-12T09:56:34+00:00\" \/>\n<meta property=\"og:image\" content=\"https:\/\/kengmingcn.com\/wp-content\/uploads\/2025\/05\/7.png\" \/>\n\t<meta property=\"og:image:width\" content=\"550\" \/>\n\t<meta property=\"og:image:height\" content=\"550\" \/>\n\t<meta property=\"og:image:type\" content=\"image\/png\" \/>\n<meta name=\"twitter:card\" content=\"summary_large_image\" \/>\n<meta name=\"twitter:label1\" content=\"Preis\" \/>\n\t<meta name=\"twitter:data1\" content=\"\" \/>\n\t<meta name=\"twitter:label2\" content=\"Verf\u00fcgbarkeit\" \/>\n\t<meta name=\"twitter:data2\" content=\"Auf Lager\" \/>\n<script type=\"application\/ld+json\" class=\"yoast-schema-graph\">{\"@context\":\"https:\/\/schema.org\",\"@graph\":[{\"@type\":\"WebPage\",\"@id\":\"https:\/\/kengmingcn.com\/ar\/product\/350-%d9%85%d9%84%d9%84%d9%8a-750-%d9%85%d9%84%d9%84%d9%8a-750-%d9%85%d9%84%d9%84%d9%8a-%d9%83%d9%88%d8%a8-%d9%88%d8%a7%d8%ad%d8%af-%d9%84%d8%b1%d8%ac-%d8%a7%d9%84%d8%b4%d8%a7%d9%8a-%d8%a8%d8%a7%d9%84\/\",\"url\":\"https:\/\/kengmingcn.com\/ar\/product\/350-%d9%85%d9%84%d9%84%d9%8a-750-%d9%85%d9%84%d9%84%d9%8a-750-%d9%85%d9%84%d9%84%d9%8a-%d9%83%d9%88%d8%a8-%d9%88%d8%a7%d8%ad%d8%af-%d9%84%d8%b1%d8%ac-%d8%a7%d9%84%d8%b4%d8%a7%d9%8a-%d8%a8%d8%a7%d9%84\/\",\"name\":\"350ml-750ml Single Cup Milk Tea Shaking Machine\",\"isPartOf\":{\"@id\":\"https:\/\/kengmingcn.com\/#website\"},\"primaryImageOfPage\":{\"@id\":\"https:\/\/kengmingcn.com\/ar\/product\/350-%d9%85%d9%84%d9%84%d9%8a-750-%d9%85%d9%84%d9%84%d9%8a-750-%d9%85%d9%84%d9%84%d9%8a-%d9%83%d9%88%d8%a8-%d9%88%d8%a7%d8%ad%d8%af-%d9%84%d8%b1%d8%ac-%d8%a7%d9%84%d8%b4%d8%a7%d9%8a-%d8%a8%d8%a7%d9%84\/#primaryimage\"},\"image\":{\"@id\":\"https:\/\/kengmingcn.com\/ar\/product\/350-%d9%85%d9%84%d9%84%d9%8a-750-%d9%85%d9%84%d9%84%d9%8a-750-%d9%85%d9%84%d9%84%d9%8a-%d9%83%d9%88%d8%a8-%d9%88%d8%a7%d8%ad%d8%af-%d9%84%d8%b1%d8%ac-%d8%a7%d9%84%d8%b4%d8%a7%d9%8a-%d8%a8%d8%a7%d9%84\/#primaryimage\"},\"thumbnailUrl\":\"https:\/\/kengmingcn.com\/wp-content\/uploads\/2025\/05\/7.png\",\"datePublished\":\"2025-05-08T11:37:56+00:00\",\"dateModified\":\"2025-06-12T09:56:34+00:00\",\"description\":\"350ml-750ml Single Cup Milk Tea Shaking Machine\",\"breadcrumb\":{\"@id\":\"https:\/\/kengmingcn.com\/ar\/product\/350-%d9%85%d9%84%d9%84%d9%8a-750-%d9%85%d9%84%d9%84%d9%8a-750-%d9%85%d9%84%d9%84%d9%8a-%d9%83%d9%88%d8%a8-%d9%88%d8%a7%d8%ad%d8%af-%d9%84%d8%b1%d8%ac-%d8%a7%d9%84%d8%b4%d8%a7%d9%8a-%d8%a8%d8%a7%d9%84\/#breadcrumb\"},\"inLanguage\":\"de\",\"potentialAction\":[{\"@type\":\"ReadAction\",\"target\":[\"https:\/\/kengmingcn.com\/ar\/product\/350-%d9%85%d9%84%d9%84%d9%8a-750-%d9%85%d9%84%d9%84%d9%8a-750-%d9%85%d9%84%d9%84%d9%8a-%d9%83%d9%88%d8%a8-%d9%88%d8%a7%d8%ad%d8%af-%d9%84%d8%b1%d8%ac-%d8%a7%d9%84%d8%b4%d8%a7%d9%8a-%d8%a8%d8%a7%d9%84\/\"]}]},{\"@type\":\"ImageObject\",\"inLanguage\":\"de\",\"@id\":\"https:\/\/kengmingcn.com\/ar\/product\/350-%d9%85%d9%84%d9%84%d9%8a-750-%d9%85%d9%84%d9%84%d9%8a-750-%d9%85%d9%84%d9%84%d9%8a-%d9%83%d9%88%d8%a8-%d9%88%d8%a7%d8%ad%d8%af-%d9%84%d8%b1%d8%ac-%d8%a7%d9%84%d8%b4%d8%a7%d9%8a-%d8%a8%d8%a7%d9%84\/#primaryimage\",\"url\":\"https:\/\/kengmingcn.com\/wp-content\/uploads\/2025\/05\/7.png\",\"contentUrl\":\"https:\/\/kengmingcn.com\/wp-content\/uploads\/2025\/05\/7.png\",\"width\":550,\"height\":550,\"caption\":\"single milk tea shaker 750ml\"},{\"@type\":\"BreadcrumbList\",\"@id\":\"https:\/\/kengmingcn.com\/ar\/product\/350-%d9%85%d9%84%d9%84%d9%8a-750-%d9%85%d9%84%d9%84%d9%8a-750-%d9%85%d9%84%d9%84%d9%8a-%d9%83%d9%88%d8%a8-%d9%88%d8%a7%d8%ad%d8%af-%d9%84%d8%b1%d8%ac-%d8%a7%d9%84%d8%b4%d8%a7%d9%8a-%d8%a8%d8%a7%d9%84\/#breadcrumb\",\"itemListElement\":[{\"@type\":\"ListItem\",\"position\":1,\"name\":\"Home\",\"item\":\"https:\/\/kengmingcn.com\/\"},{\"@type\":\"ListItem\",\"position\":2,\"name\":\"Catalogue\",\"item\":\"https:\/\/kengmingcn.com\/?page_id=27131\"},{\"@type\":\"ListItem\",\"position\":3,\"name\":\"350ml-750ml Single Cup Milk Tea Shaking Machine Milkshake Machine Beverage Making Equipment LJY120-1-120W-220V\"}]},{\"@type\":\"WebSite\",\"@id\":\"https:\/\/kengmingcn.com\/#website\",\"url\":\"https:\/\/kengmingcn.com\/\",\"name\":\"Kitchen Equipment\",\"description\":\"KengMing is a professional commercial kitchen equipment manufacturer and wholesale supplier, offering cooking, food prep and bakery equipment with OEM &amp; ODM service for global distributors.\",\"publisher\":{\"@id\":\"https:\/\/kengmingcn.com\/#organization\"},\"potentialAction\":[{\"@type\":\"SearchAction\",\"target\":{\"@type\":\"EntryPoint\",\"urlTemplate\":\"https:\/\/kengmingcn.com\/?s={search_term_string}\"},\"query-input\":{\"@type\":\"PropertyValueSpecification\",\"valueRequired\":true,\"valueName\":\"search_term_string\"}}],\"inLanguage\":\"de\"},{\"@type\":\"Organization\",\"@id\":\"https:\/\/kengmingcn.com\/#organization\",\"name\":\"GuangZhou KengMing\",\"url\":\"https:\/\/kengmingcn.com\/\",\"logo\":{\"@type\":\"ImageObject\",\"inLanguage\":\"de\",\"@id\":\"https:\/\/kengmingcn.com\/#\/schema\/logo\/image\/\",\"url\":\"https:\/\/kengmingcn.com\/wp-content\/uploads\/2025\/04\/cropped-1744508604969-removebg-preview.png\",\"contentUrl\":\"https:\/\/kengmingcn.com\/wp-content\/uploads\/2025\/04\/cropped-1744508604969-removebg-preview.png\",\"width\":512,\"height\":512,\"caption\":\"GuangZhou KengMing\"},\"image\":{\"@id\":\"https:\/\/kengmingcn.com\/#\/schema\/logo\/image\/\"}}]}<\/script>\n<meta property=\"product:price:amount\" content=\"0.00\" \/>\n<meta property=\"product:price:currency\" content=\"USD\" \/>\n<meta property=\"og:availability\" content=\"instock\" \/>\n<meta property=\"product:availability\" content=\"instock\" \/>\n<meta property=\"product:condition\" content=\"new\" \/>\n<!-- \/ Yoast SEO Premium plugin. -->","yoast_head_json":{"title":"350ml-750ml Einzeltasse Milch Tee Sch\u00fcttelmaschine","description":"350ml-750ml Einzeltasse Milch Tee Sch\u00fcttelmaschine","robots":{"index":"index","follow":"follow","max-snippet":"max-snippet:-1","max-image-preview":"max-image-preview:large","max-video-preview":"max-video-preview:-1"},"canonical":"https:\/\/kengmingcn.com\/de_de\/product\/350ml-750ml-einzelne-tasse-milch-tee-schuttelmaschine-milchshake-maschine-getrankeherstellungsanlage-ljy120-1-120w-220v\/","og_locale":"de_DE","og_type":"article","og_title":"350ml-750ml Single Cup Milk Tea Shaking Machine Milkshake Machine Beverage Making Equipment LJY120-1-120W-220V","og_description":"350ml-750ml Single Cup Milk Tea Shaking Machine","og_url":"https:\/\/kengmingcn.com\/de_de\/product\/350ml-750ml-einzelne-tasse-milch-tee-schuttelmaschine-milchshake-maschine-getrankeherstellungsanlage-ljy120-1-120w-220v\/","og_site_name":"KengMing | Manufacturer of Commercial Kitchen Equipment","article_modified_time":"2025-06-12T09:56:34+00:00","og_image":[{"width":550,"height":550,"url":"https:\/\/kengmingcn.com\/wp-content\/uploads\/2025\/05\/7.png","type":"image\/png"}],"twitter_card":"summary_large_image","twitter_misc":{"Preis":"","Verf\u00fcgbarkeit":"Auf Lager"},"schema":{"@context":"https:\/\/schema.org","@graph":[{"@type":"WebPage","@id":"https:\/\/kengmingcn.com\/ar\/product\/350-%d9%85%d9%84%d9%84%d9%8a-750-%d9%85%d9%84%d9%84%d9%8a-750-%d9%85%d9%84%d9%84%d9%8a-%d9%83%d9%88%d8%a8-%d9%88%d8%a7%d8%ad%d8%af-%d9%84%d8%b1%d8%ac-%d8%a7%d9%84%d8%b4%d8%a7%d9%8a-%d8%a8%d8%a7%d9%84\/","url":"https:\/\/kengmingcn.com\/ar\/product\/350-%d9%85%d9%84%d9%84%d9%8a-750-%d9%85%d9%84%d9%84%d9%8a-750-%d9%85%d9%84%d9%84%d9%8a-%d9%83%d9%88%d8%a8-%d9%88%d8%a7%d8%ad%d8%af-%d9%84%d8%b1%d8%ac-%d8%a7%d9%84%d8%b4%d8%a7%d9%8a-%d8%a8%d8%a7%d9%84\/","name":"350ml-750ml Einzeltasse Milch Tee Sch\u00fcttelmaschine","isPartOf":{"@id":"https:\/\/kengmingcn.com\/#website"},"primaryImageOfPage":{"@id":"https:\/\/kengmingcn.com\/ar\/product\/350-%d9%85%d9%84%d9%84%d9%8a-750-%d9%85%d9%84%d9%84%d9%8a-750-%d9%85%d9%84%d9%84%d9%8a-%d9%83%d9%88%d8%a8-%d9%88%d8%a7%d8%ad%d8%af-%d9%84%d8%b1%d8%ac-%d8%a7%d9%84%d8%b4%d8%a7%d9%8a-%d8%a8%d8%a7%d9%84\/#primaryimage"},"image":{"@id":"https:\/\/kengmingcn.com\/ar\/product\/350-%d9%85%d9%84%d9%84%d9%8a-750-%d9%85%d9%84%d9%84%d9%8a-750-%d9%85%d9%84%d9%84%d9%8a-%d9%83%d9%88%d8%a8-%d9%88%d8%a7%d8%ad%d8%af-%d9%84%d8%b1%d8%ac-%d8%a7%d9%84%d8%b4%d8%a7%d9%8a-%d8%a8%d8%a7%d9%84\/#primaryimage"},"thumbnailUrl":"https:\/\/kengmingcn.com\/wp-content\/uploads\/2025\/05\/7.png","datePublished":"2025-05-08T11:37:56+00:00","dateModified":"2025-06-12T09:56:34+00:00","description":"350ml-750ml Einzeltasse Milch Tee Sch\u00fcttelmaschine","breadcrumb":{"@id":"https:\/\/kengmingcn.com\/ar\/product\/350-%d9%85%d9%84%d9%84%d9%8a-750-%d9%85%d9%84%d9%84%d9%8a-750-%d9%85%d9%84%d9%84%d9%8a-%d9%83%d9%88%d8%a8-%d9%88%d8%a7%d8%ad%d8%af-%d9%84%d8%b1%d8%ac-%d8%a7%d9%84%d8%b4%d8%a7%d9%8a-%d8%a8%d8%a7%d9%84\/#breadcrumb"},"inLanguage":"de","potentialAction":[{"@type":"ReadAction","target":["https:\/\/kengmingcn.com\/ar\/product\/350-%d9%85%d9%84%d9%84%d9%8a-750-%d9%85%d9%84%d9%84%d9%8a-750-%d9%85%d9%84%d9%84%d9%8a-%d9%83%d9%88%d8%a8-%d9%88%d8%a7%d8%ad%d8%af-%d9%84%d8%b1%d8%ac-%d8%a7%d9%84%d8%b4%d8%a7%d9%8a-%d8%a8%d8%a7%d9%84\/"]}]},{"@type":"ImageObject","inLanguage":"de","@id":"https:\/\/kengmingcn.com\/ar\/product\/350-%d9%85%d9%84%d9%84%d9%8a-750-%d9%85%d9%84%d9%84%d9%8a-750-%d9%85%d9%84%d9%84%d9%8a-%d9%83%d9%88%d8%a8-%d9%88%d8%a7%d8%ad%d8%af-%d9%84%d8%b1%d8%ac-%d8%a7%d9%84%d8%b4%d8%a7%d9%8a-%d8%a8%d8%a7%d9%84\/#primaryimage","url":"https:\/\/kengmingcn.com\/wp-content\/uploads\/2025\/05\/7.png","contentUrl":"https:\/\/kengmingcn.com\/wp-content\/uploads\/2025\/05\/7.png","width":550,"height":550,"caption":"single milk tea shaker 750ml"},{"@type":"BreadcrumbList","@id":"https:\/\/kengmingcn.com\/ar\/product\/350-%d9%85%d9%84%d9%84%d9%8a-750-%d9%85%d9%84%d9%84%d9%8a-750-%d9%85%d9%84%d9%84%d9%8a-%d9%83%d9%88%d8%a8-%d9%88%d8%a7%d8%ad%d8%af-%d9%84%d8%b1%d8%ac-%d8%a7%d9%84%d8%b4%d8%a7%d9%8a-%d8%a8%d8%a7%d9%84\/#breadcrumb","itemListElement":[{"@type":"ListItem","position":1,"name":"Home","item":"https:\/\/kengmingcn.com\/"},{"@type":"ListItem","position":2,"name":"Catalogue","item":"https:\/\/kengmingcn.com\/?page_id=27131"},{"@type":"ListItem","position":3,"name":"350ml-750ml Single Cup Milk Tea Shaking Machine Milkshake Machine Beverage Making Equipment LJY120-1-120W-220V"}]},{"@type":"WebSite","@id":"https:\/\/kengmingcn.com\/#website","url":"https:\/\/kengmingcn.com\/","name":"K\u00fcchenausstattung","description":"KengMing ist ein professioneller Hersteller von Gro\u00dfk\u00fcchenger\u00e4ten und Gro\u00dfhandelslieferant, der Koch-, Lebensmittelvorbereitungs- und B\u00e4ckereiger\u00e4te mit OEM- und ODM-Service f\u00fcr globale Vertriebsh\u00e4ndler anbietet.","publisher":{"@id":"https:\/\/kengmingcn.com\/#organization"},"potentialAction":[{"@type":"SearchAction","target":{"@type":"EntryPoint","urlTemplate":"https:\/\/kengmingcn.com\/?s={search_term_string}"},"query-input":{"@type":"PropertyValueSpecification","valueRequired":true,"valueName":"search_term_string"}}],"inLanguage":"de"},{"@type":"Organization","@id":"https:\/\/kengmingcn.com\/#organization","name":"GuangZhou KengMing","url":"https:\/\/kengmingcn.com\/","logo":{"@type":"ImageObject","inLanguage":"de","@id":"https:\/\/kengmingcn.com\/#\/schema\/logo\/image\/","url":"https:\/\/kengmingcn.com\/wp-content\/uploads\/2025\/04\/cropped-1744508604969-removebg-preview.png","contentUrl":"https:\/\/kengmingcn.com\/wp-content\/uploads\/2025\/04\/cropped-1744508604969-removebg-preview.png","width":512,"height":512,"caption":"GuangZhou KengMing"},"image":{"@id":"https:\/\/kengmingcn.com\/#\/schema\/logo\/image\/"}}]},"product_price_amount":"0.00","product_price_currency":"USD","og_availability":"instock","product_availability":"instock","product_condition":"new"},"_links":{"self":[{"href":"https:\/\/kengmingcn.com\/de_de\/wp-json\/wp\/v2\/product\/50446","targetHints":{"allow":["GET"]}}],"collection":[{"href":"https:\/\/kengmingcn.com\/de_de\/wp-json\/wp\/v2\/product"}],"about":[{"href":"https:\/\/kengmingcn.com\/de_de\/wp-json\/wp\/v2\/types\/product"}],"replies":[{"embeddable":true,"href":"https:\/\/kengmingcn.com\/de_de\/wp-json\/wp\/v2\/comments?post=50446"}],"wp:featuredmedia":[{"embeddable":true,"href":"https:\/\/kengmingcn.com\/de_de\/wp-json\/wp\/v2\/media\/50448"}],"wp:attachment":[{"href":"https:\/\/kengmingcn.com\/de_de\/wp-json\/wp\/v2\/media?parent=50446"}],"wp:term":[{"taxonomy":"product_brand","embeddable":true,"href":"https:\/\/kengmingcn.com\/de_de\/wp-json\/wp\/v2\/product_brand?post=50446"},{"taxonomy":"product_cat","embeddable":true,"href":"https:\/\/kengmingcn.com\/de_de\/wp-json\/wp\/v2\/product_cat?post=50446"},{"taxonomy":"product_tag","embeddable":true,"href":"https:\/\/kengmingcn.com\/de_de\/wp-json\/wp\/v2\/product_tag?post=50446"}],"curies":[{"name":"wp","href":"https:\/\/api.w.org\/{rel}","templated":true}]}}