{"id":50200,"date":"2025-05-07T10:15:48","date_gmt":"2025-05-07T02:15:48","guid":{"rendered":"https:\/\/kengmingcn.com\/?post_type=product&#038;p=50200"},"modified":"2025-06-12T18:03:00","modified_gmt":"2025-06-12T10:03:00","slug":"jpt-6a-6oz-popcornmaschine-elektrisch-1-45kw","status":"publish","type":"product","link":"https:\/\/kengmingcn.com\/de_de\/product\/jpt-6a-6oz-popcornmaschine-elektrisch-1-45kw\/","title":{"rendered":"JPT-6A 6oZ Popcornmaschine Elektrisch 1.45KW"},"content":{"rendered":"<p><strong>Hinweise zur Verwendung<\/strong><br \/>\nUnsere Popcornmaschine ist eine automatische Maschine, die sehr einfach zu bedienen ist. Sie brauchen nur wenige Schritte:<\/p>\n<ol class=\"wp-block-list\">\n<li>Anschluss an die Stromversorgung<\/li>\n<li>Dr\u00fccken Sie die Taste \u201cHeat\u201d zum Vorheizen, etwa 2 Minuten.<\/li>\n<li>Geben Sie \u00d6l, Mais, Zucker oder Salz in den Topf und dr\u00fccken Sie dann den Schalter \u201cTurn\u201d. Das Popcorn ist in 2 Minuten fertig.<\/li>\n<li>Dr\u00fccken Sie den \u201cLightwarm\u201d-Schalter, um das Popcorn warm zu halten.DIE MASCHINE KANN INNERHALB ODER AUSSERHALB DER T\u00dcR BENUTZT WERDEN<\/li>\n<\/ol>\n<p><img decoding=\"async\" class=\"alignnone size-full wp-image-50205\" src=\"https:\/\/kengmingcn.com\/wp-content\/uploads\/2025\/05\/05_5_11zon.webp\" alt=\"Popcorn-Maschine\" width=\"800\" height=\"800\" srcset=\"https:\/\/kengmingcn.com\/wp-content\/uploads\/2025\/05\/05_5_11zon.webp 800w, https:\/\/kengmingcn.com\/wp-content\/uploads\/2025\/05\/05_5_11zon-300x300.webp 300w, https:\/\/kengmingcn.com\/wp-content\/uploads\/2025\/05\/05_5_11zon-150x150.webp 150w, https:\/\/kengmingcn.com\/wp-content\/uploads\/2025\/05\/05_5_11zon-768x768.webp 768w, https:\/\/kengmingcn.com\/wp-content\/uploads\/2025\/05\/05_5_11zon-200x200.webp 200w\" sizes=\"(max-width: 800px) 100vw, 800px\" \/> <img decoding=\"async\" class=\"alignnone size-full wp-image-50204\" src=\"https:\/\/kengmingcn.com\/wp-content\/uploads\/2025\/05\/04_4_11zon.webp\" alt=\"Popcorn-Maschine\" width=\"800\" height=\"800\" srcset=\"https:\/\/kengmingcn.com\/wp-content\/uploads\/2025\/05\/04_4_11zon.webp 800w, https:\/\/kengmingcn.com\/wp-content\/uploads\/2025\/05\/04_4_11zon-300x300.webp 300w, https:\/\/kengmingcn.com\/wp-content\/uploads\/2025\/05\/04_4_11zon-150x150.webp 150w, https:\/\/kengmingcn.com\/wp-content\/uploads\/2025\/05\/04_4_11zon-768x768.webp 768w, https:\/\/kengmingcn.com\/wp-content\/uploads\/2025\/05\/04_4_11zon-200x200.webp 200w\" sizes=\"(max-width: 800px) 100vw, 800px\" \/> <img decoding=\"async\" class=\"alignnone size-full wp-image-50203\" src=\"https:\/\/kengmingcn.com\/wp-content\/uploads\/2025\/05\/03_3_11zon.webp\" alt=\"Popcorn-Maschine\" width=\"800\" height=\"800\" srcset=\"https:\/\/kengmingcn.com\/wp-content\/uploads\/2025\/05\/03_3_11zon.webp 800w, https:\/\/kengmingcn.com\/wp-content\/uploads\/2025\/05\/03_3_11zon-300x300.webp 300w, https:\/\/kengmingcn.com\/wp-content\/uploads\/2025\/05\/03_3_11zon-150x150.webp 150w, https:\/\/kengmingcn.com\/wp-content\/uploads\/2025\/05\/03_3_11zon-768x768.webp 768w, https:\/\/kengmingcn.com\/wp-content\/uploads\/2025\/05\/03_3_11zon-200x200.webp 200w\" sizes=\"(max-width: 800px) 100vw, 800px\" \/> <img decoding=\"async\" class=\"alignnone size-full wp-image-50202\" src=\"https:\/\/kengmingcn.com\/wp-content\/uploads\/2025\/05\/02_2_11zon.webp\" alt=\"Popcorn-Maschine\" width=\"800\" height=\"800\" srcset=\"https:\/\/kengmingcn.com\/wp-content\/uploads\/2025\/05\/02_2_11zon.webp 800w, https:\/\/kengmingcn.com\/wp-content\/uploads\/2025\/05\/02_2_11zon-300x300.webp 300w, https:\/\/kengmingcn.com\/wp-content\/uploads\/2025\/05\/02_2_11zon-150x150.webp 150w, https:\/\/kengmingcn.com\/wp-content\/uploads\/2025\/05\/02_2_11zon-768x768.webp 768w, https:\/\/kengmingcn.com\/wp-content\/uploads\/2025\/05\/02_2_11zon-200x200.webp 200w\" sizes=\"(max-width: 800px) 100vw, 800px\" \/> <img decoding=\"async\" class=\"alignnone size-full wp-image-50199\" src=\"https:\/\/kengmingcn.com\/wp-content\/uploads\/2025\/05\/01_1_11zon.webp\" alt=\"Popcorn-Maschine\" width=\"800\" height=\"800\" srcset=\"https:\/\/kengmingcn.com\/wp-content\/uploads\/2025\/05\/01_1_11zon.webp 800w, https:\/\/kengmingcn.com\/wp-content\/uploads\/2025\/05\/01_1_11zon-300x300.webp 300w, https:\/\/kengmingcn.com\/wp-content\/uploads\/2025\/05\/01_1_11zon-150x150.webp 150w, https:\/\/kengmingcn.com\/wp-content\/uploads\/2025\/05\/01_1_11zon-768x768.webp 768w, https:\/\/kengmingcn.com\/wp-content\/uploads\/2025\/05\/01_1_11zon-200x200.webp 200w\" sizes=\"(max-width: 800px) 100vw, 800px\" \/><\/p>","protected":false},"excerpt":{"rendered":"<ul>\n<li><strong>6Oz goldene Kapazit\u00e4t<\/strong>: eine einzige Produktion erf\u00fcllt 20-30 Standard-Popcorn, leicht zu bew\u00e4ltigen mit dem Theater \/ Vergn\u00fcgungspark Spitzen Passagierfluss<\/li>\n<li><strong>1,45KW Blitzheizung:<\/strong> schnelle Essenslieferung in Minuten, Fettvormischsystem verabschiedet sich vom manuellen Mischen<\/li>\n<li><strong>Verf\u00fcgbare Farben: \u2460 Rot \u2461 Rosa \u2462 Gelb<\/strong><\/li>\n<\/ul>","protected":false},"featured_media":50199,"comment_status":"open","ping_status":"closed","template":"","meta":{"_acf_changed":false},"product_brand":[],"product_cat":[277,314],"product_tag":[],"class_list":{"0":"post-50200","1":"product","2":"type-product","3":"status-publish","4":"has-post-thumbnail","6":"product_cat-food-processing-equipment","7":"product_cat-popcorn-machine","8":"description-off","10":"first","11":"instock","12":"shipping-taxable","13":"product-type-simple"},"acf":[],"yoast_head":"<!-- This site is optimized with the Yoast SEO Premium plugin v25.3 (Yoast SEO v26.3) - https:\/\/yoast.com\/wordpress\/plugins\/seo\/ -->\n<title>JPT-6A 6oZ Popcorn Machine Electric 1.45KW - KengMing | Manufacturer of Commercial Kitchen Equipment<\/title>\n<meta name=\"description\" content=\"JPT-6A 6oZ Popcorn Machine Electric 1.45KW\" \/>\n<meta name=\"robots\" content=\"index, follow, max-snippet:-1, max-image-preview:large, max-video-preview:-1\" \/>\n<link rel=\"canonical\" href=\"https:\/\/kengmingcn.com\/de_de\/product\/jpt-6a-6oz-popcornmaschine-elektrisch-1-45kw\/\" \/>\n<meta property=\"og:locale\" content=\"de_DE\" \/>\n<meta property=\"og:type\" content=\"article\" \/>\n<meta property=\"og:title\" content=\"JPT-6A 6oZ Popcorn Machine Electric 1.45KW\" \/>\n<meta property=\"og:description\" content=\"JPT-6A 6oZ Popcorn Machine Electric 1.45KW\" \/>\n<meta property=\"og:url\" content=\"https:\/\/kengmingcn.com\/de_de\/product\/jpt-6a-6oz-popcornmaschine-elektrisch-1-45kw\/\" \/>\n<meta property=\"og:site_name\" content=\"KengMing | Manufacturer of Commercial Kitchen Equipment\" \/>\n<meta property=\"article:modified_time\" content=\"2025-06-12T10:03:00+00:00\" \/>\n<meta property=\"og:image\" content=\"https:\/\/kengmingcn.com\/wp-content\/uploads\/2025\/05\/01_1_11zon.webp\" \/>\n\t<meta property=\"og:image:width\" content=\"800\" \/>\n\t<meta property=\"og:image:height\" content=\"800\" \/>\n\t<meta property=\"og:image:type\" content=\"image\/webp\" \/>\n<meta name=\"twitter:card\" content=\"summary_large_image\" \/>\n<meta name=\"twitter:label1\" content=\"Preis\" \/>\n\t<meta name=\"twitter:data1\" content=\"\" \/>\n\t<meta name=\"twitter:label2\" content=\"Verf\u00fcgbarkeit\" \/>\n\t<meta name=\"twitter:data2\" content=\"Auf Lager\" \/>\n<script type=\"application\/ld+json\" class=\"yoast-schema-graph\">{\"@context\":\"https:\/\/schema.org\",\"@graph\":[{\"@type\":\"WebPage\",\"@id\":\"https:\/\/kengmingcn.com\/nl\/product\/jpt-6a-6oz-popcornmachine-elektrisch-1-45kw\/\",\"url\":\"https:\/\/kengmingcn.com\/nl\/product\/jpt-6a-6oz-popcornmachine-elektrisch-1-45kw\/\",\"name\":\"JPT-6A 6oZ Popcorn Machine Electric 1.45KW - KengMing | Manufacturer of Commercial Kitchen Equipment\",\"isPartOf\":{\"@id\":\"https:\/\/kengmingcn.com\/#website\"},\"primaryImageOfPage\":{\"@id\":\"https:\/\/kengmingcn.com\/nl\/product\/jpt-6a-6oz-popcornmachine-elektrisch-1-45kw\/#primaryimage\"},\"image\":{\"@id\":\"https:\/\/kengmingcn.com\/nl\/product\/jpt-6a-6oz-popcornmachine-elektrisch-1-45kw\/#primaryimage\"},\"thumbnailUrl\":\"https:\/\/kengmingcn.com\/wp-content\/uploads\/2025\/05\/01_1_11zon.webp\",\"datePublished\":\"2025-05-07T02:15:48+00:00\",\"dateModified\":\"2025-06-12T10:03:00+00:00\",\"description\":\"JPT-6A 6oZ Popcorn Machine Electric 1.45KW\",\"breadcrumb\":{\"@id\":\"https:\/\/kengmingcn.com\/nl\/product\/jpt-6a-6oz-popcornmachine-elektrisch-1-45kw\/#breadcrumb\"},\"inLanguage\":\"de\",\"potentialAction\":[{\"@type\":\"ReadAction\",\"target\":[\"https:\/\/kengmingcn.com\/nl\/product\/jpt-6a-6oz-popcornmachine-elektrisch-1-45kw\/\"]}]},{\"@type\":\"ImageObject\",\"inLanguage\":\"de\",\"@id\":\"https:\/\/kengmingcn.com\/nl\/product\/jpt-6a-6oz-popcornmachine-elektrisch-1-45kw\/#primaryimage\",\"url\":\"https:\/\/kengmingcn.com\/wp-content\/uploads\/2025\/05\/01_1_11zon.webp\",\"contentUrl\":\"https:\/\/kengmingcn.com\/wp-content\/uploads\/2025\/05\/01_1_11zon.webp\",\"width\":800,\"height\":800,\"caption\":\"Popcorn Machine\"},{\"@type\":\"BreadcrumbList\",\"@id\":\"https:\/\/kengmingcn.com\/nl\/product\/jpt-6a-6oz-popcornmachine-elektrisch-1-45kw\/#breadcrumb\",\"itemListElement\":[{\"@type\":\"ListItem\",\"position\":1,\"name\":\"Home\",\"item\":\"https:\/\/kengmingcn.com\/\"},{\"@type\":\"ListItem\",\"position\":2,\"name\":\"Catalogue\",\"item\":\"https:\/\/kengmingcn.com\/?page_id=27131\"},{\"@type\":\"ListItem\",\"position\":3,\"name\":\"JPT-6A 6oZ Popcorn Machine Electric 1.45KW\"}]},{\"@type\":\"WebSite\",\"@id\":\"https:\/\/kengmingcn.com\/#website\",\"url\":\"https:\/\/kengmingcn.com\/\",\"name\":\"Kitchen Equipment\",\"description\":\"KengMing is a professional commercial kitchen equipment manufacturer and wholesale supplier, offering cooking, food prep and bakery equipment with OEM &amp; ODM service for global distributors.\",\"publisher\":{\"@id\":\"https:\/\/kengmingcn.com\/#organization\"},\"potentialAction\":[{\"@type\":\"SearchAction\",\"target\":{\"@type\":\"EntryPoint\",\"urlTemplate\":\"https:\/\/kengmingcn.com\/?s={search_term_string}\"},\"query-input\":{\"@type\":\"PropertyValueSpecification\",\"valueRequired\":true,\"valueName\":\"search_term_string\"}}],\"inLanguage\":\"de\"},{\"@type\":\"Organization\",\"@id\":\"https:\/\/kengmingcn.com\/#organization\",\"name\":\"GuangZhou KengMing\",\"url\":\"https:\/\/kengmingcn.com\/\",\"logo\":{\"@type\":\"ImageObject\",\"inLanguage\":\"de\",\"@id\":\"https:\/\/kengmingcn.com\/#\/schema\/logo\/image\/\",\"url\":\"https:\/\/kengmingcn.com\/wp-content\/uploads\/2025\/04\/cropped-1744508604969-removebg-preview.png\",\"contentUrl\":\"https:\/\/kengmingcn.com\/wp-content\/uploads\/2025\/04\/cropped-1744508604969-removebg-preview.png\",\"width\":512,\"height\":512,\"caption\":\"GuangZhou KengMing\"},\"image\":{\"@id\":\"https:\/\/kengmingcn.com\/#\/schema\/logo\/image\/\"}}]}<\/script>\n<meta property=\"product:price:amount\" content=\"0.00\" \/>\n<meta property=\"product:price:currency\" content=\"USD\" \/>\n<meta property=\"og:availability\" content=\"instock\" \/>\n<meta property=\"product:availability\" content=\"instock\" \/>\n<meta property=\"product:condition\" content=\"new\" \/>\n<!-- \/ Yoast SEO Premium plugin. -->","yoast_head_json":{"title":"JPT-6A 6oZ Popcornmaschine Elektrisch 1.45KW - KengMing | Hersteller von Gro\u00dfk\u00fcchenger\u00e4ten","description":"JPT-6A 6oZ Popcornmaschine Elektrisch 1.45KW","robots":{"index":"index","follow":"follow","max-snippet":"max-snippet:-1","max-image-preview":"max-image-preview:large","max-video-preview":"max-video-preview:-1"},"canonical":"https:\/\/kengmingcn.com\/de_de\/product\/jpt-6a-6oz-popcornmaschine-elektrisch-1-45kw\/","og_locale":"de_DE","og_type":"article","og_title":"JPT-6A 6oZ Popcorn Machine Electric 1.45KW","og_description":"JPT-6A 6oZ Popcorn Machine Electric 1.45KW","og_url":"https:\/\/kengmingcn.com\/de_de\/product\/jpt-6a-6oz-popcornmaschine-elektrisch-1-45kw\/","og_site_name":"KengMing | Manufacturer of Commercial Kitchen Equipment","article_modified_time":"2025-06-12T10:03:00+00:00","og_image":[{"width":800,"height":800,"url":"https:\/\/kengmingcn.com\/wp-content\/uploads\/2025\/05\/01_1_11zon.webp","type":"image\/webp"}],"twitter_card":"summary_large_image","twitter_misc":{"Preis":"","Verf\u00fcgbarkeit":"Auf Lager"},"schema":{"@context":"https:\/\/schema.org","@graph":[{"@type":"WebPage","@id":"https:\/\/kengmingcn.com\/nl\/product\/jpt-6a-6oz-popcornmachine-elektrisch-1-45kw\/","url":"https:\/\/kengmingcn.com\/nl\/product\/jpt-6a-6oz-popcornmachine-elektrisch-1-45kw\/","name":"JPT-6A 6oZ Popcornmaschine Elektrisch 1.45KW - KengMing | Hersteller von Gro\u00dfk\u00fcchenger\u00e4ten","isPartOf":{"@id":"https:\/\/kengmingcn.com\/#website"},"primaryImageOfPage":{"@id":"https:\/\/kengmingcn.com\/nl\/product\/jpt-6a-6oz-popcornmachine-elektrisch-1-45kw\/#primaryimage"},"image":{"@id":"https:\/\/kengmingcn.com\/nl\/product\/jpt-6a-6oz-popcornmachine-elektrisch-1-45kw\/#primaryimage"},"thumbnailUrl":"https:\/\/kengmingcn.com\/wp-content\/uploads\/2025\/05\/01_1_11zon.webp","datePublished":"2025-05-07T02:15:48+00:00","dateModified":"2025-06-12T10:03:00+00:00","description":"JPT-6A 6oZ Popcornmaschine Elektrisch 1.45KW","breadcrumb":{"@id":"https:\/\/kengmingcn.com\/nl\/product\/jpt-6a-6oz-popcornmachine-elektrisch-1-45kw\/#breadcrumb"},"inLanguage":"de","potentialAction":[{"@type":"ReadAction","target":["https:\/\/kengmingcn.com\/nl\/product\/jpt-6a-6oz-popcornmachine-elektrisch-1-45kw\/"]}]},{"@type":"ImageObject","inLanguage":"de","@id":"https:\/\/kengmingcn.com\/nl\/product\/jpt-6a-6oz-popcornmachine-elektrisch-1-45kw\/#primaryimage","url":"https:\/\/kengmingcn.com\/wp-content\/uploads\/2025\/05\/01_1_11zon.webp","contentUrl":"https:\/\/kengmingcn.com\/wp-content\/uploads\/2025\/05\/01_1_11zon.webp","width":800,"height":800,"caption":"Popcorn Machine"},{"@type":"BreadcrumbList","@id":"https:\/\/kengmingcn.com\/nl\/product\/jpt-6a-6oz-popcornmachine-elektrisch-1-45kw\/#breadcrumb","itemListElement":[{"@type":"ListItem","position":1,"name":"Home","item":"https:\/\/kengmingcn.com\/"},{"@type":"ListItem","position":2,"name":"Catalogue","item":"https:\/\/kengmingcn.com\/?page_id=27131"},{"@type":"ListItem","position":3,"name":"JPT-6A 6oZ Popcorn Machine Electric 1.45KW"}]},{"@type":"WebSite","@id":"https:\/\/kengmingcn.com\/#website","url":"https:\/\/kengmingcn.com\/","name":"K\u00fcchenausstattung","description":"KengMing is a professional commercial kitchen equipment manufacturer and wholesale supplier, offering cooking, food prep and bakery equipment with OEM &amp; ODM service for global distributors.","publisher":{"@id":"https:\/\/kengmingcn.com\/#organization"},"potentialAction":[{"@type":"SearchAction","target":{"@type":"EntryPoint","urlTemplate":"https:\/\/kengmingcn.com\/?s={search_term_string}"},"query-input":{"@type":"PropertyValueSpecification","valueRequired":true,"valueName":"search_term_string"}}],"inLanguage":"de"},{"@type":"Organization","@id":"https:\/\/kengmingcn.com\/#organization","name":"GuangZhou KengMing","url":"https:\/\/kengmingcn.com\/","logo":{"@type":"ImageObject","inLanguage":"de","@id":"https:\/\/kengmingcn.com\/#\/schema\/logo\/image\/","url":"https:\/\/kengmingcn.com\/wp-content\/uploads\/2025\/04\/cropped-1744508604969-removebg-preview.png","contentUrl":"https:\/\/kengmingcn.com\/wp-content\/uploads\/2025\/04\/cropped-1744508604969-removebg-preview.png","width":512,"height":512,"caption":"GuangZhou KengMing"},"image":{"@id":"https:\/\/kengmingcn.com\/#\/schema\/logo\/image\/"}}]},"product_price_amount":"0.00","product_price_currency":"USD","og_availability":"instock","product_availability":"instock","product_condition":"new"},"_links":{"self":[{"href":"https:\/\/kengmingcn.com\/de_de\/wp-json\/wp\/v2\/product\/50200","targetHints":{"allow":["GET"]}}],"collection":[{"href":"https:\/\/kengmingcn.com\/de_de\/wp-json\/wp\/v2\/product"}],"about":[{"href":"https:\/\/kengmingcn.com\/de_de\/wp-json\/wp\/v2\/types\/product"}],"replies":[{"embeddable":true,"href":"https:\/\/kengmingcn.com\/de_de\/wp-json\/wp\/v2\/comments?post=50200"}],"wp:featuredmedia":[{"embeddable":true,"href":"https:\/\/kengmingcn.com\/de_de\/wp-json\/wp\/v2\/media\/50199"}],"wp:attachment":[{"href":"https:\/\/kengmingcn.com\/de_de\/wp-json\/wp\/v2\/media?parent=50200"}],"wp:term":[{"taxonomy":"product_brand","embeddable":true,"href":"https:\/\/kengmingcn.com\/de_de\/wp-json\/wp\/v2\/product_brand?post=50200"},{"taxonomy":"product_cat","embeddable":true,"href":"https:\/\/kengmingcn.com\/de_de\/wp-json\/wp\/v2\/product_cat?post=50200"},{"taxonomy":"product_tag","embeddable":true,"href":"https:\/\/kengmingcn.com\/de_de\/wp-json\/wp\/v2\/product_tag?post=50200"}],"curies":[{"name":"wp","href":"https:\/\/api.w.org\/{rel}","templated":true}]}}