{"id":50145,"date":"2025-05-06T18:51:16","date_gmt":"2025-05-06T10:51:16","guid":{"rendered":"https:\/\/kengmingcn.com\/?post_type=product&#038;p=50145"},"modified":"2026-02-02T11:13:34","modified_gmt":"2026-02-02T03:13:34","slug":"beliebteste-kommerzielle-haus-eis-rasierer-maschine-elektrische-eis-crusher","status":"publish","type":"product","link":"https:\/\/kengmingcn.com\/de_de\/product\/beliebteste-kommerzielle-haus-eis-rasierer-maschine-elektrische-eis-crusher\/","title":{"rendered":"Schneeflocken Block Shaved Ice Maschine Bullet Flake Snow Home Industrial use"},"content":{"rendered":"<div style=\"width: 640px;\" class=\"wp-video\"><!--[if lt IE 9]><script>document.createElement('video');<\/script><![endif]-->\n<video class=\"wp-video-shortcode\" id=\"video-50145-1\" width=\"640\" height=\"360\" preload=\"metadata\" controls=\"controls\"><source type=\"video\/mp4\" src=\"https:\/\/cdn-gzkm.b-cdn.net\/Model\/Shaved%20Ice%20Machine\/Shaved%20Ice%20Machine.mp4?_=1\" \/><a href=\"https:\/\/cdn-gzkm.b-cdn.net\/Model\/Shaved%20Ice%20Machine\/Shaved%20Ice%20Machine.mp4\">https:\/\/cdn-gzkm.b-cdn.net\/Model\/Shaved%20Ice%20Machine\/Shaved%20Ice%20Machine.mp4<\/a><\/video><\/div>\n<figure class=\"wp-block-image size-large\"><\/figure>\n<p class=\"ai-optimize-54\"><strong>1. effiziente Eisherstellung<\/strong>Die Eismaschine ist mit einem leistungsstarken Motor ausgestattet, der Eis schnell und effizient verarbeiten kann, mit einer hohen Effizienz bei der Eisherstellung, geeignet f\u00fcr Spitzenzeiten.<\/p>\n<p class=\"ai-optimize-55\"><strong>2. Verschiedene Einstellungen f\u00fcr die Dicke des rasierten Eises<\/strong>Die Dicke des rasierten Eises kann je nach Bedarf eingestellt werden, von zartem Schneeflocken-Eis \u00fcber Softeis bis hin zu st\u00e4rkerem Crushed-Eis, eine Maschine ist vielseitig einsetzbar, um unterschiedliche Geschmacksanforderungen zu erf\u00fcllen.<\/p>\n<p class=\"ai-optimize-56\"><strong>3. Robust und langlebig<\/strong>Hergestellt aus lebensmittelechtem Edelstahl oder hochfestem ABS-Material, langlebig und verschlei\u00dffest und leicht zu reinigen, um die Verwendung von Sicherheit und Hygiene zu gew\u00e4hrleisten.<\/p>\n<p class=\"ai-optimize-57\"><strong>4. Einfach und leicht zu bedienen<\/strong>: Ein-Knopf-Start-Design, spart Zeit und Arbeit.<\/p>\n<p class=\"ai-optimize-58\"><strong>5. Rutschfester Boden<\/strong>: stabilerer Betrieb, weniger Vibrationen.<\/p>\n<p class=\"ai-optimize-59\"><strong>6. Multifunktionale Anwendung<\/strong>: kann Rasiereis, Saft-Smoothie, Milchshake, Softeis, Schneeflocken-Eis und andere k\u00f6stliche Geschmacksrichtungen herstellen und bietet dem Benutzer unbegrenzten kreativen Spielraum.<\/p>\n<figure class=\"wp-block-image size-large\"><img decoding=\"async\" class=\"alignnone size-full wp-image-51818\" src=\"https:\/\/kengmingcn.com\/wp-content\/uploads\/2025\/05\/shaved-ice-machine-1.webp\" alt=\"\" width=\"1060\" height=\"500\" srcset=\"https:\/\/kengmingcn.com\/wp-content\/uploads\/2025\/05\/shaved-ice-machine-1.webp 1060w, https:\/\/kengmingcn.com\/wp-content\/uploads\/2025\/05\/shaved-ice-machine-1-300x142.webp 300w, https:\/\/kengmingcn.com\/wp-content\/uploads\/2025\/05\/shaved-ice-machine-1-1024x483.webp 1024w, https:\/\/kengmingcn.com\/wp-content\/uploads\/2025\/05\/shaved-ice-machine-1-768x362.webp 768w\" sizes=\"(max-width: 1060px) 100vw, 1060px\" \/> <img decoding=\"async\" class=\"alignnone size-full wp-image-51819\" src=\"https:\/\/kengmingcn.com\/wp-content\/uploads\/2025\/05\/shaved-ice-machine-2.webp\" alt=\"\" width=\"1060\" height=\"500\" srcset=\"https:\/\/kengmingcn.com\/wp-content\/uploads\/2025\/05\/shaved-ice-machine-2.webp 1060w, https:\/\/kengmingcn.com\/wp-content\/uploads\/2025\/05\/shaved-ice-machine-2-300x142.webp 300w, https:\/\/kengmingcn.com\/wp-content\/uploads\/2025\/05\/shaved-ice-machine-2-1024x483.webp 1024w, https:\/\/kengmingcn.com\/wp-content\/uploads\/2025\/05\/shaved-ice-machine-2-768x362.webp 768w\" sizes=\"(max-width: 1060px) 100vw, 1060px\" \/><\/figure>\n<p class=\"ai-optimize-60\"><strong>1. Verwendung in der Familie:<\/strong><br \/>\nVerwendung: Stellen Sie zu Hause k\u00fchles Shaved Ice her, um Ihrer Familie ein erfrischendes Sommererlebnis zu bieten.<br \/>\nBeispiel: Bereiten Sie bei Familientreffen oder Festen ein rasiertes Softeis f\u00fcr die ein- und ausgehenden G\u00e4ste zu.<\/p>\n<p class=\"ai-optimize-61\"><strong>2. Restaurants und Caf\u00e9s:<\/strong><br \/>\nVerwendung: Zur Herstellung von einzigartigem Softeis oder gefrorenen Desserts.<br \/>\nBeispiel: Restaurants und Caf\u00e9s verwenden Rasiereismaschinen, um k\u00f6stliche eisgek\u00fchlte Leckereien herzustellen, die die Speisekarte bereichern.<\/p>\n<figure class=\"wp-block-image size-large\"><img decoding=\"async\" class=\"alignnone size-full wp-image-51820\" src=\"https:\/\/kengmingcn.com\/wp-content\/uploads\/2025\/05\/shaved-ice-machine-3.webp\" alt=\"\" width=\"1060\" height=\"500\" srcset=\"https:\/\/kengmingcn.com\/wp-content\/uploads\/2025\/05\/shaved-ice-machine-3.webp 1060w, https:\/\/kengmingcn.com\/wp-content\/uploads\/2025\/05\/shaved-ice-machine-3-300x142.webp 300w, https:\/\/kengmingcn.com\/wp-content\/uploads\/2025\/05\/shaved-ice-machine-3-1024x483.webp 1024w, https:\/\/kengmingcn.com\/wp-content\/uploads\/2025\/05\/shaved-ice-machine-3-768x362.webp 768w\" sizes=\"(max-width: 1060px) 100vw, 1060px\" \/> <img decoding=\"async\" class=\"alignnone size-full wp-image-51821\" src=\"https:\/\/kengmingcn.com\/wp-content\/uploads\/2025\/05\/shaved-ice-machine-4.webp\" alt=\"\" width=\"1060\" height=\"500\" srcset=\"https:\/\/kengmingcn.com\/wp-content\/uploads\/2025\/05\/shaved-ice-machine-4.webp 1060w, https:\/\/kengmingcn.com\/wp-content\/uploads\/2025\/05\/shaved-ice-machine-4-300x142.webp 300w, https:\/\/kengmingcn.com\/wp-content\/uploads\/2025\/05\/shaved-ice-machine-4-1024x483.webp 1024w, https:\/\/kengmingcn.com\/wp-content\/uploads\/2025\/05\/shaved-ice-machine-4-768x362.webp 768w\" sizes=\"(max-width: 1060px) 100vw, 1060px\" \/> <img decoding=\"async\" class=\"alignnone size-full wp-image-51822\" src=\"https:\/\/kengmingcn.com\/wp-content\/uploads\/2025\/05\/shaved-ice-machine-5.webp\" alt=\"\" width=\"1060\" height=\"500\" srcset=\"https:\/\/kengmingcn.com\/wp-content\/uploads\/2025\/05\/shaved-ice-machine-5.webp 1060w, https:\/\/kengmingcn.com\/wp-content\/uploads\/2025\/05\/shaved-ice-machine-5-300x142.webp 300w, https:\/\/kengmingcn.com\/wp-content\/uploads\/2025\/05\/shaved-ice-machine-5-1024x483.webp 1024w, https:\/\/kengmingcn.com\/wp-content\/uploads\/2025\/05\/shaved-ice-machine-5-768x362.webp 768w\" sizes=\"(max-width: 1060px) 100vw, 1060px\" \/><\/figure>\n<figure class=\"wp-block-table\">\n<table class=\"has-fixed-layout\">\n<tbody>\n<tr>\n<td colspan=\"2\">Modell<\/td>\n<td colspan=\"2\">Grundstoffe<\/td>\n<td colspan=\"2\">Gr\u00f6\u00dfe<\/td>\n<td colspan=\"2\">Hauptmaterial<\/td>\n<td colspan=\"2\">Arbeitsweise<\/td>\n<td colspan=\"2\">Leistung\/Spannung<\/td>\n<td colspan=\"2\">Zubeh\u00f6r<\/td>\n<\/tr>\n<tr>\n<td colspan=\"2\">QLB-120<\/td>\n<td colspan=\"2\">Fruchteisw\u00fcrfel \/ Milcheisw\u00fcrfel \/ Getr\u00e4nkeeisw\u00fcrfel \/ S\u00fc\u00dfwassereisw\u00fcrfel<\/td>\n<td colspan=\"2\">43*33*87CM<\/td>\n<td colspan=\"2\">Kunststoffteile + rostfreier Stahl<\/td>\n<td colspan=\"2\">Wasserdichte Schaltersteuerung<\/td>\n<td colspan=\"2\">120W\/220V.50~60HZ<\/td>\n<td colspan=\"2\">Messerplatte*1;Splei\u00dfplatte*1<\/td>\n<\/tr>\n<tr>\n<td colspan=\"2\">QLB-120-1<\/td>\n<td colspan=\"2\">Fruchteisw\u00fcrfel \/ Milcheisw\u00fcrfel \/ Getr\u00e4nkeeisw\u00fcrfel \/ S\u00fc\u00dfwassereisw\u00fcrfel<\/td>\n<td colspan=\"2\">43*33*87CM<\/td>\n<td colspan=\"2\">Kunststoffteile + rostfreier Stahl<\/td>\n<td colspan=\"2\">Wasserdichte Schaltersteuerung<\/td>\n<td colspan=\"2\">120W\/110V.60HZ<\/td>\n<td colspan=\"2\">Messerplatte*1;Splei\u00dfplatte*1<\/td>\n<\/tr>\n<\/tbody>\n<\/table>\n<p>https:\/\/kengmingcn.com\/2025\/07\/03\/how-to-make-fine-shaved-ice\/<\/figure>","protected":false},"excerpt":{"rendered":"<ul>\n<li>Leistung: &lt;200W<\/li>\n<li>Struktur: Integraler Typ<\/li>\n<li>Nennleistung: 120W<\/li>\n<li>Eis H\u00f6he: 18cm<\/li>\n<\/ul>","protected":false},"featured_media":50150,"comment_status":"open","ping_status":"closed","template":"","meta":{"_acf_changed":false},"product_brand":[],"product_cat":[249,275],"product_tag":[],"class_list":{"0":"post-50145","1":"product","2":"type-product","3":"status-publish","4":"has-post-thumbnail","6":"product_cat-icicle-and-shaved-ice-machine","7":"product_cat-refrigeration-equipment","8":"description-off","10":"first","11":"instock","12":"shipping-taxable","13":"product-type-simple"},"acf":[],"yoast_head":"<!-- This site is optimized with the Yoast SEO Premium plugin v25.3 (Yoast SEO v26.3) - https:\/\/yoast.com\/wordpress\/plugins\/seo\/ -->\n<title>Snowflake Block Shaved Ice Machine<\/title>\n<meta name=\"description\" content=\"Snowflake Block Shaved Ice Machine Bullet Flake Snow Home Industrial use\" \/>\n<meta name=\"robots\" content=\"index, follow, max-snippet:-1, max-image-preview:large, max-video-preview:-1\" \/>\n<link rel=\"canonical\" href=\"https:\/\/kengmingcn.com\/de_de\/product\/beliebteste-kommerzielle-haus-eis-rasierer-maschine-elektrische-eis-crusher\/\" \/>\n<meta property=\"og:locale\" content=\"de_DE\" \/>\n<meta property=\"og:type\" content=\"article\" \/>\n<meta property=\"og:title\" content=\"Snowflake Block Shaved Ice Machine Bullet Flake Snow Home Industrial use\" \/>\n<meta property=\"og:description\" content=\"Snowflake Block Shaved Ice Machine Bullet Flake Snow Home Industrial use\" \/>\n<meta property=\"og:url\" content=\"https:\/\/kengmingcn.com\/de_de\/product\/beliebteste-kommerzielle-haus-eis-rasierer-maschine-elektrische-eis-crusher\/\" \/>\n<meta property=\"og:site_name\" content=\"KengMing | Manufacturer of Commercial Kitchen Equipment\" \/>\n<meta property=\"article:modified_time\" content=\"2026-02-02T03:13:34+00:00\" \/>\n<meta property=\"og:image\" content=\"https:\/\/kengmingcn.com\/wp-content\/uploads\/2025\/05\/1736314648928.png\" \/>\n\t<meta property=\"og:image:width\" content=\"550\" \/>\n\t<meta property=\"og:image:height\" content=\"550\" \/>\n\t<meta property=\"og:image:type\" content=\"image\/png\" \/>\n<meta name=\"twitter:card\" content=\"summary_large_image\" \/>\n<meta name=\"twitter:label1\" content=\"Preis\" \/>\n\t<meta name=\"twitter:data1\" content=\"\" \/>\n\t<meta name=\"twitter:label2\" content=\"Verf\u00fcgbarkeit\" \/>\n\t<meta name=\"twitter:data2\" content=\"Auf Lager\" \/>\n<script type=\"application\/ld+json\" class=\"yoast-schema-graph\">{\"@context\":\"https:\/\/schema.org\",\"@graph\":[{\"@type\":\"WebPage\",\"@id\":\"https:\/\/kengmingcn.com\/de_de\/product\/beliebteste-kommerzielle-haus-eis-rasierer-maschine-elektrische-eis-crusher\/\",\"url\":\"https:\/\/kengmingcn.com\/de_de\/product\/beliebteste-kommerzielle-haus-eis-rasierer-maschine-elektrische-eis-crusher\/\",\"name\":\"Snowflake Block Shaved Ice Machine\",\"isPartOf\":{\"@id\":\"https:\/\/kengmingcn.com\/#website\"},\"primaryImageOfPage\":{\"@id\":\"https:\/\/kengmingcn.com\/de_de\/product\/beliebteste-kommerzielle-haus-eis-rasierer-maschine-elektrische-eis-crusher\/#primaryimage\"},\"image\":{\"@id\":\"https:\/\/kengmingcn.com\/de_de\/product\/beliebteste-kommerzielle-haus-eis-rasierer-maschine-elektrische-eis-crusher\/#primaryimage\"},\"thumbnailUrl\":\"https:\/\/kengmingcn.com\/wp-content\/uploads\/2025\/05\/1736314648928.png\",\"datePublished\":\"2025-05-06T10:51:16+00:00\",\"dateModified\":\"2026-02-02T03:13:34+00:00\",\"description\":\"Snowflake Block Shaved Ice Machine Bullet Flake Snow Home Industrial use\",\"breadcrumb\":{\"@id\":\"https:\/\/kengmingcn.com\/de_de\/product\/beliebteste-kommerzielle-haus-eis-rasierer-maschine-elektrische-eis-crusher\/#breadcrumb\"},\"inLanguage\":\"de\",\"potentialAction\":[{\"@type\":\"ReadAction\",\"target\":[\"https:\/\/kengmingcn.com\/de_de\/product\/beliebteste-kommerzielle-haus-eis-rasierer-maschine-elektrische-eis-crusher\/\"]}]},{\"@type\":\"ImageObject\",\"inLanguage\":\"de\",\"@id\":\"https:\/\/kengmingcn.com\/de_de\/product\/beliebteste-kommerzielle-haus-eis-rasierer-maschine-elektrische-eis-crusher\/#primaryimage\",\"url\":\"https:\/\/kengmingcn.com\/wp-content\/uploads\/2025\/05\/1736314648928.png\",\"contentUrl\":\"https:\/\/kengmingcn.com\/wp-content\/uploads\/2025\/05\/1736314648928.png\",\"width\":550,\"height\":550,\"caption\":\"Shaved Ice Machine\"},{\"@type\":\"BreadcrumbList\",\"@id\":\"https:\/\/kengmingcn.com\/de_de\/product\/beliebteste-kommerzielle-haus-eis-rasierer-maschine-elektrische-eis-crusher\/#breadcrumb\",\"itemListElement\":[{\"@type\":\"ListItem\",\"position\":1,\"name\":\"Home\",\"item\":\"https:\/\/kengmingcn.com\/\"},{\"@type\":\"ListItem\",\"position\":2,\"name\":\"Catalogue\",\"item\":\"https:\/\/kengmingcn.com\/?page_id=27131\"},{\"@type\":\"ListItem\",\"position\":3,\"name\":\"Snowflake Block Shaved Ice Machine Bullet Flake Snow Home Industrial use\"}]},{\"@type\":\"WebSite\",\"@id\":\"https:\/\/kengmingcn.com\/#website\",\"url\":\"https:\/\/kengmingcn.com\/\",\"name\":\"Kitchen Equipment\",\"description\":\"KengMing is a professional commercial kitchen equipment manufacturer and wholesale supplier, offering cooking, food prep and bakery equipment with OEM &amp; ODM service for global distributors.\",\"publisher\":{\"@id\":\"https:\/\/kengmingcn.com\/#organization\"},\"potentialAction\":[{\"@type\":\"SearchAction\",\"target\":{\"@type\":\"EntryPoint\",\"urlTemplate\":\"https:\/\/kengmingcn.com\/?s={search_term_string}\"},\"query-input\":{\"@type\":\"PropertyValueSpecification\",\"valueRequired\":true,\"valueName\":\"search_term_string\"}}],\"inLanguage\":\"de\"},{\"@type\":\"Organization\",\"@id\":\"https:\/\/kengmingcn.com\/#organization\",\"name\":\"GuangZhou KengMing\",\"url\":\"https:\/\/kengmingcn.com\/\",\"logo\":{\"@type\":\"ImageObject\",\"inLanguage\":\"de\",\"@id\":\"https:\/\/kengmingcn.com\/#\/schema\/logo\/image\/\",\"url\":\"https:\/\/kengmingcn.com\/wp-content\/uploads\/2025\/04\/cropped-1744508604969-removebg-preview.png\",\"contentUrl\":\"https:\/\/kengmingcn.com\/wp-content\/uploads\/2025\/04\/cropped-1744508604969-removebg-preview.png\",\"width\":512,\"height\":512,\"caption\":\"GuangZhou KengMing\"},\"image\":{\"@id\":\"https:\/\/kengmingcn.com\/#\/schema\/logo\/image\/\"}}]}<\/script>\n<meta property=\"product:price:amount\" content=\"0.00\" \/>\n<meta property=\"product:price:currency\" content=\"USD\" \/>\n<meta property=\"og:availability\" content=\"instock\" \/>\n<meta property=\"product:availability\" content=\"instock\" \/>\n<meta property=\"product:condition\" content=\"new\" \/>\n<!-- \/ Yoast SEO Premium plugin. -->","yoast_head_json":{"title":"Schneeflockenblock-Rasiereismaschine","description":"Schneeflocken Block Shaved Ice Maschine Bullet Flake Snow Home Industrial use","robots":{"index":"index","follow":"follow","max-snippet":"max-snippet:-1","max-image-preview":"max-image-preview:large","max-video-preview":"max-video-preview:-1"},"canonical":"https:\/\/kengmingcn.com\/de_de\/product\/beliebteste-kommerzielle-haus-eis-rasierer-maschine-elektrische-eis-crusher\/","og_locale":"de_DE","og_type":"article","og_title":"Snowflake Block Shaved Ice Machine Bullet Flake Snow Home Industrial use","og_description":"Snowflake Block Shaved Ice Machine Bullet Flake Snow Home Industrial use","og_url":"https:\/\/kengmingcn.com\/de_de\/product\/beliebteste-kommerzielle-haus-eis-rasierer-maschine-elektrische-eis-crusher\/","og_site_name":"KengMing | Manufacturer of Commercial Kitchen Equipment","article_modified_time":"2026-02-02T03:13:34+00:00","og_image":[{"width":550,"height":550,"url":"https:\/\/kengmingcn.com\/wp-content\/uploads\/2025\/05\/1736314648928.png","type":"image\/png"}],"twitter_card":"summary_large_image","twitter_misc":{"Preis":"","Verf\u00fcgbarkeit":"Auf Lager"},"schema":{"@context":"https:\/\/schema.org","@graph":[{"@type":"WebPage","@id":"https:\/\/kengmingcn.com\/de_de\/product\/beliebteste-kommerzielle-haus-eis-rasierer-maschine-elektrische-eis-crusher\/","url":"https:\/\/kengmingcn.com\/de_de\/product\/beliebteste-kommerzielle-haus-eis-rasierer-maschine-elektrische-eis-crusher\/","name":"Schneeflockenblock-Rasiereismaschine","isPartOf":{"@id":"https:\/\/kengmingcn.com\/#website"},"primaryImageOfPage":{"@id":"https:\/\/kengmingcn.com\/de_de\/product\/beliebteste-kommerzielle-haus-eis-rasierer-maschine-elektrische-eis-crusher\/#primaryimage"},"image":{"@id":"https:\/\/kengmingcn.com\/de_de\/product\/beliebteste-kommerzielle-haus-eis-rasierer-maschine-elektrische-eis-crusher\/#primaryimage"},"thumbnailUrl":"https:\/\/kengmingcn.com\/wp-content\/uploads\/2025\/05\/1736314648928.png","datePublished":"2025-05-06T10:51:16+00:00","dateModified":"2026-02-02T03:13:34+00:00","description":"Schneeflocken Block Shaved Ice Maschine Bullet Flake Snow Home Industrial use","breadcrumb":{"@id":"https:\/\/kengmingcn.com\/de_de\/product\/beliebteste-kommerzielle-haus-eis-rasierer-maschine-elektrische-eis-crusher\/#breadcrumb"},"inLanguage":"de","potentialAction":[{"@type":"ReadAction","target":["https:\/\/kengmingcn.com\/de_de\/product\/beliebteste-kommerzielle-haus-eis-rasierer-maschine-elektrische-eis-crusher\/"]}]},{"@type":"ImageObject","inLanguage":"de","@id":"https:\/\/kengmingcn.com\/de_de\/product\/beliebteste-kommerzielle-haus-eis-rasierer-maschine-elektrische-eis-crusher\/#primaryimage","url":"https:\/\/kengmingcn.com\/wp-content\/uploads\/2025\/05\/1736314648928.png","contentUrl":"https:\/\/kengmingcn.com\/wp-content\/uploads\/2025\/05\/1736314648928.png","width":550,"height":550,"caption":"Shaved Ice Machine"},{"@type":"BreadcrumbList","@id":"https:\/\/kengmingcn.com\/de_de\/product\/beliebteste-kommerzielle-haus-eis-rasierer-maschine-elektrische-eis-crusher\/#breadcrumb","itemListElement":[{"@type":"ListItem","position":1,"name":"Home","item":"https:\/\/kengmingcn.com\/"},{"@type":"ListItem","position":2,"name":"Catalogue","item":"https:\/\/kengmingcn.com\/?page_id=27131"},{"@type":"ListItem","position":3,"name":"Snowflake Block Shaved Ice Machine Bullet Flake Snow Home Industrial use"}]},{"@type":"WebSite","@id":"https:\/\/kengmingcn.com\/#website","url":"https:\/\/kengmingcn.com\/","name":"K\u00fcchenausstattung","description":"KengMing is a professional commercial kitchen equipment manufacturer and wholesale supplier, offering cooking, food prep and bakery equipment with OEM &amp; ODM service for global distributors.","publisher":{"@id":"https:\/\/kengmingcn.com\/#organization"},"potentialAction":[{"@type":"SearchAction","target":{"@type":"EntryPoint","urlTemplate":"https:\/\/kengmingcn.com\/?s={search_term_string}"},"query-input":{"@type":"PropertyValueSpecification","valueRequired":true,"valueName":"search_term_string"}}],"inLanguage":"de"},{"@type":"Organization","@id":"https:\/\/kengmingcn.com\/#organization","name":"GuangZhou KengMing","url":"https:\/\/kengmingcn.com\/","logo":{"@type":"ImageObject","inLanguage":"de","@id":"https:\/\/kengmingcn.com\/#\/schema\/logo\/image\/","url":"https:\/\/kengmingcn.com\/wp-content\/uploads\/2025\/04\/cropped-1744508604969-removebg-preview.png","contentUrl":"https:\/\/kengmingcn.com\/wp-content\/uploads\/2025\/04\/cropped-1744508604969-removebg-preview.png","width":512,"height":512,"caption":"GuangZhou KengMing"},"image":{"@id":"https:\/\/kengmingcn.com\/#\/schema\/logo\/image\/"}}]},"product_price_amount":"0.00","product_price_currency":"USD","og_availability":"instock","product_availability":"instock","product_condition":"new"},"_links":{"self":[{"href":"https:\/\/kengmingcn.com\/de_de\/wp-json\/wp\/v2\/product\/50145","targetHints":{"allow":["GET"]}}],"collection":[{"href":"https:\/\/kengmingcn.com\/de_de\/wp-json\/wp\/v2\/product"}],"about":[{"href":"https:\/\/kengmingcn.com\/de_de\/wp-json\/wp\/v2\/types\/product"}],"replies":[{"embeddable":true,"href":"https:\/\/kengmingcn.com\/de_de\/wp-json\/wp\/v2\/comments?post=50145"}],"wp:featuredmedia":[{"embeddable":true,"href":"https:\/\/kengmingcn.com\/de_de\/wp-json\/wp\/v2\/media\/50150"}],"wp:attachment":[{"href":"https:\/\/kengmingcn.com\/de_de\/wp-json\/wp\/v2\/media?parent=50145"}],"wp:term":[{"taxonomy":"product_brand","embeddable":true,"href":"https:\/\/kengmingcn.com\/de_de\/wp-json\/wp\/v2\/product_brand?post=50145"},{"taxonomy":"product_cat","embeddable":true,"href":"https:\/\/kengmingcn.com\/de_de\/wp-json\/wp\/v2\/product_cat?post=50145"},{"taxonomy":"product_tag","embeddable":true,"href":"https:\/\/kengmingcn.com\/de_de\/wp-json\/wp\/v2\/product_tag?post=50145"}],"curies":[{"name":"wp","href":"https:\/\/api.w.org\/{rel}","templated":true}]}}