{"id":50128,"date":"2025-05-06T18:40:40","date_gmt":"2025-05-06T10:40:40","guid":{"rendered":"https:\/\/kengmingcn.com\/?post_type=product&#038;p=50128"},"modified":"2025-06-12T17:40:51","modified_gmt":"2025-06-12T09:40:51","slug":"dick-geschnittene-joghurtmaschine-2000w-hochleistung-gebratene-eismaschine-gerolltes-eis-maschine-ljs2050af","status":"publish","type":"product","link":"https:\/\/kengmingcn.com\/de_de\/product\/dick-geschnittene-joghurtmaschine-2000w-hochleistung-gebratene-eismaschine-gerolltes-eis-maschine-ljs2050af\/","title":{"rendered":"Dick geschnittene Joghurtmaschine 2000W Hochleistungs-Bratereismaschine Walzeneismaschine LJS2050AF"},"content":{"rendered":"<div style=\"width: 640px;\" class=\"wp-video\"><!--[if lt IE 9]><script>document.createElement('video');<\/script><![endif]-->\n<video class=\"wp-video-shortcode\" id=\"video-50128-1\" width=\"640\" height=\"360\" preload=\"metadata\" controls=\"controls\"><source type=\"video\/mp4\" src=\"https:\/\/cdn-gzkm.b-cdn.net\/Model\/LJS2050AF\/Yogurt%20Machine.mp4?_=1\" \/><a href=\"https:\/\/cdn-gzkm.b-cdn.net\/Model\/LJS2050AF\/Yogurt%20Machine.mp4\">https:\/\/cdn-gzkm.b-cdn.net\/Model\/LJS2050AF\/Yogurt%20Machine.mp4<\/a><\/video><\/div>\n<p>Die R\u00fchr-Eiscreme-Maschine ist ein Ger\u00e4t zur Herstellung von frisch ger\u00fchrter Eiscreme. Sie friert die Zutaten f\u00fcr das Eis, einschlie\u00dflich der urspr\u00fcnglichen Fl\u00fcssigkeit und verschiedener Toppings wie Fr\u00fcchte und N\u00fcsse, schnell ein und verr\u00fchrt sie, indem sie sie auf eine Gefrierschale sch\u00fcttet. In der Gefrierschale des Ger\u00e4ts herrschen kalte Temperaturen, die ein schnelles Gefrieren der Zutaten erm\u00f6glichen, w\u00e4hrend der Bediener die Zutaten mit einem Spatel st\u00e4ndig umr\u00fchrt und dreht, um sicherzustellen, dass sich das Eis gleichm\u00e4\u00dfig vermischt und die gew\u00fcnschte Konsistenz erh\u00e4lt. Dieses Verfahren erm\u00f6glicht die Herstellung einer Vielzahl von Eissorten und tr\u00e4gt zum interaktiven und unterhaltsamen Charakter des Produktionsprozesses bei.<\/p>\n<figure class=\"wp-block-image\"><img decoding=\"async\" src=\"https:\/\/image.made-in-china.com\/226f3j00AcBCNGsqcvoj\/2000W-High-Performance-Fried-Ice-Cream-Machine-Rolled-Ice-Machine-LJS2050AF-220V50Hz-.webp\" alt=\"2000W Hochleistungs-Brat-Eiscreme-Maschine Walzeneis-Maschine (LJS2050AF-220V50Hz)\" \/><\/figure>\n<p>1. schnelle Gefriertechnologie: Die Gefrierschale friert die Zutaten bei einer sehr niedrigen Temperatur schnell ein, wodurch eine zarte Eiscreme-Textur entsteht.<br \/>\n2. vielseitige Verarbeitung von Zutaten: Es kann eine Vielzahl von Bel\u00e4gen und Zutaten wie Fr\u00fcchte, Schokolade, N\u00fcsse usw. verarbeiten, um Eis mit reichhaltigen Geschmacksrichtungen herzustellen.<br \/>\n3. interaktiv: Das Eis wird vor Ort hergestellt, so dass die Kunden die M\u00f6glichkeit haben, bei der Auswahl mitzuwirken und den Herstellungsprozess zu beobachten, was den Erlebniswert erh\u00f6ht.<br \/>\n4. gleichm\u00e4\u00dfiges Mischen: St\u00e4ndiges R\u00fchren und Umdrehen durch den Spatel sorgt f\u00fcr gleichm\u00e4\u00dfiges Mischen und gleichbleibenden Geschmack der Eiscreme.<br \/>\n5) Hochwertige Materialien: In der Regel werden langlebige Gefriermaterialien und -strukturen verwendet, um einen langfristig stabilen Betrieb zu gew\u00e4hrleisten.<br \/>\n6. einfache Bedienung: Ausgestattet mit einem intuitiven Bedienfeld, ist es einfach zu bedienen und den Produktionsprozess anzupassen.<\/p>\n<figure class=\"wp-block-image\"><img decoding=\"async\" src=\"https:\/\/image.made-in-china.com\/226f3j00dbMvnLZytBkS\/2000W-High-Performance-Fried-Ice-Cream-Machine-Rolled-Ice-Machine-LJS2050AF-220V50Hz-.webp\" alt=\"2000W Hochleistungs-Brat-Eiscreme-Maschine Walzeneis-Maschine (LJS2050AF-220V50Hz)\" \/><\/figure>\n<figure class=\"wp-block-image\"><img decoding=\"async\" src=\"https:\/\/image.made-in-china.com\/226f3j00doCMNkKBtvqS\/2000W-High-Performance-Fried-Ice-Cream-Machine-Rolled-Ice-Machine-LJS2050AF-220V50Hz-.webp\" alt=\"2000W Hochleistungs-Brat-Eiscreme-Maschine Walzeneis-Maschine (LJS2050AF-220V50Hz)\" \/><\/figure>\n<p><img decoding=\"async\" class=\"alignnone size-full wp-image-50876\" src=\"http:\/\/kengmingcn.com\/wp-content\/uploads\/2025\/05\/Fried-Ice-Cream-Machine-Rolled-Ice-Machine-LJS2050AF_11zon.webp\" alt=\"Frittierte Eismaschine Walzeneismaschine LJS2050AF\" width=\"1060\" height=\"500\" srcset=\"https:\/\/kengmingcn.com\/wp-content\/uploads\/2025\/05\/Fried-Ice-Cream-Machine-Rolled-Ice-Machine-LJS2050AF_11zon.webp 1060w, https:\/\/kengmingcn.com\/wp-content\/uploads\/2025\/05\/Fried-Ice-Cream-Machine-Rolled-Ice-Machine-LJS2050AF_11zon-300x142.webp 300w, https:\/\/kengmingcn.com\/wp-content\/uploads\/2025\/05\/Fried-Ice-Cream-Machine-Rolled-Ice-Machine-LJS2050AF_11zon-1024x483.webp 1024w, https:\/\/kengmingcn.com\/wp-content\/uploads\/2025\/05\/Fried-Ice-Cream-Machine-Rolled-Ice-Machine-LJS2050AF_11zon-768x362.webp 768w\" sizes=\"(max-width: 1060px) 100vw, 1060px\" \/><\/p>\n<p>1. Milchteelager:<br \/>\nZweck: Schnell verschiedene Geschmacksrichtungen von gebratenem Smoothie-Milchtee zubereiten, um die Vielfalt der Speisekarte zu erh\u00f6hen.<br \/>\nBeispiel: Milchteeladen mit automatischer Smoothie-Maschine zur Herstellung von gebratenem Mango-Smoothie-Milchtee und gebratenem Erdbeer-Smoothie-Milchtee, um Kunden anzuziehen.<br \/>\n2. Eisdiele:<br \/>\nZweck: Herstellung von gebratenem Speiseeis, um den Kunden ein einzigartiges Eis-Erlebnis zu bieten.<br \/>\nBeispiel: Eisdielen verwenden die Frittiermaschine zur Herstellung von Schokoladeneis oder Frittiereis mit gemischten Fr\u00fcchten, um die Produktvielfalt zu erh\u00f6hen.<br \/>\n3. Restaurantkette:<br \/>\nZweck: Standardisierung des Produktionsprozesses, um sicherzustellen, dass alle Gesch\u00e4fte Smoothies in gleichbleibender Qualit\u00e4t anbieten.<br \/>\nBeispiel: Eine Restaurantkette bringt im Sommer eine Reihe von frittierten Smoothies auf den Markt, z. B. den Erdbeer-Bananen-Smoothie, um in jeder Filiale die gleiche Qualit\u00e4t zu gew\u00e4hrleisten.<br \/>\n4. Cafeteria:<br \/>\nZweck: Den Kunden die M\u00f6glichkeit geben, vor Ort frittierte Smoothies zuzubereiten, um die Interaktivit\u00e4t im Restaurant zu erh\u00f6hen.<br \/>\nBeispiel: Eine Cafeteria stellt einen Smoothie-Automaten auf, an dem die Kunden verschiedene Zutaten und Geschmacksrichtungen ausw\u00e4hlen k\u00f6nnen, um vor Ort Smoothies herzustellen.<br \/>\n5. Veranstaltungen und Ausstellungen:<br \/>\nZweck: Schnelles Herstellen gro\u00dfer Mengen von Smoothies, um die hohe Nachfrage bei Veranstaltungen zu decken.<br \/>\nBeispiel: Einsatz einer Frittier-Smoothie-Maschine auf Sommer-Musikfestivals oder Ausstellungen, um gro\u00dfe Mengen von Smoothie-Getr\u00e4nken, wie z. B. frittierte Frucht-Smoothies, zu servieren.<\/p>\n<figure class=\"wp-block-image\"><img decoding=\"async\" src=\"https:\/\/image.made-in-china.com\/226f3j00doBvnJslzMbS\/2000W-High-Performance-Fried-Ice-Cream-Machine-Rolled-Ice-Machine-LJS2050AF-220V50Hz-.webp\" alt=\"2000W Hochleistungs-Brat-Eiscreme-Maschine Walzeneis-Maschine (LJS2050AF-220V50Hz)\" \/><\/figure>\n<figure class=\"wp-block-image\"><img decoding=\"async\" src=\"https:\/\/image.made-in-china.com\/226f3j00akCvNYjsweoO\/2000W-High-Performance-Fried-Ice-Cream-Machine-Rolled-Ice-Machine-LJS2050AF-220V50Hz-.webp\" alt=\"2000W Hochleistungs-Brat-Eiscreme-Maschine Walzeneis-Maschine (LJS2050AF-220V50Hz)\" \/><\/figure>","protected":false},"excerpt":{"rendered":"<ul>\n<li>Leistung: 2000W<\/li>\n<li>K\u00e4ltemittel: R22<\/li>\n<li>Bratpfanne Gr\u00f6\u00dfe: 50*50*3,5cm<\/li>\n<li>Accessoire: Deckel1\/Form1\/Spatula2<\/li>\n<li>Methode der Eisherstellung: Kompressor f\u00fcr schnelle K\u00fchlung<\/li>\n<li>Rohmaterialien: Obst\/Joghurt\/Getr\u00e4nke\/Eiscreme<\/li>\n<li>Anwendbare Orte: Eisdiele\/Hotpot-Shop\/Gastronomie<\/li>\n<\/ul>","protected":false},"featured_media":50130,"comment_status":"open","ping_status":"closed","template":"","meta":{"_acf_changed":false},"product_brand":[],"product_cat":[251,275],"product_tag":[],"class_list":{"0":"post-50128","1":"product","2":"type-product","3":"status-publish","4":"has-post-thumbnail","6":"product_cat-fried-lce-cream-machine","7":"product_cat-refrigeration-equipment","8":"description-off","10":"first","11":"instock","12":"shipping-taxable","13":"product-type-simple"},"acf":[],"yoast_head":"<!-- This site is optimized with the Yoast SEO Premium plugin v25.3 (Yoast SEO v26.3) - https:\/\/yoast.com\/wordpress\/plugins\/seo\/ -->\n<title>Thick Cut Yogurt Machine 2000W<\/title>\n<meta name=\"description\" content=\"Thick Cut Yogurt Machine 2000W High Performance Fried Ice Cream Machine Rolled Ice Machine LJS2050AF\" \/>\n<meta name=\"robots\" content=\"index, follow, max-snippet:-1, max-image-preview:large, max-video-preview:-1\" \/>\n<link rel=\"canonical\" href=\"https:\/\/kengmingcn.com\/de_de\/product\/dick-geschnittene-joghurtmaschine-2000w-hochleistung-gebratene-eismaschine-gerolltes-eis-maschine-ljs2050af\/\" \/>\n<meta property=\"og:locale\" content=\"de_DE\" \/>\n<meta property=\"og:type\" content=\"article\" \/>\n<meta property=\"og:title\" content=\"Thick Cut Yogurt Machine 2000W High Performance Fried Ice Cream Machine Rolled Ice Machine LJS2050AF\" \/>\n<meta property=\"og:description\" content=\"Thick Cut Yogurt Machine 2000W High Performance Fried Ice Cream Machine Rolled Ice Machine LJS2050AF\" \/>\n<meta property=\"og:url\" content=\"https:\/\/kengmingcn.com\/de_de\/product\/dick-geschnittene-joghurtmaschine-2000w-hochleistung-gebratene-eismaschine-gerolltes-eis-maschine-ljs2050af\/\" \/>\n<meta property=\"og:site_name\" content=\"KengMing | Manufacturer of Commercial Kitchen Equipment\" \/>\n<meta property=\"article:modified_time\" content=\"2025-06-12T09:40:51+00:00\" \/>\n<meta property=\"og:image\" content=\"https:\/\/kengmingcn.com\/wp-content\/uploads\/2025\/05\/1-1.png\" \/>\n\t<meta property=\"og:image:width\" content=\"550\" \/>\n\t<meta property=\"og:image:height\" content=\"550\" \/>\n\t<meta property=\"og:image:type\" content=\"image\/png\" \/>\n<meta name=\"twitter:card\" content=\"summary_large_image\" \/>\n<meta name=\"twitter:label1\" content=\"Preis\" \/>\n\t<meta name=\"twitter:data1\" content=\"\" \/>\n\t<meta name=\"twitter:label2\" content=\"Verf\u00fcgbarkeit\" \/>\n\t<meta name=\"twitter:data2\" content=\"Auf Lager\" \/>\n<script type=\"application\/ld+json\" class=\"yoast-schema-graph\">{\"@context\":\"https:\/\/schema.org\",\"@graph\":[{\"@type\":\"WebPage\",\"@id\":\"https:\/\/kengmingcn.com\/ar\/product\/%d8%a2%d9%84%d8%a9-%d8%b5%d9%86%d8%b9-%d8%a7%d9%84%d8%b2%d8%a8%d8%a7%d8%af%d9%8a-%d8%a7%d9%84%d9%85%d9%82%d8%b7%d9%88%d8%b9-%d8%a7%d9%84%d8%b3%d9%85%d9%8a%d9%83-2000-%d9%88%d8%a7%d8%b7-%d8%a2%d9%84\/\",\"url\":\"https:\/\/kengmingcn.com\/ar\/product\/%d8%a2%d9%84%d8%a9-%d8%b5%d9%86%d8%b9-%d8%a7%d9%84%d8%b2%d8%a8%d8%a7%d8%af%d9%8a-%d8%a7%d9%84%d9%85%d9%82%d8%b7%d9%88%d8%b9-%d8%a7%d9%84%d8%b3%d9%85%d9%8a%d9%83-2000-%d9%88%d8%a7%d8%b7-%d8%a2%d9%84\/\",\"name\":\"Thick Cut Yogurt Machine 2000W\",\"isPartOf\":{\"@id\":\"https:\/\/kengmingcn.com\/#website\"},\"primaryImageOfPage\":{\"@id\":\"https:\/\/kengmingcn.com\/ar\/product\/%d8%a2%d9%84%d8%a9-%d8%b5%d9%86%d8%b9-%d8%a7%d9%84%d8%b2%d8%a8%d8%a7%d8%af%d9%8a-%d8%a7%d9%84%d9%85%d9%82%d8%b7%d9%88%d8%b9-%d8%a7%d9%84%d8%b3%d9%85%d9%8a%d9%83-2000-%d9%88%d8%a7%d8%b7-%d8%a2%d9%84\/#primaryimage\"},\"image\":{\"@id\":\"https:\/\/kengmingcn.com\/ar\/product\/%d8%a2%d9%84%d8%a9-%d8%b5%d9%86%d8%b9-%d8%a7%d9%84%d8%b2%d8%a8%d8%a7%d8%af%d9%8a-%d8%a7%d9%84%d9%85%d9%82%d8%b7%d9%88%d8%b9-%d8%a7%d9%84%d8%b3%d9%85%d9%8a%d9%83-2000-%d9%88%d8%a7%d8%b7-%d8%a2%d9%84\/#primaryimage\"},\"thumbnailUrl\":\"https:\/\/kengmingcn.com\/wp-content\/uploads\/2025\/05\/1-1.png\",\"datePublished\":\"2025-05-06T10:40:40+00:00\",\"dateModified\":\"2025-06-12T09:40:51+00:00\",\"description\":\"Thick Cut Yogurt Machine 2000W High Performance Fried Ice Cream Machine Rolled Ice Machine LJS2050AF\",\"breadcrumb\":{\"@id\":\"https:\/\/kengmingcn.com\/ar\/product\/%d8%a2%d9%84%d8%a9-%d8%b5%d9%86%d8%b9-%d8%a7%d9%84%d8%b2%d8%a8%d8%a7%d8%af%d9%8a-%d8%a7%d9%84%d9%85%d9%82%d8%b7%d9%88%d8%b9-%d8%a7%d9%84%d8%b3%d9%85%d9%8a%d9%83-2000-%d9%88%d8%a7%d8%b7-%d8%a2%d9%84\/#breadcrumb\"},\"inLanguage\":\"de\",\"potentialAction\":[{\"@type\":\"ReadAction\",\"target\":[\"https:\/\/kengmingcn.com\/ar\/product\/%d8%a2%d9%84%d8%a9-%d8%b5%d9%86%d8%b9-%d8%a7%d9%84%d8%b2%d8%a8%d8%a7%d8%af%d9%8a-%d8%a7%d9%84%d9%85%d9%82%d8%b7%d9%88%d8%b9-%d8%a7%d9%84%d8%b3%d9%85%d9%8a%d9%83-2000-%d9%88%d8%a7%d8%b7-%d8%a2%d9%84\/\"]}]},{\"@type\":\"ImageObject\",\"inLanguage\":\"de\",\"@id\":\"https:\/\/kengmingcn.com\/ar\/product\/%d8%a2%d9%84%d8%a9-%d8%b5%d9%86%d8%b9-%d8%a7%d9%84%d8%b2%d8%a8%d8%a7%d8%af%d9%8a-%d8%a7%d9%84%d9%85%d9%82%d8%b7%d9%88%d8%b9-%d8%a7%d9%84%d8%b3%d9%85%d9%8a%d9%83-2000-%d9%88%d8%a7%d8%b7-%d8%a2%d9%84\/#primaryimage\",\"url\":\"https:\/\/kengmingcn.com\/wp-content\/uploads\/2025\/05\/1-1.png\",\"contentUrl\":\"https:\/\/kengmingcn.com\/wp-content\/uploads\/2025\/05\/1-1.png\",\"width\":550,\"height\":550,\"caption\":\"Yogurt Machine LJS2050AF\"},{\"@type\":\"BreadcrumbList\",\"@id\":\"https:\/\/kengmingcn.com\/ar\/product\/%d8%a2%d9%84%d8%a9-%d8%b5%d9%86%d8%b9-%d8%a7%d9%84%d8%b2%d8%a8%d8%a7%d8%af%d9%8a-%d8%a7%d9%84%d9%85%d9%82%d8%b7%d9%88%d8%b9-%d8%a7%d9%84%d8%b3%d9%85%d9%8a%d9%83-2000-%d9%88%d8%a7%d8%b7-%d8%a2%d9%84\/#breadcrumb\",\"itemListElement\":[{\"@type\":\"ListItem\",\"position\":1,\"name\":\"Home\",\"item\":\"https:\/\/kengmingcn.com\/\"},{\"@type\":\"ListItem\",\"position\":2,\"name\":\"Catalogue\",\"item\":\"https:\/\/kengmingcn.com\/?page_id=27131\"},{\"@type\":\"ListItem\",\"position\":3,\"name\":\"Thick Cut Yogurt Machine 2000W High Performance Fried Ice Cream Machine Rolled Ice Machine LJS2050AF\"}]},{\"@type\":\"WebSite\",\"@id\":\"https:\/\/kengmingcn.com\/#website\",\"url\":\"https:\/\/kengmingcn.com\/\",\"name\":\"Kitchen Equipment\",\"description\":\"KengMing is a professional commercial kitchen equipment manufacturer and wholesale supplier, offering cooking, food prep and bakery equipment with OEM &amp; ODM service for global distributors.\",\"publisher\":{\"@id\":\"https:\/\/kengmingcn.com\/#organization\"},\"potentialAction\":[{\"@type\":\"SearchAction\",\"target\":{\"@type\":\"EntryPoint\",\"urlTemplate\":\"https:\/\/kengmingcn.com\/?s={search_term_string}\"},\"query-input\":{\"@type\":\"PropertyValueSpecification\",\"valueRequired\":true,\"valueName\":\"search_term_string\"}}],\"inLanguage\":\"de\"},{\"@type\":\"Organization\",\"@id\":\"https:\/\/kengmingcn.com\/#organization\",\"name\":\"GuangZhou KengMing\",\"url\":\"https:\/\/kengmingcn.com\/\",\"logo\":{\"@type\":\"ImageObject\",\"inLanguage\":\"de\",\"@id\":\"https:\/\/kengmingcn.com\/#\/schema\/logo\/image\/\",\"url\":\"https:\/\/kengmingcn.com\/wp-content\/uploads\/2025\/04\/cropped-1744508604969-removebg-preview.png\",\"contentUrl\":\"https:\/\/kengmingcn.com\/wp-content\/uploads\/2025\/04\/cropped-1744508604969-removebg-preview.png\",\"width\":512,\"height\":512,\"caption\":\"GuangZhou KengMing\"},\"image\":{\"@id\":\"https:\/\/kengmingcn.com\/#\/schema\/logo\/image\/\"}}]}<\/script>\n<meta property=\"product:price:amount\" content=\"0.00\" \/>\n<meta property=\"product:price:currency\" content=\"USD\" \/>\n<meta property=\"og:availability\" content=\"instock\" \/>\n<meta property=\"product:availability\" content=\"instock\" \/>\n<meta property=\"product:condition\" content=\"new\" \/>\n<!-- \/ Yoast SEO Premium plugin. -->","yoast_head_json":{"title":"Dick geschnittene Joghurtmaschine 2000W","description":"Dick geschnittene Joghurtmaschine 2000W Hochleistungs-Bratereismaschine Walzeneismaschine LJS2050AF","robots":{"index":"index","follow":"follow","max-snippet":"max-snippet:-1","max-image-preview":"max-image-preview:large","max-video-preview":"max-video-preview:-1"},"canonical":"https:\/\/kengmingcn.com\/de_de\/product\/dick-geschnittene-joghurtmaschine-2000w-hochleistung-gebratene-eismaschine-gerolltes-eis-maschine-ljs2050af\/","og_locale":"de_DE","og_type":"article","og_title":"Thick Cut Yogurt Machine 2000W High Performance Fried Ice Cream Machine Rolled Ice Machine LJS2050AF","og_description":"Thick Cut Yogurt Machine 2000W High Performance Fried Ice Cream Machine Rolled Ice Machine LJS2050AF","og_url":"https:\/\/kengmingcn.com\/de_de\/product\/dick-geschnittene-joghurtmaschine-2000w-hochleistung-gebratene-eismaschine-gerolltes-eis-maschine-ljs2050af\/","og_site_name":"KengMing | Manufacturer of Commercial Kitchen Equipment","article_modified_time":"2025-06-12T09:40:51+00:00","og_image":[{"width":550,"height":550,"url":"https:\/\/kengmingcn.com\/wp-content\/uploads\/2025\/05\/1-1.png","type":"image\/png"}],"twitter_card":"summary_large_image","twitter_misc":{"Preis":"","Verf\u00fcgbarkeit":"Auf Lager"},"schema":{"@context":"https:\/\/schema.org","@graph":[{"@type":"WebPage","@id":"https:\/\/kengmingcn.com\/ar\/product\/%d8%a2%d9%84%d8%a9-%d8%b5%d9%86%d8%b9-%d8%a7%d9%84%d8%b2%d8%a8%d8%a7%d8%af%d9%8a-%d8%a7%d9%84%d9%85%d9%82%d8%b7%d9%88%d8%b9-%d8%a7%d9%84%d8%b3%d9%85%d9%8a%d9%83-2000-%d9%88%d8%a7%d8%b7-%d8%a2%d9%84\/","url":"https:\/\/kengmingcn.com\/ar\/product\/%d8%a2%d9%84%d8%a9-%d8%b5%d9%86%d8%b9-%d8%a7%d9%84%d8%b2%d8%a8%d8%a7%d8%af%d9%8a-%d8%a7%d9%84%d9%85%d9%82%d8%b7%d9%88%d8%b9-%d8%a7%d9%84%d8%b3%d9%85%d9%8a%d9%83-2000-%d9%88%d8%a7%d8%b7-%d8%a2%d9%84\/","name":"Dick geschnittene Joghurtmaschine 2000W","isPartOf":{"@id":"https:\/\/kengmingcn.com\/#website"},"primaryImageOfPage":{"@id":"https:\/\/kengmingcn.com\/ar\/product\/%d8%a2%d9%84%d8%a9-%d8%b5%d9%86%d8%b9-%d8%a7%d9%84%d8%b2%d8%a8%d8%a7%d8%af%d9%8a-%d8%a7%d9%84%d9%85%d9%82%d8%b7%d9%88%d8%b9-%d8%a7%d9%84%d8%b3%d9%85%d9%8a%d9%83-2000-%d9%88%d8%a7%d8%b7-%d8%a2%d9%84\/#primaryimage"},"image":{"@id":"https:\/\/kengmingcn.com\/ar\/product\/%d8%a2%d9%84%d8%a9-%d8%b5%d9%86%d8%b9-%d8%a7%d9%84%d8%b2%d8%a8%d8%a7%d8%af%d9%8a-%d8%a7%d9%84%d9%85%d9%82%d8%b7%d9%88%d8%b9-%d8%a7%d9%84%d8%b3%d9%85%d9%8a%d9%83-2000-%d9%88%d8%a7%d8%b7-%d8%a2%d9%84\/#primaryimage"},"thumbnailUrl":"https:\/\/kengmingcn.com\/wp-content\/uploads\/2025\/05\/1-1.png","datePublished":"2025-05-06T10:40:40+00:00","dateModified":"2025-06-12T09:40:51+00:00","description":"Dick geschnittene Joghurtmaschine 2000W Hochleistungs-Bratereismaschine Walzeneismaschine LJS2050AF","breadcrumb":{"@id":"https:\/\/kengmingcn.com\/ar\/product\/%d8%a2%d9%84%d8%a9-%d8%b5%d9%86%d8%b9-%d8%a7%d9%84%d8%b2%d8%a8%d8%a7%d8%af%d9%8a-%d8%a7%d9%84%d9%85%d9%82%d8%b7%d9%88%d8%b9-%d8%a7%d9%84%d8%b3%d9%85%d9%8a%d9%83-2000-%d9%88%d8%a7%d8%b7-%d8%a2%d9%84\/#breadcrumb"},"inLanguage":"de","potentialAction":[{"@type":"ReadAction","target":["https:\/\/kengmingcn.com\/ar\/product\/%d8%a2%d9%84%d8%a9-%d8%b5%d9%86%d8%b9-%d8%a7%d9%84%d8%b2%d8%a8%d8%a7%d8%af%d9%8a-%d8%a7%d9%84%d9%85%d9%82%d8%b7%d9%88%d8%b9-%d8%a7%d9%84%d8%b3%d9%85%d9%8a%d9%83-2000-%d9%88%d8%a7%d8%b7-%d8%a2%d9%84\/"]}]},{"@type":"ImageObject","inLanguage":"de","@id":"https:\/\/kengmingcn.com\/ar\/product\/%d8%a2%d9%84%d8%a9-%d8%b5%d9%86%d8%b9-%d8%a7%d9%84%d8%b2%d8%a8%d8%a7%d8%af%d9%8a-%d8%a7%d9%84%d9%85%d9%82%d8%b7%d9%88%d8%b9-%d8%a7%d9%84%d8%b3%d9%85%d9%8a%d9%83-2000-%d9%88%d8%a7%d8%b7-%d8%a2%d9%84\/#primaryimage","url":"https:\/\/kengmingcn.com\/wp-content\/uploads\/2025\/05\/1-1.png","contentUrl":"https:\/\/kengmingcn.com\/wp-content\/uploads\/2025\/05\/1-1.png","width":550,"height":550,"caption":"Yogurt Machine LJS2050AF"},{"@type":"BreadcrumbList","@id":"https:\/\/kengmingcn.com\/ar\/product\/%d8%a2%d9%84%d8%a9-%d8%b5%d9%86%d8%b9-%d8%a7%d9%84%d8%b2%d8%a8%d8%a7%d8%af%d9%8a-%d8%a7%d9%84%d9%85%d9%82%d8%b7%d9%88%d8%b9-%d8%a7%d9%84%d8%b3%d9%85%d9%8a%d9%83-2000-%d9%88%d8%a7%d8%b7-%d8%a2%d9%84\/#breadcrumb","itemListElement":[{"@type":"ListItem","position":1,"name":"Home","item":"https:\/\/kengmingcn.com\/"},{"@type":"ListItem","position":2,"name":"Catalogue","item":"https:\/\/kengmingcn.com\/?page_id=27131"},{"@type":"ListItem","position":3,"name":"Thick Cut Yogurt Machine 2000W High Performance Fried Ice Cream Machine Rolled Ice Machine LJS2050AF"}]},{"@type":"WebSite","@id":"https:\/\/kengmingcn.com\/#website","url":"https:\/\/kengmingcn.com\/","name":"K\u00fcchenausstattung","description":"KengMing is a professional commercial kitchen equipment manufacturer and wholesale supplier, offering cooking, food prep and bakery equipment with OEM &amp; ODM service for global distributors.","publisher":{"@id":"https:\/\/kengmingcn.com\/#organization"},"potentialAction":[{"@type":"SearchAction","target":{"@type":"EntryPoint","urlTemplate":"https:\/\/kengmingcn.com\/?s={search_term_string}"},"query-input":{"@type":"PropertyValueSpecification","valueRequired":true,"valueName":"search_term_string"}}],"inLanguage":"de"},{"@type":"Organization","@id":"https:\/\/kengmingcn.com\/#organization","name":"GuangZhou KengMing","url":"https:\/\/kengmingcn.com\/","logo":{"@type":"ImageObject","inLanguage":"de","@id":"https:\/\/kengmingcn.com\/#\/schema\/logo\/image\/","url":"https:\/\/kengmingcn.com\/wp-content\/uploads\/2025\/04\/cropped-1744508604969-removebg-preview.png","contentUrl":"https:\/\/kengmingcn.com\/wp-content\/uploads\/2025\/04\/cropped-1744508604969-removebg-preview.png","width":512,"height":512,"caption":"GuangZhou KengMing"},"image":{"@id":"https:\/\/kengmingcn.com\/#\/schema\/logo\/image\/"}}]},"product_price_amount":"0.00","product_price_currency":"USD","og_availability":"instock","product_availability":"instock","product_condition":"new"},"_links":{"self":[{"href":"https:\/\/kengmingcn.com\/de_de\/wp-json\/wp\/v2\/product\/50128","targetHints":{"allow":["GET"]}}],"collection":[{"href":"https:\/\/kengmingcn.com\/de_de\/wp-json\/wp\/v2\/product"}],"about":[{"href":"https:\/\/kengmingcn.com\/de_de\/wp-json\/wp\/v2\/types\/product"}],"replies":[{"embeddable":true,"href":"https:\/\/kengmingcn.com\/de_de\/wp-json\/wp\/v2\/comments?post=50128"}],"wp:featuredmedia":[{"embeddable":true,"href":"https:\/\/kengmingcn.com\/de_de\/wp-json\/wp\/v2\/media\/50130"}],"wp:attachment":[{"href":"https:\/\/kengmingcn.com\/de_de\/wp-json\/wp\/v2\/media?parent=50128"}],"wp:term":[{"taxonomy":"product_brand","embeddable":true,"href":"https:\/\/kengmingcn.com\/de_de\/wp-json\/wp\/v2\/product_brand?post=50128"},{"taxonomy":"product_cat","embeddable":true,"href":"https:\/\/kengmingcn.com\/de_de\/wp-json\/wp\/v2\/product_cat?post=50128"},{"taxonomy":"product_tag","embeddable":true,"href":"https:\/\/kengmingcn.com\/de_de\/wp-json\/wp\/v2\/product_tag?post=50128"}],"curies":[{"name":"wp","href":"https:\/\/api.w.org\/{rel}","templated":true}]}}