{"id":49806,"date":"2025-04-22T11:05:38","date_gmt":"2025-04-22T03:05:38","guid":{"rendered":"https:\/\/kengmingcn.com\/?post_type=product&#038;p=49806"},"modified":"2026-01-11T13:57:38","modified_gmt":"2026-01-11T05:57:38","slug":"80kg-24h-schnee-eismaschine-schneeflocken-eismaschine-schnelle-produktion-bingsu-mit-fc80fd-360w-220v-110v","status":"publish","type":"product","link":"https:\/\/kengmingcn.com\/de_de\/product\/80kg-24h-schnee-eismaschine-schneeflocken-eismaschine-schnelle-produktion-bingsu-mit-fc80fd-360w-220v-110v\/","title":{"rendered":"80kg\/24h Schneeeisbereiter Schneeflocken-Eismaschine Schnelle Produktion Bingsu mit FC80FD-360W-220V\/110V"},"content":{"rendered":"<div style=\"width: 640px;\" class=\"wp-video\"><!--[if lt IE 9]><script>document.createElement('video');<\/script><![endif]-->\n<video class=\"wp-video-shortcode\" id=\"video-49806-1\" width=\"640\" height=\"360\" preload=\"metadata\" controls=\"controls\"><source type=\"video\/mp4\" src=\"https:\/\/cdn-gzkm.b-cdn.net\/video\/JMXC80FD-125FD-170FD-1.mp4?_=1\" \/><a href=\"https:\/\/cdn-gzkm.b-cdn.net\/video\/JMXC80FD-125FD-170FD-1.mp4\">https:\/\/cdn-gzkm.b-cdn.net\/video\/JMXC80FD-125FD-170FD-1.mp4<\/a><\/video><\/div>\n<ul>\n<li>Hocheffiziente K\u00fchlung, Luftk\u00fchlung, nur 1 Minute Vork\u00fchlung kann 3 Sekunden Eis, t\u00e4gliche Eisproduktionskapazit\u00e4t von 176Ib sein.<\/li>\n<li>Je nach Rohstoff und Verdampfergeschwindigkeit kann diese Schneeflocken-Eismaschine verschiedene Formen von Eis herstellen, wie z. B. Schneeflocken-, Spaghetti- und Wasserfallformen, die jeweils eine seidig-weiche Textur ergeben.<\/li>\n<li>Das Bedienfeld mit Drehknopf f\u00fcr die Geschwindigkeitseinstellung und die Abschaltung der K\u00fchlung per Knopfdruck ist einfach zu bedienen.<\/li>\n<li>Das Geh\u00e4use besteht haupts\u00e4chlich aus rostfreiem Stahl SUS201, die Walze aus lebensmittelechtem rostfreiem Stahl SUS304 und die Klingen aus rostfreiem Stahl SUS304, der rostfrei und leicht zu reinigen ist, um eine lange Lebensdauer zu gew\u00e4hrleisten.<\/li>\n<li>Ideal f\u00fcr die Herstellung verschiedener Eissorten, geeignet f\u00fcr Teel\u00e4den, B\u00e4ckereien, Konditoreien, Caf\u00e9s und andere gewerbliche Einrichtungen.<\/li>\n<\/ul>\n<h2>Beschreibung<\/h2>\n<p>Die Schneeflocken-Eismaschine ist ein effizientes Ger\u00e4t zur Herstellung von Kaltgetr\u00e4nken, das f\u00fcr die Herstellung von feinem, frischem und knusprigem Schneeflocken-Eis entwickelt wurde. Durch die fortschrittliche Gefriertechnologie und den pr\u00e4zisen Eisschabermechanismus kann sie fl\u00fcssige Rohstoffe (wie Saft, Milchtee, Cocktails usw.) schnell einfrieren und in weiche und zarte schneeflocken\u00e4hnliche Partikel schaben, wobei der urspr\u00fcngliche Geschmack und die N\u00e4hrstoffe der Lebensmittel erhalten bleiben.<\/p>\n<h2>Eigenschaften<\/h2>\n<p>1. Fortschrittliche Gefriertechnologie: Ausgestattet mit hocheffizientem Markenkompressor und -kondensator sowie hochwertigem Ventilator, der die W\u00e4rmeableitung des K\u00fchlsystems gew\u00e4hrleistet, um sicherzustellen, dass die fl\u00fcssigen Rohstoffe schnell eingefroren werden k\u00f6nnen, um die Frische und die Ern\u00e4hrung der Zutaten zu erhalten.<\/p>\n<p>2. Einstellbare Eisform: Benutzer k\u00f6nnen die Form von Schnee-Eis nach ihrem pers\u00f6nlichen Geschmack und Vorlieben, durch die Anpassung der Rohstoffe und die Steuerung der Geschwindigkeit des Verdampfers, k\u00f6nnen Sie eine Vielzahl von Formen von Eis, wie Schnee-Eis, Nudel-Eis, Flockeneis, Schafe Eis, Nadel-Eis Eis der verschiedenen Formen, der Geschmack von leicht und glatt zu reich und zart realisiert werden kann.<\/p>\n<p>3. Verschiedene Geschmacksrichtungen zur Auswahl: Es eignet sich f\u00fcr alle Arten von fl\u00fcssigen Rohstoffen, einschlie\u00dflich Fruchtsaft, Milchtee, Dessertrohstoffe, Cocktails usw., und kann eine reiche Vielfalt an Geschmacksrichtungen von Schneeflocken-Eis produzieren, um die Geschmacksbed\u00fcrfnisse der verschiedenen Verbraucher zu erf\u00fcllen.<\/p>\n<p>4. Langlebiges Design: aus hochwertigem 201 Edelstahl und 304 Edelstahl, die Struktur ist solide und leicht zu reinigen und zu pflegen, passen Sie sich an lange Zeit und hohe Intensit\u00e4t Nutzung der Umwelt.<\/p>\n<p><img decoding=\"async\" class=\"alignnone size-full wp-image-50820\" src=\"http:\/\/kengmingcn.com\/wp-content\/uploads\/2025\/04\/2-6-1024x483.jpg.webp\" alt=\"\" width=\"1024\" height=\"483\" srcset=\"https:\/\/kengmingcn.com\/wp-content\/uploads\/2025\/04\/2-6-1024x483.jpg.webp 1024w, https:\/\/kengmingcn.com\/wp-content\/uploads\/2025\/04\/2-6-1024x483.jpg-300x142.webp 300w, https:\/\/kengmingcn.com\/wp-content\/uploads\/2025\/04\/2-6-1024x483.jpg-768x362.webp 768w\" sizes=\"(max-width: 1024px) 100vw, 1024px\" \/> <img decoding=\"async\" class=\"alignnone size-full wp-image-50821\" src=\"http:\/\/kengmingcn.com\/wp-content\/uploads\/2025\/04\/3-3-1024x483.jpg.webp\" alt=\"\" width=\"1024\" height=\"483\" srcset=\"https:\/\/kengmingcn.com\/wp-content\/uploads\/2025\/04\/3-3-1024x483.jpg.webp 1024w, https:\/\/kengmingcn.com\/wp-content\/uploads\/2025\/04\/3-3-1024x483.jpg-300x142.webp 300w, https:\/\/kengmingcn.com\/wp-content\/uploads\/2025\/04\/3-3-1024x483.jpg-768x362.webp 768w\" sizes=\"(max-width: 1024px) 100vw, 1024px\" \/><\/p>\n<h2>Verwendungsszenarien<\/h2>\n<p>\u30101. Dessert und Eisgesch\u00e4fte\u3011: Zweck: Herstellung von Schneeflocken- und Rasiereis in verschiedenen Geschmacksrichtungen, um Kunden anzulocken und eine innovative Auswahl an Eis anzubieten.<br \/>\nBeispiel: Der Laden bietet verschiedene Bel\u00e4ge und Geschmacksrichtungen an, mit denen die Kunden ihr eigenes Schneeflocken-Eis herstellen k\u00f6nnen.<br \/>\n\u30102. Restaurants und Caf\u00e9s\u3011: Zweck: Bieten Sie als Teil des Desserts einzigartige Eisoptionen an, um die Vielfalt der Speisekarte des Restaurants zu erweitern.<br \/>\nBeispiel: Restaurants k\u00f6nnen Schneeflocken-Eis als Dessert nach dem Essen auf ihre Speisekarte setzen oder es f\u00fcr die Zubereitung spezieller kalter Getr\u00e4nke verwenden.<br \/>\n\u30103. Street Food St\u00e4nde und M\u00e4rkte\u3011: Zweck: Schneeflocken-Eis wird vor Ort hergestellt, um vorbeigehende Kunden anzulocken und frische, schmackhafte Eisprodukte anzubieten.<br \/>\nBeispiel: Aufbau von Schneeflocken-Eisst\u00e4nden auf Nachtm\u00e4rkten oder Lebensmittelbasaren zur Herstellung und zum Verkauf von frisch hergestelltem Schneeflocken-Eis.<br \/>\n\u30104. Familienfeiern und private Veranstaltungen\u3011: Zweck: Verwenden Sie bei Familienfeiern oder privaten Veranstaltungen, um den G\u00e4sten ein frisches, selbstgemachtes Eiserlebnis zu bieten.<br \/>\nBeispiel: Verwendung einer Schneeflocken-Eismaschine zur Herstellung von Schneeflocken-Eis als Teil eines Desserts oder eines erfrischenden Getr\u00e4nks bei einer Familienfeier.<br \/>\n\u30105. Gro\u00dfveranstaltungen und Ausstellungen\u3011: Verwendung: Bieten Sie vor Ort hergestelltes Schneeflocken-Eis f\u00fcr Ausstellungsbesucher oder Veranstaltungsteilnehmer an, um die Attraktivit\u00e4t und Interaktivit\u00e4t der Veranstaltung zu erh\u00f6hen.<br \/>\nBeispiel: Schneeflocken-Eisst\u00e4nde werden auf Ausstellungen oder Festivals aufgestellt, um Besucher anzulocken und den Teilnehmern k\u00fchle und k\u00f6stliche Leckereien zu bieten.<\/p>\n<p><img decoding=\"async\" class=\"alignnone size-full wp-image-50815\" src=\"http:\/\/kengmingcn.com\/wp-content\/uploads\/2025\/04\/3_11zon-1.webp\" alt=\"\" width=\"1060\" height=\"500\" srcset=\"https:\/\/kengmingcn.com\/wp-content\/uploads\/2025\/04\/3_11zon-1.webp 1060w, https:\/\/kengmingcn.com\/wp-content\/uploads\/2025\/04\/3_11zon-1-300x142.webp 300w, https:\/\/kengmingcn.com\/wp-content\/uploads\/2025\/04\/3_11zon-1-1024x483.webp 1024w, https:\/\/kengmingcn.com\/wp-content\/uploads\/2025\/04\/3_11zon-1-768x362.webp 768w\" sizes=\"(max-width: 1060px) 100vw, 1060px\" \/> <img decoding=\"async\" class=\"alignnone size-full wp-image-50814\" src=\"http:\/\/kengmingcn.com\/wp-content\/uploads\/2025\/04\/2_11zon-1.webp\" alt=\"\" width=\"1060\" height=\"500\" srcset=\"https:\/\/kengmingcn.com\/wp-content\/uploads\/2025\/04\/2_11zon-1.webp 1060w, https:\/\/kengmingcn.com\/wp-content\/uploads\/2025\/04\/2_11zon-1-300x142.webp 300w, https:\/\/kengmingcn.com\/wp-content\/uploads\/2025\/04\/2_11zon-1-1024x483.webp 1024w, https:\/\/kengmingcn.com\/wp-content\/uploads\/2025\/04\/2_11zon-1-768x362.webp 768w\" sizes=\"(max-width: 1060px) 100vw, 1060px\" \/><\/p>","protected":false},"excerpt":{"rendered":"<ul>\n<li>Leistung: 660W<\/li>\n<li>Leistung: 125kg\/24H<\/li>\n<li>Rollenl\u00e4nge: 9cm<\/li>\n<li>Art der K\u00fchlung: Luftk\u00fchlung<\/li>\n<li>Vork\u00fchlung f\u00fcr 1 Minute, schnelle Eisfreigabe in 3 Sekunden<\/li>\n<\/ul>","protected":false},"featured_media":53019,"comment_status":"open","ping_status":"closed","template":"","meta":{"_acf_changed":false},"product_brand":[],"product_cat":[244,275],"product_tag":[253],"class_list":{"0":"post-49806","1":"product","2":"type-product","3":"status-publish","4":"has-post-thumbnail","6":"product_cat-bingsu-machine","7":"product_cat-refrigeration-equipment","8":"product_tag-air-cooling","9":"description-off","11":"first","12":"instock","13":"shipping-taxable","14":"purchasable","15":"product-type-simple"},"acf":[],"yoast_head":"<!-- This site is optimized with the Yoast SEO Premium plugin v25.3 (Yoast SEO v26.3) - https:\/\/yoast.com\/wordpress\/plugins\/seo\/ -->\n<title>80kg\/24h Snow ice maker Snowflake ice machine Rapid Production Bingsu with FC80FD-360W-220V\/110V - KengMing | Manufacturer of Commercial Kitchen Equipment<\/title>\n<meta name=\"description\" content=\"80kg\/24h Snow ice maker Snowflake ice machine Rapid Production Bingsu with FC80FD-360W-220V\/110V\" \/>\n<meta name=\"robots\" content=\"index, follow, max-snippet:-1, max-image-preview:large, max-video-preview:-1\" \/>\n<link rel=\"canonical\" href=\"https:\/\/kengmingcn.com\/de_de\/product\/80kg-24h-schnee-eismaschine-schneeflocken-eismaschine-schnelle-produktion-bingsu-mit-fc80fd-360w-220v-110v\/\" \/>\n<meta property=\"og:locale\" content=\"de_DE\" \/>\n<meta property=\"og:type\" content=\"article\" \/>\n<meta property=\"og:title\" content=\"80kg\/24h Snow ice maker Snowflake ice machine Rapid Production Bingsu with FC80FD-360W-220V\/110V\" \/>\n<meta property=\"og:description\" content=\"80kg\/24h Snow ice maker Snowflake ice machine Rapid Production Bingsu with FC80FD-360W-220V\/110V\" \/>\n<meta property=\"og:url\" content=\"https:\/\/kengmingcn.com\/de_de\/product\/80kg-24h-schnee-eismaschine-schneeflocken-eismaschine-schnelle-produktion-bingsu-mit-fc80fd-360w-220v-110v\/\" \/>\n<meta property=\"og:site_name\" content=\"KengMing | Manufacturer of Commercial Kitchen Equipment\" \/>\n<meta property=\"article:modified_time\" content=\"2026-01-11T05:57:38+00:00\" \/>\n<meta property=\"og:image\" content=\"https:\/\/kengmingcn.com\/wp-content\/uploads\/2025\/04\/JMXC80FD_4_11zon.webp\" \/>\n\t<meta property=\"og:image:width\" content=\"800\" \/>\n\t<meta property=\"og:image:height\" content=\"800\" \/>\n\t<meta property=\"og:image:type\" content=\"image\/webp\" \/>\n<meta name=\"twitter:card\" content=\"summary_large_image\" \/>\n<meta name=\"twitter:label1\" content=\"Preis\" \/>\n\t<meta name=\"twitter:data1\" content=\"&#036;350.00\" \/>\n\t<meta name=\"twitter:label2\" content=\"Verf\u00fcgbarkeit\" \/>\n\t<meta name=\"twitter:data2\" content=\"Auf Lager\" \/>\n<script type=\"application\/ld+json\" class=\"yoast-schema-graph\">{\"@context\":\"https:\/\/schema.org\",\"@graph\":[{\"@type\":\"WebPage\",\"@id\":\"https:\/\/kengmingcn.com\/it\/product\/80kg-24h-macchina-del-ghiaccio-fiocco-di-neve-produzione-rapida-bingsu-con-fc80fd-360w-220v-110v\/\",\"url\":\"https:\/\/kengmingcn.com\/it\/product\/80kg-24h-macchina-del-ghiaccio-fiocco-di-neve-produzione-rapida-bingsu-con-fc80fd-360w-220v-110v\/\",\"name\":\"80kg\/24h Snow ice maker Snowflake ice machine Rapid Production Bingsu with FC80FD-360W-220V\/110V - KengMing | Manufacturer of Commercial Kitchen Equipment\",\"isPartOf\":{\"@id\":\"https:\/\/kengmingcn.com\/#website\"},\"primaryImageOfPage\":{\"@id\":\"https:\/\/kengmingcn.com\/it\/product\/80kg-24h-macchina-del-ghiaccio-fiocco-di-neve-produzione-rapida-bingsu-con-fc80fd-360w-220v-110v\/#primaryimage\"},\"image\":{\"@id\":\"https:\/\/kengmingcn.com\/it\/product\/80kg-24h-macchina-del-ghiaccio-fiocco-di-neve-produzione-rapida-bingsu-con-fc80fd-360w-220v-110v\/#primaryimage\"},\"thumbnailUrl\":\"https:\/\/kengmingcn.com\/wp-content\/uploads\/2025\/04\/JMXC80FD_4_11zon.webp\",\"datePublished\":\"2025-04-22T03:05:38+00:00\",\"dateModified\":\"2026-01-11T05:57:38+00:00\",\"description\":\"80kg\/24h Snow ice maker Snowflake ice machine Rapid Production Bingsu with FC80FD-360W-220V\/110V\",\"breadcrumb\":{\"@id\":\"https:\/\/kengmingcn.com\/it\/product\/80kg-24h-macchina-del-ghiaccio-fiocco-di-neve-produzione-rapida-bingsu-con-fc80fd-360w-220v-110v\/#breadcrumb\"},\"inLanguage\":\"de\",\"potentialAction\":[{\"@type\":\"ReadAction\",\"target\":[\"https:\/\/kengmingcn.com\/it\/product\/80kg-24h-macchina-del-ghiaccio-fiocco-di-neve-produzione-rapida-bingsu-con-fc80fd-360w-220v-110v\/\"]}]},{\"@type\":\"ImageObject\",\"inLanguage\":\"de\",\"@id\":\"https:\/\/kengmingcn.com\/it\/product\/80kg-24h-macchina-del-ghiaccio-fiocco-di-neve-produzione-rapida-bingsu-con-fc80fd-360w-220v-110v\/#primaryimage\",\"url\":\"https:\/\/kengmingcn.com\/wp-content\/uploads\/2025\/04\/JMXC80FD_4_11zon.webp\",\"contentUrl\":\"https:\/\/kengmingcn.com\/wp-content\/uploads\/2025\/04\/JMXC80FD_4_11zon.webp\",\"width\":800,\"height\":800,\"caption\":\"JMXC80FD 80kg Bingu Machine\"},{\"@type\":\"BreadcrumbList\",\"@id\":\"https:\/\/kengmingcn.com\/it\/product\/80kg-24h-macchina-del-ghiaccio-fiocco-di-neve-produzione-rapida-bingsu-con-fc80fd-360w-220v-110v\/#breadcrumb\",\"itemListElement\":[{\"@type\":\"ListItem\",\"position\":1,\"name\":\"Home\",\"item\":\"https:\/\/kengmingcn.com\/\"},{\"@type\":\"ListItem\",\"position\":2,\"name\":\"Catalogue\",\"item\":\"https:\/\/kengmingcn.com\/?page_id=27131\"},{\"@type\":\"ListItem\",\"position\":3,\"name\":\"80kg\/24h Snow ice maker Snowflake ice machine Rapid Production Bingsu with FC80FD-360W-220V\/110V\"}]},{\"@type\":\"WebSite\",\"@id\":\"https:\/\/kengmingcn.com\/#website\",\"url\":\"https:\/\/kengmingcn.com\/\",\"name\":\"Kitchen Equipment\",\"description\":\"KengMing is a professional commercial kitchen equipment manufacturer and wholesale supplier, offering cooking, food prep and bakery equipment with OEM &amp; ODM service for global distributors.\",\"publisher\":{\"@id\":\"https:\/\/kengmingcn.com\/#organization\"},\"potentialAction\":[{\"@type\":\"SearchAction\",\"target\":{\"@type\":\"EntryPoint\",\"urlTemplate\":\"https:\/\/kengmingcn.com\/?s={search_term_string}\"},\"query-input\":{\"@type\":\"PropertyValueSpecification\",\"valueRequired\":true,\"valueName\":\"search_term_string\"}}],\"inLanguage\":\"de\"},{\"@type\":\"Organization\",\"@id\":\"https:\/\/kengmingcn.com\/#organization\",\"name\":\"GuangZhou KengMing\",\"url\":\"https:\/\/kengmingcn.com\/\",\"logo\":{\"@type\":\"ImageObject\",\"inLanguage\":\"de\",\"@id\":\"https:\/\/kengmingcn.com\/#\/schema\/logo\/image\/\",\"url\":\"https:\/\/kengmingcn.com\/wp-content\/uploads\/2025\/04\/cropped-1744508604969-removebg-preview.png\",\"contentUrl\":\"https:\/\/kengmingcn.com\/wp-content\/uploads\/2025\/04\/cropped-1744508604969-removebg-preview.png\",\"width\":512,\"height\":512,\"caption\":\"GuangZhou KengMing\"},\"image\":{\"@id\":\"https:\/\/kengmingcn.com\/#\/schema\/logo\/image\/\"}}]}<\/script>\n<meta property=\"product:price:amount\" content=\"350.00\" \/>\n<meta property=\"product:price:currency\" content=\"USD\" \/>\n<meta property=\"og:availability\" content=\"instock\" \/>\n<meta property=\"product:availability\" content=\"instock\" \/>\n<meta property=\"product:condition\" content=\"new\" \/>\n<!-- \/ Yoast SEO Premium plugin. -->","yoast_head_json":{"title":"80kg\/24h Schneeeisbereiter Schneeflocken-Eismaschine Schnelle Produktion Bingsu mit FC80FD-360W-220V\/110V - KengMing | Hersteller von Gro\u00dfk\u00fcchenger\u00e4ten","description":"80kg\/24h Schneeeisbereiter Schneeflocken-Eismaschine Schnelle Produktion Bingsu mit FC80FD-360W-220V\/110V","robots":{"index":"index","follow":"follow","max-snippet":"max-snippet:-1","max-image-preview":"max-image-preview:large","max-video-preview":"max-video-preview:-1"},"canonical":"https:\/\/kengmingcn.com\/de_de\/product\/80kg-24h-schnee-eismaschine-schneeflocken-eismaschine-schnelle-produktion-bingsu-mit-fc80fd-360w-220v-110v\/","og_locale":"de_DE","og_type":"article","og_title":"80kg\/24h Snow ice maker Snowflake ice machine Rapid Production Bingsu with FC80FD-360W-220V\/110V","og_description":"80kg\/24h Snow ice maker Snowflake ice machine Rapid Production Bingsu with FC80FD-360W-220V\/110V","og_url":"https:\/\/kengmingcn.com\/de_de\/product\/80kg-24h-schnee-eismaschine-schneeflocken-eismaschine-schnelle-produktion-bingsu-mit-fc80fd-360w-220v-110v\/","og_site_name":"KengMing | Manufacturer of Commercial Kitchen Equipment","article_modified_time":"2026-01-11T05:57:38+00:00","og_image":[{"width":800,"height":800,"url":"https:\/\/kengmingcn.com\/wp-content\/uploads\/2025\/04\/JMXC80FD_4_11zon.webp","type":"image\/webp"}],"twitter_card":"summary_large_image","twitter_misc":{"Preis":"&#36;350.00","Verf\u00fcgbarkeit":"Auf Lager"},"schema":{"@context":"https:\/\/schema.org","@graph":[{"@type":"WebPage","@id":"https:\/\/kengmingcn.com\/it\/product\/80kg-24h-macchina-del-ghiaccio-fiocco-di-neve-produzione-rapida-bingsu-con-fc80fd-360w-220v-110v\/","url":"https:\/\/kengmingcn.com\/it\/product\/80kg-24h-macchina-del-ghiaccio-fiocco-di-neve-produzione-rapida-bingsu-con-fc80fd-360w-220v-110v\/","name":"80kg\/24h Schneeeisbereiter Schneeflocken-Eismaschine Schnelle Produktion Bingsu mit FC80FD-360W-220V\/110V - KengMing | Hersteller von Gro\u00dfk\u00fcchenger\u00e4ten","isPartOf":{"@id":"https:\/\/kengmingcn.com\/#website"},"primaryImageOfPage":{"@id":"https:\/\/kengmingcn.com\/it\/product\/80kg-24h-macchina-del-ghiaccio-fiocco-di-neve-produzione-rapida-bingsu-con-fc80fd-360w-220v-110v\/#primaryimage"},"image":{"@id":"https:\/\/kengmingcn.com\/it\/product\/80kg-24h-macchina-del-ghiaccio-fiocco-di-neve-produzione-rapida-bingsu-con-fc80fd-360w-220v-110v\/#primaryimage"},"thumbnailUrl":"https:\/\/kengmingcn.com\/wp-content\/uploads\/2025\/04\/JMXC80FD_4_11zon.webp","datePublished":"2025-04-22T03:05:38+00:00","dateModified":"2026-01-11T05:57:38+00:00","description":"80kg\/24h Schneeeisbereiter Schneeflocken-Eismaschine Schnelle Produktion Bingsu mit FC80FD-360W-220V\/110V","breadcrumb":{"@id":"https:\/\/kengmingcn.com\/it\/product\/80kg-24h-macchina-del-ghiaccio-fiocco-di-neve-produzione-rapida-bingsu-con-fc80fd-360w-220v-110v\/#breadcrumb"},"inLanguage":"de","potentialAction":[{"@type":"ReadAction","target":["https:\/\/kengmingcn.com\/it\/product\/80kg-24h-macchina-del-ghiaccio-fiocco-di-neve-produzione-rapida-bingsu-con-fc80fd-360w-220v-110v\/"]}]},{"@type":"ImageObject","inLanguage":"de","@id":"https:\/\/kengmingcn.com\/it\/product\/80kg-24h-macchina-del-ghiaccio-fiocco-di-neve-produzione-rapida-bingsu-con-fc80fd-360w-220v-110v\/#primaryimage","url":"https:\/\/kengmingcn.com\/wp-content\/uploads\/2025\/04\/JMXC80FD_4_11zon.webp","contentUrl":"https:\/\/kengmingcn.com\/wp-content\/uploads\/2025\/04\/JMXC80FD_4_11zon.webp","width":800,"height":800,"caption":"JMXC80FD 80kg Bingu Machine"},{"@type":"BreadcrumbList","@id":"https:\/\/kengmingcn.com\/it\/product\/80kg-24h-macchina-del-ghiaccio-fiocco-di-neve-produzione-rapida-bingsu-con-fc80fd-360w-220v-110v\/#breadcrumb","itemListElement":[{"@type":"ListItem","position":1,"name":"Home","item":"https:\/\/kengmingcn.com\/"},{"@type":"ListItem","position":2,"name":"Catalogue","item":"https:\/\/kengmingcn.com\/?page_id=27131"},{"@type":"ListItem","position":3,"name":"80kg\/24h Snow ice maker Snowflake ice machine Rapid Production Bingsu with FC80FD-360W-220V\/110V"}]},{"@type":"WebSite","@id":"https:\/\/kengmingcn.com\/#website","url":"https:\/\/kengmingcn.com\/","name":"K\u00fcchenausstattung","description":"KengMing is a professional commercial kitchen equipment manufacturer and wholesale supplier, offering cooking, food prep and bakery equipment with OEM &amp; ODM service for global distributors.","publisher":{"@id":"https:\/\/kengmingcn.com\/#organization"},"potentialAction":[{"@type":"SearchAction","target":{"@type":"EntryPoint","urlTemplate":"https:\/\/kengmingcn.com\/?s={search_term_string}"},"query-input":{"@type":"PropertyValueSpecification","valueRequired":true,"valueName":"search_term_string"}}],"inLanguage":"de"},{"@type":"Organization","@id":"https:\/\/kengmingcn.com\/#organization","name":"GuangZhou KengMing","url":"https:\/\/kengmingcn.com\/","logo":{"@type":"ImageObject","inLanguage":"de","@id":"https:\/\/kengmingcn.com\/#\/schema\/logo\/image\/","url":"https:\/\/kengmingcn.com\/wp-content\/uploads\/2025\/04\/cropped-1744508604969-removebg-preview.png","contentUrl":"https:\/\/kengmingcn.com\/wp-content\/uploads\/2025\/04\/cropped-1744508604969-removebg-preview.png","width":512,"height":512,"caption":"GuangZhou KengMing"},"image":{"@id":"https:\/\/kengmingcn.com\/#\/schema\/logo\/image\/"}}]},"product_price_amount":"350.00","product_price_currency":"USD","og_availability":"instock","product_availability":"instock","product_condition":"new"},"_links":{"self":[{"href":"https:\/\/kengmingcn.com\/de_de\/wp-json\/wp\/v2\/product\/49806","targetHints":{"allow":["GET"]}}],"collection":[{"href":"https:\/\/kengmingcn.com\/de_de\/wp-json\/wp\/v2\/product"}],"about":[{"href":"https:\/\/kengmingcn.com\/de_de\/wp-json\/wp\/v2\/types\/product"}],"replies":[{"embeddable":true,"href":"https:\/\/kengmingcn.com\/de_de\/wp-json\/wp\/v2\/comments?post=49806"}],"wp:featuredmedia":[{"embeddable":true,"href":"https:\/\/kengmingcn.com\/de_de\/wp-json\/wp\/v2\/media\/53019"}],"wp:attachment":[{"href":"https:\/\/kengmingcn.com\/de_de\/wp-json\/wp\/v2\/media?parent=49806"}],"wp:term":[{"taxonomy":"product_brand","embeddable":true,"href":"https:\/\/kengmingcn.com\/de_de\/wp-json\/wp\/v2\/product_brand?post=49806"},{"taxonomy":"product_cat","embeddable":true,"href":"https:\/\/kengmingcn.com\/de_de\/wp-json\/wp\/v2\/product_cat?post=49806"},{"taxonomy":"product_tag","embeddable":true,"href":"https:\/\/kengmingcn.com\/de_de\/wp-json\/wp\/v2\/product_tag?post=49806"}],"curies":[{"name":"wp","href":"https:\/\/api.w.org\/{rel}","templated":true}]}}