{"id":49676,"date":"2025-04-19T10:52:58","date_gmt":"2025-04-19T02:52:58","guid":{"rendered":"https:\/\/kengmingcn.com\/?post_type=product&#038;p=49676"},"modified":"2026-01-11T11:35:48","modified_gmt":"2026-01-11T03:35:48","slug":"bingsu-80kg-24h-schnee-eismaschine-schnelle-produktion-schneeflocken-eismaschine-mit-jmxc80f-360w-220v-110vbingsu-80kg-24h-schnee-eismaschine-schnelle-produktion-schneeflocken-eismaschine-mit-jmxc80f","status":"publish","type":"product","link":"https:\/\/kengmingcn.com\/de_de\/product\/bingsu-80kg-24h-schnee-eismaschine-schnelle-produktion-schneeflocken-eismaschine-mit-jmxc80f-360w-220v-110vbingsu-80kg-24h-schnee-eismaschine-schnelle-produktion-schneeflocken-eismaschine-mit-jmxc80f\/","title":{"rendered":"Bingsu 80kg\/24h Schnee Eis Maker Schnelle Produktion Schneeflocken Eis Maschine mit JMXC80F-360W-220V\/110V"},"content":{"rendered":"<h2 class=\"wp-block-heading\" id=\"h-description\">Beschreibung<\/h2>\n\n\n\n<p>Die Schneeflocken-Eismaschine ist ein effizientes Ger\u00e4t zur Herstellung von Kaltgetr\u00e4nken, das f\u00fcr die Herstellung von feinem, frischem und knusprigem Schneeflocken-Eis entwickelt wurde. Durch die fortschrittliche Gefriertechnologie und den pr\u00e4zisen Eisschabermechanismus kann sie fl\u00fcssige Rohstoffe (wie Saft, Milchtee, Cocktails usw.) schnell einfrieren und in weiche und zarte schneeflocken\u00e4hnliche Partikel schaben, wobei der urspr\u00fcngliche Geschmack und die N\u00e4hrstoffe der Lebensmittel erhalten bleiben.<\/p>\n\n\n\n<div style=\"height:30px\" aria-hidden=\"true\" class=\"wp-block-spacer\"><\/div>\n\n\n\n<figure class=\"wp-block-table is-style-stripes\"><table><thead><tr><th>Modell<\/th><th>JMXC80F<\/th><\/tr><\/thead><tbody><tr><td>OutPut<\/td><td>80kg\/24h (176lbs\/24h)<\/td><\/tr><tr><td>Strom<\/td><td>360w<\/td><\/tr><tr><td>L\u00e4nge der Rolle<\/td><td>9,5 cm<\/td><\/tr><tr><td>K\u00fchlung Weg<\/td><td>Luftk\u00fchlung<\/td><\/tr><tr><td>Gr\u00f6\u00dfe<\/td><td>46*32*40cm<\/td><\/tr><tr><td>Packungsgr\u00f6\u00dfe<\/td><td>56*40*49cm (0,12cbm)<\/td><\/tr><tr><td>Nettogewicht<\/td><td>22kg\/48lbs<\/td><\/tr><tr><td>Paket Gewicht<\/td><td>24kg\/53lbs<\/td><\/tr><tr><td>Kompressor<\/td><td>Wanbao oder andere chinesische Marke<\/td><\/tr><\/tbody><\/table><\/figure>\n\n\n\n<div style=\"height:30px\" aria-hidden=\"true\" class=\"wp-block-spacer\"><\/div>\n\n\n\n<div class=\"wp-block-columns is-layout-flex wp-container-core-columns-is-layout-9d6595d7 wp-block-columns-is-layout-flex dt-cr-1\">\n<div class=\"wp-block-column is-layout-flow wp-block-column-is-layout-flow\">\n<h3 class=\"wp-block-heading has-medium-font-size\" id=\"h-impressive-production-capacity\"><strong>Beeindruckende Produktionskapazit\u00e4t<\/strong><\/h3>\n\n\n\n<p>Hocheffiziente K\u00fchlung, Luftk\u00fchlung, nur 1 Minute Vork\u00fchlung kann 3 Sekunden Eis, t\u00e4gliche Eisproduktionskapazit\u00e4t von 176Ib sein.<\/p>\n<\/div>\n\n\n\n<div class=\"wp-block-column is-layout-flow wp-block-column-is-layout-flow\">\n<h3 class=\"wp-block-heading has-medium-font-size\" id=\"h-premium-304-stainless-steel-construction\"><strong>Konstruktion aus hochwertigem 304-Edelstahl<\/strong><\/h3>\n\n\n\n<p>Das Maschinengeh\u00e4use und alle Teile, die mit Lebensmitteln in Ber\u00fchrung kommen, sind aus Edelstahl 304 gefertigt, der korrosionsbest\u00e4ndig, leicht zu reinigen und hitzebest\u00e4ndig ist. Ob in Umgebungen mit hoher Luftfeuchtigkeit oder bei l\u00e4ngerem Gebrauch, die Maschine bleibt robust und langlebig und gew\u00e4hrleistet Lebensmittelsicherheit und eine lange Lebensdauer. Das glatte Material erleichtert au\u00dferdem die t\u00e4gliche Wartung, reduziert das Bakterienwachstum und vereinfacht das Hygienemanagement.<\/p>\n<\/div>\n<\/div>\n\n\n\n<div style=\"height:30px\" aria-hidden=\"true\" class=\"wp-block-spacer\"><\/div>\n\n\n\n<div class=\"wp-block-columns is-layout-flex wp-container-core-columns-is-layout-9d6595d7 wp-block-columns-is-layout-flex dt-cr-2\">\n<div class=\"wp-block-column is-layout-flow wp-block-column-is-layout-flow\">\n<h3 class=\"wp-block-heading has-medium-font-size\" id=\"h-user-friendly-operation\"><strong>Benutzerfreundlicher Betrieb<\/strong><\/h3>\n\n\n\n<p>Der JMXC80F verf\u00fcgt \u00fcber ein Schwerkraft-Zuf\u00fchrungssystem und ein intuitives Bedienfeld, so dass er auch f\u00fcr neue Mitarbeiter leicht zu bedienen ist. Das unabh\u00e4ngig gesteuerte K\u00fchlsystem reduziert manuelle Arbeitsschritte und macht den Produktionsprozess einfacher und effizienter, was die Servicegeschwindigkeit und die Kundenzufriedenheit erh\u00f6ht.<\/p>\n<\/div>\n\n\n\n<div class=\"wp-block-column is-layout-flow wp-block-column-is-layout-flow\">\n<h3 class=\"wp-block-heading has-medium-font-size\" id=\"h-adjustable-ice-shape\"><strong>Einstellbare Eisform<\/strong><\/h3>\n\n\n\n<p>Passen Sie die Form von Schnee-Eis nach ihrem pers\u00f6nlichen Geschmack und Vorlieben, durch die Anpassung der Rohstoffe und die Kontrolle der Geschwindigkeit des Verdampfers, k\u00f6nnen Sie eine Vielzahl von Formen von Eis, wie Schnee-Eis, Nudel-Eis, Flocke Eis, Schafe Eis, Nadel-Eis Eis der verschiedenen Formen, der Geschmack von leicht und glatt zu reich und zart realisiert werden kann.<\/p>\n<\/div>\n<\/div>\n\n\n\n<div style=\"height:30px\" aria-hidden=\"true\" class=\"wp-block-spacer\"><\/div>\n\n\n\n<div class=\"wp-block-columns is-layout-flex wp-container-core-columns-is-layout-9d6595d7 wp-block-columns-is-layout-flex dt-cr-3\">\n<div class=\"wp-block-column is-layout-flow wp-block-column-is-layout-flow\">\n<h3 class=\"wp-block-heading has-medium-font-size\" id=\"h-more-detail\">Mehr Details<\/h3>\n\n\n\n<figure class=\"wp-block-gallery has-nested-images columns-default is-cropped wp-block-gallery-1 is-layout-flex wp-block-gallery-is-layout-flex\">\n<figure class=\"wp-block-image size-large\"><img decoding=\"async\" width=\"1024\" height=\"483\" data-id=\"47955\" src=\"https:\/\/kengmingcn.com\/wp-content\/uploads\/2025\/03\/1_6_11zon-1024x483.webp\" alt=\"\" class=\"wp-image-47955\" srcset=\"https:\/\/kengmingcn.com\/wp-content\/uploads\/2025\/03\/1_6_11zon-1024x483.webp 1024w, https:\/\/kengmingcn.com\/wp-content\/uploads\/2025\/03\/1_6_11zon-300x142.webp 300w, https:\/\/kengmingcn.com\/wp-content\/uploads\/2025\/03\/1_6_11zon-768x362.webp 768w, https:\/\/kengmingcn.com\/wp-content\/uploads\/2025\/03\/1_6_11zon.webp 1060w\" sizes=\"(max-width: 1024px) 100vw, 1024px\" \/><\/figure>\n\n\n\n<figure class=\"wp-block-image size-large\"><img decoding=\"async\" width=\"1024\" height=\"483\" data-id=\"47956\" src=\"https:\/\/kengmingcn.com\/wp-content\/uploads\/2025\/03\/2-2_7_11zon-1024x483.webp\" alt=\"\" class=\"wp-image-47956\" srcset=\"https:\/\/kengmingcn.com\/wp-content\/uploads\/2025\/03\/2-2_7_11zon-1024x483.webp 1024w, https:\/\/kengmingcn.com\/wp-content\/uploads\/2025\/03\/2-2_7_11zon-300x142.webp 300w, https:\/\/kengmingcn.com\/wp-content\/uploads\/2025\/03\/2-2_7_11zon-768x362.webp 768w, https:\/\/kengmingcn.com\/wp-content\/uploads\/2025\/03\/2-2_7_11zon.webp 1060w\" sizes=\"(max-width: 1024px) 100vw, 1024px\" \/><\/figure>\n\n\n\n<figure class=\"wp-block-image size-large\"><img decoding=\"async\" width=\"1024\" height=\"483\" data-id=\"47957\" src=\"https:\/\/kengmingcn.com\/wp-content\/uploads\/2025\/03\/3_8_11zon-1024x483.webp\" alt=\"\" class=\"wp-image-47957\" srcset=\"https:\/\/kengmingcn.com\/wp-content\/uploads\/2025\/03\/3_8_11zon-1024x483.webp 1024w, https:\/\/kengmingcn.com\/wp-content\/uploads\/2025\/03\/3_8_11zon-300x142.webp 300w, https:\/\/kengmingcn.com\/wp-content\/uploads\/2025\/03\/3_8_11zon-768x362.webp 768w, https:\/\/kengmingcn.com\/wp-content\/uploads\/2025\/03\/3_8_11zon.webp 1060w\" sizes=\"(max-width: 1024px) 100vw, 1024px\" \/><\/figure>\n\n\n\n<figure class=\"wp-block-image size-large\"><img decoding=\"async\" width=\"550\" height=\"550\" data-id=\"47952\" src=\"https:\/\/kengmingcn.com\/wp-content\/uploads\/2025\/03\/1736303096772_3_11zon.webp\" alt=\"\" class=\"wp-image-47952\" srcset=\"https:\/\/kengmingcn.com\/wp-content\/uploads\/2025\/03\/1736303096772_3_11zon.webp 550w, https:\/\/kengmingcn.com\/wp-content\/uploads\/2025\/03\/1736303096772_3_11zon-300x300.webp 300w, https:\/\/kengmingcn.com\/wp-content\/uploads\/2025\/03\/1736303096772_3_11zon-150x150.webp 150w, https:\/\/kengmingcn.com\/wp-content\/uploads\/2025\/03\/1736303096772_3_11zon-200x200.webp 200w\" sizes=\"(max-width: 550px) 100vw, 550px\" \/><\/figure>\n\n\n\n<figure class=\"wp-block-image size-large\"><img decoding=\"async\" width=\"750\" height=\"873\" data-id=\"52104\" src=\"https:\/\/kengmingcn.com\/wp-content\/uploads\/2025\/09\/XHJ128fp-bingsu-machine-\u8be6\u60c5\u56fe-10.jpg\" alt=\"4\u79cd\u96ea\u82b1\u51b0\" class=\"wp-image-52104\" srcset=\"https:\/\/kengmingcn.com\/wp-content\/uploads\/2025\/09\/XHJ128fp-bingsu-machine-\u8be6\u60c5\u56fe-10.jpg 750w, https:\/\/kengmingcn.com\/wp-content\/uploads\/2025\/09\/XHJ128fp-bingsu-machine-\u8be6\u60c5\u56fe-10-258x300.jpg 258w, https:\/\/kengmingcn.com\/wp-content\/uploads\/2025\/09\/XHJ128fp-bingsu-machine-\u8be6\u60c5\u56fe-10-10x12.jpg 10w\" sizes=\"(max-width: 750px) 100vw, 750px\" \/><\/figure>\n\n\n\n<figure class=\"wp-block-image size-large\"><img decoding=\"async\" width=\"1024\" height=\"832\" data-id=\"2461\" src=\"https:\/\/kengmingcn.com\/wp-content\/uploads\/2025\/04\/JMXC80F-Bingsu-Machine_11zon-scaled-e1744530020571-1024x832.webp\" alt=\"JMXC80F Bingsu-Maschine_11zon\" class=\"wp-image-2461\" srcset=\"https:\/\/kengmingcn.com\/wp-content\/uploads\/2025\/04\/JMXC80F-Bingsu-Machine_11zon-scaled-e1744530020571-1024x832.webp 1024w, https:\/\/kengmingcn.com\/wp-content\/uploads\/2025\/04\/JMXC80F-Bingsu-Machine_11zon-scaled-e1744530020571-300x244.webp 300w, https:\/\/kengmingcn.com\/wp-content\/uploads\/2025\/04\/JMXC80F-Bingsu-Machine_11zon-scaled-e1744530020571-768x624.webp 768w, https:\/\/kengmingcn.com\/wp-content\/uploads\/2025\/04\/JMXC80F-Bingsu-Machine_11zon-scaled-e1744530020571.webp 1152w\" sizes=\"(max-width: 1024px) 100vw, 1024px\" \/><\/figure>\n<\/figure>\n<\/div>\n<\/div>\n\n\n\n<div class=\"wp-block-columns is-layout-flex wp-container-core-columns-is-layout-9d6595d7 wp-block-columns-is-layout-flex dt-cr-4\">\n<div class=\"wp-block-column is-layout-flow wp-block-column-is-layout-flow\">\n<div style=\"height:30px\" aria-hidden=\"true\" class=\"wp-block-spacer\"><\/div>\n\n\n\n<h2 class=\"wp-block-heading\" id=\"h-video\">Video<\/h2>\n\n\n\n<figure class=\"wp-block-video\"><video controls src=\"https:\/\/cdn-gzkm.b-cdn.net\/video\/JMXC80F%20125F%20170F%20-2.mp4\"><\/video><\/figure>\n<\/div>\n\n\n\n<div class=\"wp-block-column is-layout-flow wp-block-column-is-layout-flow\"><\/div>\n<\/div>\n\n\n\n<div class=\"wp-block-columns is-layout-flex wp-container-core-columns-is-layout-9d6595d7 wp-block-columns-is-layout-flex dt-cr-5\">\n<div class=\"wp-block-column is-layout-flow wp-block-column-is-layout-flow\">\n<div style=\"height:30px\" aria-hidden=\"true\" class=\"wp-block-spacer\"><\/div>\n\n\n\n<h3 class=\"wp-block-heading\" id=\"h-why-choose-us\">Warum uns w\u00e4hlen?<\/h3>\n\n\n\n<p>Kurz gesagt, unsere Schneeflocken-Eismaschine mit einer Produktionskapazit\u00e4t von 80 Kilogramm alle 24 Stunden ist ein Muss f\u00fcr jedes Unternehmen, das sich in der Dessertbranche abheben will. Ganz gleich, ob Sie in einem belebten Gebiet wie Guangzhou ans\u00e4ssig sind, in dem sich lokale Gesch\u00e4fte und gro\u00dfe Unternehmen mischen, oder an einem anderen Ort, diese Maschine bietet alle Funktionen und eine hervorragende Leistung, die Sie f\u00fcr Ihren Erfolg ben\u00f6tigen. Investieren Sie noch heute in diese Maschine und zaubern Sie Ihren Kunden mit jeder k\u00f6stlichen Kugel Schneeflocken-Eis ein L\u00e4cheln ins Gesicht!<\/p>\n<\/div>\n<\/div>","protected":false},"excerpt":{"rendered":"<ul>\n<li>Leistung: 360W<\/li>\n<li>Leistung: 80kg\/24H<\/li>\n<li>Rollenl\u00e4nge: 9cm<\/li>\n<li>Art der K\u00fchlung: Luftk\u00fchlung<\/li>\n<li>Vork\u00fchlung f\u00fcr 1 Minute, schnelle Eisfreigabe in 3 Sekunden<\/li>\n<\/ul>","protected":false},"featured_media":53003,"comment_status":"open","ping_status":"closed","template":"","meta":{"_acf_changed":false},"product_brand":[],"product_cat":[244,275],"product_tag":[253],"class_list":{"0":"post-49676","1":"product","2":"type-product","3":"status-publish","4":"has-post-thumbnail","6":"product_cat-bingsu-machine","7":"product_cat-refrigeration-equipment","8":"product_tag-air-cooling","9":"description-off","11":"first","12":"instock","13":"shipping-taxable","14":"purchasable","15":"product-type-simple"},"acf":[],"yoast_head":"<!-- This site is optimized with the Yoast SEO Premium plugin v25.3 (Yoast SEO v26.3) - https:\/\/yoast.com\/wordpress\/plugins\/seo\/ -->\n<title>Bingsu 80kg\/24h Snow Ice Maker Rapid Production Snowflake Ice Machine with JMXC80F-360W-220V\/110V - KengMing | Manufacturer of Commercial Kitchen Equipment<\/title>\n<meta name=\"description\" content=\"Bingsu 80kg\/24h Snow Ice Maker Rapid Production Snowflake Ice Machine with JMXC80F-360W-220V\/110V\" \/>\n<meta name=\"robots\" content=\"index, follow, max-snippet:-1, max-image-preview:large, max-video-preview:-1\" \/>\n<link rel=\"canonical\" href=\"https:\/\/kengmingcn.com\/de_de\/product\/bingsu-80kg-24h-schnee-eismaschine-schnelle-produktion-schneeflocken-eismaschine-mit-jmxc80f-360w-220v-110vbingsu-80kg-24h-schnee-eismaschine-schnelle-produktion-schneeflocken-eismaschine-mit-jmxc80f\/\" \/>\n<meta property=\"og:locale\" content=\"de_DE\" \/>\n<meta property=\"og:type\" content=\"article\" \/>\n<meta property=\"og:title\" content=\"Bingsu 80kg\/24h Snow Ice Maker Rapid Production Snowflake Ice Machine with JMXC80F-360W-220V\/110V\" \/>\n<meta property=\"og:description\" content=\"Bingsu 80kg\/24h Snow Ice Maker Rapid Production Snowflake Ice Machine with JMXC80F-360W-220V\/110V\" \/>\n<meta property=\"og:url\" content=\"https:\/\/kengmingcn.com\/de_de\/product\/bingsu-80kg-24h-schnee-eismaschine-schnelle-produktion-schneeflocken-eismaschine-mit-jmxc80f-360w-220v-110vbingsu-80kg-24h-schnee-eismaschine-schnelle-produktion-schneeflocken-eismaschine-mit-jmxc80f\/\" \/>\n<meta property=\"og:site_name\" content=\"KengMing | Manufacturer of Commercial Kitchen Equipment\" \/>\n<meta property=\"article:modified_time\" content=\"2026-01-11T03:35:48+00:00\" \/>\n<meta property=\"og:image\" content=\"https:\/\/kengmingcn.com\/wp-content\/uploads\/2025\/04\/JMXC80F_3_11zon.webp\" \/>\n\t<meta property=\"og:image:width\" content=\"800\" \/>\n\t<meta property=\"og:image:height\" content=\"800\" \/>\n\t<meta property=\"og:image:type\" content=\"image\/webp\" \/>\n<meta name=\"twitter:card\" content=\"summary_large_image\" \/>\n<meta name=\"twitter:label1\" content=\"Preis\" \/>\n\t<meta name=\"twitter:data1\" content=\"&#036;300.00\" \/>\n\t<meta name=\"twitter:label2\" content=\"Verf\u00fcgbarkeit\" \/>\n\t<meta name=\"twitter:data2\" content=\"Auf Lager\" \/>\n<script type=\"application\/ld+json\" class=\"yoast-schema-graph\">{\"@context\":\"https:\/\/schema.org\",\"@graph\":[{\"@type\":\"WebPage\",\"@id\":\"https:\/\/kengmingcn.com\/fr\/product\/bingsu-80kg-24h-machine-a-glacons-production-rapide-machine-a-glacons-avec-jmxc80f-360w-220v-110vbingsu-80kg-24h-machine-a-glacons-production-rapide-machine-a-glacons-avec-jmxc80f-360w-220v-110v\/\",\"url\":\"https:\/\/kengmingcn.com\/fr\/product\/bingsu-80kg-24h-machine-a-glacons-production-rapide-machine-a-glacons-avec-jmxc80f-360w-220v-110vbingsu-80kg-24h-machine-a-glacons-production-rapide-machine-a-glacons-avec-jmxc80f-360w-220v-110v\/\",\"name\":\"Bingsu 80kg\/24h Snow Ice Maker Rapid Production Snowflake Ice Machine with JMXC80F-360W-220V\/110V - KengMing | Manufacturer of Commercial Kitchen Equipment\",\"isPartOf\":{\"@id\":\"https:\/\/kengmingcn.com\/#website\"},\"primaryImageOfPage\":{\"@id\":\"https:\/\/kengmingcn.com\/fr\/product\/bingsu-80kg-24h-machine-a-glacons-production-rapide-machine-a-glacons-avec-jmxc80f-360w-220v-110vbingsu-80kg-24h-machine-a-glacons-production-rapide-machine-a-glacons-avec-jmxc80f-360w-220v-110v\/#primaryimage\"},\"image\":{\"@id\":\"https:\/\/kengmingcn.com\/fr\/product\/bingsu-80kg-24h-machine-a-glacons-production-rapide-machine-a-glacons-avec-jmxc80f-360w-220v-110vbingsu-80kg-24h-machine-a-glacons-production-rapide-machine-a-glacons-avec-jmxc80f-360w-220v-110v\/#primaryimage\"},\"thumbnailUrl\":\"https:\/\/kengmingcn.com\/wp-content\/uploads\/2025\/04\/JMXC80F_3_11zon.webp\",\"datePublished\":\"2025-04-19T02:52:58+00:00\",\"dateModified\":\"2026-01-11T03:35:48+00:00\",\"description\":\"Bingsu 80kg\/24h Snow Ice Maker Rapid Production Snowflake Ice Machine with JMXC80F-360W-220V\/110V\",\"breadcrumb\":{\"@id\":\"https:\/\/kengmingcn.com\/fr\/product\/bingsu-80kg-24h-machine-a-glacons-production-rapide-machine-a-glacons-avec-jmxc80f-360w-220v-110vbingsu-80kg-24h-machine-a-glacons-production-rapide-machine-a-glacons-avec-jmxc80f-360w-220v-110v\/#breadcrumb\"},\"inLanguage\":\"de\",\"potentialAction\":[{\"@type\":\"ReadAction\",\"target\":[\"https:\/\/kengmingcn.com\/fr\/product\/bingsu-80kg-24h-machine-a-glacons-production-rapide-machine-a-glacons-avec-jmxc80f-360w-220v-110vbingsu-80kg-24h-machine-a-glacons-production-rapide-machine-a-glacons-avec-jmxc80f-360w-220v-110v\/\"]}]},{\"@type\":\"ImageObject\",\"inLanguage\":\"de\",\"@id\":\"https:\/\/kengmingcn.com\/fr\/product\/bingsu-80kg-24h-machine-a-glacons-production-rapide-machine-a-glacons-avec-jmxc80f-360w-220v-110vbingsu-80kg-24h-machine-a-glacons-production-rapide-machine-a-glacons-avec-jmxc80f-360w-220v-110v\/#primaryimage\",\"url\":\"https:\/\/kengmingcn.com\/wp-content\/uploads\/2025\/04\/JMXC80F_3_11zon.webp\",\"contentUrl\":\"https:\/\/kengmingcn.com\/wp-content\/uploads\/2025\/04\/JMXC80F_3_11zon.webp\",\"width\":800,\"height\":800,\"caption\":\"80kg\/24h snow ice machine\"},{\"@type\":\"BreadcrumbList\",\"@id\":\"https:\/\/kengmingcn.com\/fr\/product\/bingsu-80kg-24h-machine-a-glacons-production-rapide-machine-a-glacons-avec-jmxc80f-360w-220v-110vbingsu-80kg-24h-machine-a-glacons-production-rapide-machine-a-glacons-avec-jmxc80f-360w-220v-110v\/#breadcrumb\",\"itemListElement\":[{\"@type\":\"ListItem\",\"position\":1,\"name\":\"Home\",\"item\":\"https:\/\/kengmingcn.com\/\"},{\"@type\":\"ListItem\",\"position\":2,\"name\":\"Catalogue\",\"item\":\"https:\/\/kengmingcn.com\/?page_id=27131\"},{\"@type\":\"ListItem\",\"position\":3,\"name\":\"Bingsu 80kg\/24h Snow Ice Maker Rapid Production Snowflake Ice Machine with JMXC80F-360W-220V\/110V\"}]},{\"@type\":\"WebSite\",\"@id\":\"https:\/\/kengmingcn.com\/#website\",\"url\":\"https:\/\/kengmingcn.com\/\",\"name\":\"Kitchen Equipment\",\"description\":\"KengMing is a professional commercial kitchen equipment manufacturer and wholesale supplier, offering cooking, food prep and bakery equipment with OEM &amp; ODM service for global distributors.\",\"publisher\":{\"@id\":\"https:\/\/kengmingcn.com\/#organization\"},\"potentialAction\":[{\"@type\":\"SearchAction\",\"target\":{\"@type\":\"EntryPoint\",\"urlTemplate\":\"https:\/\/kengmingcn.com\/?s={search_term_string}\"},\"query-input\":{\"@type\":\"PropertyValueSpecification\",\"valueRequired\":true,\"valueName\":\"search_term_string\"}}],\"inLanguage\":\"de\"},{\"@type\":\"Organization\",\"@id\":\"https:\/\/kengmingcn.com\/#organization\",\"name\":\"GuangZhou KengMing\",\"url\":\"https:\/\/kengmingcn.com\/\",\"logo\":{\"@type\":\"ImageObject\",\"inLanguage\":\"de\",\"@id\":\"https:\/\/kengmingcn.com\/#\/schema\/logo\/image\/\",\"url\":\"https:\/\/kengmingcn.com\/wp-content\/uploads\/2025\/04\/cropped-1744508604969-removebg-preview.png\",\"contentUrl\":\"https:\/\/kengmingcn.com\/wp-content\/uploads\/2025\/04\/cropped-1744508604969-removebg-preview.png\",\"width\":512,\"height\":512,\"caption\":\"GuangZhou KengMing\"},\"image\":{\"@id\":\"https:\/\/kengmingcn.com\/#\/schema\/logo\/image\/\"}}]}<\/script>\n<meta property=\"product:price:amount\" content=\"300.00\" \/>\n<meta property=\"product:price:currency\" content=\"USD\" \/>\n<meta property=\"og:availability\" content=\"instock\" \/>\n<meta property=\"product:availability\" content=\"instock\" \/>\n<meta property=\"product:condition\" content=\"new\" \/>\n<!-- \/ Yoast SEO Premium plugin. -->","yoast_head_json":{"title":"Bingsu 80kg\/24h Schnee-Eis-Maschine Schnelle Produktion Schneeflocken-Eis-Maschine mit JMXC80F-360W-220V\/110V - KengMing | Hersteller von gewerblichen K\u00fcchenger\u00e4ten","description":"Bingsu 80kg\/24h Schnee Eis Maker Schnelle Produktion Schneeflocken Eis Maschine mit JMXC80F-360W-220V\/110V","robots":{"index":"index","follow":"follow","max-snippet":"max-snippet:-1","max-image-preview":"max-image-preview:large","max-video-preview":"max-video-preview:-1"},"canonical":"https:\/\/kengmingcn.com\/de_de\/product\/bingsu-80kg-24h-schnee-eismaschine-schnelle-produktion-schneeflocken-eismaschine-mit-jmxc80f-360w-220v-110vbingsu-80kg-24h-schnee-eismaschine-schnelle-produktion-schneeflocken-eismaschine-mit-jmxc80f\/","og_locale":"de_DE","og_type":"article","og_title":"Bingsu 80kg\/24h Snow Ice Maker Rapid Production Snowflake Ice Machine with JMXC80F-360W-220V\/110V","og_description":"Bingsu 80kg\/24h Snow Ice Maker Rapid Production Snowflake Ice Machine with JMXC80F-360W-220V\/110V","og_url":"https:\/\/kengmingcn.com\/de_de\/product\/bingsu-80kg-24h-schnee-eismaschine-schnelle-produktion-schneeflocken-eismaschine-mit-jmxc80f-360w-220v-110vbingsu-80kg-24h-schnee-eismaschine-schnelle-produktion-schneeflocken-eismaschine-mit-jmxc80f\/","og_site_name":"KengMing | Manufacturer of Commercial Kitchen Equipment","article_modified_time":"2026-01-11T03:35:48+00:00","og_image":[{"width":800,"height":800,"url":"https:\/\/kengmingcn.com\/wp-content\/uploads\/2025\/04\/JMXC80F_3_11zon.webp","type":"image\/webp"}],"twitter_card":"summary_large_image","twitter_misc":{"Preis":"&#36;300.00","Verf\u00fcgbarkeit":"Auf Lager"},"schema":{"@context":"https:\/\/schema.org","@graph":[{"@type":"WebPage","@id":"https:\/\/kengmingcn.com\/fr\/product\/bingsu-80kg-24h-machine-a-glacons-production-rapide-machine-a-glacons-avec-jmxc80f-360w-220v-110vbingsu-80kg-24h-machine-a-glacons-production-rapide-machine-a-glacons-avec-jmxc80f-360w-220v-110v\/","url":"https:\/\/kengmingcn.com\/fr\/product\/bingsu-80kg-24h-machine-a-glacons-production-rapide-machine-a-glacons-avec-jmxc80f-360w-220v-110vbingsu-80kg-24h-machine-a-glacons-production-rapide-machine-a-glacons-avec-jmxc80f-360w-220v-110v\/","name":"Bingsu 80kg\/24h Schnee-Eis-Maschine Schnelle Produktion Schneeflocken-Eis-Maschine mit JMXC80F-360W-220V\/110V - KengMing | Hersteller von gewerblichen K\u00fcchenger\u00e4ten","isPartOf":{"@id":"https:\/\/kengmingcn.com\/#website"},"primaryImageOfPage":{"@id":"https:\/\/kengmingcn.com\/fr\/product\/bingsu-80kg-24h-machine-a-glacons-production-rapide-machine-a-glacons-avec-jmxc80f-360w-220v-110vbingsu-80kg-24h-machine-a-glacons-production-rapide-machine-a-glacons-avec-jmxc80f-360w-220v-110v\/#primaryimage"},"image":{"@id":"https:\/\/kengmingcn.com\/fr\/product\/bingsu-80kg-24h-machine-a-glacons-production-rapide-machine-a-glacons-avec-jmxc80f-360w-220v-110vbingsu-80kg-24h-machine-a-glacons-production-rapide-machine-a-glacons-avec-jmxc80f-360w-220v-110v\/#primaryimage"},"thumbnailUrl":"https:\/\/kengmingcn.com\/wp-content\/uploads\/2025\/04\/JMXC80F_3_11zon.webp","datePublished":"2025-04-19T02:52:58+00:00","dateModified":"2026-01-11T03:35:48+00:00","description":"Bingsu 80kg\/24h Schnee Eis Maker Schnelle Produktion Schneeflocken Eis Maschine mit JMXC80F-360W-220V\/110V","breadcrumb":{"@id":"https:\/\/kengmingcn.com\/fr\/product\/bingsu-80kg-24h-machine-a-glacons-production-rapide-machine-a-glacons-avec-jmxc80f-360w-220v-110vbingsu-80kg-24h-machine-a-glacons-production-rapide-machine-a-glacons-avec-jmxc80f-360w-220v-110v\/#breadcrumb"},"inLanguage":"de","potentialAction":[{"@type":"ReadAction","target":["https:\/\/kengmingcn.com\/fr\/product\/bingsu-80kg-24h-machine-a-glacons-production-rapide-machine-a-glacons-avec-jmxc80f-360w-220v-110vbingsu-80kg-24h-machine-a-glacons-production-rapide-machine-a-glacons-avec-jmxc80f-360w-220v-110v\/"]}]},{"@type":"ImageObject","inLanguage":"de","@id":"https:\/\/kengmingcn.com\/fr\/product\/bingsu-80kg-24h-machine-a-glacons-production-rapide-machine-a-glacons-avec-jmxc80f-360w-220v-110vbingsu-80kg-24h-machine-a-glacons-production-rapide-machine-a-glacons-avec-jmxc80f-360w-220v-110v\/#primaryimage","url":"https:\/\/kengmingcn.com\/wp-content\/uploads\/2025\/04\/JMXC80F_3_11zon.webp","contentUrl":"https:\/\/kengmingcn.com\/wp-content\/uploads\/2025\/04\/JMXC80F_3_11zon.webp","width":800,"height":800,"caption":"80kg\/24h snow ice machine"},{"@type":"BreadcrumbList","@id":"https:\/\/kengmingcn.com\/fr\/product\/bingsu-80kg-24h-machine-a-glacons-production-rapide-machine-a-glacons-avec-jmxc80f-360w-220v-110vbingsu-80kg-24h-machine-a-glacons-production-rapide-machine-a-glacons-avec-jmxc80f-360w-220v-110v\/#breadcrumb","itemListElement":[{"@type":"ListItem","position":1,"name":"Home","item":"https:\/\/kengmingcn.com\/"},{"@type":"ListItem","position":2,"name":"Catalogue","item":"https:\/\/kengmingcn.com\/?page_id=27131"},{"@type":"ListItem","position":3,"name":"Bingsu 80kg\/24h Snow Ice Maker Rapid Production Snowflake Ice Machine with JMXC80F-360W-220V\/110V"}]},{"@type":"WebSite","@id":"https:\/\/kengmingcn.com\/#website","url":"https:\/\/kengmingcn.com\/","name":"K\u00fcchenausstattung","description":"KengMing is a professional commercial kitchen equipment manufacturer and wholesale supplier, offering cooking, food prep and bakery equipment with OEM &amp; ODM service for global distributors.","publisher":{"@id":"https:\/\/kengmingcn.com\/#organization"},"potentialAction":[{"@type":"SearchAction","target":{"@type":"EntryPoint","urlTemplate":"https:\/\/kengmingcn.com\/?s={search_term_string}"},"query-input":{"@type":"PropertyValueSpecification","valueRequired":true,"valueName":"search_term_string"}}],"inLanguage":"de"},{"@type":"Organization","@id":"https:\/\/kengmingcn.com\/#organization","name":"GuangZhou KengMing","url":"https:\/\/kengmingcn.com\/","logo":{"@type":"ImageObject","inLanguage":"de","@id":"https:\/\/kengmingcn.com\/#\/schema\/logo\/image\/","url":"https:\/\/kengmingcn.com\/wp-content\/uploads\/2025\/04\/cropped-1744508604969-removebg-preview.png","contentUrl":"https:\/\/kengmingcn.com\/wp-content\/uploads\/2025\/04\/cropped-1744508604969-removebg-preview.png","width":512,"height":512,"caption":"GuangZhou KengMing"},"image":{"@id":"https:\/\/kengmingcn.com\/#\/schema\/logo\/image\/"}}]},"product_price_amount":"300.00","product_price_currency":"USD","og_availability":"instock","product_availability":"instock","product_condition":"new"},"_links":{"self":[{"href":"https:\/\/kengmingcn.com\/de_de\/wp-json\/wp\/v2\/product\/49676","targetHints":{"allow":["GET"]}}],"collection":[{"href":"https:\/\/kengmingcn.com\/de_de\/wp-json\/wp\/v2\/product"}],"about":[{"href":"https:\/\/kengmingcn.com\/de_de\/wp-json\/wp\/v2\/types\/product"}],"replies":[{"embeddable":true,"href":"https:\/\/kengmingcn.com\/de_de\/wp-json\/wp\/v2\/comments?post=49676"}],"wp:featuredmedia":[{"embeddable":true,"href":"https:\/\/kengmingcn.com\/de_de\/wp-json\/wp\/v2\/media\/53003"}],"wp:attachment":[{"href":"https:\/\/kengmingcn.com\/de_de\/wp-json\/wp\/v2\/media?parent=49676"}],"wp:term":[{"taxonomy":"product_brand","embeddable":true,"href":"https:\/\/kengmingcn.com\/de_de\/wp-json\/wp\/v2\/product_brand?post=49676"},{"taxonomy":"product_cat","embeddable":true,"href":"https:\/\/kengmingcn.com\/de_de\/wp-json\/wp\/v2\/product_cat?post=49676"},{"taxonomy":"product_tag","embeddable":true,"href":"https:\/\/kengmingcn.com\/de_de\/wp-json\/wp\/v2\/product_tag?post=49676"}],"curies":[{"name":"wp","href":"https:\/\/api.w.org\/{rel}","templated":true}]}}